{"id":2203,"date":"2016-08-22T09:48:51","date_gmt":"2016-08-22T06:48:51","guid":{"rendered":"https:\/\/muraste.ee\/vana\/?page_id=2203"},"modified":"2016-08-22T09:48:51","modified_gmt":"2016-08-22T06:48:51","slug":"nadal-33","status":"publish","type":"page","link":"https:\/\/muraste.ee\/vana\/?page_id=2203","title":{"rendered":"N\u00e4dal 33"},"content":{"rendered":"<p>&nbsp;<\/p>\n<table width=\"100%\">\n<tbody>\n<tr>\n<td>\n<table style=\"height: 2236px;\" width=\"545\">\n<tbody>\n<tr>\n<td>\n<table width=\"100%\">\n<tbody>\n<tr>\n<td>\n<table width=\"100%\">\n<tbody>\n<tr>\n<td><\/td>\n<\/tr>\n<\/tbody>\n<\/table>\n<\/td>\n<\/tr>\n<\/tbody>\n<\/table>\n<\/td>\n<\/tr>\n<tr>\n<td>\n<table width=\"100%\">\n<tbody>\n<tr>\n<td>\n<table width=\"100%\">\n<tbody>\n<tr>\n<td>\n<h2><strong>S U V I \u00a02 0 1 6 \u00a0 M U R A S T E S \u00a0 ehk n\u00e4dal\u00a033<\/strong><\/h2>\n<p><strong>Teisip\u00e4eval, \u00a016. augustil<\/strong><br \/>\nkell 18.30 AT toimub\u00a0<strong>Muraste tee 3, 5, 7 ja 7a kortermajade koosolek<\/strong>\u00a0Muraste koolimaja aatriumis. Korraldab O\u00dc Strantum.<\/p>\n<p>* N\u00e4dala infokiri koos v\u00f5imalike t\u00e4iendustega on ajakohasena leitav\u00a0<strong><a href=\"http:\/\/%20%20http\/\/muraste.ee\/vana\/?page_id=945\" data-saferedirecturl=\"https:\/\/www.google.com\/url?hl=et&amp;q=http:\/\/muraste.us10.list-manage.com\/track\/click?u%3Dd5ab2f2126e69ea10592e337e%26id%3Da284203dce%26e%3D3e34d0b1fa&amp;source=gmail&amp;ust=1470736355612000&amp;usg=AFQjCNFRUWSz5Ox43Z7vb6I8xwSw_Qfz4A\">siin:<\/a><\/strong><\/p>\n<p><strong>Huviringide juhid, treenerid, juhendajad!<\/strong>\u00a0Uue tegevushooaja parimaks korraldamiseks\u00a0andke palun teada oma soovid aegade ja ruumide osas\u00a0Muraste koolimajas \/ kogukonnakeskuses\/- spordihoones\u00a022. augustiks. Oodatud on ka ettepanekud erinevate tegevuste k\u00e4ivitamiseks. Omalt poolt p\u00fc\u00fcame v\u00f5imalikult paljud soovid t\u00e4ita! Rohkem infot Muraste kogukonnakeskusest.<\/p>\n<p><strong>TULEKUL:<\/strong><\/p>\n<p><strong>20. augustil<\/strong>\u00a0kutsub\u00a0Muraste Liikumisklubi \u00a0k\u00f5iki spordi- ja liikumiseharrastajaid\u00a0<strong><a href=\"https:\/\/muraste.ee\/vana\/?p=2148\">Meresjooksule<\/a><\/strong>!\u00a0Jalga meres ja liival jooksuks sobilik jalan\u00f5u. V\u00f5ta kaasa pere, s\u00f5ber ja naaber ning hea tuju sest t\u00f5sise spordiga palju pistmist ei ole. Registreeri osalemine palun liikumisklubi@muraste.ee<br \/>\nFiskult privet! Lihtsalt liikuma!<\/p>\n<p><strong>&#8211; 27. augustil<\/strong>\u00a0kutsub Alasniidu Selts k\u00f5iki\u00a0<strong><a href=\"https:\/\/muraste.ee\/vana\/?p=2140\">meeleolukale perep\u00e4evale!<\/a><\/strong>\u00a0L\u00e4hme s\u00f5pradele k\u00fclla!<\/p>\n<p>&#8211; JK Tabasalu alustab<strong>\u00a0<a href=\"https:\/\/muraste.ee\/vana\/?p=2153\">jalgpallitreeningutega Murastes, Pangapealse lasteaias<\/a><\/strong>.\u00a0Kliki ja loe rohkem!<\/p>\n<p>&#8211; 19. &#8211; 21. augustil toimub Tabasalus\u00a0<strong><a href=\"http:\/\/www.jalgpallifestival.ee\/\">Jalgpallifestival<\/a>.\u00a0<\/strong>Festivali meelelahutusprogramm kolmel p\u00e4eval: osavusm\u00e4ngud pealtvaatajatele, osavusm\u00e4ngud jalkalastele, \u00fcllatusesinejad, suurep\u00e4rased auhinnad, lastele toitlustus, vanematele on avatud kiosk,\u00a0Rademari\u00a0koolivarustuse m\u00fc\u00fck jne. Loe sisaks ka\u00a0<a href=\"http:\/\/us7.campaign-archive1.com\/?u=07b1206e74ddcbba0094d7b49&amp;id=a72080c499\">uudiskirja<\/a>!<\/p>\n<p>Tulemas on kaks v\u00e4ga head ja vajalikku koolitusprogrammi:\u00a0<strong><a href=\"https:\/\/muraste.ee\/vana\/?p=2125\">Kuidas hoida head<\/a>?<\/strong>\u00a0ja\u00a0<strong><a href=\"https:\/\/muraste.ee\/vana\/?p=2130\">Minu suhe on minu k\u00e4tes<\/a>.<\/strong><\/p>\n<p><strong>Teisip\u00e4evad on Murastes taas tantsup\u00e4evad!<\/strong><br \/>\nkl 19.45-21.00 AT, alates 23.august\u00a0<strong>Seltskonnatantsude harjutustund<\/strong>\u00a0-v\u00f5imalus \u00f5pitut kinnistada ja toredas seltskonnas jalga keerutada. Osalus 5 \u20ac\/in<br \/>\nkl 18.30-19.45 AT,<strong>\u00a0UUS!\u00a0<\/strong>6. september \u2013 25. oktoober \u2013\u00a0<strong>Seltskonnatantsu J\u00c4TKUkursus<\/strong>\u00a0II tase. Vt lisatud kuulutust!<br \/>\nkl 18.30-19.45 AT,\u00a0<strong>UUS!\u00a0<\/strong>1. november \u2013 20. detsember \u2013\u00a0<strong>Seltskonnatantsu ALGkursus<\/strong>, Vt lisatud kuulutust!<\/p>\n<p>&nbsp;<br \/>\n<strong>H\u00d5IKED!<\/strong><\/p>\n<p><strong>Matemaatikahuviline noormees (7 klass) otsib Muraste-Suurupi kandist \u00f5petajat, kellega t\u00e4iendavalt numbrimaailma saladusi avastada. Rohkem infot muraste@muraste.ee.<\/strong><\/p>\n<p>&nbsp;<\/p>\n<p><strong>Teadmiseks:\u00a0<\/strong>Muraste igan\u00e4dalase e-infokirjaga liitumiseks saada sellekohane teade muraste@muraste.ee<\/p>\n<p><strong>Muraste kogukonnakeskus<\/strong>\u00a0(Lee tee 9, Muraste) avatud E-N 10-18, R 10-16.<br \/>\nT\u00e4psustused ja info: kogukonnakeskus@muraste.ee; 5253128 (Aule Kikas).<\/p>\n<p><strong>\u00a0 <\/strong><\/td>\n<\/tr>\n<\/tbody>\n<\/table>\n<\/td>\n<\/tr>\n<\/tbody>\n<\/table>\n<\/td>\n<\/tr>\n<tr>\n<td>\n<table width=\"100%\">\n<tbody>\n<tr>\n<td>\n<table width=\"100%\">\n<tbody>\n<tr>\n<td>\n<table width=\"100%\">\n<tbody>\n<tr>\n<td>\n<table>\n<tbody>\n<tr>\n<td>\n<table>\n<tbody>\n<tr>\n<td>\n<table width=\"100%\">\n<tbody>\n<tr>\n<td>\n<table width=\"\">\n<tbody>\n<tr>\n<td width=\"24\"><\/td>\n<\/tr>\n<\/tbody>\n<\/table>\n<\/td>\n<\/tr>\n<\/tbody>\n<\/table>\n<\/td>\n<\/tr>\n<\/tbody>\n<\/table>\n<table>\n<tbody>\n<tr>\n<td>\n<table width=\"100%\">\n<tbody>\n<tr>\n<td>\n<table width=\"\">\n<tbody>\n<tr>\n<td width=\"24\"><\/td>\n<\/tr>\n<\/tbody>\n<\/table>\n<\/td>\n<\/tr>\n<\/tbody>\n<\/table>\n<\/td>\n<\/tr>\n<\/tbody>\n<\/table>\n<\/td>\n<\/tr>\n<\/tbody>\n<\/table>\n<\/td>\n<\/tr>\n<\/tbody>\n<\/table>\n<\/td>\n<\/tr>\n<\/tbody>\n<\/table>\n<\/td>\n<\/tr>\n<\/tbody>\n<\/table>\n<table width=\"100%\">\n<tbody>\n<tr>\n<td>\n<table width=\"100%\">\n<tbody>\n<tr>\n<td><\/td>\n<\/tr>\n<\/tbody>\n<\/table>\n<\/td>\n<\/tr>\n<\/tbody>\n<\/table>\n<table width=\"100%\">\n<tbody>\n<tr>\n<td>\n<table width=\"100%\">\n<tbody>\n<tr>\n<td>Muraste K\u00fclaselts MT\u00dc<\/p>\n<p><strong>Vaata lisaks:<\/strong><br \/>\n<a href=\"https:\/\/muraste.ee\/vana\/\">www.muraste.ee<\/a><\/p>\n<p>Saatsime sulle selle e-maili, kuna sa oled avaldanud soovi saada infot<br \/>\nMuraste K\u00fclaseltsi tegemiste kohta.<\/p>\n<p>Juhul, kui sa ei soovi enam seda kirja saada, siis on sul v\u00f5imalik\u00a0<a href=\"http:\/\/muraste.us10.list-manage2.com\/unsubscribe?u=d5ab2f2126e69ea10592e337e&amp;id=30ef2fae66&amp;e=5b038daa88&amp;c=986c6935ba\">m<\/a><a href=\"http:\/\/muraste.us10.list-manage2.com\/unsubscribe?u=d5ab2f2126e69ea10592e337e&amp;id=30ef2fae66&amp;e=5b038daa88&amp;c=986c6935ba\">aililistist lahkuda<\/a>.<\/td>\n<\/tr>\n<\/tbody>\n<\/table>\n<\/td>\n<\/tr>\n<\/tbody>\n<\/table>\n<\/td>\n<\/tr>\n<\/tbody>\n<\/table>\n<\/td>\n<\/tr>\n<\/tbody>\n<\/table>\n<p><a href=\"http:\/\/us10.campaign-archive2.com\/?u=d5ab2f2126e69ea10592e337e&amp;id=986c6935ba&amp;e=5b038daa88#\">Close<\/a><\/p>\n","protected":false},"excerpt":{"rendered":"<p>&nbsp; S U V I \u00a02 0 1 6 \u00a0 M U R A S T E S \u00a0 ehk n\u00e4dal\u00a033 Teisip\u00e4eval, \u00a016. augustil kell 18.30 AT toimub\u00a0Muraste tee 3, 5, 7 ja 7a kortermajade koosolek\u00a0Muraste koolimaja aatriumis. Korraldab O\u00dc Strantum. * N\u00e4dala infokiri koos v\u00f5imalike t\u00e4iendustega on ajakohasena leitav\u00a0siin: Huviringide juhid, treenerid, juhendajad!\u00a0Uue tegevushooaja<a class=\"moretag\" href=\"https:\/\/muraste.ee\/vana\/?page_id=2203\"><br \/>&#8230;Loe edasi<\/a><\/p>\n","protected":false},"author":2,"featured_media":0,"parent":0,"menu_order":0,"comment_status":"closed","ping_status":"closed","template":"nadalakava.php","meta":{"_bbp_topic_count":0,"_bbp_reply_count":0,"_bbp_total_topic_count":0,"_bbp_total_reply_count":0,"_bbp_voice_count":0,"_bbp_anonymous_reply_count":0,"_bbp_topic_count_hidden":0,"_bbp_reply_count_hidden":0,"_bbp_forum_subforum_count":0,"_mc_calendar":[]},"_links":{"self":[{"href":"https:\/\/muraste.ee\/vana\/index.php?rest_route=\/wp\/v2\/pages\/2203"}],"collection":[{"href":"https:\/\/muraste.ee\/vana\/index.php?rest_route=\/wp\/v2\/pages"}],"about":[{"href":"https:\/\/muraste.ee\/vana\/index.php?rest_route=\/wp\/v2\/types\/page"}],"author":[{"embeddable":true,"href":"https:\/\/muraste.ee\/vana\/index.php?rest_route=\/wp\/v2\/users\/2"}],"replies":[{"embeddable":true,"href":"https:\/\/muraste.ee\/vana\/index.php?rest_route=%2Fwp%2Fv2%2Fcomments&post=2203"}],"version-history":[{"count":1,"href":"https:\/\/muraste.ee\/vana\/index.php?rest_route=\/wp\/v2\/pages\/2203\/revisions"}],"predecessor-version":[{"id":2205,"href":"https:\/\/muraste.ee\/vana\/index.php?rest_route=\/wp\/v2\/pages\/2203\/revisions\/2205"}],"wp:attachment":[{"href":"https:\/\/muraste.ee\/vana\/index.php?rest_route=%2Fwp%2Fv2%2Fmedia&parent=2203"}],"curies":[{"name":"wp","href":"https:\/\/api.w.org\/{rel}","templated":true}]}}