{"id":2235,"date":"2016-08-29T10:33:35","date_gmt":"2016-08-29T07:33:35","guid":{"rendered":"https:\/\/muraste.ee\/vana\/?page_id=2235"},"modified":"2016-08-29T10:33:35","modified_gmt":"2016-08-29T07:33:35","slug":"nadal-34","status":"publish","type":"page","link":"https:\/\/muraste.ee\/vana\/?page_id=2235","title":{"rendered":"N\u00e4dal 34"},"content":{"rendered":"<h2 style=\"text-align: center;\"><span style=\"color: #0000ff;\"><strong>S U V I \u00a02 0 1 6 \u00a0 M U R A S T E S \u00a0 ehk n\u00e4dal\u00a034<br \/>\n<\/strong><\/span><\/h2>\n<p style=\"text-align: center;\"><a href=\"https:\/\/muraste.ee\/vana\/wp-content\/uploads\/2016\/03\/14044935_1040252949428967_1676196297_o.jpg\" rel=\"attachment wp-att-2201\"><img decoding=\"async\" loading=\"lazy\" class=\"alignnone size-thumbnail wp-image-2201\" src=\"https:\/\/muraste.ee\/vana\/wp-content\/uploads\/2016\/03\/14044935_1040252949428967_1676196297_o-150x150.jpg\" alt=\"14044935_1040252949428967_1676196297_o\" width=\"150\" height=\"150\" \/><\/a><\/p>\n<p><span style=\"color: #0000ff;\"><strong>Esmasp\u00e4eval, \u00a022. augustil<br \/>\n<\/strong><span style=\"color: #000000;\">kl 17.30\u00a0\u00a0KO kandleansambel LiULi koosolek<\/span><\/span><\/p>\n<p><span style=\"color: #0000ff;\"><strong>Teisip\u00e4eval, \u00a023. augustil<\/strong><\/span><br \/>\nkl 18 KO <strong>inglise keele kursus<\/strong> (grupp komplekteeritud)<br \/>\nkl 19.45-21.00 AT, <strong>Seltskonnatantsude harjutustund<\/strong> -v\u00f5imalus \u00f5pitut kinnistada ja toredas seltskonnas jalga keerutada. Osalus 5 \u20ac\/in<\/p>\n<p><span style=\"color: #0000ff;\"><strong>Kolmap\u00e4eval, 24. augustil<\/strong><\/span><br \/>\nkl 19\u00a0KO k\u00fclaseltsi juhatuse koosolek<\/p>\n<p><span style=\"color: #0000ff;\"><strong>Huviringide juhid, treenerid, juhendajad!<\/strong>\u00a0<\/span>Uue tegevushooaja parimaks korraldamiseks\u00a0andke palun teada oma soovid aegade ja ruumide osas\u00a0Muraste koolimajas \/ kogukonnakeskuses\/- spordihoones\u00a0esimesel v\u00f5imalusel.\u00a0Oodatud on ka ettepanekud erinevate tegevuste k\u00e4ivitamiseks. Omalt poolt p\u00fc\u00fcame v\u00f5imalikult paljud soovid t\u00e4ita! Rohkem infot Muraste kogukonnakeskusest.<\/p>\n<p><span style=\"color: #339966;\"><strong><span style=\"color: #0000ff;\">TULEKUL:<\/span><a href=\"https:\/\/muraste.ee\/vana\/wp-content\/uploads\/2016\/08\/074897223519af.jpg\" rel=\"attachment wp-att-2173\"><img decoding=\"async\" loading=\"lazy\" class=\"size-medium wp-image-2173 alignright\" src=\"https:\/\/muraste.ee\/vana\/wp-content\/uploads\/2016\/08\/074897223519af-300x225.jpg\" alt=\"074897223519af\" width=\"300\" height=\"225\" srcset=\"https:\/\/muraste.ee\/vana\/wp-content\/uploads\/2016\/08\/074897223519af-300x225.jpg 300w, https:\/\/muraste.ee\/vana\/wp-content\/uploads\/2016\/08\/074897223519af-624x468.jpg 624w, https:\/\/muraste.ee\/vana\/wp-content\/uploads\/2016\/08\/074897223519af.jpg 720w\" sizes=\"(max-width: 300px) 100vw, 300px\" \/><\/a><\/strong><\/span><\/p>\n<p><span style=\"color: #0000ff;\"><strong>7. septembril, 12. oktoobril ja 2. novembril <\/strong>o<\/span>otame k\u00f5iki koduk\u00fclast hoolivaid ja arengust huvituvaid inimesi Muraste k\u00fcla uue <span style=\"color: #0000ff;\"><strong><a style=\"color: #0000ff;\" href=\"https:\/\/muraste.ee\/vana\/?p=2171\" target=\"_blank\">arengukava loomisele<\/a><\/strong><\/span>. Pange juba varakult \u201elukku\u201c m\u00f5ned kuup\u00e4evad ja kellaajad ning valige v\u00e4lja teid huvitavad teemavaldkonnad t\u00f6\u00f6gruppides osalemiseks.<\/p>\n<p><span style=\"color: #0000ff;\"><strong>27. augustil<\/strong> <\/span>kutsub Alasniidu Selts k\u00f5iki\u00a0<span style=\"color: #0000ff;\"><strong><a style=\"color: #0000ff;\" href=\"https:\/\/muraste.ee\/vana\/?p=2140\" target=\"_blank\">meeleolukale perep\u00e4evale!<\/a><\/strong>\u00a0<\/span>L\u00e4hme s\u00f5pradele k\u00fclla!<\/p>\n<p>JK Tabasalu alustab<span style=\"color: #0000ff;\"><strong> <a style=\"color: #0000ff;\" href=\"https:\/\/muraste.ee\/vana\/?p=2153\" target=\"_blank\">jalgpallitreeningutega Murastes, Pangapealse lasteaias<\/a><\/strong>.<\/span> Kliki ja loe rohkem!<\/p>\n<p><span style=\"color: #0000ff;\"><strong>Filmihuvilised!<\/strong>\u00a0<\/span>P\u00f5nev filmihooaeg Murastes on algamas: reedel, 2. septembril on ekraanil esmakordselt v\u00e4lismaine uus koguperefilm <span style=\"color: #0000ff;\"><strong>&#8220;\u00d5petaja Konn&#8221;<\/strong><\/span> ning neljap\u00e4eval, 15. septembril uus Eesti m\u00e4ngufilm <span style=\"color: #0000ff;\"><strong>&#8220;Suvi Ameerikas&#8221;<\/strong><\/span>! Filmi\u00f5htud algavad kell 19.\u00a0Pilet 4.- t\u00e4iskasvanud\/2.50 \u00f5pilased<\/p>\n<p><a href=\"https:\/\/muraste.ee\/vana\/wp-content\/uploads\/2016\/03\/Estinfilm_Opetaja-Konn_Plakat.jpg\" rel=\"attachment wp-att-2163\"><img decoding=\"async\" loading=\"lazy\" class=\"alignnone size-medium wp-image-2163\" src=\"https:\/\/muraste.ee\/vana\/wp-content\/uploads\/2016\/03\/Estinfilm_Opetaja-Konn_Plakat-200x300.jpg\" alt=\"Estinfilm_Opetaja-Konn_Plakat\" width=\"200\" height=\"300\" srcset=\"https:\/\/muraste.ee\/vana\/wp-content\/uploads\/2016\/03\/Estinfilm_Opetaja-Konn_Plakat-200x300.jpg 200w, https:\/\/muraste.ee\/vana\/wp-content\/uploads\/2016\/03\/Estinfilm_Opetaja-Konn_Plakat.jpg 320w\" sizes=\"(max-width: 200px) 100vw, 200px\" \/><\/a>\u00a0\u00a0<a href=\"https:\/\/muraste.ee\/vana\/wp-content\/uploads\/2016\/03\/Ameerika_suvi_plakat-1.jpg\" rel=\"attachment wp-att-2164\"><img decoding=\"async\" loading=\"lazy\" class=\"alignnone size-medium wp-image-2164\" src=\"https:\/\/muraste.ee\/vana\/wp-content\/uploads\/2016\/03\/Ameerika_suvi_plakat-1-212x300.jpg\" alt=\"Ameerika_suvi_plakat-1\" width=\"212\" height=\"300\" srcset=\"https:\/\/muraste.ee\/vana\/wp-content\/uploads\/2016\/03\/Ameerika_suvi_plakat-1-212x300.jpg 212w, https:\/\/muraste.ee\/vana\/wp-content\/uploads\/2016\/03\/Ameerika_suvi_plakat-1-768x1086.jpg 768w, https:\/\/muraste.ee\/vana\/wp-content\/uploads\/2016\/03\/Ameerika_suvi_plakat-1-724x1024.jpg 724w, https:\/\/muraste.ee\/vana\/wp-content\/uploads\/2016\/03\/Ameerika_suvi_plakat-1-624x882.jpg 624w, https:\/\/muraste.ee\/vana\/wp-content\/uploads\/2016\/03\/Ameerika_suvi_plakat-1.jpg 849w\" sizes=\"(max-width: 212px) 100vw, 212px\" \/><\/a><\/p>\n<p>Tulemas on kaks v\u00e4ga head ja vajalikku koolitusprogrammi: <span style=\"color: #0000ff;\"><strong><a style=\"color: #0000ff;\" href=\"https:\/\/muraste.ee\/vana\/?p=2125\" target=\"_blank\">Kuidas hoida head<\/a>?<\/strong><\/span> ja <span style=\"color: #0000ff;\"><strong><a style=\"color: #0000ff;\" href=\"https:\/\/muraste.ee\/vana\/?p=2130\" target=\"_blank\">Minu suhe on minu k\u00e4tes<\/a>.<\/strong><\/span><span style=\"color: #000000;\">\u00a0Kliki ja loe lisa!<\/span><\/p>\n<p><span style=\"color: #ff9900;\"><strong>Maiasmokad!<\/strong><\/span> See teade on teile!<\/p>\n<p><a href=\"https:\/\/muraste.ee\/vana\/wp-content\/uploads\/2016\/03\/mesi-2016-muraste.jpg\" rel=\"attachment wp-att-2213\"><img decoding=\"async\" loading=\"lazy\" class=\"alignnone size-full wp-image-2213\" src=\"https:\/\/muraste.ee\/vana\/wp-content\/uploads\/2016\/03\/mesi-2016-muraste.jpg\" alt=\"mesi 2016 muraste\" width=\"643\" height=\"427\" srcset=\"https:\/\/muraste.ee\/vana\/wp-content\/uploads\/2016\/03\/mesi-2016-muraste.jpg 643w, https:\/\/muraste.ee\/vana\/wp-content\/uploads\/2016\/03\/mesi-2016-muraste-300x199.jpg 300w, https:\/\/muraste.ee\/vana\/wp-content\/uploads\/2016\/03\/mesi-2016-muraste-624x414.jpg 624w\" sizes=\"(max-width: 643px) 100vw, 643px\" \/><\/a><\/p>\n<p><span style=\"color: #0000ff;\"><strong>Teisip\u00e4evad on Murastes taas tantsup\u00e4evad!<\/strong><\/span><br \/>\nkl 19.45-21.00 AT, alates 23.august <strong>Seltskonnatantsude harjutustund<\/strong> -v\u00f5imalus \u00f5pitut kinnistada ja toredas seltskonnas jalga keerutada. Osalus 5 \u20ac\/in<br \/>\nkl 18.30-19.45 AT,<strong> <span style=\"color: #ff0000;\">UUS!<\/span> <\/strong>6. september \u2013 25. oktoober \u2013 <strong>Seltskonnatantsu J\u00c4TKUkursus<\/strong> II tase. Vt lisatud kuulutust!<br \/>\nkl 18.30-19.45 AT, <strong><span style=\"color: #ff0000;\">UUS! <\/span><\/strong>1. november \u2013 20. detsember \u2013 <strong>Seltskonnatantsu ALGkursus<\/strong>, Vt lisatud kuulutust!<\/p>\n<p><a href=\"https:\/\/muraste.ee\/vana\/wp-content\/uploads\/2016\/03\/revalia_muraste_august2016_2.jpg\" rel=\"attachment wp-att-2116\"><img decoding=\"async\" loading=\"lazy\" class=\"alignnone size-large wp-image-2116\" src=\"https:\/\/muraste.ee\/vana\/wp-content\/uploads\/2016\/03\/revalia_muraste_august2016_2-482x1024.jpg\" alt=\"revalia_muraste_august2016_2\" width=\"482\" height=\"1024\" srcset=\"https:\/\/muraste.ee\/vana\/wp-content\/uploads\/2016\/03\/revalia_muraste_august2016_2-482x1024.jpg 482w, https:\/\/muraste.ee\/vana\/wp-content\/uploads\/2016\/03\/revalia_muraste_august2016_2-141x300.jpg 141w, https:\/\/muraste.ee\/vana\/wp-content\/uploads\/2016\/03\/revalia_muraste_august2016_2-624x1325.jpg 624w, https:\/\/muraste.ee\/vana\/wp-content\/uploads\/2016\/03\/revalia_muraste_august2016_2.jpg 701w\" sizes=\"(max-width: 482px) 100vw, 482px\" \/><\/a><\/p>\n<p><a href=\"https:\/\/muraste.ee\/vana\/wp-content\/uploads\/2016\/03\/revalia_muraste_august2016_1.jpg\" rel=\"attachment wp-att-2117\"><img decoding=\"async\" loading=\"lazy\" class=\"alignnone size-large wp-image-2117\" src=\"https:\/\/muraste.ee\/vana\/wp-content\/uploads\/2016\/03\/revalia_muraste_august2016_1-482x1024.jpg\" alt=\"revalia_muraste_august2016_1\" width=\"482\" height=\"1024\" srcset=\"https:\/\/muraste.ee\/vana\/wp-content\/uploads\/2016\/03\/revalia_muraste_august2016_1-482x1024.jpg 482w, https:\/\/muraste.ee\/vana\/wp-content\/uploads\/2016\/03\/revalia_muraste_august2016_1-141x300.jpg 141w, https:\/\/muraste.ee\/vana\/wp-content\/uploads\/2016\/03\/revalia_muraste_august2016_1-624x1325.jpg 624w, https:\/\/muraste.ee\/vana\/wp-content\/uploads\/2016\/03\/revalia_muraste_august2016_1.jpg 701w\" sizes=\"(max-width: 482px) 100vw, 482px\" \/><\/a><\/p>\n<p><span style=\"color: #808000;\"><span style=\"color: #ff6600;\"><strong>H\u00f5iked!<\/strong><\/span><strong><br \/>\n<\/strong><\/span><\/p>\n<p><strong><a href=\"https:\/\/muraste.ee\/vana\/wp-content\/uploads\/2016\/03\/mate.png\" rel=\"attachment wp-att-2101\"><img decoding=\"async\" loading=\"lazy\" class=\"size-thumbnail wp-image-2101 alignright\" src=\"https:\/\/muraste.ee\/vana\/wp-content\/uploads\/2016\/03\/mate-150x150.png\" alt=\"mate\" width=\"150\" height=\"150\" \/><\/a><\/strong><\/p>\n<p><strong><span style=\"color: #800000;\">Matemaatikahuviline noormees (7 klass) otsib Muraste-Suurupi kandist \u00f5petajat, kellega t\u00e4iendavalt numbrimaailma saladusi avastada. Rohkem infot muraste@muraste.ee.<\/span><\/strong><\/p>\n<p><span style=\"color: #0000ff;\"><strong>Perenaised!<\/strong><\/span> Hea v\u00f5imalus: tellige k\u00f6\u00f6giviljad koju! Uuri v\u00f5imalusi <strong><span style=\"color: #ff0000;\"><a style=\"color: #ff0000;\" href=\"https:\/\/muraste.ee\/vana\/?p=1997\" target=\"_blank\">siin<\/a><\/span><\/strong>!<\/p>\n<p><strong>Teadmiseks: <\/strong>Muraste igan\u00e4dalase e-infokirjaga liitumiseks saada sellekohane teade muraste@muraste.ee<\/p>\n<p style=\"text-align: left;\"><strong>Muraste kogukonnakeskus<\/strong><span style=\"color: #ff9900;\"> <span style=\"color: #000000;\">(<\/span><\/span>Lee tee 9, Muraste) avatud E-N 10-18, R 10-16.<br \/>\nT\u00e4psustused ja info: kogukonnakeskus@muraste.ee; 5253128 (Aule Kikas).<\/p>\n","protected":false},"excerpt":{"rendered":"<p>S U V I \u00a02 0 1 6 \u00a0 M U R A S T E S \u00a0 ehk n\u00e4dal\u00a034 Esmasp\u00e4eval, \u00a022. augustil kl 17.30\u00a0\u00a0KO kandleansambel LiULi koosolek Teisip\u00e4eval, \u00a023. augustil kl 18 KO inglise keele kursus (grupp komplekteeritud) kl 19.45-21.00 AT, Seltskonnatantsude harjutustund -v\u00f5imalus \u00f5pitut kinnistada ja toredas seltskonnas jalga keerutada. Osalus 5 \u20ac\/in<a class=\"moretag\" href=\"https:\/\/muraste.ee\/vana\/?page_id=2235\"><br \/>&#8230;Loe edasi<\/a><\/p>\n","protected":false},"author":2,"featured_media":0,"parent":0,"menu_order":0,"comment_status":"closed","ping_status":"closed","template":"nadalakava.php","meta":{"_bbp_topic_count":0,"_bbp_reply_count":0,"_bbp_total_topic_count":0,"_bbp_total_reply_count":0,"_bbp_voice_count":0,"_bbp_anonymous_reply_count":0,"_bbp_topic_count_hidden":0,"_bbp_reply_count_hidden":0,"_bbp_forum_subforum_count":0,"_mc_calendar":[]},"_links":{"self":[{"href":"https:\/\/muraste.ee\/vana\/index.php?rest_route=\/wp\/v2\/pages\/2235"}],"collection":[{"href":"https:\/\/muraste.ee\/vana\/index.php?rest_route=\/wp\/v2\/pages"}],"about":[{"href":"https:\/\/muraste.ee\/vana\/index.php?rest_route=\/wp\/v2\/types\/page"}],"author":[{"embeddable":true,"href":"https:\/\/muraste.ee\/vana\/index.php?rest_route=\/wp\/v2\/users\/2"}],"replies":[{"embeddable":true,"href":"https:\/\/muraste.ee\/vana\/index.php?rest_route=%2Fwp%2Fv2%2Fcomments&post=2235"}],"version-history":[{"count":1,"href":"https:\/\/muraste.ee\/vana\/index.php?rest_route=\/wp\/v2\/pages\/2235\/revisions"}],"predecessor-version":[{"id":2237,"href":"https:\/\/muraste.ee\/vana\/index.php?rest_route=\/wp\/v2\/pages\/2235\/revisions\/2237"}],"wp:attachment":[{"href":"https:\/\/muraste.ee\/vana\/index.php?rest_route=%2Fwp%2Fv2%2Fmedia&parent=2235"}],"curies":[{"name":"wp","href":"https:\/\/api.w.org\/{rel}","templated":true}]}}