{"id":2281,"date":"2016-09-05T10:56:23","date_gmt":"2016-09-05T07:56:23","guid":{"rendered":"https:\/\/muraste.ee\/vana\/?page_id=2281"},"modified":"2016-09-05T10:56:35","modified_gmt":"2016-09-05T07:56:35","slug":"2281-2","status":"publish","type":"page","link":"https:\/\/muraste.ee\/vana\/?page_id=2281","title":{"rendered":"N\u00e4dal 35"},"content":{"rendered":"<h2><strong>S U V I \u00a02 0 1 6 \u00a0 M U R A S T E S \u00a0 ehk n\u00e4dal\u00a035<br \/>\n<\/strong><\/h2>\n<h6><em>* AT- koolimaja aatrium, SP- spordihoone; KO-kogukonnakeskuse ruum; KL- klassiruum<\/em><\/h6>\n<p><a href=\"https:\/\/muraste.ee\/vana\/wp-content\/uploads\/2016\/03\/14163911_1269730906379198_603962137_o.jpg\" rel=\"attachment wp-att-2239\"><img decoding=\"async\" loading=\"lazy\" class=\"alignnone size-medium wp-image-2239\" src=\"https:\/\/muraste.ee\/vana\/wp-content\/uploads\/2016\/03\/14163911_1269730906379198_603962137_o-300x169.jpg\" sizes=\"(max-width: 300px) 100vw, 300px\" srcset=\"https:\/\/muraste.ee\/vana\/wp-content\/uploads\/2016\/03\/14163911_1269730906379198_603962137_o-300x169.jpg 300w, https:\/\/muraste.ee\/vana\/wp-content\/uploads\/2016\/03\/14163911_1269730906379198_603962137_o-768x432.jpg 768w, https:\/\/muraste.ee\/vana\/wp-content\/uploads\/2016\/03\/14163911_1269730906379198_603962137_o-1024x576.jpg 1024w, https:\/\/muraste.ee\/vana\/wp-content\/uploads\/2016\/03\/14163911_1269730906379198_603962137_o-624x351.jpg 624w, https:\/\/muraste.ee\/vana\/wp-content\/uploads\/2016\/03\/14163911_1269730906379198_603962137_o-128x72.jpg 128w, https:\/\/muraste.ee\/vana\/wp-content\/uploads\/2016\/03\/14163911_1269730906379198_603962137_o.jpg 1280w\" alt=\"14163911_1269730906379198_603962137_o\" width=\"300\" height=\"169\" \/><\/a><\/p>\n<p><strong>Teisip\u00e4eval, \u00a030. augustil<\/strong><br \/>\n<strong><img decoding=\"async\" loading=\"lazy\" class=\"size-medium wp-image-2163 alignright\" src=\"https:\/\/muraste.ee\/vana\/wp-content\/uploads\/2016\/03\/Estinfilm_Opetaja-Konn_Plakat-200x300.jpg\" sizes=\"(max-width: 200px) 100vw, 200px\" srcset=\"https:\/\/muraste.ee\/vana\/wp-content\/uploads\/2016\/03\/Estinfilm_Opetaja-Konn_Plakat-200x300.jpg 200w, https:\/\/muraste.ee\/vana\/wp-content\/uploads\/2016\/03\/Estinfilm_Opetaja-Konn_Plakat.jpg 320w\" alt=\"Estinfilm_Opetaja-Konn_Plakat\" width=\"200\" height=\"300\" \/><\/strong>kl 18 KO <strong>inglise keele kursus<\/strong><br \/>\nkl 19-20.30 SP <strong>v\u00f5rkpall<\/strong><br \/>\nkl 19.45-21.00 AT <strong>Seltskonnatantsude harjutustund<\/strong> -v\u00f5imalus \u00f5pitut kinnistada ja toredas seltskonnas jalga keerutada. Osalus 5 \u20ac\/in<\/p>\n<p><strong>Neljap\u00e4ev, \u00a01. septembril<\/strong><br \/>\n<em><strong>Head uut \u00f5ppeaastat, k\u00f5ik \u00f5ppijad ja \u00f5petajad!<\/strong><\/em><\/p>\n<p><strong>Reedel, \u00a02. septembril<\/strong><br \/>\nkl 19 AT Muraste kodune <strong>filmi\u00f5htu: \u00d5petaja Konn.\u00a0<\/strong>P\u00f5nev filmihooaeg Murastes on algamas \u2013 ekraanil on esmakordselt v\u00e4lismaine uus koguperefilm.\u00a0Eriti vahvaks meie k\u00fcla jaoks teeb selle filmi aga teadmine, et \u00fchele tegelasele, Wouterile (vt plakatil olev poiss), on oma h\u00e4\u00e4le andnud meie oma k\u00fcla poiss, Muraste kooli 4. klassi noormees Thor Tobias Lepp!<br \/>\nElame kaasa ja r\u00f5\u00f5mustame koos<br \/>\nPilet 4.- t\u00e4iskasvanud\/ 2.50 \u00f5pilased!<br \/>\nTaas t\u00f6\u00f6tab temaatiline Rannikupidude kohvik!<br \/>\nLink filmi\u00f5htule on <strong><a href=\"https:\/\/www.facebook.com\/events\/668065700036104\/\" target=\"_blank\">siin<\/a><\/strong>\u00a0 ja link filmi tutvustavale treilerile <strong><a href=\"https:\/\/www.youtube.com\/watch?v=GqOnWOvn87M\" target=\"_blank\">siin<\/a><\/strong><\/p>\n<p><strong>ABIPALVE!<\/strong><br \/>\nN\u00e4dalavahetusel oli naaberk\u00fclas V\u00e4\u00e4na-J\u00f5esuus \u00fcht kodu k\u00fclastamas Punane Kukk, kes oma retke tulemusel j\u00e4ttis seal elavatele peredele p\u00fcsti vaid kaks korstnat. Et peredel j\u00e4i t\u00f5esti k\u00f5ik eluks vajalik (sh dokumendid jne) majja, siis palume h\u00e4id inimesi ulatada abik\u00e4si. Hetkel oleks v\u00e4ga vaja \u00a0s\u00fcgis- ja taveriided, samuti igap\u00e4evased riideid t\u00fctarlapsele 104 cm, jalg 25-26; pereemale suurus M-L, jalg 36-37 ja vanaemale 38-39, suurus L-XL). <a href=\"https:\/\/muraste.ee\/vana\/wp-content\/uploads\/2016\/03\/vaana-joesuu-poleng-tulekahju-75462033.jpg\" rel=\"attachment wp-att-2244\"><img decoding=\"async\" loading=\"lazy\" class=\"size-medium wp-image-2244 alignright\" src=\"https:\/\/muraste.ee\/vana\/wp-content\/uploads\/2016\/03\/vaana-joesuu-poleng-tulekahju-75462033-300x169.jpg\" sizes=\"(max-width: 300px) 100vw, 300px\" srcset=\"https:\/\/muraste.ee\/vana\/wp-content\/uploads\/2016\/03\/vaana-joesuu-poleng-tulekahju-75462033-300x169.jpg 300w, https:\/\/muraste.ee\/vana\/wp-content\/uploads\/2016\/03\/vaana-joesuu-poleng-tulekahju-75462033-768x432.jpg 768w, https:\/\/muraste.ee\/vana\/wp-content\/uploads\/2016\/03\/vaana-joesuu-poleng-tulekahju-75462033-624x351.jpg 624w, https:\/\/muraste.ee\/vana\/wp-content\/uploads\/2016\/03\/vaana-joesuu-poleng-tulekahju-75462033-128x72.jpg 128w, https:\/\/muraste.ee\/vana\/wp-content\/uploads\/2016\/03\/vaana-joesuu-poleng-tulekahju-75462033.jpg 900w\" alt=\"vaana-joesuu-poleng-tulekahju-75462033\" width=\"300\" height=\"169\" \/><\/a><br \/>\nAnnetatavad asjad v\u00f5ib viia V\u00e4\u00e4na-Viti Kodusse v\u00f5i tuua Muraste kogukonnakeskusesse.<\/p>\n<p>T\u00e4iendus: Toetust saab kanda ka kontole Ants Klaar EE031010022003573007<\/p>\n<p>T\u00e4psustusi saab telefonil 56827204 Kersti (V\u00e4\u00e4na-Viti Kodu) v\u00f5i 5253128 Aule (Muraste kogukonnakeskus).<\/p>\n<p><strong>N\u00c4ITUSED:<\/strong><br \/>\nMuraste koolimajas on\u00a0alates 1. septembrist vaatamiseks <strong>kaks\u00a0n\u00e4itust<\/strong>:<a href=\"https:\/\/muraste.ee\/vana\/wp-content\/uploads\/2016\/03\/14139389_1269783866373902_998414477_o.jpg\" rel=\"attachment wp-att-2241\"><img decoding=\"async\" loading=\"lazy\" class=\"size-medium wp-image-2241 alignright\" src=\"https:\/\/muraste.ee\/vana\/wp-content\/uploads\/2016\/03\/14139389_1269783866373902_998414477_o-300x169.jpg\" sizes=\"(max-width: 300px) 100vw, 300px\" srcset=\"https:\/\/muraste.ee\/vana\/wp-content\/uploads\/2016\/03\/14139389_1269783866373902_998414477_o-300x169.jpg 300w, https:\/\/muraste.ee\/vana\/wp-content\/uploads\/2016\/03\/14139389_1269783866373902_998414477_o-768x432.jpg 768w, https:\/\/muraste.ee\/vana\/wp-content\/uploads\/2016\/03\/14139389_1269783866373902_998414477_o-1024x576.jpg 1024w, https:\/\/muraste.ee\/vana\/wp-content\/uploads\/2016\/03\/14139389_1269783866373902_998414477_o-624x351.jpg 624w, https:\/\/muraste.ee\/vana\/wp-content\/uploads\/2016\/03\/14139389_1269783866373902_998414477_o-128x72.jpg 128w, https:\/\/muraste.ee\/vana\/wp-content\/uploads\/2016\/03\/14139389_1269783866373902_998414477_o.jpg 1280w\" alt=\"14139389_1269783866373902_998414477_o\" width=\"300\" height=\"169\" \/><\/a><br \/>\nKooli s\u00f6\u00f6kla seintel on tore n\u00e4itus nimega<strong>\u201cArusaamatused\u201d<\/strong>. Kunstnik Tiiu Kitsik tutvustab n\u00e4itust nii: \u201cLaps teab, mida tahab. Veel rohkem teavad tema vanemad, mida laps peaks tahtma. Need maalid on inspireeritud lapse ja lapsevanema maailma vastuoludest, kuidas naljakal kombel meie ja \u201cp\u00e4ris\u201d maailm omavahel p\u00f5rkuvad. V\u00e4rvivaliku ja maalimist\u00f6\u00f6 autor on 1,5 aastane Lee Kitsik, lisadetailide valiku ja v\u00e4rvimise autor ema Tiiu Kitsik\u201d.<\/p>\n<p>&nbsp;<\/p>\n<p><strong>TULEKUL:<br \/>\n<\/strong><\/p>\n<p><strong>7. septembril, 12. oktoobril ja 2. novembril <\/strong>ootame k\u00f5iki koduk\u00fclast hoolivaid ja arengust huvituvaid inimesi Muraste k\u00fcla uue <strong><a href=\"https:\/\/muraste.ee\/vana\/?p=2171\" target=\"_blank\">arengukava loomisele<\/a><\/strong>. Pange juba varakult \u201elukku\u201c m\u00f5ned kuup\u00e4evad ja kellaajad ning valige v\u00e4lja teid huvitavad teemavaldkonnad t\u00f6\u00f6gruppides osalemiseks.<\/p>\n<p><strong>5. septembril<\/strong> alustab uut hooaega ka Meretule naiskoor. Lauljannad, olete palutud \u2013 Muraste koolimaja aatrium igatseb kuulata teie kauneid h\u00e4\u00e4li!<a href=\"https:\/\/muraste.ee\/vana\/wp-content\/uploads\/2016\/03\/14064189_1033895973375760_3926911481667174823_n.jpg\" rel=\"attachment wp-att-2259\"><img decoding=\"async\" loading=\"lazy\" class=\"alignnone size-full wp-image-2259\" src=\"https:\/\/muraste.ee\/vana\/wp-content\/uploads\/2016\/03\/14064189_1033895973375760_3926911481667174823_n.jpg\" sizes=\"(max-width: 664px) 100vw, 664px\" srcset=\"https:\/\/muraste.ee\/vana\/wp-content\/uploads\/2016\/03\/14064189_1033895973375760_3926911481667174823_n-624x902.jpg 624w, https:\/\/muraste.ee\/vana\/wp-content\/uploads\/2016\/03\/14064189_1033895973375760_3926911481667174823_n.jpg 664w\" alt=\"14064189_1033895973375760_3926911481667174823_n\" width=\"664\" height=\"960\" \/><\/a><\/p>\n<p><strong>14. septembril <\/strong>algusega kell 18.30 \u00a0 alustame<strong>\u00a0line-tantsu tundidega\u00a0<\/strong>koolimaja aatriumis.\u00a0 Linetantsu k\u00f5ige suuremaks plussiks on, et see ei n\u00f5ua partneri\u00a0olemasolu ega eelnevat tantsulist kogemust. Linetantsu tantsitakse v\u00e4ga\u00a0erinevate muusikastiilide j\u00e4rgi, mis annab hea v\u00f5imaluse tantsimiseks\u00a0nii noortele kui ka vanematele. Tantsud on erineva tasemega ja\u00a0varieeruvad algajatest kuni edasij\u00f5udnuteni.\u00a0Trenniriietuseks sobivad mugavad riided ja jalatsid.\u00a0Kohtumiseni\u00a0 tantsuplatsil!\u00a0INFO: <a href=\"mailto:kristin@huviline.ee\">kristin@huviline.ee<\/a> v\u00f5i tel 51923590. Osalustasu 5\u20ac\/kord.<\/p>\n<p>JK Tabasalu alustab<strong> <a href=\"https:\/\/muraste.ee\/vana\/?p=2153\" target=\"_blank\">jalgpallitreeningutega Murastes, Pangapealse lasteaias<\/a><\/strong>. Kliki ja loe rohkem!<\/p>\n<p><strong>Filmihuvilised!<\/strong>\u00a0P\u00f5nev filmihooaeg Murastes on algamas: reedel, 2. septembril on ekraanil esmakordselt v\u00e4lismaine uus koguperefilm <strong>\u201c\u00d5petaja Konn\u201d<\/strong> ning neljap\u00e4eval, 15. septembril uus Eesti m\u00e4ngufilm <strong>\u201cSuvi Ameerikas\u201d<\/strong>! Filmi\u00f5htud algavad kell 19.\u00a0Pilet 4.- t\u00e4iskasvanud\/2.50 \u00f5pilased<\/p>\n<p><a href=\"https:\/\/muraste.ee\/vana\/wp-content\/uploads\/2016\/03\/Ameerika_suvi_plakat-1.jpg\" rel=\"attachment wp-att-2164\"><img decoding=\"async\" loading=\"lazy\" class=\"alignnone size-medium wp-image-2164\" src=\"https:\/\/muraste.ee\/vana\/wp-content\/uploads\/2016\/03\/Ameerika_suvi_plakat-1-212x300.jpg\" sizes=\"(max-width: 212px) 100vw, 212px\" srcset=\"https:\/\/muraste.ee\/vana\/wp-content\/uploads\/2016\/03\/Ameerika_suvi_plakat-1-212x300.jpg 212w, https:\/\/muraste.ee\/vana\/wp-content\/uploads\/2016\/03\/Ameerika_suvi_plakat-1-768x1086.jpg 768w, https:\/\/muraste.ee\/vana\/wp-content\/uploads\/2016\/03\/Ameerika_suvi_plakat-1-724x1024.jpg 724w, https:\/\/muraste.ee\/vana\/wp-content\/uploads\/2016\/03\/Ameerika_suvi_plakat-1-624x882.jpg 624w, https:\/\/muraste.ee\/vana\/wp-content\/uploads\/2016\/03\/Ameerika_suvi_plakat-1.jpg 849w\" alt=\"Ameerika_suvi_plakat-1\" width=\"212\" height=\"300\" \/><\/a><\/p>\n<p>Tulemas on kaks v\u00e4ga head ja vajalikku koolitusprogrammi: <strong><a href=\"https:\/\/muraste.ee\/vana\/?p=2125\" target=\"_blank\">Kuidas hoida head<\/a>?<\/strong> ja <strong><a href=\"https:\/\/muraste.ee\/vana\/?p=2130\" target=\"_blank\">Minu suhe on minu k\u00e4tes<\/a>.<\/strong>\u00a0Kliki ja loe lisa!<\/p>\n<p><strong>Maiasmokad!<\/strong> See teade on teile!<\/p>\n<p><a href=\"https:\/\/muraste.ee\/vana\/wp-content\/uploads\/2016\/03\/mesi-2016-muraste.jpg\" rel=\"attachment wp-att-2213\"><img decoding=\"async\" loading=\"lazy\" class=\"alignnone size-full wp-image-2213\" src=\"https:\/\/muraste.ee\/vana\/wp-content\/uploads\/2016\/03\/mesi-2016-muraste.jpg\" sizes=\"(max-width: 643px) 100vw, 643px\" srcset=\"https:\/\/muraste.ee\/vana\/wp-content\/uploads\/2016\/03\/mesi-2016-muraste-300x199.jpg 300w, https:\/\/muraste.ee\/vana\/wp-content\/uploads\/2016\/03\/mesi-2016-muraste-624x414.jpg 624w, https:\/\/muraste.ee\/vana\/wp-content\/uploads\/2016\/03\/mesi-2016-muraste.jpg 643w\" alt=\"mesi 2016 muraste\" width=\"643\" height=\"427\" \/><\/a><\/p>\n<p><strong>Teisip\u00e4evad on Murastes taas tantsup\u00e4evad!<\/strong><br \/>\nkl 19.45-21.00 AT, alates 23.august <strong>Seltskonnatantsude harjutustund<\/strong> -v\u00f5imalus \u00f5pitut kinnistada ja toredas seltskonnas jalga keerutada. Osalus 5 \u20ac\/in<br \/>\nkl 18.30-19.45 AT,<strong> UUS! <\/strong>6. september \u2013 25. oktoober \u2013 <strong>Seltskonnatantsu J\u00c4TKUkursus<\/strong> II tase. Vt lisatud kuulutust!<br \/>\nkl 18.30-19.45 AT, <strong>UUS! <\/strong>1. november \u2013 20. detsember \u2013 <strong>Seltskonnatantsu ALGkursus<\/strong>, Vt lisatud kuulutust!<\/p>\n<p><a href=\"https:\/\/muraste.ee\/vana\/wp-content\/uploads\/2016\/03\/revalia_muraste_august2016_2.jpg\" rel=\"attachment wp-att-2116\"><img decoding=\"async\" loading=\"lazy\" class=\"alignnone size-large wp-image-2116\" src=\"https:\/\/muraste.ee\/vana\/wp-content\/uploads\/2016\/03\/revalia_muraste_august2016_2-482x1024.jpg\" sizes=\"(max-width: 482px) 100vw, 482px\" srcset=\"https:\/\/muraste.ee\/vana\/wp-content\/uploads\/2016\/03\/revalia_muraste_august2016_2-482x1024.jpg 482w, https:\/\/muraste.ee\/vana\/wp-content\/uploads\/2016\/03\/revalia_muraste_august2016_2-624x1325.jpg 624w, https:\/\/muraste.ee\/vana\/wp-content\/uploads\/2016\/03\/revalia_muraste_august2016_2.jpg 701w\" alt=\"revalia_muraste_august2016_2\" width=\"482\" height=\"1024\" \/><\/a><\/p>\n<p><a href=\"https:\/\/muraste.ee\/vana\/wp-content\/uploads\/2016\/03\/revalia_muraste_august2016_1.jpg\" rel=\"attachment wp-att-2117\"><img decoding=\"async\" loading=\"lazy\" class=\"alignnone size-large wp-image-2117\" src=\"https:\/\/muraste.ee\/vana\/wp-content\/uploads\/2016\/03\/revalia_muraste_august2016_1-482x1024.jpg\" sizes=\"(max-width: 482px) 100vw, 482px\" srcset=\"https:\/\/muraste.ee\/vana\/wp-content\/uploads\/2016\/03\/revalia_muraste_august2016_1-482x1024.jpg 482w, https:\/\/muraste.ee\/vana\/wp-content\/uploads\/2016\/03\/revalia_muraste_august2016_1-624x1325.jpg 624w, https:\/\/muraste.ee\/vana\/wp-content\/uploads\/2016\/03\/revalia_muraste_august2016_1.jpg 701w\" alt=\"revalia_muraste_august2016_1\" width=\"482\" height=\"1024\" \/><\/a><\/p>\n<p><strong>H\u00f5iked!<\/strong><strong><br \/>\n<\/strong><\/p>\n<p><strong><a href=\"https:\/\/muraste.ee\/vana\/wp-content\/uploads\/2016\/03\/mate.png\" rel=\"attachment wp-att-2101\"><img decoding=\"async\" loading=\"lazy\" class=\"size-thumbnail wp-image-2101 alignright\" src=\"https:\/\/muraste.ee\/vana\/wp-content\/uploads\/2016\/03\/mate-150x150.png\" alt=\"mate\" width=\"150\" height=\"150\" \/><\/a><\/strong><\/p>\n<p><strong>Matemaatikahuviline noormees (7 klass) otsib Muraste-Suurupi kandist \u00f5petajat, kellega t\u00e4iendavalt numbrimaailma saladusi avastada. Rohkem infot muraste@muraste.ee.<\/strong><\/p>\n<p>&nbsp;<\/p>\n<p><strong>Perenaised!<\/strong> Hea v\u00f5imalus: tellige k\u00f6\u00f6giviljad koju! Uuri v\u00f5imalusi<strong><a href=\"https:\/\/muraste.ee\/vana\/?p=1997\" target=\"_blank\">siin<\/a><\/strong>!<\/p>\n<p><strong>Teadmiseks: <\/strong>Muraste igan\u00e4dalase e-infokirjaga liitumiseks saada sellekohane teade muraste@muraste.ee<\/p>\n<p><strong>Muraste kogukonnakeskus<\/strong> (Lee tee 9, Muraste) avatud E-N 10-18, R 10-16.<br \/>\nT\u00e4psustused ja info: kogukonnakeskus@muraste.ee; 5253128 (Aule Kikas).<\/p>\n","protected":false},"excerpt":{"rendered":"<p>S U V I \u00a02 0 1 6 \u00a0 M U R A S T E S \u00a0 ehk n\u00e4dal\u00a035 * AT- koolimaja aatrium, SP- spordihoone; KO-kogukonnakeskuse ruum; KL- klassiruum Teisip\u00e4eval, \u00a030. augustil kl 18 KO inglise keele kursus kl 19-20.30 SP v\u00f5rkpall kl 19.45-21.00 AT Seltskonnatantsude harjutustund -v\u00f5imalus \u00f5pitut kinnistada ja toredas seltskonnas jalga<a class=\"moretag\" href=\"https:\/\/muraste.ee\/vana\/?page_id=2281\"><br \/>&#8230;Loe edasi<\/a><\/p>\n","protected":false},"author":2,"featured_media":0,"parent":0,"menu_order":0,"comment_status":"closed","ping_status":"closed","template":"nadalakava.php","meta":{"_bbp_topic_count":0,"_bbp_reply_count":0,"_bbp_total_topic_count":0,"_bbp_total_reply_count":0,"_bbp_voice_count":0,"_bbp_anonymous_reply_count":0,"_bbp_topic_count_hidden":0,"_bbp_reply_count_hidden":0,"_bbp_forum_subforum_count":0,"_mc_calendar":[]},"_links":{"self":[{"href":"https:\/\/muraste.ee\/vana\/index.php?rest_route=\/wp\/v2\/pages\/2281"}],"collection":[{"href":"https:\/\/muraste.ee\/vana\/index.php?rest_route=\/wp\/v2\/pages"}],"about":[{"href":"https:\/\/muraste.ee\/vana\/index.php?rest_route=\/wp\/v2\/types\/page"}],"author":[{"embeddable":true,"href":"https:\/\/muraste.ee\/vana\/index.php?rest_route=\/wp\/v2\/users\/2"}],"replies":[{"embeddable":true,"href":"https:\/\/muraste.ee\/vana\/index.php?rest_route=%2Fwp%2Fv2%2Fcomments&post=2281"}],"version-history":[{"count":2,"href":"https:\/\/muraste.ee\/vana\/index.php?rest_route=\/wp\/v2\/pages\/2281\/revisions"}],"predecessor-version":[{"id":2284,"href":"https:\/\/muraste.ee\/vana\/index.php?rest_route=\/wp\/v2\/pages\/2281\/revisions\/2284"}],"wp:attachment":[{"href":"https:\/\/muraste.ee\/vana\/index.php?rest_route=%2Fwp%2Fv2%2Fmedia&parent=2281"}],"curies":[{"name":"wp","href":"https:\/\/api.w.org\/{rel}","templated":true}]}}