{"id":2364,"date":"2016-09-19T11:09:46","date_gmt":"2016-09-19T08:09:46","guid":{"rendered":"https:\/\/muraste.ee\/vana\/?page_id=2364"},"modified":"2016-09-19T11:10:01","modified_gmt":"2016-09-19T08:10:01","slug":"nadal-37","status":"publish","type":"page","link":"https:\/\/muraste.ee\/vana\/?page_id=2364","title":{"rendered":"N\u00e4dal 37"},"content":{"rendered":"<h2 style=\"text-align: center;\"><span style=\"color: #ff6600;\"><strong>N\u00c4DAL 37 MURASTES*<\/strong><\/span><\/h2>\n<h5 style=\"text-align: center;\"><span style=\"color: #999999;\"><em><strong>*AT- koolimaja aatrium, SP- spordihoone; KO-kogukonnakeskuse ruum; \u00a0 KL- klassiruum; PL-Pangapealse lasteaed<\/strong><\/em><\/span><\/h5>\n<p style=\"text-align: center;\"><a href=\"https:\/\/muraste.ee\/vana\/wp-content\/uploads\/2016\/03\/kogukonnakeskus.jpg\" rel=\"attachment wp-att-2337\"><img decoding=\"async\" loading=\"lazy\" class=\"alignnone size-medium wp-image-2337\" src=\"https:\/\/muraste.ee\/vana\/wp-content\/uploads\/2016\/03\/kogukonnakeskus-300x169.jpg\" alt=\"kogukonnakeskus\" width=\"300\" height=\"169\" srcset=\"https:\/\/muraste.ee\/vana\/wp-content\/uploads\/2016\/03\/kogukonnakeskus-300x169.jpg 300w, https:\/\/muraste.ee\/vana\/wp-content\/uploads\/2016\/03\/kogukonnakeskus-768x432.jpg 768w, https:\/\/muraste.ee\/vana\/wp-content\/uploads\/2016\/03\/kogukonnakeskus-624x351.jpg 624w, https:\/\/muraste.ee\/vana\/wp-content\/uploads\/2016\/03\/kogukonnakeskus-128x72.jpg 128w, https:\/\/muraste.ee\/vana\/wp-content\/uploads\/2016\/03\/kogukonnakeskus.jpg 960w\" sizes=\"(max-width: 300px) 100vw, 300px\" \/><\/a><\/p>\n<p><span style=\"color: #ff6600;\"><strong><span style=\"color: #339966;\"><span style=\"color: #ff6600;\">Esmasp\u00e4ev, \u00a012.\u00a0september<\/span><a href=\"https:\/\/muraste.ee\/vana\/wp-content\/uploads\/2016\/03\/14064189_1033895973375760_3926911481667174823_n.jpg\" rel=\"attachment wp-att-2259\"><img decoding=\"async\" loading=\"lazy\" class=\"size-medium wp-image-2259 alignright\" src=\"https:\/\/muraste.ee\/vana\/wp-content\/uploads\/2016\/03\/14064189_1033895973375760_3926911481667174823_n-208x300.jpg\" alt=\"14064189_1033895973375760_3926911481667174823_n\" width=\"208\" height=\"300\" srcset=\"https:\/\/muraste.ee\/vana\/wp-content\/uploads\/2016\/03\/14064189_1033895973375760_3926911481667174823_n-208x300.jpg 208w, https:\/\/muraste.ee\/vana\/wp-content\/uploads\/2016\/03\/14064189_1033895973375760_3926911481667174823_n-624x902.jpg 624w, https:\/\/muraste.ee\/vana\/wp-content\/uploads\/2016\/03\/14064189_1033895973375760_3926911481667174823_n.jpg 664w\" sizes=\"(max-width: 208px) 100vw, 208px\" \/><\/a><\/span><br \/>\n<\/strong><\/span><span style=\"color: #000000;\">kl 19 AT, <strong>Suurupi naiskoor Meretule<\/strong> alustab uut lauluhooaega.\u00a0<em>Lauljannad, olete palutud &#8211; Muraste koolimaja aatrium igatseb kuulata teie kauneid h\u00e4\u00e4li!<\/em><\/span><\/p>\n<p>kl 19 ootab Muraste Liikumisklubi k\u00f5iki <strong>lihtsalt liikuma!\u00a0<\/strong>Kogunemine ja l\u00f5petamine kogukonnakeskuse juures.<\/p>\n<p>kl 20 PL, <strong>Zumba<\/strong>!<\/p>\n<p><a href=\"https:\/\/muraste.ee\/vana\/wp-content\/uploads\/2016\/03\/sept-liikumine.jpg\" rel=\"attachment wp-att-2316\"><img decoding=\"async\" loading=\"lazy\" class=\"alignnone size-medium wp-image-2316\" src=\"https:\/\/muraste.ee\/vana\/wp-content\/uploads\/2016\/03\/sept-liikumine-208x300.jpg\" alt=\"sept-liikumine\" width=\"208\" height=\"300\" srcset=\"https:\/\/muraste.ee\/vana\/wp-content\/uploads\/2016\/03\/sept-liikumine-208x300.jpg 208w, https:\/\/muraste.ee\/vana\/wp-content\/uploads\/2016\/03\/sept-liikumine-624x902.jpg 624w, https:\/\/muraste.ee\/vana\/wp-content\/uploads\/2016\/03\/sept-liikumine.jpg 664w\" sizes=\"(max-width: 208px) 100vw, 208px\" \/><\/a><\/p>\n<p><span style=\"color: #ff6600;\"><strong>Teisip\u00e4eval, \u00a013.\u00a0september<\/strong><\/span><br \/>\nkl 15 AT, <strong>v\u00f5istlustantsu teeningud algajatele lastele<\/strong> (info www.tantsumeka.ee, Matis Toome, tel 59190800)<a href=\"https:\/\/muraste.ee\/vana\/wp-content\/uploads\/2016\/03\/matis.jpg\" rel=\"attachment wp-att-2306\"><img decoding=\"async\" loading=\"lazy\" class=\"size-medium wp-image-2306 alignright\" src=\"https:\/\/muraste.ee\/vana\/wp-content\/uploads\/2016\/03\/matis-214x300.jpg\" alt=\"matis\" width=\"214\" height=\"300\" srcset=\"https:\/\/muraste.ee\/vana\/wp-content\/uploads\/2016\/03\/matis-214x300.jpg 214w, https:\/\/muraste.ee\/vana\/wp-content\/uploads\/2016\/03\/matis-768x1076.jpg 768w, https:\/\/muraste.ee\/vana\/wp-content\/uploads\/2016\/03\/matis-731x1024.jpg 731w, https:\/\/muraste.ee\/vana\/wp-content\/uploads\/2016\/03\/matis-624x875.jpg 624w, https:\/\/muraste.ee\/vana\/wp-content\/uploads\/2016\/03\/matis.jpg 1275w\" sizes=\"(max-width: 214px) 100vw, 214px\" \/><\/a><\/p>\n<p>kl 18 KL\u00a0<strong>inglise keele kursus <\/strong>(NB! Huviliste olemasolul alustame uue inglise keele algajate\/uuesti alustajate grupiga; algteadmisi omajatel on v\u00f5imalus liituda ka juba t\u00f6\u00f6tava grupiga). K\u00fcsi lisa juhendajalt tel 56575575.<\/p>\n<p>kl 18 KO <strong>inglise keele vestlusring<\/strong> James Gill\u00b4i juhendamisel. K\u00f5ik inglise keelt praktiseerida soovijad on oodatud!<\/p>\n<p>kl 18.30-19.45 AT<strong>, Seltskonnatantsu j\u00e4tkursus,<\/strong> <strong>II tase<\/strong>. Vt lisatud kuulutust!<\/p>\n<p>kl 19-20.30 SP <strong>v\u00f5rkpall<\/strong><\/p>\n<p>kl 19.45-21.00 AT <strong>Seltskonnatantsude harjutustund<\/strong> -v\u00f5imalus \u00f5pitut kinnistada ja toredas seltskonnas jalga keerutada. Osalus 5 \u20ac\/in<a href=\"https:\/\/muraste.ee\/vana\/wp-content\/uploads\/2016\/03\/zumbasept16.jpg\" rel=\"attachment wp-att-2295\"><br \/>\n<\/a><\/p>\n<p><span style=\"color: #ff6600;\"><strong>Kolmap\u00e4ev, \u00a014. september<\/strong><\/span><br \/>\nkl 18.30 AT, <span style=\"color: #ff00ff;\">UUS!<\/span>\u00a0alustame<strong>\u00a0line-tantsu tundidega\u00a0<\/strong>koolimaja aatriumis.\u00a0 Linetantsu k\u00f5ige suuremaks plussiks on, et see ei n\u00f5ua partneri\u00a0olemasolu ega eelnevat tantsulist kogemust. Linetantsu tantsitakse v\u00e4ga\u00a0erinevate muusikastiilide j\u00e4rgi, mis annab hea v\u00f5imaluse tantsimiseks\u00a0nii noortele kui ka vanematele. Tantsud on erineva tasemega ja\u00a0varieeruvad algajatest kuni edasij\u00f5udnuteni.\u00a0Trenniriietuseks sobivad mugavad riided ja jalatsid.\u00a0Kohtumiseni\u00a0 tantsuplatsil!\u00a0INFO: <a href=\"mailto:kristin@huviline.ee\">kristin@huviline.ee<\/a> v\u00f5i tel 51923590. Osalustasu 5\u20ac\/kord.<\/p>\n<p>kl 19 SP, <strong>korvpall<\/strong> (mehed). K\u00f5ik senised ja k\u00f5ik uued m\u00e4ngijad on v\u00e4ga oodatud! NB! Kui m\u00e4ngijaid ei tule, siis t\u00fchistame saalibroneeringu!<\/p>\n<p><span style=\"color: #000000;\">kl\u00a019.40\u00a0AT <span style=\"color: #ff00ff;\">UUS!<\/span> t<\/span>oimub\u00a0<strong>kundalini-jooga <\/strong>n\u00e4idistund. Juhendajaks\u00a0\u00a0sel hooajal \u00a0on ps\u00fchholoogilise n\u00f5ustajana ja pereterapeudina t\u00f6\u00f6tav \u00a0ning\u00a0\u00a0Rahvusvahelise Kundalini Jooga \u00d5petajate Assotsiatsiooni (IKYTA) liige Algi Samm \u00a0(Phd). Pea 20 aastat on juhendaja elu\u00a0saatnud joogalik elufilosoofia ning ta on ennast koolitanud Kundalini jooga \u00f5petajaks.\u00a0Jooga p\u00e4rineb inimkogemusest, sisaldades tehnikaid tervisliku, \u00f5nneliku ja teadliku elu elamiseks. Kundalini jooga tunnis saad l\u00e4bi liikumise, hingamise, heli ja meditatsiooni l\u00f5dvestuda, et oma tegelikule olemusele l\u00e4hemale liikuda, mis lubab sul olla Sina ise. Kundalini jooga\u00a0\u00f5petuste pagas on rikkalik. J\u00f5udmaks iseendani, on Sul joogatunnis v\u00f5imalus kogeda f\u00fc\u00fcsilist v\u00e4ljakutset, \u00f5ppida n\u00e4gema oma meelem\u00e4nge ning juhtima emotsioone. Joogatund sobib nii algajatele kui ka edasij\u00f5udnutele.<br \/>\n\u00dche joogatunni tasu on 10 \u20ac; 10\u00a0korra kaart 90 \u20ac.\u00a0Esimese, 14.09 toimuva tunni tasu on annetuslik. Rohkem teavet ja registreerumine \u00a0<strong><span style=\"color: #0000ff;\">algi.samm@mail.ee\u00a0<\/span><\/strong>, <span style=\"color: #000000;\">tel 5019402.<\/span><\/p>\n<p>kl 18 KL,\u00a0<span style=\"color: #ff00ff;\">UUS!<\/span>\u00a0koolimaja puut\u00f6\u00f6klassi on\u00a0<strong>infotundi<\/strong> on oodatud noored\u00a0<strong>mudelihuvilised<\/strong>: mudelismiring alustab uut hooaega! Loe lisa <strong><a href=\"https:\/\/muraste.ee\/vana\/?p=2328\" target=\"_blank\">siit<\/a><\/strong>!<\/p>\n<p style=\"text-align: center;\"><a href=\"https:\/\/muraste.ee\/vana\/wp-content\/uploads\/2016\/09\/large_28966423_mrZC.jpg\" rel=\"attachment wp-att-2330\"><img decoding=\"async\" loading=\"lazy\" class=\"alignnone size-medium wp-image-2330\" src=\"https:\/\/muraste.ee\/vana\/wp-content\/uploads\/2016\/09\/large_28966423_mrZC-300x137.jpg\" alt=\"large_28966423_mrzc\" width=\"300\" height=\"137\" srcset=\"https:\/\/muraste.ee\/vana\/wp-content\/uploads\/2016\/09\/large_28966423_mrZC-300x137.jpg 300w, https:\/\/muraste.ee\/vana\/wp-content\/uploads\/2016\/09\/large_28966423_mrZC-624x284.jpg 624w, https:\/\/muraste.ee\/vana\/wp-content\/uploads\/2016\/09\/large_28966423_mrZC.jpg 720w\" sizes=\"(max-width: 300px) 100vw, 300px\" \/><\/a><\/p>\n<p><span style=\"color: #ff6600;\"><strong><span style=\"color: #339966;\"><span style=\"color: #ff6600;\">Neljap\u00e4ev, 15.\u00a0september<\/span><br \/>\n<\/span><\/strong><span style=\"color: #339966;\"><em>Peipsi-kandi sibulate tellijad: tervislik siiruviiruline on n\u00fc\u00fcd \u00a0kohal!<\/em><\/span><\/span><\/p>\n<p>kl 15 AT, <strong>v\u00f5istlustantsu teeningud algajatele lastele<\/strong> (info www.tantsumeka.ee, Matis Toome, tel 59190800)<a href=\"https:\/\/muraste.ee\/vana\/wp-content\/uploads\/2016\/09\/ath.jpg\" rel=\"attachment wp-att-2325\"><img decoding=\"async\" loading=\"lazy\" class=\"size-medium wp-image-2325 alignright\" src=\"https:\/\/muraste.ee\/vana\/wp-content\/uploads\/2016\/09\/ath-300x199.jpg\" alt=\"ath\" width=\"300\" height=\"199\" srcset=\"https:\/\/muraste.ee\/vana\/wp-content\/uploads\/2016\/09\/ath-300x199.jpg 300w, https:\/\/muraste.ee\/vana\/wp-content\/uploads\/2016\/09\/ath-768x509.jpg 768w, https:\/\/muraste.ee\/vana\/wp-content\/uploads\/2016\/09\/ath-1024x678.jpg 1024w, https:\/\/muraste.ee\/vana\/wp-content\/uploads\/2016\/09\/ath-624x413.jpg 624w, https:\/\/muraste.ee\/vana\/wp-content\/uploads\/2016\/09\/ath.jpg 1965w\" sizes=\"(max-width: 300px) 100vw, 300px\" \/><\/a><\/p>\n<p>kl 18 KO, <span style=\"color: #ff00ff;\">UUS!<\/span> taas alustab t\u00f6\u00f6d <em>(kliki ja loe lisa)<\/em>\u00a0<strong><a href=\"https:\/\/muraste.ee\/vana\/?p=2324\" target=\"_blank\">Harku valla ATH laste vanemate tugir\u00fchm<\/a>.<\/strong> Oodatud on k\u00f5ik endised ja uued lapsevanemad &#8211; koos on kergem!<\/p>\n<p><span style=\"color: #ff6600;\"><span style=\"color: #000000;\">kl 19 SP, <strong>korvpall<\/strong> (naised). K\u00f5ik senised ja k\u00f5ik uued m\u00e4ngijad on v\u00e4ga oodatud! NB! Kui m\u00e4ngijaid ei tule, siis t\u00fchistame saalibroneeringu!<img decoding=\"async\" loading=\"lazy\" class=\"size-medium wp-image-2164 alignright\" src=\"https:\/\/muraste.ee\/vana\/wp-content\/uploads\/2016\/03\/Ameerika_suvi_plakat-1-212x300.jpg\" alt=\"Ameerika_suvi_plakat-1\" width=\"212\" height=\"300\" srcset=\"https:\/\/muraste.ee\/vana\/wp-content\/uploads\/2016\/03\/Ameerika_suvi_plakat-1-212x300.jpg 212w, https:\/\/muraste.ee\/vana\/wp-content\/uploads\/2016\/03\/Ameerika_suvi_plakat-1-768x1086.jpg 768w, https:\/\/muraste.ee\/vana\/wp-content\/uploads\/2016\/03\/Ameerika_suvi_plakat-1-724x1024.jpg 724w, https:\/\/muraste.ee\/vana\/wp-content\/uploads\/2016\/03\/Ameerika_suvi_plakat-1-624x882.jpg 624w, https:\/\/muraste.ee\/vana\/wp-content\/uploads\/2016\/03\/Ameerika_suvi_plakat-1.jpg 849w\" sizes=\"(max-width: 212px) 100vw, 212px\" \/><\/span><\/span><\/p>\n<p>kl 19 AT, <strong>Muraste kodune filmi\u00f5htu<\/strong>: ekraanil uus Eesti m\u00e4ngufilm <strong>&#8220;Suvi Ameerikas&#8221;<\/strong>! Pilet 4.- t\u00e4iskasvanud\/2.50 \u00f5pilased<\/p>\n<p>kl 20\u00a0PL,\u00a0<strong>Zumba<\/strong>!<\/p>\n<p><span style=\"color: #ff6600;\"><span style=\"color: #000000;\"><img decoding=\"async\" loading=\"lazy\" class=\"size-medium wp-image-2295 alignleft\" src=\"https:\/\/muraste.ee\/vana\/wp-content\/uploads\/2016\/03\/zumbasept16-212x300.jpg\" alt=\"zumbasept16\" width=\"212\" height=\"300\" srcset=\"https:\/\/muraste.ee\/vana\/wp-content\/uploads\/2016\/03\/zumbasept16-212x300.jpg 212w, https:\/\/muraste.ee\/vana\/wp-content\/uploads\/2016\/03\/zumbasept16-624x884.jpg 624w, https:\/\/muraste.ee\/vana\/wp-content\/uploads\/2016\/03\/zumbasept16.jpg 678w\" sizes=\"(max-width: 212px) 100vw, 212px\" \/><\/span><\/span><\/p>\n<p><span style=\"color: #339966;\"><strong><span style=\"color: #0000ff;\"><span style=\"color: #ff6600;\">TULEKUL:<\/span><br \/>\n<\/span><\/strong><\/span><\/p>\n<p><strong>Fa Stuudiol <\/strong>on n\u00fc\u00fcd ka Muraste kandi v\u00e4ikestele muusikahuvilistele suurep\u00e4rane teade! Soovitame!<\/p>\n<p>HEI, HEI, MURASTE KANDI MUUSIKAHUVILINE POISS V\u00d5I T\u00dcDRUK! FA STUUDIO KUTSUB SIND LIITUMA MUUSIKARINGIGA, KUS K\u00d5IGE LIHTSAMALT \u00d6ELDES TEGELEME LAULMISE JA PILLIM\u00c4NGUGA.<br \/>\nKEERULISEMALT V\u00c4LJENDUDES:<br \/>\n\u2022 ARENDAME H\u00c4\u00c4LT, OMANDAME UUT REPERTUAARI, \u00d5PIME ANSAMBLILAULU JA OTSIME SOLISTILE VAJALIKKE OMADUSI<span class=\"text_exposed_show\"><br \/>\n\u2022 M\u00c4NGIME ERINEVAID PLAATPILLE JA R\u00dcTMIPILLE<br \/>\n\u2022 TUNNEME R\u00d5\u00d5MU OMALOOMINGUST JA IMPROVISATSIOONIST<br \/>\n\u2022 ESINEME \u00dcRITUSTEL, LAULUV\u00d5ISTLUSTEL JA KONKURSSIDEL<br \/>\n\u2022 PARIMAD PALAD SALVESTAME NING PANEME PLAADILE<br \/>\n\u2022 KASVAME TUBLIDEKS, HEADEKS , KAASLASI AUSTAVATEKS JA MUUSIKAT HINDAVATEKS INIMESTEKS<\/span><\/p>\n<div class=\"text_exposed_show\">\n<p>TUNNID HAKKAVAD TOIMUMA MURASTE KOOLIS \u00dcKS KORD N\u00c4DALAS KESTVUSEGA 45 MINUTIT.<\/p>\n<p>Tunnid on tasulised (17\u20ac\/kuu). Rohkem infot fastuudio@gmail.com v\u00f5i tel 5160031.<\/p>\n<p>Pildil: Fa Stuudio imeline kevadkontsert Muraste koolimajas<br \/>\nVaata ka siit: <a href=\"https:\/\/www.facebook.com\/Fastuudio\/?fref=ts\">https:\/\/www.facebook.com\/Fastuudio\/?fref=ts<\/a><\/p>\n<p><a href=\"https:\/\/muraste.ee\/vana\/wp-content\/uploads\/2016\/03\/faakad.jpg\" rel=\"attachment wp-att-2319\"><img decoding=\"async\" loading=\"lazy\" class=\"alignnone size-full wp-image-2319\" src=\"https:\/\/muraste.ee\/vana\/wp-content\/uploads\/2016\/03\/faakad.jpg\" alt=\"faakad\" width=\"960\" height=\"540\" srcset=\"https:\/\/muraste.ee\/vana\/wp-content\/uploads\/2016\/03\/faakad.jpg 960w, https:\/\/muraste.ee\/vana\/wp-content\/uploads\/2016\/03\/faakad-300x169.jpg 300w, https:\/\/muraste.ee\/vana\/wp-content\/uploads\/2016\/03\/faakad-768x432.jpg 768w, https:\/\/muraste.ee\/vana\/wp-content\/uploads\/2016\/03\/faakad-624x351.jpg 624w, https:\/\/muraste.ee\/vana\/wp-content\/uploads\/2016\/03\/faakad-128x72.jpg 128w\" sizes=\"(max-width: 960px) 100vw, 960px\" \/><\/a><\/p>\n<\/div>\n<p><strong><span style=\"color: #008000;\">22. septembril<\/span><\/strong> on Murastes taas tulekul midagi eriti lahedat! LiULi -kandlepiigade eestvedamisel algab Tantsutubade sari! \u00a0Kel jalg tantsule kisub, on oodatud!<\/p>\n<p><a href=\"https:\/\/muraste.ee\/vana\/wp-content\/uploads\/2016\/03\/tantsu.jpg\" rel=\"attachment wp-att-2321\"><img decoding=\"async\" loading=\"lazy\" class=\"alignnone size-full wp-image-2321\" src=\"https:\/\/muraste.ee\/vana\/wp-content\/uploads\/2016\/03\/tantsu.jpg\" alt=\"tantsu\" width=\"720\" height=\"960\" srcset=\"https:\/\/muraste.ee\/vana\/wp-content\/uploads\/2016\/03\/tantsu.jpg 720w, https:\/\/muraste.ee\/vana\/wp-content\/uploads\/2016\/03\/tantsu-225x300.jpg 225w, https:\/\/muraste.ee\/vana\/wp-content\/uploads\/2016\/03\/tantsu-624x832.jpg 624w\" sizes=\"(max-width: 720px) 100vw, 720px\" \/><\/a><\/p>\n<p><span style=\"color: #008000;\"><strong>Teatris\u00f5brad!<\/strong> <\/span>28. oktoobril on Muraste koolimajas <strong><a href=\"https:\/\/muraste.ee\/vana\/?p=2354\" target=\"_blank\">Kuusalurahva Teater etendusega &#8220;Teise mehe pea&#8221;<\/a><\/strong>. Tulge saama teatrielamust kodu l\u00e4hedal!<\/p>\n<p><span style=\"color: #008000;\"><strong>Filmis\u00f5brad!<\/strong> <\/span>30. septembril Muraste ekraanil taas uhiuus Eesti film <strong><span style=\"color: #0000ff;\"><a style=\"color: #0000ff;\" href=\"http:\/\/allfilm.ee\/et\/projektid\/luuraja-ja-luuletaja\/\" target=\"_blank\">&#8220;Luuraja ja luuletaja&#8221;.<\/a><\/span><\/strong><\/p>\n<p>JK Tabasalu alustab<span style=\"color: #339966;\"><strong> <a style=\"color: #339966;\" href=\"https:\/\/muraste.ee\/vana\/?p=2153\" target=\"_blank\">jalgpallitreeningutega Murastes, P<br \/>\nangapealse lasteaias<\/a><\/strong>. <\/span>Kliki ja loe rohkem!<\/p>\n<p><strong><span style=\"color: #339966;\">Keelehuvilised!<\/span> <\/strong>Huviliste olemasolul alustame uue inglise keele uuesti alustajate \/algajate grupiga. Samuti on taas teemaks saksa, hispaania ja rootsi keele \u00f5ppijate algajate grupi kokkukutsumine. Andke oma soovidest ja ootustest teada ikka kogukonnakeskus@muraste.ee<\/p>\n<p><strong><span style=\"color: #339966;\">Merehuvilised!<\/span> <\/strong>Kui on piisav arv huvilisi, oleme valmis Murastesse tooma \u00a0v\u00e4ikelaeva juhi kursused. V\u00f5imalik kursuse aeg oleks talv\/kevad, ettevalmistustega \u00a0tuleb alustada aga juba n\u00fc\u00fcd. Seega: kindlad huvilised, palun andke endast teada kogukonnnakeskus@muraste.ee<\/p>\n<p>Tulemas on kaks v\u00e4ga head ja vajalikku koolitusprogrammi: <span style=\"color: #339966;\"><strong><a style=\"color: #339966;\" href=\"https:\/\/muraste.ee\/vana\/?p=2125\" target=\"_blank\">Kuidas hoida head<\/a>?<\/strong><\/span> ja <span style=\"color: #339966;\"><strong><a style=\"color: #339966;\" href=\"https:\/\/muraste.ee\/vana\/?p=2130\" target=\"_blank\">Minu suhe on minu k\u00e4tes<\/a>.<\/strong><\/span><span style=\"color: #000000;\">\u00a0Kliki ja loe lisa!<\/span><\/p>\n<p><span style=\"color: #339966;\"><strong>Maiasmokad!<\/strong> <\/span>See teade on teile!<\/p>\n<p><a href=\"https:\/\/muraste.ee\/vana\/wp-content\/uploads\/2016\/03\/mesi-2016-muraste.jpg\" rel=\"attachment wp-att-2213\"><img decoding=\"async\" loading=\"lazy\" class=\"alignnone size-full wp-image-2213\" src=\"https:\/\/muraste.ee\/vana\/wp-content\/uploads\/2016\/03\/mesi-2016-muraste.jpg\" alt=\"mesi 2016 muraste\" width=\"643\" height=\"427\" srcset=\"https:\/\/muraste.ee\/vana\/wp-content\/uploads\/2016\/03\/mesi-2016-muraste.jpg 643w, https:\/\/muraste.ee\/vana\/wp-content\/uploads\/2016\/03\/mesi-2016-muraste-300x199.jpg 300w, https:\/\/muraste.ee\/vana\/wp-content\/uploads\/2016\/03\/mesi-2016-muraste-624x414.jpg 624w\" sizes=\"(max-width: 643px) 100vw, 643px\" \/><\/a><\/p>\n<p><span style=\"color: #ff6600;\"><strong>Teisip\u00e4evad on Murastes taas tantsup\u00e4evad!<\/strong><\/span><br \/>\nkl 19.45-21.00 AT, alates 23.august <strong>Seltskonnatantsude harjutustund<\/strong> -v\u00f5imalus \u00f5pitut kinnistada ja toredas seltskonnas jalga keerutada. Osalus 5 \u20ac\/in<br \/>\nkl 18.30-19.45 AT,<span style=\"color: #ff6600;\"><strong> UUS! <\/strong><\/span>6. september \u2013 25. oktoober \u2013 <strong>Seltskonnatantsu J\u00c4TKUkursus<\/strong> II tase. Vt lisatud kuulutust!<br \/>\nkl 18.30-19.45 AT, <strong><span style=\"color: #ff0000;\"><span style=\"color: #ff6600;\">UUS!<\/span> <\/span><\/strong>1. november \u2013 20. detsember \u2013 <strong>Seltskonnatantsu ALGkursus<\/strong>, Vt lisatud kuulutust!<\/p>\n<p><a href=\"https:\/\/muraste.ee\/vana\/wp-content\/uploads\/2016\/03\/revalia_muraste_august2016_2.jpg\" rel=\"attachment wp-att-2116\"><img decoding=\"async\" loading=\"lazy\" class=\"alignnone size-large wp-image-2116\" src=\"https:\/\/muraste.ee\/vana\/wp-content\/uploads\/2016\/03\/revalia_muraste_august2016_2-482x1024.jpg\" alt=\"revalia_muraste_august2016_2\" width=\"482\" height=\"1024\" srcset=\"https:\/\/muraste.ee\/vana\/wp-content\/uploads\/2016\/03\/revalia_muraste_august2016_2-482x1024.jpg 482w, https:\/\/muraste.ee\/vana\/wp-content\/uploads\/2016\/03\/revalia_muraste_august2016_2-141x300.jpg 141w, https:\/\/muraste.ee\/vana\/wp-content\/uploads\/2016\/03\/revalia_muraste_august2016_2-624x1325.jpg 624w, https:\/\/muraste.ee\/vana\/wp-content\/uploads\/2016\/03\/revalia_muraste_august2016_2.jpg 701w\" sizes=\"(max-width: 482px) 100vw, 482px\" \/><\/a><\/p>\n<p><a href=\"https:\/\/muraste.ee\/vana\/wp-content\/uploads\/2016\/03\/revalia_muraste_august2016_1.jpg\" rel=\"attachment wp-att-2117\"><img decoding=\"async\" loading=\"lazy\" class=\"alignnone size-large wp-image-2117\" src=\"https:\/\/muraste.ee\/vana\/wp-content\/uploads\/2016\/03\/revalia_muraste_august2016_1-482x1024.jpg\" alt=\"revalia_muraste_august2016_1\" width=\"482\" height=\"1024\" srcset=\"https:\/\/muraste.ee\/vana\/wp-content\/uploads\/2016\/03\/revalia_muraste_august2016_1-482x1024.jpg 482w, https:\/\/muraste.ee\/vana\/wp-content\/uploads\/2016\/03\/revalia_muraste_august2016_1-141x300.jpg 141w, https:\/\/muraste.ee\/vana\/wp-content\/uploads\/2016\/03\/revalia_muraste_august2016_1-624x1325.jpg 624w, https:\/\/muraste.ee\/vana\/wp-content\/uploads\/2016\/03\/revalia_muraste_august2016_1.jpg 701w\" sizes=\"(max-width: 482px) 100vw, 482px\" \/><\/a><\/p>\n<p><span style=\"color: #808000;\"><span style=\"color: #008000;\"><strong>H\u00f5iked!<\/strong><\/span><strong><br \/>\n<\/strong><\/span><\/p>\n<p><strong><span style=\"color: #008000;\">H\u00e4id m\u00f5tteid\u00a0pole kunagi liiga palju: <\/span><\/strong><span style=\"color: #000000;\">Suurupi\u00a0<\/span>\u00fclemise tuletorni vahetus l\u00e4heduses asuva endise s\u00f5jav\u00e4eosa hoonete ja territooriumi omanik otsib ideid, kuidas sealsed \u00a0hooned ja rajatised piirkonna\u00a0tarvis kasutusse v\u00f5tta.\u00a0Endine s\u00f5jav\u00e4eosa asub aadressidel Suurupi, Tuletorni tee 13 ja Tuletorni tee 22. Esimene kinnistu on suurusega ca 3 ha ning seal asuvad 2 suuremat hoonet (250 ja 190 m2) ning, teine ca 0,8 ha ja seal on \u00fcks kasutusk\u00f5lblik hoone (290 m2) ning \u00fcks nutuses seisus laudahoone (600 m2). Territoorium hoonete \u00fcmbruses on heakorrastatud, seal asuvad ka m\u00f5ned kasutuses olevad mobiilsidemastid ning hulk mittekasutatavaid raadiomaste. Kinnistu asub vahetult pankranniku \u00e4\u00e4res. Elektrivarustus, vesi olemas, kanalisatsiooniga tuleb vaeva n\u00e4ha. Keda teema k\u00f5netas, siis Andrus Lepp ootab k\u00f5nesid telefonil 5051827.<\/p>\n<p><strong><a href=\"https:\/\/muraste.ee\/vana\/wp-content\/uploads\/2016\/03\/mate.png\" rel=\"attachment wp-att-2101\"><img decoding=\"async\" loading=\"lazy\" class=\"size-thumbnail wp-image-2101 alignright\" src=\"https:\/\/muraste.ee\/vana\/wp-content\/uploads\/2016\/03\/mate-150x150.png\" alt=\"mate\" width=\"150\" height=\"150\" \/><\/a><\/strong><\/p>\n<p><strong><span style=\"color: #800000;\">Matemaatikahuviline noormees (7 klass) otsib Muraste-Suurupi kandist \u00f5petajat, kellega t\u00e4iendavalt numbrimaailma saladusi avastada. Rohkem infot muraste@muraste.ee.<\/span><\/strong><\/p>\n<p><span style=\"color: #0000ff;\"><strong>Perenaised!<\/strong><\/span> Hea v\u00f5imalus: tellige k\u00f6\u00f6giviljad koju! Uuri v\u00f5imalusi <strong><span style=\"color: #ff0000;\"><a style=\"color: #ff0000;\" href=\"https:\/\/muraste.ee\/vana\/?p=1997\" target=\"_blank\">siin<\/a><\/span><\/strong>!<\/p>\n<p><strong>Teadmiseks: <\/strong>Muraste igan\u00e4dalase e-infokirjaga liitumiseks saada sellekohane teade muraste@muraste.ee<\/p>\n<p style=\"text-align: left;\"><strong>Muraste kogukonnakeskus<\/strong><span style=\"color: #ff9900;\"> <span style=\"color: #000000;\">(<\/span><\/span>Lee tee 9, Muraste) avatud E-N 10-18, R 10-16.<br \/>\nT\u00e4psustused ja info: kogukonnakeskus@muraste.ee; 5253128 (Aule Kikas).<\/p>\n","protected":false},"excerpt":{"rendered":"<p>N\u00c4DAL 37 MURASTES* *AT- koolimaja aatrium, SP- spordihoone; KO-kogukonnakeskuse ruum; \u00a0 KL- klassiruum; PL-Pangapealse lasteaed Esmasp\u00e4ev, \u00a012.\u00a0september kl 19 AT, Suurupi naiskoor Meretule alustab uut lauluhooaega.\u00a0Lauljannad, olete palutud &#8211; Muraste koolimaja aatrium igatseb kuulata teie kauneid h\u00e4\u00e4li! kl 19 ootab Muraste Liikumisklubi k\u00f5iki lihtsalt liikuma!\u00a0Kogunemine ja l\u00f5petamine kogukonnakeskuse juures. kl 20 PL, Zumba! Teisip\u00e4eval, \u00a013.\u00a0september<a class=\"moretag\" href=\"https:\/\/muraste.ee\/vana\/?page_id=2364\"><br \/>&#8230;Loe edasi<\/a><\/p>\n","protected":false},"author":2,"featured_media":0,"parent":0,"menu_order":0,"comment_status":"closed","ping_status":"closed","template":"nadalakava.php","meta":{"_bbp_topic_count":0,"_bbp_reply_count":0,"_bbp_total_topic_count":0,"_bbp_total_reply_count":0,"_bbp_voice_count":0,"_bbp_anonymous_reply_count":0,"_bbp_topic_count_hidden":0,"_bbp_reply_count_hidden":0,"_bbp_forum_subforum_count":0,"_mc_calendar":[]},"_links":{"self":[{"href":"https:\/\/muraste.ee\/vana\/index.php?rest_route=\/wp\/v2\/pages\/2364"}],"collection":[{"href":"https:\/\/muraste.ee\/vana\/index.php?rest_route=\/wp\/v2\/pages"}],"about":[{"href":"https:\/\/muraste.ee\/vana\/index.php?rest_route=\/wp\/v2\/types\/page"}],"author":[{"embeddable":true,"href":"https:\/\/muraste.ee\/vana\/index.php?rest_route=\/wp\/v2\/users\/2"}],"replies":[{"embeddable":true,"href":"https:\/\/muraste.ee\/vana\/index.php?rest_route=%2Fwp%2Fv2%2Fcomments&post=2364"}],"version-history":[{"count":1,"href":"https:\/\/muraste.ee\/vana\/index.php?rest_route=\/wp\/v2\/pages\/2364\/revisions"}],"predecessor-version":[{"id":2366,"href":"https:\/\/muraste.ee\/vana\/index.php?rest_route=\/wp\/v2\/pages\/2364\/revisions\/2366"}],"wp:attachment":[{"href":"https:\/\/muraste.ee\/vana\/index.php?rest_route=%2Fwp%2Fv2%2Fmedia&parent=2364"}],"curies":[{"name":"wp","href":"https:\/\/api.w.org\/{rel}","templated":true}]}}