{"id":2431,"date":"2016-09-26T08:44:24","date_gmt":"2016-09-26T05:44:24","guid":{"rendered":"https:\/\/muraste.ee\/vana\/?page_id=2431"},"modified":"2016-09-26T08:44:24","modified_gmt":"2016-09-26T05:44:24","slug":"nadal-38","status":"publish","type":"page","link":"https:\/\/muraste.ee\/vana\/?page_id=2431","title":{"rendered":"N\u00e4dal 38"},"content":{"rendered":"<h2 style=\"text-align: center;\"><span style=\"color: #993366;\"><strong>N\u00c4DAL 38\u00a0MURASTES*<\/strong><\/span><\/h2>\n<h5 style=\"text-align: center;\"><span style=\"color: #993366;\"><em>*AT- koolimaja aatrium, SP- spordihoone; KO-kogukonnakeskuse ruum; \u00a0 KL- klassiruum; PL-Pangapealse lasteaed<\/em><\/span><\/h5>\n<p style=\"text-align: center;\"><a href=\"https:\/\/muraste.ee\/vana\/wp-content\/uploads\/2016\/03\/pohlad.jpg\" rel=\"attachment wp-att-2368\"><img decoding=\"async\" loading=\"lazy\" class=\"alignnone size-medium wp-image-2368\" src=\"https:\/\/muraste.ee\/vana\/wp-content\/uploads\/2016\/03\/pohlad-225x300.jpg\" alt=\"pohlad\" width=\"225\" height=\"300\" srcset=\"https:\/\/muraste.ee\/vana\/wp-content\/uploads\/2016\/03\/pohlad-225x300.jpg 225w, https:\/\/muraste.ee\/vana\/wp-content\/uploads\/2016\/03\/pohlad-624x832.jpg 624w, https:\/\/muraste.ee\/vana\/wp-content\/uploads\/2016\/03\/pohlad.jpg 720w\" sizes=\"(max-width: 225px) 100vw, 225px\" \/><\/a><\/p>\n<p><span style=\"color: #ff6600;\"><strong><span style=\"color: #339966;\"><span style=\"color: #993366;\">Esmasp\u00e4ev, \u00a019.\u00a0september<\/span><a href=\"https:\/\/muraste.ee\/vana\/wp-content\/uploads\/2016\/03\/14064189_1033895973375760_3926911481667174823_n.jpg\" rel=\"attachment wp-att-2259\"><img decoding=\"async\" loading=\"lazy\" class=\"size-medium wp-image-2259 alignright\" src=\"https:\/\/muraste.ee\/vana\/wp-content\/uploads\/2016\/03\/14064189_1033895973375760_3926911481667174823_n-208x300.jpg\" alt=\"14064189_1033895973375760_3926911481667174823_n\" width=\"208\" height=\"300\" srcset=\"https:\/\/muraste.ee\/vana\/wp-content\/uploads\/2016\/03\/14064189_1033895973375760_3926911481667174823_n-208x300.jpg 208w, https:\/\/muraste.ee\/vana\/wp-content\/uploads\/2016\/03\/14064189_1033895973375760_3926911481667174823_n-624x902.jpg 624w, https:\/\/muraste.ee\/vana\/wp-content\/uploads\/2016\/03\/14064189_1033895973375760_3926911481667174823_n.jpg 664w\" sizes=\"(max-width: 208px) 100vw, 208px\" \/><\/a><\/span><br \/>\n<\/strong><\/span>kl 17.30\u00a0KO,\u00a0<strong>kandleansambel LiULi<\/strong><br \/>\nkl 19 AT, <strong>Suurupi naiskoor Meretule<\/strong> alustas uut lauluhooaega.\u00a0<em>Lauljannad, olete palutud \u2013 Muraste koolimaja aatrium igatseb kuulata teie kauneid h\u00e4\u00e4li!<\/em><br \/>\nkl 19\u00a0KO, Naiskodukaitse Harku r\u00fchma<b>\u00a0koosolek.<\/b><br \/>\nkl 20 PL, <strong>Zumba<\/strong>!<\/p>\n<p><span style=\"color: #993366;\"><strong>Teisip\u00e4eval, \u00a020.\u00a0september<\/strong><\/span><br \/>\nkl 14.40 KO, \u00a0<strong><span style=\"color: #993366;\">UUS!<\/span>\u00a0<\/strong>Alustab<strong> Fa Stuudio muusikaring<\/strong> 1-3 klassi \u00f5pilastele. \u00a0Tunnid toimuvad 1x n\u00e4dalas ja on tasulised\u00a0(17\u20ac\/kuu). Rohkem infot fastuudio@gmail.com v\u00f5i tel 5160031.<\/p>\n<div class=\"text_exposed_show\">\n<p>kl 15 AT, <strong>v\u00f5istlustantsu teeningud algajatele lastele<\/strong> (info www.tantsumeka.ee, Matis Toome, tel 59190800)<\/p>\n<\/div>\n<p><a href=\"https:\/\/muraste.ee\/vana\/wp-content\/uploads\/2016\/03\/matis.jpg\" rel=\"attachment wp-att-2306\"><img decoding=\"async\" loading=\"lazy\" class=\"size-medium wp-image-2306 alignright\" src=\"https:\/\/muraste.ee\/vana\/wp-content\/uploads\/2016\/03\/matis-214x300.jpg\" alt=\"matis\" width=\"214\" height=\"300\" srcset=\"https:\/\/muraste.ee\/vana\/wp-content\/uploads\/2016\/03\/matis-214x300.jpg 214w, https:\/\/muraste.ee\/vana\/wp-content\/uploads\/2016\/03\/matis-768x1076.jpg 768w, https:\/\/muraste.ee\/vana\/wp-content\/uploads\/2016\/03\/matis-731x1024.jpg 731w, https:\/\/muraste.ee\/vana\/wp-content\/uploads\/2016\/03\/matis-624x875.jpg 624w, https:\/\/muraste.ee\/vana\/wp-content\/uploads\/2016\/03\/matis.jpg 1275w\" sizes=\"(max-width: 214px) 100vw, 214px\" \/><\/a><\/p>\n<p>kl 18 KL\u00a0<strong>inglise keele kursus <\/strong><em>(NB! Huviliste olemasolul alustame uue inglise keele algajate\/uuesti alustajate grupiga; algteadmisi omajatel on v\u00f5imalus liituda ka juba t\u00f6\u00f6tava grupiga).<\/em><strong>\u00a0<\/strong>K\u00fcsi lisa juhendajalt tel 56575575.<\/p>\n<p>kl 18 KO <strong>inglise keele vestlusring<\/strong> James Gill\u00b4i juhendamisel. K\u00f5ik inglise keelt praktiseerida soovijad on oodatud!<\/p>\n<p>kl 18.30-19.45 AT<strong>, Seltskonnatantsu j\u00e4tkursus,<\/strong> <strong>II tase<\/strong>. Vt lisatud kuulutust!<\/p>\n<p>kl 19-20.30 SP <strong>v\u00f5rkpall <\/strong>(NB! grupp on t\u00e4is! Uued liituda soovijad v\u00f5rkpallihuvilised &#8211; andke endast teada kogukonnakeskus@muraste.ee\u00a0&#8211;\u00a0piisava arvu huviliste korral saame broneerida v\u00f5rkpallile veel \u00fche m\u00e4nguaja).<\/p>\n<p>kl 19.45-21.00 AT <strong>Seltskonnatantsude harjutustund<\/strong> &#8211; v\u00f5imalus \u00f5pitut kinnistada ja toredas seltskonnas jalga keerutada. Osalus 5 \u20ac\/in<a href=\"https:\/\/muraste.ee\/vana\/wp-content\/uploads\/2016\/03\/zumbasept16.jpg\" rel=\"attachment wp-att-2295\"><br \/>\n<\/a><\/p>\n<p><span style=\"color: #993366;\"><strong>Kolmap\u00e4ev, \u00a021. september<\/strong><\/span><br \/>\nkl 18.30 AT, <span style=\"color: #ff00ff;\">UUS!<\/span>\u00a0<strong>Line-tants\u00a0<\/strong>koolimaja aatriumis.\u00a0 Linetantsu k\u00f5ige suuremaks plussiks on, et see ei n\u00f5ua partneri\u00a0olemasolu ega eelnevat tantsulist kogemust. Linetantsu tantsitakse v\u00e4ga\u00a0erinevate muusikastiilide j\u00e4rgi, mis annab hea v\u00f5imaluse tantsimiseks\u00a0nii noortele kui ka vanematele. Tantsud on erineva tasemega ja\u00a0varieeruvad algajatest kuni edasij\u00f5udnuteni.\u00a0Trenniriietuseks sobivad mugavad riided ja jalatsid.\u00a0Kohtumiseni\u00a0 tantsuplatsil!\u00a0INFO: <a href=\"mailto:kristin@huviline.ee\">kristin@huviline.ee<\/a> v\u00f5i tel 51923590. Osalustasu 5\u20ac\/kord.<\/p>\n<p>kl 19 SP, <strong>korvpall<\/strong> (mehed). K\u00f5ik senised ja k\u00f5ik uued m\u00e4ngijad on v\u00e4ga oodatud! NB! Kui m\u00e4ngijaid ei tule, siis t\u00fchistame saalibroneeringu!<\/p>\n<p>Kl 19 KO, k\u00fclaseltsi juhatuse <strong>koosolek.\u00a0<\/strong><\/p>\n<p><span style=\"color: #000000;\">kl\u00a019.40\u00a0AT <strong><span style=\"color: #993366;\">UUS!\u00a0<\/span>K<\/strong><\/span><strong>undalin-jooga. <\/strong>\u00a0Juhendajaks\u00a0\u00a0sel hooajal \u00a0on ps\u00fchholoogilise n\u00f5ustajana ja pereterapeudina t\u00f6\u00f6tav \u00a0ning\u00a0\u00a0Rahvusvahelise Kundalini Jooga \u00d5petajate Assotsiatsiooni (IKYTA) liige Algi Samm \u00a0(Phd). Pea 20 aastat on juhendaja elu\u00a0saatnud joogalik elufilosoofia ning ta on ennast koolitanud Kundalini jooga \u00f5petajaks.\u00a0Jooga p\u00e4rineb inimkogemusest, sisaldades tehnikaid tervisliku, \u00f5nneliku ja teadliku elu elamiseks. Kundalini jooga tunnis saad l\u00e4bi liikumise, hingamise, heli ja meditatsiooni l\u00f5dvestuda, et oma tegelikule olemusele l\u00e4hemale liikuda, mis lubab sul olla Sina ise. Kundalini jooga\u00a0\u00f5petuste pagas on rikkalik. J\u00f5udmaks iseendani, on Sul joogatunnis v\u00f5imalus kogeda f\u00fc\u00fcsilist v\u00e4ljakutset, \u00f5ppida n\u00e4gema oma meelem\u00e4nge ning juhtima emotsioone. Joogatund sobib nii algajatele kui ka edasij\u00f5udnutele.<br \/>\n\u00dche joogatunni tasu on 10 \u20ac; 10\u00a0korra kaart 90 \u20ac.\u00a0Esimese, 14.09 toimuva tunni tasu on annetuslik. Rohkem teavet ja registreerumine \u00a0<strong><span style=\"color: #0000ff;\">algi.samm@mail.ee\u00a0<\/span><\/strong>, <span style=\"color: #000000;\">tel 5019402.<\/span><\/p>\n<p><span style=\"color: #ff6600;\"><strong><span style=\"color: #339966;\"><span style=\"color: #993366;\">Neljap\u00e4ev, 22.\u00a0september<\/span><br \/>\n<\/span><\/strong><\/span>kl 15 AT, <strong>v\u00f5istlustantsu teeningud algajatele lastele<\/strong> (info www.tantsumeka.ee, Matis Toome, tel 59190800)<\/p>\n<p><span style=\"color: #ff6600;\"><span style=\"color: #000000;\">kl 19 SP, <strong>korvpall<\/strong> (naised). K\u00f5ik senised ja k\u00f5ik uued m\u00e4ngijad on v\u00e4ga oodatud! NB! Kui m\u00e4ngijaid ei tule, siis t\u00fchistame saalibroneeringu!<\/span><\/span><\/p>\n<p><span style=\"color: #ff6600;\"><span style=\"color: #000000;\">kl 20\u00a0PL,\u00a0<strong>Zumba<\/strong>!<br \/>\n<\/span><\/span><\/p>\n<p>kl 19-21 AT,<strong> <span style=\"color: #800080;\">UUS!<\/span><\/strong><span style=\"color: #800080;\">\u00a0<span style=\"color: #000000;\"><strong>TANTSUTUBA!<\/strong><\/span><\/span>\u00a0 Kel jalg tantsule kisub, on oodatud!<\/p>\n<p><img decoding=\"async\" loading=\"lazy\" class=\"alignnone size-full wp-image-2321\" src=\"https:\/\/muraste.ee\/vana\/wp-content\/uploads\/2016\/03\/tantsu.jpg\" alt=\"tantsu\" width=\"720\" height=\"960\" srcset=\"https:\/\/muraste.ee\/vana\/wp-content\/uploads\/2016\/03\/tantsu.jpg 720w, https:\/\/muraste.ee\/vana\/wp-content\/uploads\/2016\/03\/tantsu-225x300.jpg 225w, https:\/\/muraste.ee\/vana\/wp-content\/uploads\/2016\/03\/tantsu-624x832.jpg 624w\" sizes=\"(max-width: 720px) 100vw, 720px\" \/><\/p>\n<p><strong><span style=\"color: #800080;\">Laup\u00e4ev, 24. september<\/span><\/strong><br \/>\nkl 12 ootame\u00a0k\u00f5iki ilust ja heakorrast hoolivaid murastelasi ning vahvat kooliperet <strong><a href=\"https:\/\/www.facebook.com\/events\/1739579269638045\/\" target=\"_blank\">MURASTE KOOLI SUURELE TALGUP\u00c4EVALE<\/a><\/strong>.\u00a0T\u00f6\u00f6d jagub kogu perele!<br \/>\nPAKUME staadioni-, kaugush\u00fcppe- ja teeradade rohimist , v\u00f5rkpalliplatsi korrastamist, haljasalade ja kadakatealuse niitmist-puhastamist, v\u00f5sa hooldamist, tulevase \u00f5ues\u00f5ppeklassi ala ettevalmistamist. Kui rahvast koguneb piiisavalt palju, siis \u201ekomandeerime\u201c 4-6 talgulist Paeplatsile likvideerima tuleroaks sattunud katusealuse rususid.<br \/>\nOOTAME, et v\u00f5taksite kaasa just need t\u00f6\u00f6riistad, millega end h\u00e4sti tunnete: k\u00f5blas, reha, labidas, pang, k\u00e4ru, trimmer, oksak\u00e4\u00e4rid, k\u00e4si-v\u00f5i mootorsaag, niiduk&#8230;<br \/>\nPAKUME talgusuppi ja r\u00f5\u00f5mu heas korras kooli\u00fcmbrusest!<br \/>\nInfo ja registreerumine (et teaksime, millise varustusega abij\u00f5ud talgup\u00e4evale saabumas on ning kui palju tuleb talgusuppi keeta ) Facebookis selleks loodud\u00a0\u00fcrituse lehel v\u00f5i kogukonnakeskus@muraste.ee<wbr \/> v\u00f5i tel 5253128<\/p>\n<p><span style=\"color: #ff0000;\"><a style=\"color: #ff0000;\" href=\"https:\/\/muraste.ee\/vana\/wp-content\/uploads\/2016\/03\/TALGUD-TULEMAS.png\" rel=\"attachment wp-att-2373\"><img decoding=\"async\" loading=\"lazy\" class=\"alignnone size-large wp-image-2373\" src=\"https:\/\/muraste.ee\/vana\/wp-content\/uploads\/2016\/03\/TALGUD-TULEMAS-1024x614.png\" alt=\"talgud-tulemas\" width=\"625\" height=\"375\" srcset=\"https:\/\/muraste.ee\/vana\/wp-content\/uploads\/2016\/03\/TALGUD-TULEMAS-1024x614.png 1024w, https:\/\/muraste.ee\/vana\/wp-content\/uploads\/2016\/03\/TALGUD-TULEMAS-300x180.png 300w, https:\/\/muraste.ee\/vana\/wp-content\/uploads\/2016\/03\/TALGUD-TULEMAS-768x461.png 768w, https:\/\/muraste.ee\/vana\/wp-content\/uploads\/2016\/03\/TALGUD-TULEMAS-624x374.png 624w, https:\/\/muraste.ee\/vana\/wp-content\/uploads\/2016\/03\/TALGUD-TULEMAS.png 1280w\" sizes=\"(max-width: 625px) 100vw, 625px\" \/><\/a><\/span><\/p>\n<p><span style=\"color: #800080;\"><strong>P\u00fchap\u00e4ev, 25. september<\/strong><\/span><br \/>\n<strong><span style=\"color: #800080;\">S\u00fcgismatk!\u00a0<\/span><\/strong>\u00a0Naiskodukaitse Harku jaoskond kutsib k\u00f5iki v\u00e4ikesele p\u00f5nevale ja \u00f5petlikule metsamatkale koos taasloodud Naiskodukaitse Harku jaoskonna liikmetega!<br \/>\nSaame nii m\u00f5ndagi uut ja huvitavat teada meie metsades kasvavatest puudest.<br \/>\n<strong>Matk algab kl 12 ja l\u00f5peb ca kl 15<\/strong>\u00a0Muraste kooli juures. Peale matka pakume teed ning v\u00e4ikesi suupisteid. Tutvustame Naiskodukaitse Harku jaoskonda, kohale lubasid tulla ennast tutvustama Kodut\u00fctarde ja Noorte Kotkaste esindajad Keilast.<br \/>\nRiietus vastavalt ilmale ja \u00e4rge unustage joogipudelit kaasa v\u00f5tta!\u00a0Info ja registreerumine <span style=\"color: #ff0000;\"><strong><a style=\"color: #ff0000;\" href=\"https:\/\/www.facebook.com\/events\/939889432784096\/?notif_t=plan_user_invited&amp;notif_id=1474433874495800\" target=\"_blank\">siin<\/a><\/strong><\/span>\u00a0v\u00f5i \u00a0<span style=\"color: #ff0000;\">nkkharku@gmail.com<\/span><\/p>\n<p><span style=\"color: #339966;\"><strong><span style=\"color: #0000ff;\"><span style=\"color: #ff6600;\">TULEKUL:<a href=\"https:\/\/muraste.ee\/vana\/wp-content\/uploads\/2016\/03\/lulu2.jpg\" rel=\"attachment wp-att-2375\"><img decoding=\"async\" loading=\"lazy\" class=\"size-medium wp-image-2375 alignright\" src=\"https:\/\/muraste.ee\/vana\/wp-content\/uploads\/2016\/03\/lulu2-212x300.jpg\" alt=\"lulu2\" width=\"212\" height=\"300\" srcset=\"https:\/\/muraste.ee\/vana\/wp-content\/uploads\/2016\/03\/lulu2-212x300.jpg 212w, https:\/\/muraste.ee\/vana\/wp-content\/uploads\/2016\/03\/lulu2.jpg 440w\" sizes=\"(max-width: 212px) 100vw, 212px\" \/><\/a><\/span><br \/>\n<\/span><\/strong><\/span>30. september kl 19 AT, <strong>Muraste kodune filmi\u00f5htu<\/strong>: ekraanil uus Eesti m\u00e4ngufilm <strong><a href=\"http:\/\/allfilm.ee\/et\/projektid\/luuraja-ja-luuletaja\/\" target=\"_blank\">&#8220;Luuraja ja luuletaja&#8221;<\/a><\/strong>! Pilet 4.- t\u00e4iskasvanud\/2.50 \u00f5pilasele.<\/p>\n<p>Filmi treiler vaatamiseks <strong><span style=\"color: #800080;\"><a style=\"color: #800080;\" href=\"https:\/\/www.youtube.com\/watch?v=ZLDPup89fHs\" target=\"_blank\">siin<\/a><\/span><\/strong>:<\/p>\n<p>14. oktoobril kl 19 AT, <strong>Muraste kodune filmi\u00f5htu<\/strong>: ekraanil <a href=\"http:\/\/www.amrion.ee\/index2.php?id=10537\" target=\"_blank\">&#8220;Teesklejad&#8221;<\/a>\u00a0-esimese Eesti filmina maineka San Sebastiani filmifestivali ametlikku v\u00f5istlusprogrammi kuuluv re\u017eis\u00f6\u00f6r Vallo Toomla m\u00e4ngufilm.Pilet 4.- t\u00e4iskasvanud\/2.50 \u00f5pilasele.<\/p>\n<p>Filmi treiler vaatamiseks <span style=\"color: #993366;\"><strong><a href=\"https:\/\/www.youtube.com\/watch?v=UVBKskpnuYM\" target=\"_blank\">siin<\/a><\/strong><\/span>:<\/p>\n<p><span style=\"color: #800080;\"><strong>Teatris\u00f5brad!<\/strong> <\/span>28. oktoobril on Muraste koolimajas <strong><a href=\"https:\/\/muraste.ee\/vana\/?p=2354\" target=\"_blank\">Kuusalurahva Teater etendusega &#8220;Teise mehe pea&#8221;<\/a><\/strong>. Tulge saama teatrielamust kodu l\u00e4hedal!<\/p>\n<p><a href=\"https:\/\/muraste.ee\/vana\/wp-content\/uploads\/2016\/03\/mehe-pea.jpg\" rel=\"attachment wp-att-2376\"><img decoding=\"async\" loading=\"lazy\" class=\"alignnone size-full wp-image-2376\" src=\"https:\/\/muraste.ee\/vana\/wp-content\/uploads\/2016\/03\/mehe-pea.jpg\" alt=\"mehe-pea\" width=\"679\" height=\"960\" srcset=\"https:\/\/muraste.ee\/vana\/wp-content\/uploads\/2016\/03\/mehe-pea.jpg 679w, https:\/\/muraste.ee\/vana\/wp-content\/uploads\/2016\/03\/mehe-pea-212x300.jpg 212w, https:\/\/muraste.ee\/vana\/wp-content\/uploads\/2016\/03\/mehe-pea-624x882.jpg 624w\" sizes=\"(max-width: 679px) 100vw, 679px\" \/><\/a><\/p>\n<p>JK Tabasalu alustab<span style=\"color: #339966;\"><strong> <a style=\"color: #339966;\" href=\"https:\/\/muraste.ee\/vana\/?p=2153\" target=\"_blank\">jalgpallitreeningutega Murastes, Pangapealse lasteaias<\/a><\/strong>. <\/span>Kliki ja loe rohkem!<a href=\"https:\/\/muraste.ee\/vana\/wp-content\/uploads\/2016\/03\/kamee.jpg\" rel=\"attachment wp-att-2381\"><img decoding=\"async\" loading=\"lazy\" class=\"size-medium wp-image-2381 alignright\" src=\"https:\/\/muraste.ee\/vana\/wp-content\/uploads\/2016\/03\/kamee-300x169.jpg\" alt=\"kamee\" width=\"300\" height=\"169\" srcset=\"https:\/\/muraste.ee\/vana\/wp-content\/uploads\/2016\/03\/kamee-300x169.jpg 300w, https:\/\/muraste.ee\/vana\/wp-content\/uploads\/2016\/03\/kamee-768x432.jpg 768w, https:\/\/muraste.ee\/vana\/wp-content\/uploads\/2016\/03\/kamee-624x351.jpg 624w, https:\/\/muraste.ee\/vana\/wp-content\/uploads\/2016\/03\/kamee-128x72.jpg 128w, https:\/\/muraste.ee\/vana\/wp-content\/uploads\/2016\/03\/kamee.jpg 960w\" sizes=\"(max-width: 300px) 100vw, 300px\" \/><\/a><\/p>\n<p><span style=\"color: #993366;\"><strong>K\u00e4sit\u00f6\u00f6huvilised! <\/strong><span style=\"color: #000000;\">Muraste k\u00e4sit\u00f6\u00f6tuba avab hooaja 18. oktoobril, seekord valmistame\u00a0<strong>imelise kamee<\/strong>! T\u00e4psem info uuel n\u00e4dalal!\u00a0<\/span><\/span><\/p>\n<div><\/div>\n<p><span style=\"color: #993366;\"><strong>Keelehuvilised! <\/strong><\/span>Huviliste olemasolul alustame uue inglise keele uuesti alustajate \/algajate grupiga. Samuti on taas teemaks saksa, hispaania ja rootsi keele \u00f5ppijate algajate grupi kokkukutsumine. Andke oma soovidest ja ootustest teada ikka kogukonnakeskus@muraste.ee<\/p>\n<p><span style=\"color: #993366;\"><strong>Merehuvilised! <\/strong><\/span>Kui on piisav arv huvilisi, oleme valmis Murastesse tooma \u00a0v\u00e4ikelaeva juhi kursused. V\u00f5imalik kursuse aeg oleks talv\/kevad, ettevalmistustega \u00a0tuleb alustada aga juba n\u00fc\u00fcd. Seega: kindlad huvilised, palun andke endast teada kogukonnnakeskus@muraste.ee<\/p>\n<p>Tulemas on kaks v\u00e4ga head ja vajalikku koolitusprogrammi: <span style=\"color: #339966;\"><strong><a style=\"color: #339966;\" href=\"https:\/\/muraste.ee\/vana\/?p=2125\" target=\"_blank\">Kuidas hoida head<\/a>?<\/strong><\/span> ja <span style=\"color: #339966;\"><strong><a style=\"color: #339966;\" href=\"https:\/\/muraste.ee\/vana\/?p=2130\" target=\"_blank\">Minu suhe on minu k\u00e4tes<\/a>.<\/strong><\/span><span style=\"color: #000000;\">\u00a0Kliki ja loe lisa!<\/span><\/p>\n<p><span style=\"color: #993366;\"><strong>Maiasmokad!<\/strong> <\/span>See teade on teile!<\/p>\n<p><a href=\"https:\/\/muraste.ee\/vana\/wp-content\/uploads\/2016\/03\/mesi-2016-muraste.jpg\" rel=\"attachment wp-att-2213\"><img decoding=\"async\" loading=\"lazy\" class=\"alignnone size-full wp-image-2213\" src=\"https:\/\/muraste.ee\/vana\/wp-content\/uploads\/2016\/03\/mesi-2016-muraste.jpg\" alt=\"mesi 2016 muraste\" width=\"643\" height=\"427\" srcset=\"https:\/\/muraste.ee\/vana\/wp-content\/uploads\/2016\/03\/mesi-2016-muraste.jpg 643w, https:\/\/muraste.ee\/vana\/wp-content\/uploads\/2016\/03\/mesi-2016-muraste-300x199.jpg 300w, https:\/\/muraste.ee\/vana\/wp-content\/uploads\/2016\/03\/mesi-2016-muraste-624x414.jpg 624w\" sizes=\"(max-width: 643px) 100vw, 643px\" \/><\/a><\/p>\n<p><span style=\"color: #ff6600;\"><strong>Teisip\u00e4evad on Murastes taas tantsup\u00e4evad!<\/strong><\/span><br \/>\nkl 19.45-21.00 AT, alates 23.august <strong>Seltskonnatantsude harjutustund<\/strong> -v\u00f5imalus \u00f5pitut kinnistada ja toredas seltskonnas jalga keerutada. Osalus 5 \u20ac\/in<br \/>\nkl 18.30-19.45 AT,<span style=\"color: #ff6600;\"><strong> UUS! <\/strong><\/span>6. september \u2013 25. oktoober \u2013 <strong>Seltskonnatantsu J\u00c4TKUkursus<\/strong> II tase. Vt lisatud kuulutust!<br \/>\nkl 18.30-19.45 AT, <strong><span style=\"color: #ff0000;\"><span style=\"color: #ff6600;\">UUS!<\/span> <\/span><\/strong>1. november \u2013 20. detsember \u2013 <strong>Seltskonnatantsu ALGkursus<\/strong>, Vt lisatud kuulutust!<\/p>\n<p><a href=\"https:\/\/muraste.ee\/vana\/wp-content\/uploads\/2016\/03\/revalia_muraste_august2016_2.jpg\" rel=\"attachment wp-att-2116\"><img decoding=\"async\" loading=\"lazy\" class=\"alignnone size-large wp-image-2116\" src=\"https:\/\/muraste.ee\/vana\/wp-content\/uploads\/2016\/03\/revalia_muraste_august2016_2-482x1024.jpg\" alt=\"revalia_muraste_august2016_2\" width=\"482\" height=\"1024\" srcset=\"https:\/\/muraste.ee\/vana\/wp-content\/uploads\/2016\/03\/revalia_muraste_august2016_2-482x1024.jpg 482w, https:\/\/muraste.ee\/vana\/wp-content\/uploads\/2016\/03\/revalia_muraste_august2016_2-141x300.jpg 141w, https:\/\/muraste.ee\/vana\/wp-content\/uploads\/2016\/03\/revalia_muraste_august2016_2-624x1325.jpg 624w, https:\/\/muraste.ee\/vana\/wp-content\/uploads\/2016\/03\/revalia_muraste_august2016_2.jpg 701w\" sizes=\"(max-width: 482px) 100vw, 482px\" \/><\/a><\/p>\n<p><a href=\"https:\/\/muraste.ee\/vana\/wp-content\/uploads\/2016\/03\/revalia_muraste_august2016_1.jpg\" rel=\"attachment wp-att-2117\"><img decoding=\"async\" loading=\"lazy\" class=\"alignnone size-large wp-image-2117\" src=\"https:\/\/muraste.ee\/vana\/wp-content\/uploads\/2016\/03\/revalia_muraste_august2016_1-482x1024.jpg\" alt=\"revalia_muraste_august2016_1\" width=\"482\" height=\"1024\" srcset=\"https:\/\/muraste.ee\/vana\/wp-content\/uploads\/2016\/03\/revalia_muraste_august2016_1-482x1024.jpg 482w, https:\/\/muraste.ee\/vana\/wp-content\/uploads\/2016\/03\/revalia_muraste_august2016_1-141x300.jpg 141w, https:\/\/muraste.ee\/vana\/wp-content\/uploads\/2016\/03\/revalia_muraste_august2016_1-624x1325.jpg 624w, https:\/\/muraste.ee\/vana\/wp-content\/uploads\/2016\/03\/revalia_muraste_august2016_1.jpg 701w\" sizes=\"(max-width: 482px) 100vw, 482px\" \/><\/a><\/p>\n<p><strong>Teadmiseks: <\/strong>Muraste igan\u00e4dalase e-infokirjaga liitumiseks saada sellekohane teade muraste@muraste.ee<\/p>\n<p style=\"text-align: left;\"><strong>Muraste kogukonnakeskus<\/strong><span style=\"color: #ff9900;\"> <span style=\"color: #000000;\">(<\/span><\/span>Lee tee 9, Muraste) avatud E-N 10-18, R 10-16.<br \/>\nT\u00e4psustused ja info: kogukonnakeskus@muraste.ee; 5253128 (Aule Kikas).<\/p>\n","protected":false},"excerpt":{"rendered":"<p>N\u00c4DAL 38\u00a0MURASTES* *AT- koolimaja aatrium, SP- spordihoone; KO-kogukonnakeskuse ruum; \u00a0 KL- klassiruum; PL-Pangapealse lasteaed Esmasp\u00e4ev, \u00a019.\u00a0september kl 17.30\u00a0KO,\u00a0kandleansambel LiULi kl 19 AT, Suurupi naiskoor Meretule alustas uut lauluhooaega.\u00a0Lauljannad, olete palutud \u2013 Muraste koolimaja aatrium igatseb kuulata teie kauneid h\u00e4\u00e4li! kl 19\u00a0KO, Naiskodukaitse Harku r\u00fchma\u00a0koosolek. kl 20 PL, Zumba! Teisip\u00e4eval, \u00a020.\u00a0september kl 14.40 KO, \u00a0UUS!\u00a0Alustab Fa<a class=\"moretag\" href=\"https:\/\/muraste.ee\/vana\/?page_id=2431\"><br \/>&#8230;Loe edasi<\/a><\/p>\n","protected":false},"author":2,"featured_media":0,"parent":0,"menu_order":0,"comment_status":"closed","ping_status":"closed","template":"","meta":{"_bbp_topic_count":0,"_bbp_reply_count":0,"_bbp_total_topic_count":0,"_bbp_total_reply_count":0,"_bbp_voice_count":0,"_bbp_anonymous_reply_count":0,"_bbp_topic_count_hidden":0,"_bbp_reply_count_hidden":0,"_bbp_forum_subforum_count":0,"_mc_calendar":[]},"_links":{"self":[{"href":"https:\/\/muraste.ee\/vana\/index.php?rest_route=\/wp\/v2\/pages\/2431"}],"collection":[{"href":"https:\/\/muraste.ee\/vana\/index.php?rest_route=\/wp\/v2\/pages"}],"about":[{"href":"https:\/\/muraste.ee\/vana\/index.php?rest_route=\/wp\/v2\/types\/page"}],"author":[{"embeddable":true,"href":"https:\/\/muraste.ee\/vana\/index.php?rest_route=\/wp\/v2\/users\/2"}],"replies":[{"embeddable":true,"href":"https:\/\/muraste.ee\/vana\/index.php?rest_route=%2Fwp%2Fv2%2Fcomments&post=2431"}],"version-history":[{"count":1,"href":"https:\/\/muraste.ee\/vana\/index.php?rest_route=\/wp\/v2\/pages\/2431\/revisions"}],"predecessor-version":[{"id":2433,"href":"https:\/\/muraste.ee\/vana\/index.php?rest_route=\/wp\/v2\/pages\/2431\/revisions\/2433"}],"wp:attachment":[{"href":"https:\/\/muraste.ee\/vana\/index.php?rest_route=%2Fwp%2Fv2%2Fmedia&parent=2431"}],"curies":[{"name":"wp","href":"https:\/\/api.w.org\/{rel}","templated":true}]}}