{"id":2685,"date":"2016-11-07T08:49:33","date_gmt":"2016-11-07T06:49:33","guid":{"rendered":"https:\/\/muraste.ee\/vana\/?page_id=2685"},"modified":"2016-11-07T08:49:33","modified_gmt":"2016-11-07T06:49:33","slug":"nadal-44","status":"publish","type":"page","link":"https:\/\/muraste.ee\/vana\/?page_id=2685","title":{"rendered":"N\u00e4dal 44"},"content":{"rendered":"<h2 style=\"text-align: center;\"><span style=\"color: #008000;\"><strong>N\u00c4DAL 44 MURASTES*<\/strong><\/span><\/h2>\n<h5 style=\"text-align: left;\"><strong><span style=\"color: #999999;\"><em>*AT- koolimaja aatrium, SP- spordihoone; KO-kogukonnakeskuse ruum; \u00a0 KL- klassiruum; PL-Pangapealse lasteaed, PLF- Pangapealse lasteaia filiaali ruum Muraste koolimajas\u00a0<a href=\"https:\/\/muraste.ee\/vana\/wp-content\/uploads\/2016\/03\/naissaarkivi.jpg\" rel=\"attachment wp-att-2540\"><br \/>\n<\/a><\/em><\/span><\/strong><\/h5>\n<p><a href=\"https:\/\/muraste.ee\/vana\/wp-content\/uploads\/2016\/03\/14716220_341279679558187_7320118118013884533_n.jpg\" rel=\"attachment wp-att-2642\"><img decoding=\"async\" loading=\"lazy\" class=\"size-medium wp-image-2642 aligncenter\" src=\"https:\/\/muraste.ee\/vana\/wp-content\/uploads\/2016\/03\/14716220_341279679558187_7320118118013884533_n-300x115.jpg\" alt=\"14716220_341279679558187_7320118118013884533_n\" width=\"300\" height=\"115\" srcset=\"https:\/\/muraste.ee\/vana\/wp-content\/uploads\/2016\/03\/14716220_341279679558187_7320118118013884533_n-300x115.jpg 300w, https:\/\/muraste.ee\/vana\/wp-content\/uploads\/2016\/03\/14716220_341279679558187_7320118118013884533_n-768x294.jpg 768w, https:\/\/muraste.ee\/vana\/wp-content\/uploads\/2016\/03\/14716220_341279679558187_7320118118013884533_n-624x239.jpg 624w, https:\/\/muraste.ee\/vana\/wp-content\/uploads\/2016\/03\/14716220_341279679558187_7320118118013884533_n.jpg 960w\" sizes=\"(max-width: 300px) 100vw, 300px\" \/><\/a><\/p>\n<p style=\"text-align: left;\"><em><span style=\"color: #008000;\">Pildid:<\/span> Murastes tehti kultuuriajalugu &#8211; 27. oktoobril esitleti kandleansambel LiULi eestvedamisel ja tekstiilikunstnik Ene Parsi k\u00e4e all valminud Suurupi poolsaare autentset rahvuslikku triibustikku. Triibukoodi legendiga saate tutvuda nii kandleansambli kodulehel kui ka Muraste kogukonnakeskuses. Peatselt saab legendi lugeda ka meie kodulehelt. Palju \u00f5nne ja suur t\u00e4nu k\u00f5igile asjaosalistele v\u00e4geva s\u00f5numiga triibukoodi eest!<\/em><\/p>\n<p style=\"text-align: left;\"><a href=\"https:\/\/muraste.ee\/vana\/wp-content\/uploads\/2016\/03\/14606497_1093028480795842_4969738876902318482_n.jpg\" rel=\"attachment wp-att-2658\"><img decoding=\"async\" loading=\"lazy\" class=\"alignnone size-medium wp-image-2658\" src=\"https:\/\/muraste.ee\/vana\/wp-content\/uploads\/2016\/03\/14606497_1093028480795842_4969738876902318482_n-300x169.jpg\" alt=\"14606497_1093028480795842_4969738876902318482_n\" width=\"300\" height=\"169\" srcset=\"https:\/\/muraste.ee\/vana\/wp-content\/uploads\/2016\/03\/14606497_1093028480795842_4969738876902318482_n-300x169.jpg 300w, https:\/\/muraste.ee\/vana\/wp-content\/uploads\/2016\/03\/14606497_1093028480795842_4969738876902318482_n-768x432.jpg 768w, https:\/\/muraste.ee\/vana\/wp-content\/uploads\/2016\/03\/14606497_1093028480795842_4969738876902318482_n-624x351.jpg 624w, https:\/\/muraste.ee\/vana\/wp-content\/uploads\/2016\/03\/14606497_1093028480795842_4969738876902318482_n-128x72.jpg 128w, https:\/\/muraste.ee\/vana\/wp-content\/uploads\/2016\/03\/14606497_1093028480795842_4969738876902318482_n.jpg 800w\" sizes=\"(max-width: 300px) 100vw, 300px\" \/><\/a>\u00a0<a href=\"https:\/\/muraste.ee\/vana\/wp-content\/uploads\/2016\/03\/14900565_1093028487462508_7589453006794220568_n.jpg\" rel=\"attachment wp-att-2659\"><img decoding=\"async\" loading=\"lazy\" class=\"alignnone size-medium wp-image-2659\" src=\"https:\/\/muraste.ee\/vana\/wp-content\/uploads\/2016\/03\/14900565_1093028487462508_7589453006794220568_n-300x169.jpg\" alt=\"14900565_1093028487462508_7589453006794220568_n\" width=\"300\" height=\"169\" srcset=\"https:\/\/muraste.ee\/vana\/wp-content\/uploads\/2016\/03\/14900565_1093028487462508_7589453006794220568_n-300x169.jpg 300w, https:\/\/muraste.ee\/vana\/wp-content\/uploads\/2016\/03\/14900565_1093028487462508_7589453006794220568_n-768x432.jpg 768w, https:\/\/muraste.ee\/vana\/wp-content\/uploads\/2016\/03\/14900565_1093028487462508_7589453006794220568_n-624x351.jpg 624w, https:\/\/muraste.ee\/vana\/wp-content\/uploads\/2016\/03\/14900565_1093028487462508_7589453006794220568_n-128x72.jpg 128w, https:\/\/muraste.ee\/vana\/wp-content\/uploads\/2016\/03\/14900565_1093028487462508_7589453006794220568_n.jpg 960w\" sizes=\"(max-width: 300px) 100vw, 300px\" \/><\/a><\/p>\n<p><span style=\"color: #ff6600;\"><span style=\"color: #339966;\"><span style=\"color: #993366;\"><span style=\"color: #00ccff;\"><strong><span style=\"color: #008000;\">Esmasp\u00e4ev, \u00a031. oktoober<\/span><\/strong><a href=\"https:\/\/muraste.ee\/vana\/wp-content\/uploads\/2016\/03\/jooga-uus.jpg\" rel=\"attachment wp-att-2621\"><img decoding=\"async\" loading=\"lazy\" class=\"size-medium wp-image-2621 alignright\" src=\"https:\/\/muraste.ee\/vana\/wp-content\/uploads\/2016\/03\/jooga-uus-300x200.jpg\" alt=\"jooga-uus\" width=\"300\" height=\"200\" srcset=\"https:\/\/muraste.ee\/vana\/wp-content\/uploads\/2016\/03\/jooga-uus-300x200.jpg 300w, https:\/\/muraste.ee\/vana\/wp-content\/uploads\/2016\/03\/jooga-uus-624x416.jpg 624w, https:\/\/muraste.ee\/vana\/wp-content\/uploads\/2016\/03\/jooga-uus.jpg 640w\" sizes=\"(max-width: 300px) 100vw, 300px\" \/><\/a><\/span><br \/>\n<\/span><\/span><strong><span style=\"color: #339966;\"><br \/>\n<\/span><\/strong><\/span>kl 14-15 AT, Tallinna Tantsuklubi &#8220;My Dance&#8221; <strong>showtants<\/strong>. 2x n\u00e4dalas\/30\u20ac kuu. Igale liitujale klubi s\u00e4rk tasuta. Rohkem infot www.mydance.ee<br \/>\nkl 15-16.30 SP, Judoklubi &#8220;Aitado&#8221;\u00a0<strong>Judo<\/strong> (7-9 a), Rohkem infot sensei Edward Murel, murel.edward@gmail.com<a href=\"https:\/\/muraste.ee\/vana\/wp-content\/uploads\/2016\/03\/nov-zumba.jpg\" rel=\"attachment wp-att-2679\"><img decoding=\"async\" loading=\"lazy\" class=\"size-medium wp-image-2679 alignleft\" src=\"https:\/\/muraste.ee\/vana\/wp-content\/uploads\/2016\/03\/nov-zumba-212x300.jpg\" alt=\"nov-zumba\" width=\"212\" height=\"300\" srcset=\"https:\/\/muraste.ee\/vana\/wp-content\/uploads\/2016\/03\/nov-zumba-212x300.jpg 212w, https:\/\/muraste.ee\/vana\/wp-content\/uploads\/2016\/03\/nov-zumba-624x884.jpg 624w, https:\/\/muraste.ee\/vana\/wp-content\/uploads\/2016\/03\/nov-zumba.jpg 678w\" sizes=\"(max-width: 212px) 100vw, 212px\" \/><\/a><\/p>\n<p>kl 15.30-18.30 KL, <strong>Eelkool<\/strong> (1.grupp). Juhendab Kristi Bauman. Info www.huviringid.ee<br \/>\nkl 16.30-17.30 SP, <strong>K\u00e4sipall<\/strong> (1-5 kl); Info HC Tallinn, www.hctallinn.ee<br \/>\nkl 17.30 KO, <strong>Kandleansambel<\/strong> <strong>LiULi<\/strong><br \/>\nkl 19 SP, <span style=\"color: #ff0000;\"><strong>UUS AEG!<\/strong> <span style=\"color: #000000;\"><strong>Korvpall naistele!<\/strong> <strong><span style=\"color: #ff0000;\">NB!<\/span> <\/strong>K\u00f5ik senised ja k\u00f5ik uued m\u00e4ngijad on v\u00e4ga oodatud!\u00a0<\/span><\/span><br \/>\nkl 19 AT, <strong>Suurupi naiskoor Meretule<\/strong><br \/>\nkl 19 KO, Muraste <strong>turvalisuse t\u00f6\u00f6r\u00fchma<\/strong> koosolek<br \/>\nkl 19.30 PLF,\u00a0<span style=\"color: #ff0000;\"><strong>UUS! <\/strong><\/span><span style=\"color: #993366;\"><strong><span style=\"color: #ff0000;\">Hatha Krija<\/span><\/strong><span style=\"color: #000000;\"> <strong>jooga<\/strong><\/span><\/span><span style=\"color: #000000;\"><strong>,<\/strong> <\/span>juhendab Gristel Pagi (vt lisatud reklaam)<br \/>\nkl 20 PL, <strong>Zumba fitness &#8211; tantsuline treening<\/strong><\/p>\n<p><span style=\"color: #ff99cc;\"><strong><span style=\"color: #008000;\">Teisip\u00e4ev, \u00a01. november<\/span><img decoding=\"async\" loading=\"lazy\" class=\"wp-image-2117 alignright\" src=\"https:\/\/muraste.ee\/vana\/wp-content\/uploads\/2016\/03\/revalia_muraste_august2016_1-482x1024.jpg\" alt=\"revalia_muraste_august2016_1\" width=\"293\" height=\"622\" srcset=\"https:\/\/muraste.ee\/vana\/wp-content\/uploads\/2016\/03\/revalia_muraste_august2016_1-482x1024.jpg 482w, https:\/\/muraste.ee\/vana\/wp-content\/uploads\/2016\/03\/revalia_muraste_august2016_1-141x300.jpg 141w, https:\/\/muraste.ee\/vana\/wp-content\/uploads\/2016\/03\/revalia_muraste_august2016_1-624x1325.jpg 624w, https:\/\/muraste.ee\/vana\/wp-content\/uploads\/2016\/03\/revalia_muraste_august2016_1.jpg 701w\" sizes=\"(max-width: 293px) 100vw, 293px\" \/><\/strong><\/span><br \/>\nkl 14.40 KO, <strong>\u00a0Fa Stuudio muusikaring<\/strong> 1-3 klassi \u00f5pilastele. \u00a0Tunnid toimuvad 1x n\u00e4dalas ja on tasulised\u00a0(17\u20ac\/kuu). Rohkem infot fastuudio@gmail.com v\u00f5i tel 5160031.<br \/>\nkl 15-16.30 <strong>Korvpall<\/strong> (1-5 klass); juhendab Chris Moore (Tabasalu Palliklubi). Info tabasalupk@rim.ee<br \/>\nkl 15 AT, <strong>v\u00f5istlustantsu teeningud algajatele lastele<\/strong> (info www.tantsumeka.ee, Matis Toome, tel 59190800)<\/p>\n<div class=\"text_exposed_show\"><\/div>\n<p>kl 18 KL\u00a0<strong>inglise keele kursus <\/strong><em>(algteadmisi omajatel on v\u00f5imalus liituda ka juba t\u00f6\u00f6tava grupiga).<\/em><strong>\u00a0<\/strong>K\u00fcsi lisa juhendajalt tel 56575575.<br \/>\nkl 18 KL,\u00a0<strong>inglise keele vestlusring<\/strong> James Gill\u00b4i juhendamisel. K\u00f5ik inglise keelt praktiseerida soovijad on oodatud!<br \/>\nkl 19-20.30 SP, <strong><span style=\"color: #ff0000;\">UUS!<\/span><\/strong>\u00a0<strong>v\u00f5rkpall <\/strong><em>(naised\/mehed)- oodatud on k\u00f5ik v\u00f5rkpallihuvilised!;<\/em><br \/>\nkl 18.30-19.45 AT<strong>,<span style=\"color: #ff6600;\"> UUS!<\/span> Seltskonnatantsu kursus algajatele (1. november- 20. detsember)<\/strong>. Vt kuulutust!<br \/>\nkl 19.45-21.00 AT <strong>Seltskonnatantsude harjutustund<\/strong> &#8211; v\u00f5imalus \u00f5pitut kinnistada ja toredas seltskonnas jalga keerutada. Osalus 5k\u20ac\/in<a href=\"https:\/\/muraste.ee\/vana\/wp-content\/uploads\/2016\/03\/zumbasept16.jpg\" rel=\"attachment wp-att-2295\"><br \/>\n<\/a><\/p>\n<p><span style=\"color: #008000;\"><strong>Kolmap\u00e4ev, \u00a02. november<\/strong><\/span><br \/>\nkl 9.30 KO, Muraste \u00f5ppe- ja loodusraja projekteerimise koosolek (<br \/>\nkl 14-15 AT, Tallinna Tantsuklubi &#8220;My Dance&#8221;<strong>showtants<\/strong>. 2x n\u00e4dalas\/30\u20ac kuu. Igale liitujale klubi s\u00e4rk tasuta. Rohkem infot www.mydance.ee<br \/>\nkl 15-16.30 SP, <strong>Jalgpall<\/strong>, (1-5 kl). Info: Harju Jalgpallikool<br \/>\nkl 15.30-18.30 KL, <strong>Eelkool<\/strong> (2.grupp). Juhendab Kristi Bauman. Info www.huviringid.ee<br \/>\nkl 16.30-18 \u00a0SP, Judoklubi &#8220;Aitado&#8221;\u00a0<strong>Judo<\/strong> (7-9 a), Rohkem infot sensei Edward Murel, murel.edward@gmail.com<br \/>\nkl 17 KL, <strong>Mudelismiring<\/strong> algajatele, juhendaja Andres Madissoo, info 5259021<br \/>\nkl 18 KL, <strong>Mudelismiring<\/strong> edasij\u00f5udnutele,\u00a0juhendaja Andres Madissoo, info 5259021<br \/>\nkl 18.30 AT, <strong>Line-tants\u00a0<\/strong>INFO: <a href=\"mailto:kristin@huviline.ee\">kristin@huviline.ee<\/a> v\u00f5i tel 51923590. Osalustasu 5\u20ac\/kord.<br \/>\nkl 19-20.30 SP, <strong><span style=\"color: #ff0000;\">UUS!\u00a0<\/span>v\u00f5rkpall <\/strong><em>(mehed);<\/em><br \/>\n<span style=\"color: #000000;\">kl\u00a019.30 AT,\u00a0<strong><span style=\"color: #993366;\">\u00a0<\/span>K<\/strong><\/span><strong>undalin-jooga. <\/strong><span style=\"color: #000000;\">\u00a0S\u00f5num juhendajalt: &#8220;<em>Iidne joogateadus aitab hoida keha terve ja meele virge, et saaksid oma s\u00fcgavama potentsiaaliga kontaktis olles\u00a0minna vastu v\u00e4ljakutsetele ja v\u00f5imalustele Sinu elus. \u00a0Sinu suhe ja kommunikatsioon \u00fcmbritsevaga on t\u00f5hus, kui Sul on v\u00f5imalus v\u00e4ljendada oma t\u00f5elist olemust siiralt ja vabalt.\u00a0Selle \u00fcheks eelduseks on vasaku ja parema ajupoolkera t\u00f6\u00f6 s\u00fcnkroonsus. Selle kuu krija aitab koordineerida ajupoolkerade koost\u00f6\u00f6d ning vabastada pingeid kehas.\u00a0Meditatsioon aitab Sul hoida tasakaalu erinevates elusituatsioonides, et tuua Sinus v\u00e4lja ja \u00fclendada t\u00f5elist Sind<\/em>.&#8221;\u00a0<\/span>\u00dche joogatunni tasu on 10 \u20ac; 10\u00a0korra kaart 90 \u20ac. Rohkem teavet algi.samm@mail.ee\u00a0, tel 5019402.<br \/>\n<img decoding=\"async\" loading=\"lazy\" class=\"size-medium wp-image-2650 alignleft\" src=\"https:\/\/muraste.ee\/vana\/wp-content\/uploads\/2016\/03\/kumna-212x300.jpg\" alt=\"kumna\" width=\"212\" height=\"300\" srcset=\"https:\/\/muraste.ee\/vana\/wp-content\/uploads\/2016\/03\/kumna-212x300.jpg 212w, https:\/\/muraste.ee\/vana\/wp-content\/uploads\/2016\/03\/kumna.jpg 279w\" sizes=\"(max-width: 212px) 100vw, 212px\" \/>kl 21 <strong>L\u00e4hme k\u00fclla!<\/strong> Kumna kultuuriaidas <strong>Jaan S\u00f6\u00f6t<\/strong> ja \u00a0<strong>hingede\u00f6\u00f6 kontsert<\/strong>.<\/p>\n<p><span style=\"color: #008000;\"><strong>Neljap\u00e4ev,\u00a03. november<\/strong><\/span><br \/>\n<span style=\"color: #ff6600;\"><span style=\"color: #339966;\"><span style=\"color: #000000;\">kl 15-16.30 SP, <strong>Jalgpall<\/strong>, (1-5 kl). Info: Harju Jalgpallikool<\/span><\/span><\/span><br \/>\n<span style=\"color: #ff6600;\"><span style=\"color: #339966;\"><span style=\"color: #000000;\">kl 16.30-17.30 SP, <strong>K\u00e4sipall<\/strong> (1-5 kl); Info HC Tallinn, www.hctallinn.ee<\/span><\/span><\/span><br \/>\n<span style=\"color: #ff6600;\"><span style=\"color: #339966;\"><span style=\"color: #000000;\">kl 17 <span style=\"color: #ff0000;\"><strong>UUS!<\/strong> <\/span>koolimaja v\u00f5rkpalliplatsi vahetus l\u00e4heduses <strong>skautide kogunemine. \u00a0<\/strong>Rohkem infot www.skaut.ee; sten.luik@gmail.com<\/span><\/span><\/span><br \/>\n<span style=\"color: #ff6600;\"><strong><span style=\"color: #339966;\"><a href=\"https:\/\/muraste.ee\/vana\/wp-content\/uploads\/2016\/03\/skaut.jpg\" rel=\"attachment wp-att-2663\"><img decoding=\"async\" loading=\"lazy\" class=\"alignnone size-medium wp-image-2663\" src=\"https:\/\/muraste.ee\/vana\/wp-content\/uploads\/2016\/03\/skaut-300x169.jpg\" alt=\"skaut\" width=\"300\" height=\"169\" srcset=\"https:\/\/muraste.ee\/vana\/wp-content\/uploads\/2016\/03\/skaut-300x169.jpg 300w, https:\/\/muraste.ee\/vana\/wp-content\/uploads\/2016\/03\/skaut-768x432.jpg 768w, https:\/\/muraste.ee\/vana\/wp-content\/uploads\/2016\/03\/skaut-1024x576.jpg 1024w, https:\/\/muraste.ee\/vana\/wp-content\/uploads\/2016\/03\/skaut-624x351.jpg 624w, https:\/\/muraste.ee\/vana\/wp-content\/uploads\/2016\/03\/skaut-128x72.jpg 128w, https:\/\/muraste.ee\/vana\/wp-content\/uploads\/2016\/03\/skaut.jpg 1134w\" sizes=\"(max-width: 300px) 100vw, 300px\" \/><\/a><br \/>\n<\/span><\/strong><\/span><br \/>\n<span style=\"color: #ff6600;\"><span style=\"color: #000000;\">kl 10-15 osaleme Viimsis\u00a0Harjumaa <strong><a href=\"https:\/\/muraste.ee\/vana\/wp-content\/uploads\/2016\/03\/Viimsi_turva-ja-tervis.pptx\" rel=\"\">tervise ja turvalisuse konverentsil<\/a><\/strong>\u00a0&#8220;Kes kujundab tervet ja turvalist tulevikku?&#8221;<strong><a href=\"https:\/\/muraste.ee\/vana\/wp-content\/uploads\/2016\/03\/OTM_poster_091616_WEB_RGB-2.png\" rel=\"attachment wp-att-2543\"><br \/>\n<\/a><\/strong><\/span><\/span>kl 15 AT, <strong>v\u00f5istlustantsu teeningud algajatele lastele<\/strong> (info www.tantsumeka.ee, Matis Toome, tel 59190800)<\/p>\n<p>kl 18 KO, \u00a0<strong>Naiskodukaitse Harku jaoskonna<\/strong>\u00a0koosolek<br \/>\n<span style=\"color: #ff6600;\"><span style=\"color: #000000;\">kl 20\u00a0PL,\u00a0<strong>Zumba fitness &#8211; tantsuline treening<\/strong><br \/>\n<\/span><\/span><\/p>\n<p><span style=\"color: #008000;\"><strong>Reede, 4. november<\/strong><\/span><br \/>\nkl 14.30-15.15 <strong>Jalgratta osavustreening<\/strong>, maksumus 10\u20ac\/kuu. Info: Kalevi Jalgrattakooli treener Jaanika Rist (53933604, kalevirattakool@hot.ee)<br \/>\nkl 15-16.30 <strong>Korvpall<\/strong> (1-5 klass); juhendab Chris Moore (Tabasalu Palliklubi). Info tabasalupk@rim.ee<br \/>\nkl 19\u00a0AT,<strong>\u00a0<span style=\"color: #0000ff;\">\u00a0<\/span><\/strong><span style=\"color: #0000ff;\"><span style=\"color: #000000;\">Muraste kodune filmi\u00f5htu &#8220;<strong>T\u00e4iuslikud v\u00f5\u00f5rad<\/strong>&#8221; (Itaalia kom\u00f6\u00f6dia, draama). Treiler vaatamiseks <strong><strong><a style=\"color: #000000;\" href=\"https:\/\/www.youtube.com\/watch?v=ZcUYoUcayY4\" target=\"_blank\">siin<\/a>\u00a0<\/strong><\/strong><\/span><\/span><a href=\"https:\/\/muraste.ee\/vana\/wp-content\/uploads\/2016\/03\/Estinfilm_Taiuslikud-voorad_670x250_sisuleht.jpg\" rel=\"attachment wp-att-2567\"><img decoding=\"async\" loading=\"lazy\" class=\"size-medium wp-image-2567 alignright\" src=\"https:\/\/muraste.ee\/vana\/wp-content\/uploads\/2016\/03\/Estinfilm_Taiuslikud-voorad_670x250_sisuleht-300x112.jpg\" alt=\"estinfilm_taiuslikud-voorad_670x250_sisuleht\" width=\"300\" height=\"112\" srcset=\"https:\/\/muraste.ee\/vana\/wp-content\/uploads\/2016\/03\/Estinfilm_Taiuslikud-voorad_670x250_sisuleht-300x112.jpg 300w, https:\/\/muraste.ee\/vana\/wp-content\/uploads\/2016\/03\/Estinfilm_Taiuslikud-voorad_670x250_sisuleht-624x233.jpg 624w, https:\/\/muraste.ee\/vana\/wp-content\/uploads\/2016\/03\/Estinfilm_Taiuslikud-voorad_670x250_sisuleht.jpg 670w\" sizes=\"(max-width: 300px) 100vw, 300px\" \/><\/a><\/p>\n<p><strong><span style=\"color: #008000;\">Laup\u00e4ev, 5. november<\/span><\/strong><\/p>\n<p>kl 10-15.30 KO, Liikumine &#8220;Kodukat&#8221; \u00fcldkogu<\/p>\n<p><strong><span style=\"color: #008000;\">TULEKUL!<\/span><\/strong><\/p>\n<p><strong>24. novembril on Murastes parim merekultuuri aastale p\u00fchendatud kontsert! Teie ette astuvad palavalt armastatud laulev-n\u00e4itlev meremees Marko Matvere ja v\u00e4gev akordionimees Peep Raun.\u00a0<\/strong><br \/>\n&#8220;Mulle meeldib maa!&#8221; on kontsert merelauludest-ballaadidest<wbr \/> koos jutuga purjelaevanduse kuldajast. Purjelaevanduse hiilgeajaks loetakse 16-20 sajandit. Sel perioodil toimetasid raapurjede all s\u00f5itvad laevad kaupu ja v\u00e4ljar\u00e4ndajaid k\u00f5ikidesse maailmajagudesse. Sellest perioodist p\u00e4rineb ka merelaulude traditsioon &#8211; shanty, millest omakorda arenes t\u00e4nap\u00e4evane, meile nii armas merelaul. Purjelaevade ajastu l\u00f5petas aurumasina<br \/>\nt\u00e4iustamine ning l\u00f5pliku hoobi andis sisep\u00f5lemismootori kasutuselev\u00f5tt.<br \/>\nK\u00f5ige ilusamad, romantilisemad ja l\u00f5<span class=\"text_exposed_show\">busamad laulud on t\u00e4nap\u00e4eva j\u00f5udnud 19. sajandist. K\u00f5ik armastatumad mereromantikud-laulukirjut<wbr \/>ajad toetuvad oma loomingus sellele p\u00e4rimusele.<br \/>\nLaevad olid siis puust ja mehed rauast.<br \/>\nNB! Seekord aga kindel hoiatus: koolimaja aatrium pole kummist. Seega &#8211; kes k\u00e4rme, sel pilet kindlalt taskus!\u00a0Piletite eelm\u00fc\u00fck Muraste kogukonnakeskuses 9\u20ac (t\u00e4iskasvanud)\/7\u20ac (lapsed, seeniorid), kontserdip\u00e4eval 12\u20ac\/ 9\u20ac. \u00a0Info ja broneerimine kogukonnakeskus@muraste.ee<wbr \/> v\u00f5i 5253128.<\/span><\/p>\n<p><a href=\"https:\/\/muraste.ee\/vana\/wp-content\/uploads\/2016\/03\/plakat-\u2013-koopia.png\" rel=\"attachment wp-att-2648\"><img decoding=\"async\" loading=\"lazy\" class=\"alignnone size-large wp-image-2648\" src=\"https:\/\/muraste.ee\/vana\/wp-content\/uploads\/2016\/03\/plakat-\u2013-koopia-1024x662.png\" alt=\"plakat-koopia\" width=\"625\" height=\"404\" srcset=\"https:\/\/muraste.ee\/vana\/wp-content\/uploads\/2016\/03\/plakat-\u2013-koopia-1024x662.png 1024w, https:\/\/muraste.ee\/vana\/wp-content\/uploads\/2016\/03\/plakat-\u2013-koopia-300x194.png 300w, https:\/\/muraste.ee\/vana\/wp-content\/uploads\/2016\/03\/plakat-\u2013-koopia-768x497.png 768w, https:\/\/muraste.ee\/vana\/wp-content\/uploads\/2016\/03\/plakat-\u2013-koopia-624x403.png 624w\" sizes=\"(max-width: 625px) 100vw, 625px\" \/><\/a><\/p>\n<p><span style=\"color: #ff6600;\"><span style=\"color: #008000;\"><strong>V\u00c4GA KIIRE TEADE MURASTE NAABRIVALVESEKTORILT!<br \/>\n<\/strong><\/span><span style=\"color: #000000;\">Koost\u00f6\u00f6s CrabSec-ga valmistab MT\u00dc Eesti Naabrivalve ette projekti kogukondliku turvalisuse 2016. aasta maakondlik toetusvooru. <\/span><br \/>\n<span style=\"color: #000000;\">Sisu: CrabSec tahab katsetada aasta jooksul lokaalseid valves\u00fcsteeme ja seda Murastes. Lokaalsed valves\u00fcsteemid paigaldanud Muraste k\u00fcla elanikud saavad katsetada aasta jooksul \u00fcht nutirakendust (edaspidi \u00c4PPi) selleks, et operatiivselt ning anon\u00fc\u00fcmselt saata piirkonnas viibivad naabrid, turvagrupi liik<\/span><span class=\"text_exposed_show\"><span style=\"color: #000000;\">med enda kodu kontrollima kui valves\u00fcsteem on andud h\u00e4ireteate. See v\u00f5imalus peaks suurendama lokaalsete valves\u00fcsteemide kasutamist ja kasutusele v\u00f5tmist ning kogukonna koost\u00f6\u00f6d turvalisuse tagamisel. Lokaalsete valves\u00fcsteemide aktiivne kasutamine ja kasutusele v\u00f5tmine peaks heidutama vargaid ning suurendama elanike turvatunnet. N\u00e4iteks, esimesel kohtumisel CrabSec-ga lepitakse kokku, kes piirkonnast on n\u00f5us reageerijaks hakkama &#8211; need k\u00f5ik saavad paroolid \u00e4ppi sisenemiseks. Pere liikmed, kes v\u00f5tavad h\u00e4ireinfo oma telefonis l\u00e4bi \u00e4pi vastu, saavad valida, keda saata olukorda kontrollima. Valik toimub nende hulgast, kes antud hetkel on end piirkonnas aktiivseks m\u00e4rkinud. \u00a0<\/span><br \/>\n<span style=\"color: #000000;\">Reageerimise t\u00e4htaeg 01.11.2016.a. Huvilised, andke endast kohe teada Martin@tpj.ee<\/span><\/span><\/span><\/p>\n<p><strong><span style=\"color: #008000;\">T\u00c4HELEPANU!<\/span><\/strong>\u00a0\u00d5ues on pime. Ennast n\u00e4htavaks teha on lihtne ning selleks on palju v\u00f5imalusi. Kui Sul ei ole veel helkurit, k\u00fcsi see omale Muraste kogukonnakeskusest v\u00f5i Harku vallamajast. Anname oma panuse Sinu silmapaistvaks tegemisele sest teame, et Sinust hoolitakse ja Sind oodatakse koju. Turvaliselt.<a href=\"https:\/\/muraste.ee\/vana\/wp-content\/uploads\/2016\/03\/helkur2.png\" rel=\"attachment wp-att-2585\"><img decoding=\"async\" loading=\"lazy\" class=\"size-medium wp-image-2585 alignright\" src=\"https:\/\/muraste.ee\/vana\/wp-content\/uploads\/2016\/03\/helkur2-300x114.png\" alt=\"helkur2\" width=\"300\" height=\"114\" srcset=\"https:\/\/muraste.ee\/vana\/wp-content\/uploads\/2016\/03\/helkur2-300x114.png 300w, https:\/\/muraste.ee\/vana\/wp-content\/uploads\/2016\/03\/helkur2-768x292.png 768w, https:\/\/muraste.ee\/vana\/wp-content\/uploads\/2016\/03\/helkur2-624x237.png 624w, https:\/\/muraste.ee\/vana\/wp-content\/uploads\/2016\/03\/helkur2.png 960w\" sizes=\"(max-width: 300px) 100vw, 300px\" \/><\/a><\/p>\n<p>Loe rohkem siit: http:\/\/www.silmapaistev.ee\/<\/p>\n<p><a href=\"https:\/\/muraste.ee\/vana\/wp-content\/uploads\/2016\/03\/helkur.jpg\" rel=\"attachment wp-att-2584\"><img decoding=\"async\" loading=\"lazy\" class=\"alignnone wp-image-2584\" src=\"https:\/\/muraste.ee\/vana\/wp-content\/uploads\/2016\/03\/helkur-1024x576.jpg\" alt=\"helkur\" width=\"284\" height=\"160\" srcset=\"https:\/\/muraste.ee\/vana\/wp-content\/uploads\/2016\/03\/helkur-1024x576.jpg 1024w, https:\/\/muraste.ee\/vana\/wp-content\/uploads\/2016\/03\/helkur-300x169.jpg 300w, https:\/\/muraste.ee\/vana\/wp-content\/uploads\/2016\/03\/helkur-768x432.jpg 768w, https:\/\/muraste.ee\/vana\/wp-content\/uploads\/2016\/03\/helkur-624x351.jpg 624w, https:\/\/muraste.ee\/vana\/wp-content\/uploads\/2016\/03\/helkur-128x72.jpg 128w, https:\/\/muraste.ee\/vana\/wp-content\/uploads\/2016\/03\/helkur.jpg 1280w\" sizes=\"(max-width: 284px) 100vw, 284px\" \/><\/a><\/p>\n<p><a href=\"https:\/\/muraste.ee\/vana\/wp-content\/uploads\/2016\/03\/v\u00e4ikeklassi-\u00f5petaja-kuulutus-2-page0001.jpg\" rel=\"attachment wp-att-2666\"><img decoding=\"async\" loading=\"lazy\" class=\"alignnone size-full wp-image-2666\" src=\"https:\/\/muraste.ee\/vana\/wp-content\/uploads\/2016\/03\/v\u00e4ikeklassi-\u00f5petaja-kuulutus-2-page0001.jpg\" alt=\"vaikeklassi-opetaja-kuulutus-2-page0001\" width=\"1240\" height=\"1754\" srcset=\"https:\/\/muraste.ee\/vana\/wp-content\/uploads\/2016\/03\/v\u00e4ikeklassi-\u00f5petaja-kuulutus-2-page0001.jpg 1240w, https:\/\/muraste.ee\/vana\/wp-content\/uploads\/2016\/03\/v\u00e4ikeklassi-\u00f5petaja-kuulutus-2-page0001-212x300.jpg 212w, https:\/\/muraste.ee\/vana\/wp-content\/uploads\/2016\/03\/v\u00e4ikeklassi-\u00f5petaja-kuulutus-2-page0001-768x1086.jpg 768w, https:\/\/muraste.ee\/vana\/wp-content\/uploads\/2016\/03\/v\u00e4ikeklassi-\u00f5petaja-kuulutus-2-page0001-724x1024.jpg 724w, https:\/\/muraste.ee\/vana\/wp-content\/uploads\/2016\/03\/v\u00e4ikeklassi-\u00f5petaja-kuulutus-2-page0001-624x883.jpg 624w\" sizes=\"(max-width: 1240px) 100vw, 1240px\" \/><\/a><\/p>\n<p><strong>Teadmiseks: <\/strong>Muraste igan\u00e4dalase e-infokirjaga liitumiseks saada sellekohane teade muraste@muraste.ee<\/p>\n<p style=\"text-align: left;\"><strong>Muraste kogukonnakeskus<\/strong><span style=\"color: #ff9900;\"> <span style=\"color: #000000;\">(<\/span><\/span>Lee tee 9, Muraste) avatud E-N 10-18, R 10-16.<br \/>\nT\u00e4psustused ja info: kogukonnakeskus@muraste.ee; 5253128 (Aule Kikas).<\/p>\n","protected":false},"excerpt":{"rendered":"<p>N\u00c4DAL 44 MURASTES* *AT- koolimaja aatrium, SP- spordihoone; KO-kogukonnakeskuse ruum; \u00a0 KL- klassiruum; PL-Pangapealse lasteaed, PLF- Pangapealse lasteaia filiaali ruum Muraste koolimajas\u00a0 Pildid: Murastes tehti kultuuriajalugu &#8211; 27. oktoobril esitleti kandleansambel LiULi eestvedamisel ja tekstiilikunstnik Ene Parsi k\u00e4e all valminud Suurupi poolsaare autentset rahvuslikku triibustikku. Triibukoodi legendiga saate tutvuda nii kandleansambli kodulehel kui ka Muraste<a class=\"moretag\" href=\"https:\/\/muraste.ee\/vana\/?page_id=2685\"><br \/>&#8230;Loe edasi<\/a><\/p>\n","protected":false},"author":2,"featured_media":0,"parent":0,"menu_order":0,"comment_status":"closed","ping_status":"closed","template":"","meta":{"_bbp_topic_count":0,"_bbp_reply_count":0,"_bbp_total_topic_count":0,"_bbp_total_reply_count":0,"_bbp_voice_count":0,"_bbp_anonymous_reply_count":0,"_bbp_topic_count_hidden":0,"_bbp_reply_count_hidden":0,"_bbp_forum_subforum_count":0,"_mc_calendar":[]},"_links":{"self":[{"href":"https:\/\/muraste.ee\/vana\/index.php?rest_route=\/wp\/v2\/pages\/2685"}],"collection":[{"href":"https:\/\/muraste.ee\/vana\/index.php?rest_route=\/wp\/v2\/pages"}],"about":[{"href":"https:\/\/muraste.ee\/vana\/index.php?rest_route=\/wp\/v2\/types\/page"}],"author":[{"embeddable":true,"href":"https:\/\/muraste.ee\/vana\/index.php?rest_route=\/wp\/v2\/users\/2"}],"replies":[{"embeddable":true,"href":"https:\/\/muraste.ee\/vana\/index.php?rest_route=%2Fwp%2Fv2%2Fcomments&post=2685"}],"version-history":[{"count":1,"href":"https:\/\/muraste.ee\/vana\/index.php?rest_route=\/wp\/v2\/pages\/2685\/revisions"}],"predecessor-version":[{"id":2687,"href":"https:\/\/muraste.ee\/vana\/index.php?rest_route=\/wp\/v2\/pages\/2685\/revisions\/2687"}],"wp:attachment":[{"href":"https:\/\/muraste.ee\/vana\/index.php?rest_route=%2Fwp%2Fv2%2Fmedia&parent=2685"}],"curies":[{"name":"wp","href":"https:\/\/api.w.org\/{rel}","templated":true}]}}