{"id":2828,"date":"2016-11-27T19:12:19","date_gmt":"2016-11-27T17:12:19","guid":{"rendered":"https:\/\/muraste.ee\/vana\/?page_id=2828"},"modified":"2016-11-27T19:12:19","modified_gmt":"2016-11-27T17:12:19","slug":"nadal-47","status":"publish","type":"page","link":"https:\/\/muraste.ee\/vana\/?page_id=2828","title":{"rendered":"N\u00e4dal 47"},"content":{"rendered":"<h2 style=\"text-align: center;\"><span style=\"color: #800000;\"><strong><span style=\"color: #ff0000;\">N\u00c4DAL 47 MURASTES<\/span>*<\/strong><\/span><\/h2>\n<h5 style=\"text-align: center;\"><strong><span style=\"color: #999999;\"><em>*AT- koolimaja aatrium, SP- spordihoone; KO-kogukonnakeskuse ruum; \u00a0 KL- klassiruum; PL-Pangapealse lasteaed, PLF- Pangapealse lasteaia filiaali ruum Muraste koolimajas\u00a0<a href=\"https:\/\/muraste.ee\/vana\/wp-content\/uploads\/2016\/03\/naissaarkivi.jpg\" rel=\"attachment wp-att-2540\"><br \/>\n<\/a><\/em><\/span><\/strong><\/h5>\n<p><a href=\"https:\/\/muraste.ee\/vana\/wp-content\/uploads\/2016\/03\/plakat-\u2013-koopia.png\" rel=\"attachment wp-att-2648\"><img decoding=\"async\" loading=\"lazy\" class=\"size-medium wp-image-2648 aligncenter\" src=\"https:\/\/muraste.ee\/vana\/wp-content\/uploads\/2016\/03\/plakat-\u2013-koopia-300x194.png\" alt=\"plakat-koopia\" width=\"300\" height=\"194\" srcset=\"https:\/\/muraste.ee\/vana\/wp-content\/uploads\/2016\/03\/plakat-\u2013-koopia-300x194.png 300w, https:\/\/muraste.ee\/vana\/wp-content\/uploads\/2016\/03\/plakat-\u2013-koopia-768x497.png 768w, https:\/\/muraste.ee\/vana\/wp-content\/uploads\/2016\/03\/plakat-\u2013-koopia-1024x662.png 1024w, https:\/\/muraste.ee\/vana\/wp-content\/uploads\/2016\/03\/plakat-\u2013-koopia-624x403.png 624w\" sizes=\"(max-width: 300px) 100vw, 300px\" \/><\/a><\/p>\n<p style=\"text-align: center;\"><span style=\"color: #0000ff;\"><strong>T\u00e4na algas \u00fcle-eestiline \u00dchisn\u00e4dal. Loe uudiseid <a style=\"color: #0000ff;\" href=\"http:\/\/mty.arenduskeskused.ee\/yhisnadal\/uudised\/68-tana-algab-uhisnadal-2016\" target=\"_blank\">siit<\/a>.\u00a0<a href=\"https:\/\/muraste.ee\/vana\/wp-content\/uploads\/2016\/03\/\u00fchisn\u00e4dal_logo-300x141.jpg\" rel=\"attachment wp-att-2816\"><img decoding=\"async\" loading=\"lazy\" class=\"size-medium wp-image-2816 alignright\" src=\"https:\/\/muraste.ee\/vana\/wp-content\/uploads\/2016\/03\/\u00fchisn\u00e4dal_logo-300x141-300x141.jpg\" alt=\"uhisnadal_logo-300x141\" width=\"300\" height=\"141\" \/><\/a><\/strong><\/span><\/p>\n<p><span style=\"color: #ff6600;\"><span style=\"color: #99cc00;\"><span style=\"color: #ff0000;\"><strong>Esmasp\u00e4ev, \u00a021. november<\/strong><\/span><a style=\"color: #99cc00;\" href=\"https:\/\/muraste.ee\/vana\/wp-content\/uploads\/2016\/03\/jooga-uus.jpg\" rel=\"attachment wp-att-2621\"><img decoding=\"async\" loading=\"lazy\" class=\"size-medium wp-image-2621 alignright\" src=\"https:\/\/muraste.ee\/vana\/wp-content\/uploads\/2016\/03\/jooga-uus-300x200.jpg\" alt=\"jooga-uus\" width=\"300\" height=\"200\" srcset=\"https:\/\/muraste.ee\/vana\/wp-content\/uploads\/2016\/03\/jooga-uus-300x200.jpg 300w, https:\/\/muraste.ee\/vana\/wp-content\/uploads\/2016\/03\/jooga-uus-624x416.jpg 624w, https:\/\/muraste.ee\/vana\/wp-content\/uploads\/2016\/03\/jooga-uus.jpg 640w\" sizes=\"(max-width: 300px) 100vw, 300px\" \/><\/a> <\/span><strong><span style=\"color: #339966;\"><br \/>\n<\/span><\/strong><\/span>kl 14-15 AT, Tallinna Tantsuklubi &#8220;My Dance&#8221; <strong>showtants<\/strong>. 2x n\u00e4dalas\/30\u20ac kuu. Igale liitujale klubi s\u00e4rk tasuta. Rohkem infot www.mydance.ee<br \/>\nkl 15-16.30 SP, Judoklubi &#8220;Aitado&#8221;\u00a0<strong>Judo<\/strong> (7-9 a), Rohkem infot sensei Edward Murel, murel.edward@gmail.com<br \/>\nkl 15.30-18.30 KL, <strong>Eelkool<\/strong> (1.grupp). Juhendab Kristi Bauman. Info www.huviringid.ee<br \/>\nkl 16.30-17.30 SP, <strong>K\u00e4sipall<\/strong> (1-5 kl); Info HC Tallinn, www.hctallinn.ee<br \/>\nkl 17.30 KO, <strong>Kandleansambel<\/strong> <strong>LiULi<\/strong><\/p>\n<p>kl 18 V\u00e4\u00e4na-J\u00f5esuu koolimajas <strong><a href=\"https:\/\/muraste.ee\/vana\/?page_id=113\" target=\"_blank\">Harku valla vaba\u00fchenduste \u00fcmarlaud<\/a><\/strong><\/p>\n<p>kl 17.45 KL,<strong><span style=\"color: #ff0000;\"> UUS AEG!<\/span><\/strong> <b><strong>Hispaania keele kursus algajatele\u00a0&#8211;\u00a0<\/strong><strong>Curso de espa\u00f1ol, <\/strong><\/b><img decoding=\"async\" loading=\"lazy\" class=\"size-medium wp-image-2702 alignright\" src=\"https:\/\/muraste.ee\/vana\/wp-content\/uploads\/2016\/03\/heart-1422688_960_720-300x285.jpg\" alt=\"heart-1422688_960_720\" width=\"300\" height=\"285\" srcset=\"https:\/\/muraste.ee\/vana\/wp-content\/uploads\/2016\/03\/heart-1422688_960_720-300x285.jpg 300w, https:\/\/muraste.ee\/vana\/wp-content\/uploads\/2016\/03\/heart-1422688_960_720-624x594.jpg 624w, https:\/\/muraste.ee\/vana\/wp-content\/uploads\/2016\/03\/heart-1422688_960_720.jpg 757w\" sizes=\"(max-width: 300px) 100vw, 300px\" \/>3<em>0 akad. tundi (15 x 1,5h); hind 150 \u20ac. \u00a0 Juhendaja Hannes Saarmets.\u00a0<\/em><em>Juhendajaga saab esmatututvuse teha <a href=\"http:\/\/etv.err.ee\/v\/meelelahutus\/ringvaade\/ringvaate_lood\/82234ce8-0fbd-4812-b59f-1ffb1dd20c2f\/ringvaates-kaisid-aastaid-ecuadoris-elanud-hannes-ning-sealt-eestisse-kolinud-jorge\">siin<\/a>&#8211;\u00a0 Info kogukonnakeskusest.<\/em><br \/>\nkl 19 SP, <span style=\"color: #ff0000;\"><strong>UUS AEG!<\/strong> <span style=\"color: #000000;\"><strong>Korvpall naistele!<\/strong> <strong><span style=\"color: #ff0000;\">NB!<\/span> K\u00f5ik senised ja k\u00f5ik uued m\u00e4ngijad on v\u00e4ga oodatud!\u00a0 <\/strong><\/span><\/span><br \/>\nkl 19 AT, <strong>Suurupi naiskoor Meretule\u00a0 <\/strong><br \/>\nkl 19.30 PLF,\u00a0<span style=\"color: #ff0000;\"><strong>UUS! <\/strong><\/span><span style=\"color: #993366;\"><strong><span style=\"color: #ff0000;\">Hatha Krija<\/span><\/strong><span style=\"color: #000000;\"> <strong>jooga<\/strong><\/span><\/span><span style=\"color: #000000;\"><strong>,<\/strong> <\/span>juhendab Gristel Pagi (vt lisatud reklaam)<br \/>\nkl 20 PL, <strong>Zumba fitness &#8211; tantsuline treening<br \/>\n<\/strong><\/p>\n<p><span style=\"color: #99cc00;\"><strong><span style=\"color: #ff0000;\">Teisip\u00e4ev, \u00a022. november<\/span> <\/strong><\/span><br \/>\nkl 14.40 KL, <strong>\u00a0Fa Stuudio muusikaring<\/strong> 1-3 klassi \u00f5pilastele. \u00a0Tunnid toimuvad 1x n\u00e4dalas ja on tasulised\u00a0(17\u20ac\/kuu). Rohkem infot fastuudio@gmail.com v\u00f5i tel 5160031.<br \/>\nkl 15-16.30 <strong>Korvpall<\/strong> (1-5 klass); juhendab Chris Moore (Tabasalu Palliklubi). Info tabasalupk@rim.ee<br \/>\nkl 15 AT, <strong>v\u00f5istlustantsu teeningud algajatele lastele<\/strong> (info www.tantsumeka.ee, Matis Toome, tel 59190800)<br \/>\nkl 18 KL\u00a0<strong>inglise keele kursus <\/strong><em>(algteadmisi omajatel on v\u00f5imalus liituda ka juba t\u00f6\u00f6tava grupiga).<\/em><strong>\u00a0<\/strong>K\u00fcsi lisa juhendajalt tel 56575575.<br \/>\nkl 18 KO,\u00a0<strong>inglise keele vestlusring<\/strong> James Gill\u00b4i juhendamisel. K\u00f5ik inglise keelt praktiseerida soovijad on oodatud!<br \/>\nkl 19-20.30 SP, <strong><span style=\"color: #ff0000;\">UUS!<\/span><\/strong>\u00a0<strong>v\u00f5rkpall <\/strong><em>(naised\/mehed)- oodatud on k\u00f5ik v\u00f5rkpallihuvilised!;<\/em><br \/>\nkl 18.30-19.45 AT<strong>, Seltskonnatantsu kursus algajatele (1. november- 20. detsember)<\/strong>. Vt kuulutust!<br \/>\nkl 19.45-21.00 AT <strong>Seltskonnatantsude harjutustund<\/strong> &#8211; v\u00f5imalus \u00f5pitut kinnistada ja toredas seltskonnas jalga keerutada. Osalus 5k\u20ac\/in<a href=\"https:\/\/muraste.ee\/vana\/wp-content\/uploads\/2016\/03\/zumbasept16.jpg\" rel=\"attachment wp-att-2295\"><br \/>\n<\/a>kl 19\u00a0 <strong>talisuplus Tilgu sadamas<\/strong>. Rohkem infot FB\u00a0grupp Taliujumine Tilgus<\/p>\n<p><span style=\"color: #ff0000;\"><strong>Kolmap\u00e4ev, \u00a023. november<\/strong><\/span><br \/>\nkl 10-15 Muraste esindus osalemas Siseministeeriumis toimuval <strong>vabatahtlike kaasamise p\u00e4eval<\/strong>.<br \/>\nkl 14-15 AT, Tallinna Tantsuklubi &#8220;My Dance&#8221;<strong>showtants<\/strong>. 2x n\u00e4dalas\/30\u20ac kuu. Igale liitujale klubi s\u00e4rk tasuta. Rohkem infot www.mydance.ee<br \/>\nkl 15-16.30 SP, <strong>Jalgpall<\/strong>, (1-5 kl). Info: Harju Jalgpallikool<br \/>\nkl 15.30-18.30 KL, <strong>Eelkool<\/strong> (2.grupp). Juhendab Kristi Bauman. Info www.huviringid.ee<br \/>\nkl 16.30-18 \u00a0SP, Judoklubi &#8220;Aitado&#8221;\u00a0<strong>Judo<\/strong> (7-9 a), Rohkem infot sensei Edward Murel, murel.edward@gmail.com<br \/>\nkl 17 KL, <strong>Mudelismiring<\/strong> algajatele, juhendaja Andres Madissoo, info 5259021<br \/>\nkl 18 KL, <strong>Mudelismiring<\/strong> edasij\u00f5udnutele,\u00a0juhendaja Andres Madissoo, info 5259021<br \/>\nkl 18.00 AT, <strong>Line-tants\u00a0<\/strong>INFO: <a href=\"mailto:kristin@huviline.ee\">kristin@huviline.ee<\/a> v\u00f5i tel 51923590. Osalustasu 5\u20ac\/kord.<br \/>\nkl 19 KO, <strong>Muraste k\u00fclaseltsi juhatuse koosolek<\/strong><br \/>\nkl 19-20.30 SP, <strong><span style=\"color: #ff0000;\">UUS!\u00a0<\/span>v\u00f5rkpall <\/strong><em>(mehed);<\/em><br \/>\n<span style=\"color: #000000;\">kl\u00a019.30 AT,\u00a0<strong><span style=\"color: #993366;\">\u00a0<\/span>K<\/strong><\/span><strong>undalin-jooga. <\/strong><span style=\"color: #000000;\">\u00a0S\u00f5num juhendajalt: &#8220;<em>Iidne joogateadus aitab hoida keha terve ja meele virge, et saaksid oma s\u00fcgavama potentsiaaliga kontaktis olles\u00a0minna vastu v\u00e4ljakutsetele ja v\u00f5imalustele Sinu elus. \u00a0Sinu suhe ja kommunikatsioon \u00fcmbritsevaga on t\u00f5hus, kui Sul on v\u00f5imalus v\u00e4ljendada oma t\u00f5elist olemust siiralt ja vabalt.\u00a0Selle \u00fcheks eelduseks on vasaku ja parema ajupoolkera t\u00f6\u00f6 s\u00fcnkroonsus. Selle kuu krija aitab koordineerida ajupoolkerade koost\u00f6\u00f6d ning vabastada pingeid kehas.\u00a0Meditatsioon aitab Sul hoida tasakaalu erinevates elusituatsioonides, et tuua Sinus v\u00e4lja ja \u00fclendada t\u00f5elist Sind<\/em>.&#8221;\u00a0<\/span>\u00dche joogatunni tasu on 10 \u20ac; 10\u00a0korra kaart 90 \u20ac. Rohkem teavet algi.samm@mail.ee\u00a0, tel 5019402.<\/p>\n<p><span style=\"color: #ff0000;\"><strong>Neljap\u00e4ev, 24. november<\/strong><\/span><br \/>\n<span style=\"color: #ff6600;\"><span style=\"color: #339966;\"><span style=\"color: #000000;\">kl 11.45-12.30 AT, LiULi tantsutuba \u00f5pilastele<\/span><\/span><\/span><br \/>\n<span style=\"color: #ff6600;\"><span style=\"color: #339966;\"><span style=\"color: #000000;\">kl 15-16.30 SP, <strong>Jalgpall<\/strong>, (1-5 kl). Info: Harju Jalgpallikool<\/span><\/span><\/span><br \/>\n<span style=\"color: #ff6600;\"><span style=\"color: #339966;\"><span style=\"color: #000000;\">kl 16.30-17.30 SP, <strong>K\u00e4sipall<\/strong> (1-5 kl); Info HC Tallinn, www.hctallinn.ee<\/span><\/span><\/span><br \/>\n<span style=\"color: #ff6600;\"><strong><span style=\"color: #339966;\"><a href=\"https:\/\/muraste.ee\/vana\/wp-content\/uploads\/2016\/03\/skaut.jpg\" rel=\"attachment wp-att-2663\"><img decoding=\"async\" loading=\"lazy\" class=\"size-medium wp-image-2663 alignright\" src=\"https:\/\/muraste.ee\/vana\/wp-content\/uploads\/2016\/03\/skaut-300x169.jpg\" alt=\"skaut\" width=\"300\" height=\"169\" srcset=\"https:\/\/muraste.ee\/vana\/wp-content\/uploads\/2016\/03\/skaut-300x169.jpg 300w, https:\/\/muraste.ee\/vana\/wp-content\/uploads\/2016\/03\/skaut-768x432.jpg 768w, https:\/\/muraste.ee\/vana\/wp-content\/uploads\/2016\/03\/skaut-1024x576.jpg 1024w, https:\/\/muraste.ee\/vana\/wp-content\/uploads\/2016\/03\/skaut-624x351.jpg 624w, https:\/\/muraste.ee\/vana\/wp-content\/uploads\/2016\/03\/skaut-128x72.jpg 128w, https:\/\/muraste.ee\/vana\/wp-content\/uploads\/2016\/03\/skaut.jpg 1134w\" sizes=\"(max-width: 300px) 100vw, 300px\" \/><\/a><\/span><\/strong><\/span>kl 15 AT, <strong>v\u00f5istlustantsu teeningud algajatele lastele<\/strong> (info www.tantsumeka.ee, Matis Toome, tel 59190800)<br \/>\nkl 17 <span style=\"color: #ff0000;\"><strong>UUS!<\/strong> <\/span>koolimaja v\u00f5rkpalliplatsi vahetus l\u00e4heduses <strong>skautide kogunemine. \u00a0<\/strong>Rohkem infot www.skaut.ee; sten.luik@gmail.com<\/p>\n<p>kl 19 AT, <span style=\"color: #0000ff;\"><strong>Teie ette astuvad palavalt armastatud laulev-n\u00e4itlev meremees MARKO MATVERE ja v\u00e4gev akordionimees PEEP RAUN.\u00a0<\/strong><\/span><br \/>\n<strong><span style=\"color: #0000ff;\">&#8220;Mulle meeldib maa!&#8221; on kontsert <\/span><\/strong>merelauludest-ballaadidest<wbr \/> koos jutuga purjelaevanduse kuldajast. Purjelaevanduse hiilgeajaks loetakse 16-20 sajandit. Sel perioodil toimetasid raapurjede all s\u00f5itvad laevad kaupu ja v\u00e4ljar\u00e4ndajaid k\u00f5ikidesse maailmajagudesse. Sellest perioodist p\u00e4rineb ka merelaulude traditsioon &#8211; shanty, millest omakorda arenes t\u00e4nap\u00e4evane, meile nii armas merelaul. Purjelaevade ajastu l\u00f5petas aurumasina\u00a0t\u00e4iustamine ning l\u00f5pliku hoobi andis sisep\u00f5lemismootori kasutuselev\u00f5tt.\u00a0K\u00f5ige ilusamad, romantilisemad ja l\u00f5<span class=\"text_exposed_show\">busamad laulud on t\u00e4nap\u00e4eva j\u00f5udnud 19. sajandist. K\u00f5ik armastatumad mereromantikud-laulukirjut<wbr \/>ajad toetuvad oma loomingus sellele p\u00e4rimusele.\u00a0Laevad olid siis puust ja mehed rauast.<br \/>\nNB! Seekord aga kindel hoiatus: koolimaja aatrium pole kummist. Seega &#8211; kes k\u00e4rme, sel pilet kindlalt taskus!\u00a0Piletite eelm\u00fc\u00fck Muraste kogukonnakeskuses 9\u20ac (t\u00e4iskasvanud)\/7\u20ac (lapsed, seeniorid), kontserdip\u00e4eval 12\u20ac\/ 9\u20ac. \u00a0Info ja broneerimine kogukonnakeskus@muraste.ee<wbr \/> v\u00f5i 5253128.<\/span><\/p>\n<p><a href=\"https:\/\/muraste.ee\/vana\/wp-content\/uploads\/2016\/03\/plakat-\u2013-koopia.png\" rel=\"attachment wp-att-2648\"><img decoding=\"async\" loading=\"lazy\" class=\"alignnone size-large wp-image-2648\" src=\"https:\/\/muraste.ee\/vana\/wp-content\/uploads\/2016\/03\/plakat-\u2013-koopia-1024x662.png\" alt=\"plakat-koopia\" width=\"625\" height=\"404\" srcset=\"https:\/\/muraste.ee\/vana\/wp-content\/uploads\/2016\/03\/plakat-\u2013-koopia-1024x662.png 1024w, https:\/\/muraste.ee\/vana\/wp-content\/uploads\/2016\/03\/plakat-\u2013-koopia-300x194.png 300w, https:\/\/muraste.ee\/vana\/wp-content\/uploads\/2016\/03\/plakat-\u2013-koopia-768x497.png 768w, https:\/\/muraste.ee\/vana\/wp-content\/uploads\/2016\/03\/plakat-\u2013-koopia-624x403.png 624w\" sizes=\"(max-width: 625px) 100vw, 625px\" \/><\/a><\/p>\n<p><b><\/b>kl 19\u00a0 <strong>talisuplus Tilgu sadamas. <\/strong>Rohkem infot FB\u00a0grupp Taliujumine Tilgus<br \/>\n<span style=\"color: #ff6600;\"><span style=\"color: #000000;\">kl 20\u00a0PL,\u00a0<strong>Zumba fitness &#8211; tantsuline treening<\/strong><br \/>\n<\/span><\/span><\/p>\n<p><span style=\"color: #ff0000;\"><strong>Reede, 25. november<\/strong><\/span><br \/>\nkl 14.30-15.15 <strong>Jalgratta osavustreening<\/strong>, maksumus 10\u20ac\/kuu. Info: Kalevi Jalgrattakooli treener Jaanika Rist (53933604, kalevirattakool@hot.ee)<br \/>\nkl 15-16.30 <strong>Korvpall<\/strong> (1-5 klass); juhendab Chris Moore (Tabasalu Palliklubi). Info tabasalupk@rim.ee<\/p>\n<p>kl 19 AT, <span style=\"color: #ff0000;\"><strong>UUS!<\/strong> <\/span>Filmi\u00f5htu. <strong><span style=\"color: #ff0000;\">Koguperefilm &#8220;Maagiline\u00a0j\u00f5ulukarp&#8221;.<\/span><\/strong>\u00a08-aastane Julius elab lastekodus. Poiss palub tihti \u00f5petajal jutustada lugu, kuidast ta kunagi j\u00f5ulu\u00f5htul beebina lastekodusse toodi.<br \/>\nJulius ootab \u00f5hinal j\u00f5ule, lootuses, et ehk avaldab j\u00f5uluvana n\u00fc\u00fcd talle tema p\u00e4ritolu saladuse. \u00a0Kui ta suuremate poiste k\u00e4est kuuleb, et tegelikult m\u00e4ngib igal aastal j\u00f5uluvana hoopis \u00f5petaja Alfred, kaotab Julius korraga usu nii j\u00f5uluvanasse kui ka iseendasse.<br \/>\nKuid siis juhtub midagi kummalist &#8211; poiss leiab end korraga keset v\u00f5lumaad.<br \/>\nTreiler vaatamiseks siin: <a href=\"https:\/\/www.youtube.com\/watch?v=jeFHx3tifs8\" target=\"_blank\" rel=\"nofollow nofollow\">https:\/\/www.youtube.com\/<wbr \/>watch?v=jeFHx3tifs8<\/a><\/p>\n<p><span style=\"color: #ff0000;\"><strong>Laup\u00e4eval, 26.\u00a0november<\/strong><\/span><br \/>\nkl 10.00-15.00 \u00a0AT, <strong>Kundalini jooga t\u00f6\u00f6tuba algajatele joogahuvilistele<\/strong>\u00a0(toimub vaid registreerunud osalejate olemasolu korral!).\u00a0Kundalini \u00a0jooga\u00a0p\u00f5hineb Yogi Bhajani \u00f5petustel \u00a0ja on d\u00fcnaamiline joogavorm, \u00fchendades endas f\u00fc\u00fcsilisi harjutusi, hingamistehnikaid, heli ning meditatsioone. Kundalini on energia nimetus. See on meis k\u00f5igis peituv loov energia, kogu meie potensiaal, millele avaneb ligip\u00e4\u00e4s kundalini jooga tehnikate abil. Kundalini joogat nimetatakse ka \u201eteadvuse joogaks\u201c, j\u00f5udmaks l\u00e4hemale Sinu t\u00f5elisele olemusele.\u00a0<em>&#8220;Kui m\u00f5istad, kes ja mis oled Sina, siis Su s\u00e4ra ja kiirgus peegelduvad tervele maailmale ja k\u00f5ik Sinu \u00fcmber muutub loominguliseks ning v\u00f5imalustek\u00fcllaseks.&#8221; (Yogi Bhajan)\u00a0<\/em>Joogalikku elufilosoofiat v\u00f5ib nimetada ka elustiiliks, mis sisaldab tehnikaid tervisliku, \u00f5nneliku ja vaimselt teadliku elu elamiseks. \u00a0T\u00f6\u00f6toa eesm\u00e4rk on anda baasteadmised kundalini jooga \u00f5petustest (hingamistehnikad, kehaasendid, energiakeskused, mantrad ). Teoreetiline osa vaheldub praktiliste harjutustega. Edaspidi on v\u00f5imalus liituda igan\u00e4dalase joogatunniga Muraste koolis. T\u00f6\u00f6tuba toimub Muraste kooli aatriumis. Osalustasu 45 eurot.\u00a0Oma soovist osaleda anna palun teada meili teel <a href=\"mailto:algi.samm@mail.ee\">algi.samm@mail.ee<\/a>.<\/p>\n<p><span style=\"color: #ff0000;\"><strong>P\u00fchap\u00e4ev, 27.\u00a0november<\/strong><\/span><br \/>\nkl 11\u00a0KO Muusikaring<\/p>\n<p><span style=\"color: #99cc00;\"><strong>TULEKUL! \u00a0<\/strong><\/span><\/p>\n<p><strong><span style=\"color: #ff0000;\">UUS!<\/span> <\/strong>28. novembril kell 19 Harku vallamajas \u00a0on meil k\u00f5igilv\u00f5imalus kaasa r\u00e4\u00e4kida Harku valla ehitustingimusi, milj\u00f6\u00f6v\u00e4\u00e4rtuslikke alasid ja v\u00e4\u00e4rtuslikke maastikke m\u00e4\u00e4rava ning tihehoonestusalasid t\u00e4psustava teemaplaneeringu koostamisel. Kasutame seda v\u00f5imalust! Rohkem infot<strong><span style=\"color: #ff0000;\"> <a style=\"color: #ff0000;\" href=\"https:\/\/muraste.ee\/vana\/?p=2805\" target=\"_blank\">siit\u00a0<\/a><\/span><\/strong><\/p>\n<p><span style=\"color: #339966;\"><em><strong>11. detsembril kell 18 TALVETRALL &#8211; kogupere peo\u00f5htu laulu, tantsu ja r\u00f5\u00f5muga <\/strong>J\u00f5uluaeg on ilus aeg \u00fcle kogu Harku valla &#8211; V\u00e4\u00e4na selts ootab k\u00f5iki 3.detsembril V\u00e4\u00e4na tall-t\u00f5llakuuri suurele j\u00f5ululaadale, Kumna Kultuuriait kutsub lapsi osa saama 4. detsembril toimuvast traditsioonilisest J\u00f5uluretkest. Koolilaste j\u00f5ululaadad toimuvad 9.detsembril Muraste koolis ja 4. detsembril V\u00e4\u00e4na-J\u00f5esuu koolis&#8230; \u00dcritusi lisandub meie valla kandikeskuste kalendritesse iga p\u00e4evaga juurde, j\u00e4lgige teateid! Murastes ootame seekord vahvat vallarahvast lustlikule TALVETRALLILE. \u00d5htu jooksul saab kuulata LiULi kandlem\u00e4ngu, nautida As-Sa Tantsuseltsi rahvatantsijate ja Fa Stuudio laste esinemist. Ja mis k\u00f5ige parem: saab ka ise tantsida, sest kohal on hoogne b\u00e4nd koosseisus IRENA ja Ivar Hansen!<br \/>\nKindlasti on tulemas \u00fcllatusi ja muhedat nalja!<br \/>\nHubaseks teeb peo veel seegi, et v\u00f5imalik on broneerida oma seltskonnale laud ning v\u00f5tta hea ja parem s\u00f6\u00f6gikraam ise kaasa. T\u00f6\u00f6tab ka Rannikupidude kohvik, kus samuti nii m\u00f5ndagi suup\u00e4rast saada on;).<br \/>\nSissep\u00e4\u00e4s on s\u00fcmboolne 3\u20ac, lapsed suisa niisama;)\u00a0<strong><br \/>\nV\u00f5tkem siis tantsukingad kaasa ja mingem k\u00f5ik trallima!<br \/>\nInfo: kogukonnakeskus@muraste.ee, 5253128<\/strong><a href=\"https:\/\/muraste.ee\/vana\/wp-content\/uploads\/2016\/03\/11dets.jpg\" rel=\"attachment wp-att-2823\"><img decoding=\"async\" loading=\"lazy\" class=\"alignnone size-full wp-image-2823\" src=\"https:\/\/muraste.ee\/vana\/wp-content\/uploads\/2016\/03\/11dets.jpg\" alt=\"11dets\" width=\"679\" height=\"960\" srcset=\"https:\/\/muraste.ee\/vana\/wp-content\/uploads\/2016\/03\/11dets.jpg 679w, https:\/\/muraste.ee\/vana\/wp-content\/uploads\/2016\/03\/11dets-212x300.jpg 212w, https:\/\/muraste.ee\/vana\/wp-content\/uploads\/2016\/03\/11dets-624x882.jpg 624w\" sizes=\"(max-width: 679px) 100vw, 679px\" \/><\/a><\/em><\/span><\/p>\n<p>&nbsp;<\/p>\n<p><span style=\"color: #ff0000;\">28. novembril <strong>Muraste liikumisklubi \u00fchisliikumine<\/strong><\/span> (vt plakatit)<\/p>\n<p><a href=\"https:\/\/muraste.ee\/vana\/wp-content\/uploads\/2016\/03\/Bikram-Yoga-28.11.16.jpg\" rel=\"attachment wp-att-2818\"><img decoding=\"async\" loading=\"lazy\" class=\"alignnone size-large wp-image-2818\" src=\"https:\/\/muraste.ee\/vana\/wp-content\/uploads\/2016\/03\/Bikram-Yoga-28.11.16-709x1024.jpg\" alt=\"bikram-yoga-28-11-16\" width=\"625\" height=\"903\" srcset=\"https:\/\/muraste.ee\/vana\/wp-content\/uploads\/2016\/03\/Bikram-Yoga-28.11.16-709x1024.jpg 709w, https:\/\/muraste.ee\/vana\/wp-content\/uploads\/2016\/03\/Bikram-Yoga-28.11.16-208x300.jpg 208w, https:\/\/muraste.ee\/vana\/wp-content\/uploads\/2016\/03\/Bikram-Yoga-28.11.16-624x901.jpg 624w, https:\/\/muraste.ee\/vana\/wp-content\/uploads\/2016\/03\/Bikram-Yoga-28.11.16.jpg 720w\" sizes=\"(max-width: 625px) 100vw, 625px\" \/><\/a><\/p>\n<p><span style=\"color: #99cc00;\"><strong>T\u00c4HELEPANU!<\/strong>\u00a0<\/span>\u00d5ues on pime. Ennast n\u00e4htavaks teha on lihtne ning selleks on palju v\u00f5imalusi. Kui Sul ei ole veel helkurit, k\u00fcsi see omale Muraste kogukonnakeskusest v\u00f5i Harku vallamajast. Anname oma panuse Sinu silmapaistvaks tegemisele sest teame, et Sinust hoolitakse ja Sind oodatakse koju. Turvaliselt.<a href=\"https:\/\/muraste.ee\/vana\/wp-content\/uploads\/2016\/03\/helkur2.png\" rel=\"attachment wp-att-2585\"><img decoding=\"async\" loading=\"lazy\" class=\"size-medium wp-image-2585 alignright\" src=\"https:\/\/muraste.ee\/vana\/wp-content\/uploads\/2016\/03\/helkur2-300x114.png\" alt=\"helkur2\" width=\"300\" height=\"114\" srcset=\"https:\/\/muraste.ee\/vana\/wp-content\/uploads\/2016\/03\/helkur2-300x114.png 300w, https:\/\/muraste.ee\/vana\/wp-content\/uploads\/2016\/03\/helkur2-768x292.png 768w, https:\/\/muraste.ee\/vana\/wp-content\/uploads\/2016\/03\/helkur2-624x237.png 624w, https:\/\/muraste.ee\/vana\/wp-content\/uploads\/2016\/03\/helkur2.png 960w\" sizes=\"(max-width: 300px) 100vw, 300px\" \/><\/a><\/p>\n<p>Loe rohkem siit: http:\/\/www.silmapaistev.ee\/<\/p>\n<p><a href=\"https:\/\/muraste.ee\/vana\/wp-content\/uploads\/2016\/03\/helkur.jpg\" rel=\"attachment wp-att-2584\"><img decoding=\"async\" loading=\"lazy\" class=\"alignnone wp-image-2584\" src=\"https:\/\/muraste.ee\/vana\/wp-content\/uploads\/2016\/03\/helkur-1024x576.jpg\" alt=\"helkur\" width=\"284\" height=\"160\" srcset=\"https:\/\/muraste.ee\/vana\/wp-content\/uploads\/2016\/03\/helkur-1024x576.jpg 1024w, https:\/\/muraste.ee\/vana\/wp-content\/uploads\/2016\/03\/helkur-300x169.jpg 300w, https:\/\/muraste.ee\/vana\/wp-content\/uploads\/2016\/03\/helkur-768x432.jpg 768w, https:\/\/muraste.ee\/vana\/wp-content\/uploads\/2016\/03\/helkur-624x351.jpg 624w, https:\/\/muraste.ee\/vana\/wp-content\/uploads\/2016\/03\/helkur-128x72.jpg 128w, https:\/\/muraste.ee\/vana\/wp-content\/uploads\/2016\/03\/helkur.jpg 1280w\" sizes=\"(max-width: 284px) 100vw, 284px\" \/><\/a><\/p>\n<p><strong>Teadmiseks: <\/strong>Muraste igan\u00e4dalase e-infokirjaga liitumiseks saada sellekohane teade muraste@muraste.ee<\/p>\n<p style=\"text-align: left;\"><strong>Muraste kogukonnakeskus<\/strong><span style=\"color: #ff9900;\"> <span style=\"color: #000000;\">(<\/span><\/span>Lee tee 9, Muraste) avatud E-N 10-18, R 10-16.<br \/>\nT\u00e4psustused ja info: kogukonnakeskus@muraste.ee; 5253128 (Aule Kikas).<\/p>\n","protected":false},"excerpt":{"rendered":"<p>N\u00c4DAL 47 MURASTES* *AT- koolimaja aatrium, SP- spordihoone; KO-kogukonnakeskuse ruum; \u00a0 KL- klassiruum; PL-Pangapealse lasteaed, PLF- Pangapealse lasteaia filiaali ruum Muraste koolimajas\u00a0 T\u00e4na algas \u00fcle-eestiline \u00dchisn\u00e4dal. Loe uudiseid siit.\u00a0 Esmasp\u00e4ev, \u00a021. november kl 14-15 AT, Tallinna Tantsuklubi &#8220;My Dance&#8221; showtants. 2x n\u00e4dalas\/30\u20ac kuu. Igale liitujale klubi s\u00e4rk tasuta. Rohkem infot www.mydance.ee kl 15-16.30 SP, Judoklubi<a class=\"moretag\" href=\"https:\/\/muraste.ee\/vana\/?page_id=2828\"><br \/>&#8230;Loe edasi<\/a><\/p>\n","protected":false},"author":2,"featured_media":0,"parent":0,"menu_order":0,"comment_status":"closed","ping_status":"closed","template":"","meta":{"_bbp_topic_count":0,"_bbp_reply_count":0,"_bbp_total_topic_count":0,"_bbp_total_reply_count":0,"_bbp_voice_count":0,"_bbp_anonymous_reply_count":0,"_bbp_topic_count_hidden":0,"_bbp_reply_count_hidden":0,"_bbp_forum_subforum_count":0,"_mc_calendar":[]},"_links":{"self":[{"href":"https:\/\/muraste.ee\/vana\/index.php?rest_route=\/wp\/v2\/pages\/2828"}],"collection":[{"href":"https:\/\/muraste.ee\/vana\/index.php?rest_route=\/wp\/v2\/pages"}],"about":[{"href":"https:\/\/muraste.ee\/vana\/index.php?rest_route=\/wp\/v2\/types\/page"}],"author":[{"embeddable":true,"href":"https:\/\/muraste.ee\/vana\/index.php?rest_route=\/wp\/v2\/users\/2"}],"replies":[{"embeddable":true,"href":"https:\/\/muraste.ee\/vana\/index.php?rest_route=%2Fwp%2Fv2%2Fcomments&post=2828"}],"version-history":[{"count":1,"href":"https:\/\/muraste.ee\/vana\/index.php?rest_route=\/wp\/v2\/pages\/2828\/revisions"}],"predecessor-version":[{"id":2830,"href":"https:\/\/muraste.ee\/vana\/index.php?rest_route=\/wp\/v2\/pages\/2828\/revisions\/2830"}],"wp:attachment":[{"href":"https:\/\/muraste.ee\/vana\/index.php?rest_route=%2Fwp%2Fv2%2Fmedia&parent=2828"}],"curies":[{"name":"wp","href":"https:\/\/api.w.org\/{rel}","templated":true}]}}