{"id":2902,"date":"2016-12-04T20:12:09","date_gmt":"2016-12-04T18:12:09","guid":{"rendered":"https:\/\/muraste.ee\/vana\/?page_id=2902"},"modified":"2016-12-04T20:13:04","modified_gmt":"2016-12-04T18:13:04","slug":"nadal-48","status":"publish","type":"page","link":"https:\/\/muraste.ee\/vana\/?page_id=2902","title":{"rendered":"N\u00e4dal 48"},"content":{"rendered":"<h2 style=\"text-align: center;\"><span style=\"color: #800000;\"><strong><span style=\"color: #0000ff;\">N\u00c4DAL 48 MURASTES<\/span>*<\/strong><\/span><\/h2>\n<h5 style=\"text-align: center;\"><strong><span style=\"color: #999999;\"><em>*AT- koolimaja aatrium, SP- spordihoone; KO-kogukonnakeskuse ruum; \u00a0 KL- klassiruum; PL-Pangapealse lasteaed, PLF- Pangapealse lasteaia filiaali ruum Muraste koolimajas\u00a0<a href=\"https:\/\/muraste.ee\/vana\/wp-content\/uploads\/2016\/03\/naissaarkivi.jpg\" rel=\"attachment wp-att-2540\"><br \/>\n<\/a><\/em><\/span><\/strong><\/h5>\n<p><a href=\"https:\/\/muraste.ee\/vana\/wp-content\/uploads\/2016\/03\/p\u00e4kad.jpg\" rel=\"attachment wp-att-2832\"><img decoding=\"async\" loading=\"lazy\" class=\"size-medium wp-image-2832 aligncenter\" src=\"https:\/\/muraste.ee\/vana\/wp-content\/uploads\/2016\/03\/p\u00e4kad-300x169.jpg\" alt=\"pakad\" width=\"300\" height=\"169\" srcset=\"https:\/\/muraste.ee\/vana\/wp-content\/uploads\/2016\/03\/p\u00e4kad-300x169.jpg 300w, https:\/\/muraste.ee\/vana\/wp-content\/uploads\/2016\/03\/p\u00e4kad-624x351.jpg 624w, https:\/\/muraste.ee\/vana\/wp-content\/uploads\/2016\/03\/p\u00e4kad-128x72.jpg 128w, https:\/\/muraste.ee\/vana\/wp-content\/uploads\/2016\/03\/p\u00e4kad.jpg 720w\" sizes=\"(max-width: 300px) 100vw, 300px\" \/><\/a><\/p>\n<p><span style=\"color: #ff6600;\"><span style=\"color: #99cc00;\"><span style=\"color: #0000ff;\"><strong>Esmasp\u00e4ev, \u00a028. november<\/strong><\/span><br \/>\n<\/span><\/span>kl 14-15 AT, Tallinna Tantsuklubi &#8220;My Dance&#8221; <strong>showtants<\/strong>. 2x n\u00e4dalas\/30\u20ac kuu. Igale liitujale klubi s\u00e4rk tasuta. Rohkem infot www.mydance.ee<br \/>\nkl 15-16.30 SP, Judoklubi &#8220;Aitado&#8221;\u00a0<strong>Judo<\/strong> (7-9 a), Rohkem infot sensei Edward Murel, murel.edward@gmail.com<br \/>\nkl 15.30-18.30 KL, <strong>Eelkool<\/strong> (1.grupp). Juhendab Kristi Bauman. Info www.huviringid.ee<br \/>\nkl 16.30-17.30 SP, <strong>K\u00e4sipall<\/strong> (1-5 kl); Info HC Tallinn, www.hctallinn.ee<br \/>\nkl 17.30 KO, <strong>Kandleansambel<\/strong> <strong>LiULi<\/strong><br \/>\nkl 17.30 <span style=\"color: #ff0000;\"><strong>UUS!<\/strong> <\/span>Harku vallamajas \u00a0on meil k\u00f5igil v\u00f5imalus kaasa r\u00e4\u00e4kida Harku valla ehitustingimusi, milj\u00f6\u00f6v\u00e4\u00e4rtuslikke alasid ja v\u00e4\u00e4rtuslikke maastikke m\u00e4\u00e4rava ning tihehoonestusalasid t\u00e4psustava teemaplaneeringu koostamisel. Kasutame seda v\u00f5imalust! Rohkem infot<strong> <a href=\"https:\/\/muraste.ee\/vana\/?p=2805\" target=\"_blank\">siit\u00a0<\/a><\/strong><br \/>\nkl 18-19.30<span style=\"color: #ff6600;\"> <strong>UUS!<\/strong><\/span> Muraste liikumisklubi v\u00e4ljas\u00f5it: Bikram jooga (loe lisa plakatilt)<img decoding=\"async\" loading=\"lazy\" class=\"alignnone wp-image-2818 size-medium alignleft\" src=\"https:\/\/muraste.ee\/vana\/wp-content\/uploads\/2016\/03\/Bikram-Yoga-28.11.16-208x300.jpg\" alt=\"bikram-yoga-28-11-16\" width=\"208\" height=\"300\" srcset=\"https:\/\/muraste.ee\/vana\/wp-content\/uploads\/2016\/03\/Bikram-Yoga-28.11.16-208x300.jpg 208w, https:\/\/muraste.ee\/vana\/wp-content\/uploads\/2016\/03\/Bikram-Yoga-28.11.16-709x1024.jpg 709w, https:\/\/muraste.ee\/vana\/wp-content\/uploads\/2016\/03\/Bikram-Yoga-28.11.16-624x901.jpg 624w, https:\/\/muraste.ee\/vana\/wp-content\/uploads\/2016\/03\/Bikram-Yoga-28.11.16.jpg 720w\" sizes=\"(max-width: 208px) 100vw, 208px\" \/><\/p>\n<p>kl 17.45 KL, <b><strong>Hispaania keele kursus algajatele\u00a0&#8211;\u00a0<\/strong><strong>Curso de espa\u00f1ol, <\/strong><\/b><img decoding=\"async\" loading=\"lazy\" class=\"alignright wp-image-2702 size-thumbnail\" src=\"https:\/\/muraste.ee\/vana\/wp-content\/uploads\/2016\/03\/heart-1422688_960_720-150x150.jpg\" alt=\"heart-1422688_960_720\" width=\"150\" height=\"150\" \/><em>\u00a0Juhendab Hannes Saarmets.\u00a0<\/em><br \/>\nkl 19 SP, <span style=\"color: #ff0000;\"><strong>UUS AEG!<\/strong> <span style=\"color: #000000;\"><strong>Korvpall naistele!<\/strong> <strong><span style=\"color: #ff0000;\">NB!<\/span> K\u00f5ik senised ja k\u00f5ik uued m\u00e4ngijad on v\u00e4ga oodatud!\u00a0 <\/strong><\/span><\/span><br \/>\nkl 19 AT, <strong>Suurupi naiskoor Meretule\u00a0 <\/strong><br \/>\nkl 19.30 PLF,\u00a0<span style=\"color: #ff0000;\"><strong>UUS! <\/strong><\/span><span style=\"color: #993366;\"><strong><span style=\"color: #ff0000;\">Hatha Krija<\/span><\/strong><span style=\"color: #ff6600;\"> <strong>jooga<\/strong><\/span><\/span><span style=\"color: #000000;\"><strong>,<\/strong> <\/span>juhendab Gristel Pagi (vt lisatud reklaam)<img decoding=\"async\" loading=\"lazy\" class=\"size-medium wp-image-2621 alignright\" src=\"https:\/\/muraste.ee\/vana\/wp-content\/uploads\/2016\/03\/jooga-uus-300x200.jpg\" alt=\"jooga-uus\" width=\"300\" height=\"200\" srcset=\"https:\/\/muraste.ee\/vana\/wp-content\/uploads\/2016\/03\/jooga-uus-300x200.jpg 300w, https:\/\/muraste.ee\/vana\/wp-content\/uploads\/2016\/03\/jooga-uus-624x416.jpg 624w, https:\/\/muraste.ee\/vana\/wp-content\/uploads\/2016\/03\/jooga-uus.jpg 640w\" sizes=\"(max-width: 300px) 100vw, 300px\" \/><\/p>\n<p>kl 20 PL, <strong>Zumba fitness &#8211; tantsuline treening<br \/>\n<\/strong><\/p>\n<p><span style=\"color: #0000ff;\"><strong>Teisip\u00e4ev, \u00a029. november <\/strong><\/span><br \/>\nkl 14.40 KL, <strong>\u00a0Fa Stuudio muusikaring<\/strong> 1-3 klassi \u00f5pilastele. \u00a0Tunnid toimuvad 1x n\u00e4dalas ja on tasulised\u00a0(17\u20ac\/kuu). Rohkem infot fastuudio@gmail.com v\u00f5i tel 5160031.<br \/>\nkl 15-16.30 <strong>Korvpall<\/strong> (1-5 klass); juhendab Chris Moore (Tabasalu Palliklubi). Info tabasalupk@rim.ee<br \/>\nkl 15 AT, <strong>v\u00f5istlustantsu teeningud algajatele lastele<\/strong> (info www.tantsumeka.ee, Matis Toome, tel 59190800)<br \/>\n<a href=\"https:\/\/muraste.ee\/vana\/wp-content\/uploads\/2016\/03\/oriflame.jpg\" rel=\"attachment wp-att-2857\"><img decoding=\"async\" loading=\"lazy\" class=\"size-full wp-image-2857 alignleft\" src=\"https:\/\/muraste.ee\/vana\/wp-content\/uploads\/2016\/03\/oriflame.jpg\" alt=\"oriflame\" width=\"188\" height=\"188\" srcset=\"https:\/\/muraste.ee\/vana\/wp-content\/uploads\/2016\/03\/oriflame.jpg 188w, https:\/\/muraste.ee\/vana\/wp-content\/uploads\/2016\/03\/oriflame-150x150.jpg 150w\" sizes=\"(max-width: 188px) 100vw, 188px\" \/><\/a><br \/>\nkl 17.30-19.30 KO fuajees, <span style=\"color: #ff0000;\"><strong>UUS!<\/strong><\/span> (29. nov \u00a0ja 5. dets) <strong>Oriflame kingilaat<\/strong>. N\u00e4onaha hoolduse nipid. \u00d5nneloos.<\/p>\n<p>kl 18 KL\u00a0<strong>inglise keele kursus <\/strong><em>(algteadmisi omajatel on v\u00f5imalus liituda ka juba t\u00f6\u00f6tava grupiga).<\/em><strong>\u00a0<\/strong>K\u00fcsi lisa juhendajalt tel 56575575.<br \/>\nkl 18 KO,\u00a0<strong>inglise keele vestlusring<\/strong> James Gill\u00b4i juhendamisel. K\u00f5ik inglise keelt praktiseerida soovijad on oodatud!<br \/>\nkl 19-20.30 SP, <strong><span style=\"color: #ff0000;\">UUS!<\/span><\/strong>\u00a0<strong>v\u00f5rkpall <\/strong><em>(naised\/mehed)- oodatud on k\u00f5ik v\u00f5rkpallihuvilised!;<\/em><br \/>\nkl 18.30-19.45 AT<strong>, Seltskonnatantsu kursus algajatele (1. november- 20. detsember)<\/strong>. Vt kuulutust!<br \/>\nkl 19.45-21.00 AT <strong>Seltskonnatantsude harjutustund<\/strong> &#8211; v\u00f5imalus \u00f5pitut kinnistada ja toredas seltskonnas jalga keerutada. Osalus 5k\u20ac\/in<a href=\"https:\/\/muraste.ee\/vana\/wp-content\/uploads\/2016\/03\/zumbasept16.jpg\" rel=\"attachment wp-att-2295\"><br \/>\n<\/a>kl 19\u00a0 <strong>talisuplus Tilgu sadamas<\/strong>. Rohkem infot FB\u00a0grupp Taliujumine Tilgus<\/p>\n<p><span style=\"color: #0000ff;\"><strong>Kolmap\u00e4ev, \u00a030. november<\/strong><\/span><br \/>\nkl 14-15 AT, Tallinna Tantsuklubi &#8220;My Dance&#8221;<strong>showtants<\/strong>. 2x n\u00e4dalas\/30\u20ac kuu. Igale liitujale klubi s\u00e4rk tasuta. Rohkem infot www.mydance.ee<br \/>\nkl 15-16.30 SP, <strong>Jalgpall<\/strong>, (1-5 kl). Info: Harju Jalgpallikool<br \/>\nkl 15.30-18.30 KL, <strong>Eelkool<\/strong> (2.grupp). Juhendab Kristi Bauman. Info www.huviringid.ee<br \/>\nkl 16.30-18 \u00a0SP, Judoklubi &#8220;Aitado&#8221;\u00a0<strong>Judo<\/strong> (7-9 a), Rohkem infot sensei Edward Murel, murel.edward@gmail.com<br \/>\nkl 17 KL, <strong>Mudelismiring<\/strong> algajatele, juhendaja Andres Madissoo, info 5259021<br \/>\nkl 18 KL, <strong>Mudelismiring<\/strong> edasij\u00f5udnutele,\u00a0juhendaja Andres Madissoo, info 5259021<br \/>\nkl 18.00 AT, <strong>Line-tants\u00a0<\/strong>INFO: <a href=\"mailto:kristin@huviline.ee\">kristin@huviline.ee<\/a> v\u00f5i tel 51923590. Osalustasu 5\u20ac\/kord.<br \/>\nkl 19-20.30 SP, <strong><span style=\"color: #ff0000;\">UUS!\u00a0<\/span>v\u00f5rkpall <\/strong><em>(mehed);<\/em><br \/>\n<span style=\"color: #000000;\">kl\u00a019.30 AT,\u00a0<strong><span style=\"color: #993366;\">\u00a0<\/span>K<\/strong><\/span><strong>undalin-jooga. <\/strong><span style=\"color: #000000;\">\u00a0<\/span>\u00dche joogatunni tasu on 10 \u20ac; 10\u00a0korra kaart 90 \u20ac. Rohkem teavet algi.samm@mail.ee\u00a0, tel 5019402.<\/p>\n<p><span style=\"color: #0000ff;\"><strong>Neljap\u00e4ev, 1. detsember<\/strong><\/span><br \/>\n<span style=\"color: #ff6600;\"><span style=\"color: #339966;\"><span style=\"color: #000000;\">kl 15-16.30 SP, <strong>Jalgpall<\/strong>, (1-5 kl). Info: Harju Jalgpallikool<\/span><\/span><\/span><br \/>\n<span style=\"color: #ff6600;\"><span style=\"color: #339966;\"><span style=\"color: #000000;\">kl 16.30-17.30 SP, <strong>K\u00e4sipall<\/strong> (1-5 kl); Info HC Tallinn, www.hctallinn.ee<\/span><\/span><\/span><br \/>\n<span style=\"color: #ff6600;\"><strong><span style=\"color: #339966;\"><a href=\"https:\/\/muraste.ee\/vana\/wp-content\/uploads\/2016\/03\/skaut.jpg\" rel=\"attachment wp-att-2663\"><img decoding=\"async\" loading=\"lazy\" class=\"size-medium wp-image-2663 alignright\" src=\"https:\/\/muraste.ee\/vana\/wp-content\/uploads\/2016\/03\/skaut-300x169.jpg\" alt=\"skaut\" width=\"300\" height=\"169\" srcset=\"https:\/\/muraste.ee\/vana\/wp-content\/uploads\/2016\/03\/skaut-300x169.jpg 300w, https:\/\/muraste.ee\/vana\/wp-content\/uploads\/2016\/03\/skaut-768x432.jpg 768w, https:\/\/muraste.ee\/vana\/wp-content\/uploads\/2016\/03\/skaut-1024x576.jpg 1024w, https:\/\/muraste.ee\/vana\/wp-content\/uploads\/2016\/03\/skaut-624x351.jpg 624w, https:\/\/muraste.ee\/vana\/wp-content\/uploads\/2016\/03\/skaut-128x72.jpg 128w, https:\/\/muraste.ee\/vana\/wp-content\/uploads\/2016\/03\/skaut.jpg 1134w\" sizes=\"(max-width: 300px) 100vw, 300px\" \/><\/a><\/span><\/strong><\/span>kl 15 AT, <strong>v\u00f5istlustantsu treeningud algajatele lastele<\/strong> (info www.tantsumeka.ee, Matis Toome, tel 59190800)<br \/>\nkl 17 <span style=\"color: #ff0000;\"><strong>UUS!<\/strong> <\/span>koolimaja v\u00f5rkpalliplatsi vahetus l\u00e4heduses <strong>skautide kogunemine. \u00a0<\/strong>Rohkem infot www.skaut.ee; sten.luik@gmail.com<br \/>\nkl 18 KL, <strong>Naiskodukaitse<\/strong> Harku jaoskonna koosolek<br \/>\nkl 18.30 KO, <strong><span style=\"color: #ff0000;\">UUS!<\/span>\u00a0Harku Kodut\u00fctarde r\u00fchma I koondus.\u00a0<\/strong>Saame kokku Muraste kooli kogukonnakeskuse ruumis. R\u00e4\u00e4gime kodut\u00fctarde r\u00fchma olemusest, tegevustest t\u00e4na ja tulevikus ning s\u00fcndmustest, mis l\u00e4hiajal ees ootavad. Esimesele koondusele on kutsutud meie valla t\u00e4nased kodut\u00fctred, aga oodatud on ka teised\u00a0asjast huvitatud lapsed\u00a0ja lapsevanemad, kes tahavad Kodut\u00fctarde organisatsioonist ja kohaliku r\u00fchma tegevustest rohkem teada.\u00a0Harju ringkonna noorteorganisatsioonide tegevusi kajastab\u00a0FB: \u00a0<a id=\"m_998529311042407443LPlnk688939\" class=\"m_998529311042407443OWAAutoLink\" href=\"https:\/\/www.facebook.com\/groups\/147218655336689\/\" target=\"_blank\" data-saferedirecturl=\"https:\/\/www.google.com\/url?hl=et&amp;q=https:\/\/www.facebook.com\/groups\/147218655336689\/&amp;source=gmail&amp;ust=1480361298261000&amp;usg=AFQjCNHwMtyCpTvhTxfFDCfrWCVfp3xRwg\">https:\/\/www.facebook.com\/<wbr \/>groups\/147218655336689\/<\/a><\/p>\n<p>kl 19\u00a0 <strong>talisuplus Tilgu sadamas. <\/strong>Rohkem infot FB\u00a0grupp Taliujumine Tilgus<br \/>\n<span style=\"color: #ff6600;\"><span style=\"color: #000000;\">kl 20\u00a0PL,\u00a0<strong>Zumba fitness &#8211; tantsuline treening<\/strong><br \/>\n<\/span><\/span><\/p>\n<p><span style=\"color: #0000ff;\"><strong>Reede, 2. detsember<\/strong><\/span><br \/>\nkl 14.30-15.15 <strong>Jalgratta osavustreening<\/strong>, maksumus 10\u20ac\/kuu. Info: Kalevi Jalgrattakooli treener Jaanika Rist (53933604, kalevirattakool@hot.ee)<br \/>\nkl 15-16.30 <strong>Korvpall<\/strong> (1-5 klass); juhendab Chris Moore (Tabasalu Palliklubi). Info tabasalupk@rim.ee<\/p>\n<p><span style=\"color: #0000ff;\"><strong>Laup\u00e4eval, 3. detsember<\/strong><\/span><br \/>\nkl 10-13 KO, <span style=\"color: #ff0000;\"><strong>UUS!<\/strong><\/span> Harku Valla Aiaselts kutsub kooitusele: Rabaaed &#8211; lektor Riho Teras. Osalustasu 4\u20ac. Info 5017137.<br \/>\nkl 12-16 <strong><span style=\"color: #ff0000;\">L\u00e4hme k\u00fclla!<\/span> <\/strong>V\u00e4\u00e4na tall-t\u00f5llakuuris <strong><span style=\"color: #0000ff;\">Harku valla j\u00f5ululaat<\/span>.<\/strong><\/p>\n<p><a href=\"https:\/\/muraste.ee\/vana\/wp-content\/uploads\/2016\/03\/15056284_202133203569265_7975145463816944082_n-1.jpg\" rel=\"attachment wp-att-2835\"><img decoding=\"async\" loading=\"lazy\" class=\"wp-image-2835 size-medium aligncenter\" src=\"https:\/\/muraste.ee\/vana\/wp-content\/uploads\/2016\/03\/15056284_202133203569265_7975145463816944082_n-1-300x188.jpg\" alt=\"15056284_202133203569265_7975145463816944082_n-1\" width=\"300\" height=\"188\" srcset=\"https:\/\/muraste.ee\/vana\/wp-content\/uploads\/2016\/03\/15056284_202133203569265_7975145463816944082_n-1-300x188.jpg 300w, https:\/\/muraste.ee\/vana\/wp-content\/uploads\/2016\/03\/15056284_202133203569265_7975145463816944082_n-1-768x481.jpg 768w, https:\/\/muraste.ee\/vana\/wp-content\/uploads\/2016\/03\/15056284_202133203569265_7975145463816944082_n-1-624x391.jpg 624w, https:\/\/muraste.ee\/vana\/wp-content\/uploads\/2016\/03\/15056284_202133203569265_7975145463816944082_n-1.jpg 960w\" sizes=\"(max-width: 300px) 100vw, 300px\" \/><\/a><\/p>\n<p><span style=\"color: #0000ff;\"><strong>P\u00fchap\u00e4ev, 4. detsember<\/strong><\/span><br \/>\nkl 11.00-14.00 <strong><span style=\"color: #ff0000;\">L\u00e4hme k\u00fclla!<\/span> <\/strong>\u00a0Kumna Kultuuriaidas <strong><span style=\"color: #0000ff;\">J\u00d5ULURETK<\/span><\/strong> &#8211; meisterdame t\u00f6\u00f6tubades,\u00a0\u00a0kaunistame piparkooke,\u00a0teeme \u00f5ues v\u00e4ikse retke,\u00a0k\u00fcpsetame l\u00f5kketule kohal;\u00a0kohal on esinejad ning\u00a0\u00fcllatused ja m\u00e4ngud.<\/p>\n<p>kl 13 <span style=\"color: #ff0000;\"><strong>L\u00e4hme k\u00fclla!<\/strong><\/span> Estonia Talveaias <strong>Vabatahtlike tunnustamine<\/strong>\u00a0(kutsetega).<\/p>\n<h2><span style=\"color: #0000ff;\"><strong>TULEKUL TALVETRALL!!! \u00a0<\/strong><\/span><\/h2>\n<p><span style=\"color: #339966;\"><em><span style=\"color: #0000ff;\"><strong>11. detsembril kell 18 TALVETRALL &#8211; kogupere peo\u00f5htu laulu, tantsu ja r\u00f5\u00f5muga <\/strong>J\u00f5uluaeg on ilus aeg \u00fcle kogu Harku valla &#8211; V\u00e4\u00e4na selts ootab k\u00f5iki 3.detsembril V\u00e4\u00e4na tall-t\u00f5llakuuri suurele j\u00f5ululaadale, Kumna Kultuuriait kutsub lapsi osa saama 4. detsembril toimuvast traditsioonilisest J\u00f5uluretkest. Koolilaste j\u00f5ululaadad toimuvad 9.detsembril Muraste koolis ja 4. detsembril V\u00e4\u00e4na-J\u00f5esuu koolis&#8230; \u00dcritusi lisandub meie valla kandikeskuste kalendritesse iga p\u00e4evaga juurde, j\u00e4lgige teateid! <strong>Murastes<\/strong> ootame seekord vahvat vallarahvast lustlikule <strong>TALVETRALLILE.<\/strong> \u00d5htu jooksul saab kuulata<strong> LiULi<\/strong> kandlem\u00e4ngu, nautida <strong>Tantsuseltsi As-Sa<\/strong> rahvatantsijate ja <strong>Fa Stuudio<\/strong> laste esinemist. Ja mis k\u00f5ige parem: saab ka ise<span style=\"color: #ff0000;\"> tantsida<\/span>, sest kohal on hoogne <span style=\"color: #ff0000;\">b\u00e4nd<\/span> koosseisus <strong>IRENA ja Ivar Hansen!<a href=\"https:\/\/muraste.ee\/vana\/wp-content\/uploads\/2016\/03\/irena.jpg\" rel=\"attachment wp-att-2861\"><img decoding=\"async\" loading=\"lazy\" class=\"size-medium wp-image-2861 alignright\" src=\"https:\/\/muraste.ee\/vana\/wp-content\/uploads\/2016\/03\/irena-300x200.jpg\" alt=\"irena\" width=\"300\" height=\"200\" srcset=\"https:\/\/muraste.ee\/vana\/wp-content\/uploads\/2016\/03\/irena-300x200.jpg 300w, https:\/\/muraste.ee\/vana\/wp-content\/uploads\/2016\/03\/irena-768x512.jpg 768w, https:\/\/muraste.ee\/vana\/wp-content\/uploads\/2016\/03\/irena-624x416.jpg 624w, https:\/\/muraste.ee\/vana\/wp-content\/uploads\/2016\/03\/irena.jpg 960w\" sizes=\"(max-width: 300px) 100vw, 300px\" \/><\/a><\/strong><\/span><br \/>\n<span style=\"color: #0000ff;\">Kindlasti on tulemas \u00fcllatusi ja muhedat nalja!<\/span><br \/>\n<span style=\"color: #0000ff;\">Hubaseks teeb peo veel seegi, et v\u00f5imalik on broneerida oma seltskonnale laud ning v\u00f5tta hea ja parem s\u00f6\u00f6gikraam ise kaasa. T\u00f6\u00f6tab ka Rannikupidude kohvik, kus samuti nii m\u00f5ndagi suup\u00e4rast saada on;).<\/span><br \/>\n<span style=\"color: #0000ff;\">Sissep\u00e4\u00e4s on s\u00fcmboolne 3\u20ac, lapsed suisa niisama;)\u00a0<strong><br \/>\nV\u00f5tkem siis tantsukingad kaasa ja mingem k\u00f5ik trallima!<br \/>\nInfo: kogukonnakeskus@muraste.ee, 5253128<\/strong><\/span><a href=\"https:\/\/muraste.ee\/vana\/wp-content\/uploads\/2016\/03\/11dets.jpg\" rel=\"attachment wp-att-2823\"><img decoding=\"async\" loading=\"lazy\" class=\"alignnone size-full wp-image-2823\" src=\"https:\/\/muraste.ee\/vana\/wp-content\/uploads\/2016\/03\/11dets.jpg\" alt=\"11dets\" width=\"679\" height=\"960\" srcset=\"https:\/\/muraste.ee\/vana\/wp-content\/uploads\/2016\/03\/11dets.jpg 679w, https:\/\/muraste.ee\/vana\/wp-content\/uploads\/2016\/03\/11dets-212x300.jpg 212w, https:\/\/muraste.ee\/vana\/wp-content\/uploads\/2016\/03\/11dets-624x882.jpg 624w\" sizes=\"(max-width: 679px) 100vw, 679px\" \/><\/a><\/em><\/span><\/p>\n<p><span style=\"color: #99cc00;\"><strong>T\u00c4HELEPANU!<\/strong>\u00a0<\/span>\u00d5ues on pime. Ennast n\u00e4htavaks teha on lihtne ning selleks on palju v\u00f5imalusi. Kui Sul ei ole veel helkurit, k\u00fcsi see omale Muraste kogukonnakeskusest v\u00f5i Harku vallamajast. Anname oma panuse Sinu silmapaistvaks tegemisele sest teame, et Sinust hoolitakse ja Sind oodatakse koju. Turvaliselt.<\/p>\n<p><a href=\"https:\/\/muraste.ee\/vana\/wp-content\/uploads\/2016\/03\/helkur.jpg\" rel=\"attachment wp-att-2584\"><img decoding=\"async\" loading=\"lazy\" class=\"wp-image-2584 alignleft\" src=\"https:\/\/muraste.ee\/vana\/wp-content\/uploads\/2016\/03\/helkur-1024x576.jpg\" alt=\"helkur\" width=\"284\" height=\"160\" srcset=\"https:\/\/muraste.ee\/vana\/wp-content\/uploads\/2016\/03\/helkur-1024x576.jpg 1024w, https:\/\/muraste.ee\/vana\/wp-content\/uploads\/2016\/03\/helkur-300x169.jpg 300w, https:\/\/muraste.ee\/vana\/wp-content\/uploads\/2016\/03\/helkur-768x432.jpg 768w, https:\/\/muraste.ee\/vana\/wp-content\/uploads\/2016\/03\/helkur-624x351.jpg 624w, https:\/\/muraste.ee\/vana\/wp-content\/uploads\/2016\/03\/helkur-128x72.jpg 128w, https:\/\/muraste.ee\/vana\/wp-content\/uploads\/2016\/03\/helkur.jpg 1280w\" sizes=\"(max-width: 284px) 100vw, 284px\" \/><\/a><\/p>\n<p><strong>Teadmiseks: <\/strong>Muraste igan\u00e4dalase e-infokirjaga liitumiseks saada sellekohane teade muraste@muraste.ee<\/p>\n<p style=\"text-align: left;\"><strong>Muraste kogukonnakeskus<\/strong><span style=\"color: #ff9900;\"> <span style=\"color: #000000;\">(<\/span><\/span>Lee tee 9, Muraste) avatud E-N 10-18, R 10-16.<br \/>\nT\u00e4psustused ja info: kogukonnakeskus@muraste.ee; 5253128 (Aule Kikas).<\/p>\n","protected":false},"excerpt":{"rendered":"<p>N\u00c4DAL 48 MURASTES* *AT- koolimaja aatrium, SP- spordihoone; KO-kogukonnakeskuse ruum; \u00a0 KL- klassiruum; PL-Pangapealse lasteaed, PLF- Pangapealse lasteaia filiaali ruum Muraste koolimajas\u00a0 Esmasp\u00e4ev, \u00a028. november kl 14-15 AT, Tallinna Tantsuklubi &#8220;My Dance&#8221; showtants. 2x n\u00e4dalas\/30\u20ac kuu. Igale liitujale klubi s\u00e4rk tasuta. Rohkem infot www.mydance.ee kl 15-16.30 SP, Judoklubi &#8220;Aitado&#8221;\u00a0Judo (7-9 a), Rohkem infot sensei Edward<a class=\"moretag\" href=\"https:\/\/muraste.ee\/vana\/?page_id=2902\"><br \/>&#8230;Loe edasi<\/a><\/p>\n","protected":false},"author":2,"featured_media":0,"parent":0,"menu_order":0,"comment_status":"closed","ping_status":"closed","template":"","meta":{"_bbp_topic_count":0,"_bbp_reply_count":0,"_bbp_total_topic_count":0,"_bbp_total_reply_count":0,"_bbp_voice_count":0,"_bbp_anonymous_reply_count":0,"_bbp_topic_count_hidden":0,"_bbp_reply_count_hidden":0,"_bbp_forum_subforum_count":0,"_mc_calendar":[]},"_links":{"self":[{"href":"https:\/\/muraste.ee\/vana\/index.php?rest_route=\/wp\/v2\/pages\/2902"}],"collection":[{"href":"https:\/\/muraste.ee\/vana\/index.php?rest_route=\/wp\/v2\/pages"}],"about":[{"href":"https:\/\/muraste.ee\/vana\/index.php?rest_route=\/wp\/v2\/types\/page"}],"author":[{"embeddable":true,"href":"https:\/\/muraste.ee\/vana\/index.php?rest_route=\/wp\/v2\/users\/2"}],"replies":[{"embeddable":true,"href":"https:\/\/muraste.ee\/vana\/index.php?rest_route=%2Fwp%2Fv2%2Fcomments&post=2902"}],"version-history":[{"count":1,"href":"https:\/\/muraste.ee\/vana\/index.php?rest_route=\/wp\/v2\/pages\/2902\/revisions"}],"predecessor-version":[{"id":2904,"href":"https:\/\/muraste.ee\/vana\/index.php?rest_route=\/wp\/v2\/pages\/2902\/revisions\/2904"}],"wp:attachment":[{"href":"https:\/\/muraste.ee\/vana\/index.php?rest_route=%2Fwp%2Fv2%2Fmedia&parent=2902"}],"curies":[{"name":"wp","href":"https:\/\/api.w.org\/{rel}","templated":true}]}}