{"id":3001,"date":"2016-12-12T02:48:17","date_gmt":"2016-12-12T00:48:17","guid":{"rendered":"https:\/\/muraste.ee\/vana\/?page_id=3001"},"modified":"2016-12-12T02:48:17","modified_gmt":"2016-12-12T00:48:17","slug":"nadal-49","status":"publish","type":"page","link":"https:\/\/muraste.ee\/vana\/?page_id=3001","title":{"rendered":"N\u00e4dal 49"},"content":{"rendered":"<h2 style=\"text-align: center;\"><span style=\"color: #800000;\"><strong><span style=\"color: #008000;\">N\u00c4DAL 49 MURASTES<\/span>*<\/strong><\/span><\/h2>\n<h5 style=\"text-align: center;\"><strong><span style=\"color: #999999;\"><em>*AT- koolimaja aatrium, SP- spordihoone; KO-kogukonnakeskuse ruum; \u00a0 KL- klassiruum; PL-Pangapealse lasteaed, PLF- Pangapealse lasteaia filiaali ruum Muraste koolimajas\u00a0<a href=\"https:\/\/muraste.ee\/vana\/wp-content\/uploads\/2016\/03\/naissaarkivi.jpg\" rel=\"attachment wp-att-2540\"><br \/>\n<\/a><\/em><\/span><\/strong><\/h5>\n<p style=\"text-align: center;\"><a href=\"https:\/\/muraste.ee\/vana\/wp-content\/uploads\/2016\/03\/15284077_1811369562469168_7591030098794120499_n.jpg\" rel=\"attachment wp-att-2922\"><img decoding=\"async\" loading=\"lazy\" class=\"size-medium wp-image-2922 aligncenter\" src=\"https:\/\/muraste.ee\/vana\/wp-content\/uploads\/2016\/03\/15284077_1811369562469168_7591030098794120499_n-300x200.jpg\" alt=\"15284077_1811369562469168_7591030098794120499_n\" width=\"300\" height=\"200\" srcset=\"https:\/\/muraste.ee\/vana\/wp-content\/uploads\/2016\/03\/15284077_1811369562469168_7591030098794120499_n-300x200.jpg 300w, https:\/\/muraste.ee\/vana\/wp-content\/uploads\/2016\/03\/15284077_1811369562469168_7591030098794120499_n-768x511.jpg 768w, https:\/\/muraste.ee\/vana\/wp-content\/uploads\/2016\/03\/15284077_1811369562469168_7591030098794120499_n-624x415.jpg 624w, https:\/\/muraste.ee\/vana\/wp-content\/uploads\/2016\/03\/15284077_1811369562469168_7591030098794120499_n.jpg 960w\" sizes=\"(max-width: 300px) 100vw, 300px\" \/><em>P<\/em><\/a><em>ildil: \u00a0Aasta vabatahtliku tiitliga\u00a0p\u00e4rjatud parimatest parimad aastal 2016.\u00a0<\/em><\/p>\n<p><span style=\"color: #ff6600;\"><span style=\"color: #99cc00;\"><span style=\"color: #008000;\"><strong>Esmasp\u00e4ev, \u00a05. detsember<br \/>\n<\/strong><\/span><span style=\"color: #0000ff;\"><strong>T\u00e4na on rahvusvaheline vabatahtlike p\u00e4ev! Muraste k\u00fclaselts t\u00e4nab k\u00f5iki meie vabatahtlikke hindamatu panuse eest kodukandi elu elavdamisel ja edendamisel.\u00a0<\/strong><\/span><br \/>\n<\/span><\/span>kl 14-15 AT, Tallinna Tantsuklubi &#8220;My Dance&#8221; <strong>showtants<\/strong>. \u00a0Igale liitujale klubi s\u00e4rk tasuta. Rohkem infot www.mydance.ee<br \/>\nkl 15-16.30 SP, Judoklubi &#8220;Aitado&#8221;\u00a0<strong>Judo<\/strong> (7-9 a), Rohkem infot sensei Edward Murel, murel.edward@gmail.com<br \/>\nkl 15.30-18.30 KL, <strong>Eelkool<\/strong> (1.grupp). Juhendab Kristi Bauman. Info www.huviringid.ee<br \/>\nkl 16.30-17.30 SP, <strong>K\u00e4sipall<\/strong> (1-5 kl); Info HC Tallinn, www.hctallinn.ee<br \/>\nkl 17.30 KO, <strong>Kandleansambel<\/strong> <strong>LiULi<\/strong><br \/>\nkl 17.45 KL, <b><strong>Hispaania keele kursus algajatele\u00a0&#8211;\u00a0<\/strong><strong>Curso de espa\u00f1ol, <\/strong><\/b><em><br \/>\n<\/em>Juhendab Hannes Saarmets.<br \/>\nkl 17.30-19.30 KO fuajees, <span style=\"color: #ff0000;\"><strong>U U S !<\/strong> <\/span>\u00a0<strong>Oriflame kingilaat<\/strong>. \u00d5nneloos.<em><br \/>\n<a href=\"https:\/\/muraste.ee\/vana\/wp-content\/uploads\/2016\/03\/oriflame.jpg\" rel=\"attachment wp-att-2857\"><img decoding=\"async\" loading=\"lazy\" class=\"size-full wp-image-2857 alignleft\" src=\"https:\/\/muraste.ee\/vana\/wp-content\/uploads\/2016\/03\/oriflame.jpg\" alt=\"oriflame\" width=\"188\" height=\"188\" srcset=\"https:\/\/muraste.ee\/vana\/wp-content\/uploads\/2016\/03\/oriflame.jpg 188w, https:\/\/muraste.ee\/vana\/wp-content\/uploads\/2016\/03\/oriflame-150x150.jpg 150w\" sizes=\"(max-width: 188px) 100vw, 188px\" \/><\/a><\/em>kl 19 AT, <strong>Suurupi naiskoor Meretule\u00a0 <\/strong><br \/>\nkl 19.30 PLF,\u00a0<span style=\"color: #000000;\"><strong>Hatha Krija jooga, <\/strong><\/span>juhendab Gristel Pagi<br \/>\nkl 20 PL, <strong>Zumba fitness &#8211; tantsuline treening<br \/>\n<\/strong><\/p>\n<p><span style=\"color: #008000;\"><strong>Teisip\u00e4ev, \u00a06. detsember\u00a0<\/strong><\/span><br \/>\nkl 14.40 <strong>Fa Stuudio muusikaring<\/strong>. \u00a0Rohkem infot fastuudio@gmail.com v\u00f5i tel 5160031.<br \/>\nkl 15-16.30 <strong>Korvpall<\/strong> (1-5 klass); juhendab Chris Moore (Tabasalu Palliklubi). Info tabasalupk@rim.ee<br \/>\nkl 15 AT, <strong>V\u00f5istlustantsu teeningud algajatele lastele<\/strong> (info www.tantsumeka.ee, Matis Toome, tel 59190800)<br \/>\nkl 18 KL\u00a0<strong>Inglise keele kursus <\/strong><em>(algteadmisi omajatel on v\u00f5imalus liituda ka juba t\u00f6\u00f6tava grupiga).<\/em><strong>\u00a0<\/strong>K\u00fcsi lisa juhendajalt tel 56575575.<br \/>\nkl 18 KL,\u00a0<strong>Inglise keele vestlusring<\/strong> James Gill\u00b4i juhendamisel. K\u00f5ik inglise keelt praktiseerida soovijad on oodatud!<br \/>\nkl 19-20.30 SP, <strong>V\u00f5rkpall <\/strong><em>(naised\/mehed)- oodatud on k\u00f5ik v\u00f5rkpallihuvilised!;<\/em><br \/>\nkl 18.30-19.45 AT<strong>, Seltskonnatantsu kursus algajatele (1. november- 20. detsember)<\/strong>. Vt kuulutust!<br \/>\nkl 19.45-21.00 AT <strong>Seltskonnatantsude harjutustund<\/strong> &#8211; v\u00f5imalus \u00f5pitut kinnistada ja toredas seltskonnas jalga keerutada. Osalus 5k\u20ac\/in<a href=\"https:\/\/muraste.ee\/vana\/wp-content\/uploads\/2016\/03\/zumbasept16.jpg\" rel=\"attachment wp-att-2295\"><br \/>\n<\/a>kl 19\u00a0 <strong>talisuplus Tilgu sadamas<\/strong>. Rohkem infot FB\u00a0grupp Taliujumine Tilgus<br \/>\nkl 19 KO, Talvetralli korraldajate koosolek.<\/p>\n<p><span style=\"color: #008000;\"><strong><br \/>\nKolmap\u00e4ev, \u00a07. detsember<\/strong><\/span><br \/>\nkl 14-15 AT, Tallinna Tantsuklubi &#8220;My Dance&#8221;<strong>showtants<\/strong>. 2x n\u00e4dalas\/30\u20ac kuu. Igale liitujale klubi s\u00e4rk tasuta. Rohkem infot www.mydance.ee<br \/>\nkl 15-16.30 SP, <strong>Jalgpall<\/strong>, (1-5 kl). Info: Harju Jalgpallikool<br \/>\nkl 15.30-18.30 KL, <strong>Eelkool<\/strong> (2.grupp). Juhendab Kristi Bauman. Info www.huviringid.ee<br \/>\nkl 16.30-18 \u00a0SP, Judoklubi &#8220;Aitado&#8221;\u00a0<strong>Judo<\/strong> (7-9 a), Rohkem infot sensei Edward Murel, murel.edward@gmail.com<br \/>\nkl 17 KL, <strong>Mudelismiring<\/strong> algajatele, juhendaja Andres Madissoo, info 5259021<br \/>\nkl 18 KL, <strong>Mudelismiring<\/strong> edasij\u00f5udnutele,\u00a0juhendaja Andres Madissoo, info 5259021<br \/>\nkl 18.00 AT, <strong>Line-tants\u00a0<\/strong>INFO: <a href=\"mailto:kristin@huviline.ee\">kristin@huviline.ee<\/a> v\u00f5i tel 51923590. Osalustasu 5\u20ac\/kord.<br \/>\nkl 19 KO, K\u00fclaseltsi juhatuse koosolek<br \/>\nkl 19-20.30 SP, <strong><span style=\"color: #000000;\">V\u00f5r<\/span>kpall <\/strong><em>(mehed);<\/em><br \/>\n<span style=\"color: #000000;\">kl\u00a019.30 AT,\u00a0<strong><span style=\"color: #993366;\">\u00a0<\/span>K<\/strong><\/span><strong>undalin-jooga. <\/strong><em>Detsembris praktiseerime n\u00e4rvis\u00fcsteemi tugevdamise kriyat. J\u00f5ulukuu mantrapraktika avab Sinu elu imelisusele ja toob imede j\u00f5u Sinu ellu. Ime ei ole midagi v\u00e4ljaspool kujutlusv\u00f5imet ja reaalsust olev. Joogide iidne tarkus \u00fctleb, et see juhtub, kui heidad eemale oma meele poolt pandud piirangud ja avad kujutlusv\u00f5ime. Sinus endas on olemas k\u00f5ik vahendid ja ressursid, et elada \u00f5nneliku, terve ja p\u00fchana.\u00a0<\/em><span style=\"color: #000000;\">\u00a0<\/span>\u00dche joogatunni tasu on 10 \u20ac; 10\u00a0korra kaart 90 \u20ac. Rohkem teavet algi.samm@mail.ee\u00a0, tel 5019402.<\/p>\n<p><span style=\"color: #008000;\"><strong><br \/>\nNeljap\u00e4ev, 8. detsember<\/strong><\/span><br \/>\n<span style=\"color: #ff6600;\"><span style=\"color: #339966;\"><span style=\"color: #000000;\">kl 15-16.30 SP, <strong>Jalgpall<\/strong>, (1-5 kl). Info: Harju Jalgpallikool<\/span><\/span><\/span><br \/>\n<span style=\"color: #ff6600;\"><span style=\"color: #339966;\"><span style=\"color: #000000;\">kl 16.30-17.30 SP, <strong>K\u00e4sipall<\/strong> (1-5 kl); Info HC Tallinn, www.hctallinn.ee<\/span><\/span><\/span><br \/>\nkl 15 AT, <strong>v\u00f5istlustantsu treeningud algajatele lastele<\/strong> (info www.tantsumeka.ee, Matis Toome, tel 59190800)<br \/>\nkl 17 \u00a0<strong>Skautide kogunemine. \u00a0<\/strong>Rohkem infot www.skaut.ee; sten.luik@gmail.com<br \/>\nkl 18 KL,<span style=\"color: #ff0000;\"><strong> UUS!<\/strong> <\/span><strong>KreemiKOHVIK- t\u00f6\u00f6tuba<\/strong>. Rohkem infot <span style=\"color: #ff0000;\"><a style=\"color: #ff0000;\" href=\"https:\/\/www.facebook.com\/events\/1828024907416098\/\" target=\"_blank\">siit\u00a0<\/a><\/span><a href=\"https:\/\/muraste.ee\/vana\/wp-content\/uploads\/2016\/03\/oriflame.jpg\" rel=\"attachment wp-att-2857\"><img decoding=\"async\" loading=\"lazy\" class=\"size-thumbnail wp-image-2857 alignright\" src=\"https:\/\/muraste.ee\/vana\/wp-content\/uploads\/2016\/03\/oriflame-150x150.jpg\" alt=\"oriflame\" width=\"150\" height=\"150\" srcset=\"https:\/\/muraste.ee\/vana\/wp-content\/uploads\/2016\/03\/oriflame-150x150.jpg 150w, https:\/\/muraste.ee\/vana\/wp-content\/uploads\/2016\/03\/oriflame.jpg 188w\" sizes=\"(max-width: 150px) 100vw, 150px\" \/><\/a><a href=\"https:\/\/www.facebook.com\/events\/1828024907416098\/\" target=\"_blank\"><br \/>\n<\/a>kl 18 KO, <strong>Harku valla ATH laste vanemate tugir\u00fchm.<\/strong> Oodatud on k\u00f5ik endised ja uued lapsevanemad \u2013 koos on kergem<br \/>\nkl 19 \u00a0<strong>Talisuplus Tilgu sadamas. <\/strong>Rohkem infot FB\u00a0grupp Taliujumine Tilgus<br \/>\n<span style=\"color: #ff6600;\"><span style=\"color: #000000;\">kl 20\u00a0PL,\u00a0<strong>Zumba fitness &#8211; tantsuline treening<br \/>\nkl 18 <span style=\"color: #ff0000;\"><strong>L\u00e4hme k\u00fclla!<\/strong>\u00a0<\/span><\/strong>Nelja Valla Kogu kutsub k\u00f5iki\u00a0m\u00f5ttetalgutele, et \u00fchistegevuse arendamisega aidata kaasa kogukondlikke sidemete tugevdamisele. <a href=\"https:\/\/muraste.ee\/vana\/wp-content\/uploads\/2016\/03\/15192518_1168602059882553_7437231026817884960_n.jpg\" rel=\"attachment wp-att-2932\"><img decoding=\"async\" loading=\"lazy\" class=\"size-thumbnail wp-image-2932 alignright\" src=\"https:\/\/muraste.ee\/vana\/wp-content\/uploads\/2016\/03\/15192518_1168602059882553_7437231026817884960_n-150x150.jpg\" alt=\"15192518_1168602059882553_7437231026817884960_n\" width=\"150\" height=\"150\" \/><\/a><br \/>\nEesm\u00e4rgiks on avatud ruumi meetodit kasutades selgitada v\u00e4lja piirkondliku kogukonna vajadustest l\u00e4htuvad ja probleemide lahendamisele keskendunud ideed, mida juba j\u00e4rgmises Leader- taotlusvoorus projektidena realiseerida.<br \/>\nM\u00f5ttetalgud toimuvad Tuula seltsimajas Tuula k\u00fclas Saue vallas 8. detsembril kell 18.00-20.30.\u00a0M\u00f5ttetalguid juhib organisatsioonide arengun\u00f5ustaja Kaidi Peets.<br \/>\n<\/span><\/span><\/p>\n<p><span style=\"color: #008000;\"><strong>Reede, 9. detsember<a href=\"https:\/\/muraste.ee\/vana\/wp-content\/uploads\/2016\/03\/15281194_1362965537055734_1570858472_n-2.jpg\" rel=\"attachment wp-att-2943\"><img decoding=\"async\" loading=\"lazy\" class=\"size-medium wp-image-2943 alignright\" src=\"https:\/\/muraste.ee\/vana\/wp-content\/uploads\/2016\/03\/15281194_1362965537055734_1570858472_n-2-176x300.jpg\" alt=\"15281194_1362965537055734_1570858472_n\" width=\"176\" height=\"300\" srcset=\"https:\/\/muraste.ee\/vana\/wp-content\/uploads\/2016\/03\/15281194_1362965537055734_1570858472_n-2-176x300.jpg 176w, https:\/\/muraste.ee\/vana\/wp-content\/uploads\/2016\/03\/15281194_1362965537055734_1570858472_n-2.jpg 281w\" sizes=\"(max-width: 176px) 100vw, 176px\" \/><\/a><\/strong><\/span><br \/>\nkl 14.30-16 AT, <span style=\"color: #ff0000;\"><strong>UUS!<\/strong> <\/span><strong>Kooli j\u00f5ululaat!<\/strong> Olete k\u00f5ik oodatud ostma laste valmistatud vahvaid tooteid ning toetama sellega nende\u00a0v\u00e4ikeste soovide \u00a0t\u00e4itumist!\u00a0Koolimajja saabub j\u00f5ulupuu!<br \/>\nkl 15-16.30 SP,\u00a0<strong>Korvpall<\/strong> (1-5 klass); juhendab Chris Moore (Tabasalu Palliklubi). Info tabasalupk@rim.ee<a href=\"https:\/\/muraste.ee\/vana\/wp-content\/uploads\/2016\/03\/f2074e60a3d52ac87299edf86d838da9.jpg\" rel=\"attachment wp-att-2945\"><img decoding=\"async\" loading=\"lazy\" class=\"size-thumbnail wp-image-2945 alignleft\" src=\"https:\/\/muraste.ee\/vana\/wp-content\/uploads\/2016\/03\/f2074e60a3d52ac87299edf86d838da9-150x150.jpg\" alt=\"f2074e60a3d52ac87299edf86d838da9\" width=\"150\" height=\"150\" \/><\/a><\/p>\n<p>kl 18 KO, Hiired l\u00e4inud, kassidel on j\u00f5ulupidu:) (kutsetega)<\/p>\n<p><span style=\"color: #008000;\"><strong><br \/>\nP\u00fchap\u00e4ev, 11. detsember<\/strong><\/span><br \/>\nkl 18- &#8230;\u00a0<em><strong><span style=\"color: #ff0000;\">\u00a0TALVETRALL<\/span> &#8211; kogupere peo\u00f5htu laulu, tantsu ja r\u00f5\u00f5muga.\u00a0<\/strong>\u00a0Ootame vahvat vallarahvast lustlikule <strong>TALVETRALLILE.<\/strong> \u00d5htu jooksul saab kuulata<strong> LiULi<\/strong> kandlem\u00e4ngu, nautida <strong>Tantsuseltsi As-Sa<\/strong> rahvatantsijate ja <strong>Fa Stuudio<\/strong> laste esinemist. Ja mis k\u00f5ige parem: saab ka ise tantsida, sest kohal on hoogne b\u00e4nd koosseisus <strong>IRENA ja Ivar Hansen!<a href=\"https:\/\/muraste.ee\/vana\/wp-content\/uploads\/2016\/03\/irena.jpg\" rel=\"attachment wp-att-2861\"><img decoding=\"async\" loading=\"lazy\" class=\"size-medium wp-image-2861 alignright\" src=\"https:\/\/muraste.ee\/vana\/wp-content\/uploads\/2016\/03\/irena-300x200.jpg\" alt=\"irena\" width=\"300\" height=\"200\" srcset=\"https:\/\/muraste.ee\/vana\/wp-content\/uploads\/2016\/03\/irena-300x200.jpg 300w, https:\/\/muraste.ee\/vana\/wp-content\/uploads\/2016\/03\/irena-768x512.jpg 768w, https:\/\/muraste.ee\/vana\/wp-content\/uploads\/2016\/03\/irena-624x416.jpg 624w, https:\/\/muraste.ee\/vana\/wp-content\/uploads\/2016\/03\/irena.jpg 960w\" sizes=\"(max-width: 300px) 100vw, 300px\" \/><\/a><\/strong><br \/>\nKindlasti on tulemas \u00fcllatusi ja muhedat nalja!<br \/>\nHubaseks teeb peo veel seegi, et v\u00f5imalik on broneerida oma seltskonnale laud ning v\u00f5tta hea ja parem s\u00f6\u00f6gikraam ise kaasa. T\u00f6\u00f6tab ka Rannikupidude kohvik, kus samuti nii m\u00f5ndagi suup\u00e4rast saada on;).<br \/>\nSissep\u00e4\u00e4s on s\u00fcmboolne 3\u20ac, lapsed suisa niisama;)\u00a0<strong><br \/>\nV\u00f5tkem siis tantsukingad kaasa ja tulgem\u00a0k\u00f5ik trallima!<br \/>\nInfo: kogukonnakeskus@muraste.ee, 5253128<\/strong><a href=\"https:\/\/muraste.ee\/vana\/wp-content\/uploads\/2016\/03\/11dets.jpg\" rel=\"attachment wp-att-2823\"><img decoding=\"async\" loading=\"lazy\" class=\"alignnone size-full wp-image-2823\" src=\"https:\/\/muraste.ee\/vana\/wp-content\/uploads\/2016\/03\/11dets.jpg\" alt=\"11dets\" width=\"679\" height=\"960\" srcset=\"https:\/\/muraste.ee\/vana\/wp-content\/uploads\/2016\/03\/11dets.jpg 679w, https:\/\/muraste.ee\/vana\/wp-content\/uploads\/2016\/03\/11dets-212x300.jpg 212w, https:\/\/muraste.ee\/vana\/wp-content\/uploads\/2016\/03\/11dets-624x882.jpg 624w\" sizes=\"(max-width: 679px) 100vw, 679px\" \/><\/a><\/em><\/p>\n<p><span style=\"color: #ff0000;\"><strong>OLULNE!<\/strong><\/span><br \/>\n<a href=\"https:\/\/muraste.ee\/vana\/wp-content\/uploads\/2016\/03\/kaan-1.jpg\" rel=\"attachment wp-att-2934\"><img decoding=\"async\" loading=\"lazy\" class=\"size-thumbnail wp-image-2934 alignright\" src=\"https:\/\/muraste.ee\/vana\/wp-content\/uploads\/2016\/03\/kaan-1-150x150.jpg\" alt=\"kaan\" width=\"150\" height=\"150\" \/><\/a><br \/>\n<strong>Harku vallavalitsus ootab teie asjakohaseid ettepanekuid Harku valla ehitustingimusi, milj\u00f6\u00f6v\u00e4\u00e4rtuslikke alasid ja v\u00e4\u00e4rtuslikke maastikke m\u00e4\u00e4ravale ning tihehoonestusalasid t\u00e4psustavale teemaplaneeringule kuni 21.12.2016 e-posti teel harku@harku.ee v\u00f5i kirja teel Harku Vallavalitsus, Kallaste tn 12, Tabasalu alevik, Harku vald.<br \/>\nTeemaplaneeringuga saab tutvuda alloleva <a href=\"http:\/\/www.harku.ee\/teemaplaneeringud1\/-\/asset_publisher\/licmlTUt9HfV\/content\/harku-valla-ehitustingimusi-miljoovaartuslikke-alasid-ja-vaartuslikke-maastikke-maarava-ning-tihehoonestusalasid-tapsustava-teemaplaneering?redirect=http%3A%2F%2Fwww.harku.ee%2Fteemaplaneeringud1%3Fp_p_id%3D101_INSTANCE_licmlTUt9HfV%26p_p_lifecycle%3D0%26p_p_state%3Dnormal%26p_p_mode%3Dview%26p_p_col_id%3Dcolumn-2%26p_p_col_count%3D1\" target=\"_blank\">lingi<\/a> kaudu.\u00a0<\/strong><\/p>\n<p><strong><span style=\"color: #ff0000;\">ELAME KAASA!<\/span><\/strong><br \/>\n<a href=\"https:\/\/muraste.ee\/vana\/wp-content\/uploads\/2015\/11\/15320442_1364269113592043_218741664_n.jpg\" rel=\"attachment wp-att-2884\"><img decoding=\"async\" loading=\"lazy\" class=\"size-medium wp-image-2884 alignright\" src=\"https:\/\/muraste.ee\/vana\/wp-content\/uploads\/2015\/11\/15320442_1364269113592043_218741664_n-300x169.jpg\" alt=\"15320442_1364269113592043_218741664_n\" width=\"300\" height=\"169\" srcset=\"https:\/\/muraste.ee\/vana\/wp-content\/uploads\/2015\/11\/15320442_1364269113592043_218741664_n-300x169.jpg 300w, https:\/\/muraste.ee\/vana\/wp-content\/uploads\/2015\/11\/15320442_1364269113592043_218741664_n-624x351.jpg 624w, https:\/\/muraste.ee\/vana\/wp-content\/uploads\/2015\/11\/15320442_1364269113592043_218741664_n-128x72.jpg 128w, https:\/\/muraste.ee\/vana\/wp-content\/uploads\/2015\/11\/15320442_1364269113592043_218741664_n.jpg 720w\" sizes=\"(max-width: 300px) 100vw, 300px\" \/><\/a><br \/>\nP\u00fchap\u00e4eval, 4. detsembril oli p\u00e4ev, kui saime tunda uhkust ja r\u00f5\u00f5mu meie \u00fche erakordse kaasteelise, Evar Ojasaare \u00fcle: president Kersti Kaljulaid ja liikumine Kodukant tunnustasid Estonia Talveaias teda ja teisi t\u00e4navuseid aasta vabatahtliku aum\u00e4rgi saajaid.<br \/>\nEvari kohta k\u00f5lanud tutvustuses \u00f6eldi: &#8220;Evar tegutseb sageli m\u00e4rkamatult, ometigi on tema s\u00f5nal alati kaalu ning ta on eeskujuks paljudele. Tema tegevus vabatahtlikuna on muljetavaldavalt lai. Muraste k\u00fclaseltsis on ta juhatuse liige. T<span class=\"text_exposed_show\">a on aktiivne abipolitseik ja kaitseliitlane. Viimasel neljal aastal on Evari eriliseks kireks talisuplus ning \u201eTilgu h\u00fclgete\u201c nimelise algatuse eestvedamine. Evar on heas m\u00f5ttes \u00f5ige eestlane: hingelt ja s\u00fcdamelt rahvuslane, kuid lisaks selle on ta hooliv ja arvestav ka mujalt tulnute v\u00f5i \u00fcldisest massist erinevate suhtes.&#8221;<br \/>\nEvar on ka suurep\u00e4rane pereisa ning hea kolleeg! \u00a0Siinkohal soojad tervitused ja t\u00e4nus\u00f5nad ka Merikesele, Evari abikaasale kui tugevale tagalale ja toele!<br \/>\nPalju-palju \u00f5nne, Evar! Ait\u00e4h, et oled olemas!<\/span><\/p>\n<p><strong><span style=\"color: #ff0000;\"><br \/>\nTEEME HEAD!<\/span><\/strong><\/p>\n<p>J\u00f5ulukuu on l\u00e4henemas ja sellega seoses kutsub toidupank h\u00e4id inimesi appi selle aasta viimastele toidukogumisp\u00e4evadele 9. ja 10. detsembril \u00fcle Eesti. Annetades toitu v\u00f5i oma isiklikku aega, saad koos Toidupangaga anda j\u00f5ulur\u00f5\u00f5mu paljudele.\u00a0Kui oled valmis vabatahtlikuna 9. v\u00f5i 10. detsembril toidukogumisaktsioonis kaasa l\u00f6\u00f6ma, siis loe lisa veebilehelt <a href=\"http:\/\/www.toidupank.ee\/\" target=\"_blank\" rel=\"nofollow\">www.toidupank.ee<\/a><\/p>\n<p><a href=\"https:\/\/muraste.ee\/vana\/wp-content\/uploads\/2016\/03\/15095104_1240836219296470_1799634840753256974_n.png\" rel=\"attachment wp-att-2948\"><img decoding=\"async\" loading=\"lazy\" class=\"alignnone size-full wp-image-2948\" src=\"https:\/\/muraste.ee\/vana\/wp-content\/uploads\/2016\/03\/15095104_1240836219296470_1799634840753256974_n.png\" alt=\"15095104_1240836219296470_1799634840753256974_n\" width=\"480\" height=\"182\" srcset=\"https:\/\/muraste.ee\/vana\/wp-content\/uploads\/2016\/03\/15095104_1240836219296470_1799634840753256974_n.png 480w, https:\/\/muraste.ee\/vana\/wp-content\/uploads\/2016\/03\/15095104_1240836219296470_1799634840753256974_n-300x114.png 300w\" sizes=\"(max-width: 480px) 100vw, 480px\" \/><\/a><\/p>\n<p><strong><span style=\"color: #ff0000;\">T\u00c4NAME!<\/span><br \/>\n<\/strong><br \/>\nSuur t\u00e4nu V\u00e4\u00e4na seltsile ja Eneli Hinnole \u00a0suurep\u00e4rastelt korraldatud j\u00f5ululaada eest V\u00e4\u00e4na tall-t\u00f5llakuuris. Oli ilu vaatamiseks ja palju p\u00f5nevat kingikotti pakkimiseks, oli v\u00e4ga palju r\u00f5\u00f5msaid inimesi ja imelisi esinejaid ning kirsiks tordil muidugi muhe J\u00f5ulutaat. Ait\u00e4h, naabrid!<\/p>\n<p><a href=\"https:\/\/muraste.ee\/vana\/wp-content\/uploads\/2016\/03\/1.jpg\" rel=\"attachment wp-att-2955\"><img decoding=\"async\" loading=\"lazy\" class=\"alignnone size-full wp-image-2955\" src=\"https:\/\/muraste.ee\/vana\/wp-content\/uploads\/2016\/03\/1.jpg\" alt=\"1\" width=\"720\" height=\"421\" srcset=\"https:\/\/muraste.ee\/vana\/wp-content\/uploads\/2016\/03\/1.jpg 720w, https:\/\/muraste.ee\/vana\/wp-content\/uploads\/2016\/03\/1-300x175.jpg 300w, https:\/\/muraste.ee\/vana\/wp-content\/uploads\/2016\/03\/1-624x365.jpg 624w\" sizes=\"(max-width: 720px) 100vw, 720px\" \/><\/a><\/p>\n<p><strong><span style=\"color: #ff0000;\">T\u00c4HELEPANU!\u00a0<\/span><\/strong>\u00d5ues on pime. Ennast n\u00e4htavaks teha on lihtne ning selleks on palju v\u00f5imalusi. Kui Sul ei ole veel helkurit, k\u00fcsi see omale Muraste kogukonnakeskusest v\u00f5i Harku vallamajast. Anname oma panuse Sinu silmapaistvaks tegemisele sest teame, et Sinust hoolitakse ja Sind oodatakse koju. Turvaliselt.<\/p>\n<p><a href=\"https:\/\/muraste.ee\/vana\/wp-content\/uploads\/2016\/03\/helkur.jpg\" rel=\"attachment wp-att-2584\"><img decoding=\"async\" loading=\"lazy\" class=\"wp-image-2584 alignleft\" src=\"https:\/\/muraste.ee\/vana\/wp-content\/uploads\/2016\/03\/helkur-1024x576.jpg\" alt=\"helkur\" width=\"284\" height=\"160\" srcset=\"https:\/\/muraste.ee\/vana\/wp-content\/uploads\/2016\/03\/helkur-1024x576.jpg 1024w, https:\/\/muraste.ee\/vana\/wp-content\/uploads\/2016\/03\/helkur-300x169.jpg 300w, https:\/\/muraste.ee\/vana\/wp-content\/uploads\/2016\/03\/helkur-768x432.jpg 768w, https:\/\/muraste.ee\/vana\/wp-content\/uploads\/2016\/03\/helkur-624x351.jpg 624w, https:\/\/muraste.ee\/vana\/wp-content\/uploads\/2016\/03\/helkur-128x72.jpg 128w, https:\/\/muraste.ee\/vana\/wp-content\/uploads\/2016\/03\/helkur.jpg 1280w\" sizes=\"(max-width: 284px) 100vw, 284px\" \/><\/a><\/p>\n<p><strong>Teadmiseks: <\/strong>Muraste igan\u00e4dalase e-infokirjaga liitumiseks saada sellekohane teade muraste@muraste.ee<br \/>\n<strong>Muraste kogukonnakeskus<\/strong><span style=\"color: #ff9900;\"> <span style=\"color: #000000;\">(<\/span><\/span>Lee tee 9, Muraste) avatud E-N 10-18, R 10-16.<br \/>\nT\u00e4psustused ja info: kogukonnakeskus@muraste.ee; 5253128 (Aule Kikas).<\/p>\n","protected":false},"excerpt":{"rendered":"<p>N\u00c4DAL 49 MURASTES* *AT- koolimaja aatrium, SP- spordihoone; KO-kogukonnakeskuse ruum; \u00a0 KL- klassiruum; PL-Pangapealse lasteaed, PLF- Pangapealse lasteaia filiaali ruum Muraste koolimajas\u00a0 Pildil: \u00a0Aasta vabatahtliku tiitliga\u00a0p\u00e4rjatud parimatest parimad aastal 2016.\u00a0 Esmasp\u00e4ev, \u00a05. detsember T\u00e4na on rahvusvaheline vabatahtlike p\u00e4ev! Muraste k\u00fclaselts t\u00e4nab k\u00f5iki meie vabatahtlikke hindamatu panuse eest kodukandi elu elavdamisel ja edendamisel.\u00a0 kl 14-15 AT,<a class=\"moretag\" href=\"https:\/\/muraste.ee\/vana\/?page_id=3001\"><br \/>&#8230;Loe edasi<\/a><\/p>\n","protected":false},"author":2,"featured_media":0,"parent":0,"menu_order":0,"comment_status":"closed","ping_status":"closed","template":"","meta":{"_bbp_topic_count":0,"_bbp_reply_count":0,"_bbp_total_topic_count":0,"_bbp_total_reply_count":0,"_bbp_voice_count":0,"_bbp_anonymous_reply_count":0,"_bbp_topic_count_hidden":0,"_bbp_reply_count_hidden":0,"_bbp_forum_subforum_count":0,"_mc_calendar":[]},"_links":{"self":[{"href":"https:\/\/muraste.ee\/vana\/index.php?rest_route=\/wp\/v2\/pages\/3001"}],"collection":[{"href":"https:\/\/muraste.ee\/vana\/index.php?rest_route=\/wp\/v2\/pages"}],"about":[{"href":"https:\/\/muraste.ee\/vana\/index.php?rest_route=\/wp\/v2\/types\/page"}],"author":[{"embeddable":true,"href":"https:\/\/muraste.ee\/vana\/index.php?rest_route=\/wp\/v2\/users\/2"}],"replies":[{"embeddable":true,"href":"https:\/\/muraste.ee\/vana\/index.php?rest_route=%2Fwp%2Fv2%2Fcomments&post=3001"}],"version-history":[{"count":1,"href":"https:\/\/muraste.ee\/vana\/index.php?rest_route=\/wp\/v2\/pages\/3001\/revisions"}],"predecessor-version":[{"id":3003,"href":"https:\/\/muraste.ee\/vana\/index.php?rest_route=\/wp\/v2\/pages\/3001\/revisions\/3003"}],"wp:attachment":[{"href":"https:\/\/muraste.ee\/vana\/index.php?rest_route=%2Fwp%2Fv2%2Fmedia&parent=3001"}],"curies":[{"name":"wp","href":"https:\/\/api.w.org\/{rel}","templated":true}]}}