{"id":3024,"date":"2016-12-19T09:19:42","date_gmt":"2016-12-19T07:19:42","guid":{"rendered":"https:\/\/muraste.ee\/vana\/?page_id=3024"},"modified":"2016-12-19T09:19:42","modified_gmt":"2016-12-19T07:19:42","slug":"nadal-50","status":"publish","type":"page","link":"https:\/\/muraste.ee\/vana\/?page_id=3024","title":{"rendered":"N\u00e4dal 50"},"content":{"rendered":"<h2 style=\"text-align: center;\"><span style=\"color: #800000;\"><strong><span style=\"color: #ff6600;\">N\u00c4DAL \u00a050\u00a0MURASTES<\/span>*<\/strong><\/span><\/h2>\n<h5 style=\"text-align: center;\"><strong><span style=\"color: #999999;\"><em>*AT- koolimaja aatrium, SP- spordihoone; KO-kogukonnakeskuse ruum; \u00a0 KL- klassiruum; PL-Pangapealse lasteaed, PLF- Pangapealse lasteaia filiaali ruum Muraste koolimajas\u00a0<a href=\"https:\/\/muraste.ee\/vana\/wp-content\/uploads\/2016\/03\/naissaarkivi.jpg\" rel=\"attachment wp-att-2540\"><br \/>\n<\/a><\/em><\/span><\/strong><\/h5>\n<p style=\"text-align: center;\"><a href=\"https:\/\/muraste.ee\/vana\/wp-content\/uploads\/2016\/03\/laat.jpg\" rel=\"attachment wp-att-3005\"><img decoding=\"async\" loading=\"lazy\" class=\"alignnone size-medium wp-image-3005\" src=\"https:\/\/muraste.ee\/vana\/wp-content\/uploads\/2016\/03\/laat-300x169.jpg\" alt=\"laat\" width=\"300\" height=\"169\" srcset=\"https:\/\/muraste.ee\/vana\/wp-content\/uploads\/2016\/03\/laat-300x169.jpg 300w, https:\/\/muraste.ee\/vana\/wp-content\/uploads\/2016\/03\/laat-624x351.jpg 624w, https:\/\/muraste.ee\/vana\/wp-content\/uploads\/2016\/03\/laat-128x72.jpg 128w, https:\/\/muraste.ee\/vana\/wp-content\/uploads\/2016\/03\/laat.jpg 720w\" sizes=\"(max-width: 300px) 100vw, 300px\" \/><br \/>\n<\/a>P<em>ildil: \u00a0Muraste kooli j\u00f5ululaat (9. dets 2016)\u00a0<\/em><\/p>\n<p><span style=\"color: #ff6600;\"><span style=\"color: #99cc00;\"><span style=\"color: #008000;\"><strong><span style=\"color: #ff6600;\">Esmasp\u00e4ev, \u00a012. detsember<\/span><br \/>\n<\/strong><\/span><\/span><\/span>kl 14-15 AT, Tallinna Tantsuklubi &#8220;My Dance&#8221; <strong>showtants<\/strong>. \u00a0Igale liitujale klubi s\u00e4rk tasuta. Rohkem infot www.mydance.ee<br \/>\nkl 15-16.30 SP, Judoklubi &#8220;Aitado&#8221;\u00a0<strong>Judo<\/strong> (7-9 a), Rohkem infot sensei Edward Murel, murel.edward@gmail.com<br \/>\nkl 15.30-18.30 KL, <strong>Eelkool<\/strong> (1.grupp). Juhendab Kristi Bauman. Info www.huviringid.ee<br \/>\nkl 16.30-17.30 SP, <strong>K\u00e4sipall<\/strong> (1-5 kl); Info HC Tallinn, www.hctallinn.ee<br \/>\nkl 17.45 KL, <b><strong>Hispaania keele kursus algajatele\u00a0&#8211;\u00a0<\/strong><strong>Curso de espa\u00f1ol, <\/strong><\/b><em><br \/>\n<\/em>Juhendab Hannes Saarmets.<a href=\"https:\/\/muraste.ee\/vana\/wp-content\/uploads\/2016\/03\/12916318.jpeg\" rel=\"attachment wp-att-3006\"><img decoding=\"async\" loading=\"lazy\" class=\" wp-image-3006 alignright\" src=\"https:\/\/muraste.ee\/vana\/wp-content\/uploads\/2016\/03\/12916318-150x150.jpeg\" alt=\"12916318\" width=\"76\" height=\"76\" srcset=\"https:\/\/muraste.ee\/vana\/wp-content\/uploads\/2016\/03\/12916318-150x150.jpeg 150w, https:\/\/muraste.ee\/vana\/wp-content\/uploads\/2016\/03\/12916318.jpeg 250w\" sizes=\"(max-width: 76px) 100vw, 76px\" \/><\/a><br \/>\nkl 18 KO,<strong><span style=\"color: #000000;\"> V\u00f5\u00f5rustame k\u00fclalisi!\u00a0<\/span><\/strong>K\u00fclaseltsi juhatusele tuleb k\u00fclla Siseministeeriumi kodakondsus- ja r\u00e4ndepoliitika osakond<br \/>\nkl 19 AT, <strong>Suurupi naiskoor Meretule\u00a0 <\/strong><br \/>\nkl 19.30 PLF,\u00a0<span style=\"color: #000000;\"><strong>Hatha Krija jooga, <\/strong><\/span>juhendab Gristel Pagi<br \/>\nkl 20 PL, <strong>Zumba fitness &#8211; tantsuline treening<br \/>\n<\/strong><\/p>\n<p><span style=\"color: #008000;\"><strong><span style=\"color: #ff6600;\">Teisip\u00e4ev, \u00a013. detsember<\/span>\u00a0<\/strong><\/span><br \/>\nkl 14.40 KO,\u00a0<strong>Fa Stuudio muusikaring<\/strong>. \u00a0Rohkem infot fastuudio@gmail.com v\u00f5i tel 5160031.<br \/>\nkl 15-16.30 <strong>Korvpall<\/strong> (1-5 klass); juhendab Chris Moore (Tabasalu Palliklubi). Info tabasalupk@rim.ee<br \/>\nkl 15 AT, <strong>V\u00f5istlustantsu teeningud algajatele lastele<\/strong> (info www.tantsumeka.ee, Matis Toome, tel 59190800)<br \/>\nkl 18 KL\u00a0<strong>Inglise keele kursus <\/strong><em>(algteadmisi omajatel on v\u00f5imalus liituda ka juba t\u00f6\u00f6tava grupiga).<\/em><strong>\u00a0<\/strong>K\u00fcsi lisa juhendajalt tel 56575575.<br \/>\nkl 18 KL,\u00a0<strong>Inglise keele vestlusring<\/strong> James Gill\u00b4i juhendamisel. K\u00f5ik inglise keelt praktiseerida soovijad on oodatud!<br \/>\nkl 19-20.30 SP, <strong>V\u00f5rkpall <\/strong><em>(naised\/mehed)- oodatud on k\u00f5ik v\u00f5rkpallihuvilised!;<\/em><br \/>\nkl 18.30-19.45 AT<strong>, Seltskonnatantsu kursus algajatele (1. november- 20. detsember)<\/strong>. Vt kuulutust!<br \/>\nkl 19.45-21.00 AT <strong>Seltskonnatantsude harjutustund<\/strong> &#8211; v\u00f5imalus \u00f5pitut kinnistada ja toredas seltskonnas jalga keerutada. Osalus 5\u20ac\/in<a href=\"https:\/\/muraste.ee\/vana\/wp-content\/uploads\/2016\/03\/zumbasept16.jpg\" rel=\"attachment wp-att-2295\"><br \/>\n<\/a>kl 19\u00a0 <strong>talisuplus Tilgu sadamas<\/strong>. Rohkem infot FB\u00a0grupp Taliujumine Tilgus<br \/>\n<span style=\"color: #008000;\"><strong><br \/>\n<span style=\"color: #ff6600;\">Kolmap\u00e4ev, \u00a014. detsember<\/span><\/strong><\/span><br \/>\nkl 14-15 AT, Tallinna Tantsuklubi &#8220;My Dance&#8221;<strong>showtants<\/strong>. 2x n\u00e4dalas\/30\u20ac kuu. Igale liitujale klubi s\u00e4rk tasuta. Rohkem infot www.mydance.ee<br \/>\nkl 15-16.30 SP, <strong>Jalgpall<\/strong>, (1-5 kl). Info: Harju Jalgpallikool<br \/>\nkl 15.30-18.30 KL, <strong>Eelkool<\/strong> (2.grupp). Juhendab Kristi Bauman. Info www.huviringid.ee<br \/>\nkl 16.30-18 \u00a0SP, Judoklubi &#8220;Aitado&#8221;\u00a0<strong>Judo<\/strong> (7-9 a), Rohkem infot sensei Edward Murel, murel.edward@gmail.com<br \/>\nkl 17 KL, <strong>Mudelismiring<\/strong> algajatele, juhendaja Andres Madissoo, info 5259021<br \/>\nkl 18 KL, <strong>Mudelismiring<\/strong> edasij\u00f5udnutele,\u00a0juhendaja Andres Madissoo, info 5259021<br \/>\nkl 18.00 AT, <strong>Line-tants\u00a0<\/strong>INFO: <a href=\"mailto:kristin@huviline.ee\">kristin@huviline.ee<\/a> v\u00f5i tel 51923590. Osalustasu 5\u20ac\/kord.<br \/>\nkl 19-20.30 SP, <strong><span style=\"color: #000000;\">V\u00f5r<\/span>kpall <\/strong><em>(mehed);<\/em><br \/>\n<span style=\"color: #000000;\">kl\u00a019.30 AT,\u00a0<strong><span style=\"color: #993366;\">\u00a0<\/span>K<\/strong><\/span><strong>undalin-jooga. <\/strong><span style=\"color: #000000;\">\u00a0<\/span>\u00dche joogatunni tasu on 10 \u20ac; 10\u00a0korra kaart 90 \u20ac. Rohkem teavet algi.samm@mail.ee\u00a0, tel 5019402.<\/p>\n<p><span style=\"color: #ff6600;\"><strong>Neljap\u00e4ev, 15. detsember<\/strong><\/span><strong style=\"color: #008000;\"><br \/>\n<\/strong><span style=\"color: #ff6600;\"><span style=\"color: #339966;\"><span style=\"color: #000000;\">kl 15-16.30 SP, <strong>Jalgpall<\/strong>, (1-5 kl). Info: Harju Jalgpallikool<\/span><\/span><\/span><br \/>\n<span style=\"color: #ff6600;\"><span style=\"color: #339966;\"><span style=\"color: #000000;\">kl 16.30-17.30 SP, <strong>K\u00e4sipall<\/strong> (1-5 kl); Info HC Tallinn, www.hctallinn.ee<\/span><\/span><\/span><br \/>\nkl 15 AT, <strong>v\u00f5istlustantsu treeningud algajatele lastele<\/strong> (info www.tantsumeka.ee, Matis Toome, tel 59190800)<br \/>\nkl 17 \u00a0<strong>Skautide kogunemine. \u00a0<\/strong>Rohkem infot www.skaut.ee; sten.luik@gmail.com<br \/>\nkl 19 \u00a0<strong>Talisuplus Tilgu sadamas. <\/strong>Rohkem infot FB\u00a0grupp Taliujumine Tilgus<br \/>\n<span style=\"color: #ff6600;\"><span style=\"color: #000000;\">kl 20\u00a0PL,\u00a0<strong>Zumba fitness &#8211; tantsuline treening<\/strong><\/span><\/span><\/p>\n<p><span style=\"color: #ff6600;\"><span style=\"color: #000000;\"><strong><span style=\"color: #ff6600;\">Reede, 16. detsember<br \/>\n<\/span><\/strong><\/span><\/span>kl 15-16.30 SP,\u00a0<strong>Korvpall<\/strong> (1-5 klass); juhendab Chris Moore (Tabasalu Palliklubi). Info tabasalupk@rim.ee<\/p>\n<p><span style=\"color: #ff6600;\"><span style=\"color: #000000;\"><strong><span style=\"color: #ff6600;\">P\u00fchap\u00e4ev, 18. detsember<\/span><br \/>\n<\/strong><\/span><\/span>kl 18<strong> L\u00e4hme k\u00fclla!<\/strong> <strong>J\u00f5ulukontsert<\/strong> Rannam\u00f5isa kirikus.<span style=\"color: #008000;\"><strong><span style=\"color: #ff9900;\"><a href=\"https:\/\/muraste.ee\/vana\/wp-content\/uploads\/2016\/03\/kontsert.jpg\" rel=\"attachment wp-att-3016\"><img decoding=\"async\" loading=\"lazy\" class=\"wp-image-3016 size-full alignnone\" src=\"https:\/\/muraste.ee\/vana\/wp-content\/uploads\/2016\/03\/kontsert.jpg\" alt=\"kontsert\" width=\"960\" height=\"647\" srcset=\"https:\/\/muraste.ee\/vana\/wp-content\/uploads\/2016\/03\/kontsert.jpg 960w, https:\/\/muraste.ee\/vana\/wp-content\/uploads\/2016\/03\/kontsert-300x202.jpg 300w, https:\/\/muraste.ee\/vana\/wp-content\/uploads\/2016\/03\/kontsert-768x518.jpg 768w, https:\/\/muraste.ee\/vana\/wp-content\/uploads\/2016\/03\/kontsert-624x421.jpg 624w\" sizes=\"(max-width: 960px) 100vw, 960px\" \/><\/a><\/span><\/strong><\/span><\/p>\n<p><strong><span style=\"color: #ff6600;\">TULEKUL!<\/span><\/strong><\/p>\n<p><a href=\"https:\/\/muraste.ee\/vana\/wp-content\/uploads\/2016\/03\/aastaaruanne-sinine.jpg\" rel=\"attachment wp-att-3020\"><img decoding=\"async\" loading=\"lazy\" class=\"alignnone size-full wp-image-3020\" src=\"https:\/\/muraste.ee\/vana\/wp-content\/uploads\/2016\/03\/aastaaruanne-sinine.jpg\" alt=\"aastaaruanne-sinine\" width=\"720\" height=\"1040\" srcset=\"https:\/\/muraste.ee\/vana\/wp-content\/uploads\/2016\/03\/aastaaruanne-sinine.jpg 720w, https:\/\/muraste.ee\/vana\/wp-content\/uploads\/2016\/03\/aastaaruanne-sinine-208x300.jpg 208w, https:\/\/muraste.ee\/vana\/wp-content\/uploads\/2016\/03\/aastaaruanne-sinine-709x1024.jpg 709w, https:\/\/muraste.ee\/vana\/wp-content\/uploads\/2016\/03\/aastaaruanne-sinine-624x901.jpg 624w\" sizes=\"(max-width: 720px) 100vw, 720px\" \/><\/a><\/p>\n<p><span style=\"color: #ff0000;\"><strong>OLULINE!<\/strong><\/span><br \/>\n<a href=\"https:\/\/muraste.ee\/vana\/wp-content\/uploads\/2016\/03\/kaan-1.jpg\" rel=\"attachment wp-att-2934\"><img decoding=\"async\" loading=\"lazy\" class=\"size-thumbnail wp-image-2934 alignright\" src=\"https:\/\/muraste.ee\/vana\/wp-content\/uploads\/2016\/03\/kaan-1-150x150.jpg\" alt=\"kaan\" width=\"150\" height=\"150\" \/><\/a><br \/>\n<strong>Harku vallavalitsus ootab teie asjakohaseid ettepanekuid Harku valla ehitustingimusi, milj\u00f6\u00f6v\u00e4\u00e4rtuslikke alasid ja v\u00e4\u00e4rtuslikke maastikke m\u00e4\u00e4ravale ning tihehoonestusalasid t\u00e4psustavale teemaplaneeringule kuni 21.12.2016 e-posti teel harku@harku.ee v\u00f5i kirja teel Harku Vallavalitsus, Kallaste tn 12, Tabasalu alevik, Harku vald.<br \/>\nTeemaplaneeringuga saab tutvuda alloleva <a href=\"http:\/\/www.harku.ee\/teemaplaneeringud1\/-\/asset_publisher\/licmlTUt9HfV\/content\/harku-valla-ehitustingimusi-miljoovaartuslikke-alasid-ja-vaartuslikke-maastikke-maarava-ning-tihehoonestusalasid-tapsustava-teemaplaneering?redirect=http%3A%2F%2Fwww.harku.ee%2Fteemaplaneeringud1%3Fp_p_id%3D101_INSTANCE_licmlTUt9HfV%26p_p_lifecycle%3D0%26p_p_state%3Dnormal%26p_p_mode%3Dview%26p_p_col_id%3Dcolumn-2%26p_p_col_count%3D1\" target=\"_blank\">lingi<\/a> kaudu.\u00a0<\/strong><\/p>\n<p><strong><span style=\"color: #ff6600;\">T\u00c4NAME! \u00a0<\/span><\/strong>Talvetrall on selleks korraks trallitatud. Suured t\u00e4nus\u00f5nad k\u00f5igile esinejatele ja teie armastusega p\u00fchendunud juhendajatele:<a href=\"https:\/\/muraste.ee\/vana\/wp-content\/uploads\/2016\/03\/pidu.jpg\" rel=\"attachment wp-att-3010\"><img decoding=\"async\" loading=\"lazy\" class=\"size-medium wp-image-3010 alignright\" src=\"https:\/\/muraste.ee\/vana\/wp-content\/uploads\/2016\/03\/pidu-300x169.jpg\" alt=\"pidu\" width=\"300\" height=\"169\" srcset=\"https:\/\/muraste.ee\/vana\/wp-content\/uploads\/2016\/03\/pidu-300x169.jpg 300w, https:\/\/muraste.ee\/vana\/wp-content\/uploads\/2016\/03\/pidu-768x432.jpg 768w, https:\/\/muraste.ee\/vana\/wp-content\/uploads\/2016\/03\/pidu-1024x576.jpg 1024w, https:\/\/muraste.ee\/vana\/wp-content\/uploads\/2016\/03\/pidu-624x351.jpg 624w, https:\/\/muraste.ee\/vana\/wp-content\/uploads\/2016\/03\/pidu-128x72.jpg 128w, https:\/\/muraste.ee\/vana\/wp-content\/uploads\/2016\/03\/pidu.jpg 2048w\" sizes=\"(max-width: 300px) 100vw, 300px\" \/><\/a><br \/>\n&#8211; Armsad LiULi-kanneldajad ja l\u00f5\u00f5tsamees Vallo &#8211; teie soojusega hakkavad ka j\u00e4\u00e4m\u00e4ed sulama &#8211; olete alati oodatud esinejad!<br \/>\n&#8211; Kallid rahvatantsijad Tantsuseltsist As-Sa &#8211; teie kirge ja energiat tantsuplatsil ei \u00fcleta keski ega miski!<br \/>\n&#8211; V\u00f5rratud muusikalapsed Fa Stuudiost &#8211; te \u00fcllatate ikka ja j\u00e4lle toredate viisidega!<br \/>\n&#8211; Ait\u00e4h IRENA ja Ivar Hansen &#8211; te olite Talvetrallil hoogsa tanstumuusikaga kui kirss imeheal tordil!<br \/>\n&#8211; Lumehelbeke Evelin, sa tegid seda taas &#8211; sidusid k\u00f5ik nauditavaks tervikuks.<br \/>\n&#8211; Ait\u00e4h Rannikupidude kohvik sooja ja hea eest;)<br \/>\n&#8211; Tuhat t\u00e4nu, armas publik, et toetasite oma r\u00f5\u00f5msa kohaloleku ja vahva kaasaelamisega meid k\u00f5iki!<br \/>\nUute kohtumisteni!<\/p>\n<div class=\"_1mf _1mj\" data-offset-key=\"cki46-0-0\"><\/div>\n<div class=\"_1mf _1mj\" data-offset-key=\"cki46-0-0\"><\/div>\n<p><span style=\"color: #ff6600;\"><strong>T\u00c4HELEPANU!\u00a0<\/strong><\/span>\u00d5ues on pime. Ennast n\u00e4htavaks teha on lihtne ning selleks on palju v\u00f5imalusi. Kui Sul ei ole veel helkurit, k\u00fcsi see omale Muraste kogukonnakeskusest v\u00f5i Harku vallamajast. Anname oma panuse Sinu silmapaistvaks tegemisele sest teame, et Sinust hoolitakse ja Sind oodatakse koju. Turvaliselt.<\/p>\n<p><a href=\"https:\/\/muraste.ee\/vana\/wp-content\/uploads\/2016\/03\/helkur.jpg\" rel=\"attachment wp-att-2584\"><img decoding=\"async\" loading=\"lazy\" class=\"wp-image-2584 alignleft\" src=\"https:\/\/muraste.ee\/vana\/wp-content\/uploads\/2016\/03\/helkur-1024x576.jpg\" alt=\"helkur\" width=\"284\" height=\"160\" srcset=\"https:\/\/muraste.ee\/vana\/wp-content\/uploads\/2016\/03\/helkur-1024x576.jpg 1024w, https:\/\/muraste.ee\/vana\/wp-content\/uploads\/2016\/03\/helkur-300x169.jpg 300w, https:\/\/muraste.ee\/vana\/wp-content\/uploads\/2016\/03\/helkur-768x432.jpg 768w, https:\/\/muraste.ee\/vana\/wp-content\/uploads\/2016\/03\/helkur-624x351.jpg 624w, https:\/\/muraste.ee\/vana\/wp-content\/uploads\/2016\/03\/helkur-128x72.jpg 128w, https:\/\/muraste.ee\/vana\/wp-content\/uploads\/2016\/03\/helkur.jpg 1280w\" sizes=\"(max-width: 284px) 100vw, 284px\" \/><\/a><\/p>\n<p><strong>Teadmiseks: <\/strong>Muraste igan\u00e4dalase e-infokirjaga liitumiseks saada sellekohane teade muraste@muraste.ee<br \/>\n<strong>Muraste kogukonnakeskus<\/strong><span style=\"color: #ff9900;\"> <span style=\"color: #000000;\">(<\/span><\/span>Lee tee 9, Muraste) avatud E-N 10-18, R 10-16.<br \/>\nT\u00e4psustused ja info: kogukonnakeskus@muraste.ee; 5253128 (Aule Kikas).<\/p>\n","protected":false},"excerpt":{"rendered":"<p>N\u00c4DAL \u00a050\u00a0MURASTES* *AT- koolimaja aatrium, SP- spordihoone; KO-kogukonnakeskuse ruum; \u00a0 KL- klassiruum; PL-Pangapealse lasteaed, PLF- Pangapealse lasteaia filiaali ruum Muraste koolimajas\u00a0 Pildil: \u00a0Muraste kooli j\u00f5ululaat (9. dets 2016)\u00a0 Esmasp\u00e4ev, \u00a012. detsember kl 14-15 AT, Tallinna Tantsuklubi &#8220;My Dance&#8221; showtants. \u00a0Igale liitujale klubi s\u00e4rk tasuta. Rohkem infot www.mydance.ee kl 15-16.30 SP, Judoklubi &#8220;Aitado&#8221;\u00a0Judo (7-9 a), Rohkem<a class=\"moretag\" href=\"https:\/\/muraste.ee\/vana\/?page_id=3024\"><br \/>&#8230;Loe edasi<\/a><\/p>\n","protected":false},"author":2,"featured_media":0,"parent":0,"menu_order":0,"comment_status":"closed","ping_status":"closed","template":"","meta":{"_bbp_topic_count":0,"_bbp_reply_count":0,"_bbp_total_topic_count":0,"_bbp_total_reply_count":0,"_bbp_voice_count":0,"_bbp_anonymous_reply_count":0,"_bbp_topic_count_hidden":0,"_bbp_reply_count_hidden":0,"_bbp_forum_subforum_count":0,"_mc_calendar":[]},"_links":{"self":[{"href":"https:\/\/muraste.ee\/vana\/index.php?rest_route=\/wp\/v2\/pages\/3024"}],"collection":[{"href":"https:\/\/muraste.ee\/vana\/index.php?rest_route=\/wp\/v2\/pages"}],"about":[{"href":"https:\/\/muraste.ee\/vana\/index.php?rest_route=\/wp\/v2\/types\/page"}],"author":[{"embeddable":true,"href":"https:\/\/muraste.ee\/vana\/index.php?rest_route=\/wp\/v2\/users\/2"}],"replies":[{"embeddable":true,"href":"https:\/\/muraste.ee\/vana\/index.php?rest_route=%2Fwp%2Fv2%2Fcomments&post=3024"}],"version-history":[{"count":1,"href":"https:\/\/muraste.ee\/vana\/index.php?rest_route=\/wp\/v2\/pages\/3024\/revisions"}],"predecessor-version":[{"id":3026,"href":"https:\/\/muraste.ee\/vana\/index.php?rest_route=\/wp\/v2\/pages\/3024\/revisions\/3026"}],"wp:attachment":[{"href":"https:\/\/muraste.ee\/vana\/index.php?rest_route=%2Fwp%2Fv2%2Fmedia&parent=3024"}],"curies":[{"name":"wp","href":"https:\/\/api.w.org\/{rel}","templated":true}]}}