{"id":3056,"date":"2016-12-27T11:43:44","date_gmt":"2016-12-27T09:43:44","guid":{"rendered":"https:\/\/muraste.ee\/vana\/?page_id=3056"},"modified":"2016-12-27T11:43:44","modified_gmt":"2016-12-27T09:43:44","slug":"nadal-51","status":"publish","type":"page","link":"https:\/\/muraste.ee\/vana\/?page_id=3056","title":{"rendered":"N\u00e4dal 51"},"content":{"rendered":"<h2 style=\"text-align: center;\"><span style=\"color: #800000;\"><strong><span style=\"color: #ff0000;\">N\u00c4DAL \u00a051 MURASTES<\/span>*<\/strong><\/span><\/h2>\n<h5 style=\"text-align: center;\"><strong><span style=\"color: #999999;\"><em>*AT- koolimaja aatrium, SP- spordihoone; KO-kogukonnakeskuse ruum; \u00a0 KL- klassiruum; PL-Pangapealse lasteaed, PLF- Pangapealse lasteaia filiaali ruum Muraste koolimajas\u00a0<a href=\"https:\/\/muraste.ee\/vana\/wp-content\/uploads\/2016\/03\/naissaarkivi.jpg\" rel=\"attachment wp-att-2540\"><br \/>\n<\/a><\/em><\/span><\/strong><\/h5>\n<p style=\"text-align: center;\"><img decoding=\"async\" loading=\"lazy\" class=\"size-medium wp-image-3028 aligncenter\" src=\"https:\/\/muraste.ee\/vana\/wp-content\/uploads\/2016\/03\/20161218_152146-300x169.jpg\" alt=\"20161218_152146\" width=\"300\" height=\"169\" srcset=\"https:\/\/muraste.ee\/vana\/wp-content\/uploads\/2016\/03\/20161218_152146-300x169.jpg 300w, https:\/\/muraste.ee\/vana\/wp-content\/uploads\/2016\/03\/20161218_152146-768x432.jpg 768w, https:\/\/muraste.ee\/vana\/wp-content\/uploads\/2016\/03\/20161218_152146-1024x576.jpg 1024w, https:\/\/muraste.ee\/vana\/wp-content\/uploads\/2016\/03\/20161218_152146-624x351.jpg 624w, https:\/\/muraste.ee\/vana\/wp-content\/uploads\/2016\/03\/20161218_152146-128x72.jpg 128w\" sizes=\"(max-width: 300px) 100vw, 300px\" \/><strong><span style=\"color: #993300;\">V\u00e4ga head piparkoogid!<\/span><\/strong><br \/>\n300 grammi suhkrut k\u00f5rvetada.<br \/>\nlisa aeglaselt 0,5 l kuuma vett ja<br \/>\n1 kg suhkrut.<span class=\"text_exposed_show\"><br \/>\nKeeda 10 minutit, siis t\u00f5sta tulelt.<br \/>\nLisa 500g taluv\u00f5id<br \/>\n2 pakki piparkoogimaiteseainet<br \/>\nsiis lisa 300g hapukoort (mitte v\u00e4ga kuuma taignasse)<br \/>\n6 lahtiklopitud munakollast<br \/>\n2 kg jahu, millesse on segatud<br \/>\n4 tl k\u00fcpsetuspulbrit!<br \/>\n<span style=\"color: #993300;\"><strong>Valmis!<\/strong> <\/span><br \/>\n<strong><span style=\"color: #993300;\">Head k\u00fcpsetamist!<\/span><\/strong><\/span><\/p>\n<p><span style=\"color: #ff6600;\"><span style=\"color: #99cc00;\"><span style=\"color: #008000;\"><strong><span style=\"color: #ff0000;\">Esmasp\u00e4ev, \u00a019. detsember<\/span><br \/>\n<\/strong><\/span><\/span><\/span>kl 14-15 AT, Tallinna Tantsuklubi &#8220;My Dance&#8221; <strong>showtants<\/strong>. \u00a0Igale liitujale klubi s\u00e4rk tasuta. Rohkem infot www.mydance.ee<br \/>\nkl 15-16.30 SP, Judoklubi &#8220;Aitado&#8221;\u00a0<strong>Judo<\/strong> (7-9 a), Rohkem infot sensei Edward Murel, murel.edward@gmail.com<br \/>\nkl 15.30-18.30 KL, <strong>Eelkool<\/strong> (1.grupp). Juhendab Kristi Bauman. Info www.huviringid.ee<br \/>\nkl 16.30-17.30 SP, <strong>K\u00e4sipall<\/strong> (1-5 kl); Info HC Tallinn, www.hctallinn.ee<br \/>\nkl 17.45 KL, <b><strong>Hispaania keele kursus algajatele\u00a0&#8211;\u00a0<\/strong><strong>Curso de espa\u00f1ol, <\/strong><\/b><em><br \/>\n<\/em>Juhendab Hannes Saarmets.<br \/>\nkl 19 AT, <strong>Suurupi naiskoor Meretule \u00a0<\/strong><em>proov ja j\u00f5ulu\u00f5htu<\/em><br \/>\nkl 19.30 PLF,\u00a0<span style=\"color: #000000;\"><strong>Hatha Krija jooga, <\/strong><\/span>juhendab Gristel Pagi<br \/>\nkl 20 PL, <strong>Zumba fitness &#8211; tantsuline treening<br \/>\n<\/strong><\/p>\n<p style=\"text-align: justify;\"><span style=\"color: #ff0000;\"><strong>Teisip\u00e4ev, \u00a020. detsember <a href=\"https:\/\/muraste.ee\/vana\/wp-content\/uploads\/2016\/03\/reklaam.jpg\" rel=\"attachment wp-att-3040\"><img decoding=\"async\" loading=\"lazy\" class=\"size-medium wp-image-3040 alignright\" src=\"https:\/\/muraste.ee\/vana\/wp-content\/uploads\/2016\/03\/reklaam-300x169.jpg\" alt=\"reklaam\" width=\"300\" height=\"169\" srcset=\"https:\/\/muraste.ee\/vana\/wp-content\/uploads\/2016\/03\/reklaam-300x169.jpg 300w, https:\/\/muraste.ee\/vana\/wp-content\/uploads\/2016\/03\/reklaam-768x432.jpg 768w, https:\/\/muraste.ee\/vana\/wp-content\/uploads\/2016\/03\/reklaam-1024x576.jpg 1024w, https:\/\/muraste.ee\/vana\/wp-content\/uploads\/2016\/03\/reklaam-624x351.jpg 624w, https:\/\/muraste.ee\/vana\/wp-content\/uploads\/2016\/03\/reklaam-128x72.jpg 128w, https:\/\/muraste.ee\/vana\/wp-content\/uploads\/2016\/03\/reklaam.jpg 1280w\" sizes=\"(max-width: 300px) 100vw, 300px\" \/><\/a><br \/>\n<em><span style=\"color: #808000;\">J\u00f5ulupuu veel koju toomata? \u00a0J\u00f5uab! T\u00e4hetorni j\u00f5ulukaupate outlett <\/span><\/em><\/strong><em><span style=\"color: #808000;\">a<\/span><\/em><\/span><em><span style=\"color: #808000;\">sub 15min s\u00f5idu kaugusel Murastest, seal ei ole parkimismuresid ega tunglemist, valida saab rohkem kui 1000 j\u00f5ulupuu hulgast. Rohkem loe <span style=\"color: #ff0000;\"><a style=\"color: #ff0000;\" href=\"http:\/\/www.edelgran.eu\/myygisalongid\/\" target=\"_blank\">siit<\/a><\/span>.<\/span><\/em><\/p>\n<p>kl 14.40 KO,\u00a0<strong>Fa Stuudio muusikaring<\/strong>. \u00a0Rohkem infot fastuudio@gmail.com v\u00f5i tel 5160031.<br \/>\nkl 15-16.30 <strong>Korvpall<\/strong> (1-5 klass); juhendab Chris Moore (Tabasalu Palliklubi). Info tabasalupk@rim.ee<br \/>\nkl 15 AT, <strong>V\u00f5istlustantsu teeningud algajatele lastele<\/strong> (info www.tantsumeka.ee, Matis Toome, tel 59190800)<br \/>\nkl 18 KL\u00a0<strong>Inglise keele kursus <\/strong><em>(j\u00e4rgmine tund 29.detsembril).<\/em><strong>\u00a0<\/strong>K\u00fcsi lisa juhendajalt tel 56575575.<br \/>\nkl 19-20.30 SP, <strong>V\u00f5rkpall <\/strong><em>(naised\/mehed)- oodatud on k\u00f5ik v\u00f5rkpallihuvilised!;<\/em><br \/>\nkl 18.30-19.45 AT<strong>, Seltskonnatantsu kursus algajatele (1. november- 20. detsember)<\/strong>.<br \/>\n<em><strong><span style=\"color: #ff0000;\">\u00a0 \u00a0 \u00a0 \u00a0 \u00a0 UUS!<\/span><\/strong> j\u00e4tukursus 10. jaanuar &#8211; 28. veebruar (vt kuulutust)<\/em><br \/>\n<em><strong><span style=\"color: #ff0000;\">\u00a0 \u00a0 \u00a0 \u00a0 \u00a0 UUS!<\/span><\/strong> algajatele 7.m\u00e4rts &#8211; 28.aprill (vt kuulutust)<\/em><br \/>\nkl 19.45-21.00 AT <strong>Seltskonnatantsude harjutustund<\/strong> &#8211; v\u00f5imalus \u00f5pitut kinnistada ja toredas seltskonnas jalga keerutada. Osalus 5\u20ac\/in<a href=\"https:\/\/muraste.ee\/vana\/wp-content\/uploads\/2016\/03\/zumbasept16.jpg\" rel=\"attachment wp-att-2295\"><br \/>\n<\/a>kl 19\u00a0 <strong>talisuplus Tilgu sadamas<\/strong>. Rohkem infot FB\u00a0grupp Taliujumine Tilgus<br \/>\n<span style=\"color: #008000;\"><strong><br \/>\n<span style=\"color: #ff0000;\">Kolmap\u00e4ev, \u00a021. detsember<\/span><\/strong><\/span><br \/>\nkl 14-15 AT, Tallinna Tantsuklubi &#8220;My Dance&#8221;<strong>showtants<\/strong>. 2x n\u00e4dalas\/30\u20ac kuu. Igale liitujale klubi s\u00e4rk tasuta. Rohkem infot www.mydance.ee<br \/>\nkl 15-16.30 SP, <strong>Jalgpall<\/strong>, (1-5 kl). Info: Harju Jalgpallikool<br \/>\nkl 15.30-18.30 KL, <strong>Eelkool<\/strong> (2.grupp). Juhendab Kristi Bauman. Info www.huviringid.ee<br \/>\nkl 16.30-18 \u00a0SP, Judoklubi &#8220;Aitado&#8221;\u00a0<strong>Judo<\/strong> (7-9 a), Rohkem infot sensei Edward Murel, murel.edward@gmail.com<br \/>\nkl 17 KL, <strong>Mudelismiring<\/strong> algajatele, juhendaja Andres Madissoo, info 5259021<br \/>\nkl 18 KL, <strong>Mudelismiring<\/strong> edasij\u00f5udnutele,\u00a0juhendaja Andres Madissoo, info 5259021<br \/>\nkl 18.00 AT, <strong>Line-tants\u00a0<\/strong>INFO: <a href=\"mailto:kristin@huviline.ee\">kristin@huviline.ee<\/a> v\u00f5i tel 51923590. Osalustasu 5\u20ac\/kord.<br \/>\nkl 19-20.30 SP, <strong><span style=\"color: #000000;\">V\u00f5r<\/span>kpall <\/strong><em>(mehed);<\/em><br \/>\n<span style=\"color: #000000;\">kl\u00a019.30 AT,\u00a0<strong><span style=\"color: #993366;\">\u00a0<\/span>K<\/strong><\/span><strong>undalin-jooga. <\/strong><span style=\"color: #000000;\">\u00a0<\/span>\u00dche joogatunni tasu on 10 \u20ac; 10\u00a0korra kaart 90 \u20ac. Rohkem teavet algi.samm@mail.ee\u00a0, tel 5019402.<\/p>\n<p><span style=\"color: #ff0000;\"><strong>Neljap\u00e4ev, 22. detsember<\/strong><\/span><strong style=\"color: #008000;\"><br \/>\n<\/strong><span style=\"color: #ff6600;\"><span style=\"color: #339966;\"><span style=\"color: #000000;\">kl 15-16.30 SP, <strong>Jalgpall<\/strong>, (1-5 kl). Info: Harju Jalgpallikool<\/span><\/span><\/span><br \/>\n<span style=\"color: #ff6600;\"><span style=\"color: #339966;\"><span style=\"color: #000000;\">kl 16.30-17.30 SP, <strong>K\u00e4sipall<\/strong> (1-5 kl); Info HC Tallinn, www.hctallinn.ee<\/span><\/span><\/span><br \/>\nkl 15 AT, <strong>v\u00f5istlustantsu treeningud algajatele lastele<\/strong> (info www.tantsumeka.ee, Matis Toome, tel 59190800)<br \/>\nkl 19 \u00a0<strong>Talisuplus Tilgu sadamas. <\/strong>Rohkem infot FB\u00a0grupp Taliujumine Tilgus<br \/>\n<span style=\"color: #ff6600;\"><span style=\"color: #000000;\">kl 20\u00a0PL,\u00a0<strong>Zumba fitness &#8211; tantsuline treening <\/strong><em>(NB! j\u00e4rgmine treening 3. jaanuaril!)<\/em><\/span><\/span><\/p>\n<h1><span style=\"color: #ff0000;\">H\u00c4ID P\u00dcHI!<a href=\"https:\/\/muraste.ee\/vana\/wp-content\/uploads\/2016\/03\/pauku-ei-tee.jpg\" rel=\"attachment wp-att-3034\"><img decoding=\"async\" loading=\"lazy\" class=\"size-medium wp-image-3034 alignright\" src=\"https:\/\/muraste.ee\/vana\/wp-content\/uploads\/2016\/03\/pauku-ei-tee-214x300.jpg\" alt=\"pauku-ei-tee\" width=\"214\" height=\"300\" srcset=\"https:\/\/muraste.ee\/vana\/wp-content\/uploads\/2016\/03\/pauku-ei-tee-214x300.jpg 214w, https:\/\/muraste.ee\/vana\/wp-content\/uploads\/2016\/03\/pauku-ei-tee-624x873.jpg 624w, https:\/\/muraste.ee\/vana\/wp-content\/uploads\/2016\/03\/pauku-ei-tee.jpg 686w\" sizes=\"(max-width: 214px) 100vw, 214px\" \/><\/a><\/span><\/h1>\n<p><span style=\"color: #ff0000;\"><strong><a href=\"https:\/\/muraste.ee\/vana\/wp-content\/uploads\/2016\/03\/p\u00e4kapikk.jpg\" rel=\"attachment wp-att-3035\"><img decoding=\"async\" loading=\"lazy\" class=\"alignnone size-medium wp-image-3035\" src=\"https:\/\/muraste.ee\/vana\/wp-content\/uploads\/2016\/03\/p\u00e4kapikk-300x175.jpg\" alt=\"pakapikk\" width=\"300\" height=\"175\" srcset=\"https:\/\/muraste.ee\/vana\/wp-content\/uploads\/2016\/03\/p\u00e4kapikk-300x175.jpg 300w, https:\/\/muraste.ee\/vana\/wp-content\/uploads\/2016\/03\/p\u00e4kapikk-624x365.jpg 624w, https:\/\/muraste.ee\/vana\/wp-content\/uploads\/2016\/03\/p\u00e4kapikk.jpg 720w\" sizes=\"(max-width: 300px) 100vw, 300px\" \/><\/a><\/strong><\/span><\/p>\n<p><span style=\"color: #ff0000;\"><strong>TULEKUL!<\/strong><\/span><\/p>\n<p>27. detsember kell 19.\u00a0<span style=\"color: #ff0000;\"><strong>L\u00e4hme k\u00fclla!<\/strong> <\/span>Anet Vaikmaa ja Triinu Kont-Kontsoni kontsert Tabasalus, Restoranis Seller\u00a0<em>(info tulekul!)<\/em><\/p>\n<p>6. jaanuar 2017 kell 18.\u00a0<strong><span style=\"color: #ff0000;\">L\u00e4hme k\u00fclla!<\/span><\/strong> Kandleansambel LiULi kontsert &#8220;Aastaaruanne&#8221; Tabasalus, restoranis Seller .<\/p>\n<p><a href=\"https:\/\/muraste.ee\/vana\/wp-content\/uploads\/2016\/03\/aastaaruanne-sinine.jpg\" rel=\"attachment wp-att-3020\"><img decoding=\"async\" loading=\"lazy\" class=\"alignnone size-full wp-image-3020\" src=\"https:\/\/muraste.ee\/vana\/wp-content\/uploads\/2016\/03\/aastaaruanne-sinine.jpg\" alt=\"aastaaruanne-sinine\" width=\"720\" height=\"1040\" srcset=\"https:\/\/muraste.ee\/vana\/wp-content\/uploads\/2016\/03\/aastaaruanne-sinine.jpg 720w, https:\/\/muraste.ee\/vana\/wp-content\/uploads\/2016\/03\/aastaaruanne-sinine-208x300.jpg 208w, https:\/\/muraste.ee\/vana\/wp-content\/uploads\/2016\/03\/aastaaruanne-sinine-709x1024.jpg 709w, https:\/\/muraste.ee\/vana\/wp-content\/uploads\/2016\/03\/aastaaruanne-sinine-624x901.jpg 624w\" sizes=\"(max-width: 720px) 100vw, 720px\" \/><\/a><\/p>\n<p><span style=\"color: #ff0000;\"><strong>OLULINE!<\/strong><\/span><br \/>\n<a href=\"https:\/\/muraste.ee\/vana\/wp-content\/uploads\/2016\/03\/kaan-1.jpg\" rel=\"attachment wp-att-2934\"><img decoding=\"async\" loading=\"lazy\" class=\"size-thumbnail wp-image-2934 alignright\" src=\"https:\/\/muraste.ee\/vana\/wp-content\/uploads\/2016\/03\/kaan-1-150x150.jpg\" alt=\"kaan\" width=\"150\" height=\"150\" \/><\/a><br \/>\n<strong>Harku vallavalitsus ootab teie asjakohaseid ettepanekuid Harku valla ehitustingimusi, milj\u00f6\u00f6v\u00e4\u00e4rtuslikke alasid ja v\u00e4\u00e4rtuslikke maastikke m\u00e4\u00e4ravale ning tihehoonestusalasid t\u00e4psustavale teemaplaneeringule kuni 21.12.2016 e-posti teel harku@harku.ee v\u00f5i kirja teel Harku Vallavalitsus, Kallaste tn 12, Tabasalu alevik, Harku vald.<br \/>\nTeemaplaneeringuga saab tutvuda alloleva <a href=\"http:\/\/www.harku.ee\/teemaplaneeringud1\/-\/asset_publisher\/licmlTUt9HfV\/content\/harku-valla-ehitustingimusi-miljoovaartuslikke-alasid-ja-vaartuslikke-maastikke-maarava-ning-tihehoonestusalasid-tapsustava-teemaplaneering?redirect=http%3A%2F%2Fwww.harku.ee%2Fteemaplaneeringud1%3Fp_p_id%3D101_INSTANCE_licmlTUt9HfV%26p_p_lifecycle%3D0%26p_p_state%3Dnormal%26p_p_mode%3Dview%26p_p_col_id%3Dcolumn-2%26p_p_col_count%3D1\" target=\"_blank\">lingi<\/a> kaudu.\u00a0<\/strong><\/p>\n<p><a href=\"https:\/\/muraste.ee\/vana\/wp-content\/uploads\/2016\/03\/helen-tants.jpg\" rel=\"attachment wp-att-3044\"><img decoding=\"async\" loading=\"lazy\" class=\"alignnone size-full wp-image-3044\" src=\"https:\/\/muraste.ee\/vana\/wp-content\/uploads\/2016\/03\/helen-tants.jpg\" alt=\"helen-tants\" width=\"452\" height=\"960\" srcset=\"https:\/\/muraste.ee\/vana\/wp-content\/uploads\/2016\/03\/helen-tants.jpg 452w, https:\/\/muraste.ee\/vana\/wp-content\/uploads\/2016\/03\/helen-tants-141x300.jpg 141w\" sizes=\"(max-width: 452px) 100vw, 452px\" \/><\/a><\/p>\n<div class=\"_1mf _1mj\" data-offset-key=\"cki46-0-0\"><\/div>\n<p><span style=\"color: #ff6600;\"><strong>T\u00c4HELEPANU!\u00a0<\/strong><\/span>\u00d5ues on pime. Ennast n\u00e4htavaks teha on lihtne ning selleks on palju v\u00f5imalusi. Kui Sul ei ole veel helkurit, k\u00fcsi see omale Muraste kogukonnakeskusest v\u00f5i Harku vallamajast. Anname oma panuse Sinu silmapaistvaks tegemisele sest teame, et Sinust hoolitakse ja Sind oodatakse koju. Turvaliselt.<\/p>\n<p><a href=\"https:\/\/muraste.ee\/vana\/wp-content\/uploads\/2016\/03\/helkur.jpg\" rel=\"attachment wp-att-2584\"><img decoding=\"async\" loading=\"lazy\" class=\"wp-image-2584 alignleft\" src=\"https:\/\/muraste.ee\/vana\/wp-content\/uploads\/2016\/03\/helkur-1024x576.jpg\" alt=\"helkur\" width=\"284\" height=\"160\" srcset=\"https:\/\/muraste.ee\/vana\/wp-content\/uploads\/2016\/03\/helkur-1024x576.jpg 1024w, https:\/\/muraste.ee\/vana\/wp-content\/uploads\/2016\/03\/helkur-300x169.jpg 300w, https:\/\/muraste.ee\/vana\/wp-content\/uploads\/2016\/03\/helkur-768x432.jpg 768w, https:\/\/muraste.ee\/vana\/wp-content\/uploads\/2016\/03\/helkur-624x351.jpg 624w, https:\/\/muraste.ee\/vana\/wp-content\/uploads\/2016\/03\/helkur-128x72.jpg 128w, https:\/\/muraste.ee\/vana\/wp-content\/uploads\/2016\/03\/helkur.jpg 1280w\" sizes=\"(max-width: 284px) 100vw, 284px\" \/><\/a><\/p>\n<p><strong>Teadmiseks: <\/strong>Muraste igan\u00e4dalase e-infokirjaga liitumiseks saada sellekohane teade muraste@muraste.ee<br \/>\n<strong>Muraste kogukonnakeskus<\/strong><span style=\"color: #ff9900;\"> <span style=\"color: #000000;\">(<\/span><\/span>Lee tee 9, Muraste) avatud E-N 10-18, R 10-16.<br \/>\nT\u00e4psustused ja info: kogukonnakeskus@muraste.ee; 5253128 (Aule Kikas).<\/p>\n","protected":false},"excerpt":{"rendered":"<p>N\u00c4DAL \u00a051 MURASTES* *AT- koolimaja aatrium, SP- spordihoone; KO-kogukonnakeskuse ruum; \u00a0 KL- klassiruum; PL-Pangapealse lasteaed, PLF- Pangapealse lasteaia filiaali ruum Muraste koolimajas\u00a0 V\u00e4ga head piparkoogid! 300 grammi suhkrut k\u00f5rvetada. lisa aeglaselt 0,5 l kuuma vett ja 1 kg suhkrut. Keeda 10 minutit, siis t\u00f5sta tulelt. Lisa 500g taluv\u00f5id 2 pakki piparkoogimaiteseainet siis lisa 300g hapukoort<a class=\"moretag\" href=\"https:\/\/muraste.ee\/vana\/?page_id=3056\"><br \/>&#8230;Loe edasi<\/a><\/p>\n","protected":false},"author":2,"featured_media":0,"parent":0,"menu_order":0,"comment_status":"closed","ping_status":"closed","template":"","meta":{"_bbp_topic_count":0,"_bbp_reply_count":0,"_bbp_total_topic_count":0,"_bbp_total_reply_count":0,"_bbp_voice_count":0,"_bbp_anonymous_reply_count":0,"_bbp_topic_count_hidden":0,"_bbp_reply_count_hidden":0,"_bbp_forum_subforum_count":0,"_mc_calendar":[]},"_links":{"self":[{"href":"https:\/\/muraste.ee\/vana\/index.php?rest_route=\/wp\/v2\/pages\/3056"}],"collection":[{"href":"https:\/\/muraste.ee\/vana\/index.php?rest_route=\/wp\/v2\/pages"}],"about":[{"href":"https:\/\/muraste.ee\/vana\/index.php?rest_route=\/wp\/v2\/types\/page"}],"author":[{"embeddable":true,"href":"https:\/\/muraste.ee\/vana\/index.php?rest_route=\/wp\/v2\/users\/2"}],"replies":[{"embeddable":true,"href":"https:\/\/muraste.ee\/vana\/index.php?rest_route=%2Fwp%2Fv2%2Fcomments&post=3056"}],"version-history":[{"count":1,"href":"https:\/\/muraste.ee\/vana\/index.php?rest_route=\/wp\/v2\/pages\/3056\/revisions"}],"predecessor-version":[{"id":3058,"href":"https:\/\/muraste.ee\/vana\/index.php?rest_route=\/wp\/v2\/pages\/3056\/revisions\/3058"}],"wp:attachment":[{"href":"https:\/\/muraste.ee\/vana\/index.php?rest_route=%2Fwp%2Fv2%2Fmedia&parent=3056"}],"curies":[{"name":"wp","href":"https:\/\/api.w.org\/{rel}","templated":true}]}}