{"id":3075,"date":"2017-01-01T19:10:43","date_gmt":"2017-01-01T17:10:43","guid":{"rendered":"https:\/\/muraste.ee\/vana\/?page_id=3075"},"modified":"2017-01-01T19:10:43","modified_gmt":"2017-01-01T17:10:43","slug":"nadal-52","status":"publish","type":"page","link":"https:\/\/muraste.ee\/vana\/?page_id=3075","title":{"rendered":"N\u00e4dal 52"},"content":{"rendered":"<h2 style=\"text-align: center;\"><span style=\"color: #800000;\"><strong><span style=\"color: #ff0000;\">N\u00c4DAL \u00a052 MURASTES<\/span>*<\/strong><\/span><\/h2>\n<h5 style=\"text-align: center;\"><strong><span style=\"color: #999999;\"><em>*AT- koolimaja aatrium, SP- spordihoone; KO-kogukonnakeskuse ruum; \u00a0 KL- klassiruum; PL-Pangapealse lasteaed, PLF- Pangapealse lasteaia filiaali ruum Muraste koolimajas\u00a0<a href=\"https:\/\/muraste.ee\/vana\/wp-content\/uploads\/2016\/03\/naissaarkivi.jpg\" rel=\"attachment wp-att-2540\"><br \/>\n<\/a><\/em><\/span><\/strong><\/h5>\n<p style=\"text-align: center;\"><a href=\"https:\/\/muraste.ee\/vana\/wp-content\/uploads\/2016\/04\/muraste-lehte-copy-1.jpg\" rel=\"attachment wp-att-3053\"><img decoding=\"async\" loading=\"lazy\" class=\"alignnone wp-image-3053\" src=\"https:\/\/muraste.ee\/vana\/wp-content\/uploads\/2016\/04\/muraste-lehte-copy-1.jpg\" alt=\"muraste-lehte-copy-1\" width=\"292\" height=\"466\" srcset=\"https:\/\/muraste.ee\/vana\/wp-content\/uploads\/2016\/04\/muraste-lehte-copy-1.jpg 1051w, https:\/\/muraste.ee\/vana\/wp-content\/uploads\/2016\/04\/muraste-lehte-copy-1-188x300.jpg 188w, https:\/\/muraste.ee\/vana\/wp-content\/uploads\/2016\/04\/muraste-lehte-copy-1-768x1225.jpg 768w, https:\/\/muraste.ee\/vana\/wp-content\/uploads\/2016\/04\/muraste-lehte-copy-1-642x1024.jpg 642w, https:\/\/muraste.ee\/vana\/wp-content\/uploads\/2016\/04\/muraste-lehte-copy-1-624x996.jpg 624w\" sizes=\"(max-width: 292px) 100vw, 292px\" \/><\/a><\/p>\n<p><span style=\"color: #ff6600;\"><span style=\"color: #99cc00;\"><span style=\"color: #008000;\"><strong><span style=\"color: #ff0000;\">Esmasp\u00e4ev, \u00a026. detsember<\/span><br \/>\n<\/strong><\/span><\/span><\/span>kl 10\u00a0KO, <b><strong>Hispaania keele kursus algajatele\u00a0&#8211;\u00a0<\/strong><strong>Curso de espa\u00f1ol, <\/strong><\/b><em><br \/>\n<\/em>Juhendab Hannes Saarmets.<\/p>\n<p><strong><span style=\"color: #ff0000;\">Teisip\u00e4ev, \u00a027. detsember<\/span><br \/>\n<\/strong>kl 17\u00a0KO\u00a0Kandleansambel<strong> LiULi<\/strong>\u00a0proov<br \/>\nkl 19-20.30 SP, <strong>V\u00f5rkpall <\/strong><em>(naised\/mehed)- oodatud on k\u00f5ik v\u00f5rkpallihuvilised!;<\/em><br \/>\nkl 19 \u00a0T<strong>alisuplus Tilgu sadamas<\/strong>. Rohkem infot FB\u00a0grupp Taliujumine Tilgus<br \/>\nkl 19 <strong><span style=\"color: #ff0000;\">L\u00e4hme k\u00fclla!<\/span><\/strong> Restoranis Seller <strong>Anet Vaikmaa ja Triinu Kont-Kontsoni kontsert &#8220;Suhkruj\u00e4nesed&#8221; <\/strong><em>(kontsert on tasuta!)<\/em><\/p>\n<p style=\"text-align: justify;\"><a href=\"https:\/\/muraste.ee\/vana\/wp-content\/uploads\/2016\/03\/j\u00e4nesed.jpg\" rel=\"attachment wp-att-3060\"><img decoding=\"async\" loading=\"lazy\" class=\"alignnone wp-image-3060 size-medium\" src=\"https:\/\/muraste.ee\/vana\/wp-content\/uploads\/2016\/03\/j\u00e4nesed-212x300.jpg\" alt=\"janesed\" width=\"212\" height=\"300\" srcset=\"https:\/\/muraste.ee\/vana\/wp-content\/uploads\/2016\/03\/j\u00e4nesed-212x300.jpg 212w, https:\/\/muraste.ee\/vana\/wp-content\/uploads\/2016\/03\/j\u00e4nesed-624x882.jpg 624w, https:\/\/muraste.ee\/vana\/wp-content\/uploads\/2016\/03\/j\u00e4nesed.jpg 679w\" sizes=\"(max-width: 212px) 100vw, 212px\" \/><\/a><br \/>\n<span style=\"color: #008000;\"><strong><br \/>\n<span style=\"color: #ff0000;\">Kolmap\u00e4ev, \u00a029. detsember<br \/>\n<\/span><\/strong><span style=\"color: #000000;\">kl 18 KO,\u00a0<strong><strong>Inglise keele kursus<\/strong><em>.<\/em><strong>\u00a0<\/strong>K\u00fcsi lisa juhendajalt tel 56575575.<\/strong><\/span><\/span><br \/>\nkl 19-20.30 SP, <strong><span style=\"color: #000000;\">V\u00f5r<\/span>kpall <\/strong><em>(mehed)<\/em><\/p>\n<p style=\"text-align: justify;\"><span style=\"color: #ff0000;\"><strong>Neljap\u00e4ev, 30. detsember<\/strong><\/span><strong style=\"color: #008000;\"><br \/>\n<\/strong>kl 19 \u00a0<strong>Talisuplus Tilgu sadamas. <\/strong>Rohkem infot FB\u00a0grupp Taliujumine Tilgus<\/p>\n<h1><span style=\"color: #ff0000;\">HEAD AASTAVAHETUST!<br \/>\n<\/span><\/h1>\n<p><span style=\"color: #ff0000;\"><strong>TULEKUL!<a href=\"https:\/\/muraste.ee\/vana\/wp-content\/uploads\/2016\/03\/Sport-ja-Glamuur-02.01.2017.jpg\" rel=\"attachment wp-att-3064\"><img decoding=\"async\" loading=\"lazy\" class=\"wp-image-3064 size-medium alignright\" src=\"https:\/\/muraste.ee\/vana\/wp-content\/uploads\/2016\/03\/Sport-ja-Glamuur-02.01.2017-208x300.jpg\" alt=\"sport-ja-glamuur-02-01-2017\" width=\"208\" height=\"300\" srcset=\"https:\/\/muraste.ee\/vana\/wp-content\/uploads\/2016\/03\/Sport-ja-Glamuur-02.01.2017-208x300.jpg 208w, https:\/\/muraste.ee\/vana\/wp-content\/uploads\/2016\/03\/Sport-ja-Glamuur-02.01.2017-709x1024.jpg 709w, https:\/\/muraste.ee\/vana\/wp-content\/uploads\/2016\/03\/Sport-ja-Glamuur-02.01.2017-624x901.jpg 624w, https:\/\/muraste.ee\/vana\/wp-content\/uploads\/2016\/03\/Sport-ja-Glamuur-02.01.2017.jpg 720w\" sizes=\"(max-width: 208px) 100vw, 208px\" \/><\/a><\/strong><\/span><\/p>\n<p>Muraste liikumispisikud annavad teada:\u00a0Muraste Liikumisklubi soovib meeleolukat aastavahetust ja ootab sportlik-pidulikule \u00fchisliikumisele &#8220;Sport &amp; Glamuur&#8221; 2. jaanuaril kell 19. NB! Ise\u00e4ranis teretulnud on uued liikmed &#8211; just-just needsamad Muraste inimesed, kelle uusaastalubaduste hulka kuulub lubadus rohkem liikuda. Alustage kohe ja turvaliselt koos meiega! Alade valikus seekord on k\u00f5nd ja jooks\u00a0&#8211; iga\u00fchele just oma maitse j\u00e4rgi. Kel otsmikulamp olemas, haarake aga kaasa.\u00a0Glamuurseks muudab \u00fchisliikumise Rahvusooper Estonia, mis on auhinnaloosiks v\u00e4lja pannud 2 x 2 piletit! Sooja tee k\u00f5rvale arutame koos teiega uue aasta plaane.<\/p>\n<p><strong>6. jaanuar 2017 kell 18.<\/strong>\u00a0<strong><span style=\"color: #ff0000;\">L\u00e4hme k\u00fclla!<\/span><\/strong> Kandleansambel LiULi kontsert &#8220;Aastaaruanne&#8221; Tabasalus, restoranis Seller .<\/p>\n<p><a href=\"https:\/\/muraste.ee\/vana\/wp-content\/uploads\/2016\/03\/aastaaruanne-sinine.jpg\" rel=\"attachment wp-att-3020\"><img decoding=\"async\" loading=\"lazy\" class=\"alignnone size-full wp-image-3020\" src=\"https:\/\/muraste.ee\/vana\/wp-content\/uploads\/2016\/03\/aastaaruanne-sinine.jpg\" alt=\"aastaaruanne-sinine\" width=\"720\" height=\"1040\" srcset=\"https:\/\/muraste.ee\/vana\/wp-content\/uploads\/2016\/03\/aastaaruanne-sinine.jpg 720w, https:\/\/muraste.ee\/vana\/wp-content\/uploads\/2016\/03\/aastaaruanne-sinine-208x300.jpg 208w, https:\/\/muraste.ee\/vana\/wp-content\/uploads\/2016\/03\/aastaaruanne-sinine-709x1024.jpg 709w, https:\/\/muraste.ee\/vana\/wp-content\/uploads\/2016\/03\/aastaaruanne-sinine-624x901.jpg 624w\" sizes=\"(max-width: 720px) 100vw, 720px\" \/><\/a><\/p>\n<p><a href=\"https:\/\/muraste.ee\/vana\/wp-content\/uploads\/2016\/03\/helen-tants.jpg\" rel=\"attachment wp-att-3044\"><img decoding=\"async\" loading=\"lazy\" class=\"alignnone size-full wp-image-3044\" src=\"https:\/\/muraste.ee\/vana\/wp-content\/uploads\/2016\/03\/helen-tants.jpg\" alt=\"helen-tants\" width=\"452\" height=\"960\" srcset=\"https:\/\/muraste.ee\/vana\/wp-content\/uploads\/2016\/03\/helen-tants.jpg 452w, https:\/\/muraste.ee\/vana\/wp-content\/uploads\/2016\/03\/helen-tants-141x300.jpg 141w\" sizes=\"(max-width: 452px) 100vw, 452px\" \/><\/a><\/p>\n<div class=\"_1mf _1mj\" data-offset-key=\"cki46-0-0\"><\/div>\n<p><span style=\"color: #ff6600;\"><strong>T\u00c4HELEPANU!\u00a0<\/strong><\/span>\u00d5ues on pime. Ennast n\u00e4htavaks teha on lihtne ning selleks on palju v\u00f5imalusi. Kui Sul ei ole veel helkurit, k\u00fcsi see omale Muraste kogukonnakeskusest v\u00f5i Harku vallamajast. Anname oma panuse Sinu silmapaistvaks tegemisele sest teame, et Sinust hoolitakse ja Sind oodatakse koju. Turvaliselt.<\/p>\n<p><a href=\"https:\/\/muraste.ee\/vana\/wp-content\/uploads\/2016\/03\/helkur.jpg\" rel=\"attachment wp-att-2584\"><img decoding=\"async\" loading=\"lazy\" class=\"wp-image-2584 alignleft\" src=\"https:\/\/muraste.ee\/vana\/wp-content\/uploads\/2016\/03\/helkur-1024x576.jpg\" alt=\"helkur\" width=\"284\" height=\"160\" srcset=\"https:\/\/muraste.ee\/vana\/wp-content\/uploads\/2016\/03\/helkur-1024x576.jpg 1024w, https:\/\/muraste.ee\/vana\/wp-content\/uploads\/2016\/03\/helkur-300x169.jpg 300w, https:\/\/muraste.ee\/vana\/wp-content\/uploads\/2016\/03\/helkur-768x432.jpg 768w, https:\/\/muraste.ee\/vana\/wp-content\/uploads\/2016\/03\/helkur-624x351.jpg 624w, https:\/\/muraste.ee\/vana\/wp-content\/uploads\/2016\/03\/helkur-128x72.jpg 128w, https:\/\/muraste.ee\/vana\/wp-content\/uploads\/2016\/03\/helkur.jpg 1280w\" sizes=\"(max-width: 284px) 100vw, 284px\" \/><\/a><\/p>\n<p><strong>Teadmiseks: <\/strong>Muraste igan\u00e4dalase e-infokirjaga liitumiseks saada sellekohane teade muraste@muraste.ee<br \/>\n<strong>Muraste kogukonnakeskus<\/strong><span style=\"color: #ff9900;\"> <span style=\"color: #000000;\">(<\/span><\/span>Lee tee 9, Muraste) avatud E-N 10-18, R 10-16.<br \/>\nT\u00e4psustused ja info: kogukonnakeskus@muraste.ee; 5253128 (Aule Kikas).<\/p>\n","protected":false},"excerpt":{"rendered":"<p>N\u00c4DAL \u00a052 MURASTES* *AT- koolimaja aatrium, SP- spordihoone; KO-kogukonnakeskuse ruum; \u00a0 KL- klassiruum; PL-Pangapealse lasteaed, PLF- Pangapealse lasteaia filiaali ruum Muraste koolimajas\u00a0 Esmasp\u00e4ev, \u00a026. detsember kl 10\u00a0KO, Hispaania keele kursus algajatele\u00a0&#8211;\u00a0Curso de espa\u00f1ol, Juhendab Hannes Saarmets. Teisip\u00e4ev, \u00a027. detsember kl 17\u00a0KO\u00a0Kandleansambel LiULi\u00a0proov kl 19-20.30 SP, V\u00f5rkpall (naised\/mehed)- oodatud on k\u00f5ik v\u00f5rkpallihuvilised!; kl 19 \u00a0Talisuplus Tilgu<a class=\"moretag\" href=\"https:\/\/muraste.ee\/vana\/?page_id=3075\"><br \/>&#8230;Loe edasi<\/a><\/p>\n","protected":false},"author":2,"featured_media":0,"parent":0,"menu_order":0,"comment_status":"closed","ping_status":"closed","template":"","meta":{"_bbp_topic_count":0,"_bbp_reply_count":0,"_bbp_total_topic_count":0,"_bbp_total_reply_count":0,"_bbp_voice_count":0,"_bbp_anonymous_reply_count":0,"_bbp_topic_count_hidden":0,"_bbp_reply_count_hidden":0,"_bbp_forum_subforum_count":0,"_mc_calendar":[]},"_links":{"self":[{"href":"https:\/\/muraste.ee\/vana\/index.php?rest_route=\/wp\/v2\/pages\/3075"}],"collection":[{"href":"https:\/\/muraste.ee\/vana\/index.php?rest_route=\/wp\/v2\/pages"}],"about":[{"href":"https:\/\/muraste.ee\/vana\/index.php?rest_route=\/wp\/v2\/types\/page"}],"author":[{"embeddable":true,"href":"https:\/\/muraste.ee\/vana\/index.php?rest_route=\/wp\/v2\/users\/2"}],"replies":[{"embeddable":true,"href":"https:\/\/muraste.ee\/vana\/index.php?rest_route=%2Fwp%2Fv2%2Fcomments&post=3075"}],"version-history":[{"count":1,"href":"https:\/\/muraste.ee\/vana\/index.php?rest_route=\/wp\/v2\/pages\/3075\/revisions"}],"predecessor-version":[{"id":3077,"href":"https:\/\/muraste.ee\/vana\/index.php?rest_route=\/wp\/v2\/pages\/3075\/revisions\/3077"}],"wp:attachment":[{"href":"https:\/\/muraste.ee\/vana\/index.php?rest_route=%2Fwp%2Fv2%2Fmedia&parent=3075"}],"curies":[{"name":"wp","href":"https:\/\/api.w.org\/{rel}","templated":true}]}}