{"id":309,"date":"2015-11-24T20:59:00","date_gmt":"2015-11-24T18:59:00","guid":{"rendered":"https:\/\/muraste.ee\/vana\/?page_id=309"},"modified":"2019-01-19T14:39:26","modified_gmt":"2019-01-19T12:39:26","slug":"tunnustused","status":"publish","type":"page","link":"https:\/\/muraste.ee\/vana\/?page_id=309","title":{"rendered":"Tunnustused"},"content":{"rendered":"<p><strong>Harjumaa teenetem\u00e4rk 2018 &#8211; Aule Kikas\u00a0<\/strong><\/p>\n<p><strong><a href=\"https:\/\/muraste.ee\/vana\/wp-content\/uploads\/2015\/11\/ball1.jpg\" rel=\"attachment wp-att-6708\"><img decoding=\"async\" loading=\"lazy\" class=\"alignnone size-medium wp-image-6708\" src=\"https:\/\/muraste.ee\/vana\/wp-content\/uploads\/2015\/11\/ball1-300x200.jpg\" alt=\"ball1\" width=\"300\" height=\"200\" srcset=\"https:\/\/muraste.ee\/vana\/wp-content\/uploads\/2015\/11\/ball1-300x200.jpg 300w, https:\/\/muraste.ee\/vana\/wp-content\/uploads\/2015\/11\/ball1-768x511.jpg 768w, https:\/\/muraste.ee\/vana\/wp-content\/uploads\/2015\/11\/ball1-1024x682.jpg 1024w, https:\/\/muraste.ee\/vana\/wp-content\/uploads\/2015\/11\/ball1-624x415.jpg 624w, https:\/\/muraste.ee\/vana\/wp-content\/uploads\/2015\/11\/ball1.jpg 1200w\" sizes=\"(max-width: 300px) 100vw, 300px\" \/><\/a>\u00a0\u00a0<a href=\"https:\/\/muraste.ee\/vana\/wp-content\/uploads\/2015\/11\/ball2.jpg\" rel=\"attachment wp-att-6709\"><img decoding=\"async\" loading=\"lazy\" class=\"alignnone size-medium wp-image-6709\" src=\"https:\/\/muraste.ee\/vana\/wp-content\/uploads\/2015\/11\/ball2-200x300.jpg\" alt=\"ball2\" width=\"200\" height=\"300\" srcset=\"https:\/\/muraste.ee\/vana\/wp-content\/uploads\/2015\/11\/ball2-200x300.jpg 200w, https:\/\/muraste.ee\/vana\/wp-content\/uploads\/2015\/11\/ball2.jpg 682w, https:\/\/muraste.ee\/vana\/wp-content\/uploads\/2015\/11\/ball2-624x937.jpg 624w\" sizes=\"(max-width: 200px) 100vw, 200px\" \/><\/a><br \/>\n<\/strong><\/p>\n<p><strong>Harku valla tublide vabatahtlike tunnustamine 2018 (terve saalit\u00e4is!)<\/strong><br \/>\n<a href=\"https:\/\/muraste.ee\/vana\/wp-content\/uploads\/2018\/11\/DC2I2073.jpg\" rel=\"attachment wp-att-6434\"><img decoding=\"async\" loading=\"lazy\" class=\"alignnone size-medium wp-image-6434\" src=\"https:\/\/muraste.ee\/vana\/wp-content\/uploads\/2018\/11\/DC2I2073-300x200.jpg\" alt=\"DC2I2073\" width=\"300\" height=\"200\" srcset=\"https:\/\/muraste.ee\/vana\/wp-content\/uploads\/2018\/11\/DC2I2073-300x200.jpg 300w, https:\/\/muraste.ee\/vana\/wp-content\/uploads\/2018\/11\/DC2I2073-768x512.jpg 768w, https:\/\/muraste.ee\/vana\/wp-content\/uploads\/2018\/11\/DC2I2073-1024x683.jpg 1024w, https:\/\/muraste.ee\/vana\/wp-content\/uploads\/2018\/11\/DC2I2073-624x416.jpg 624w\" sizes=\"(max-width: 300px) 100vw, 300px\" \/><\/a>\u00a0\u00a0<a href=\"https:\/\/muraste.ee\/vana\/wp-content\/uploads\/2018\/11\/DC2I2226.jpg\" rel=\"attachment wp-att-6485\"><img decoding=\"async\" loading=\"lazy\" class=\"alignnone size-medium wp-image-6485\" src=\"https:\/\/muraste.ee\/vana\/wp-content\/uploads\/2018\/11\/DC2I2226-300x200.jpg\" alt=\"DC2I2226\" width=\"300\" height=\"200\" srcset=\"https:\/\/muraste.ee\/vana\/wp-content\/uploads\/2018\/11\/DC2I2226-300x200.jpg 300w, https:\/\/muraste.ee\/vana\/wp-content\/uploads\/2018\/11\/DC2I2226-768x512.jpg 768w, https:\/\/muraste.ee\/vana\/wp-content\/uploads\/2018\/11\/DC2I2226-1024x683.jpg 1024w, https:\/\/muraste.ee\/vana\/wp-content\/uploads\/2018\/11\/DC2I2226-624x416.jpg 624w\" sizes=\"(max-width: 300px) 100vw, 300px\" \/><\/a><\/p>\n<p><strong>Harjumaa s\u00e4deinimene 2017\u00a0<\/strong>nominent<strong> &#8211; <\/strong>Aule Kikas<br \/>\n<a href=\"https:\/\/muraste.ee\/vana\/wp-content\/uploads\/2015\/11\/aule.jpg\" rel=\"attachment wp-att-5785\"><img decoding=\"async\" loading=\"lazy\" class=\"alignnone size-medium wp-image-5785\" src=\"https:\/\/muraste.ee\/vana\/wp-content\/uploads\/2015\/11\/aule-300x200.jpg\" alt=\"aule\" width=\"300\" height=\"200\" srcset=\"https:\/\/muraste.ee\/vana\/wp-content\/uploads\/2015\/11\/aule-300x200.jpg 300w, https:\/\/muraste.ee\/vana\/wp-content\/uploads\/2015\/11\/aule-768x512.jpg 768w, https:\/\/muraste.ee\/vana\/wp-content\/uploads\/2015\/11\/aule-1024x683.jpg 1024w, https:\/\/muraste.ee\/vana\/wp-content\/uploads\/2015\/11\/aule-624x416.jpg 624w, https:\/\/muraste.ee\/vana\/wp-content\/uploads\/2015\/11\/aule.jpg 1421w\" sizes=\"(max-width: 300px) 100vw, 300px\" \/><\/a>\u00a0\u00a0<a href=\"https:\/\/muraste.ee\/vana\/wp-content\/uploads\/2015\/11\/aule-2.jpg\" rel=\"attachment wp-att-5786\"><img decoding=\"async\" loading=\"lazy\" class=\"alignnone size-medium wp-image-5786\" src=\"https:\/\/muraste.ee\/vana\/wp-content\/uploads\/2015\/11\/aule-2-300x200.jpg\" alt=\"aule 2\" width=\"300\" height=\"200\" srcset=\"https:\/\/muraste.ee\/vana\/wp-content\/uploads\/2015\/11\/aule-2-300x200.jpg 300w, https:\/\/muraste.ee\/vana\/wp-content\/uploads\/2015\/11\/aule-2-768x512.jpg 768w, https:\/\/muraste.ee\/vana\/wp-content\/uploads\/2015\/11\/aule-2-1024x683.jpg 1024w, https:\/\/muraste.ee\/vana\/wp-content\/uploads\/2015\/11\/aule-2-624x416.jpg 624w, https:\/\/muraste.ee\/vana\/wp-content\/uploads\/2015\/11\/aule-2.jpg 1152w\" sizes=\"(max-width: 300px) 100vw, 300px\" \/><\/a><\/p>\n<p><strong>Aasta vabatahtlik 2016<\/strong>\u00a0&#8211; Evar Ojasaar<br \/>\n<a href=\"https:\/\/muraste.ee\/vana\/wp-content\/uploads\/2015\/11\/evar.jpg\" rel=\"attachment wp-att-2995\"><img decoding=\"async\" loading=\"lazy\" class=\"alignnone wp-image-2995\" src=\"https:\/\/muraste.ee\/vana\/wp-content\/uploads\/2015\/11\/evar-300x200.jpg\" alt=\"evar\" width=\"261\" height=\"174\" srcset=\"https:\/\/muraste.ee\/vana\/wp-content\/uploads\/2015\/11\/evar-300x200.jpg 300w, https:\/\/muraste.ee\/vana\/wp-content\/uploads\/2015\/11\/evar.jpg 620w\" sizes=\"(max-width: 261px) 100vw, 261px\" \/><\/a>\u00a0 \u00a0<a href=\"https:\/\/muraste.ee\/vana\/wp-content\/uploads\/2015\/11\/15320442_1364269113592043_218741664_n.jpg\" rel=\"attachment wp-att-2884\"><img decoding=\"async\" loading=\"lazy\" class=\"alignnone wp-image-2884\" src=\"https:\/\/muraste.ee\/vana\/wp-content\/uploads\/2015\/11\/15320442_1364269113592043_218741664_n-300x169.jpg\" alt=\"15320442_1364269113592043_218741664_n\" width=\"304\" height=\"172\" srcset=\"https:\/\/muraste.ee\/vana\/wp-content\/uploads\/2015\/11\/15320442_1364269113592043_218741664_n-300x169.jpg 300w, https:\/\/muraste.ee\/vana\/wp-content\/uploads\/2015\/11\/15320442_1364269113592043_218741664_n-624x351.jpg 624w, https:\/\/muraste.ee\/vana\/wp-content\/uploads\/2015\/11\/15320442_1364269113592043_218741664_n-128x72.jpg 128w, https:\/\/muraste.ee\/vana\/wp-content\/uploads\/2015\/11\/15320442_1364269113592043_218741664_n.jpg 720w\" sizes=\"(max-width: 304px) 100vw, 304px\" \/><\/a><\/p>\n<p><strong>Harjumaa aasta 2016 koolijuht<\/strong>&#8211; Priit J\u00f5e, Muraste kooli direktor<br \/>\n<a href=\"https:\/\/muraste.ee\/vana\/wp-content\/uploads\/2015\/11\/priit.jpg\" rel=\"attachment wp-att-2960\"><img decoding=\"async\" loading=\"lazy\" class=\"alignnone wp-image-2960\" src=\"https:\/\/muraste.ee\/vana\/wp-content\/uploads\/2015\/11\/priit-300x168.jpg\" alt=\"priit\" width=\"309\" height=\"173\" srcset=\"https:\/\/muraste.ee\/vana\/wp-content\/uploads\/2015\/11\/priit-300x168.jpg 300w, https:\/\/muraste.ee\/vana\/wp-content\/uploads\/2015\/11\/priit-768x430.jpg 768w, https:\/\/muraste.ee\/vana\/wp-content\/uploads\/2015\/11\/priit-624x350.jpg 624w, https:\/\/muraste.ee\/vana\/wp-content\/uploads\/2015\/11\/priit-128x72.jpg 128w, https:\/\/muraste.ee\/vana\/wp-content\/uploads\/2015\/11\/priit.jpg 960w\" sizes=\"(max-width: 309px) 100vw, 309px\" \/><\/a>\u00a0\u00a0<a href=\"https:\/\/muraste.ee\/vana\/wp-content\/uploads\/2015\/11\/priiti.jpg\" rel=\"attachment wp-att-2997\"><img decoding=\"async\" loading=\"lazy\" class=\"alignnone wp-image-2997\" src=\"https:\/\/muraste.ee\/vana\/wp-content\/uploads\/2015\/11\/priiti-300x200.jpg\" alt=\"priiti\" width=\"263\" height=\"175\" srcset=\"https:\/\/muraste.ee\/vana\/wp-content\/uploads\/2015\/11\/priiti-300x200.jpg 300w, https:\/\/muraste.ee\/vana\/wp-content\/uploads\/2015\/11\/priiti-624x416.jpg 624w, https:\/\/muraste.ee\/vana\/wp-content\/uploads\/2015\/11\/priiti.jpg 750w\" sizes=\"(max-width: 263px) 100vw, 263px\" \/><\/a><\/p>\n<p><strong>Harjumaa aasta kodanike\u00fchendus 2015<\/strong> &#8211; Muraste k\u00fclaselts<br \/>\n<a href=\"https:\/\/muraste.ee\/vana\/wp-content\/uploads\/2015\/11\/12528783_1150923508259939_1173032567_o.jpg\"><img decoding=\"async\" loading=\"lazy\" class=\"alignnone wp-image-978\" src=\"https:\/\/muraste.ee\/vana\/wp-content\/uploads\/2015\/11\/12528783_1150923508259939_1173032567_o-169x300.jpg\" alt=\"12528783_1150923508259939_1173032567_o\" width=\"214\" height=\"380\" srcset=\"https:\/\/muraste.ee\/vana\/wp-content\/uploads\/2015\/11\/12528783_1150923508259939_1173032567_o-169x300.jpg 169w, https:\/\/muraste.ee\/vana\/wp-content\/uploads\/2015\/11\/12528783_1150923508259939_1173032567_o-576x1024.jpg 576w, https:\/\/muraste.ee\/vana\/wp-content\/uploads\/2015\/11\/12528783_1150923508259939_1173032567_o-624x1109.jpg 624w, https:\/\/muraste.ee\/vana\/wp-content\/uploads\/2015\/11\/12528783_1150923508259939_1173032567_o.jpg 720w\" sizes=\"(max-width: 214px) 100vw, 214px\" \/><\/a> <a href=\"https:\/\/muraste.ee\/vana\/wp-content\/uploads\/2015\/11\/12596765_1150923491593274_1414042589_o.jpg\"><img decoding=\"async\" loading=\"lazy\" class=\"alignnone wp-image-979\" src=\"https:\/\/muraste.ee\/vana\/wp-content\/uploads\/2015\/11\/12596765_1150923491593274_1414042589_o-169x300.jpg\" alt=\"12596765_1150923491593274_1414042589_o\" width=\"215\" height=\"381\" srcset=\"https:\/\/muraste.ee\/vana\/wp-content\/uploads\/2015\/11\/12596765_1150923491593274_1414042589_o-169x300.jpg 169w, https:\/\/muraste.ee\/vana\/wp-content\/uploads\/2015\/11\/12596765_1150923491593274_1414042589_o-576x1024.jpg 576w, https:\/\/muraste.ee\/vana\/wp-content\/uploads\/2015\/11\/12596765_1150923491593274_1414042589_o-624x1109.jpg 624w, https:\/\/muraste.ee\/vana\/wp-content\/uploads\/2015\/11\/12596765_1150923491593274_1414042589_o.jpg 720w\" sizes=\"(max-width: 215px) 100vw, 215px\" \/><\/a><\/p>\n<p><strong>Vabatahtliku s\u00f5bra m\u00e4rgis 2015<\/strong> &#8211; Muraste k\u00fclaselts (tunnistus nr 7, 27.11.2015, v\u00e4ljaandja Siseministeerium ja Eesti K\u00fclaliikumine Kodukant)<br \/>\n<a href=\"https:\/\/muraste.ee\/vana\/wp-content\/uploads\/2015\/11\/vabatahtlik_sober-2.jpg\"><img decoding=\"async\" loading=\"lazy\" class=\"alignnone wp-image-863\" src=\"https:\/\/muraste.ee\/vana\/wp-content\/uploads\/2015\/11\/vabatahtlik_sober-2.jpg\" alt=\"vabatahtlik_sober (2)\" width=\"277\" height=\"271\" \/><\/a><a href=\"https:\/\/muraste.ee\/vana\/wp-content\/uploads\/2015\/11\/12873437_1150928334926123_1729132453_o.jpg\"><img decoding=\"async\" loading=\"lazy\" class=\"alignnone wp-image-980\" src=\"https:\/\/muraste.ee\/vana\/wp-content\/uploads\/2015\/11\/12873437_1150928334926123_1729132453_o-169x300.jpg\" alt=\"12873437_1150928334926123_1729132453_o\" width=\"153\" height=\"274\" \/><\/a><\/p>\n<p><strong>Harjumaa tervisetegija 2015 &#8211; Evar Ojasaar ja <em>Tilgu h\u00fclged<br \/>\n<a href=\"https:\/\/muraste.ee\/vana\/wp-content\/uploads\/2015\/11\/12794327_1266796150003040_6826317239397770656_n.jpg\" rel=\"attachment wp-att-2892\"><img decoding=\"async\" loading=\"lazy\" class=\"alignnone wp-image-2892\" src=\"https:\/\/muraste.ee\/vana\/wp-content\/uploads\/2015\/11\/12794327_1266796150003040_6826317239397770656_n.jpg\" alt=\"12794327_1266796150003040_6826317239397770656_n\" width=\"435\" height=\"289\" \/><\/a><\/em><\/strong><\/p>\n<p><strong>Harjumaa aasta s\u00e4deinimene 2015<\/strong> &#8211; Andrus Saliste<br \/>\n<a href=\"https:\/\/muraste.ee\/vana\/wp-content\/uploads\/2015\/11\/DSC_0264.jpg\" rel=\"attachment wp-att-2899\"><img decoding=\"async\" loading=\"lazy\" class=\"alignnone wp-image-2899\" src=\"https:\/\/muraste.ee\/vana\/wp-content\/uploads\/2015\/11\/DSC_0264.jpg\" alt=\"dsc_0264\" width=\"435\" height=\"291\" srcset=\"https:\/\/muraste.ee\/vana\/wp-content\/uploads\/2015\/11\/DSC_0264.jpg 620w, https:\/\/muraste.ee\/vana\/wp-content\/uploads\/2015\/11\/DSC_0264-300x201.jpg 300w\" sizes=\"(max-width: 435px) 100vw, 435px\" \/><\/a><\/p>\n<p><strong>Harku valla teenetem\u00e4rk 2014 &#8211; <\/strong>Andrus Saliste<br \/>\n<a href=\"https:\/\/muraste.ee\/vana\/wp-content\/uploads\/2015\/11\/andrus.jpg\" rel=\"attachment wp-att-2963\"><img decoding=\"async\" loading=\"lazy\" class=\"alignnone wp-image-2963\" src=\"https:\/\/muraste.ee\/vana\/wp-content\/uploads\/2015\/11\/andrus-300x200.jpg\" alt=\"andrus\" width=\"435\" height=\"290\" srcset=\"https:\/\/muraste.ee\/vana\/wp-content\/uploads\/2015\/11\/andrus-300x200.jpg 300w, https:\/\/muraste.ee\/vana\/wp-content\/uploads\/2015\/11\/andrus.jpg 768w, https:\/\/muraste.ee\/vana\/wp-content\/uploads\/2015\/11\/andrus-624x416.jpg 624w\" sizes=\"(max-width: 435px) 100vw, 435px\" \/><\/a><\/p>\n<p><strong>Kogukonna p\u00e4rl\u00a0Harjumaal 2014<\/strong> \u00a0&#8211; perekond Kikas<br \/>\n<a href=\"https:\/\/muraste.ee\/vana\/wp-content\/uploads\/2015\/11\/10352979_849248568440013_2634507963452884637_n.jpg\"><img decoding=\"async\" loading=\"lazy\" class=\"alignnone wp-image-983\" src=\"https:\/\/muraste.ee\/vana\/wp-content\/uploads\/2015\/11\/10352979_849248568440013_2634507963452884637_n-300x200.jpg\" alt=\"10352979_849248568440013_2634507963452884637_n\" width=\"435\" height=\"290\" srcset=\"https:\/\/muraste.ee\/vana\/wp-content\/uploads\/2015\/11\/10352979_849248568440013_2634507963452884637_n-300x200.jpg 300w, https:\/\/muraste.ee\/vana\/wp-content\/uploads\/2015\/11\/10352979_849248568440013_2634507963452884637_n-624x416.jpg 624w, https:\/\/muraste.ee\/vana\/wp-content\/uploads\/2015\/11\/10352979_849248568440013_2634507963452884637_n.jpg 960w\" sizes=\"(max-width: 435px) 100vw, 435px\" \/><\/a><\/p>\n<p><strong>Aasta vabatahtlik 2013<\/strong> &#8211; Andrus Saliste<br \/>\n<a href=\"https:\/\/muraste.ee\/vana\/wp-content\/uploads\/2015\/11\/18995_small.jpg\"><img decoding=\"async\" loading=\"lazy\" class=\"alignnone wp-image-1012\" src=\"https:\/\/muraste.ee\/vana\/wp-content\/uploads\/2015\/11\/18995_small.jpg\" alt=\"18995_small\" width=\"435\" height=\"274\" srcset=\"https:\/\/muraste.ee\/vana\/wp-content\/uploads\/2015\/11\/18995_small.jpg 308w, https:\/\/muraste.ee\/vana\/wp-content\/uploads\/2015\/11\/18995_small-300x189.jpg 300w\" sizes=\"(max-width: 435px) 100vw, 435px\" \/><\/a><\/p>\n<p><strong>Harjumaa tervisetegija 2013<\/strong> &#8211; Muraste liikumisklubi &#8220;Lihtsalt liikuma!&#8221;<br \/>\n<a href=\"https:\/\/muraste.ee\/vana\/wp-content\/uploads\/2015\/11\/13321952_997074967075012_5420848442555263988_n.jpg\" rel=\"attachment wp-att-2894\"><img decoding=\"async\" loading=\"lazy\" class=\"alignnone wp-image-2894\" src=\"https:\/\/muraste.ee\/vana\/wp-content\/uploads\/2015\/11\/13321952_997074967075012_5420848442555263988_n.jpg\" alt=\"13321952_997074967075012_5420848442555263988_n\" width=\"436\" height=\"265\" srcset=\"https:\/\/muraste.ee\/vana\/wp-content\/uploads\/2015\/11\/13321952_997074967075012_5420848442555263988_n.jpg 960w, https:\/\/muraste.ee\/vana\/wp-content\/uploads\/2015\/11\/13321952_997074967075012_5420848442555263988_n-300x182.jpg 300w, https:\/\/muraste.ee\/vana\/wp-content\/uploads\/2015\/11\/13321952_997074967075012_5420848442555263988_n-768x466.jpg 768w, https:\/\/muraste.ee\/vana\/wp-content\/uploads\/2015\/11\/13321952_997074967075012_5420848442555263988_n-624x379.jpg 624w\" sizes=\"(max-width: 436px) 100vw, 436px\" \/><\/a><\/p>\n<p><strong>Aasta Kodu 2012 peapreemia<\/strong>\u00a0&#8211; perekond Tiirik\u00a0<a href=\"https:\/\/muraste.ee\/vana\/wp-content\/uploads\/2015\/11\/evelinid-2.jpg\"><img decoding=\"async\" loading=\"lazy\" class=\"alignnone wp-image-990\" src=\"https:\/\/muraste.ee\/vana\/wp-content\/uploads\/2015\/11\/evelinid-2-300x189.jpg\" alt=\"evelinid 2\" width=\"335\" height=\"211\" srcset=\"https:\/\/muraste.ee\/vana\/wp-content\/uploads\/2015\/11\/evelinid-2-300x189.jpg 300w, https:\/\/muraste.ee\/vana\/wp-content\/uploads\/2015\/11\/evelinid-2.jpg 469w\" sizes=\"(max-width: 335px) 100vw, 335px\" \/><\/a>\u00a0<a href=\"https:\/\/muraste.ee\/vana\/wp-content\/uploads\/2015\/11\/evelinid.jpg\"><img decoding=\"async\" loading=\"lazy\" class=\"alignnone wp-image-991\" src=\"https:\/\/muraste.ee\/vana\/wp-content\/uploads\/2015\/11\/evelinid-300x228.jpg\" alt=\"evelinid\" width=\"275\" height=\"209\" srcset=\"https:\/\/muraste.ee\/vana\/wp-content\/uploads\/2015\/11\/evelinid-300x228.jpg 300w, https:\/\/muraste.ee\/vana\/wp-content\/uploads\/2015\/11\/evelinid-624x474.jpg 624w, https:\/\/muraste.ee\/vana\/wp-content\/uploads\/2015\/11\/evelinid.jpg 800w\" sizes=\"(max-width: 275px) 100vw, 275px\" \/><\/a><\/p>\n<p>&nbsp;<\/p>\n","protected":false},"excerpt":{"rendered":"<p>Harjumaa teenetem\u00e4rk 2018 &#8211; Aule Kikas\u00a0 \u00a0\u00a0 Harku valla tublide vabatahtlike tunnustamine 2018 (terve saalit\u00e4is!) \u00a0\u00a0 Harjumaa s\u00e4deinimene 2017\u00a0nominent &#8211; Aule Kikas \u00a0\u00a0 Aasta vabatahtlik 2016\u00a0&#8211; Evar Ojasaar \u00a0 \u00a0 Harjumaa aasta 2016 koolijuht&#8211; Priit J\u00f5e, Muraste kooli direktor \u00a0\u00a0 Harjumaa aasta kodanike\u00fchendus 2015 &#8211; Muraste k\u00fclaselts Vabatahtliku s\u00f5bra m\u00e4rgis 2015 &#8211; Muraste k\u00fclaselts (tunnistus<a class=\"moretag\" href=\"https:\/\/muraste.ee\/vana\/?page_id=309\"><br \/>&#8230;Loe edasi<\/a><\/p>\n","protected":false},"author":1,"featured_media":0,"parent":0,"menu_order":0,"comment_status":"closed","ping_status":"closed","template":"","meta":{"_bbp_topic_count":0,"_bbp_reply_count":0,"_bbp_total_topic_count":0,"_bbp_total_reply_count":0,"_bbp_voice_count":0,"_bbp_anonymous_reply_count":0,"_bbp_topic_count_hidden":0,"_bbp_reply_count_hidden":0,"_bbp_forum_subforum_count":0,"_mc_calendar":[]},"_links":{"self":[{"href":"https:\/\/muraste.ee\/vana\/index.php?rest_route=\/wp\/v2\/pages\/309"}],"collection":[{"href":"https:\/\/muraste.ee\/vana\/index.php?rest_route=\/wp\/v2\/pages"}],"about":[{"href":"https:\/\/muraste.ee\/vana\/index.php?rest_route=\/wp\/v2\/types\/page"}],"author":[{"embeddable":true,"href":"https:\/\/muraste.ee\/vana\/index.php?rest_route=\/wp\/v2\/users\/1"}],"replies":[{"embeddable":true,"href":"https:\/\/muraste.ee\/vana\/index.php?rest_route=%2Fwp%2Fv2%2Fcomments&post=309"}],"version-history":[{"count":39,"href":"https:\/\/muraste.ee\/vana\/index.php?rest_route=\/wp\/v2\/pages\/309\/revisions"}],"predecessor-version":[{"id":6713,"href":"https:\/\/muraste.ee\/vana\/index.php?rest_route=\/wp\/v2\/pages\/309\/revisions\/6713"}],"wp:attachment":[{"href":"https:\/\/muraste.ee\/vana\/index.php?rest_route=%2Fwp%2Fv2%2Fmedia&parent=309"}],"curies":[{"name":"wp","href":"https:\/\/api.w.org\/{rel}","templated":true}]}}