{"id":3110,"date":"2017-01-08T21:30:55","date_gmt":"2017-01-08T19:30:55","guid":{"rendered":"https:\/\/muraste.ee\/vana\/?page_id=3110"},"modified":"2017-01-08T21:30:55","modified_gmt":"2017-01-08T19:30:55","slug":"nadal-1-2","status":"publish","type":"page","link":"https:\/\/muraste.ee\/vana\/?page_id=3110","title":{"rendered":"N\u00e4dal 1"},"content":{"rendered":"<h2 style=\"text-align: center;\"><span style=\"color: #800000;\"><strong><span style=\"color: #ff0000;\">2017. AASTA 1. N\u00c4DAL \u00a0MURASTES<\/span>*<\/strong><\/span><\/h2>\n<h5 style=\"text-align: center;\"><strong><span style=\"color: #999999;\"><em>*AT- koolimaja aatrium, SP- spordihoone; KO-kogukonnakeskuse ruum; \u00a0 KL- klassiruum; PL-Pangapealse lasteaed, PLF- Pangapealse lasteaia filiaali ruum Muraste koolimajas\u00a0<a href=\"https:\/\/muraste.ee\/vana\/wp-content\/uploads\/2016\/03\/naissaarkivi.jpg\" rel=\"attachment wp-att-2540\"><br \/>\n<\/a><\/em><\/span><\/strong><\/h5>\n<p style=\"text-align: center;\"><a href=\"https:\/\/muraste.ee\/vana\/wp-content\/uploads\/2016\/04\/muraste-lehte-copy-1.jpg\" rel=\"attachment wp-att-3053\"><img decoding=\"async\" loading=\"lazy\" class=\"alignnone wp-image-3053\" src=\"https:\/\/muraste.ee\/vana\/wp-content\/uploads\/2016\/04\/muraste-lehte-copy-1.jpg\" alt=\"muraste-lehte-copy-1\" width=\"292\" height=\"466\" srcset=\"https:\/\/muraste.ee\/vana\/wp-content\/uploads\/2016\/04\/muraste-lehte-copy-1.jpg 1051w, https:\/\/muraste.ee\/vana\/wp-content\/uploads\/2016\/04\/muraste-lehte-copy-1-188x300.jpg 188w, https:\/\/muraste.ee\/vana\/wp-content\/uploads\/2016\/04\/muraste-lehte-copy-1-768x1225.jpg 768w, https:\/\/muraste.ee\/vana\/wp-content\/uploads\/2016\/04\/muraste-lehte-copy-1-642x1024.jpg 642w, https:\/\/muraste.ee\/vana\/wp-content\/uploads\/2016\/04\/muraste-lehte-copy-1-624x996.jpg 624w\" sizes=\"(max-width: 292px) 100vw, 292px\" \/><\/a><\/p>\n<p><span style=\"color: #ff6600;\"><span style=\"color: #99cc00;\"><span style=\"color: #008000;\"><strong><span style=\"color: #ff0000;\">Esmasp\u00e4ev, \u00a02. jaanuar<\/span><br \/>\n<\/strong><\/span><\/span><\/span>kl 17.15 KL, <b><strong>Hispaania keele kursus algajatele\u00a0&#8211;\u00a0<\/strong><strong>Curso de espa\u00f1ol, <\/strong><\/b><em><br \/>\n<\/em>Juhendab Hannes Saarmets.<br \/>\n<a href=\"https:\/\/muraste.ee\/vana\/wp-content\/uploads\/2016\/03\/Sport-ja-Glamuur-02.01.2017.jpg\" rel=\"attachment wp-att-3064\"><img decoding=\"async\" loading=\"lazy\" class=\"wp-image-3064 size-medium alignright\" src=\"https:\/\/muraste.ee\/vana\/wp-content\/uploads\/2016\/03\/Sport-ja-Glamuur-02.01.2017-208x300.jpg\" alt=\"sport-ja-glamuur-02-01-2017\" width=\"208\" height=\"300\" srcset=\"https:\/\/muraste.ee\/vana\/wp-content\/uploads\/2016\/03\/Sport-ja-Glamuur-02.01.2017-208x300.jpg 208w, https:\/\/muraste.ee\/vana\/wp-content\/uploads\/2016\/03\/Sport-ja-Glamuur-02.01.2017-709x1024.jpg 709w, https:\/\/muraste.ee\/vana\/wp-content\/uploads\/2016\/03\/Sport-ja-Glamuur-02.01.2017-624x901.jpg 624w, https:\/\/muraste.ee\/vana\/wp-content\/uploads\/2016\/03\/Sport-ja-Glamuur-02.01.2017.jpg 720w\" sizes=\"(max-width: 208px) 100vw, 208px\" \/><\/a><br \/>\nkl 19 <strong>Lihtsalt liikuma!<\/strong>\u00a0Muraste liikumispisikud annavad teada:\u00a0Muraste Liikumisklubi soovib meeleolukat aastavahetust ja ootab sportlik-pidulikule \u00fchisliikumisele &#8220;<strong>Sport &amp; Glamuur&#8221;<\/strong>\u00a0 NB! Ise\u00e4ranis teretulnud on uued liikmed &#8211; just-just needsamad Muraste inimesed, kelle uusaastalubaduste hulka kuulub lubadus rohkem liikuda. Alustage kohe ja turvaliselt koos meiega! Alade valikus seekord on k\u00f5nd ja jooks\u00a0&#8211; iga\u00fchele just oma maitse j\u00e4rgi. Kel otsmikulamp olemas, haarake aga kaasa.\u00a0Glamuurseks muudab \u00fchisliikumise Rahvusooper Estonia, mis on auhinnaloosiks v\u00e4lja pannud 2 x 2 piletit! Sooja tee k\u00f5rvale arutame koos teiega uue aasta plaane.<br \/>\nkl 20 PL, <strong>Zumba fitness \u2013 tantsuline treening <\/strong>(loe lisa facebook.com\/maiuv\u00e4li)<\/p>\n<p><strong><span style=\"color: #ff0000;\">Teisip\u00e4ev, \u00a03. jaanuar<\/span><br \/>\n<\/strong>kl 17.30 KO,<strong>\u00a0Kandleansambel<strong> LiULi<\/strong>\u00a0proov<br \/>\n<\/strong>kl 18.15 KL,\u00a0<strong>inglise keele kursus<\/strong> <em>(algteadmisi omajatel on v\u00f5imalus liituda ka juba t\u00f6\u00f6tava grupiga).<\/em>\u00a0K\u00fcsi lisa juhendajalt tel 56575575.<strong><br \/>\n<\/strong>kl 19-20.30 SP, <strong>V\u00f5rkpall <\/strong><em>(naised\/mehed)- oodatud on k\u00f5ik v\u00f5rkpallihuvilised!;<\/em><br \/>\nkl 19, \u00a0T<strong>alisuplus Tilgu sadamas<\/strong>. Rohkem infot FB\u00a0grupp Taliujumine Tilgus<\/p>\n<p><span style=\"color: #008000;\"><strong><span style=\"color: #ff0000;\">Kolmap\u00e4ev, \u00a04. jaanuar<br \/>\n<\/span><\/strong><\/span>kl 18.00 AT, <strong>Line-tants\u00a0<\/strong>INFO: <a href=\"mailto:kristin@huviline.ee\">kristin@huviline.ee<\/a> v\u00f5i tel 51923590. Osalustasu 5\u20ac\/kord.<br \/>\nkl 19-20.30 SP, <strong><span style=\"color: #000000;\">V\u00f5r<\/span>kpall <\/strong><em>(mehed)<br \/>\n<\/em>kl\u00a019.30 AT,\u00a0<strong>\u00a0K<\/strong><strong>undalin-jooga. <\/strong>\u00a0\u00dche joogatunni tasu on 10 \u20ac; 10\u00a0korra kaart 90 \u20ac. Rohkem teavet algi.samm@mail.ee\u00a0, tel 5019402. \u00d5petaja s\u00f5num selleks kuuks:\u00a0<em>Uut aastat alustame selja krijaga, mille abil tugevdad s\u00fcsteemselt oma k\u00f5hu- ja seljalihaseid. \u00a0Meditatsioonis keskendume s\u00fcdamekeskusele, olemaks nii m\u00f5tetes kui ka tegudes oma s\u00fcdame teel.\u00a0Iidne joogateadus aitab hoida keha terve ja meele virge, et saaksid v\u00f5imalikult h\u00e4sti oma s\u00fcgavama potentsiaaliga kontaktis olles minna vastu ees ootava aasta v\u00e4ljakutsetele ja v\u00f5imalustele. \u00a0Selga pane mugavad riided, kaasa v\u00f5ta joogamatt, veepudel\u00a0 ja soe pleed enda katmiseks\u00a0pika l\u00f5dvestuse ajal.<\/em><\/p>\n<p style=\"text-align: justify;\"><span style=\"color: #ff0000;\"><strong>Neljap\u00e4ev, 5. jaanuar<a href=\"https:\/\/muraste.ee\/vana\/wp-content\/uploads\/2016\/03\/uusjaanuar.jpg\" rel=\"attachment wp-att-3101\"><img decoding=\"async\" loading=\"lazy\" class=\"size-medium wp-image-3101 alignright\" src=\"https:\/\/muraste.ee\/vana\/wp-content\/uploads\/2016\/03\/uusjaanuar-212x300.jpg\" alt=\"uusjaanuar\" width=\"212\" height=\"300\" srcset=\"https:\/\/muraste.ee\/vana\/wp-content\/uploads\/2016\/03\/uusjaanuar-212x300.jpg 212w, https:\/\/muraste.ee\/vana\/wp-content\/uploads\/2016\/03\/uusjaanuar-624x884.jpg 624w, https:\/\/muraste.ee\/vana\/wp-content\/uploads\/2016\/03\/uusjaanuar.jpg 678w\" sizes=\"(max-width: 212px) 100vw, 212px\" \/><\/a><\/strong><\/span><strong style=\"color: #008000;\"><br \/>\n<\/strong>kl 18 KO, <strong>Kodut\u00fctarde koondus. <\/strong>Harju ringkonna noorteorganisatsioonide tegevusi kajastab\u00a0FB: \u00a0<a id=\"m_998529311042407443LPlnk688939\" class=\"m_998529311042407443OWAAutoLink\" href=\"https:\/\/www.facebook.com\/groups\/147218655336689\/\" target=\"_blank\" data-saferedirecturl=\"https:\/\/www.google.com\/url?hl=et&amp;q=https:\/\/www.facebook.com\/groups\/147218655336689\/&amp;source=gmail&amp;ust=1480361298261000&amp;usg=AFQjCNHwMtyCpTvhTxfFDCfrWCVfp3xRwg\">https:\/\/www.facebook.com\/<wbr \/>groups\/147218655336689\/<\/a><br \/>\nLisainfo Silva Kiili,\u00a0silvakiili@hotmail.com, 5135882<br \/>\n<span style=\"color: #000000;\">kl 18 KL, <strong>Naiskodukaitse Harku jaoskonna koosolek<\/strong><\/span><strong style=\"color: #008000;\"><br \/>\n<\/strong>kl 19 \u00a0<strong>Talisuplus Tilgu sadamas. <\/strong>Rohkem infot FB\u00a0grupp Taliujumine Tilgus<br \/>\nkl 20 PL, <strong>Zumba fitness \u2013 tantsuline treening <\/strong>(loe lisa facebook.com\/maiuv\u00e4li)<\/p>\n<p style=\"text-align: justify;\"><span style=\"color: #ff0000;\"><strong>Reede, 6. jaanuar<\/strong><\/span><br \/>\nkl 18 \u00a0<strong><span style=\"color: #ff0000;\">L\u00e4hme k\u00fclla!<\/span><\/strong> Kandleansambel LiULi kontsert &#8220;Aastaaruanne&#8221; Tabasalus, restoranis Seller .<\/p>\n<p><a href=\"https:\/\/muraste.ee\/vana\/wp-content\/uploads\/2016\/03\/aastaaruanne-sinine.jpg\" rel=\"attachment wp-att-3020\"><img decoding=\"async\" loading=\"lazy\" class=\"alignnone size-full wp-image-3020\" src=\"https:\/\/muraste.ee\/vana\/wp-content\/uploads\/2016\/03\/aastaaruanne-sinine.jpg\" alt=\"aastaaruanne-sinine\" width=\"720\" height=\"1040\" srcset=\"https:\/\/muraste.ee\/vana\/wp-content\/uploads\/2016\/03\/aastaaruanne-sinine.jpg 720w, https:\/\/muraste.ee\/vana\/wp-content\/uploads\/2016\/03\/aastaaruanne-sinine-208x300.jpg 208w, https:\/\/muraste.ee\/vana\/wp-content\/uploads\/2016\/03\/aastaaruanne-sinine-709x1024.jpg 709w, https:\/\/muraste.ee\/vana\/wp-content\/uploads\/2016\/03\/aastaaruanne-sinine-624x901.jpg 624w\" sizes=\"(max-width: 720px) 100vw, 720px\" \/><\/a><\/p>\n<p><a href=\"https:\/\/muraste.ee\/vana\/wp-content\/uploads\/2016\/03\/helen-tants.jpg\" rel=\"attachment wp-att-3044\"><img decoding=\"async\" loading=\"lazy\" class=\"alignnone size-full wp-image-3044\" src=\"https:\/\/muraste.ee\/vana\/wp-content\/uploads\/2016\/03\/helen-tants.jpg\" alt=\"helen-tants\" width=\"452\" height=\"960\" srcset=\"https:\/\/muraste.ee\/vana\/wp-content\/uploads\/2016\/03\/helen-tants.jpg 452w, https:\/\/muraste.ee\/vana\/wp-content\/uploads\/2016\/03\/helen-tants-141x300.jpg 141w\" sizes=\"(max-width: 452px) 100vw, 452px\" \/><\/a><\/p>\n<h3 class=\"_1mf _1mj\" data-offset-key=\"cki46-0-0\"><span style=\"color: #ff0000;\"><strong>\u00dcLESKUTSE!<\/strong> <\/span>Kuidas t\u00e4histame Eesti Vabariigi 100 . s\u00fcnnip\u00e4eva oma koduk\u00fclas? Loe rohkem <span style=\"color: #ff0000;\"><strong><a style=\"color: #ff0000;\" href=\"https:\/\/muraste.ee\/vana\/?p=3085\" target=\"_blank\">siit<\/a>!<\/strong><\/span><\/h3>\n<div class=\"_1mf _1mj\" data-offset-key=\"cki46-0-0\"><\/div>\n<div class=\"_1mf _1mj\" data-offset-key=\"cki46-0-0\"><\/div>\n<p><span style=\"color: #ff6600;\"><strong>T\u00c4HELEPANU!\u00a0<\/strong><\/span>\u00d5ues on pime. Ennast n\u00e4htavaks teha on lihtne ning selleks on palju v\u00f5imalusi. Kui Sul ei ole veel helkurit, k\u00fcsi see omale Muraste kogukonnakeskusest v\u00f5i Harku vallamajast. Anname oma panuse Sinu silmapaistvaks tegemisele sest teame, et Sinust hoolitakse ja Sind oodatakse koju. Turvaliselt.<\/p>\n<p><a href=\"https:\/\/muraste.ee\/vana\/wp-content\/uploads\/2016\/03\/helkur.jpg\" rel=\"attachment wp-att-2584\"><img decoding=\"async\" loading=\"lazy\" class=\"wp-image-2584 alignleft\" src=\"https:\/\/muraste.ee\/vana\/wp-content\/uploads\/2016\/03\/helkur-1024x576.jpg\" alt=\"helkur\" width=\"284\" height=\"160\" srcset=\"https:\/\/muraste.ee\/vana\/wp-content\/uploads\/2016\/03\/helkur-1024x576.jpg 1024w, https:\/\/muraste.ee\/vana\/wp-content\/uploads\/2016\/03\/helkur-300x169.jpg 300w, https:\/\/muraste.ee\/vana\/wp-content\/uploads\/2016\/03\/helkur-768x432.jpg 768w, https:\/\/muraste.ee\/vana\/wp-content\/uploads\/2016\/03\/helkur-624x351.jpg 624w, https:\/\/muraste.ee\/vana\/wp-content\/uploads\/2016\/03\/helkur-128x72.jpg 128w, https:\/\/muraste.ee\/vana\/wp-content\/uploads\/2016\/03\/helkur.jpg 1280w\" sizes=\"(max-width: 284px) 100vw, 284px\" \/><\/a><\/p>\n<p><strong>Teadmiseks: <\/strong>Muraste igan\u00e4dalase e-infokirjaga liitumiseks saada sellekohane teade muraste@muraste.ee<br \/>\n<strong>Muraste kogukonnakeskus<\/strong><span style=\"color: #ff9900;\"> <span style=\"color: #000000;\">(<\/span><\/span>Lee tee 9, Muraste) avatud E-N 10-18, R 10-16.<br \/>\nT\u00e4psustused ja info: kogukonnakeskus@muraste.ee;<br \/>\n5253128 (Aule Kikas).<\/p>\n","protected":false},"excerpt":{"rendered":"<p>2017. AASTA 1. N\u00c4DAL \u00a0MURASTES* *AT- koolimaja aatrium, SP- spordihoone; KO-kogukonnakeskuse ruum; \u00a0 KL- klassiruum; PL-Pangapealse lasteaed, PLF- Pangapealse lasteaia filiaali ruum Muraste koolimajas\u00a0 Esmasp\u00e4ev, \u00a02. jaanuar kl 17.15 KL, Hispaania keele kursus algajatele\u00a0&#8211;\u00a0Curso de espa\u00f1ol, Juhendab Hannes Saarmets. kl 19 Lihtsalt liikuma!\u00a0Muraste liikumispisikud annavad teada:\u00a0Muraste Liikumisklubi soovib meeleolukat aastavahetust ja ootab sportlik-pidulikule \u00fchisliikumisele &#8220;Sport<a class=\"moretag\" href=\"https:\/\/muraste.ee\/vana\/?page_id=3110\"><br \/>&#8230;Loe edasi<\/a><\/p>\n","protected":false},"author":2,"featured_media":0,"parent":0,"menu_order":0,"comment_status":"closed","ping_status":"closed","template":"","meta":{"_bbp_topic_count":0,"_bbp_reply_count":0,"_bbp_total_topic_count":0,"_bbp_total_reply_count":0,"_bbp_voice_count":0,"_bbp_anonymous_reply_count":0,"_bbp_topic_count_hidden":0,"_bbp_reply_count_hidden":0,"_bbp_forum_subforum_count":0,"_mc_calendar":[]},"_links":{"self":[{"href":"https:\/\/muraste.ee\/vana\/index.php?rest_route=\/wp\/v2\/pages\/3110"}],"collection":[{"href":"https:\/\/muraste.ee\/vana\/index.php?rest_route=\/wp\/v2\/pages"}],"about":[{"href":"https:\/\/muraste.ee\/vana\/index.php?rest_route=\/wp\/v2\/types\/page"}],"author":[{"embeddable":true,"href":"https:\/\/muraste.ee\/vana\/index.php?rest_route=\/wp\/v2\/users\/2"}],"replies":[{"embeddable":true,"href":"https:\/\/muraste.ee\/vana\/index.php?rest_route=%2Fwp%2Fv2%2Fcomments&post=3110"}],"version-history":[{"count":1,"href":"https:\/\/muraste.ee\/vana\/index.php?rest_route=\/wp\/v2\/pages\/3110\/revisions"}],"predecessor-version":[{"id":3112,"href":"https:\/\/muraste.ee\/vana\/index.php?rest_route=\/wp\/v2\/pages\/3110\/revisions\/3112"}],"wp:attachment":[{"href":"https:\/\/muraste.ee\/vana\/index.php?rest_route=%2Fwp%2Fv2%2Fmedia&parent=3110"}],"curies":[{"name":"wp","href":"https:\/\/api.w.org\/{rel}","templated":true}]}}