{"id":3230,"date":"2017-01-29T21:30:35","date_gmt":"2017-01-29T19:30:35","guid":{"rendered":"https:\/\/muraste.ee\/vana\/?page_id=3230"},"modified":"2017-01-29T21:30:35","modified_gmt":"2017-01-29T19:30:35","slug":"nadal-4-2","status":"publish","type":"page","link":"https:\/\/muraste.ee\/vana\/?page_id=3230","title":{"rendered":"N\u00e4dal 4"},"content":{"rendered":"<h2 style=\"text-align: center;\"><span style=\"color: #993366;\"><strong><span style=\"color: #99cc00;\">N\u00c4DAL \u00a04 MURASTES<\/span>*<\/strong><\/span><\/h2>\n<h5 style=\"text-align: center;\"><strong><span style=\"color: #999999;\"><em>*AT- koolimaja aatrium, SP- spordihoone; KO-kogukonnakeskuse ruum; \u00a0 KL- klassiruum; PL-Pangapealse lasteaed, PLF- Pangapealse lasteaia filiaali ruum Muraste koolimajas\u00a0<a href=\"https:\/\/muraste.ee\/vana\/wp-content\/uploads\/2016\/03\/naissaarkivi.jpg\" rel=\"attachment wp-att-2540\"><br \/>\n<\/a><\/em><\/span><\/strong><\/h5>\n<p style=\"text-align: center;\"><img decoding=\"async\" loading=\"lazy\" class=\"alignnone size-medium wp-image-3188\" src=\"https:\/\/muraste.ee\/vana\/wp-content\/uploads\/2016\/03\/16196652_1434881619864125_2129199657_o-300x169.jpg\" alt=\"16196652_1434881619864125_2129199657_o\" width=\"300\" height=\"169\" srcset=\"https:\/\/muraste.ee\/vana\/wp-content\/uploads\/2016\/03\/16196652_1434881619864125_2129199657_o-300x169.jpg 300w, https:\/\/muraste.ee\/vana\/wp-content\/uploads\/2016\/03\/16196652_1434881619864125_2129199657_o-768x432.jpg 768w, https:\/\/muraste.ee\/vana\/wp-content\/uploads\/2016\/03\/16196652_1434881619864125_2129199657_o-1024x576.jpg 1024w, https:\/\/muraste.ee\/vana\/wp-content\/uploads\/2016\/03\/16196652_1434881619864125_2129199657_o-624x351.jpg 624w, https:\/\/muraste.ee\/vana\/wp-content\/uploads\/2016\/03\/16196652_1434881619864125_2129199657_o-128x72.jpg 128w, https:\/\/muraste.ee\/vana\/wp-content\/uploads\/2016\/03\/16196652_1434881619864125_2129199657_o.jpg 2048w\" sizes=\"(max-width: 300px) 100vw, 300px\" \/><br \/>\n<em>Kevad talves ja s\u00fcdames.<\/em><\/p>\n<p><span style=\"color: #ff6600;\"><span style=\"color: #99cc00;\"><span style=\"color: #008000;\"><strong><span style=\"color: #99cc00;\">Esmasp\u00e4ev, \u00a023. jaanuar<\/span><br \/>\n<\/strong><\/span><\/span><\/span>kl 14-15 AT, Tallinna Tantsuklubi &#8220;My Dance&#8221; <strong>showtants<\/strong>. \u00a0Igale liitujale klubi s\u00e4rk tasuta. Rohkem infot www.mydance.ee<br \/>\nkl 15-16.30 SP, Judoklubi &#8220;Aitado&#8221;\u00a0<strong>Judo<\/strong> (7-9 a), Rohkem infot sensei Edward Murel, murel.edward@gmail.com<a href=\"https:\/\/muraste.ee\/vana\/wp-content\/uploads\/2016\/03\/zumba.jpg\" rel=\"attachment wp-att-3166\"><img decoding=\"async\" loading=\"lazy\" class=\"size-medium wp-image-3166 alignright\" src=\"https:\/\/muraste.ee\/vana\/wp-content\/uploads\/2016\/03\/zumba-212x300.jpg\" alt=\"zumba\" width=\"212\" height=\"300\" srcset=\"https:\/\/muraste.ee\/vana\/wp-content\/uploads\/2016\/03\/zumba-212x300.jpg 212w, https:\/\/muraste.ee\/vana\/wp-content\/uploads\/2016\/03\/zumba-624x884.jpg 624w, https:\/\/muraste.ee\/vana\/wp-content\/uploads\/2016\/03\/zumba.jpg 678w\" sizes=\"(max-width: 212px) 100vw, 212px\" \/><\/a><br \/>\nkl 15.30-18.30 KL, <strong>Eelkool<\/strong> (1.grupp). Juhendab Kristi Bauman. Info www.huviringid.ee<br \/>\nkl 16.30-18.30 SP, <strong>K\u00e4sipall<\/strong> (1-5 kl); Info HC Tallinn, www.hctallinn.ee<br \/>\nkl 17.30 KO, <strong>Kandleansambel<\/strong> <strong>LiULi<\/strong><br \/>\nkl 17.45 KL, <b><strong>Hispaania keele kursus algajatele\u00a0&#8211;\u00a0<\/strong><strong>Curso de espa\u00f1ol.\u00a0<\/strong><\/b><em><br \/>\n<\/em>Juhendab Hannes Saarmets.<br \/>\nkl 18 <strong><span style=\"color: #ff0000;\">UUS!\u00a0<\/span><a href=\"https:\/\/muraste.ee\/vana\/?page_id=113\">Harku valla vaba\u00fchenduste \u00fcmarlaua kokkusaamine<\/a> <\/strong>Kumna m\u00f5isas<br \/>\nkl 19 AT, <strong>Suurupi naiskoor Meretule\u00a0 <\/strong><br \/>\nkl 19.30 PLF,\u00a0<span style=\"color: #000000;\"><strong>Hatha Krija jooga, <\/strong><\/span>juhendab Gristel Pagi<br \/>\nkl 20 PL, <strong>Zumba fitness &#8211; tantsuline treening<br \/>\n<\/strong><\/p>\n<p><span style=\"color: #99cc00;\"><strong>Teisip\u00e4ev, \u00a024. jaanuar\u00a0<\/strong><\/span><br \/>\nkl 14.40 <strong>Fa Stuudio muusikaring<\/strong>. \u00a0Rohkem infot fastuudio@gmail.com v\u00f5i tel 5160031.<br \/>\nkl 15-16.30 <strong>Korvpall<\/strong> (1-5 klass); juhendab Chris Moore (Tabasalu Palliklubi). Info tabasalupk@rim.ee<br \/>\nkl 15 AT, <strong>V\u00f5istlustantsu teeningud algajatele lastele<\/strong> (info www.tantsumeka.ee, Matis Toome, tel 59190800)<br \/>\nkl 16.30-18.30 SP, <strong>K\u00e4sipall<\/strong> (1-5 kl); Info HC Tallinn, www.hctallinn.ee<br \/>\nkl 18 KL\u00a0<strong>Inglise keele kursus <\/strong><em>(algteadmisi omajatel on v\u00f5imalus liituda ka juba t\u00f6\u00f6tava grupiga).<\/em><strong>\u00a0<\/strong>K\u00fcsi lisa juhendajalt tel 56575575.<br \/>\nkl 18 KL,\u00a0<strong>Inglise keele vestlusring<\/strong> James Gill\u00b4i juhendamisel. K\u00f5ik inglise keelt praktiseerida soovijad on oodatud!<br \/>\nkl 19-20.30 SP, <strong>V\u00f5rkpall <\/strong><em>(naised\/mehed)- oodatud on k\u00f5ik v\u00f5rkpallihuvilised!;<a href=\"https:\/\/muraste.ee\/vana\/wp-content\/uploads\/2016\/03\/helen-tants.jpg\" rel=\"attachment wp-att-3044\"><img decoding=\"async\" loading=\"lazy\" class=\"wp-image-3044 size-medium alignright\" src=\"https:\/\/muraste.ee\/vana\/wp-content\/uploads\/2016\/03\/helen-tants-141x300.jpg\" alt=\"helen-tants\" width=\"141\" height=\"300\" srcset=\"https:\/\/muraste.ee\/vana\/wp-content\/uploads\/2016\/03\/helen-tants-141x300.jpg 141w, https:\/\/muraste.ee\/vana\/wp-content\/uploads\/2016\/03\/helen-tants.jpg 452w\" sizes=\"(max-width: 141px) 100vw, 141px\" \/><\/a><\/em><br \/>\nkl 18.30-19.45 AT<strong>, Seltskonnatantsu j\u00e4tkukursus (10. jaanuar &#8211; \u00a028. veebruar)<\/strong>. Kliki kuulutust!<br \/>\nkl 19.45-21.00 AT <strong>Seltskonnatantsude harjutustund<\/strong> &#8211; v\u00f5imalus \u00f5pitut kinnistada ja toredas seltskonnas jalga keerutada. Osalus 5k\u20ac\/in<br \/>\nkl 19 \u00a0<strong>Talisuplus Tilgu sadamas<\/strong>. Rohkem infot FB\u00a0grupp Taliujumine Tilgus<br \/>\n<span style=\"color: #008000;\"><strong><br \/>\n<span style=\"color: #99cc00;\">Kolmap\u00e4ev, \u00a025. jaanuar<\/span><\/strong><\/span><br \/>\nkl 14-15 AT, Tallinna Tantsuklubi &#8220;My Dance&#8221;<strong>showtants<\/strong>. 2x n\u00e4dalas\/30\u20ac kuu. Igale liitujale klubi s\u00e4rk tasuta. Rohkem infot www.mydance.ee<br \/>\nkl 15-16.00 SP, <strong>Jalgpall<\/strong>, (1-5 kl). Info: Harju Jalgpallikool<br \/>\nkl 15.30-18.30 KL, <strong>Eelkool<\/strong> (2.grupp). Juhendab Kristi Bauman. Info www.huviringid.ee<br \/>\nkl 16.00-17,30 \u00a0SP, Judoklubi &#8220;Aitado&#8221;\u00a0<strong>Judo<\/strong> (7-9 a), Rohkem infot sensei Edward Murel, murel.edward@gmail.com<br \/>\nkl 17 KL, <strong>Mudelismiring<\/strong> algajatele, juhendaja Andres Madissoo, info 5259021<br \/>\nkl 17.30 KO, Koosolek (Kaitseliit)<br \/>\nkl 18 KL, <strong>Mudelismiring<\/strong> edasij\u00f5udnutele,\u00a0juhendaja Andres Madissoo, info 5259021<br \/>\nkl 18.00 AT, <strong>Line-tants\u00a0<\/strong>INFO: <a href=\"mailto:kristin@huviline.ee\">kristin@huviline.ee<\/a> v\u00f5i tel 51923590. Osalustasu 5\u20ac\/kord.<br \/>\nkl 19-20.30 SP, <strong><span style=\"color: #000000;\">V\u00f5r<\/span>kpall <\/strong><em>(mehed);<\/em><br \/>\n<span style=\"color: #000000;\">kl\u00a019.30 AT,\u00a0<strong><span style=\"color: #993366;\">\u00a0<\/span>K<\/strong><\/span><strong>undalin-jooga.\u00a0<\/strong> \u00dche joogatunni tasu on 10 \u20ac; 10\u00a0korra kaart 90 \u20ac. Rohkem teavet algi.samm@mail.ee\u00a0, tel 5019402.<em> \u00d5petaja s\u00f5num selleks kuuks:\u00a0<em>Uut aastat alustame selja krijaga, mille abil tugevdad s\u00fcsteemselt oma k\u00f5hu- ja seljalihaseid. \u00a0Meditatsioonis keskendume s\u00fcdamekeskusele, olemaks nii m\u00f5tetes kui ka tegudes oma s\u00fcdame teel.\u00a0Iidne joogateadus aitab hoida keha terve ja meele virge, et saaksid v\u00f5imalikult h\u00e4sti oma s\u00fcgavama potentsiaaliga kontaktis olles minna vastu ees ootava aasta v\u00e4ljakutsetele ja v\u00f5imalustele. \u00a0Selga pane mugavad riided, kaasa v\u00f5ta joogamatt, veepudel\u00a0 ja soe pleed enda katmiseks\u00a0pika l\u00f5dvestuse ajal.<\/em><\/em><\/p>\n<p><span style=\"color: #008000;\"><strong><br \/>\n<span style=\"color: #99cc00;\">Neljap\u00e4ev, 26. jaanuar<\/span><\/strong><\/span><\/p>\n<p class=\"main-title\">kl 9.30-12 <strong>Kogukonnakeskus koolis<\/strong><b>:<\/b>\u00a0EL programmidest hommikukohvi k\u00f5rvale. Kultuurikatlas.<br \/>\n<span style=\"color: #ff6600;\"><span style=\"color: #339966;\"><span style=\"color: #000000;\">kl 15-16.00 SP, <strong>Jalgpall<\/strong>, (1-5 kl). Info: Harju Jalgpallikool<\/span><\/span><\/span><br \/>\nkl 15 AT, <strong>v\u00f5istlustantsu treeningud algajatele lastele<\/strong> (info www.tantsumeka.ee, Matis Toome, tel 59190800)<br \/>\nkl 16.30-18.30 SP, <strong>K\u00e4sipall<\/strong> (1-5 kl); Info HC Tallinn, www.hctallinn.ee<br \/>\nkl 17 \u00a0<strong>Skautide kogunemine. \u00a0<\/strong>Rohkem infot www.skaut.ee; sten.luik@gmail.com<br \/>\n<span style=\"color: #ff6600;\"><span style=\"color: #000000;\">kl 18.30 KL, <span style=\"color: #ff0000;\"><strong>UUS MURASTES!<\/strong> <\/span><strong><a href=\"http:\/\/figuurisobrad.ee\/muraste-grupp\" target=\"_blank\">Figuurs\u00f5brad<\/a>\u00a0<\/strong><em>(Mentor Marika Krooni avab r\u00fchma uksed juba kl 18)<\/em><a href=\"https:\/\/muraste.ee\/vana\/wp-content\/uploads\/2016\/03\/FS_550_245_kaotakaalu2017.jpg\" rel=\"attachment wp-att-3157\"><img decoding=\"async\" loading=\"lazy\" class=\"wp-image-3157 size-medium alignright\" src=\"https:\/\/muraste.ee\/vana\/wp-content\/uploads\/2016\/03\/FS_550_245_kaotakaalu2017-300x134.jpg\" alt=\"FS_550_245_kaotakaalu2017\" width=\"300\" height=\"134\" srcset=\"https:\/\/muraste.ee\/vana\/wp-content\/uploads\/2016\/03\/FS_550_245_kaotakaalu2017-300x134.jpg 300w, https:\/\/muraste.ee\/vana\/wp-content\/uploads\/2016\/03\/FS_550_245_kaotakaalu2017.jpg 550w\" sizes=\"(max-width: 300px) 100vw, 300px\" \/><\/a><br \/>\nkl 19 \u00a0<strong>Talisuplus Tilgu sadamas. <\/strong>Rohkem infot FB\u00a0grupp Taliujumine Tilgus<br \/>\nkl 20\u00a0PL,\u00a0<strong>Zumba fitness &#8211; tantsuline treening<\/strong><br \/>\n<\/span><\/span><\/p>\n<p><span style=\"color: #008000;\"><strong><span style=\"color: #99cc00;\">Reede, 27. jaanuar<\/span><br \/>\n<\/strong><span style=\"color: #000000;\">kl 13\u00a0<strong>Kogukonnakeskus koolis:<\/strong>\u00a0Eesti Filmi Instituudi infop\u00e4ev<\/span><strong><br \/>\n<\/strong><\/span>kl 15-16.30 SP,\u00a0<strong>Korvpall<\/strong> (1-5 klass); juhendab Chris Moore (Tabasalu Palliklubi). Info tabasalupk@rim.ee<br \/>\nkl 18.30 SP,<a href=\"https:\/\/muraste.ee\/vana\/wp-content\/uploads\/2016\/03\/Aikido_Pictogram.svg_.png\" rel=\"attachment wp-att-3204\"><img decoding=\"async\" loading=\"lazy\" class=\"size-medium wp-image-3204 alignright\" src=\"https:\/\/muraste.ee\/vana\/wp-content\/uploads\/2016\/03\/Aikido_Pictogram.svg_-300x179.png\" alt=\"Aikido_Pictogram.svg\" width=\"300\" height=\"179\" srcset=\"https:\/\/muraste.ee\/vana\/wp-content\/uploads\/2016\/03\/Aikido_Pictogram.svg_-300x179.png 300w, https:\/\/muraste.ee\/vana\/wp-content\/uploads\/2016\/03\/Aikido_Pictogram.svg_-768x458.png 768w, https:\/\/muraste.ee\/vana\/wp-content\/uploads\/2016\/03\/Aikido_Pictogram.svg_.png 1024w, https:\/\/muraste.ee\/vana\/wp-content\/uploads\/2016\/03\/Aikido_Pictogram.svg_-624x372.png 624w\" sizes=\"(max-width: 300px) 100vw, 300px\" \/><\/a> <strong><span style=\"color: #ff0000;\">UUS MURASTES!<\/span>\u00a0 \u00a0<\/strong>Muraste turvagrupp kutsub osalema kursusel:<strong><span style=\"color: #99cc00;\"> <a style=\"color: #99cc00;\" href=\"https:\/\/www.youtube.com\/watch?v=E32WMhokIIM&amp;feature=youtu.be\">Enesekaitse alused l\u00e4bi aikido<\/a>.<\/span>\u00a0\u00a0<\/strong>Tutvustav treening on k\u00f5igile huvilistele tasuta. Jalga pika s\u00e4\u00e4rega dressid, selga t-s\u00e4rk v\u00f5i kimono. Rohkem infot kogukonnakeskusest v\u00f5i Evar Ojasaarelt (eojasaar@gmail.com).<\/p>\n<p><span style=\"color: #99cc00;\"><strong>TEEME KOOS!<\/strong><\/span><\/p>\n<ul>\n<li style=\"text-align: justify;\">Kuidas t\u00e4histame <strong>Eesti Vabariigi 100. s\u00fcnnip\u00e4eva<\/strong> oma koduk\u00fclas? Loe rohkem <span style=\"color: #ff0000;\"><strong><a style=\"color: #ff0000;\" href=\"https:\/\/muraste.ee\/vana\/?p=3085\" target=\"_blank\">siit<\/a>!<a href=\"https:\/\/muraste.ee\/vana\/wp-content\/uploads\/2016\/03\/soome.jpg\" rel=\"attachment wp-att-3137\"><img decoding=\"async\" loading=\"lazy\" class=\"wp-image-3137 size-medium alignright\" src=\"https:\/\/muraste.ee\/vana\/wp-content\/uploads\/2016\/03\/soome-300x212.jpg\" alt=\"soome\" width=\"300\" height=\"212\" srcset=\"https:\/\/muraste.ee\/vana\/wp-content\/uploads\/2016\/03\/soome-300x212.jpg 300w, https:\/\/muraste.ee\/vana\/wp-content\/uploads\/2016\/03\/soome-768x542.jpg 768w, https:\/\/muraste.ee\/vana\/wp-content\/uploads\/2016\/03\/soome-624x441.jpg 624w, https:\/\/muraste.ee\/vana\/wp-content\/uploads\/2016\/03\/soome.jpg 960w\" sizes=\"(max-width: 300px) 100vw, 300px\" \/><\/a><\/strong><\/span><\/li>\n<\/ul>\n<ul>\n<li style=\"text-align: justify;\"><span style=\"color: #000000;\">Muraste koolimajas\u00a0saab n\u00e4ha Rahvusarhiivi <strong>n\u00e4itust &#8220;Tartu rahu<\/strong>!&#8221; Loe rohkem <span style=\"color: #ff0000;\"><strong><a style=\"color: #ff0000;\" href=\"https:\/\/muraste.ee\/vana\/?p=3120\">siit<\/a>!<\/strong><\/span><\/span><\/li>\n<\/ul>\n<ul>\n<li style=\"text-align: justify;\"><span style=\"color: #000000;\"><strong>L\u00e4hme koos v\u00e4ikesele reisile! <\/strong>Soome. <span style=\"color: #99cc00;\">Viimane broneerimine 25. jaanuaril<\/span>. Loe rohkem <span style=\"color: #ff0000;\"><strong><a style=\"color: #ff0000;\" href=\"https:\/\/muraste.ee\/vana\/?p=3117\">siit<\/a>!<br \/>\n<\/strong><\/span><\/span><\/li>\n<\/ul>\n<div class=\"_1mf _1mj\" data-offset-key=\"cki46-0-0\"><span style=\"color: #99cc00;\"><strong>\u00a0MURASTES TULEKUL!<a href=\"https:\/\/muraste.ee\/vana\/wp-content\/uploads\/2016\/03\/uus-kits-1.jpg\" rel=\"attachment wp-att-3181\"><img decoding=\"async\" loading=\"lazy\" class=\"wp-image-3181 size-medium alignright\" src=\"https:\/\/muraste.ee\/vana\/wp-content\/uploads\/2016\/03\/uus-kits-1-206x300.jpg\" alt=\"uus kits\" width=\"206\" height=\"300\" srcset=\"https:\/\/muraste.ee\/vana\/wp-content\/uploads\/2016\/03\/uus-kits-1-206x300.jpg 206w, https:\/\/muraste.ee\/vana\/wp-content\/uploads\/2016\/03\/uus-kits-1-624x910.jpg 624w, https:\/\/muraste.ee\/vana\/wp-content\/uploads\/2016\/03\/uus-kits-1.jpg 658w\" sizes=\"(max-width: 206px) 100vw, 206px\" \/><\/a><\/strong><\/span><\/div>\n<div class=\"_1mf _1mj\" data-offset-key=\"cki46-0-0\">\n<p><span style=\"color: #333399;\">3. veebruaril kell 19 filmi\u00f5htu <a style=\"color: #333399;\" href=\"https:\/\/www.youtube.com\/watch?v=y2YZ1X1OhD4\">&#8220;<span style=\"color: #99cc00;\"><strong>November<\/strong><\/span>&#8220;<\/a><br \/>\n10.veebruar kell 19 filmi\u00f5htu &#8220;<strong><a style=\"color: #333399;\" href=\"https:\/\/www.youtube.com\/watch?v=VAj-l1SIlhE\">Kuues kord<\/a><\/strong>&#8221;<br \/>\n17.veebruar kell 19 filmi\u00f5htu lastele &#8220;<strong><a style=\"color: #333399;\" href=\"https:\/\/www.youtube.com\/watch?v=bol7lxNPih4\">Kood M<\/a><\/strong>&#8220;<a style=\"color: #333399;\" href=\"https:\/\/www.youtube.com\/watch?v=y2YZ1X1OhD4\"><br \/>\n<\/a><\/span><span style=\"color: #99cc00;\"><span style=\"color: #333399;\">23. veebruaril <\/span><strong><span style=\"color: #333399;\">\u00f6\u00f6matk<br \/>\n<\/span><\/strong><span style=\"color: #333399;\">9. m\u00e4rtsil kontsert<\/span><strong><span style=\"color: #333399;\"> &#8211; Marek Sadam ja T\u00f5nu Laikre<br \/>\n<a href=\"https:\/\/muraste.ee\/vana\/wp-content\/uploads\/2016\/03\/16144524_10154113994237793_1422799936_n.jpg\" rel=\"attachment wp-att-3192\"><img decoding=\"async\" loading=\"lazy\" class=\"alignnone size-medium wp-image-3192\" src=\"https:\/\/muraste.ee\/vana\/wp-content\/uploads\/2016\/03\/16144524_10154113994237793_1422799936_n-300x200.jpg\" alt=\"16144524_10154113994237793_1422799936_n\" width=\"300\" height=\"200\" srcset=\"https:\/\/muraste.ee\/vana\/wp-content\/uploads\/2016\/03\/16144524_10154113994237793_1422799936_n-300x200.jpg 300w, https:\/\/muraste.ee\/vana\/wp-content\/uploads\/2016\/03\/16144524_10154113994237793_1422799936_n-768x512.jpg 768w, https:\/\/muraste.ee\/vana\/wp-content\/uploads\/2016\/03\/16144524_10154113994237793_1422799936_n-624x416.jpg 624w, https:\/\/muraste.ee\/vana\/wp-content\/uploads\/2016\/03\/16144524_10154113994237793_1422799936_n.jpg 960w\" sizes=\"(max-width: 300px) 100vw, 300px\" \/><\/a><\/span><\/strong><\/span><\/p>\n<p><strong><span style=\"color: #339966;\">V\u00c4\u00c4RT INFO!<\/span><\/strong><\/p>\n<div id=\"attachment_3206\" style=\"width: 310px\" class=\"wp-caption alignright\"><a href=\"https:\/\/muraste.ee\/vana\/wp-content\/uploads\/2016\/03\/\u0160koda_Octavia_I_RS.jpg\" rel=\"attachment wp-att-3206\"><img aria-describedby=\"caption-attachment-3206\" decoding=\"async\" loading=\"lazy\" class=\"size-medium wp-image-3206\" src=\"https:\/\/muraste.ee\/vana\/wp-content\/uploads\/2016\/03\/\u0160koda_Octavia_I_RS-300x200.jpg\" alt=\"\u0160koda Octavia I RS\" width=\"300\" height=\"200\" srcset=\"https:\/\/muraste.ee\/vana\/wp-content\/uploads\/2016\/03\/\u0160koda_Octavia_I_RS-300x200.jpg 300w, https:\/\/muraste.ee\/vana\/wp-content\/uploads\/2016\/03\/\u0160koda_Octavia_I_RS-768x512.jpg 768w, https:\/\/muraste.ee\/vana\/wp-content\/uploads\/2016\/03\/\u0160koda_Octavia_I_RS-1024x683.jpg 1024w, https:\/\/muraste.ee\/vana\/wp-content\/uploads\/2016\/03\/\u0160koda_Octavia_I_RS-624x416.jpg 624w, https:\/\/muraste.ee\/vana\/wp-content\/uploads\/2016\/03\/\u0160koda_Octavia_I_RS.jpg 1200w\" sizes=\"(max-width: 300px) 100vw, 300px\" \/><\/a><p id=\"caption-attachment-3206\" class=\"wp-caption-text\">\u0160koda Octavia (pilt on illustratiivne)<\/p><\/div>\n<p>Kui ootamatult on vaja autot, siis ka selline\u00a0teenus\u00a0on n\u00fc\u00fcd oma k\u00fclas olemas: rentida saab s\u00f5iduauto\u00a0\u0160koda Octavia; bensiin, manuaal, 6 k\u00e4iku.<\/p>\n<p>Lisad: istmesoojendused, el.aknad, el.peeglid, konditsioneer, 2x ISOFIX turvakinnitused tagaistmel<\/p>\n<p>Hind: 25\u20ac \/ 24h.\u00a0Tagatisraha 200\u20ac.\u00a0Auto asub Murastes<br \/>\nInfo tel. 53062612<br \/>\n<span style=\"color: #99cc00;\"><strong>R\u00d5\u00d5MSAT N\u00c4DALAT!<\/strong><\/span><\/p>\n<\/div>\n<p><a href=\"https:\/\/muraste.ee\/vana\/wp-content\/uploads\/2016\/03\/a-ok-smiley.png\" rel=\"attachment wp-att-3143\"><img decoding=\"async\" loading=\"lazy\" class=\"alignright wp-image-3143 \" src=\"https:\/\/muraste.ee\/vana\/wp-content\/uploads\/2016\/03\/a-ok-smiley-300x223.png\" alt=\"a-ok-smiley\" width=\"176\" height=\"131\" srcset=\"https:\/\/muraste.ee\/vana\/wp-content\/uploads\/2016\/03\/a-ok-smiley-300x223.png 300w, https:\/\/muraste.ee\/vana\/wp-content\/uploads\/2016\/03\/a-ok-smiley.png 350w\" sizes=\"(max-width: 176px) 100vw, 176px\" \/><\/a>Juku kirjutab kirjandit teemal <em>&#8220;Kust tulevad v\u00e4ikesed lapsed?&#8221;<\/em>. Katkestades kirjutamise, l\u00e4heb ta vanaema juurde: <em>&#8220;\u00dctle mulle vanaema, kust mina tulin?&#8221;<\/em><br \/>\n<em>&#8220;Porgandipeenra pealt leidsime sinu, Jukukene!&#8221;<\/em><br \/>\nJuku l\u00e4heb ema juurde : <em>&#8220;Ema, kust mina tulin?&#8221;<\/em><br \/>\n<em>&#8220;Kapsalehe alt leidsime su, Jukukene!&#8221;<\/em><br \/>\nJuku l\u00e4heb ja kirjutab kirjandit edasi. <em>&#8220;Juba mitmendat p\u00f5lve paljuneb meie suguv\u00f5sa vegetatiivselt, teadmata midagi normaalse suguelu r\u00f5\u00f5mudest!&#8221;<\/em><\/p>\n<p><span style=\"color: #99cc00;\"><strong><span style=\"color: #008000;\">T\u00c4HELEPANU!<\/span>\u00a0<\/strong><\/span>\u00d5ues on pime. Ennast n\u00e4htavaks teha on lihtne ning selleks on palju v\u00f5imalusi. Kui Sul ei ole veel helkurit, k\u00fcsi see omale Muraste kogukonnakeskusest v\u00f5i Harku vallamajast. Anname oma panuse Sinu silmapaistvaks tegemisele sest teame, et Sinust hoolitakse ja Sind oodatakse koju. Turvaliselt.<\/p>\n<p><a href=\"https:\/\/muraste.ee\/vana\/wp-content\/uploads\/2016\/03\/helkur.jpg\" rel=\"attachment wp-att-2584\"><img decoding=\"async\" loading=\"lazy\" class=\"wp-image-2584 alignleft\" src=\"https:\/\/muraste.ee\/vana\/wp-content\/uploads\/2016\/03\/helkur-1024x576.jpg\" alt=\"helkur\" width=\"284\" height=\"160\" srcset=\"https:\/\/muraste.ee\/vana\/wp-content\/uploads\/2016\/03\/helkur-1024x576.jpg 1024w, https:\/\/muraste.ee\/vana\/wp-content\/uploads\/2016\/03\/helkur-300x169.jpg 300w, https:\/\/muraste.ee\/vana\/wp-content\/uploads\/2016\/03\/helkur-768x432.jpg 768w, https:\/\/muraste.ee\/vana\/wp-content\/uploads\/2016\/03\/helkur-624x351.jpg 624w, https:\/\/muraste.ee\/vana\/wp-content\/uploads\/2016\/03\/helkur-128x72.jpg 128w, https:\/\/muraste.ee\/vana\/wp-content\/uploads\/2016\/03\/helkur.jpg 1280w\" sizes=\"(max-width: 284px) 100vw, 284px\" \/><\/a><\/p>\n<p><strong>Teadmiseks: <\/strong>Muraste igan\u00e4dalase e-infokirjaga liitumiseks saada sellekohane teade muraste@muraste.ee<br \/>\n<strong>Muraste kogukonnakeskus<\/strong><span style=\"color: #ff9900;\"><br \/>\n<span style=\"color: #000000;\">(<\/span><\/span>Lee tee 9, Muraste) avatud E-N 10-18, R 10-16.<br \/>\nT\u00e4psustused ja info: kogukonnakeskus@muraste.ee;<br \/>\n5253128 (Aule Kikas).<\/p>\n","protected":false},"excerpt":{"rendered":"<p>N\u00c4DAL \u00a04 MURASTES* *AT- koolimaja aatrium, SP- spordihoone; KO-kogukonnakeskuse ruum; \u00a0 KL- klassiruum; PL-Pangapealse lasteaed, PLF- Pangapealse lasteaia filiaali ruum Muraste koolimajas\u00a0 Kevad talves ja s\u00fcdames. Esmasp\u00e4ev, \u00a023. jaanuar kl 14-15 AT, Tallinna Tantsuklubi &#8220;My Dance&#8221; showtants. \u00a0Igale liitujale klubi s\u00e4rk tasuta. Rohkem infot www.mydance.ee kl 15-16.30 SP, Judoklubi &#8220;Aitado&#8221;\u00a0Judo (7-9 a), Rohkem infot sensei<a class=\"moretag\" href=\"https:\/\/muraste.ee\/vana\/?page_id=3230\"><br \/>&#8230;Loe edasi<\/a><\/p>\n","protected":false},"author":2,"featured_media":0,"parent":0,"menu_order":0,"comment_status":"closed","ping_status":"closed","template":"","meta":{"_bbp_topic_count":0,"_bbp_reply_count":0,"_bbp_total_topic_count":0,"_bbp_total_reply_count":0,"_bbp_voice_count":0,"_bbp_anonymous_reply_count":0,"_bbp_topic_count_hidden":0,"_bbp_reply_count_hidden":0,"_bbp_forum_subforum_count":0,"_mc_calendar":[]},"_links":{"self":[{"href":"https:\/\/muraste.ee\/vana\/index.php?rest_route=\/wp\/v2\/pages\/3230"}],"collection":[{"href":"https:\/\/muraste.ee\/vana\/index.php?rest_route=\/wp\/v2\/pages"}],"about":[{"href":"https:\/\/muraste.ee\/vana\/index.php?rest_route=\/wp\/v2\/types\/page"}],"author":[{"embeddable":true,"href":"https:\/\/muraste.ee\/vana\/index.php?rest_route=\/wp\/v2\/users\/2"}],"replies":[{"embeddable":true,"href":"https:\/\/muraste.ee\/vana\/index.php?rest_route=%2Fwp%2Fv2%2Fcomments&post=3230"}],"version-history":[{"count":1,"href":"https:\/\/muraste.ee\/vana\/index.php?rest_route=\/wp\/v2\/pages\/3230\/revisions"}],"predecessor-version":[{"id":3232,"href":"https:\/\/muraste.ee\/vana\/index.php?rest_route=\/wp\/v2\/pages\/3230\/revisions\/3232"}],"wp:attachment":[{"href":"https:\/\/muraste.ee\/vana\/index.php?rest_route=%2Fwp%2Fv2%2Fmedia&parent=3230"}],"curies":[{"name":"wp","href":"https:\/\/api.w.org\/{rel}","templated":true}]}}