{"id":3327,"date":"2017-02-20T09:11:00","date_gmt":"2017-02-20T07:11:00","guid":{"rendered":"https:\/\/muraste.ee\/vana\/?page_id=3327"},"modified":"2017-02-20T09:11:00","modified_gmt":"2017-02-20T07:11:00","slug":"nadal-7-2","status":"publish","type":"page","link":"https:\/\/muraste.ee\/vana\/?page_id=3327","title":{"rendered":"N\u00e4dal 7"},"content":{"rendered":"<h2 style=\"text-align: center;\"><span style=\"color: #ff00ff;\"><strong>N\u00c4DAL \u00a07 MURASTES*<\/strong><\/span><\/h2>\n<h5 style=\"text-align: center;\"><strong><span style=\"color: #999999;\"><em>*AT- koolimaja aatrium, SP- spordihoone; KO-kogukonnakeskuse ruum; \u00a0 KL- klassiruum; PL-Pangapealse lasteaed, PLF- Pangapealse lasteaia filiaali ruum Muraste koolimajas\u00a0<a href=\"https:\/\/muraste.ee\/vana\/wp-content\/uploads\/2016\/03\/naissaarkivi.jpg\" rel=\"attachment wp-att-2540\"><br \/>\n<\/a><\/em><\/span><\/strong><\/h5>\n<p style=\"text-align: center;\"><a href=\"https:\/\/muraste.ee\/vana\/wp-content\/uploads\/2016\/03\/uisk.jpg\" rel=\"attachment wp-att-3260\"><img decoding=\"async\" loading=\"lazy\" class=\"wp-image-3288 size-medium aligncenter\" src=\"https:\/\/muraste.ee\/vana\/wp-content\/uploads\/2016\/03\/uisk-300x200.jpg\" alt=\"\" width=\"300\" height=\"200\" srcset=\"https:\/\/muraste.ee\/vana\/wp-content\/uploads\/2016\/03\/uisk-300x200.jpg 300w, https:\/\/muraste.ee\/vana\/wp-content\/uploads\/2016\/03\/uisk-768x512.jpg 768w, https:\/\/muraste.ee\/vana\/wp-content\/uploads\/2016\/03\/uisk-624x416.jpg 624w, https:\/\/muraste.ee\/vana\/wp-content\/uploads\/2016\/03\/uisk.jpg 960w\" sizes=\"(max-width: 300px) 100vw, 300px\" \/><\/a><strong>Aeg uisutada!<\/strong>\u00a0 (<em>Pilt FreeGreatPicture.com)<\/em><\/p>\n<p><span style=\"color: #ff6600;\"><span style=\"color: #99cc00;\"><span style=\"color: #008000;\"><strong><span style=\"color: #808000;\"><span style=\"color: #ff00ff;\">Esmasp\u00e4ev, \u00a013.\u00a0veebruar<\/span><a href=\"https:\/\/muraste.ee\/vana\/wp-content\/uploads\/2016\/03\/uisuS\u00d5BRA\u00f5htu-13.02.17.jpg\" rel=\"attachment wp-att-3287\"><img decoding=\"async\" loading=\"lazy\" class=\"size-medium wp-image-3287 alignright\" src=\"https:\/\/muraste.ee\/vana\/wp-content\/uploads\/2016\/03\/uisuS\u00d5BRA\u00f5htu-13.02.17-208x300.jpg\" alt=\"uisuS\u00d5BRA\u00f5htu 13.02.17\" width=\"208\" height=\"300\" srcset=\"https:\/\/muraste.ee\/vana\/wp-content\/uploads\/2016\/03\/uisuS\u00d5BRA\u00f5htu-13.02.17-208x300.jpg 208w, https:\/\/muraste.ee\/vana\/wp-content\/uploads\/2016\/03\/uisuS\u00d5BRA\u00f5htu-13.02.17-709x1024.jpg 709w, https:\/\/muraste.ee\/vana\/wp-content\/uploads\/2016\/03\/uisuS\u00d5BRA\u00f5htu-13.02.17-624x901.jpg 624w, https:\/\/muraste.ee\/vana\/wp-content\/uploads\/2016\/03\/uisuS\u00d5BRA\u00f5htu-13.02.17.jpg 720w\" sizes=\"(max-width: 208px) 100vw, 208px\" \/><\/a><\/span><br \/>\n<\/strong><\/span><\/span><\/span>kl 14-15 AT, Tallinna Tantsuklubi &#8220;My Dance&#8221; <strong>showtants<\/strong>. \u00a0Igale liitujale klubi s\u00e4rk tasuta. Rohkem infot www.mydance.ee<br \/>\nkl 15-16.30 SP, Judoklubi &#8220;Aitado&#8221;\u00a0<strong>Judo<\/strong> (7-9 a), Rohkem infot sensei Edward Murel, murel.edward@gmail.com<br \/>\nkl 15.30-18.30 KL, <strong>Eelkool<\/strong> (1.grupp). Juhendab Kristi Bauman. Info www.huviringid.ee<br \/>\nkl 16.30-18.30 SP, <strong>K\u00e4sipall<\/strong> (1-5 kl); Info HC Tallinn, www.hctallinn.ee<br \/>\nkl 17.30 KO, <strong>Kandleansambel<\/strong> <strong>LiULi <\/strong><em>(\u00fcle n\u00e4dala)<\/em><br \/>\nkl 17.45 KL, <b><strong>Hispaania keele kursus algajatele\u00a0&#8211;\u00a0<\/strong><strong>Curso de espa\u00f1ol.\u00a0<\/strong><\/b><em><br \/>\n<\/em>Juhendab Hannes Saarmets.<br \/>\nkl 18 &#8211; <strong><span style=\"color: #ff0000;\">UUS!<\/span> <\/strong>Muraste Liikumisklubi kutsub osalema: <strong>Uisus\u00f5prade \u00f5htu<\/strong> pealinnas Harju t\u00e4nava uisuplatsil.<br \/>\n<a href=\"https:\/\/muraste.ee\/vana\/wp-content\/uploads\/2016\/03\/zumba.jpg\" rel=\"attachment wp-att-3166\"><img decoding=\"async\" loading=\"lazy\" class=\"size-medium wp-image-3166 alignleft\" src=\"https:\/\/muraste.ee\/vana\/wp-content\/uploads\/2016\/03\/zumba-212x300.jpg\" alt=\"zumba\" width=\"212\" height=\"300\" srcset=\"https:\/\/muraste.ee\/vana\/wp-content\/uploads\/2016\/03\/zumba-212x300.jpg 212w, https:\/\/muraste.ee\/vana\/wp-content\/uploads\/2016\/03\/zumba-624x884.jpg 624w, https:\/\/muraste.ee\/vana\/wp-content\/uploads\/2016\/03\/zumba.jpg 678w\" sizes=\"(max-width: 212px) 100vw, 212px\" \/><\/a>kl 19 AT, <strong>Suurupi naiskoor Meretule<br \/>\n<\/strong>kl 19.00 PLF,\u00a0<span style=\"color: #000000;\"><strong>Hatha Krija jooga, <\/strong><\/span>juhendab Gristel Pagi<br \/>\nkl 20 PL, <strong>Zumba fitness &#8211; tantsuline treening<br \/>\n<\/strong><\/p>\n<p><span style=\"color: #ff0000;\"><strong>S\u00d5BRAP\u00c4EV, 14. veebruar\u00a0<a href=\"https:\/\/muraste.ee\/vana\/wp-content\/uploads\/2016\/03\/syda.jpg\" rel=\"attachment wp-att-3300\"><img decoding=\"async\" loading=\"lazy\" class=\"size-thumbnail wp-image-3300 alignright\" src=\"https:\/\/muraste.ee\/vana\/wp-content\/uploads\/2016\/03\/syda-150x150.jpg\" alt=\"syda\" width=\"150\" height=\"150\" \/><\/a><\/strong><\/span><br \/>\nkl 14.40 <strong>Fa Stuudio muusikaring<\/strong>. \u00a0Rohkem infot fastuudio@gmail.com v\u00f5i tel 5160031.<br \/>\nkl 15-16.30 <strong>Korvpall<\/strong> (1-5 klass); juhendab Chris Moore (Tabasalu Palliklubi). Info tabasalupk@rim.ee<br \/>\nkl 15 AT, <strong>V\u00f5istlustantsu teeningud algajatele lastele<\/strong> (info www.tantsumeka.ee, Matis Toome, tel 59190800)<br \/>\nkl 16.30-18.30 SP, <strong>K\u00e4sipall<\/strong> (1-5 kl); Info HC Tallinn, www.hctallinn.ee<br \/>\nkl 17-18 AT, Pangapealse lasteaia s\u00f5brap\u00e4evakontsert.<br \/>\nkl 18 KL\u00a0<strong>Inglise keele kursus <\/strong><em>(algteadmisi omajatel on v\u00f5imalus liituda ka juba t\u00f6\u00f6tava grupiga).<\/em><strong>\u00a0<\/strong>K\u00fcsi lisa juhendajalt tel 56575575.<br \/>\nkl 18 KL,\u00a0<strong>Inglise keele vestlusring<\/strong> James Gill\u00b4i juhendamisel. K\u00f5ik inglise keelt praktiseerida soovijad on oodatud!<br \/>\nkl 19-20.30 SP, <strong>V\u00f5rkpall <\/strong><em>(naised\/mehed)- oodatud on k\u00f5ik v\u00f5rkpallihuvilised!;<a href=\"https:\/\/muraste.ee\/vana\/wp-content\/uploads\/2016\/03\/helen-tants.jpg\" rel=\"attachment wp-att-3044\"><img decoding=\"async\" loading=\"lazy\" class=\"wp-image-3044 size-medium alignright\" src=\"https:\/\/muraste.ee\/vana\/wp-content\/uploads\/2016\/03\/helen-tants-141x300.jpg\" alt=\"helen-tants\" width=\"141\" height=\"300\" srcset=\"https:\/\/muraste.ee\/vana\/wp-content\/uploads\/2016\/03\/helen-tants-141x300.jpg 141w, https:\/\/muraste.ee\/vana\/wp-content\/uploads\/2016\/03\/helen-tants.jpg 452w\" sizes=\"(max-width: 141px) 100vw, 141px\" \/><\/a><\/em><br \/>\nkl 18.30-19.45 AT<strong>, Seltskonnatantsu j\u00e4tkukursus (10. jaanuar &#8211; \u00a028. veebruar)<\/strong>. Kliki kuulutust!<br \/>\nkl 19.45-21.00 AT <strong>Seltskonnatantsude harjutustund<\/strong> &#8211; v\u00f5imalus \u00f5pitut kinnistada ja toredas seltskonnas jalga keerutada. Osalus 5k\u20ac\/in<br \/>\nkl 19 \u00a0<strong>Talisuplus Tilgu sadamas<\/strong>. Rohkem infot FB\u00a0grupp Taliujumine Tilgus<br \/>\n<span style=\"color: #008000;\"><strong><br \/>\n<span style=\"color: #ff00ff;\">Kolmap\u00e4ev, \u00a015. veebruar<\/span><\/strong><\/span><br \/>\nkl 14-15 AT, Tallinna Tantsuklubi &#8220;My Dance&#8221;<strong>showtants<\/strong>. 2x n\u00e4dalas\/30\u20ac kuu. Igale liitujale klubi s\u00e4rk tasuta. Rohkem infot www.mydance.ee<br \/>\nkl 15-16.00 SP, <strong>Jalgpall<\/strong>, (1-5 kl). Info: Harju Jalgpallikool<br \/>\nkl 15.30-18.30 KL, <strong>Eelkool<\/strong> (2.grupp). Juhendab Kristi Bauman. Info www.huviringid.ee<br \/>\nkl 16.00-17,30 \u00a0SP, Judoklubi &#8220;Aitado&#8221;\u00a0<strong>Judo<\/strong> (7-9 a), Rohkem infot sensei Edward Murel, murel.edward@gmail.com<br \/>\nkl 17 KL, <strong>Mudelismiring<\/strong> algajatele, juhendaja Andres Madissoo, info 5259021<br \/>\nkl 18 KL, <strong>Mudelismiring<\/strong> edasij\u00f5udnutele,\u00a0juhendaja Andres Madissoo, info 5259021<br \/>\nkl 18.00 AT, <strong>Line-tants\u00a0<\/strong>INFO: <a href=\"mailto:kristin@huviline.ee\">kristin@huviline.ee<\/a> v\u00f5i tel 51923590. Osalustasu 5\u20ac\/kord.<br \/>\nkl 19-20.30 SP, <strong><span style=\"color: #000000;\">V\u00f5r<\/span>kpall <\/strong><em>(mehed); <span style=\"color: #ff0000;\"><strong>NB! MEHED, TULGE K\u00d5IK PALLI M\u00c4NGIMA &#8211; v\u00f5rguplats ootab!<\/strong><\/span><\/em><br \/>\n<span style=\"color: #000000;\">kl\u00a019.30 AT,\u00a0<strong><span style=\"color: #993366;\">\u00a0<\/span>K<\/strong><\/span><strong>undalin-jooga.\u00a0<\/strong> \u00dche joogatunni tasu on 10 \u20ac; 10\u00a0korra kaart 90 \u20ac. Rohkem teavet algi.samm@mail.ee\u00a0, tel 5019402.<em> Kundalini jooga on iidne, inimkogemusel p\u00f5hinev terviklik ja praktiline joogateaduste s\u00fcsteem, mis sobib igale inimesele kaasaegses \u00fchiskonnas. \u00d5petaja s\u00f5num selleks kuuks:\u00a0<em> veebruaris praktiseerime krijat kopsudele ja vereringele. Antud krija on suurep\u00e4rane ka algajatele, kes soovivad \u00f5ppida mediteerimist.<br \/>\n<\/em><\/em><span style=\"color: #008000;\"><strong><br \/>\n<span style=\"color: #ff6600;\"><span style=\"color: #ff00ff;\">Neljap\u00e4ev, 16. veebruar<\/span><br \/>\n<\/span><\/strong><\/span><span style=\"color: #ff6600;\"><span style=\"color: #339966;\"><span style=\"color: #000000;\">kl 15-16.00 SP, <strong>Jalgpall<\/strong>, (1-5 kl). Info: Harju Jalgpallikool<\/span><\/span><\/span><br \/>\nkl 15 AT, <strong>v\u00f5istlustantsu treeningud algajatele lastele<\/strong> (info www.tantsumeka.ee, Matis Toome, tel 59190800)<br \/>\nkl 16.30-18.30 SP, <strong>K\u00e4sipall<\/strong> (1-5 kl); Info HC Tallinn, www.hctallinn.ee<br \/>\nkl 16 <span style=\"color: #ff0000;\"><strong>UUS ALGUSAEG!<\/strong><\/span>\u00a0\u00a0<strong>Skautide kogunemine. \u00a0<\/strong>Rohkem infot www.skaut.ee; sten.luik@gmail.com<br \/>\nkl 18 \u00a0KO, \u00a0<strong><span style=\"color: #ff0000;\">UUS!<\/span>\u00a0Harku valla ATH laste vanemate tugir\u00fchm.<\/strong> Oodatud on k\u00f5ik endised ja uued lapsevanemad \u2013 koos on kergem.<br \/>\n<span style=\"color: #ff6600;\"><span style=\"color: #000000;\">kl 18.30,\u00a0<strong><a href=\"http:\/\/figuurisobrad.ee\/muraste-grupp\" target=\"_blank\">Figuurs\u00f5brad<\/a>\u00a0<\/strong><i>Grupp toimub vaid eelregistreerimisega tel 55661938 v\u00f5i\u00a0marika.krooni@gmail.com.<\/i><a href=\"https:\/\/muraste.ee\/vana\/wp-content\/uploads\/2016\/03\/FS_550_245_kaotakaalu2017.jpg\" rel=\"attachment wp-att-3157\"><img decoding=\"async\" loading=\"lazy\" class=\"wp-image-3157 size-medium alignright\" src=\"https:\/\/muraste.ee\/vana\/wp-content\/uploads\/2016\/03\/FS_550_245_kaotakaalu2017-300x134.jpg\" alt=\"FS_550_245_kaotakaalu2017\" width=\"300\" height=\"134\" srcset=\"https:\/\/muraste.ee\/vana\/wp-content\/uploads\/2016\/03\/FS_550_245_kaotakaalu2017-300x134.jpg 300w, https:\/\/muraste.ee\/vana\/wp-content\/uploads\/2016\/03\/FS_550_245_kaotakaalu2017.jpg 550w\" sizes=\"(max-width: 300px) 100vw, 300px\" \/><\/a><br \/>\nkl 19 \u00a0<strong>Talisuplus Tilgu sadamas. <\/strong>Rohkem infot FB\u00a0grupp Taliujumine Tilgus<br \/>\nkl 20\u00a0PL,\u00a0<strong>Zumba fitness &#8211; tantsuline treening<\/strong><br \/>\n<\/span><\/span><\/p>\n<p><span style=\"color: #008000;\"><strong><span style=\"color: #ff00ff;\">Reede, 17.\u00a0veebruar<\/span><br \/>\n<\/strong><\/span>kl 15-16.30 SP,\u00a0<strong>Korvpall<\/strong> (1-5 klass); juhendab Chris Moore (Tabasalu Palliklubi). Info tabasalupk@rim.ee<br \/>\n<a href=\"https:\/\/muraste.ee\/vana\/wp-content\/uploads\/2016\/03\/Aikido_Pictogram.svg_.png\" rel=\"attachment wp-att-3204\"><img decoding=\"async\" loading=\"lazy\" class=\"wp-image-3204 size-thumbnail alignleft\" src=\"https:\/\/muraste.ee\/vana\/wp-content\/uploads\/2016\/03\/Aikido_Pictogram.svg_-150x150.png\" alt=\"Aikido_Pictogram.svg\" width=\"150\" height=\"150\" \/><\/a>kl 18.30 SP, <strong><span style=\"color: #ff0000;\">UUS MURASTES!<\/span>\u00a0 <\/strong>Muraste turvagrupp kutsub osalema kursusel<strong><span style=\"color: #99cc00;\">\u00a0<a style=\"color: #99cc00;\" href=\"https:\/\/www.youtube.com\/watch?v=E32WMhokIIM&amp;feature=youtu.be\">Enesekaitse alused l\u00e4bi aikido<\/a>.<\/span>\u00a0\u00a0<\/strong>Jalga pika s\u00e4\u00e4rega dressid, selga t-s\u00e4rk v\u00f5i kimono. Rohkem infot kogukonnakeskusest v\u00f5i Evar Ojasaarelt (eojasaar@gmail.com).<\/p>\n<p><a href=\"https:\/\/muraste.ee\/vana\/wp-content\/uploads\/2016\/03\/kood-plakat.png\" rel=\"attachment wp-att-3297\"><img decoding=\"async\" loading=\"lazy\" class=\"size-medium wp-image-3297 alignright\" src=\"https:\/\/muraste.ee\/vana\/wp-content\/uploads\/2016\/03\/kood-plakat-211x300.png\" alt=\"kood plakat\" width=\"211\" height=\"300\" srcset=\"https:\/\/muraste.ee\/vana\/wp-content\/uploads\/2016\/03\/kood-plakat-211x300.png 211w, https:\/\/muraste.ee\/vana\/wp-content\/uploads\/2016\/03\/kood-plakat-624x887.png 624w, https:\/\/muraste.ee\/vana\/wp-content\/uploads\/2016\/03\/kood-plakat.png 675w\" sizes=\"(max-width: 211px) 100vw, 211px\" \/><\/a>kl 19 AT, <span style=\"color: #ff0000;\"><strong>UUS!<\/strong><\/span> fi<span style=\"color: #000000;\">lm\u00f5htu lastele-noortele: \u00a0&#8220;<strong><a href=\"https:\/\/www.youtube.com\/watch?v=bol7lxNPih4\">Kood M<\/a><\/strong>&#8220;. Isabel on noor ja seiklushimuline t\u00fcdruk, kes asub vanaisa j\u00e4lgedes otsima kuulsa musket\u00e4ri ja kangelase D\u2019Artagnani kadunud m\u00f5\u00f5ka. Sel teekonnal saavad ta ainsateks abilisteks kaks s\u00f5pra ning kolmekesi asuvad nad lahendama koodi, mis neid m\u00f5\u00f5gani juhatab. Paraku tunnevad legendaarse m\u00f5\u00f5ga vastu huvi ka teised j\u00f5ud, kes ei vali vahendeid enda eesm\u00e4rkide ellu viimiseks. Joostes teiste m\u00f5\u00f5gaotsijate ja ajaga v\u00f5idu n\u00e4itavad Isabel ja tema s\u00f5brad \u00fcles s\u00fcdikust ja julgust, mis on igati kangelaste v\u00e4\u00e4riline.<\/span><\/p>\n<p><span style=\"color: #99cc00;\"><strong><span style=\"color: #ff00ff;\">TEEME KOOS!<\/span><br \/>\n<\/strong><\/span><span style=\"color: #000000;\">Muraste koolimajas\u00a0saab n\u00e4ha Rahvusarhiivi <strong>n\u00e4itust &#8220;Tartu rahu<\/strong>!&#8221; Loe rohkem <span style=\"color: #ff0000;\"><strong><a style=\"color: #ff0000;\" href=\"https:\/\/muraste.ee\/vana\/?p=3120\">siit<\/a>!<\/strong><\/span><\/span><\/p>\n<div class=\"_1mf _1mj\" data-offset-key=\"cki46-0-0\"><span style=\"color: #99cc00;\"><strong><span style=\"color: #ff9900;\"><span style=\"color: #ff00ff;\">\u00a0<\/span><span style=\"color: #3366ff;\"><span style=\"color: #ff00ff;\">TULEKUL!<\/span> <span style=\"color: #ff0000;\">UUS!<\/span><\/span><\/span><\/strong><\/span><\/div>\n<div class=\"_1mf _1mj\" data-offset-key=\"cki46-0-0\"><\/div>\n<div class=\"_1mf _1mj\" data-offset-key=\"cki46-0-0\">\n<p><span style=\"color: #333399;\">21. veebruaril kell 16\u00a0<strong>Eesti Vabariigi 99. s\u00fcnnip\u00e4evale p\u00fchendatud pidulik kontsert Harku valla seenioritele\u00a0<\/strong>Tabasalu \u00dchisg\u00fcmnaasiumis. (vt bussigraafikut juuresolevalt flaierilt v\u00f5i k\u00fcsi lisa tel 6003867). Korraldab Harku vallavalitsus.<br \/>\n<\/span><span style=\"color: #99cc00;\"><span style=\"color: #333399;\">23. veebruaril <strong>Eesti Vabariigi 99. s\u00fcnnip\u00e4evale p\u00fchendatud\u00a0<\/strong><\/span><strong><span style=\"color: #333399;\"><strong>\u00f6\u00f6matk<\/strong><br \/>\n<\/span><\/strong><span style=\"color: #333399;\">25. veebruaril <strong>s\u00f5idame Soome<\/strong>!\u00a0<\/span><strong><span style=\"color: #333399;\"><br \/>\n<\/span><\/strong><span style=\"color: #333399;\">3. m\u00e4rtsil kell 19<\/span><strong><span style=\"color: #333399;\">, \u00a0<\/span><\/strong><span style=\"color: #333399;\">filmi\u00f5htu \u00a0lastele<\/span><strong><span style=\"color: #333399;\"> \u201c<strong><a href=\"https:\/\/www.youtube.com\/watch?v=J4wwEzeJkCQ\">V\u00e4ikese varese suur v\u00f5idus\u00f5it<\/a><\/strong>\u201d<br \/>\n<\/span><\/strong><span style=\"color: #333399;\">9. m\u00e4rtsil <strong>Marek Sadam ja T\u00f5nu Laikre kontsert &#8220;Eesti Naine&#8221;<\/strong><\/span> <em><span style=\"color: #333399;\">(piletid saadaval!)<\/span><\/em><strong><span style=\"color: #333399;\"><br \/>\n<\/span><\/strong><span style=\"color: #333399;\">11<\/span><span style=\"color: #333399;\">. m\u00e4rtsil kell 11-16\u00a0<strong>Turvalisuse p\u00e4ev<\/strong><\/span><strong><span style=\"color: #333399;\"><br \/>\n<\/span><\/strong><span style=\"color: #333399;\">8. aprillil kell 17, AT, teatri\u00f5htu \u2013 Indrek Hargla<\/span><strong><span style=\"color: #333399;\">\u00a0<strong>\u201cTestamendit\u00e4itjad\u201d<\/strong> Kuusalurahva Teater <\/span><\/strong><span style=\"color: #333399;\"><em>(piletid saadaval!)<\/em><\/span><strong><span style=\"color: #333399;\"><br \/>\n<\/span><\/strong><\/span><\/p>\n<p><a href=\"https:\/\/muraste.ee\/vana\/wp-content\/uploads\/2016\/03\/veebi.jpg\" rel=\"attachment wp-att-3262\"><img decoding=\"async\" loading=\"lazy\" class=\"alignnone size-medium wp-image-3262\" src=\"https:\/\/muraste.ee\/vana\/wp-content\/uploads\/2016\/03\/veebi-205x300.jpg\" alt=\"veebi\" width=\"205\" height=\"300\" srcset=\"https:\/\/muraste.ee\/vana\/wp-content\/uploads\/2016\/03\/veebi-205x300.jpg 205w, https:\/\/muraste.ee\/vana\/wp-content\/uploads\/2016\/03\/veebi-624x913.jpg 624w, https:\/\/muraste.ee\/vana\/wp-content\/uploads\/2016\/03\/veebi.jpg 656w\" sizes=\"(max-width: 205px) 100vw, 205px\" \/><\/a>\u00a0 \u00a0 \u00a0\u00a0<a href=\"https:\/\/muraste.ee\/vana\/wp-content\/uploads\/2016\/03\/uus-kits-1.jpg\" rel=\"attachment wp-att-3181\"><img decoding=\"async\" loading=\"lazy\" class=\"wp-image-3181 size-medium alignnone\" src=\"https:\/\/muraste.ee\/vana\/wp-content\/uploads\/2016\/03\/uus-kits-1-206x300.jpg\" alt=\"uus kits\" width=\"206\" height=\"300\" srcset=\"https:\/\/muraste.ee\/vana\/wp-content\/uploads\/2016\/03\/uus-kits-1-206x300.jpg 206w, https:\/\/muraste.ee\/vana\/wp-content\/uploads\/2016\/03\/uus-kits-1-624x910.jpg 624w, https:\/\/muraste.ee\/vana\/wp-content\/uploads\/2016\/03\/uus-kits-1.jpg 658w\" sizes=\"(max-width: 206px) 100vw, 206px\" \/><\/a><a href=\"https:\/\/muraste.ee\/vana\/wp-content\/uploads\/2016\/03\/Eesti-Vabariigi-99.-su\u0308nnipa\u0308eva-kontsert-page-0.jpg\" rel=\"attachment wp-att-3305\"><img decoding=\"async\" loading=\"lazy\" class=\"alignnone size-medium wp-image-3305\" src=\"https:\/\/muraste.ee\/vana\/wp-content\/uploads\/2016\/03\/Eesti-Vabariigi-99.-su\u0308nnipa\u0308eva-kontsert-page-0-212x300.jpg\" alt=\"Eesti Vabariigi 99. su\u0308nnipa\u0308eva kontsert-page-0\" width=\"212\" height=\"300\" srcset=\"https:\/\/muraste.ee\/vana\/wp-content\/uploads\/2016\/03\/Eesti-Vabariigi-99.-su\u0308nnipa\u0308eva-kontsert-page-0-212x300.jpg 212w, https:\/\/muraste.ee\/vana\/wp-content\/uploads\/2016\/03\/Eesti-Vabariigi-99.-su\u0308nnipa\u0308eva-kontsert-page-0-768x1086.jpg 768w, https:\/\/muraste.ee\/vana\/wp-content\/uploads\/2016\/03\/Eesti-Vabariigi-99.-su\u0308nnipa\u0308eva-kontsert-page-0-724x1024.jpg 724w, https:\/\/muraste.ee\/vana\/wp-content\/uploads\/2016\/03\/Eesti-Vabariigi-99.-su\u0308nnipa\u0308eva-kontsert-page-0-624x883.jpg 624w\" sizes=\"(max-width: 212px) 100vw, 212px\" \/><\/a><\/p>\n<p><strong><span style=\"color: #ff0000;\">UUS!<\/span> <\/strong>M\u00e4rtsis alustab Murastes uus<strong> inglise keele kursus<\/strong> algajatele ja uuesti alustajatele. Registreerimine ja t\u00e4psem info marethein@gmail.com, tel 56575575 v\u00f5i kogukonnakeskusest.<a href=\"https:\/\/muraste.ee\/vana\/wp-content\/uploads\/2016\/03\/inglise.jpg\" rel=\"attachment wp-att-3299\"><img decoding=\"async\" loading=\"lazy\" class=\"size-full wp-image-3299 aligncenter\" src=\"https:\/\/muraste.ee\/vana\/wp-content\/uploads\/2016\/03\/inglise.jpg\" alt=\"inglise\" width=\"328\" height=\"154\" srcset=\"https:\/\/muraste.ee\/vana\/wp-content\/uploads\/2016\/03\/inglise.jpg 328w, https:\/\/muraste.ee\/vana\/wp-content\/uploads\/2016\/03\/inglise-300x141.jpg 300w\" sizes=\"(max-width: 328px) 100vw, 328px\" \/><\/a><\/p>\n<p><span style=\"color: #3366ff;\"><strong>T\u00c4HELEPANU!<br \/>\n<\/strong><\/span><\/p>\n<p>Ka meie koduk\u00fclas kohtame aegajalt koduaiast plehku pistnud v\u00f5i veel halvem, omaniku teadmisel isep\u00e4i liikuvaid koeri. V\u00e4ga kenasti on teema Saku valla kodulehel kokku v\u00f5tnud sealne piirkonnapolitseinik, kelle p\u00f6\u00f6rdumise siinkohal Muraste koerarahvani toome. <strong>Hoiame oma lemmikud ilusti kodus, eks!<\/strong><\/p>\n<p><em>&#8220;Viimasel ajal on sagenenud m\u00f6\u00f6da alevit v\u00f5i valda vabalt ringi liikuvad koerad. Tihtipeale on sellised koerad ka uudishimulikud ja v\u00f5ivad inimese l\u00e4hedust otsida, kuna on eksinud. <span class=\"text_exposed_show\">Koerad, kes vabalt ringi liiguvad, v\u00f5ivad aga tekitada inimestes ja eriti just lastes hirmu v\u00f5i paanikat. V\u00f5ib tekkida olukord, kus inimene hakkab koera l\u00e4henedes k\u00e4tega vehkima, et looma minema ajada. Koer v\u00f5ib sellele aga ootamatult reageerida ning inimest hammustada v\u00f5i naksata. Lisaks v\u00f5ivad vabalt ringi liikuvad koerad p\u00f5hjustada ka muid \u00f5nnetusi, n\u00e4iteks joosta s\u00f5iduteele ja sellega liiklus\u00f5nnetuse p\u00f5hjustada.<br \/>\nSelleks, et ebameeldivaid olukordi v\u00e4ltida, tuletame koeraomanikele meelde, et oma neljajalgne s\u00f5ber tuleb hoida oma territooriumil ning tuleb takistada tema v\u00e4ljap\u00e4\u00e4semine.<br \/>\nSelleks et koer v\u00f5imalikult kiiresti koju tagasi saaks, peab koer olema kiibistatud ning k\u00f5ige lihtsam viis koera tuvastamiseks on muretseda koerale kaelarihm, kus on kirjas omaniku telefoninumber v\u00f5i v\u00e4hemalt koera nimi.<br \/>\nMikk Pihu,\u00a0piirkonnapolitseinik<\/span><\/em><\/p>\n<p><span style=\"color: #3366ff;\"><strong><span style=\"color: #ff0000;\">R\u00d5\u00d5MSAT N\u00c4DALAT!\u00a0<\/span><a href=\"https:\/\/muraste.ee\/vana\/wp-content\/uploads\/2016\/03\/roller-blading-smiley-emoticon.gif\" rel=\"attachment wp-att-3302\"><img decoding=\"async\" loading=\"lazy\" class=\" wp-image-3302 alignright\" src=\"https:\/\/muraste.ee\/vana\/wp-content\/uploads\/2016\/03\/roller-blading-smiley-emoticon.gif\" alt=\"roller-blading-smiley-emoticon\" width=\"117\" height=\"135\" \/><\/a><\/strong><\/span><\/p>\n<p>Kahele t\u00e4ile tuleb vastu kolmas:<br \/>\n\u201cMehed, kuhu l\u00e4hete?\u201d<br \/>\n\u201cJaani poole!\u201d<br \/>\n\u201cKuulge, minge parem J\u00fcri poole, tal on pikad ja rasvased juuksed! Jaan on ju kiilakas!\u201d<br \/>\n\u201cMe elamegi J\u00fcri juures, aga Jaani pool k\u00e4ime uisutamas\u2026\u201d<\/p>\n<\/div>\n<p><strong>Teadmiseks: <\/strong>Muraste igan\u00e4dalase e-infokirjaga liitumiseks saada sellekohane teade muraste@muraste.ee<br \/>\n<strong>Muraste kogukonnakeskus<\/strong><span style=\"color: #ff9900;\"><br \/>\n<span style=\"color: #000000;\">(<\/span><\/span>Lee tee 9, Muraste) avatud E-N 10-18, R 10-16.<br \/>\nT\u00e4psustused ja info: kogukonnakeskus@muraste.ee;<br \/>\n5253128 (Aule Kikas).<\/p>\n","protected":false},"excerpt":{"rendered":"<p>N\u00c4DAL \u00a07 MURASTES* *AT- koolimaja aatrium, SP- spordihoone; KO-kogukonnakeskuse ruum; \u00a0 KL- klassiruum; PL-Pangapealse lasteaed, PLF- Pangapealse lasteaia filiaali ruum Muraste koolimajas\u00a0 Aeg uisutada!\u00a0 (Pilt FreeGreatPicture.com) Esmasp\u00e4ev, \u00a013.\u00a0veebruar kl 14-15 AT, Tallinna Tantsuklubi &#8220;My Dance&#8221; showtants. \u00a0Igale liitujale klubi s\u00e4rk tasuta. Rohkem infot www.mydance.ee kl 15-16.30 SP, Judoklubi &#8220;Aitado&#8221;\u00a0Judo (7-9 a), Rohkem infot sensei Edward<a class=\"moretag\" href=\"https:\/\/muraste.ee\/vana\/?page_id=3327\"><br \/>&#8230;Loe edasi<\/a><\/p>\n","protected":false},"author":2,"featured_media":0,"parent":0,"menu_order":0,"comment_status":"closed","ping_status":"closed","template":"nadalakava.php","meta":{"_bbp_topic_count":0,"_bbp_reply_count":0,"_bbp_total_topic_count":0,"_bbp_total_reply_count":0,"_bbp_voice_count":0,"_bbp_anonymous_reply_count":0,"_bbp_topic_count_hidden":0,"_bbp_reply_count_hidden":0,"_bbp_forum_subforum_count":0,"_mc_calendar":[]},"_links":{"self":[{"href":"https:\/\/muraste.ee\/vana\/index.php?rest_route=\/wp\/v2\/pages\/3327"}],"collection":[{"href":"https:\/\/muraste.ee\/vana\/index.php?rest_route=\/wp\/v2\/pages"}],"about":[{"href":"https:\/\/muraste.ee\/vana\/index.php?rest_route=\/wp\/v2\/types\/page"}],"author":[{"embeddable":true,"href":"https:\/\/muraste.ee\/vana\/index.php?rest_route=\/wp\/v2\/users\/2"}],"replies":[{"embeddable":true,"href":"https:\/\/muraste.ee\/vana\/index.php?rest_route=%2Fwp%2Fv2%2Fcomments&post=3327"}],"version-history":[{"count":1,"href":"https:\/\/muraste.ee\/vana\/index.php?rest_route=\/wp\/v2\/pages\/3327\/revisions"}],"predecessor-version":[{"id":3329,"href":"https:\/\/muraste.ee\/vana\/index.php?rest_route=\/wp\/v2\/pages\/3327\/revisions\/3329"}],"wp:attachment":[{"href":"https:\/\/muraste.ee\/vana\/index.php?rest_route=%2Fwp%2Fv2%2Fmedia&parent=3327"}],"curies":[{"name":"wp","href":"https:\/\/api.w.org\/{rel}","templated":true}]}}