{"id":3358,"date":"2017-02-28T09:03:35","date_gmt":"2017-02-28T07:03:35","guid":{"rendered":"https:\/\/muraste.ee\/vana\/?page_id=3358"},"modified":"2017-02-28T09:03:52","modified_gmt":"2017-02-28T07:03:52","slug":"nadal-8-2","status":"publish","type":"page","link":"https:\/\/muraste.ee\/vana\/?page_id=3358","title":{"rendered":"N\u00e4dal 8"},"content":{"rendered":"<h2 style=\"text-align: center;\"><span style=\"color: #3366ff;\"><strong>N\u00c4DAL \u00a08 MURASTES*<\/strong><\/span><\/h2>\n<h5 style=\"text-align: center;\"><strong><span style=\"color: #999999;\"><em>*AT- koolimaja aatrium, SP- spordihoone; KO-kogukonnakeskuse ruum; \u00a0 KL- klassiruum; PL-Pangapealse lasteaed, PLF- Pangapealse lasteaia filiaali ruum Muraste koolimajas\u00a0<a href=\"https:\/\/muraste.ee\/vana\/wp-content\/uploads\/2016\/03\/naissaarkivi.jpg\" rel=\"attachment wp-att-2540\"><br \/>\n<\/a><\/em><\/span><\/strong><\/h5>\n<p style=\"text-align: center;\"><a href=\"https:\/\/muraste.ee\/vana\/wp-content\/uploads\/2016\/03\/Foto_Marko_Tiirik-1.jpg\" rel=\"attachment wp-att-3332\"><img decoding=\"async\" loading=\"lazy\" class=\"alignnone size-medium wp-image-3332\" src=\"https:\/\/muraste.ee\/vana\/wp-content\/uploads\/2016\/03\/Foto_Marko_Tiirik-1-300x169.jpg\" alt=\"Foto_Marko_Tiirik\" width=\"300\" height=\"169\" srcset=\"https:\/\/muraste.ee\/vana\/wp-content\/uploads\/2016\/03\/Foto_Marko_Tiirik-1-300x169.jpg 300w, https:\/\/muraste.ee\/vana\/wp-content\/uploads\/2016\/03\/Foto_Marko_Tiirik-1-768x432.jpg 768w, https:\/\/muraste.ee\/vana\/wp-content\/uploads\/2016\/03\/Foto_Marko_Tiirik-1-1024x576.jpg 1024w, https:\/\/muraste.ee\/vana\/wp-content\/uploads\/2016\/03\/Foto_Marko_Tiirik-1-624x351.jpg 624w, https:\/\/muraste.ee\/vana\/wp-content\/uploads\/2016\/03\/Foto_Marko_Tiirik-1-128x72.jpg 128w\" sizes=\"(max-width: 300px) 100vw, 300px\" \/><\/a><br \/>\n<strong>\u00d6\u00f6matk 2017 tulekul!<\/strong>\u00a0 (<em>Pilt Marko Tiirik)<\/em><\/p>\n<p><span style=\"color: #ff6600;\"><span style=\"color: #99cc00;\"><span style=\"color: #008000;\"><strong><span style=\"color: #808000;\"><span style=\"color: #3366ff;\">Esmasp\u00e4ev, \u00a020.\u00a0veebruar<\/span><\/span><\/strong><\/span><\/span><\/span><br \/>\nkl 18 KO, <strong>Kandleansambel<\/strong> <strong>LiULi <\/strong>koosolek<br \/>\nkl 17.45 KL, <b><strong>Hispaania keele kursus algajatele\u00a0&#8211;\u00a0<\/strong><strong>Curso de espa\u00f1ol.\u00a0<\/strong><\/b><em><br \/>\n<\/em>Juhendab Hannes Saarmets.<br \/>\nkl 19 AT, <strong>Suurupi naiskoor Meretule<br \/>\n<\/strong>kl 20 PL, <strong>Zumba fitness &#8211; tantsuline treening<br \/>\n<\/strong><\/p>\n<p><span style=\"color: #ff0000;\"><strong><span style=\"color: #3366ff;\">Teisip\u00e4ev, 21. veebruar<\/span>\u00a0<a href=\"https:\/\/muraste.ee\/vana\/wp-content\/uploads\/2016\/03\/Eesti-Vabariigi-99.-su\u0308nnipa\u0308eva-kontsert-page-0.jpg\" rel=\"attachment wp-att-3305\"><img decoding=\"async\" loading=\"lazy\" class=\"size-medium wp-image-3305 alignright\" src=\"https:\/\/muraste.ee\/vana\/wp-content\/uploads\/2016\/03\/Eesti-Vabariigi-99.-su\u0308nnipa\u0308eva-kontsert-page-0-212x300.jpg\" alt=\"Eesti Vabariigi 99. su\u0308nnipa\u0308eva kontsert-page-0\" width=\"212\" height=\"300\" srcset=\"https:\/\/muraste.ee\/vana\/wp-content\/uploads\/2016\/03\/Eesti-Vabariigi-99.-su\u0308nnipa\u0308eva-kontsert-page-0-212x300.jpg 212w, https:\/\/muraste.ee\/vana\/wp-content\/uploads\/2016\/03\/Eesti-Vabariigi-99.-su\u0308nnipa\u0308eva-kontsert-page-0-768x1086.jpg 768w, https:\/\/muraste.ee\/vana\/wp-content\/uploads\/2016\/03\/Eesti-Vabariigi-99.-su\u0308nnipa\u0308eva-kontsert-page-0-724x1024.jpg 724w, https:\/\/muraste.ee\/vana\/wp-content\/uploads\/2016\/03\/Eesti-Vabariigi-99.-su\u0308nnipa\u0308eva-kontsert-page-0-624x883.jpg 624w\" sizes=\"(max-width: 212px) 100vw, 212px\" \/><\/a><br \/>\n<\/strong><\/span><strong><span style=\"color: #3366ff;\">Harku valla eakad!<\/span><\/strong> Kell 16 olete palutud Tabasalu \u00dchisg\u00fcmnaasiumis\u00a0toimuvale\u00a0<strong>Eesti Vabariigi 99. s\u00fcnnip\u00e4evale p\u00fchendatud pidulikule kontsertile <\/strong>\u00a0(vt bussigraafikut juuresolevalt flaierilt v\u00f5i k\u00fcsi lisa tel 6003867). Korraldab Harku vallavalitsuskl<br \/>\n18 KL\u00a0<strong>Inglise keele kursus <\/strong><em>(algteadmisi omajatel on v\u00f5imalus liituda ka juba t\u00f6\u00f6tava grupiga).<\/em><strong>\u00a0<\/strong>K\u00fcsi lisa juhendajalt tel 56575575.<br \/>\nkl 18 KL,\u00a0<strong>Inglise keele vestlusring<\/strong> James Gill\u00b4i juhendamisel. K\u00f5ik inglise keelt praktiseerida soovijad on oodatud!<br \/>\nkl 19-20.30 SP, <strong>V\u00f5rkpall <\/strong><em>(naised\/mehed)- oodatud on k\u00f5ik v\u00f5rkpallihuvilised!;<a href=\"https:\/\/muraste.ee\/vana\/wp-content\/uploads\/2016\/03\/helen-tants.jpg\" rel=\"attachment wp-att-3044\"><img decoding=\"async\" loading=\"lazy\" class=\"wp-image-3044 size-medium alignright\" src=\"https:\/\/muraste.ee\/vana\/wp-content\/uploads\/2016\/03\/helen-tants-141x300.jpg\" alt=\"helen-tants\" width=\"141\" height=\"300\" srcset=\"https:\/\/muraste.ee\/vana\/wp-content\/uploads\/2016\/03\/helen-tants-141x300.jpg 141w, https:\/\/muraste.ee\/vana\/wp-content\/uploads\/2016\/03\/helen-tants.jpg 452w\" sizes=\"(max-width: 141px) 100vw, 141px\" \/><\/a><\/em><br \/>\nkl 18.30-19.45 AT<strong>, Seltskonnatantsu j\u00e4tkukursus (10. jaanuar &#8211; \u00a028. veebruar)<\/strong>. <strong><span style=\"color: #ff0000;\">UUS<\/span><\/strong> algajate kursus alustab juba 7. m\u00e4rtsil! Kliki kuulutust!<br \/>\nkl 19.45-21.00 AT <strong>Seltskonnatantsude harjutustund<\/strong> &#8211; v\u00f5imalus \u00f5pitut kinnistada ja toredas seltskonnas jalga keerutada. Osalus 5k\u20ac\/in<br \/>\nkl 19 \u00a0<strong>Talisuplus Tilgu sadamas<\/strong>. Rohkem infot FB\u00a0grupp Taliujumine Tilgus<br \/>\n<span style=\"color: #008000;\"><strong>.<br \/>\n<span style=\"color: #3366ff;\">Kolmap\u00e4ev, \u00a022. veebruar<\/span><\/strong><\/span><br \/>\nkl 18.00 AT, <strong>Line-tants\u00a0<\/strong>INFO: <a href=\"mailto:kristin@huviline.ee\">kristin@huviline.ee<\/a> v\u00f5i tel 51923590. Osalustasu 5\u20ac\/kord.<br \/>\nkl 19-20.30 SP, <strong><span style=\"color: #000000;\">V\u00f5r<\/span>kpall <\/strong><em>(mehed); <span style=\"color: #ff0000;\"><strong>NB! MEHED, TULGE K\u00d5IK PALLI M\u00c4NGIMA &#8211; v\u00f5rguplats ootab!<\/strong><\/span><\/em><br \/>\n<span style=\"color: #000000;\">kl\u00a019.30 AT,\u00a0<strong><span style=\"color: #993366;\">\u00a0<\/span>K<\/strong><\/span><strong>undalin-jooga.\u00a0<\/strong> \u00dche joogatunni tasu on 10 \u20ac; 10\u00a0korra kaart 90 \u20ac. Rohkem teavet algi.samm@mail.ee\u00a0, tel 5019402.<em> Kundalini jooga on iidne, inimkogemusel p\u00f5hinev terviklik ja praktiline joogateaduste s\u00fcsteem, mis sobib igale inimesele kaasaegses \u00fchiskonnas. \u00d5petaja s\u00f5num selleks kuuks:\u00a0<em> veebruaris praktiseerime krijat kopsudele ja vereringele. Antud krija on suurep\u00e4rane ka algajatele, kes soovivad \u00f5ppida mediteerimist.<br \/>\n<\/em><\/em><span style=\"color: #008000;\"><strong><br \/>\n<span style=\"color: #ff6600;\"><span style=\"color: #3366ff;\">Neljap\u00e4ev, 23. veebruar<\/span><br \/>\n<\/span><\/strong><\/span><span style=\"color: #ff6600;\"><span style=\"color: #000000;\">kl 19 \u00a0<strong>Talisuplus Tilgu sadamas. <\/strong>Rohkem infot FB\u00a0grupp Taliujumine Tilgus<br \/>\nkl 20 PL, <strong>Zumba fitness &#8211; tantsuline treening<\/strong><br \/>\nkl 20<strong> <span style=\"color: #ff0000;\">UUS!<\/span><\/strong>\u00a0<span style=\"color: #333399;\"><strong>Eesti Vabariigi 99. s\u00fcnnip\u00e4evale p\u00fchendatud\u00a0<\/strong><\/span><strong><span style=\"color: #333399;\"><strong>\u00f6\u00f6matk<\/strong><\/span><\/strong><\/span><\/span><\/p>\n<p><span style=\"color: #ff6600;\"><span style=\"color: #000000;\"><strong><span style=\"color: #333399;\"><strong><a href=\"https:\/\/muraste.ee\/vana\/wp-content\/uploads\/2017\/01\/uus-kits.jpg\" rel=\"attachment wp-att-3216\"><img decoding=\"async\" loading=\"lazy\" class=\"alignnone size-full wp-image-3216\" src=\"https:\/\/muraste.ee\/vana\/wp-content\/uploads\/2017\/01\/uus-kits.jpg\" alt=\"uus kits\" width=\"658\" height=\"960\" srcset=\"https:\/\/muraste.ee\/vana\/wp-content\/uploads\/2017\/01\/uus-kits.jpg 658w, https:\/\/muraste.ee\/vana\/wp-content\/uploads\/2017\/01\/uus-kits-206x300.jpg 206w, https:\/\/muraste.ee\/vana\/wp-content\/uploads\/2017\/01\/uus-kits-624x910.jpg 624w\" sizes=\"(max-width: 658px) 100vw, 658px\" \/><\/a><\/strong><\/span><\/strong> <\/span><\/span><\/p>\n<p><span style=\"color: #008000;\"><strong><span style=\"color: #3366ff;\">Reede, 24.\u00a0veebruar<em><a href=\"https:\/\/muraste.ee\/vana\/wp-content\/uploads\/2016\/03\/4223635_orig.jpg\" rel=\"attachment wp-att-3333\"><img decoding=\"async\" loading=\"lazy\" class=\"size-full wp-image-3333 alignright\" src=\"https:\/\/muraste.ee\/vana\/wp-content\/uploads\/2016\/03\/4223635_orig.jpg\" alt=\"4223635_orig\" width=\"400\" height=\"286\" srcset=\"https:\/\/muraste.ee\/vana\/wp-content\/uploads\/2016\/03\/4223635_orig.jpg 400w, https:\/\/muraste.ee\/vana\/wp-content\/uploads\/2016\/03\/4223635_orig-300x215.jpg 300w\" sizes=\"(max-width: 400px) 100vw, 400px\" \/><\/a><\/em><br \/>\n<\/span><\/strong><span style=\"color: #000080;\"><em><br \/>\nMa lille sideme v\u00f5taks \u2014<\/em><strong><br \/>\n<\/strong><em>sind k\u00f6idaks sellega,<\/em><strong><br \/>\n<\/strong><em>sind k\u00f6idaks sellega \u00fchte,<\/em><br \/>\n<em>oh \u00f5nnetu Eestima<\/em><em>a!<\/em><\/span><\/span><\/p>\n<p><em>Ma taeva sina v\u00f5taks,<\/em><br \/>\n<em>v\u00f5taks p\u00e4ikese s\u00e4rava,<\/em><br \/>\n<em>v\u00f5taks eha, v\u00f5taks koidu \u2014<\/em><br \/>\n<em>sind k\u00f6idaks selle<\/em><em>ga.<\/em><\/p>\n<p><em>Ja armastuse ma v\u00f5taks,<\/em><br \/>\n<em>v\u00f5taks truuduse, aususe ka,<\/em><br \/>\n<em>ja k\u00f6idaks sellega \u00fchte<\/em><br \/>\n<em>sind, kallis kodumaa.<\/em><\/p>\n<p><em>Ja vere sideme v\u00f5taks,<\/em><br \/>\n<em>v\u00f5taks venna s\u00fcdame ma \u2014<\/em><br \/>\n<em>ja k\u00f6idaks sellega \u00fchte<\/em><br \/>\n<em>sind, \u00f5nnetu Eestimaa!<\/em><\/p>\n<p>(Juhan Liiv, Ma lille sideme v\u00f5taks)<\/p>\n<p><strong><span style=\"color: #3366ff;\">Laup\u00e4ev, 25.\u00a0veebruar<a href=\"https:\/\/muraste.ee\/vana\/wp-content\/uploads\/2016\/03\/soome-1.jpg\" rel=\"attachment wp-att-3175\"><img decoding=\"async\" loading=\"lazy\" class=\"wp-image-3175 alignright\" src=\"https:\/\/muraste.ee\/vana\/wp-content\/uploads\/2016\/03\/soome-1.jpg\" alt=\"soome\" width=\"281\" height=\"198\" srcset=\"https:\/\/muraste.ee\/vana\/wp-content\/uploads\/2016\/03\/soome-1.jpg 960w, https:\/\/muraste.ee\/vana\/wp-content\/uploads\/2016\/03\/soome-1-300x212.jpg 300w, https:\/\/muraste.ee\/vana\/wp-content\/uploads\/2016\/03\/soome-1-768x542.jpg 768w, https:\/\/muraste.ee\/vana\/wp-content\/uploads\/2016\/03\/soome-1-624x441.jpg 624w\" sizes=\"(max-width: 281px) 100vw, 281px\" \/><\/a><br \/>\nS\u00f5idame Soome! <\/span><\/strong><span style=\"color: #000000;\"><em>(v\u00e4lja m\u00fc\u00fcdud!)<br \/>\n<\/em><\/span><strong><span style=\"color: #3366ff;\"><br \/>\n<\/span><\/strong><\/p>\n<p><span style=\"color: #99cc00;\"><strong><span style=\"color: #3366ff;\">TEEME KOOS!<\/span><br \/>\n<\/strong><\/span><span style=\"color: #000000;\">Muraste koolimajas\u00a0saab viimast n\u00e4dalat vaadata Rahvusarhiivi <strong>n\u00e4itust &#8220;Tartu rahu<\/strong>!&#8221; Loe rohkem <span style=\"color: #ff0000;\"><strong><a style=\"color: #ff0000;\" href=\"https:\/\/muraste.ee\/vana\/?p=3120\">siit<\/a>!<\/strong><\/span><\/span><\/p>\n<div class=\"_1mf _1mj\" data-offset-key=\"cki46-0-0\"><span style=\"color: #99cc00;\"><strong><span style=\"color: #ff9900;\"><span style=\"color: #3366ff;\">TULEKUL! <span style=\"color: #ff0000;\">UUS!<\/span><\/span><\/span><\/strong><\/span><\/div>\n<div class=\"_1mf _1mj\" data-offset-key=\"cki46-0-0\"><\/div>\n<div class=\"_1mf _1mj\" data-offset-key=\"cki46-0-0\">\n<p><span style=\"color: #99cc00;\"><span style=\"color: #333399;\">3. m\u00e4rtsil kell 19<\/span><strong><span style=\"color: #333399;\">, \u00a0<\/span><\/strong><span style=\"color: #333399;\">filmi\u00f5htu \u00a0lastele<\/span><strong><span style=\"color: #333399;\"> \u201c<strong><a href=\"https:\/\/www.youtube.com\/watch?v=J4wwEzeJkCQ\">V\u00e4ikese varese suur v\u00f5idus\u00f5it<\/a><\/strong>\u201d<br \/>\n<\/span><\/strong><span style=\"color: #333399;\">9. m\u00e4rtsil <strong>Marek Sadam ja T\u00f5nu Laikre kontsert &#8220;Eesti Naine&#8221;<\/strong><\/span> <em><span style=\"color: #333399;\">(piletid saadaval!)<\/span><\/em><strong><span style=\"color: #333399;\"><br \/>\n<\/span><\/strong><span style=\"color: #333399;\">11<\/span><span style=\"color: #333399;\">. m\u00e4rtsil kell 12-15.30\u00a0<strong><a href=\"https:\/\/muraste.ee\/vana\/?p=3314\" target=\"_blank\">Turvalisuse p\u00e4ev<\/a>\u00a0<\/strong>ning kl 16 Suurupi naiskoor Meretule <strong>kontsert<\/strong><\/span><strong><span style=\"color: #333399;\"><br \/>\n<\/span><\/strong><span style=\"color: #333399;\">8. aprillil kell 17, AT, teatri\u00f5htu \u2013 Indrek Hargla<\/span><strong><span style=\"color: #333399;\">\u00a0<strong>\u201cTestamendit\u00e4itjad\u201d<\/strong> Kuusalurahva Teater <\/span><\/strong><span style=\"color: #333399;\"><em>(piletid saadaval!)<\/em><\/span><strong><span style=\"color: #333399;\"><br \/>\n<\/span><\/strong><\/span><\/p>\n<p><a href=\"https:\/\/muraste.ee\/vana\/wp-content\/uploads\/2016\/03\/veebi.jpg\" rel=\"attachment wp-att-3262\"><img decoding=\"async\" loading=\"lazy\" class=\"alignnone size-medium wp-image-3262\" src=\"https:\/\/muraste.ee\/vana\/wp-content\/uploads\/2016\/03\/veebi-205x300.jpg\" alt=\"veebi\" width=\"205\" height=\"300\" srcset=\"https:\/\/muraste.ee\/vana\/wp-content\/uploads\/2016\/03\/veebi-205x300.jpg 205w, https:\/\/muraste.ee\/vana\/wp-content\/uploads\/2016\/03\/veebi-624x913.jpg 624w, https:\/\/muraste.ee\/vana\/wp-content\/uploads\/2016\/03\/veebi.jpg 656w\" sizes=\"(max-width: 205px) 100vw, 205px\" \/><\/a>\u00a0 \u00a0 \u00a0\u00a0<a href=\"https:\/\/muraste.ee\/vana\/wp-content\/uploads\/2017\/02\/turvap\u00e4ev2017.jpg\" rel=\"attachment wp-att-3347\"><img decoding=\"async\" loading=\"lazy\" class=\"alignnone wp-image-3347 size-medium\" src=\"https:\/\/muraste.ee\/vana\/wp-content\/uploads\/2017\/02\/turvap\u00e4ev2017-205x300.jpg\" alt=\"turvap\u00e4ev2017\" width=\"205\" height=\"300\" srcset=\"https:\/\/muraste.ee\/vana\/wp-content\/uploads\/2017\/02\/turvap\u00e4ev2017-205x300.jpg 205w, https:\/\/muraste.ee\/vana\/wp-content\/uploads\/2017\/02\/turvap\u00e4ev2017-624x913.jpg 624w, https:\/\/muraste.ee\/vana\/wp-content\/uploads\/2017\/02\/turvap\u00e4ev2017.jpg 656w\" sizes=\"(max-width: 205px) 100vw, 205px\" \/><\/a><\/p>\n<p><strong><span style=\"color: #ff0000;\">UUS!<\/span> <\/strong>M\u00e4rtsis alustab Murastes uus<strong> inglise keele kursus<\/strong> algajatele ja uuesti alustajatele. Registreerimine ja t\u00e4psem info marethein@gmail.com, tel 56575575 v\u00f5i kogukonnakeskusest.<a href=\"https:\/\/muraste.ee\/vana\/wp-content\/uploads\/2016\/03\/inglise.jpg\" rel=\"attachment wp-att-3299\"><img decoding=\"async\" loading=\"lazy\" class=\"size-full wp-image-3299 aligncenter\" src=\"https:\/\/muraste.ee\/vana\/wp-content\/uploads\/2016\/03\/inglise.jpg\" alt=\"inglise\" width=\"328\" height=\"154\" srcset=\"https:\/\/muraste.ee\/vana\/wp-content\/uploads\/2016\/03\/inglise.jpg 328w, https:\/\/muraste.ee\/vana\/wp-content\/uploads\/2016\/03\/inglise-300x141.jpg 300w\" sizes=\"(max-width: 328px) 100vw, 328px\" \/><\/a><\/p>\n<p><span style=\"color: #3366ff;\"><strong><span style=\"color: #ff0000;\"><span style=\"color: #000080;\">R\u00d5\u00d5MSAT N\u00c4DALAT!\u00a0<\/span><a href=\"https:\/\/muraste.ee\/vana\/wp-content\/uploads\/2016\/03\/file18234968_Paraad_piret_raud.jpg\" rel=\"attachment wp-att-3334\"><img decoding=\"async\" loading=\"lazy\" class=\"size-medium wp-image-3334 alignleft\" src=\"https:\/\/muraste.ee\/vana\/wp-content\/uploads\/2016\/03\/file18234968_Paraad_piret_raud-222x300.jpg\" alt=\"file18234968_Paraad_piret_raud\" width=\"222\" height=\"300\" srcset=\"https:\/\/muraste.ee\/vana\/wp-content\/uploads\/2016\/03\/file18234968_Paraad_piret_raud-222x300.jpg 222w, https:\/\/muraste.ee\/vana\/wp-content\/uploads\/2016\/03\/file18234968_Paraad_piret_raud.jpg 500w\" sizes=\"(max-width: 222px) 100vw, 222px\" \/><\/a><\/span><\/strong><\/span><\/p>\n<p>Vanadaamilt k\u00fcsitakse:<br \/>\n&#8220;Kui vanaks te n\u00fc\u00fcd siis saite?&#8221;<br \/>\n&#8220;Mis t\u00e4htsust sel enam on?&#8221;, vastav vanaproua. &#8220;Aga nii palju v\u00f5in ma \u00f6elda, et kui m\u00f6\u00f6dunud aastal mu s\u00fcnnip\u00e4evatordil k\u00fc\u00fcnlaid s\u00fc\u00fcdati, siis minestasid pooled k\u00fclalised sest toas l\u00e4ks nii palavaks&#8230;&#8221;<\/p>\n<p>(Joonistus: Piret Raud, http:\/\/taheke.delfi.ee )<\/p>\n<\/div>\n<p><strong><br \/>\nTeadmiseks: <\/strong>Muraste igan\u00e4dalase e-infokirjaga liitumiseks saada sellekohane teade muraste@muraste.ee<br \/>\n<strong>Muraste kogukonnakeskus<\/strong><span style=\"color: #ff9900;\"><br \/>\n<span style=\"color: #000000;\">(<\/span><\/span>Lee tee 9, Muraste) avatud E-N 10-18, R 10-16.<br \/>\nT\u00e4psustused ja info: kogukonnakeskus@muraste.ee;<br \/>\n5253128 (Aule Kikas).<\/p>\n","protected":false},"excerpt":{"rendered":"<p>N\u00c4DAL \u00a08 MURASTES* *AT- koolimaja aatrium, SP- spordihoone; KO-kogukonnakeskuse ruum; \u00a0 KL- klassiruum; PL-Pangapealse lasteaed, PLF- Pangapealse lasteaia filiaali ruum Muraste koolimajas\u00a0 \u00d6\u00f6matk 2017 tulekul!\u00a0 (Pilt Marko Tiirik) Esmasp\u00e4ev, \u00a020.\u00a0veebruar kl 18 KO, Kandleansambel LiULi koosolek kl 17.45 KL, Hispaania keele kursus algajatele\u00a0&#8211;\u00a0Curso de espa\u00f1ol.\u00a0 Juhendab Hannes Saarmets. kl 19 AT, Suurupi naiskoor Meretule kl<a class=\"moretag\" href=\"https:\/\/muraste.ee\/vana\/?page_id=3358\"><br \/>&#8230;Loe edasi<\/a><\/p>\n","protected":false},"author":2,"featured_media":0,"parent":0,"menu_order":0,"comment_status":"closed","ping_status":"closed","template":"nadalakava.php","meta":{"_bbp_topic_count":0,"_bbp_reply_count":0,"_bbp_total_topic_count":0,"_bbp_total_reply_count":0,"_bbp_voice_count":0,"_bbp_anonymous_reply_count":0,"_bbp_topic_count_hidden":0,"_bbp_reply_count_hidden":0,"_bbp_forum_subforum_count":0,"_mc_calendar":[]},"_links":{"self":[{"href":"https:\/\/muraste.ee\/vana\/index.php?rest_route=\/wp\/v2\/pages\/3358"}],"collection":[{"href":"https:\/\/muraste.ee\/vana\/index.php?rest_route=\/wp\/v2\/pages"}],"about":[{"href":"https:\/\/muraste.ee\/vana\/index.php?rest_route=\/wp\/v2\/types\/page"}],"author":[{"embeddable":true,"href":"https:\/\/muraste.ee\/vana\/index.php?rest_route=\/wp\/v2\/users\/2"}],"replies":[{"embeddable":true,"href":"https:\/\/muraste.ee\/vana\/index.php?rest_route=%2Fwp%2Fv2%2Fcomments&post=3358"}],"version-history":[{"count":1,"href":"https:\/\/muraste.ee\/vana\/index.php?rest_route=\/wp\/v2\/pages\/3358\/revisions"}],"predecessor-version":[{"id":3360,"href":"https:\/\/muraste.ee\/vana\/index.php?rest_route=\/wp\/v2\/pages\/3358\/revisions\/3360"}],"wp:attachment":[{"href":"https:\/\/muraste.ee\/vana\/index.php?rest_route=%2Fwp%2Fv2%2Fmedia&parent=3358"}],"curies":[{"name":"wp","href":"https:\/\/api.w.org\/{rel}","templated":true}]}}