{"id":3471,"date":"2017-03-03T12:42:28","date_gmt":"2017-03-03T10:42:28","guid":{"rendered":"https:\/\/muraste.ee\/vana\/?page_id=3471"},"modified":"2017-03-12T16:57:15","modified_gmt":"2017-03-12T14:57:15","slug":"nadal-9-2","status":"publish","type":"page","link":"https:\/\/muraste.ee\/vana\/?page_id=3471","title":{"rendered":"N\u00e4dal 9"},"content":{"rendered":"<h2 style=\"text-align: center;\"><span style=\"color: #3366ff;\"><strong>N\u00c4DAL \u00a09 MURASTES*<\/strong><\/span><\/h2>\n<h5 style=\"text-align: center;\"><strong><span style=\"color: #999999;\"><em>*AT- koolimaja aatrium, SP- spordihoone; KO-kogukonnakeskuse ruum; \u00a0 KL- klassiruum; PL-Pangapealse lasteaed, PLF- Pangapealse lasteaia filiaali ruum Muraste koolimajas\u00a0<a href=\"https:\/\/muraste.ee\/vana\/wp-content\/uploads\/2016\/03\/naissaarkivi.jpg\" rel=\"attachment wp-att-2540\"><br \/>\n<\/a><\/em><\/span><\/strong><\/h5>\n<p><a href=\"https:\/\/muraste.ee\/vana\/wp-content\/uploads\/2016\/03\/Tree-Spring-Hazel-Forest-Winter-648134-1.jpg\" rel=\"attachment wp-att-3465\"><img decoding=\"async\" loading=\"lazy\" class=\"size-medium wp-image-3465 alignleft\" src=\"https:\/\/muraste.ee\/vana\/wp-content\/uploads\/2016\/03\/Tree-Spring-Hazel-Forest-Winter-648134-1-300x199.jpg\" alt=\"Tree Spring Hazel Forest Winter\" width=\"300\" height=\"199\" srcset=\"https:\/\/muraste.ee\/vana\/wp-content\/uploads\/2016\/03\/Tree-Spring-Hazel-Forest-Winter-648134-1-300x199.jpg 300w, https:\/\/muraste.ee\/vana\/wp-content\/uploads\/2016\/03\/Tree-Spring-Hazel-Forest-Winter-648134-1-768x510.jpg 768w, https:\/\/muraste.ee\/vana\/wp-content\/uploads\/2016\/03\/Tree-Spring-Hazel-Forest-Winter-648134-1-624x414.jpg 624w, https:\/\/muraste.ee\/vana\/wp-content\/uploads\/2016\/03\/Tree-Spring-Hazel-Forest-Winter-648134-1.jpg 960w\" sizes=\"(max-width: 300px) 100vw, 300px\" \/><\/a><\/p>\n<p><em>Kui ma vaatan aknast v\u00e4lja, lumi j\u00e4lle sajab.<\/em><br \/>\n<em>L\u00f5bus tuul mu ukse taga hange kokku ajab.<\/em><br \/>\n<em>Kurvalt longus kellukesed ootavad aprilli.<\/em><br \/>\n<em>Pajutudu juba oksal m\u00e4ngib pajupilli.<\/em><br \/>\n<em>P\u00e4ike peidust v\u00e4lja tuleb, soojendab ja paitab,<\/em><br \/>\n<em>m\u00e4rtsikellukestel selga sirutada aitab.<\/em><br \/>\n<em>(M.Lillo, Tujukas m\u00e4rts)<\/em><\/p>\n<p><span style=\"color: #ff6600;\"><span style=\"color: #99cc00;\"><span style=\"color: #008000;\"><strong><span style=\"color: #808000;\"><span style=\"color: #99cc00;\"><span style=\"color: #3366ff;\">Esmasp\u00e4ev, \u00a027.\u00a0veebruar<\/span> <\/span><\/span><br \/>\n<\/strong><\/span><\/span><\/span>kl 14-15 AT, Tallinna Tantsuklubi &#8220;My Dance&#8221; <strong>showtants<\/strong>. \u00a0Igale liitujale klubi s\u00e4rk tasuta. Rohkem infot www.mydance.ee<br \/>\nkl 15-16.30 SP, Judoklubi &#8220;Aitado&#8221;\u00a0<strong>Judo<\/strong> (7-9 a), Rohkem infot sensei Edward Murel, murel.edward@gmail.com<br \/>\nkl 15.30-18.30 KL, <strong>Eelkool<\/strong> (1.grupp). Juhendab Kristi Bauman. Info www.huviringid.ee<br \/>\nkl 16.30-18.30 SP, <strong>K\u00e4sipall<\/strong> (1-5 kl); Info HC Tallinn, www.hctallinn.ee<br \/>\nkl 17.30 KO, <strong>Kandleansambel<\/strong> <strong>LiULi<\/strong><\/p>\n<p><a href=\"https:\/\/muraste.ee\/vana\/wp-content\/uploads\/2016\/03\/maiu-m\u00e4rts.jpg\" rel=\"attachment wp-att-3363\"><img decoding=\"async\" loading=\"lazy\" class=\"size-medium wp-image-3363 alignright\" src=\"https:\/\/muraste.ee\/vana\/wp-content\/uploads\/2016\/03\/maiu-m\u00e4rts-212x300.jpg\" alt=\"maiu m\u00e4rts\" width=\"212\" height=\"300\" srcset=\"https:\/\/muraste.ee\/vana\/wp-content\/uploads\/2016\/03\/maiu-m\u00e4rts-212x300.jpg 212w, https:\/\/muraste.ee\/vana\/wp-content\/uploads\/2016\/03\/maiu-m\u00e4rts-624x884.jpg 624w, https:\/\/muraste.ee\/vana\/wp-content\/uploads\/2016\/03\/maiu-m\u00e4rts.jpg 678w\" sizes=\"(max-width: 212px) 100vw, 212px\" \/><\/a>kl 19 AT, <strong>Suurupi naiskoor Meretule<br \/>\n<\/strong>kl 19.00 PLF,\u00a0<span style=\"color: #000000;\"><strong>Hatha Krija jooga, <\/strong><\/span>juhendab Gristel Pagi<br \/>\nkl 20 PL, <strong>Zumba fitness &#8211; tantsuline treening<br \/>\n<\/strong><\/p>\n<p><span style=\"color: #ff0000;\"><strong><span style=\"color: #99cc00;\">VASTLAP\u00c4EV, 28\u00a0veebruar\u00a0 <\/span><a href=\"https:\/\/muraste.ee\/vana\/wp-content\/uploads\/2016\/03\/vurr6.jpg\" rel=\"attachment wp-att-3364\"><img decoding=\"async\" loading=\"lazy\" class=\" wp-image-3364 alignright\" src=\"https:\/\/muraste.ee\/vana\/wp-content\/uploads\/2016\/03\/vurr6-150x150.jpg\" alt=\"vurr6\" width=\"116\" height=\"116\" \/><\/a><br \/>\n<\/strong><\/span>kl 14.40 <strong>Fa Stuudio muusikaring<\/strong>. \u00a0Rohkem infot fastuudio@gmail.com v\u00f5i tel 5160031.<br \/>\nkl 15-16.30 <strong>Korvpall<\/strong> (1-5 klass); juhendab Chris Moore (Tabasalu Palliklubi). Info tabasalupk@rim.ee<br \/>\nkl 15 AT, <strong>V\u00f5istlustantsu teeningud algajatele lastele<\/strong> (info www.tantsumeka.ee, Matis Toome, tel 59190800)<br \/>\nkl 16.30-18.30 SP, <strong>K\u00e4sipall<\/strong> (1-5 kl); Info HC Tallinn, www.hctallinn.ee<br \/>\nkl 18 KL\u00a0<strong>Inglise keele kursus <\/strong><em>(algteadmisi omajatel on v\u00f5imalus liituda ka juba t\u00f6\u00f6tava grupiga).<\/em><strong>\u00a0<\/strong>K\u00fcsi lisa juhendajalt tel 56575575.<br \/>\nkl 18 KL,\u00a0<strong>Inglise keele vestlusring<\/strong> James Gill\u00b4i juhendamisel. K\u00f5ik inglise keelt praktiseerida soovijad on oodatud!<br \/>\nkl 19-20.30 SP, <strong>V\u00f5rkpall <\/strong><em>(naised\/mehed)- oodatud on k\u00f5ik v\u00f5rkpallihuvilised!;<\/em><br \/>\nkl 18.30-19.45 AT<strong>, Seltskonnatantsu j\u00e4tkukursus (7. m\u00e4rts &#8211; 25. aprill)<\/strong>.<br \/>\n<em><strong><span style=\"color: #ff0000;\">\u00a0 \u00a0 \u00a0 \u00a0 \u00a0 \u00a0 \u00a0 \u00a0 \u00a0 \u00a0 \u00a0 \u00a0 \u00a0 \u00a0 \u00a0 \u00a0UUS <\/span><\/strong><span style=\"color: #ff0000;\">algajate kursus alustab juba 2. mail ning kohti veel on!<\/span> <\/em><strong><a href=\"https:\/\/muraste.ee\/vana\/wp-content\/uploads\/2016\/03\/danc.jpg\" rel=\"attachment wp-att-3466\"><img decoding=\"async\" loading=\"lazy\" class=\"size-full wp-image-3466 alignright\" src=\"https:\/\/muraste.ee\/vana\/wp-content\/uploads\/2016\/03\/danc.jpg\" alt=\"danc\" width=\"225\" height=\"225\" srcset=\"https:\/\/muraste.ee\/vana\/wp-content\/uploads\/2016\/03\/danc.jpg 225w, https:\/\/muraste.ee\/vana\/wp-content\/uploads\/2016\/03\/danc-150x150.jpg 150w\" sizes=\"(max-width: 225px) 100vw, 225px\" \/><\/a><\/strong><br \/>\nkl 19.45-21.15 AT <strong>Seltskonnatantsude harjutustund<\/strong> &#8211; v\u00f5imalus \u00f5pitut kinnistada ja toredas seltskonnas jalga keerutada. Osalus 6\u20ac\/in<br \/>\nkl 19 \u00a0<strong>Talisuplus Tilgu sadamas<\/strong>. Rohkem infot FB\u00a0grupp Taliujumine Tilgus<br \/>\n<span style=\"color: #008000;\"><strong><br \/>\n<span style=\"color: #3366ff;\">Kolmap\u00e4ev, \u00a01. m\u00e4rts<\/span><\/strong><\/span><br \/>\nkl 14-15 AT, Tallinna Tantsuklubi &#8220;My Dance&#8221;<strong>showtants<\/strong>. 2x n\u00e4dalas\/30\u20ac kuu. Igale liitujale klubi s\u00e4rk tasuta. Rohkem infot www.mydance.ee<br \/>\nkl 15-16.00 SP, <strong>Jalgpall<\/strong>, (1-5 kl). Info: Harju Jalgpallikool<br \/>\nkl 15.30-18.30 KL, <strong>Eelkool<\/strong> (2.grupp). Juhendab Kristi Bauman. Info www.huviringid.ee<br \/>\nkl 16.00-17,30 \u00a0SP, Judoklubi &#8220;Aitado&#8221;\u00a0<strong>Judo<\/strong> (7-9 a), Rohkem infot sensei Edward Murel, murel.edward@gmail.com<br \/>\nkl 17 KL, <strong>Mudelismiring<\/strong> algajatele, juhendaja Andres Madissoo, info 5259021<br \/>\nkl 18 KL, <strong>Mudelismiring<\/strong> edasij\u00f5udnutele,\u00a0juhendaja Andres Madissoo, info 5259021<br \/>\nkl 18.00 AT, <strong>Line-tants\u00a0<\/strong>INFO: <a href=\"mailto:kristin@huviline.ee\">kristin@huviline.ee<\/a> v\u00f5i tel 51923590. Osalustasu 5\u20ac\/kord.<br \/>\nkl 19-20.30 SP, <strong><span style=\"color: #000000;\">V\u00f5r<\/span>kpall <\/strong><em>(mehed); <span style=\"color: #ff0000;\"><strong>NB! MEHED, TULGE K\u00d5IK PALLI M\u00c4NGIMA &#8211; v\u00f5rguplats ootab!<\/strong><\/span><\/em><br \/>\n<span style=\"color: #000000;\">kl\u00a019.30 AT,\u00a0<strong><span style=\"color: #993366;\">\u00a0<\/span>K<\/strong><\/span><strong>undalin-jooga.\u00a0<\/strong> \u00dche joogatunni tasu on 10 \u20ac; 10\u00a0korra kaart 90 \u20ac. Rohkem teavet algi.samm@mail.ee\u00a0, tel 5019402.<em> Kundalini jooga on iidne, inimkogemusel p\u00f5hinev terviklik ja praktiline joogateaduste s\u00fcsteem, mis sobib igale inimesele kaasaegses \u00fchiskonnas. \u00d5petaja s\u00f5num selleks kuuks:\u00a0<\/em>m\u00e4rtsikuus praktiseerime krijat, mille abil tugevdad n\u00e4rvi-ja n\u00e4\u00e4rmes\u00fcsteemi, muudad keha painduvamaks, parandad r\u00fchti.\u00a0Kahel m\u00e4rtsikuu kolmap\u00e4eval, 22.03 ja 29.03, annab joogatundi k\u00fclalis\u00f5petaja Sotantar Kaur.<\/p>\n<p><span style=\"color: #008000;\"><strong><span style=\"color: #ff6600;\"><span style=\"color: #3366ff;\">Neljap\u00e4ev,\u00a02. m\u00e4rts<\/span><br \/>\n<\/span><\/strong><\/span><span style=\"color: #ff6600;\"><span style=\"color: #339966;\"><span style=\"color: #000000;\">kl 15-16.00 SP, <strong>Jalgpall<\/strong>, (1-5 kl). Info: Harju Jalgpallikool<\/span><\/span><\/span><br \/>\nkl 15 AT, <strong>v\u00f5istlustantsu treeningud algajatele lastele<\/strong> (info www.tantsumeka.ee, Matis Toome, tel 59190800)<br \/>\nkl 16.30-18.30 SP, <strong>K\u00e4sipall<\/strong> (1-5 kl); Info HC Tallinn, www.hctallinn.ee<br \/>\nkl 16 <span style=\"color: #ff0000;\"><strong>UUS ALGUSAEG!<\/strong><\/span>\u00a0\u00a0<strong>Skautide kogunemine. \u00a0<\/strong>Rohkem infot www.skaut.ee; sten.luik@gmail.com<br \/>\nkl 18 KO, <span style=\"color: #ff0000;\"><strong>UUS!<\/strong> <\/span>Kodut\u00fctarde koondus<br \/>\n<span style=\"color: #ff6600;\"><span style=\"color: #000000;\">kl 19 \u00a0<strong>Talisuplus Tilgu sadamas. <\/strong>Rohkem infot FB\u00a0grupp Taliujumine Tilgus<br \/>\nkl 20\u00a0PL,\u00a0<strong>Zumba fitness &#8211; tantsuline treening<\/strong><br \/>\n<\/span><\/span><\/p>\n<p><span style=\"color: #008000;\"><strong><span style=\"color: #3366ff;\">Reede, 3.\u00a0m\u00e4rts<\/span><br \/>\n<\/strong><\/span>kl 15-16.30 SP,\u00a0<strong>Korvpall<\/strong> (1-5 klass); juhendab Chris Moore (Tabasalu Palliklubi). Info tabasalupk@rim.ee<br \/>\n<a href=\"https:\/\/muraste.ee\/vana\/wp-content\/uploads\/2016\/03\/Aikido_Pictogram.svg_.png\" rel=\"attachment wp-att-3204\"><img decoding=\"async\" loading=\"lazy\" class=\"wp-image-3204 size-thumbnail alignleft\" src=\"https:\/\/muraste.ee\/vana\/wp-content\/uploads\/2016\/03\/Aikido_Pictogram.svg_-150x150.png\" alt=\"Aikido_Pictogram.svg\" width=\"150\" height=\"150\" \/><\/a>kl 18.30 SP, <strong><span style=\"color: #ff0000;\">UUS MURASTES!<\/span>\u00a0 <\/strong>Muraste turvagrupp kutsub osalema kursusel<strong><span style=\"color: #99cc00;\">\u00a0<a style=\"color: #99cc00;\" href=\"https:\/\/www.youtube.com\/watch?v=E32WMhokIIM&amp;feature=youtu.be\">Enesekaitse alused l\u00e4bi aikido<\/a>.<\/span>\u00a0\u00a0<\/strong>Jalga pika s\u00e4\u00e4rega dressid, selga t-s\u00e4rk v\u00f5i kimono. Rohkem infot kogukonnakeskusest v\u00f5i Evar Ojasaarelt (eojasaar@gmail.com).<a href=\"https:\/\/muraste.ee\/vana\/wp-content\/uploads\/2016\/03\/Estinfilm_Vaikese-varese-suur-voidusoit_Plakat.jpg\" rel=\"attachment wp-att-3373\"><img decoding=\"async\" loading=\"lazy\" class=\"size-medium wp-image-3373 alignright\" src=\"https:\/\/muraste.ee\/vana\/wp-content\/uploads\/2016\/03\/Estinfilm_Vaikese-varese-suur-voidusoit_Plakat-200x300.jpg\" alt=\"Estinfilm_Vaikese-varese-suur-voidusoit_Plakat\" width=\"200\" height=\"300\" srcset=\"https:\/\/muraste.ee\/vana\/wp-content\/uploads\/2016\/03\/Estinfilm_Vaikese-varese-suur-voidusoit_Plakat-200x300.jpg 200w, https:\/\/muraste.ee\/vana\/wp-content\/uploads\/2016\/03\/Estinfilm_Vaikese-varese-suur-voidusoit_Plakat.jpg 320w\" sizes=\"(max-width: 200px) 100vw, 200px\" \/><\/a><\/p>\n<p>kl 19 AT, <span style=\"color: #ff0000;\"><strong>UUS!<\/strong><\/span> fi<span style=\"color: #000000;\">lm\u00f5htu lastele (animatsioon, perefilm, seiklusfilm):\u00a0<strong><span style=\"color: #333399;\">\u201c<a href=\"https:\/\/www.youtube.com\/watch?v=J4wwEzeJkCQ\">V\u00e4ikese varese suur v\u00f5idus\u00f5it<\/a>\u201d.<\/span><\/strong><em><span style=\"color: #333399;\">\u00a0<\/span><span style=\"color: #333399;\">Ninakas v\u00e4ike vares h\u00e4vitab kogemata \u00e4ra varud, mida loomad vajavad, et talve \u00fcle elada. Et varusid uuesti taastada, peab ta v\u00f5itma seebikarbist autode ralli ja teenima auhinnaraha. Aga tormiline v\u00f5idus\u00f5it l\u00e4bi metsa on t\u00e4is keerdk\u00e4ike ja \u00fcllatusi, selle l\u00f5puks on Vares omandanud midagi sellist, mida raha eest osta ei saa: sa m\u00f5istab meeskonnat\u00f6\u00f6, t\u00f5elise s\u00f5pruse v\u00e4\u00e4rtust ning vastutuse t\u00e4htsust.<\/span><\/em><\/span><\/p>\n<div class=\"_1mf _1mj\" data-offset-key=\"cki46-0-0\"><span style=\"color: #99cc00;\"><strong><span style=\"color: #ff9900;\"><span style=\"color: #3366ff;\">\u00a0TULEKUL! <span style=\"color: #ff0000;\">UUS!<a href=\"https:\/\/muraste.ee\/vana\/wp-content\/uploads\/2016\/03\/veebi.jpg\" rel=\"attachment wp-att-3262\"><img decoding=\"async\" loading=\"lazy\" class=\"size-medium wp-image-3262 alignright\" src=\"https:\/\/muraste.ee\/vana\/wp-content\/uploads\/2016\/03\/veebi-205x300.jpg\" alt=\"veebi\" width=\"205\" height=\"300\" srcset=\"https:\/\/muraste.ee\/vana\/wp-content\/uploads\/2016\/03\/veebi-205x300.jpg 205w, https:\/\/muraste.ee\/vana\/wp-content\/uploads\/2016\/03\/veebi-624x913.jpg 624w, https:\/\/muraste.ee\/vana\/wp-content\/uploads\/2016\/03\/veebi.jpg 656w\" sizes=\"(max-width: 205px) 100vw, 205px\" \/><\/a><\/span><\/span><\/span><\/strong><\/span><\/div>\n<div class=\"_1mf _1mj\" data-offset-key=\"cki46-0-0\"><\/div>\n<div class=\"_1mf _1mj\" data-offset-key=\"cki46-0-0\"><\/div>\n<div class=\"_1mf _1mj\" data-offset-key=\"cki46-0-0\">\n<p><span style=\"color: #99cc00;\"><span style=\"color: #333399;\">9. m\u00e4rtsil <strong>Marek Sadam ja T\u00f5nu Laikre kontsert &#8220;Eesti Naine&#8221;<\/strong><\/span> <em><span style=\"color: #333399;\">(piletid saadaval!)<br \/>\n<\/span><\/em><strong><span style=\"color: #333399;\"><br \/>\n<\/span><\/strong><span style=\"color: #333399;\">11<\/span><span style=\"color: #333399;\">. m\u00e4rtsil kell 11-15.30\u00a0<strong>Turvalisuse p\u00e4ev &#8220;Kas valvan ise v\u00f5i loodan teistele?&#8221;<\/strong><\/span><\/span><\/p>\n<p><span style=\"color: #333399;\">11. m\u00e4rtsil kell 16<\/span><strong><span style=\"color: #333399;\"> Kontsert: Laval ainult naised! \u00a0<\/span><\/strong><em><span style=\"color: #333399;\">Esinevad Suurupi naiskoor Meretule, naisrahvatantsur\u00fchmad: Harku Harakad, T\u00dcG neiud<\/span><\/em><\/p>\n<p><span style=\"color: #333399;\">8. aprillil kell 17, AT, teatri\u00f5htu \u2013 Indrek Hargla<\/span><strong><span style=\"color: #333399;\">\u00a0<strong>\u201cTestamendit\u00e4itjad\u201d<\/strong> Kuusalurahva Teater <\/span><\/strong><span style=\"color: #333399;\"><em>(piletid saadaval!)<\/em><\/span><strong><span style=\"color: #333399;\"><br \/>\n<\/span><\/strong><\/p>\n<p><a href=\"https:\/\/muraste.ee\/vana\/wp-content\/uploads\/2017\/02\/turvap\u00e4ev2017.jpg\" rel=\"attachment wp-att-3347\"><img decoding=\"async\" loading=\"lazy\" class=\"alignnone size-medium wp-image-3347\" src=\"https:\/\/muraste.ee\/vana\/wp-content\/uploads\/2017\/02\/turvap\u00e4ev2017-205x300.jpg\" alt=\"turvap\u00e4ev2017\" width=\"205\" height=\"300\" srcset=\"https:\/\/muraste.ee\/vana\/wp-content\/uploads\/2017\/02\/turvap\u00e4ev2017-205x300.jpg 205w, https:\/\/muraste.ee\/vana\/wp-content\/uploads\/2017\/02\/turvap\u00e4ev2017-624x913.jpg 624w, https:\/\/muraste.ee\/vana\/wp-content\/uploads\/2017\/02\/turvap\u00e4ev2017.jpg 656w\" sizes=\"(max-width: 205px) 100vw, 205px\" \/><\/a>\u00a0 \u00a0 \u00a0\u00a0<a href=\"https:\/\/muraste.ee\/vana\/wp-content\/uploads\/2016\/03\/laval.jpg\" rel=\"attachment wp-att-3459\"><img decoding=\"async\" loading=\"lazy\" class=\"alignnone size-medium wp-image-3459\" src=\"https:\/\/muraste.ee\/vana\/wp-content\/uploads\/2016\/03\/laval-169x300.jpg\" alt=\"laval\" width=\"169\" height=\"300\" srcset=\"https:\/\/muraste.ee\/vana\/wp-content\/uploads\/2016\/03\/laval-169x300.jpg 169w, https:\/\/muraste.ee\/vana\/wp-content\/uploads\/2016\/03\/laval.jpg 359w\" sizes=\"(max-width: 169px) 100vw, 169px\" \/><\/a><\/p>\n<p><strong><span style=\"color: #ff0000;\">UUS!<\/span> <\/strong>M\u00e4rtsis alustab Murastes uus<strong> inglise keele kursus<\/strong> algajatele ja uuesti alustajatele. Registreerimine ja t\u00e4psem info marethein@gmail.com, tel 56575575 v\u00f5i kogukonnakeskusest.<a href=\"https:\/\/muraste.ee\/vana\/wp-content\/uploads\/2016\/03\/inglise.jpg\" rel=\"attachment wp-att-3299\"><img decoding=\"async\" loading=\"lazy\" class=\"size-full wp-image-3299 aligncenter\" src=\"https:\/\/muraste.ee\/vana\/wp-content\/uploads\/2016\/03\/inglise.jpg\" alt=\"inglise\" width=\"328\" height=\"154\" srcset=\"https:\/\/muraste.ee\/vana\/wp-content\/uploads\/2016\/03\/inglise.jpg 328w, https:\/\/muraste.ee\/vana\/wp-content\/uploads\/2016\/03\/inglise-300x141.jpg 300w\" sizes=\"(max-width: 328px) 100vw, 328px\" \/><\/a><\/p>\n<p><span style=\"color: #3366ff;\"><strong><span style=\"color: #ff0000;\"><span style=\"color: #0000ff;\">R\u00d5\u00d5MSAT N\u00c4DALAT!\u00a0 <\/span><a href=\"https:\/\/muraste.ee\/vana\/wp-content\/uploads\/2016\/03\/kelgutamine-lobus-mang.jpg\" rel=\"attachment wp-att-3368\"><img decoding=\"async\" loading=\"lazy\" class=\"size-full wp-image-3368 alignright\" src=\"https:\/\/muraste.ee\/vana\/wp-content\/uploads\/2016\/03\/kelgutamine-lobus-mang.jpg\" alt=\"kelgutamine-lobus-mang\" width=\"185\" height=\"126\" \/><\/a><br \/>\n<\/span><\/strong><\/span><\/p>\n<p><em>Vastlap\u00e4eva r\u00f6\u00f6pnimedeks on olnud liugup\u00e4ev, pudrup\u00e4ev ja lihaheide. Lihaheite nimetus v\u00f5ib olla tulnud vastlap\u00e4evale j\u00e4rgnenud suurest paastust, aga ka asjaolust, et talvisest loomatapust oli varakevadeks enamasti liha otsakorral. Viimaks v\u00f5eti seajalad ja keedeti neist leent ja rasva v\u00e4lja, ka koos herneste v\u00f5i ubadega. Keedeti ka tanguputru viimaste lihariismetega. Et piim oli lahti l\u00e4inud, hakati liha asemel rohkem piimas\u00f6\u00f6ke ja v\u00f5id s\u00f6\u00f6ma.<\/em><\/p>\n<p><em>Vastlarasva s\u00f5rmedelt \u00e4ra ei lakutud ja palgeid rasval\u00e4ikest puhtaks ka ei n\u00fchitud \u2013 muidu pidavat suvel terariistad k\u00f5ik kergesti s\u00f5rme hakkama.<\/em><\/p>\n<p><em>Seajalgadest j\u00e4\u00e4nud kondid viidi lauta sigadele asemete alla \u2013 see pidi sigade kasvule hea olema. Kontidest tehti ka <a title=\"Vurr\" href=\"https:\/\/et.wikipedia.org\/wiki\/Vurr\">vurre<\/a>. Vurritamisel arvatakse olevat algselt olnud maagiline funktsioon.<\/em><\/p>\n<p><em>Vastlap\u00e4eval k\u00fcpsetati leiba ja karaskit; veel tehti \u00fcks v\u00e4ike kakk, mis hoiti alles ja anti karjasele kaasa siis, kui too esimest korda loomadega v\u00e4lja l\u00e4ks. Poole antud p\u00e4tsist pidi karjane k\u00f5igi elajate vahel \u00e4ra jagama, teise poole aga \u00f5htul puutumatult peremehele tagasi tooma. Sellest j\u00e4relej\u00e4\u00e4nud osast poetati terve aasta otsa raasukesi igale poole t\u00e4htsamatesse paikadesse ja toimetustesse.<\/em><\/p>\n<p><em>Vastlap\u00e4eval lasti liugu, et kindlustada hea linasaak. Lisaks lauldi ja loitsiti liu laskmise ajal linaloitsu, kus k\u00f5ik saaki ohustavad umbrohud \u00fcles loeti, et neid siis linap\u00f5ldudelt \u00e4ra peletada. Mida pikem liug, seda rohkem kahjutegijaid sai \u00fcles loetud ja seda parem saak usuti ka tulevat. M\u00f5nel pool tehti m\u00e4eveerule eelmise aasta linaluudest l\u00f5kked \u00fcles, millest siis liuglejad l\u00e4bi pidid libisema, et puhtaks saada. Vastlap\u00e4eval k\u00e4idi k\u00fclas \u2013 mida kaugemale k\u00fclla mindi, seda pikemad linad kasvasid.<\/em><\/p>\n<p><em>Vastlap\u00e4ev oli paljuski naiste p\u00fcha- naised k\u00e4isid sel p\u00e4eval k\u00f5rtsis linapikkust joomas. Seda joodi enamasti otse pudelist \u2013 siis sai ikka pikka voolu, mis pidi taas linadele lisakasvu andma.<\/em><\/p>\n<p><em>Vastlap\u00e4eval ei tohtinud toas tuld \u00fcles v\u00f5tta. Arvati, et vastlap\u00e4eval peab valgega magama minema, muidu ei saada suviseks kiire-ajaks oma und t\u00e4is magatud. Vahel k\u00f6eti hoopis saun \u00fcles ja noored istusid seal koos.<\/em><\/p>\n<p><em>Et vastlap\u00e4ev on noore kuu aeg, siis niideti sel p\u00e4eval lambaid v\u00f5i l\u00f5igati lammastel v\u00e4hemalt tukad \u00e4ra \u2013 see pidi selle \u00e4ra hoidma, et n\u00f5iad ei saanud \u00f6\u00f6sel v\u00f5\u00f5rasse lauta tulla lamba\u00f5nne \u00e4ra l\u00f5ikama. Teati ka r\u00e4\u00e4kida, et kui keegi vastla\u00f6\u00f6l endale \u00fcheksast laudast villa toob ja sellest siis kindad koob, v\u00f5ib ta neid kindaid kandes astuda \u00fcksk\u00f5ik missuguse kohtu ette \u00fcksk\u00f5ik mis jutuga ja alati \u00f5iguse saada.<\/em><\/p>\n<p><em>Veel keerati pihlakaokstest kaar ja aeti loomad ning m\u00f5nel puhul ka inimesed sealt alt l\u00e4bi k\u00f5ndima.<\/em><\/p>\n<p><em>M\u00f5nedes paikades oli kombeks \u00fchiselt valmistada <a title=\"Metsik\" href=\"https:\/\/et.wikipedia.org\/wiki\/Metsik\">Metsik<\/a> \u2013 \u00f5lgedest inimesekuju, millele riided (vaheldumisi \u00fcks aasta naise-, teine aasta meheriided) selga pandi. Metsiku sisse peideti ja m\u00f5eldi k\u00f5ik halvad asjad, mis siis erilise loitsuv\u00f6\u00f6ga \u00f5lenuku sisse hoolsasti kinni seoti. P\u00e4rast viidi see kuju k\u00fclast suure kisaga v\u00e4lja metsaveerde v\u00f5i selleks p\u00fcsti aetud posti otsa ja pandi p\u00f5lema. Hiljem p\u00fc\u00fcti p\u00f5lenud j\u00e4\u00e4nuste j\u00e4rgi vaadata, millest lahti saadi ja mis uuesti v\u00e4lja p\u00e4\u00e4ses v\u00f5i siis h\u00e4vimata j\u00e4i.<\/em><\/p>\n<p><em>Kui vastlap\u00e4ev sattus h\u00e4sti noorde kuusse, siis \u00f6eldi, et see on \u201cn\u00f5rk vastel\u201d. See lubas varajast kevadet. Kui kuu juhtus olema veel noorem kui kolm p\u00e4eva, siis pidi eriti hea vilja-aasta tulema. Samamoodi ennustas vastlatuisk head viljasaaki ja palju marju.<\/em><\/p>\n<p><em>Naised uskusid, et kui vastlakuu laseb ennast vaadata, siis saab tema k\u00e4est endale aastaks ilu ja tervist n\u00f5utada. Juukseid kammiti hoolega. Usuti, et kui t\u00fcdruk l\u00e4heb vastlap\u00e4eva \u00f6\u00f6sel ristteele, teeb lume sisse hernestest risti ja selle kohal k\u00fckitades h\u00e4da teeb, v\u00f5ib kutsuda v\u00e4lja <a title=\"Vanapagan\" href=\"https:\/\/et.wikipedia.org\/wiki\/Vanapagan\">Vanat\u00fchja<\/a>, kes sellise teo peale igasuguse soovi v\u00f5is t\u00e4ita.<\/em><\/p>\n<\/div>\n<p><strong>Teadmiseks: <\/strong>Muraste igan\u00e4dalase e-infokirjaga liitumiseks saada sellekohane teade muraste@muraste.ee<br \/>\n<strong>Muraste kogukonnakeskus<\/strong><span style=\"color: #ff9900;\"><br \/>\n<span style=\"color: #000000;\">(<\/span><\/span>Lee tee 9, Muraste) avatud E-N 10-18, R 10-16.<br \/>\nT\u00e4psustused ja info: kogukonnakeskus@muraste.ee;<br \/>\n5253128 (Aule Kikas).<\/p>\n","protected":false},"excerpt":{"rendered":"<p>N\u00c4DAL \u00a09 MURASTES* *AT- koolimaja aatrium, SP- spordihoone; KO-kogukonnakeskuse ruum; \u00a0 KL- klassiruum; PL-Pangapealse lasteaed, PLF- Pangapealse lasteaia filiaali ruum Muraste koolimajas\u00a0 Kui ma vaatan aknast v\u00e4lja, lumi j\u00e4lle sajab. L\u00f5bus tuul mu ukse taga hange kokku ajab. Kurvalt longus kellukesed ootavad aprilli. Pajutudu juba oksal m\u00e4ngib pajupilli. P\u00e4ike peidust v\u00e4lja tuleb, soojendab ja paitab,<a class=\"moretag\" href=\"https:\/\/muraste.ee\/vana\/?page_id=3471\"><br \/>&#8230;Loe edasi<\/a><\/p>\n","protected":false},"author":2,"featured_media":0,"parent":0,"menu_order":0,"comment_status":"closed","ping_status":"closed","template":"","meta":{"_bbp_topic_count":0,"_bbp_reply_count":0,"_bbp_total_topic_count":0,"_bbp_total_reply_count":0,"_bbp_voice_count":0,"_bbp_anonymous_reply_count":0,"_bbp_topic_count_hidden":0,"_bbp_reply_count_hidden":0,"_bbp_forum_subforum_count":0,"_mc_calendar":[]},"_links":{"self":[{"href":"https:\/\/muraste.ee\/vana\/index.php?rest_route=\/wp\/v2\/pages\/3471"}],"collection":[{"href":"https:\/\/muraste.ee\/vana\/index.php?rest_route=\/wp\/v2\/pages"}],"about":[{"href":"https:\/\/muraste.ee\/vana\/index.php?rest_route=\/wp\/v2\/types\/page"}],"author":[{"embeddable":true,"href":"https:\/\/muraste.ee\/vana\/index.php?rest_route=\/wp\/v2\/users\/2"}],"replies":[{"embeddable":true,"href":"https:\/\/muraste.ee\/vana\/index.php?rest_route=%2Fwp%2Fv2%2Fcomments&post=3471"}],"version-history":[{"count":3,"href":"https:\/\/muraste.ee\/vana\/index.php?rest_route=\/wp\/v2\/pages\/3471\/revisions"}],"predecessor-version":[{"id":3526,"href":"https:\/\/muraste.ee\/vana\/index.php?rest_route=\/wp\/v2\/pages\/3471\/revisions\/3526"}],"wp:attachment":[{"href":"https:\/\/muraste.ee\/vana\/index.php?rest_route=%2Fwp%2Fv2%2Fmedia&parent=3471"}],"curies":[{"name":"wp","href":"https:\/\/api.w.org\/{rel}","templated":true}]}}