{"id":35,"date":"2016-04-02T18:40:35","date_gmt":"2016-04-02T15:40:35","guid":{"rendered":"https:\/\/muraste.ee\/vana\/?page_id=35"},"modified":"2024-09-10T17:53:21","modified_gmt":"2024-09-10T14:53:21","slug":"avaleht","status":"publish","type":"page","link":"https:\/\/muraste.ee\/vana\/?page_id=35","title":{"rendered":"Avaleht"},"content":{"rendered":"<h1 style=\"text-align: center;\"><span style=\"color: #ff6600;\"><strong>Rubriigis <a href=\"https:\/\/muraste.ee\/vana\/\">UUDISED<\/a> saad teada, mis toimub Murastes just sellel n\u00e4dalal v\u00f5i kuul!<\/strong><\/span><\/h1>\n\n\n<p class=\"has-text-align-center has-large-font-size\"><strong>\u00dcRITUSED MURASTES<\/strong><\/p>\n\n\n\n<p class=\"has-medium-font-size\"><\/p>\n\n\n<div class=\"wp-block-image\">\n<figure class=\"aligncenter size-large is-resized\"><a href=\"https:\/\/muraste.ee\/vana\/wp-content\/uploads\/2024\/09\/456328433_517066244302510_3531078722612463679_n.jpg\"><img decoding=\"async\" loading=\"lazy\" src=\"https:\/\/muraste.ee\/vana\/wp-content\/uploads\/2024\/09\/456328433_517066244302510_3531078722612463679_n-724x1024.jpg\" alt=\"\" class=\"wp-image-10716\" width=\"432\" height=\"611\" srcset=\"https:\/\/muraste.ee\/vana\/wp-content\/uploads\/2024\/09\/456328433_517066244302510_3531078722612463679_n-724x1024.jpg 724w, https:\/\/muraste.ee\/vana\/wp-content\/uploads\/2024\/09\/456328433_517066244302510_3531078722612463679_n-212x300.jpg 212w, https:\/\/muraste.ee\/vana\/wp-content\/uploads\/2024\/09\/456328433_517066244302510_3531078722612463679_n-768x1086.jpg 768w, https:\/\/muraste.ee\/vana\/wp-content\/uploads\/2024\/09\/456328433_517066244302510_3531078722612463679_n-1086x1536.jpg 1086w, https:\/\/muraste.ee\/vana\/wp-content\/uploads\/2024\/09\/456328433_517066244302510_3531078722612463679_n-624x883.jpg 624w, https:\/\/muraste.ee\/vana\/wp-content\/uploads\/2024\/09\/456328433_517066244302510_3531078722612463679_n.jpg 1448w\" sizes=\"(max-width: 432px) 100vw, 432px\" \/><\/a><\/figure><\/div>\n\n<div class=\"wp-block-image\">\n<figure class=\"aligncenter size-large is-resized\"><a href=\"https:\/\/muraste.ee\/vana\/wp-content\/uploads\/2024\/09\/2024-sunnip.jpg\"><img decoding=\"async\" loading=\"lazy\" src=\"https:\/\/muraste.ee\/vana\/wp-content\/uploads\/2024\/09\/2024-sunnip-1024x724.jpg\" alt=\"\" class=\"wp-image-10705\" width=\"495\" height=\"350\" srcset=\"https:\/\/muraste.ee\/vana\/wp-content\/uploads\/2024\/09\/2024-sunnip-1024x724.jpg 1024w, https:\/\/muraste.ee\/vana\/wp-content\/uploads\/2024\/09\/2024-sunnip-300x212.jpg 300w, https:\/\/muraste.ee\/vana\/wp-content\/uploads\/2024\/09\/2024-sunnip-768x543.jpg 768w, https:\/\/muraste.ee\/vana\/wp-content\/uploads\/2024\/09\/2024-sunnip-1536x1086.jpg 1536w, https:\/\/muraste.ee\/vana\/wp-content\/uploads\/2024\/09\/2024-sunnip-2048x1448.jpg 2048w, https:\/\/muraste.ee\/vana\/wp-content\/uploads\/2024\/09\/2024-sunnip-624x441.jpg 624w\" sizes=\"(max-width: 495px) 100vw, 495px\" \/><\/a><\/figure><\/div>\n\n<div class=\"wp-block-image\">\n<figure class=\"aligncenter size-large is-resized\"><a href=\"https:\/\/muraste.ee\/vana\/wp-content\/uploads\/2024\/09\/Puhapaev-ponnidegs.jpg\"><img decoding=\"async\" loading=\"lazy\" src=\"https:\/\/muraste.ee\/vana\/wp-content\/uploads\/2024\/09\/Puhapaev-ponnidegs-1024x724.jpg\" alt=\"\" class=\"wp-image-10706\" width=\"503\" height=\"356\" srcset=\"https:\/\/muraste.ee\/vana\/wp-content\/uploads\/2024\/09\/Puhapaev-ponnidegs-1024x724.jpg 1024w, https:\/\/muraste.ee\/vana\/wp-content\/uploads\/2024\/09\/Puhapaev-ponnidegs-300x212.jpg 300w, https:\/\/muraste.ee\/vana\/wp-content\/uploads\/2024\/09\/Puhapaev-ponnidegs-768x543.jpg 768w, https:\/\/muraste.ee\/vana\/wp-content\/uploads\/2024\/09\/Puhapaev-ponnidegs-1536x1086.jpg 1536w, https:\/\/muraste.ee\/vana\/wp-content\/uploads\/2024\/09\/Puhapaev-ponnidegs-2048x1448.jpg 2048w, https:\/\/muraste.ee\/vana\/wp-content\/uploads\/2024\/09\/Puhapaev-ponnidegs-624x441.jpg 624w\" sizes=\"(max-width: 503px) 100vw, 503px\" \/><\/a><\/figure><\/div>\n\n\n<p class=\"has-text-align-center\"><strong>VAATA T\u00c4PSEMAT INFOT HUVIRINGIDE KOHTA RUBRIIGIST &#8220;UUDISED&#8221;<\/strong><\/p>\n\n\n<div class=\"wp-block-image\">\n<figure class=\"aligncenter size-large\"><a href=\"https:\/\/muraste.ee\/vana\/wp-content\/uploads\/2024\/09\/Muraste-huviringid.jpg\"><img decoding=\"async\" loading=\"lazy\" width=\"1024\" height=\"724\" src=\"https:\/\/muraste.ee\/vana\/wp-content\/uploads\/2024\/09\/Muraste-huviringid-1024x724.jpg\" alt=\"\" class=\"wp-image-10725\" srcset=\"https:\/\/muraste.ee\/vana\/wp-content\/uploads\/2024\/09\/Muraste-huviringid-1024x724.jpg 1024w, https:\/\/muraste.ee\/vana\/wp-content\/uploads\/2024\/09\/Muraste-huviringid-300x212.jpg 300w, https:\/\/muraste.ee\/vana\/wp-content\/uploads\/2024\/09\/Muraste-huviringid-768x543.jpg 768w, https:\/\/muraste.ee\/vana\/wp-content\/uploads\/2024\/09\/Muraste-huviringid-1536x1086.jpg 1536w, https:\/\/muraste.ee\/vana\/wp-content\/uploads\/2024\/09\/Muraste-huviringid-2048x1448.jpg 2048w, https:\/\/muraste.ee\/vana\/wp-content\/uploads\/2024\/09\/Muraste-huviringid-624x441.jpg 624w\" sizes=\"(max-width: 1024px) 100vw, 1024px\" \/><\/a><\/figure><\/div>","protected":false},"excerpt":{"rendered":"<p>Rubriigis UUDISED saad teada, mis toimub Murastes just sellel n\u00e4dalal v\u00f5i kuul! \u00dcRITUSED MURASTES VAATA T\u00c4PSEMAT INFOT HUVIRINGIDE KOHTA RUBRIIGIST &#8220;UUDISED&#8221;<\/p>\n","protected":false},"author":1,"featured_media":0,"parent":0,"menu_order":0,"comment_status":"closed","ping_status":"closed","template":"","meta":{"_bbp_topic_count":0,"_bbp_reply_count":0,"_bbp_total_topic_count":0,"_bbp_total_reply_count":0,"_bbp_voice_count":0,"_bbp_anonymous_reply_count":0,"_bbp_topic_count_hidden":0,"_bbp_reply_count_hidden":0,"_bbp_forum_subforum_count":0,"_mc_calendar":[]},"_links":{"self":[{"href":"https:\/\/muraste.ee\/vana\/index.php?rest_route=\/wp\/v2\/pages\/35"}],"collection":[{"href":"https:\/\/muraste.ee\/vana\/index.php?rest_route=\/wp\/v2\/pages"}],"about":[{"href":"https:\/\/muraste.ee\/vana\/index.php?rest_route=\/wp\/v2\/types\/page"}],"author":[{"embeddable":true,"href":"https:\/\/muraste.ee\/vana\/index.php?rest_route=\/wp\/v2\/users\/1"}],"replies":[{"embeddable":true,"href":"https:\/\/muraste.ee\/vana\/index.php?rest_route=%2Fwp%2Fv2%2Fcomments&post=35"}],"version-history":[{"count":109,"href":"https:\/\/muraste.ee\/vana\/index.php?rest_route=\/wp\/v2\/pages\/35\/revisions"}],"predecessor-version":[{"id":10739,"href":"https:\/\/muraste.ee\/vana\/index.php?rest_route=\/wp\/v2\/pages\/35\/revisions\/10739"}],"wp:attachment":[{"href":"https:\/\/muraste.ee\/vana\/index.php?rest_route=%2Fwp%2Fv2%2Fmedia&parent=35"}],"curies":[{"name":"wp","href":"https:\/\/api.w.org\/{rel}","templated":true}]}}