{"id":3522,"date":"2017-03-12T16:55:59","date_gmt":"2017-03-12T14:55:59","guid":{"rendered":"https:\/\/muraste.ee\/vana\/?page_id=3522"},"modified":"2017-03-12T16:55:59","modified_gmt":"2017-03-12T14:55:59","slug":"nadal-10-3","status":"publish","type":"page","link":"https:\/\/muraste.ee\/vana\/?page_id=3522","title":{"rendered":"N\u00e4dal 10"},"content":{"rendered":"<h2 style=\"text-align: center;\"><span style=\"color: #ff6600;\"><strong>N\u00c4DAL \u00a010 MURASTES*<br \/>\n6.- 12. m\u00e4rts 2017<\/strong><\/span><\/h2>\n<h5 style=\"text-align: center;\"><strong><span style=\"color: #999999;\"><em>*AT- koolimaja aatrium, SP- spordihoone; KO-kogukonnakeskuse ruum; \u00a0 KL- klassiruum; PL-Pangapealse lasteaed, PLF- Pangapealse lasteaia filiaali ruum Muraste koolimajas\u00a0<a href=\"https:\/\/muraste.ee\/vana\/wp-content\/uploads\/2016\/03\/naissaarkivi.jpg\" rel=\"attachment wp-att-2540\"><br \/>\n<\/a><\/em><\/span><\/strong><\/h5>\n<p><em><a href=\"https:\/\/muraste.ee\/vana\/wp-content\/uploads\/2016\/03\/Galanthus_nivalis_2202.jpg\" rel=\"attachment wp-att-3480\"><img decoding=\"async\" loading=\"lazy\" class=\"size-medium wp-image-3480 alignleft\" src=\"https:\/\/muraste.ee\/vana\/wp-content\/uploads\/2016\/03\/Galanthus_nivalis_2202-300x225.jpg\" alt=\"Galanthus_nivalis_2202\" width=\"300\" height=\"225\" srcset=\"https:\/\/muraste.ee\/vana\/wp-content\/uploads\/2016\/03\/Galanthus_nivalis_2202-300x225.jpg 300w, https:\/\/muraste.ee\/vana\/wp-content\/uploads\/2016\/03\/Galanthus_nivalis_2202-768x576.jpg 768w, https:\/\/muraste.ee\/vana\/wp-content\/uploads\/2016\/03\/Galanthus_nivalis_2202-1024x768.jpg 1024w, https:\/\/muraste.ee\/vana\/wp-content\/uploads\/2016\/03\/Galanthus_nivalis_2202-624x468.jpg 624w, https:\/\/muraste.ee\/vana\/wp-content\/uploads\/2016\/03\/Galanthus_nivalis_2202.jpg 2048w\" sizes=\"(max-width: 300px) 100vw, 300px\" \/><\/a><\/em><\/p>\n<p><em><br \/>\n<span style=\"color: #808000;\">Aedades, parkides, aasadel,<\/span><\/em><br \/>\n<span style=\"color: #808000;\"><em>h\u00e4\u00e4letult heliseb juba \u00fcks kell.<\/em><\/span><br \/>\n<span style=\"color: #808000;\"><em>Kelluke kuulutab seda, et<\/em><\/span><br \/>\n<span style=\"color: #808000;\"><em>maap\u00f5ues pakitseb kevadet.<\/em><\/span><br \/>\n<span style=\"color: #808000;\"><em>Mugul muigab mullap\u00f5ues,<\/em><\/span><br \/>\n<span style=\"color: #808000;\"><em>valge \u00f5is l\u00f6\u00f6b kella \u00f5ues.\u00a0<\/em><\/span><\/p>\n<p><span style=\"color: #808000;\"><em>(Ilmar Trull, Lumikelluke)<\/em><\/span><\/p>\n<p><span style=\"color: #ff6600;\"><span style=\"color: #99cc00;\"><span style=\"color: #008000;\"><strong><span style=\"color: #ff6600;\">Esmasp\u00e4ev, \u00a06.m\u00e4rts<\/span><br \/>\n<\/strong><\/span><\/span><\/span>kl 14-15 AT, Tallinna Tantsuklubi &#8220;My Dance&#8221; <strong>showtants<\/strong>. \u00a0Igale liitujale klubi s\u00e4rk tasuta. Rohkem infot www.mydance.ee<br \/>\nkl 15-16.30 SP, Judoklubi &#8220;Aitado&#8221;\u00a0<strong>Judo<\/strong> (7-9 a), Rohkem infot sensei Edward Murel, murel.edward@gmail.com<br \/>\nkl 15.30-18.30 KL, <strong>Eelkool<\/strong> (1.grupp). Juhendab Kristi Bauman. Info www.huviringid.ee<br \/>\nkl 16.30-18.30 SP, <strong>K\u00e4sipall<\/strong> (1-5 kl); Info HC Tallinn, www.hctallinn.ee<br \/>\nkl 17.30 KO, <strong>Kandleansambel<\/strong> <strong>LiULi <\/strong><em>(\u00fcle n\u00e4dala)<br \/>\n<a href=\"https:\/\/muraste.ee\/vana\/wp-content\/uploads\/2016\/03\/Aiaselts_06.03.jpg\" rel=\"attachment wp-att-3487\"><img decoding=\"async\" loading=\"lazy\" class=\"size-medium wp-image-3487 alignright\" src=\"https:\/\/muraste.ee\/vana\/wp-content\/uploads\/2016\/03\/Aiaselts_06.03-202x300.jpg\" alt=\"Aiaselts_06.03\" width=\"202\" height=\"300\" srcset=\"https:\/\/muraste.ee\/vana\/wp-content\/uploads\/2016\/03\/Aiaselts_06.03-202x300.jpg 202w, https:\/\/muraste.ee\/vana\/wp-content\/uploads\/2016\/03\/Aiaselts_06.03.jpg 494w\" sizes=\"(max-width: 202px) 100vw, 202px\" \/><\/a><\/em>kl 18 KO,<strong> <span style=\"color: #ff0000;\">UUS!<\/span>\u00a0Harku Valla Aiaselts kutsub: Ootad elevusega kevadet?<\/strong><em> Vahetame inspiratsiooni eelseisvatest kevadplaanidest, ettekasvatamisest, paljundamisest; anname n\u00f5u ning vaatame pilte aedadest. V\u00f5ta kaasa vahetamiseks seemneid ning tule jagama huvi, m\u00f5tteid ja tegutsemistahet!<\/em><br \/>\nkl 19 AT, <strong>Suurupi naiskoor Meretule<br \/>\n<\/strong>kl 19.00 PLF,\u00a0<span style=\"color: #000000;\"><strong>Hatha Krija jooga, <\/strong><\/span>juhendab Gristel Pagi<br \/>\nkl 20 PL, <strong>Zumba fitness &#8211; tantsuline treening<br \/>\n<\/strong><\/p>\n<p><span style=\"color: #ff0000;\"><strong><span style=\"color: #99cc00;\"><span style=\"color: #ff6600;\">Teisip\u00e4ev, 7. m\u00e4rts<\/span><\/span><br \/>\n<\/strong><\/span>kl 14.40 <strong>Fa Stuudio muusikaring<\/strong>. \u00a0Rohkem infot fastuudio@gmail.com v\u00f5i tel 5160031.<br \/>\nkl 15-16.30 <strong>Korvpall<\/strong> (1-5 klass); juhendab Chris Moore (Tabasalu Palliklubi). Info tabasalupk@rim.ee<br \/>\nkl 15 AT, <strong>V\u00f5istlustantsu teeningud algajatele lastele<\/strong> (info www.tantsumeka.ee, Matis Toome, tel 59190800)<br \/>\nkl 16.30-18.30 SP, <strong>K\u00e4sipall<\/strong> (1-5 kl); Info HC Tallinn, www.hctallinn.ee<br \/>\nkl 18 KL\u00a0<strong>Inglise keele kursus <\/strong><em>(algteadmisi omajatel on v\u00f5imalus liituda ka juba t\u00f6\u00f6tava grupiga).<\/em><strong>\u00a0<\/strong>K\u00fcsi lisa juhendajalt tel 56575575.<br \/>\nkl 18 KL,\u00a0<strong>Inglise keele vestlusring<\/strong> James Gill\u00b4i juhendamisel. K\u00f5ik inglise keelt praktiseerida soovijad on oodatud!<a href=\"https:\/\/muraste.ee\/vana\/wp-content\/uploads\/2016\/03\/danc.jpg\" rel=\"attachment wp-att-3466\"><img decoding=\"async\" loading=\"lazy\" class=\"size-full wp-image-3466 alignleft\" src=\"https:\/\/muraste.ee\/vana\/wp-content\/uploads\/2016\/03\/danc.jpg\" alt=\"danc\" width=\"225\" height=\"225\" srcset=\"https:\/\/muraste.ee\/vana\/wp-content\/uploads\/2016\/03\/danc.jpg 225w, https:\/\/muraste.ee\/vana\/wp-content\/uploads\/2016\/03\/danc-150x150.jpg 150w\" sizes=\"(max-width: 225px) 100vw, 225px\" \/><\/a><br \/>\nkl 19-20.30 SP, <strong>V\u00f5rkpall <\/strong><em>(naised\/mehed)- oodatud on k\u00f5ik v\u00f5rkpallihuvilised!;<\/em><br \/>\nkl 18.30-19.45 AT<strong>, Seltskonnatantsu j\u00e4tkukursus (7. m\u00e4rts &#8211; 25. aprill)<\/strong>.<em><strong><span style=\"color: #ff0000;\">\u00a0UUS <\/span><span style=\"color: #ff0000;\">algajate kursus alustab juba 2. mail ning kohti veel on!<\/span> <\/strong><\/em><br \/>\nkl 19.45-21.15 AT <strong>Seltskonnatantsude harjutustund<\/strong> &#8211; v\u00f5imalus \u00f5pitut kinnistada ja toredas seltskonnas jalga keerutada. Osalus 6\u20ac\/in<br \/>\nkl 19 \u00a0<strong>Talisuplus Tilgu sadamas<\/strong>. Rohkem infot FB\u00a0grupp Taliujumine Tilgus<br \/>\n<span style=\"color: #008000;\"><strong><br \/>\n<span style=\"color: #ff6600;\">Kolmap\u00e4ev, \u00a08. m\u00e4rts, naistep\u00e4ev:)<a href=\"https:\/\/muraste.ee\/vana\/wp-content\/uploads\/2016\/03\/naistep.png\" rel=\"attachment wp-att-3493\"><img decoding=\"async\" loading=\"lazy\" class=\"alignright wp-image-3493 size-thumbnail\" src=\"https:\/\/muraste.ee\/vana\/wp-content\/uploads\/2016\/03\/naistep-150x150.png\" alt=\"naistep\" width=\"150\" height=\"150\" srcset=\"https:\/\/muraste.ee\/vana\/wp-content\/uploads\/2016\/03\/naistep-150x150.png 150w, https:\/\/muraste.ee\/vana\/wp-content\/uploads\/2016\/03\/naistep-300x300.png 300w, https:\/\/muraste.ee\/vana\/wp-content\/uploads\/2016\/03\/naistep.png 500w\" sizes=\"(max-width: 150px) 100vw, 150px\" \/><\/a><\/span><\/strong><\/span><br \/>\nkl 14-15 AT, Tallinna Tantsuklubi &#8220;My Dance&#8221;<strong>showtants<\/strong>. 2x n\u00e4dalas\/30\u20ac kuu. Igale liitujale klubi s\u00e4rk tasuta. Rohkem infot www.mydance.ee<br \/>\nkl 15-16.00 SP, <strong>Jalgpall<\/strong>, (1-5 kl). Info: Harju Jalgpallikool<br \/>\nkl 15.30-18.30 KL, <strong>Eelkool<\/strong> (2.grupp). Juhendab Kristi Bauman. Info www.huviringid.ee<br \/>\nkl 16.00-17,30 \u00a0SP, Judoklubi &#8220;Aitado&#8221;\u00a0<strong>Judo<\/strong> (7-9 a), Rohkem infot sensei Edward Murel, murel.edward@gmail.com<br \/>\nkl 17 KL, <strong>Mudelismiring<\/strong> algajatele, juhendaja Andres Madissoo, info 5259021<br \/>\nkl 18 KL, <strong>Mudelismiring<\/strong> edasij\u00f5udnutele,\u00a0juhendaja Andres Madissoo, info 5259021<br \/>\nkl 18.00 AT, <strong>Line-tants\u00a0<\/strong>INFO: <a href=\"mailto:kristin@huviline.ee\">kristin@huviline.ee<\/a> v\u00f5i tel 51923590. Osalustasu 5\u20ac\/kord.<br \/>\nkl 19-20.30 SP, <strong><span style=\"color: #000000;\">V\u00f5r<\/span>kpall <\/strong><em>(mehed); <span style=\"color: #ff0000;\"><strong>NB! MEHED, TULGE K\u00d5IK PALLI M\u00c4NGIMA &#8211; v\u00f5rguplats ootab!<\/strong><\/span><\/em><br \/>\n<span style=\"color: #000000;\">kl\u00a019.30 AT,\u00a0<strong><span style=\"color: #993366;\">\u00a0<\/span>K<\/strong><\/span><strong>undalin-jooga.\u00a0<\/strong> \u00dche joogatunni tasu on 10 \u20ac; 10\u00a0korra kaart 90 \u20ac. Rohkem teavet algi.samm@mail.ee\u00a0, tel 5019402.<em> Kundalini jooga on iidne, inimkogemusel p\u00f5hinev terviklik ja praktiline joogateaduste s\u00fcsteem, mis sobib igale inimesele kaasaegses \u00fchiskonnas. \u00d5petaja s\u00f5num selleks kuuks:\u00a0<\/em>m\u00e4rtsikuus praktiseerime krijat, mille abil tugevdad n\u00e4rvi-ja n\u00e4\u00e4rmes\u00fcsteemi, muudad keha painduvamaks, parandad r\u00fchti.\u00a0Kahel m\u00e4rtsikuu kolmap\u00e4eval, 22.03 ja 29.03, annab joogatundi k\u00fclalis\u00f5petaja Sotantar Kaur.<\/p>\n<p><span style=\"color: #008000;\"><strong><span style=\"color: #ff6600;\">Neljap\u00e4ev, 9. m\u00e4rts<img decoding=\"async\" loading=\"lazy\" class=\"size-medium wp-image-3262 alignright\" src=\"https:\/\/muraste.ee\/vana\/wp-content\/uploads\/2016\/03\/veebi-205x300.jpg\" alt=\"veebi\" width=\"205\" height=\"300\" srcset=\"https:\/\/muraste.ee\/vana\/wp-content\/uploads\/2016\/03\/veebi-205x300.jpg 205w, https:\/\/muraste.ee\/vana\/wp-content\/uploads\/2016\/03\/veebi-624x913.jpg 624w, https:\/\/muraste.ee\/vana\/wp-content\/uploads\/2016\/03\/veebi.jpg 656w\" sizes=\"(max-width: 205px) 100vw, 205px\" \/><br \/>\n<\/span><\/strong><\/span><span style=\"color: #ff6600;\"><span style=\"color: #339966;\"><span style=\"color: #000000;\">kl 15-16.00 SP, <strong>Jalgpall<\/strong>, (1-5 kl). Info: Harju Jalgpallikool<\/span><\/span><\/span><br \/>\nkl 15 AT, <strong>v\u00f5istlustantsu treeningud algajatele lastele<\/strong> (info www.tantsumeka.ee, Matis Toome, tel 59190800)<br \/>\nkl 16.30-18.30 SP, <strong>K\u00e4sipall<\/strong> (1-5 kl); Info HC Tallinn, www.hctallinn.ee<br \/>\nkl 16 <span style=\"color: #ff0000;\"><strong>UUS ALGUSAEG!<\/strong><\/span>\u00a0\u00a0<strong>Skautide kogunemine. \u00a0<\/strong>Rohkem infot www.skaut.ee; sten.luik@gmail.com<\/p>\n<p><span style=\"color: #ff0000;\"><strong>kl 19 AT, UUS! <span style=\"color: #000000;\">Marek Sadam ja T\u00f5nu Laikre kontsert &#8220;Eesti Naine&#8221;<\/span><\/strong><span style=\"color: #000000;\"> <em>(piletid saadaval!)<\/em><\/span><\/span><\/p>\n<p><span style=\"color: #ff6600;\"><span style=\"color: #000000;\">kl 19 \u00a0<strong>Talisuplus Tilgu sadamas. <\/strong>Rohkem infot FB\u00a0grupp Taliujumine Tilgus<br \/>\nkl 20\u00a0PL,\u00a0<strong>Zumba fitness &#8211; tantsuline treening<\/strong><br \/>\n<\/span><\/span><\/p>\n<p><span style=\"color: #008000;\"><strong><span style=\"color: #ff6600;\">Reede, 10.\u00a0m\u00e4rts<\/span><br \/>\n<\/strong><\/span>kl 15-16.30 SP,\u00a0<strong>Korvpall<\/strong> (1-5 klass); juhendab Chris Moore (Tabasalu Palliklubi). Info tabasalupk@rim.ee<br \/>\n<a href=\"https:\/\/muraste.ee\/vana\/wp-content\/uploads\/2016\/03\/Aikido_Pictogram.svg_.png\" rel=\"attachment wp-att-3204\"><img decoding=\"async\" loading=\"lazy\" class=\"wp-image-3204 size-thumbnail alignleft\" src=\"https:\/\/muraste.ee\/vana\/wp-content\/uploads\/2016\/03\/Aikido_Pictogram.svg_-150x150.png\" alt=\"Aikido_Pictogram.svg\" width=\"150\" height=\"150\" \/><\/a>kl 18.30 SP, Muraste turvagrupp kutsub osalema kursusel<strong><span style=\"color: #99cc00;\">\u00a0<a style=\"color: #99cc00;\" href=\"https:\/\/www.youtube.com\/watch?v=E32WMhokIIM&amp;feature=youtu.be\">Enesekaitse alused l\u00e4bi aikido<\/a>.<\/span>\u00a0\u00a0<\/strong>Jalga pika s\u00e4\u00e4rega dressid, selga t-s\u00e4rk v\u00f5i kimono. Rohkem infot kogukonnakeskusest v\u00f5i Evar Ojasaarelt (eojasaar@gmail.com).<\/p>\n<div class=\"_1mf _1mj\" data-offset-key=\"cki46-0-0\"><\/div>\n<div class=\"_1mf _1mj\" data-offset-key=\"cki46-0-0\"><\/div>\n<div class=\"_1mf _1mj\" data-offset-key=\"cki46-0-0\"><strong><span style=\"color: #ff6600;\">Laup\u00e4ev, 11.\u00a0m\u00e4rts<\/span><\/strong><\/div>\n<div class=\"_1mf _1mj\" data-offset-key=\"cki46-0-0\"><\/div>\n<div class=\"_1mf _1mj\" data-offset-key=\"cki46-0-0\">kell 12-15.30 AT, \u00a0<strong><span style=\"color: #ff0000;\">UUS!\u00a0<\/span>Turvalisuse p\u00e4ev <a href=\"https:\/\/muraste.ee\/vana\/?p=3314\" target=\"_blank\">&#8220;Kas valvan ise v\u00f5i loodan teistele?&#8221;<\/a><\/strong><\/div>\n<div class=\"_1mf _1mj\" data-offset-key=\"cki46-0-0\"><\/div>\n<div class=\"_1mf _1mj\" data-offset-key=\"cki46-0-0\">11. m\u00e4rtsil kell 16<strong>\u00a0<span style=\"color: #ff0000;\">UUS! \u00a0<\/span>Kontsert: Laval ainult naised! \u00a0<\/strong><em>Esinevad Suurupi naiskoor Meretule, naisrahvatantsur\u00fchmad: Harku Harakad, T\u00dcG neiud<\/em><\/div>\n<div class=\"_1mf _1mj\" data-offset-key=\"cki46-0-0\"><\/div>\n<div class=\"_1mf _1mj\" data-offset-key=\"cki46-0-0\"><a href=\"https:\/\/muraste.ee\/vana\/wp-content\/uploads\/2017\/02\/turvap\u00e4ev2017.jpg\" rel=\"attachment wp-att-3347\"><img decoding=\"async\" loading=\"lazy\" class=\"size-medium wp-image-3347 alignleft\" src=\"https:\/\/muraste.ee\/vana\/wp-content\/uploads\/2017\/02\/turvap\u00e4ev2017-205x300.jpg\" alt=\"turvap\u00e4ev2017\" width=\"205\" height=\"300\" srcset=\"https:\/\/muraste.ee\/vana\/wp-content\/uploads\/2017\/02\/turvap\u00e4ev2017-205x300.jpg 205w, https:\/\/muraste.ee\/vana\/wp-content\/uploads\/2017\/02\/turvap\u00e4ev2017-624x913.jpg 624w, https:\/\/muraste.ee\/vana\/wp-content\/uploads\/2017\/02\/turvap\u00e4ev2017.jpg 656w\" sizes=\"(max-width: 205px) 100vw, 205px\" \/>\u00a0 \u00a0 \u00a0\u00a0<\/a><a href=\"https:\/\/muraste.ee\/vana\/wp-content\/uploads\/2016\/03\/laval.jpg\" rel=\"attachment wp-att-3459\"><img decoding=\"async\" loading=\"lazy\" class=\"size-medium wp-image-3459 alignnone\" src=\"https:\/\/muraste.ee\/vana\/wp-content\/uploads\/2016\/03\/laval-169x300.jpg\" alt=\"laval\" width=\"169\" height=\"300\" srcset=\"https:\/\/muraste.ee\/vana\/wp-content\/uploads\/2016\/03\/laval-169x300.jpg 169w, https:\/\/muraste.ee\/vana\/wp-content\/uploads\/2016\/03\/laval.jpg 359w\" sizes=\"(max-width: 169px) 100vw, 169px\" \/><\/a><a href=\"https:\/\/muraste.ee\/vana\/wp-content\/uploads\/2017\/02\/turvap\u00e4ev2017.jpg\" rel=\"attachment wp-att-3347\">\u00a0\u00a0\u00a0<\/a><\/div>\n<div class=\"_1mf _1mj\" data-offset-key=\"cki46-0-0\"><\/div>\n<div class=\"_1mf _1mj\" data-offset-key=\"cki46-0-0\"><\/div>\n<div class=\"_1mf _1mj\" data-offset-key=\"cki46-0-0\"><\/div>\n<div class=\"_1mf _1mj\" data-offset-key=\"cki46-0-0\"><strong><span style=\"color: #ff6600;\">P\u00fchap\u00e4ev, 12. m\u00e4rts<\/span><\/strong><\/div>\n<div class=\"_1mf _1mj\" data-offset-key=\"cki46-0-0\"><\/div>\n<div class=\"_1mf _1mj\" data-offset-key=\"cki46-0-0\">kl 11-15\u00a0AT, Tantsutreening<\/div>\n<div class=\"_1mf _1mj\" data-offset-key=\"cki46-0-0\"><\/div>\n<div class=\"_1mf _1mj\" data-offset-key=\"cki46-0-0\"><\/div>\n<div class=\"_1mf _1mj\" data-offset-key=\"cki46-0-0\"><\/div>\n<div class=\"_1mf _1mj\" data-offset-key=\"cki46-0-0\"><\/div>\n<div class=\"_1mf _1mj\" data-offset-key=\"cki46-0-0\">\n<p><strong><span style=\"color: #ff0000;\">TULEKUL!<br \/>\n<\/span><\/strong><span style=\"color: #ff0000;\"><b>&#8211;\u00a0<\/b><\/span>8. aprillil kell 17, AT, teatri\u00f5htu \u2013 Indrek Hargla<strong>\u00a0<strong>\u201cTestamendit\u00e4itjad\u201d<\/strong> Kuusalurahva Teater <\/strong><em>(piletid saadaval!)<br \/>\n&#8211; 24.\u00a0m\u00e4rtsil kell 19, filmi\u00f5htu <strong>&#8220;Sangarid&#8221;<\/strong><br \/>\n<\/em><\/p>\n<\/div>\n<div class=\"_1mf _1mj\" data-offset-key=\"cki46-0-0\">\n<p><strong><span style=\"color: #ff0000;\"><a href=\"https:\/\/muraste.ee\/vana\/wp-content\/uploads\/2016\/03\/inglise.jpg\" rel=\"attachment wp-att-3299\"><img decoding=\"async\" loading=\"lazy\" class=\"size-full wp-image-3299 alignright\" src=\"https:\/\/muraste.ee\/vana\/wp-content\/uploads\/2016\/03\/inglise.jpg\" alt=\"inglise\" width=\"328\" height=\"154\" srcset=\"https:\/\/muraste.ee\/vana\/wp-content\/uploads\/2016\/03\/inglise.jpg 328w, https:\/\/muraste.ee\/vana\/wp-content\/uploads\/2016\/03\/inglise-300x141.jpg 300w\" sizes=\"(max-width: 328px) 100vw, 328px\" \/><\/a>UUS!<\/span>\u00a0Neljap\u00e4eval, 16. m\u00e4rtsil kell 18<\/strong>\u00a0alustab Murastes uus<strong> inglise keele kursus<\/strong> algajatele ja uuesti alustajatele. Registreerimine ja t\u00e4psem info marethein@gmail.com, tel 56575575 v\u00f5i kogukonnakeskusest.<\/p>\n<p><strong><span style=\"color: #0000ff;\"><span style=\"color: #008000;\">ON NAISTEP\u00c4EVA -N\u00c4DAL! Head vastastikkust m\u00f5istmist!<\/span><\/span><\/strong><\/p>\n<p><a href=\"https:\/\/muraste.ee\/vana\/wp-content\/uploads\/2016\/03\/shopping.gif\" rel=\"attachment wp-att-3492\"><img decoding=\"async\" loading=\"lazy\" class=\"alignnone size-full wp-image-3492\" src=\"https:\/\/muraste.ee\/vana\/wp-content\/uploads\/2016\/03\/shopping.gif\" alt=\"shopping\" width=\"400\" height=\"319\" \/><br \/>\n<\/a><\/p>\n<\/div>\n<p><strong>Teadmiseks: <\/strong>Muraste igan\u00e4dalase e-infokirjaga liitumiseks saada sellekohane teade muraste@muraste.ee<br \/>\n<strong>Muraste kogukonnakeskus<\/strong><span style=\"color: #ff9900;\"><br \/>\n<span style=\"color: #000000;\">(<\/span><\/span>Lee tee 9, Muraste) avatud E-N 10-18, R 10-16.<br \/>\nT\u00e4psustused ja info: kogukonnakeskus@muraste.ee;<br \/>\n5253128 (Aule Kikas).<\/p>\n","protected":false},"excerpt":{"rendered":"<p>N\u00c4DAL \u00a010 MURASTES* 6.- 12. m\u00e4rts 2017 *AT- koolimaja aatrium, SP- spordihoone; KO-kogukonnakeskuse ruum; \u00a0 KL- klassiruum; PL-Pangapealse lasteaed, PLF- Pangapealse lasteaia filiaali ruum Muraste koolimajas\u00a0 Aedades, parkides, aasadel, h\u00e4\u00e4letult heliseb juba \u00fcks kell. Kelluke kuulutab seda, et maap\u00f5ues pakitseb kevadet. Mugul muigab mullap\u00f5ues, valge \u00f5is l\u00f6\u00f6b kella \u00f5ues.\u00a0 (Ilmar Trull, Lumikelluke) Esmasp\u00e4ev, \u00a06.m\u00e4rts kl<a class=\"moretag\" href=\"https:\/\/muraste.ee\/vana\/?page_id=3522\"><br \/>&#8230;Loe edasi<\/a><\/p>\n","protected":false},"author":2,"featured_media":0,"parent":0,"menu_order":0,"comment_status":"closed","ping_status":"closed","template":"nadalakava.php","meta":{"_bbp_topic_count":0,"_bbp_reply_count":0,"_bbp_total_topic_count":0,"_bbp_total_reply_count":0,"_bbp_voice_count":0,"_bbp_anonymous_reply_count":0,"_bbp_topic_count_hidden":0,"_bbp_reply_count_hidden":0,"_bbp_forum_subforum_count":0,"_mc_calendar":[]},"_links":{"self":[{"href":"https:\/\/muraste.ee\/vana\/index.php?rest_route=\/wp\/v2\/pages\/3522"}],"collection":[{"href":"https:\/\/muraste.ee\/vana\/index.php?rest_route=\/wp\/v2\/pages"}],"about":[{"href":"https:\/\/muraste.ee\/vana\/index.php?rest_route=\/wp\/v2\/types\/page"}],"author":[{"embeddable":true,"href":"https:\/\/muraste.ee\/vana\/index.php?rest_route=\/wp\/v2\/users\/2"}],"replies":[{"embeddable":true,"href":"https:\/\/muraste.ee\/vana\/index.php?rest_route=%2Fwp%2Fv2%2Fcomments&post=3522"}],"version-history":[{"count":1,"href":"https:\/\/muraste.ee\/vana\/index.php?rest_route=\/wp\/v2\/pages\/3522\/revisions"}],"predecessor-version":[{"id":3524,"href":"https:\/\/muraste.ee\/vana\/index.php?rest_route=\/wp\/v2\/pages\/3522\/revisions\/3524"}],"wp:attachment":[{"href":"https:\/\/muraste.ee\/vana\/index.php?rest_route=%2Fwp%2Fv2%2Fmedia&parent=3522"}],"curies":[{"name":"wp","href":"https:\/\/api.w.org\/{rel}","templated":true}]}}