{"id":3672,"date":"2017-04-09T21:13:40","date_gmt":"2017-04-09T18:13:40","guid":{"rendered":"https:\/\/muraste.ee\/vana\/?page_id=3672"},"modified":"2017-04-09T21:13:40","modified_gmt":"2017-04-09T18:13:40","slug":"nadal-14-2","status":"publish","type":"page","link":"https:\/\/muraste.ee\/vana\/?page_id=3672","title":{"rendered":"N\u00e4dal 14"},"content":{"rendered":"<h2 style=\"text-align: center;\"><span style=\"color: #99cc00;\"><strong>N\u00c4DAL \u00a014 MURASTES*<br \/>\n3. aprill\u00a0&#8211; 9. aprill\u00a02017<\/strong><\/span><\/h2>\n<h5 style=\"text-align: center;\"><strong><span style=\"color: #999999;\"><em>*AT- koolimaja aatrium, SP- spordihoone; KO-kogukonnakeskuse ruum; \u00a0 KL- klassiruum; PL-Pangapealse lasteaed, PLF- Pangapealse lasteaia filiaali ruum Muraste koolimajas\u00a0<a href=\"https:\/\/muraste.ee\/vana\/wp-content\/uploads\/2016\/03\/naissaarkivi.jpg\" rel=\"attachment wp-att-2540\"><br \/>\n<\/a><\/em><\/span><\/strong><\/h5>\n<p><a href=\"https:\/\/muraste.ee\/vana\/wp-content\/uploads\/2016\/03\/m\u00e4rgid-1.jpg\" rel=\"attachment wp-att-3650\"><img decoding=\"async\" loading=\"lazy\" class=\"wp-image-3650 size-medium aligncenter\" src=\"https:\/\/muraste.ee\/vana\/wp-content\/uploads\/2016\/03\/m\u00e4rgid-1-e1491146519203-300x169.jpg\" alt=\"m\u00e4rgid\" width=\"300\" height=\"169\" srcset=\"https:\/\/muraste.ee\/vana\/wp-content\/uploads\/2016\/03\/m\u00e4rgid-1-e1491146519203-300x169.jpg 300w, https:\/\/muraste.ee\/vana\/wp-content\/uploads\/2016\/03\/m\u00e4rgid-1-e1491146519203-128x72.jpg 128w, https:\/\/muraste.ee\/vana\/wp-content\/uploads\/2016\/03\/m\u00e4rgid-1-e1491146519203-624x351.jpg 624w, https:\/\/muraste.ee\/vana\/wp-content\/uploads\/2016\/03\/m\u00e4rgid-1-e1491146519203.jpg 720w\" sizes=\"(max-width: 300px) 100vw, 300px\" \/><\/a><\/p>\n<p><span style=\"color: #ff6600;\"><span style=\"color: #99cc00;\"><span style=\"color: #008000;\"><strong><span style=\"color: #0000ff;\"><span style=\"color: #99cc00;\">Esmasp\u00e4ev, \u00a03. aprill<\/span><br \/>\n<\/span><\/strong><\/span><\/span><\/span>kl 14-15 AT, Tallinna Tantsuklubi &#8220;My Dance&#8221; <strong>showtants<\/strong>. \u00a0Igale liitujale klubi s\u00e4rk tasuta. Rohkem infot www.mydance.ee<br \/>\nkl 15-16.30 SP, Judoklubi &#8220;Aitado&#8221;\u00a0<strong>Judo<\/strong> (7-9 a), Rohkem infot sensei Edward Murel, murel.edward@gmail.com<br \/>\nkl 15.30-18.30 KL, <strong>Eelkool<\/strong> (1.grupp). Juhendab Kristi Bauman. Info www.huviringid.ee<br \/>\nkl 16.30-18.30 SP, <strong>K\u00e4sipall<\/strong> (1-5 kl); Info HC Tallinn, www.hctallinn.ee<br \/>\nkl 17.30 KO, <strong>Kandleansambel<\/strong> <strong>LiULi\u00a0(\u00fcle n\u00e4dala)<br \/>\n<\/strong>kl 18 KO, <span style=\"color: #ff0000;\"><strong>UUS!<\/strong>\u00a0<\/span><strong>Harku Valla Aiaseltsi<\/strong> kokkusaamine. Huvilised on odatud vestlema ja jagama aiateemalisi kogemusi. Aiahooaeg on alanud!<br \/>\nkl 18 AT, <strong><span style=\"color: #ff0000;\">UUS!<\/span> Avalik arutelu<\/strong> Muraste kooli j\u00e4tkamisest kas 6- v\u00f5i 9-klassilisena. K\u00f5ik huvilised on oodatud!<br \/>\nkl 19 KL, Suurupi Naiskoor <strong>Meretule <\/strong><br \/>\nkl 19.00 PLF,\u00a0<span style=\"color: #000000;\"><strong>Hatha Krija jooga, <\/strong><\/span>juhendab Gristel Pagi<br \/>\nkl 20 PL, <strong>Zumba fitness \u2013 tantsuline treening<\/strong><\/p>\n<p><strong><span style=\"color: #99cc00;\"><span style=\"color: #ff6600;\"><span style=\"color: #00ff00;\"><span style=\"color: #99cc00;\">Teisip\u00e4ev, 4. aprill<\/span><br \/>\n<\/span><\/span><\/span><\/strong>kl 14.40 <strong>Fa Stuudio muusikaring<\/strong>. \u00a0Rohkem infot fastuudio@gmail.com v\u00f5i tel 5160031.<br \/>\nkl 15-16.30 <strong>Korvpall<\/strong> (1-5 klass); juhendab Chris Moore (Tabasalu Palliklubi). Info tabasalupk@rim.ee<br \/>\nkl 15 AT, <strong>V\u00f5istlustantsu teeningud algajatele lastele<\/strong> (info www.tantsumeka.ee, Matis Toome, tel 59190800)<br \/>\nkl 16.30-18.30 SP, <strong>K\u00e4sipall<\/strong> (1-5 kl); Info HC Tallinn, www.hctallinn.ee<br \/>\nkl 18 KL\u00a0<strong>Inglise keele kursus <\/strong><em>(algteadmisi omajatel on v\u00f5imalus liituda ka juba t\u00f6\u00f6tava grupiga).<\/em><strong>\u00a0<\/strong>K\u00fcsi lisa juhendajalt tel 56575575.<br \/>\nkl 19 KO, <strong>Naiskodukaitse<\/strong> Harku jaoskonna juhatuse koosolek<br \/>\nkl 18 KL,\u00a0<strong>Inglise keele vestlusring<\/strong> James Gill\u00b4i juhendamisel. K\u00f5ik inglise keelt praktiseerida soovijad on oodatud!<a href=\"https:\/\/muraste.ee\/vana\/wp-content\/uploads\/2016\/03\/tats.jpg\" rel=\"attachment wp-att-3562\"><img decoding=\"async\" loading=\"lazy\" class=\"size-full wp-image-3562 alignleft\" src=\"https:\/\/muraste.ee\/vana\/wp-content\/uploads\/2016\/03\/tats.jpg\" alt=\"tats\" width=\"240\" height=\"240\" srcset=\"https:\/\/muraste.ee\/vana\/wp-content\/uploads\/2016\/03\/tats.jpg 240w, https:\/\/muraste.ee\/vana\/wp-content\/uploads\/2016\/03\/tats-150x150.jpg 150w\" sizes=\"(max-width: 240px) 100vw, 240px\" \/><\/a><br \/>\nkl 19-20.30 SP, <strong>V\u00f5rkpall <\/strong><em>(naised\/mehed)- oodatud on k\u00f5ik v\u00f5rkpallihuvilised!;<\/em><br \/>\nkl 18.30-19.45 AT<strong>, Seltskonnatantsu j\u00e4tkukursus (7. m\u00e4rts &#8211; 25. aprill)<\/strong>.<em><strong><span style=\"color: #ff0000;\">\u00a0UUS <\/span><span style=\"color: #ff0000;\">algajate kursus alustab juba 2. mail ning kohti veel on!<\/span> <\/strong><\/em><br \/>\nkl 19.45-21.15 AT <strong>Seltskonnatantsude harjutustund<\/strong> &#8211; v\u00f5imalus \u00f5pitut kinnistada ja toredas seltskonnas jalga keerutada. Osalus 6\u20ac\/in<br \/>\nkl 19 \u00a0<strong>Talisuplus Tilgu sadamas<\/strong>. Rohkem infot FB\u00a0grupp Taliujumine Tilgus<br \/>\n<span style=\"color: #008000;\"><strong><br \/>\n<span style=\"color: #99cc00;\">Kolmap\u00e4ev, \u00a05. aprill<\/span><\/strong><\/span><br \/>\nkl 14-15 AT, Tallinna Tantsuklubi &#8220;My Dance&#8221;<strong>showtants<\/strong>. 2x n\u00e4dalas\/30\u20ac kuu. Igale liitujale klubi s\u00e4rk tasuta. Rohkem infot www.mydance.ee<br \/>\nkl 15-16.00 SP, <strong>Jalgpall<\/strong>, (1-5 kl). Info: Harju Jalgpallikool<br \/>\nkl 15.30-18.30 KL, <strong>Eelkool<\/strong> (2.grupp). Juhendab Kristi Bauman. Info www.huviringid.ee<br \/>\nkl 16.00-17,30 \u00a0SP, Judoklubi &#8220;Aitado&#8221;\u00a0<strong>Judo<\/strong> (7-9 a), Rohkem infot sensei Edward Murel, murel.edward@gmail.com<br \/>\nkl 17 KL, <strong>Mudelismiring<\/strong> algajatele, juhendaja Andres Madissoo, info 5259021<br \/>\nkl 18 KL, <strong>Mudelismiring<\/strong> edasij\u00f5udnutele,\u00a0juhendaja Andres Madissoo, info 5259021<br \/>\nkl 18.00 AT, <strong>Line-tants\u00a0<\/strong>INFO: <a href=\"mailto:kristin@huviline.ee\">kristin@huviline.ee<\/a> v\u00f5i tel 51923590. Osalustasu 5\u20ac\/kord.<br \/>\nkl 19-20.30 SP, <strong><span style=\"color: #000000;\">V\u00f5r<\/span>kpall <\/strong><em>(mehed); <span style=\"color: #ff0000;\"><strong>NB! MEHED, TULGE K\u00d5IK PALLI M\u00c4NGIMA &#8211; v\u00f5rguplats ootab!<br \/>\n<\/strong><\/span><\/em><span style=\"color: #000000;\">kl\u00a019.30 AT,\u00a0<strong><span style=\"color: #993366;\">\u00a0<\/span>K<\/strong><\/span><strong>undalin-jooga.\u00a0<\/strong> \u00dche joogatunni tasu on 10 \u20ac; 10\u00a0korra kaart 90 \u20ac. Rohkem teavet algi.samm@mail.ee\u00a0, tel 5019402.<em> Kundalini jooga on iidne, inimkogemusel p\u00f5hinev terviklik ja praktiline joogateaduste s\u00fcsteem, mis sobib igale inimesele kaasaegses \u00fchiskonnas. <\/em><strong>\u00d5petaja s\u00f5num selleks kuuks:<\/strong> <em>\u00a0<\/em>Kevadp\u00e4ike t\u00e4idab taevalaotuse j\u00e4rjest k\u00f5rgema kaare ja s\u00e4ravama energiaga. Looduses on k\u00f5ik muutuses ja iga j\u00e4rgmine hetk\u00a0ei ole enam sama, mis oli eelmine.\u00a0Olemaks koosk\u00f5las looduses toimuvaga, tugevdad selle kuu krija abil oma f\u00fc\u00fcsilist keha ning t\u00f5stad meele ps\u00fchholoogilist v\u00f5imekust\u00a0tulla toime muutustega Sinu \u00fcmber. Praktiseerime Surya krijat, mis on saanud oma nime p\u00e4ikeseenergia Surya j\u00e4rgi.<\/p>\n<p><span style=\"color: #008000;\"><strong><span style=\"color: #ff6600;\"><span style=\"color: #99cc00;\">Neljap\u00e4ev, 6.\u00a0aprill<\/span><br \/>\n<\/span><\/strong><\/span><span style=\"color: #ff6600;\"><span style=\"color: #339966;\"><span style=\"color: #000000;\">kl 15-16.00 SP, <strong>Jalgpall<\/strong>, (1-5 kl). Info: Harju Jalgpallikool<\/span><\/span><\/span><br \/>\nkl 15 AT, <strong>v\u00f5istlustantsu treeningud algajatele lastele<\/strong> (info www.tantsumeka.ee, Matis Toome, tel 59190800)<br \/>\nkl 16.30-18.30 SP, <strong>K\u00e4sipall<\/strong> (1-5 kl); Info HC Tallinn, www.hctallinn.ee<a href=\"https:\/\/muraste.ee\/vana\/wp-content\/uploads\/2016\/03\/inglise.jpg\" rel=\"attachment wp-att-3299\"><img decoding=\"async\" loading=\"lazy\" class=\" wp-image-3299 alignright\" src=\"https:\/\/muraste.ee\/vana\/wp-content\/uploads\/2016\/03\/inglise.jpg\" alt=\"inglise\" width=\"207\" height=\"98\" srcset=\"https:\/\/muraste.ee\/vana\/wp-content\/uploads\/2016\/03\/inglise.jpg 328w, https:\/\/muraste.ee\/vana\/wp-content\/uploads\/2016\/03\/inglise-300x141.jpg 300w\" sizes=\"(max-width: 207px) 100vw, 207px\" \/><\/a><br \/>\nkl 16 \u00a0<strong>Skautide kogunemine. \u00a0<\/strong>Rohkem infot www.skaut.ee; sten.luik@gmail.com<br \/>\nkl 18 KO, <strong><span style=\"color: #ff0000;\">UUS!<\/span> <\/strong>Kodut\u00fctarde koondus<br \/>\nkl 18\u00a0 KL,\u00a0<strong><span style=\"color: #ff0000;\">UUS\u00a0<\/span><\/strong><strong>\u00a0inglise keele kursus<\/strong> algajatele ja uuesti alustajatele. T\u00e4psem info marethein@gmail.com, tel 56575575 v\u00f5i kogukonnakeskusest.<br \/>\n<span style=\"color: #ff6600;\"><span style=\"color: #000000;\">kl 20 PL, <strong>Zumba fitness<\/strong> \u2013 tantsuline treening<a href=\"https:\/\/muraste.ee\/vana\/wp-content\/uploads\/2016\/03\/zumba17.jpg\" rel=\"attachment wp-att-3653\"><img decoding=\"async\" loading=\"lazy\" class=\"size-medium wp-image-3653 alignright\" src=\"https:\/\/muraste.ee\/vana\/wp-content\/uploads\/2016\/03\/zumba17-210x300.jpg\" alt=\"zumba17\" width=\"210\" height=\"300\" srcset=\"https:\/\/muraste.ee\/vana\/wp-content\/uploads\/2016\/03\/zumba17-210x300.jpg 210w, https:\/\/muraste.ee\/vana\/wp-content\/uploads\/2016\/03\/zumba17.jpg 591w\" sizes=\"(max-width: 210px) 100vw, 210px\" \/><\/a><strong><span style=\"color: #ff6600;\"><br \/>\n<\/span><\/strong><\/span><\/span><\/p>\n<p><span style=\"color: #ff6600;\"><span style=\"color: #000000;\"><span style=\"color: #808000;\"><strong><span style=\"color: #99cc00;\">Reede, 7.\u00a0aprill<\/span><br \/>\n<\/strong><\/span><\/span><\/span>kl 15-16.30 SP,\u00a0<strong>Korvpall<\/strong> (1-5 klass); juhendab Chris Moore (Tabasalu Palliklubi). Info tabasalupk@rim.ee<\/p>\n<p style=\"text-align: left;\"><a href=\"https:\/\/muraste.ee\/vana\/wp-content\/uploads\/2016\/03\/Aikido_Pictogram.svg_.png\" rel=\"attachment wp-att-3204\"><img decoding=\"async\" loading=\"lazy\" class=\"wp-image-3204 size-thumbnail alignleft\" src=\"https:\/\/muraste.ee\/vana\/wp-content\/uploads\/2016\/03\/Aikido_Pictogram.svg_-150x150.png\" alt=\"Aikido_Pictogram.svg\" width=\"150\" height=\"150\" \/><\/a>kl 18.30 SP, Muraste turvagrupp kutsub osalema kursusel<strong><span style=\"color: #99cc00;\">\u00a0<a style=\"color: #99cc00;\" href=\"https:\/\/www.youtube.com\/watch?v=E32WMhokIIM&amp;feature=youtu.be\">Enesekaitse alused l\u00e4bi aikido<\/a>.<\/span>\u00a0\u00a0<\/strong>Jalga pika s\u00e4\u00e4rega dressid, selga t-s\u00e4rk v\u00f5i kimono. Rohkem infot kogukonnakeskusest v\u00f5i Evar Ojasaarelt (eojasaar@gmail.com). Kursus on osalejatele <strong>tasuta<\/strong>. (<strong><span style=\"color: #ff0000;\">NB!<\/span><\/strong>\u00a0K\u00f5ik huvilised on oodatud!)<\/p>\n<p style=\"text-align: left;\"><strong><span style=\"color: #3366ff;\"><span style=\"color: #99cc00;\">Laup\u00e4ev,\u00a08. aprill<\/span><a href=\"https:\/\/muraste.ee\/vana\/wp-content\/uploads\/2016\/03\/testament.jpg\" rel=\"attachment wp-att-3616\"><img decoding=\"async\" loading=\"lazy\" class=\"size-medium wp-image-3616 alignright\" src=\"https:\/\/muraste.ee\/vana\/wp-content\/uploads\/2016\/03\/testament-200x300.jpg\" alt=\"testament\" width=\"200\" height=\"300\" srcset=\"https:\/\/muraste.ee\/vana\/wp-content\/uploads\/2016\/03\/testament-200x300.jpg 200w, https:\/\/muraste.ee\/vana\/wp-content\/uploads\/2016\/03\/testament-624x937.jpg 624w, https:\/\/muraste.ee\/vana\/wp-content\/uploads\/2016\/03\/testament.jpg 639w\" sizes=\"(max-width: 200px) 100vw, 200px\" \/><\/a><\/span><\/strong><br \/>\nkl 17, AT, teatri\u00f5htu Muraste koolimajas \u2013 Indrek Hargla<strong>\u00a0\u201cTestamendit\u00e4itjad\u201d <\/strong>Kuusalurahva Teatri esituses (piletid\u00a0\u00a0eelm\u00fc\u00fcgihinnaga 6\u20ac\/4\u20ac(eakad, \u00f5pilased) saadavad Muraste kogukonnakeskuses)<\/p>\n<div class=\"_1mf _1mj\" data-offset-key=\"cki46-0-0\">\n<p><span style=\"color: #0000ff;\"><strong><span style=\"color: #99cc00;\">P<a style=\"color: #99cc00;\" href=\"https:\/\/muraste.ee\/vana\/wp-content\/uploads\/2017\/03\/meremees.png\" rel=\"attachment wp-att-3507\"><img decoding=\"async\" loading=\"lazy\" class=\"wp-image-3507 alignleft\" src=\"https:\/\/muraste.ee\/vana\/wp-content\/uploads\/2017\/03\/meremees.png\" alt=\"meremees\" width=\"77\" height=\"77\" srcset=\"https:\/\/muraste.ee\/vana\/wp-content\/uploads\/2017\/03\/meremees.png 225w, https:\/\/muraste.ee\/vana\/wp-content\/uploads\/2017\/03\/meremees-150x150.png 150w\" sizes=\"(max-width: 77px) 100vw, 77px\" \/><\/a>\u00fchap\u00e4ev, 9. aprill<\/span><br \/>\n<\/strong><\/span>kl 16 KL, V\u00e4ikelaevajuhi kursus. (grupp on komplekteeritud). \u00a0Rohkem loe <a style=\"color: #333333;\" href=\"https:\/\/muraste.ee\/vana\/?p=3506\" target=\"_blank\"><strong>SIIT<\/strong>.<\/a><\/p>\n<\/div>\n<div class=\"_1mf _1mj\" data-offset-key=\"cki46-0-0\">\n<p><span style=\"color: #808000;\"><strong><span style=\"color: #0000ff;\"><br \/>\n<span style=\"color: #99cc00;\">TULEKUL\u00a0<\/span><\/span><br \/>\n<\/strong><\/span><em><strong><br \/>\n<\/strong><\/em><strong><span style=\"color: #ff0000;\">UUS!<\/span><\/strong> Neljap\u00e4eval, 13. aprillil on meie kandi rahvas oodatud (meile tehtud soodushinnaga) vaatama Teoteatri etendust <strong>&#8220;Topeltwoody&#8221;<\/strong> (pilet 7\u20ac). Kui muidu on Teoteatril oma pesa Kalamajas, siis seekord m\u00e4ngitakse seda t\u00fckki Rahvusraamatukogu saa<span class=\"text_exposed_show\">lis.\u00a0<\/span>Piletite broneerimine ja info kogukonnakeskus@muraste.ee v\u00f5i tel 5253128 (Aule Kikas).<\/p>\n<p><span style=\"color: #ff0000;\"><strong>UUS!<\/strong> <\/span>Esmasp\u00e4eval, 17. aprillil kell 18.30 toimub Muraste koolimaja aatriumis \u00a0Muraste tee <strong>kortermajade \u00fcldkoosolek<\/strong>, korraldajaks Strantum O\u00dc.<\/p>\n<p><strong><span style=\"color: #ff0000;\">UUS!<\/span> <\/strong>Muraste k\u00fclaseltsi <strong>\u00fcldkoosolek<\/strong> toimub neljap\u00e4eval, 4. mail algusega kell 18.30. Kutse koos p\u00e4evakavaga peagi n\u00e4htaval!<\/p>\n<p><strong>UUS!<\/strong> Naiskodukaitse Harku jaoskonna \u00fcldkoosolek kolmap\u00e4eval, 12. aprillil kell 18<\/p>\n<p><span style=\"color: #ff9900;\"><strong><br \/>\nR\u00f5\u00f5msaid hetki igasse p\u00e4eva!\u00a0<a href=\"https:\/\/muraste.ee\/vana\/wp-content\/uploads\/2016\/03\/smile.gif\" rel=\"attachment wp-att-3530\"><img decoding=\"async\" loading=\"lazy\" class=\"wp-image-3530 alignright\" src=\"https:\/\/muraste.ee\/vana\/wp-content\/uploads\/2016\/03\/smile.gif\" alt=\"smile\" width=\"142\" height=\"129\" \/><\/a><br \/>\n<\/strong><\/span><\/p>\n<p><strong>S\u00e4ravaid hetki bioloogia tunnist:<\/strong><br \/>\nM\u00f5ned inimesed arenesid ahvist.<br \/>\nKevadel ja suvel toovad lapsi toonekured &#8211; aga talvel varesed!<br \/>\nLendavad olendid on linnud, putukad, nahkhiired ja lennukid.<br \/>\nElevandil on suured k\u00f5rvad, kuna ta kasutab neid ka vahest lendamiseks.<br \/>\nKes on imetajad? Need on elusolendid, kes t\u00e4iega imevad.<br \/>\nKes on roomajad? Need on inimesed, kes kraavis luuravad.<br \/>\nPapakoi r\u00e4\u00e4gib ainult siis, kui midagi olulist \u00f6elda on.<br \/>\nElevant on \u00fcks v\u00e4heseid imetajaid, kellel on till keset l\u00f5ustan\u00e4gu.<br \/>\nKui kukel h\u00e4\u00e4l \u00e4ra on, siis kasutab h\u00e4\u00e4les\u00fcntesaatorit.<br \/>\nKaasaegsemad kuked kasutavad k\u00f5rvaklappe, et mitte naabreid h\u00e4irida.<br \/>\nV\u00e4ndra metsas v\u00f5ib leiduda karusid ja purjus p\u00e4kapikke.<br \/>\nP\u00f5hja Soomes elab kahte sorti suuremaid imetajaid. Need on p\u00f5hjap\u00f5drad ja j\u00f5uluvanad.<br \/>\nM\u00f5ned linnud ka munevad. Need on vist emased.<br \/>\nKui ahv r\u00e4\u00e4gib, siis on ta inimene.<br \/>\nKui kaamel vahutab, siis on tal kas marutaud v\u00f5i ta lihtsalt valetab..<br \/>\nEvulutsioon k\u00e4ib edasi: lihas\u00f6\u00f6ja taim hakkas taimetoitlaseks.<br \/>\nInimestele toovad lapsi kured, kaevuritele mutid.<\/p>\n<\/div>\n<div class=\"_1mf _1mj\" data-offset-key=\"cki46-0-0\"><\/div>\n<p><strong>Teadmiseks: <\/strong>Muraste igan\u00e4dalase e-infokirjaga liitumiseks saada sellekohane teade muraste@muraste.ee<br \/>\n<strong>Muraste kogukonnakeskus\u00a0<\/strong><span style=\"color: #ff9900;\"><span style=\"color: #000000;\">(<\/span><\/span>Lee tee 9, Muraste) avatud E-N 10-18, R 10-16.<br \/>\n<strong>T\u00e4psustused ja info:<\/strong> kogukonnakeskus@muraste.ee;\u00a05253128 (Aule Kikas).<\/p>\n","protected":false},"excerpt":{"rendered":"<p>N\u00c4DAL \u00a014 MURASTES* 3. aprill\u00a0&#8211; 9. aprill\u00a02017 *AT- koolimaja aatrium, SP- spordihoone; KO-kogukonnakeskuse ruum; \u00a0 KL- klassiruum; PL-Pangapealse lasteaed, PLF- Pangapealse lasteaia filiaali ruum Muraste koolimajas\u00a0 Esmasp\u00e4ev, \u00a03. aprill kl 14-15 AT, Tallinna Tantsuklubi &#8220;My Dance&#8221; showtants. \u00a0Igale liitujale klubi s\u00e4rk tasuta. Rohkem infot www.mydance.ee kl 15-16.30 SP, Judoklubi &#8220;Aitado&#8221;\u00a0Judo (7-9 a), Rohkem infot sensei<a class=\"moretag\" href=\"https:\/\/muraste.ee\/vana\/?page_id=3672\"><br \/>&#8230;Loe edasi<\/a><\/p>\n","protected":false},"author":2,"featured_media":0,"parent":0,"menu_order":0,"comment_status":"closed","ping_status":"closed","template":"","meta":{"_bbp_topic_count":0,"_bbp_reply_count":0,"_bbp_total_topic_count":0,"_bbp_total_reply_count":0,"_bbp_voice_count":0,"_bbp_anonymous_reply_count":0,"_bbp_topic_count_hidden":0,"_bbp_reply_count_hidden":0,"_bbp_forum_subforum_count":0,"_mc_calendar":[]},"_links":{"self":[{"href":"https:\/\/muraste.ee\/vana\/index.php?rest_route=\/wp\/v2\/pages\/3672"}],"collection":[{"href":"https:\/\/muraste.ee\/vana\/index.php?rest_route=\/wp\/v2\/pages"}],"about":[{"href":"https:\/\/muraste.ee\/vana\/index.php?rest_route=\/wp\/v2\/types\/page"}],"author":[{"embeddable":true,"href":"https:\/\/muraste.ee\/vana\/index.php?rest_route=\/wp\/v2\/users\/2"}],"replies":[{"embeddable":true,"href":"https:\/\/muraste.ee\/vana\/index.php?rest_route=%2Fwp%2Fv2%2Fcomments&post=3672"}],"version-history":[{"count":1,"href":"https:\/\/muraste.ee\/vana\/index.php?rest_route=\/wp\/v2\/pages\/3672\/revisions"}],"predecessor-version":[{"id":3674,"href":"https:\/\/muraste.ee\/vana\/index.php?rest_route=\/wp\/v2\/pages\/3672\/revisions\/3674"}],"wp:attachment":[{"href":"https:\/\/muraste.ee\/vana\/index.php?rest_route=%2Fwp%2Fv2%2Fmedia&parent=3672"}],"curies":[{"name":"wp","href":"https:\/\/api.w.org\/{rel}","templated":true}]}}