{"id":3719,"date":"2017-04-16T22:09:11","date_gmt":"2017-04-16T19:09:11","guid":{"rendered":"https:\/\/muraste.ee\/vana\/?page_id=3719"},"modified":"2017-04-16T22:09:11","modified_gmt":"2017-04-16T19:09:11","slug":"nadal-15-2","status":"publish","type":"page","link":"https:\/\/muraste.ee\/vana\/?page_id=3719","title":{"rendered":"N\u00e4dal 15"},"content":{"rendered":"<p><strong>N\u00c4DAL \u00a015 MURASTES*<br \/>\n10. aprill\u00a0\u2013 16. aprill\u00a02017<br \/>\n<a href=\"https:\/\/muraste.ee\/vana\/wp-content\/uploads\/2016\/03\/munad1.jpg\" rel=\"attachment wp-att-3679\"><img decoding=\"async\" loading=\"lazy\" class=\"alignnone size-medium wp-image-3679\" src=\"https:\/\/muraste.ee\/vana\/wp-content\/uploads\/2016\/03\/munad1-300x162.jpg\" sizes=\"(max-width: 300px) 100vw, 300px\" srcset=\"https:\/\/muraste.ee\/vana\/wp-content\/uploads\/2016\/03\/munad1-300x162.jpg 300w, https:\/\/muraste.ee\/vana\/wp-content\/uploads\/2016\/03\/munad1-768x415.jpg 768w, https:\/\/muraste.ee\/vana\/wp-content\/uploads\/2016\/03\/munad1-624x337.jpg 624w, https:\/\/muraste.ee\/vana\/wp-content\/uploads\/2016\/03\/munad1.jpg 960w\" alt=\"munad1\" width=\"300\" height=\"162\" \/><br \/>\n<\/a><\/strong><em>Pildid:\u00a0pixabay.com<\/em><\/p>\n<h5><strong><em>*AT- koolimaja aatrium, SP- spordihoone; KO-kogukonnakeskuse ruum; \u00a0 KL- klassiruum; PL-Pangapealse lasteaed, PLF- Pangapealse lasteaia filiaali ruum Muraste koolimajas\u00a0<a href=\"https:\/\/muraste.ee\/vana\/wp-content\/uploads\/2016\/03\/naissaarkivi.jpg\" rel=\"attachment wp-att-2540\"><br \/>\n<\/a><\/em><\/strong><\/h5>\n<p><strong>Esmasp\u00e4ev, \u00a010. aprill<br \/>\n<\/strong>kl 14-15 AT, Tallinna Tantsuklubi \u201cMy Dance\u201d <strong>showtants<\/strong>. \u00a0Igale liitujale klubi s\u00e4rk tasuta. Rohkem infot www.mydance.ee<br \/>\nkl 15-16.30 SP, Judoklubi \u201cAitado\u201d\u00a0<strong>Judo<\/strong> (7-9 a), Rohkem infot sensei Edward Murel, murel.edward@gmail.com<br \/>\nkl 15.30-18.30 KL, <strong>Eelkool<\/strong> (1.grupp). Juhendab Kristi Bauman. Info www.huviringid.ee<br \/>\nkl 16.30-18.30 SP, <strong>K\u00e4sipall<\/strong> (1-5 kl); Info HC Tallinn, www.hctallinn.ee<br \/>\nkl 17.30 KO, <strong>Kandleansambel<\/strong> <strong>LiULi<br \/>\n<\/strong>kl 18 KL, <strong>\u00a0V\u00e4ikelaevajuhi kursus,<\/strong> (grupp on komplekteeritud). \u00a0Rohkem loe<strong> <a href=\"https:\/\/muraste.ee\/vana\/?p=3506\" target=\"_blank\"><strong>SIIT<\/strong>.<\/a><a href=\"https:\/\/muraste.ee\/vana\/wp-content\/uploads\/2017\/03\/meremees.png\" rel=\"attachment wp-att-3507\"><img decoding=\"async\" loading=\"lazy\" class=\"wp-image-3507 alignright\" src=\"https:\/\/muraste.ee\/vana\/wp-content\/uploads\/2017\/03\/meremees.png\" sizes=\"(max-width: 77px) 100vw, 77px\" srcset=\"https:\/\/muraste.ee\/vana\/wp-content\/uploads\/2017\/03\/meremees-150x150.png 150w, https:\/\/muraste.ee\/vana\/wp-content\/uploads\/2017\/03\/meremees.png 225w\" alt=\"meremees\" width=\"77\" height=\"77\" \/><\/a><\/strong><br \/>\nkl 19 KL, Suurupi Naiskoor <strong>Meretule <\/strong><br \/>\nkl 20 PL, <strong>Zumba fitness \u2013 tantsuline treening<br \/>\nNB! Hatha Krija jooga tundi t\u00e4na ei toimu!<\/strong><strong><br \/>\n<\/strong><\/p>\n<p><strong>Teisip\u00e4ev, 11. aprill<br \/>\n<\/strong>kl 14.40 <strong>Fa Stuudio muusikaring<\/strong>. \u00a0Rohkem infot fastuudio@gmail.com v\u00f5i tel 5160031.<br \/>\nkl 15-16.30 <strong>Korvpall<\/strong> (1-5 klass); juhendab Chris Moore (Tabasalu Palliklubi). Info tabasalupk@rim.ee<br \/>\nkl 15 AT, <strong>V\u00f5istlustantsu teeningud algajatele lastele<\/strong> (info www.tantsumeka.ee, Matis Toome, tel 59190800)<br \/>\nkl 16.30-18.30 SP, <strong>K\u00e4sipall<\/strong> (1-5 kl); Info HC Tallinn, www.hctallinn.ee<br \/>\nkl 18 KO, Kogukonnakeskus broneeritud.<br \/>\nkl 18 KL\u00a0<strong>Inglise keele kursus <\/strong><em>(algteadmisi omajatel on v\u00f5imalus liituda ka juba t\u00f6\u00f6tava grupiga).<\/em><strong>\u00a0<\/strong>K\u00fcsi lisa juhendajalt tel 56575575.<br \/>\nkl 18 KL,\u00a0<strong>Inglise keele vestlusring<\/strong> James Gill\u00b4i juhendamisel. K\u00f5ik inglise keelt praktiseerida soovijad on oodatud!<a href=\"https:\/\/muraste.ee\/vana\/wp-content\/uploads\/2016\/03\/tats.jpg\" rel=\"attachment wp-att-3562\"><img decoding=\"async\" loading=\"lazy\" class=\"size-full wp-image-3562 alignleft\" src=\"https:\/\/muraste.ee\/vana\/wp-content\/uploads\/2016\/03\/tats.jpg\" sizes=\"(max-width: 240px) 100vw, 240px\" srcset=\"https:\/\/muraste.ee\/vana\/wp-content\/uploads\/2016\/03\/tats-150x150.jpg 150w, https:\/\/muraste.ee\/vana\/wp-content\/uploads\/2016\/03\/tats.jpg 240w\" alt=\"tats\" width=\"240\" height=\"240\" \/><\/a><br \/>\nkl 19-20.30 SP, <strong>V\u00f5rkpall <\/strong><em>(naised\/mehed)- oodatud on k\u00f5ik v\u00f5rkpallihuvilised!;<\/em><br \/>\nkl 18.30-19.45 AT<strong>, Seltskonnatantsu j\u00e4tkukursus (7. m\u00e4rts \u2013 25. aprill)<\/strong>.<em><strong>\u00a0UUS algajate kursus alustab juba 2. mail ning kohti veel on! <\/strong><\/em><br \/>\nkl 19.45-21.15 AT <strong>Seltskonnatantsude harjutustund<\/strong> \u2013 v\u00f5imalus \u00f5pitut kinnistada ja toredas seltskonnas jalga keerutada. Osalus 6\u20ac\/in<br \/>\nkl 19 \u00a0<strong>Talisuplus Tilgu sadamas<\/strong>. Rohkem infot FB\u00a0grupp Taliujumine Tilgus<br \/>\n<strong><br \/>\nKolmap\u00e4ev, \u00a012. aprill<\/strong><br \/>\nkl 14-15 AT, Tallinna Tantsuklubi \u201cMy Dance\u201d<strong>showtants<\/strong>. 2x n\u00e4dalas\/30\u20ac kuu. Igale liitujale klubi s\u00e4rk tasuta. Rohkem infot www.mydance.ee<br \/>\nkl 15-16.00 SP, <strong>Jalgpall<\/strong>, (1-5 kl). Info: Harju Jalgpallikool<br \/>\nkl 15.30-18.30 KL, <strong>Eelkool<\/strong> (2.grupp). Juhendab Kristi Bauman. Info www.huviringid.ee<br \/>\nkl 16.00-17,30 \u00a0SP, Judoklubi \u201cAitado\u201d\u00a0<strong>Judo<\/strong> (7-9 a), Rohkem infot sensei Edward Murel, murel.edward@gmail.com<br \/>\nkl 17 KL, <strong>Mudelismiring<\/strong> algajatele, juhendaja Andres Madissoo, info 5259021<br \/>\nkl 18 KL, <strong>Mudelismiring<\/strong> edasij\u00f5udnutele,\u00a0juhendaja Andres Madissoo, info 5259021<br \/>\nkl 18\u00a0KO, <strong>Naiskodukaitse<\/strong> Harku jaoskonna \u00fcldkoosolek<br \/>\nkl 18 <strong>Harku valla k\u00fclade p\u00e4eva<\/strong> korraldustoimkonna koosolek V\u00e4\u00e4na K\u00fclakojas<br \/>\nkl 18.00 AT, <strong>Line-tants\u00a0<\/strong>INFO: <a href=\"mailto:kristin@huviline.ee\">kristin@huviline.ee<\/a> v\u00f5i tel 51923590. Osalustasu 5\u20ac\/kord.<br \/>\nkl 19-20.30 SP, <strong>V\u00f5rkpall <\/strong><em>(mehed); <strong>NB! MEHED, TULGE K\u00d5IK PALLI M\u00c4NGIMA \u2013 v\u00f5rguplats ootab!<br \/>\n<\/strong><\/em>kl\u00a019.30 AT,\u00a0<strong>\u00a0K<\/strong><strong>undalin-jooga.\u00a0<\/strong>\u00a0 <em>\u00a0Kundalini jooga on iidne, inimkogemusel p\u00f5hinev terviklik ja praktiline joogateaduste s\u00fcsteem, mis sobib igale inimesele kaasaegses \u00fchiskonnas. <\/em><strong>\u00d5petaja s\u00f5num selleks kuuks:<\/strong> <em>\u00a0<\/em>Kevadp\u00e4ike t\u00e4idab taevalaotuse j\u00e4rjest k\u00f5rgema kaare ja s\u00e4ravama energiaga. Looduses on k\u00f5ik muutuses ja iga j\u00e4rgmine hetk\u00a0ei ole enam sama, mis oli eelmine.\u00a0Olemaks koosk\u00f5las looduses toimuvaga, tugevdad selle kuu krija abil oma f\u00fc\u00fcsilist keha ning t\u00f5stad meele ps\u00fchholoogilist v\u00f5imekust\u00a0tulla toime muutustega Sinu \u00fcmber. Praktiseerime Surya krijat, mis on saanud oma nime p\u00e4ikeseenergia Surya j\u00e4rgi. Rohkem teavet algi.samm@mail.ee\u00a0, tel 5019402.<\/p>\n<p><strong>Neljap\u00e4ev, 13.\u00a0aprill<a href=\"https:\/\/muraste.ee\/vana\/wp-content\/uploads\/2016\/03\/zumba17.jpg\" rel=\"attachment wp-att-3653\"><img decoding=\"async\" loading=\"lazy\" class=\"size-medium wp-image-3653 alignright\" src=\"https:\/\/muraste.ee\/vana\/wp-content\/uploads\/2016\/03\/zumba17-210x300.jpg\" alt=\"zumba17\" width=\"210\" height=\"300\" srcset=\"https:\/\/muraste.ee\/vana\/wp-content\/uploads\/2016\/03\/zumba17-210x300.jpg 210w, https:\/\/muraste.ee\/vana\/wp-content\/uploads\/2016\/03\/zumba17.jpg 591w\" sizes=\"(max-width: 210px) 100vw, 210px\" \/><\/a><br \/>\n<\/strong>kl 15-16.00 SP, <strong>Jalgpall<\/strong>, (1-5 kl). Info: Harju Jalgpallikool<br \/>\nkl 15 AT, <strong>v\u00f5istlustantsu treeningud algajatele lastele<\/strong> (info www.tantsumeka.ee, Matis Toome, tel 59190800)<br \/>\nkl 16.30-18.30 SP, <strong>K\u00e4sipall<\/strong> (1-5 kl); Info HC Tallinn, www.hctallinn.ee<br \/>\nkl 16 \u00a0<strong>Skautide kogunemine. \u00a0<\/strong>Rohkem infot www.skaut.ee; sten.luik@gmail.com<br \/>\nkl 18 \u00a0KO, \u00a0<strong>UUS!\u00a0Harku valla ATH laste vanemate tugir\u00fchm.<\/strong> Oodatud on k\u00f5ik endised ja uued lapsevanemad \u2013 koos on kergem<br \/>\nkl 18.30 \u00a0KL,\u00a0<strong>UUS\u00a0<\/strong><strong>\u00a0inglise keele kursus<\/strong> algajatele ja uuesti alustajatele. T\u00e4psem info marethein@gmail.com, tel 56575575 v\u00f5i kogukonnakeskusest.<br \/>\nkl 20 PL, <strong>Zumba fitness<\/strong> \u2013 tantsuline treening<strong><br \/>\n<\/strong><\/p>\n<p><strong>UUS!<\/strong> Neljap\u00e4eval, 13. aprillil on meie kandi rahvas oodatud (meile tehtud soodushinnaga) vaatama Teoteatri etendust <strong>\u201cTopeltwoody\u201d<\/strong> (pilet 7\u20ac). Kui muidu on Teoteatril oma pesa Kalamajas, siis seekord m\u00e4ngitakse seda t\u00fckki Rahvusraamatukogu saa<span class=\"text_exposed_show\">lis.\u00a0<\/span>Piletite broneerimine ja info hiljemalt 11 aprillil kogukonnakeskus@muraste.ee v\u00f5i tel 5253128 (Aule Kikas).<\/p>\n<p><strong>Reede, 14.\u00a0aprill \u2013 SUUR REEDE<br \/>\n<a href=\"https:\/\/muraste.ee\/vana\/wp-content\/uploads\/2016\/03\/muna2.jpg\" rel=\"attachment wp-att-3680\"><img decoding=\"async\" loading=\"lazy\" class=\"alignnone size-medium wp-image-3680 alignleft\" src=\"https:\/\/muraste.ee\/vana\/wp-content\/uploads\/2016\/03\/muna2-300x118.jpg\" sizes=\"(max-width: 300px) 100vw, 300px\" srcset=\"https:\/\/muraste.ee\/vana\/wp-content\/uploads\/2016\/03\/muna2-300x118.jpg 300w, https:\/\/muraste.ee\/vana\/wp-content\/uploads\/2016\/03\/muna2-768x302.jpg 768w, https:\/\/muraste.ee\/vana\/wp-content\/uploads\/2016\/03\/muna2-624x246.jpg 624w, https:\/\/muraste.ee\/vana\/wp-content\/uploads\/2016\/03\/muna2.jpg 960w\" alt=\"muna2\" width=\"300\" height=\"118\" \/><\/a><\/strong><em>Suur reede<\/em><em> on kristliku maailma suurim leinap\u00e4ev, \u00a0mil t\u00e4histatakse Jeesus Kristuse ristil\u00f6\u00f6mist ja surma Kolgata m\u00e4el. See p\u00e4ev kuulub kokku rea teiste p\u00fchadega, mis seostuvad Jeesuse eluga. Suur reede eelneb <\/em><em>lihav\u00f5ttep\u00fchadele. (Wikipedia)<\/em><strong><em><br \/>\n<\/em><br \/>\n<\/strong><\/p>\n<div class=\"_1mf _1mj\" data-offset-key=\"cki46-0-0\">\n<p><strong>P\u00fchap\u00e4ev, 16. aprill \u2013 \u00dcLEST\u00d5USMISP\u00dcHA<a href=\"https:\/\/muraste.ee\/vana\/wp-content\/uploads\/2016\/03\/muna3.jpg\" rel=\"attachment wp-att-3681\"><img decoding=\"async\" loading=\"lazy\" class=\"size-medium wp-image-3681 alignright\" src=\"https:\/\/muraste.ee\/vana\/wp-content\/uploads\/2016\/03\/muna3-300x200.jpg\" sizes=\"(max-width: 300px) 100vw, 300px\" srcset=\"https:\/\/muraste.ee\/vana\/wp-content\/uploads\/2016\/03\/muna3-300x200.jpg 300w, https:\/\/muraste.ee\/vana\/wp-content\/uploads\/2016\/03\/muna3-768x512.jpg 768w, https:\/\/muraste.ee\/vana\/wp-content\/uploads\/2016\/03\/muna3-624x416.jpg 624w, https:\/\/muraste.ee\/vana\/wp-content\/uploads\/2016\/03\/muna3.jpg 960w\" alt=\"muna3\" width=\"300\" height=\"200\" \/><\/a><br \/>\n<\/strong><em>\u00dclest\u00f5usmisp\u00fchadega (ka lihav\u00f5ttep\u00fchad ehk lihav\u00f5tted ja munap\u00fchad) t\u00e4histab kristlik maailm\u00a0Jeesus Kristuse surnust \u00fclest\u00f5usmist p\u00e4rast ristil\u00f6\u00f6mist.\u00a0\u00dclest\u00f5usmisp\u00fchade ehk munap\u00fchadega seostub komme v\u00e4rvida mune, neid \u00fcksteisele kinkida ja \u00fcksteise vastu koksida \u2013 v\u00f5idab see, kelle muna terveks j\u00e4\u00e4b. Munade v\u00e4rvimise tava p\u00e4ritolu kohta on eri legende, t\u00e4pne algus on teadmata. Ilmselt seostub see paastu l\u00f5ppemisega. (Wikipedia) \u00a0<\/em><\/p>\n<p>&nbsp;<\/p>\n<p><a href=\"https:\/\/muraste.ee\/vana\/wp-content\/uploads\/2016\/03\/100.png\" rel=\"attachment wp-att-3692\"><img decoding=\"async\" loading=\"lazy\" class=\"size-medium wp-image-3692 alignleft\" src=\"https:\/\/muraste.ee\/vana\/wp-content\/uploads\/2016\/03\/100-300x300.png\" sizes=\"(max-width: 300px) 100vw, 300px\" srcset=\"https:\/\/muraste.ee\/vana\/wp-content\/uploads\/2016\/03\/100-150x150.png 150w, https:\/\/muraste.ee\/vana\/wp-content\/uploads\/2016\/03\/100-300x300.png 300w, https:\/\/muraste.ee\/vana\/wp-content\/uploads\/2016\/03\/100.png 320w\" alt=\"100\" width=\"300\" height=\"300\" \/><\/a><br \/>\nT\u00e4na saab ametliku alguse\u00a0<strong>Eesti Vabariigi suure juubelipeo\u00a0t\u00e4histamine. <\/strong>\u00d5htul kell 19 oodatakse k\u00f5iki (kogukonnad, perekonnad, \u00a0s\u00f5pruskonnad) s\u00fc\u00fctama v\u00e4iksemaid v\u00f5i suuremaid l\u00f5kked, k\u00fc\u00fcnlaid v\u00f5i t\u00f5rvikuid, et valgustada teed l\u00e4bi kevade XII noorte laulu- ja tantsupeo poole ning t\u00e4histada Eesti Vabariigi 100. s\u00fcnnip\u00e4evapeo algust. V\u00f5imalusi suure peo avas\u00fcndmuse t\u00e4histamiseks leiad <strong><a href=\"https:\/\/ev100.ee\/et\/avasundmus\" target=\"_blank\">siit<\/a>.<\/strong><\/p>\n<\/div>\n<div class=\"_1mf _1mj\" data-offset-key=\"cki46-0-0\">\n<p>&nbsp;<\/p>\n<p><strong>MAGUS ja KIIRE T\u00d6\u00d6PAKKUMINE!\u00a0 <\/strong>\u00a0<a href=\"https:\/\/muraste.ee\/vana\/wp-content\/uploads\/2016\/03\/maiasmokk.jpg\" rel=\"attachment wp-att-3697\"><img decoding=\"async\" loading=\"lazy\" class=\" wp-image-3697 alignright\" src=\"https:\/\/muraste.ee\/vana\/wp-content\/uploads\/2016\/03\/maiasmokk-150x150.jpg\" sizes=\"(max-width: 114px) 100vw, 114px\" srcset=\"https:\/\/muraste.ee\/vana\/wp-content\/uploads\/2016\/03\/maiasmokk-150x150.jpg 150w, https:\/\/muraste.ee\/vana\/wp-content\/uploads\/2016\/03\/maiasmokk-300x300.jpg 300w, https:\/\/muraste.ee\/vana\/wp-content\/uploads\/2016\/03\/maiasmokk-624x624.jpg 624w, https:\/\/muraste.ee\/vana\/wp-content\/uploads\/2016\/03\/maiasmokk.jpg 660w\" alt=\"maiasmokk\" width=\"114\" height=\"114\" \/><\/a>Rannam\u00f5isa k\u00fclas asuv <strong>Maiasmoka Kommivabrik<\/strong> otsib <strong>ajutist abij\u00f5udu<\/strong> kommide pakkimisele. Kui oled huvitatud, siis v\u00f5ta palun \u00fchendust Maritiga telefonil 5110538 v\u00f5i <a href=\"mailto:marit@kommivabrik.ee\" target=\"_blank\">marit@kommivabrik.ee<\/a><\/p>\n<p><strong>TULEKUL<\/strong><br \/>\n<em><strong><br \/>\n<\/strong><\/em><strong>UUS!<\/strong> Esmasp\u00e4eval, 17. aprillil kell 18.30 toimub Muraste koolimaja aatriumis \u00a0Muraste tee <strong>kortermajade \u00fcldkoosolek<\/strong>, korraldajaks Strantum O\u00dc.<a href=\"https:\/\/muraste.ee\/vana\/wp-content\/uploads\/2017\/04\/gar2.jpg\" rel=\"attachment wp-att-3710\"><img decoding=\"async\" loading=\"lazy\" class=\"wp-image-3710 alignright\" src=\"https:\/\/muraste.ee\/vana\/wp-content\/uploads\/2017\/04\/gar2.jpg\" alt=\"gar2\" width=\"261\" height=\"268\" srcset=\"https:\/\/muraste.ee\/vana\/wp-content\/uploads\/2017\/04\/gar2.jpg 937w, https:\/\/muraste.ee\/vana\/wp-content\/uploads\/2017\/04\/gar2-293x300.jpg 293w, https:\/\/muraste.ee\/vana\/wp-content\/uploads\/2017\/04\/gar2-768x787.jpg 768w, https:\/\/muraste.ee\/vana\/wp-content\/uploads\/2017\/04\/gar2-624x639.jpg 624w\" sizes=\"(max-width: 261px) 100vw, 261px\" \/><\/a><\/p>\n<p><strong>UUS!<\/strong> <strong>L\u00e4hme k\u00fclla!<\/strong> Laup\u00e4eval, 29. aprillil kl 8-14 avatud kalasadamate p\u00e4ev. K\u00fclalisi ootab ka Tilgu sadam. Rohkem infot loe <strong><a href=\"https:\/\/www.agri.ee\/et\/avatud-kalasadamate-paev\" target=\"_blank\">siit<\/a><\/strong><\/p>\n<p><strong>UUS! <\/strong>Muraste k\u00fclaseltsi <strong>\u00fcldkoosolek<\/strong> toimub neljap\u00e4eval, 4. mail algusega kell 18.30. Kutse koos p\u00e4evakavaga peagi n\u00e4htaval!<\/p>\n<p><strong>UUS!<\/strong> Esmasp\u00e4eval, 1. mail kell 10-14 <strong>Muraste garaa\u017eim\u00fc\u00fcgip\u00e4ev. <\/strong>Rohkem loe <strong><a href=\"https:\/\/muraste.ee\/vana\/?p=3702\" target=\"_blank\">siit<\/a><\/strong><\/p>\n<p><strong>UUS!<\/strong> 6. mail on suur <strong>Muraste talgup\u00e4ev!<\/strong> Keegi ei j\u00e4\u00e4 k\u00f5rvaltvaatajaks!<\/p>\n<p><a href=\"https:\/\/muraste.ee\/vana\/wp-content\/uploads\/2016\/03\/talg17.jpg\" rel=\"attachment wp-att-3690\"><img decoding=\"async\" loading=\"lazy\" class=\"alignnone size-full wp-image-3690\" src=\"https:\/\/muraste.ee\/vana\/wp-content\/uploads\/2016\/03\/talg17.jpg\" sizes=\"(max-width: 679px) 100vw, 679px\" srcset=\"https:\/\/muraste.ee\/vana\/wp-content\/uploads\/2016\/03\/talg17-212x300.jpg 212w, https:\/\/muraste.ee\/vana\/wp-content\/uploads\/2016\/03\/talg17-624x882.jpg 624w, https:\/\/muraste.ee\/vana\/wp-content\/uploads\/2016\/03\/talg17.jpg 679w\" alt=\"talg17\" width=\"679\" height=\"960\" \/><\/a><\/p>\n<p><strong><br \/>\nR\u00f5\u00f5msaid hetki igasse p\u00e4eva!\u00a0<a href=\"https:\/\/muraste.ee\/vana\/wp-content\/uploads\/2016\/03\/smile.gif\" rel=\"attachment wp-att-3530\"><img decoding=\"async\" loading=\"lazy\" class=\"wp-image-3530 alignright\" src=\"https:\/\/muraste.ee\/vana\/wp-content\/uploads\/2016\/03\/smile.gif\" alt=\"smile\" width=\"142\" height=\"129\" \/><\/a><br \/>\n<\/strong><\/p>\n<p><em>\u201cAh et sina, Juku, oled n\u00fc\u00fcd \u00e4rimees!\u201d imestab vana pedagoog. \u201cSeda poleks k\u00fcll ilmaski osanud arvata, sest koolis oli sul matemaatikaga suuri raskusi\u2026\u201d <\/em><br \/>\n<em>\u201c\u00c4riajamine k\u00e4ib minu k\u00e4es kui k\u00e4kitegu! Ja mis seal keerulist on: kahe tuhandega ostan, nelja tuhandega m\u00fc\u00fcn \u2013 see kaks protsenti vaheltkasu rahuldab mind t\u00e4ielikult!\u201d<\/em><\/p>\n<p><strong>Head koolivaheaega!<\/strong><\/p>\n<\/div>\n<div class=\"_1mf _1mj\" data-offset-key=\"cki46-0-0\"><\/div>\n<p><strong>Teadmiseks: <\/strong>Muraste igan\u00e4dalase e-infokirjaga liitumiseks saada sellekohane teade muraste@muraste.ee<br \/>\n<strong>Muraste kogukonnakeskus\u00a0<\/strong>(Lee tee 9, Muraste) avatud E-N 10-18, R 10-16.<br \/>\n<strong>T\u00e4psustused ja info:<\/strong> kogukonnakeskus@muraste.ee;\u00a05253128 (Aule Kikas).<\/p>\n","protected":false},"excerpt":{"rendered":"<p>N\u00c4DAL \u00a015 MURASTES* 10. aprill\u00a0\u2013 16. aprill\u00a02017 Pildid:\u00a0pixabay.com *AT- koolimaja aatrium, SP- spordihoone; KO-kogukonnakeskuse ruum; \u00a0 KL- klassiruum; PL-Pangapealse lasteaed, PLF- Pangapealse lasteaia filiaali ruum Muraste koolimajas\u00a0 Esmasp\u00e4ev, \u00a010. aprill kl 14-15 AT, Tallinna Tantsuklubi \u201cMy Dance\u201d showtants. \u00a0Igale liitujale klubi s\u00e4rk tasuta. Rohkem infot www.mydance.ee kl 15-16.30 SP, Judoklubi \u201cAitado\u201d\u00a0Judo (7-9 a), Rohkem infot<a class=\"moretag\" href=\"https:\/\/muraste.ee\/vana\/?page_id=3719\"><br \/>&#8230;Loe edasi<\/a><\/p>\n","protected":false},"author":2,"featured_media":0,"parent":0,"menu_order":0,"comment_status":"closed","ping_status":"closed","template":"","meta":{"_bbp_topic_count":0,"_bbp_reply_count":0,"_bbp_total_topic_count":0,"_bbp_total_reply_count":0,"_bbp_voice_count":0,"_bbp_anonymous_reply_count":0,"_bbp_topic_count_hidden":0,"_bbp_reply_count_hidden":0,"_bbp_forum_subforum_count":0,"_mc_calendar":[]},"_links":{"self":[{"href":"https:\/\/muraste.ee\/vana\/index.php?rest_route=\/wp\/v2\/pages\/3719"}],"collection":[{"href":"https:\/\/muraste.ee\/vana\/index.php?rest_route=\/wp\/v2\/pages"}],"about":[{"href":"https:\/\/muraste.ee\/vana\/index.php?rest_route=\/wp\/v2\/types\/page"}],"author":[{"embeddable":true,"href":"https:\/\/muraste.ee\/vana\/index.php?rest_route=\/wp\/v2\/users\/2"}],"replies":[{"embeddable":true,"href":"https:\/\/muraste.ee\/vana\/index.php?rest_route=%2Fwp%2Fv2%2Fcomments&post=3719"}],"version-history":[{"count":1,"href":"https:\/\/muraste.ee\/vana\/index.php?rest_route=\/wp\/v2\/pages\/3719\/revisions"}],"predecessor-version":[{"id":3721,"href":"https:\/\/muraste.ee\/vana\/index.php?rest_route=\/wp\/v2\/pages\/3719\/revisions\/3721"}],"wp:attachment":[{"href":"https:\/\/muraste.ee\/vana\/index.php?rest_route=%2Fwp%2Fv2%2Fmedia&parent=3719"}],"curies":[{"name":"wp","href":"https:\/\/api.w.org\/{rel}","templated":true}]}}