{"id":3763,"date":"2017-04-23T23:11:19","date_gmt":"2017-04-23T20:11:19","guid":{"rendered":"https:\/\/muraste.ee\/vana\/?page_id=3763"},"modified":"2017-04-23T23:11:19","modified_gmt":"2017-04-23T20:11:19","slug":"nadal-16-2","status":"publish","type":"page","link":"https:\/\/muraste.ee\/vana\/?page_id=3763","title":{"rendered":"N\u00e4dal 16"},"content":{"rendered":"<p style=\"text-align: center;\"><span style=\"color: #ff6600;\"><strong><span style=\"color: #0000ff;\">N\u00c4DAL \u00a016 MURASTES*<\/span><br \/>\n<span style=\"color: #0000ff;\">17. aprill\u00a0&#8211; 23. aprill\u00a02017<\/span><br \/>\n<\/strong><span style=\"color: #999999;\"><em><a href=\"https:\/\/muraste.ee\/vana\/wp-content\/uploads\/2016\/03\/EESTI_100-1.png\" rel=\"attachment wp-att-3725\"><img decoding=\"async\" loading=\"lazy\" class=\"alignnone wp-image-3725\" src=\"https:\/\/muraste.ee\/vana\/wp-content\/uploads\/2016\/03\/EESTI_100-1-291x300.png\" alt=\"EESTI_100 (1)\" width=\"227\" height=\"234\" srcset=\"https:\/\/muraste.ee\/vana\/wp-content\/uploads\/2016\/03\/EESTI_100-1-291x300.png 291w, https:\/\/muraste.ee\/vana\/wp-content\/uploads\/2016\/03\/EESTI_100-1-768x792.png 768w, https:\/\/muraste.ee\/vana\/wp-content\/uploads\/2016\/03\/EESTI_100-1-993x1024.png 993w, https:\/\/muraste.ee\/vana\/wp-content\/uploads\/2016\/03\/EESTI_100-1-624x643.png 624w, https:\/\/muraste.ee\/vana\/wp-content\/uploads\/2016\/03\/EESTI_100-1.png 1649w\" sizes=\"(max-width: 227px) 100vw, 227px\" \/><\/a><\/em><\/span><br \/>\n<\/span><\/p>\n<h5 style=\"text-align: center;\"><strong><span style=\"color: #999999;\"><em>*AT- koolimaja aatrium, SP- spordihoone; KO-kogukonnakeskuse ruum; \u00a0 KL- klassiruum; PL-Pangapealse lasteaed, PLF- Pangapealse lasteaia filiaali ruum Muraste koolimajas\u00a0<a href=\"https:\/\/muraste.ee\/vana\/wp-content\/uploads\/2016\/03\/naissaarkivi.jpg\" rel=\"attachment wp-att-2540\"><br \/>\n<\/a><\/em><\/span><\/strong><\/h5>\n<p><span style=\"color: #ff6600;\"><span style=\"color: #99cc00;\"><span style=\"color: #008000;\"><strong><span style=\"color: #0000ff;\">Esmasp\u00e4ev, \u00a017. aprill<br \/>\n<\/span><\/strong><\/span><\/span><\/span>kl 18.30 AT, <span style=\"color: #ff0000;\">\u00a0<strong>UUS<\/strong>!<\/span> Muraste tee <strong>kortermajade \u00fcldkoosolek<\/strong>, korraldajaks Strantum O\u00dc.<br \/>\nkl 17.30 KO, <strong>Kandleansambel<\/strong> <strong>LiULi<br \/>\n<\/strong>kl 19 KL, Suurupi Naiskoor <strong>Meretule <\/strong><br \/>\n<span style=\"color: #ff0000;\"><span style=\"color: #000000;\">kl 20 PL, <strong>Zumba fitness \u2013 tantsuline treening<br \/>\n<\/strong>kl 19 PLF<\/span>,\u00a0<\/span><strong>Hatha Krija jooga.\u00a0<\/strong><\/p>\n<p><strong><span style=\"color: #99cc00;\"><span style=\"color: #ff6600;\"><span style=\"color: #00ff00;\"><span style=\"color: #0000ff;\">Teisip\u00e4ev, 18. aprill<br \/>\n<\/span><\/span><\/span><\/span><\/strong>kl 18 KL,\u00a0<strong>Inglise keele kursus <\/strong><em>(algteadmisi omajatel on v\u00f5imalus liituda ka juba t\u00f6\u00f6tava grupiga).<\/em><strong>\u00a0<\/strong>K\u00fcsi lisa juhendajalt tel 56575575.<br \/>\nkl 18 KO,\u00a0<strong>Inglise keele vestlusring<\/strong> James Gill\u00b4i juhendamisel. K\u00f5ik inglise keelt praktiseerida soovijad on oodatud!<a href=\"https:\/\/muraste.ee\/vana\/wp-content\/uploads\/2016\/03\/tats.jpg\" rel=\"attachment wp-att-3562\"><img decoding=\"async\" loading=\"lazy\" class=\"size-full wp-image-3562 alignleft\" src=\"https:\/\/muraste.ee\/vana\/wp-content\/uploads\/2016\/03\/tats.jpg\" alt=\"tats\" width=\"240\" height=\"240\" srcset=\"https:\/\/muraste.ee\/vana\/wp-content\/uploads\/2016\/03\/tats.jpg 240w, https:\/\/muraste.ee\/vana\/wp-content\/uploads\/2016\/03\/tats-150x150.jpg 150w\" sizes=\"(max-width: 240px) 100vw, 240px\" \/><\/a><br \/>\nkl 19-20.30 SP, <strong>V\u00f5rkpall <\/strong><em>(naised\/mehed)- oodatud on k\u00f5ik v\u00f5rkpallihuvilised!;<\/em><br \/>\nkl 18.30-19.45 AT<strong>, Seltskonnatantsu j\u00e4tkukursus (7. m\u00e4rts &#8211; 25. aprill)<\/strong>.<em><strong><span style=\"color: #ff0000;\">\u00a0UUS <\/span><span style=\"color: #ff0000;\">algajate kursus alustab juba 2. mail ning kohti veel on!<\/span> <\/strong><\/em><br \/>\nkl 19.45-21.15 AT <strong>Seltskonnatantsude harjutustund<\/strong> &#8211; v\u00f5imalus \u00f5pitut kinnistada ja toredas seltskonnas jalga keerutada. Osalus 6\u20ac\/in<br \/>\nkl 19 \u00a0<strong>Talisuplus Tilgu sadamas<\/strong>. Rohkem infot FB\u00a0grupp Taliujumine Tilgus<\/p>\n<p><strong><span style=\"color: #ff0000;\"><a href=\"https:\/\/muraste.ee\/vana\/wp-content\/uploads\/2016\/03\/valle.jpg\" rel=\"attachment wp-att-3748\"><img decoding=\"async\" loading=\"lazy\" class=\"alignleft wp-image-3748\" src=\"https:\/\/muraste.ee\/vana\/wp-content\/uploads\/2016\/03\/valle-300x150.jpg\" alt=\"valle\" width=\"264\" height=\"132\" srcset=\"https:\/\/muraste.ee\/vana\/wp-content\/uploads\/2016\/03\/valle-300x150.jpg 300w, https:\/\/muraste.ee\/vana\/wp-content\/uploads\/2016\/03\/valle-768x384.jpg 768w, https:\/\/muraste.ee\/vana\/wp-content\/uploads\/2016\/03\/valle-1024x512.jpg 1024w, https:\/\/muraste.ee\/vana\/wp-content\/uploads\/2016\/03\/valle-624x312.jpg 624w, https:\/\/muraste.ee\/vana\/wp-content\/uploads\/2016\/03\/valle.jpg 1200w\" sizes=\"(max-width: 264px) 100vw, 264px\" \/><\/a>UUS!<\/span><\/strong> T\u00e4nasest kuni laup\u00e4evani (18.-22. aprill) osalevad Muraste k\u00fclaseltsi juhatuse liikmed Aule Kikas, Katre Kuusik ja Katrin Krause MT\u00dc Nelja Valla Kogu liikmetele ja otsustusorganitele korraldataval <strong>\u00f5ppe- ja kogemusreisil Itaaliasse<\/strong>. Sealne kohalik Leader-tegevusgrupp\u00a0<strong>Valle Umbra e Sibillini G.A.L.<\/strong> \u00a0tutvustab h\u00e4sti korraldatud maaturismi, v\u00e4ikeettev\u00f5tluse ning erinevate sektorite koost\u00f6\u00f6 arendamist Valle Umbra and Sibillini piirkonnas.<br \/>\n<span style=\"color: #008000;\"><strong><br \/>\n<span style=\"color: #0000ff;\">Kolmap\u00e4ev, \u00a019. aprill<\/span><\/strong><\/span><br \/>\nkl 18.00 AT, <strong>Line-tants\u00a0<\/strong>INFO: <a href=\"mailto:kristin@huviline.ee\">kristin@huviline.ee<\/a> v\u00f5i tel 51923590. Osalustasu 5\u20ac\/kord.<br \/>\nkl 19-20.30 SP, <strong><span style=\"color: #000000;\">V\u00f5r<\/span>kpall <\/strong><em>(mehed); <span style=\"color: #ff0000;\"><strong>NB! MEHED, TULGE K\u00d5IK PALLI M\u00c4NGIMA &#8211; v\u00f5rguplats ootab!<br \/>\n<\/strong><\/span><\/em><span style=\"color: #000000;\">kl\u00a019.30 AT,\u00a0<strong><span style=\"color: #993366;\">\u00a0<\/span>K<\/strong><\/span><strong>undalin-jooga.\u00a0<\/strong>\u00a0 <em>\u00a0Kundalini jooga on iidne, inimkogemusel p\u00f5hinev terviklik ja praktiline joogateaduste s\u00fcsteem, mis sobib igale inimesele kaasaegses \u00fchiskonnas. <\/em><strong>\u00d5petaja s\u00f5num selleks kuuks:<\/strong> <em>\u00a0<\/em>Kevadp\u00e4ike t\u00e4idab taevalaotuse j\u00e4rjest k\u00f5rgema kaare ja s\u00e4ravama energiaga. Looduses on k\u00f5ik muutuses ja iga j\u00e4rgmine hetk\u00a0ei ole enam sama, mis oli eelmine.\u00a0Olemaks koosk\u00f5las looduses toimuvaga, tugevdad selle kuu krija abil oma f\u00fc\u00fcsilist keha ning t\u00f5stad meele ps\u00fchholoogilist v\u00f5imekust\u00a0tulla toime muutustega Sinu \u00fcmber. Praktiseerime Surya krijat, mis on saanud oma nime p\u00e4ikeseenergia Surya j\u00e4rgi. Rohkem teavet algi.samm@mail.ee\u00a0, tel 5019402.<\/p>\n<p><span style=\"color: #008000;\"><strong><span style=\"color: #ff6600;\"><span style=\"color: #0000ff;\">Neljap\u00e4ev, 20.\u00a0aprill<\/span><a href=\"https:\/\/muraste.ee\/vana\/wp-content\/uploads\/2016\/03\/zumba17.jpg\" rel=\"attachment wp-att-3653\"><img decoding=\"async\" loading=\"lazy\" class=\"size-medium wp-image-3653 alignright\" src=\"https:\/\/muraste.ee\/vana\/wp-content\/uploads\/2016\/03\/zumba17-210x300.jpg\" alt=\"zumba17\" width=\"210\" height=\"300\" srcset=\"https:\/\/muraste.ee\/vana\/wp-content\/uploads\/2016\/03\/zumba17-210x300.jpg 210w, https:\/\/muraste.ee\/vana\/wp-content\/uploads\/2016\/03\/zumba17.jpg 591w\" sizes=\"(max-width: 210px) 100vw, 210px\" \/><\/a><br \/>\n<\/span><\/strong><\/span>kl 18.30 \u00a0KL,\u00a0<strong><span style=\"color: #ff0000;\">UUS\u00a0<\/span><\/strong><strong>\u00a0inglise keele kursus<\/strong> algajatele ja uuesti alustajatele. T\u00e4psem info marethein@gmail.com, tel 56575575 v\u00f5i kogukonnakeskusest.<br \/>\nkl 19 \u00a0<strong>Talisuplus Tilgu sadamas. <\/strong>Rohkem infot FB\u00a0grupp Taliujumine Tilgus<br \/>\n<span style=\"color: #ff6600;\"><span style=\"color: #000000;\">kl 20 PL, <strong>Zumba fitness<\/strong> \u2013 tantsuline treening<strong><span style=\"color: #ff6600;\"><br \/>\n<\/span><\/strong><\/span><\/span><\/p>\n<p><span style=\"color: #ff6600;\"><span style=\"color: #000000;\"><span style=\"color: #808000;\"><strong><span style=\"color: #ff6600;\"><span style=\"color: #0000ff;\">Reede, 21.\u00a0aprill<\/span><br \/>\n<\/span><\/strong><span style=\"color: #000000;\">kl 17.30-19.30 <span style=\"color: #ff0000;\"><strong>UUS!<\/strong> <\/span>MT\u00dc <strong>Kodukant Harjumaa \u00fcldkoosolek<\/strong>ul Kolgak\u00fcla rahvamajas (Kuusalu vald) osaleb Muraste k\u00fclaseltsi esindajana juhatuse liige Silva Kiili<br \/>\n<\/span><strong><span style=\"color: #ff6600;\"><br \/>\n<\/span><\/strong><span style=\"color: #000000;\">kl 18.30 SP, <span style=\"color: #ff0000;\"><strong>NB!\u00a0<\/strong><\/span><\/span><span style=\"color: #000000;\">Muraste turvagrupp kutsub osalema kursusel<\/span><span style=\"color: #000000;\"><strong>\u00a0<a href=\"https:\/\/www.youtube.com\/watch?v=E32WMhokIIM&amp;feature=youtu.be\">Enesekaitse alused l\u00e4bi aikido<\/a>.\u00a0\u00a0<\/strong>Jalga pika s\u00e4\u00e4rega dressid, selga t-s\u00e4rk v\u00f5i kimono. Rohkem infot kogukonnakeskusest v\u00f5i Evar Ojasaarelt (eojasaar@gmail.com). Kursus on osalejatele <strong>tasuta<\/strong>.<\/span><strong><em><span style=\"color: #000000;\"><br \/>\n<\/span><\/em><br \/>\n<\/strong><\/span><\/span><\/span><\/p>\n<div class=\"_1mf _1mj\" data-offset-key=\"cki46-0-0\">\n<p><span style=\"color: #ff6600;\"><strong>MAGUS ja KIIRE T\u00d6\u00d6PAKKUMINE! \u00a0<a href=\"https:\/\/muraste.ee\/vana\/wp-content\/uploads\/2016\/03\/maiasmokk.jpg\" rel=\"attachment wp-att-3697\"><img decoding=\"async\" loading=\"lazy\" class=\" wp-image-3697 alignright\" src=\"https:\/\/muraste.ee\/vana\/wp-content\/uploads\/2016\/03\/maiasmokk-150x150.jpg\" alt=\"maiasmokk\" width=\"152\" height=\"152\" srcset=\"https:\/\/muraste.ee\/vana\/wp-content\/uploads\/2016\/03\/maiasmokk-150x150.jpg 150w, https:\/\/muraste.ee\/vana\/wp-content\/uploads\/2016\/03\/maiasmokk-300x300.jpg 300w, https:\/\/muraste.ee\/vana\/wp-content\/uploads\/2016\/03\/maiasmokk-624x624.jpg 624w, https:\/\/muraste.ee\/vana\/wp-content\/uploads\/2016\/03\/maiasmokk.jpg 660w\" sizes=\"(max-width: 152px) 100vw, 152px\" \/><\/a><\/strong><\/span><\/p>\n<\/div>\n<div class=\"_1mf _1mj\" data-offset-key=\"cki46-0-0\">\n<p>Rannam\u00f5isa k\u00fclas asuv <strong>Maiasmoka Kommivabrik<\/strong> otsib <strong>ajutist abij\u00f5udu<\/strong> kommide pakkimisele. Kui oled huvitatud, siis v\u00f5ta palun \u00fchendust Maritiga telefonil 5110538 v\u00f5i <a href=\"mailto:marit@kommivabrik.ee\" target=\"_blank\">marit@kommivabrik.ee<\/a><\/p>\n<p><strong><span style=\"color: #ff6600;\">OMA K\u00dcLA ETTEV\u00d5TJATE PAKKUMISED!<\/span><\/strong><a href=\"https:\/\/muraste.ee\/vana\/wp-content\/uploads\/2016\/03\/kattel.jpg\" rel=\"attachment wp-att-3728\"><br \/>\n<img decoding=\"async\" loading=\"lazy\" class=\"alignnone size-full wp-image-3728\" src=\"https:\/\/muraste.ee\/vana\/wp-content\/uploads\/2016\/03\/kattel.jpg\" alt=\"kattel\" width=\"552\" height=\"611\" srcset=\"https:\/\/muraste.ee\/vana\/wp-content\/uploads\/2016\/03\/kattel.jpg 552w, https:\/\/muraste.ee\/vana\/wp-content\/uploads\/2016\/03\/kattel-271x300.jpg 271w\" sizes=\"(max-width: 552px) 100vw, 552px\" \/><\/a><\/p>\n<p><span style=\"color: #ff6600;\"><strong>Lahe Huvikool<\/strong><\/span> ootab lapsi eelkooli! Uuri kuulutust ja \u00e4sja valminud \u00a0<strong><a href=\"http:\/\/www.lahehuvikool.ee\/\" target=\"_blank\">kodulehte<\/a><\/strong>!<\/p>\n<p><a href=\"https:\/\/muraste.ee\/vana\/wp-content\/uploads\/2016\/03\/LAHEUUS.jpg\" rel=\"attachment wp-att-3744\"><img decoding=\"async\" loading=\"lazy\" class=\"alignnone size-full wp-image-3744\" src=\"https:\/\/muraste.ee\/vana\/wp-content\/uploads\/2016\/03\/LAHEUUS.jpg\" alt=\"LAHEUUS\" width=\"960\" height=\"649\" srcset=\"https:\/\/muraste.ee\/vana\/wp-content\/uploads\/2016\/03\/LAHEUUS.jpg 960w, https:\/\/muraste.ee\/vana\/wp-content\/uploads\/2016\/03\/LAHEUUS-300x203.jpg 300w, https:\/\/muraste.ee\/vana\/wp-content\/uploads\/2016\/03\/LAHEUUS-768x519.jpg 768w, https:\/\/muraste.ee\/vana\/wp-content\/uploads\/2016\/03\/LAHEUUS-624x422.jpg 624w\" sizes=\"(max-width: 960px) 100vw, 960px\" \/><\/a><\/p>\n<p><strong><span style=\"color: #ff6600;\">TULEKUL<\/span><\/strong><\/p>\n<p><a href=\"https:\/\/muraste.ee\/vana\/wp-content\/uploads\/2017\/04\/gar2.jpg\" rel=\"attachment wp-att-3710\"><img decoding=\"async\" loading=\"lazy\" class=\"wp-image-3710 alignright\" src=\"https:\/\/muraste.ee\/vana\/wp-content\/uploads\/2017\/04\/gar2.jpg\" alt=\"gar2\" width=\"261\" height=\"268\" srcset=\"https:\/\/muraste.ee\/vana\/wp-content\/uploads\/2017\/04\/gar2.jpg 937w, https:\/\/muraste.ee\/vana\/wp-content\/uploads\/2017\/04\/gar2-293x300.jpg 293w, https:\/\/muraste.ee\/vana\/wp-content\/uploads\/2017\/04\/gar2-768x787.jpg 768w, https:\/\/muraste.ee\/vana\/wp-content\/uploads\/2017\/04\/gar2-624x639.jpg 624w\" sizes=\"(max-width: 261px) 100vw, 261px\" \/><\/a><\/p>\n<p><span style=\"color: #ff0000;\"><strong>UUS!<\/strong> <\/span><strong><span style=\"color: #ff6600;\">L\u00e4hme k\u00fclla!<\/span><\/strong> Laup\u00e4eval, 29. aprillil kl 8-14 avatud kalasadamate p\u00e4ev. K\u00fclalisi ootab ka Tilgu sadam. Rohkem infot loe <strong><span style=\"color: #0000ff;\"><a style=\"color: #0000ff;\" href=\"https:\/\/www.agri.ee\/et\/avatud-kalasadamate-paev\" target=\"_blank\">siit<\/a><\/span><\/strong><\/p>\n<p><strong><span style=\"color: #ff0000;\">UUS!<\/span> <\/strong>Muraste k\u00fclaseltsi <strong>\u00fcldkoosolek<\/strong> toimub neljap\u00e4eval, 4. mail algusega kell 18.30.<\/p>\n<p><span style=\"color: #ff0000;\"><strong>UUS!<\/strong> <\/span>Esmasp\u00e4eval, 1. mail kell 10-14 <span style=\"color: #000000;\"><strong>Muraste garaa\u017eim\u00fc\u00fcgip\u00e4ev. <\/strong>Rohkem loe <strong><a href=\"https:\/\/muraste.ee\/vana\/?p=3702\" target=\"_blank\">siit<\/a><\/strong><\/span><\/p>\n<p><span style=\"color: #ff0000;\"><strong>UUS!<\/strong><\/span> 6. mail on suur <strong>Muraste talgup\u00e4ev!<\/strong> Keegi ei j\u00e4\u00e4 k\u00f5rvaltvaatajaks!<\/p>\n<p><a href=\"https:\/\/muraste.ee\/vana\/wp-content\/uploads\/2016\/03\/talg17.jpg\" rel=\"attachment wp-att-3690\"><img decoding=\"async\" loading=\"lazy\" class=\"alignnone size-full wp-image-3690\" src=\"https:\/\/muraste.ee\/vana\/wp-content\/uploads\/2016\/03\/talg17.jpg\" alt=\"talg17\" width=\"679\" height=\"960\" srcset=\"https:\/\/muraste.ee\/vana\/wp-content\/uploads\/2016\/03\/talg17.jpg 679w, https:\/\/muraste.ee\/vana\/wp-content\/uploads\/2016\/03\/talg17-212x300.jpg 212w, https:\/\/muraste.ee\/vana\/wp-content\/uploads\/2016\/03\/talg17-624x882.jpg 624w\" sizes=\"(max-width: 679px) 100vw, 679px\" \/><\/a><\/p>\n<p><span style=\"color: #ff9900;\"><strong><a href=\"https:\/\/muraste.ee\/vana\/wp-content\/uploads\/2016\/03\/A4_valsikeerd.jpg\" rel=\"attachment wp-att-3730\"><img decoding=\"async\" loading=\"lazy\" class=\"alignnone size-large wp-image-3730\" src=\"https:\/\/muraste.ee\/vana\/wp-content\/uploads\/2016\/03\/A4_valsikeerd-724x1024.jpg\" alt=\"A3_valsikeerd\" width=\"625\" height=\"884\" srcset=\"https:\/\/muraste.ee\/vana\/wp-content\/uploads\/2016\/03\/A4_valsikeerd-724x1024.jpg 724w, https:\/\/muraste.ee\/vana\/wp-content\/uploads\/2016\/03\/A4_valsikeerd-212x300.jpg 212w, https:\/\/muraste.ee\/vana\/wp-content\/uploads\/2016\/03\/A4_valsikeerd-768x1086.jpg 768w, https:\/\/muraste.ee\/vana\/wp-content\/uploads\/2016\/03\/A4_valsikeerd-624x883.jpg 624w, https:\/\/muraste.ee\/vana\/wp-content\/uploads\/2016\/03\/A4_valsikeerd.jpg 1984w\" sizes=\"(max-width: 625px) 100vw, 625px\" \/><\/a><br \/>\n<\/strong><\/span><\/p>\n<p><span style=\"color: #ff6600;\"><strong>Laagrikasvataja koolitus 2017. a kevadel Harku vallas.<\/strong><\/span><\/p>\n<p><a href=\"https:\/\/muraste.ee\/vana\/wp-content\/uploads\/2016\/03\/krista.jpg\" rel=\"attachment wp-att-3732\"><img decoding=\"async\" loading=\"lazy\" class=\"alignnone size-full wp-image-3732\" src=\"https:\/\/muraste.ee\/vana\/wp-content\/uploads\/2016\/03\/krista.jpg\" alt=\"krista\" width=\"960\" height=\"681\" srcset=\"https:\/\/muraste.ee\/vana\/wp-content\/uploads\/2016\/03\/krista.jpg 960w, https:\/\/muraste.ee\/vana\/wp-content\/uploads\/2016\/03\/krista-300x213.jpg 300w, https:\/\/muraste.ee\/vana\/wp-content\/uploads\/2016\/03\/krista-768x545.jpg 768w, https:\/\/muraste.ee\/vana\/wp-content\/uploads\/2016\/03\/krista-624x443.jpg 624w\" sizes=\"(max-width: 960px) 100vw, 960px\" \/><\/a><\/p>\n<p>Koolituse kogumaht on 32 akadeemilist tundi.\u00a0Koolituse teemad on: noortelaagri m\u00f5iste; laagrikasvataja osakutse; laagriprogrammi koostamine; meeskonnat\u00f6\u00f6 laagris; konfliktsituatsioonide lahendamine laagris; laagri turvalisus, ohutus; mitteformaalne \u00f5pe; laagrikasvataja roll; laagritegevustega ja noorsoot\u00f6\u00f6ga seotud seadused, dokumendid; noorsoot\u00f6\u00f6 seadus jm dokumendid, mis on seotud antud teemaga; noorsoot\u00f6\u00f6 kutse-eetika.<\/p>\n<p>Laagrikasvataja osakutse on m\u00f5eldud k\u00f5igile, kes on huvitatud laagrikasvataja t\u00f6\u00f6st. Koolituse l\u00e4binutel on v\u00f5imalik taotleda esamkordset laagrikasvataja osakutset, mis annab \u00f5iguse t\u00f6\u00f6tada kasvatajana k\u00f5igis noorte p\u00fcsi- ja projektlaagrites.<\/p>\n<p>Koolituse viib l\u00e4bi Krista Dreger, kel on 15 aastat laagrijuhi kogemust. \u00a0Koolitusele registreerimiseks saada oma nimi ja kontakttelefon e-mailile <a href=\"mailto:krista.dreger@gmail.com\">krista.dreger@gmail.com<\/a>. Koolituse kohta saab rohkem infot telefonil 5137685.<\/p>\n<p><strong><span style=\"color: #ff6600;\"><a href=\"https:\/\/muraste.ee\/vana\/wp-content\/uploads\/2016\/03\/onne.jpg\" rel=\"attachment wp-att-3738\"><img decoding=\"async\" loading=\"lazy\" class=\" wp-image-3738 alignright\" src=\"https:\/\/muraste.ee\/vana\/wp-content\/uploads\/2016\/03\/onne-300x198.jpg\" alt=\"onne\" width=\"258\" height=\"170\" srcset=\"https:\/\/muraste.ee\/vana\/wp-content\/uploads\/2016\/03\/onne-300x198.jpg 300w, https:\/\/muraste.ee\/vana\/wp-content\/uploads\/2016\/03\/onne.jpg 514w\" sizes=\"(max-width: 258px) 100vw, 258px\" \/><\/a>Algamas on PREP on paarisuhtekoolitus<\/span>,<\/strong> mis sobib paaridele, kes sooviksid panustada oma suhtesse: et see hea, mis neil on, ka p\u00fcsiks. Koolitus sobib ka paaridele, kellel on muresid ja soovivad t\u00f5sta rahulolu oma suhtega. Koolitus toimub:<br \/>\nTabasalus, Pererestoran Seller (Klooga mnt. 6a) ruumides: L 29.04. ja 6.05. kl. 10-18. Rohkem infot <strong><a href=\"http:\/\/www.facebook.com\/events\/1890383884507300\/\" target=\"_blank\">siin<\/a>:\u00a0<\/strong><\/p>\n<p><span style=\"color: #ff9900;\"><strong><span style=\"color: #0000ff;\">R\u00f5\u00f5msaid hetki igasse p\u00e4eva!\u00a0<\/span><a href=\"https:\/\/muraste.ee\/vana\/wp-content\/uploads\/2016\/03\/smile.gif\" rel=\"attachment wp-att-3530\"><img decoding=\"async\" loading=\"lazy\" class=\"wp-image-3530 alignright\" src=\"https:\/\/muraste.ee\/vana\/wp-content\/uploads\/2016\/03\/smile.gif\" alt=\"smile\" width=\"142\" height=\"129\" \/><\/a><br \/>\n<\/strong><\/span><\/p>\n<p><em>&#8220;Ah et sina, Juku, oled n\u00fc\u00fcd \u00e4rimees!&#8221; imestab vana pedagoog. &#8220;Seda poleks k\u00fcll ilmaski osanud arvata, sest koolis oli sul matemaatikaga suuri raskusi&#8230;&#8221; <\/em><br \/>\n<em>&#8220;\u00c4riajamine k\u00e4ib minu k\u00e4es kui k\u00e4kitegu! Ja mis seal keerulist on: kahe tuhandega ostan, nelja tuhandega m\u00fc\u00fcn &#8211; see kaks protsenti vaheltkasu rahuldab mind t\u00e4ielikult!&#8221;<\/em><\/p>\n<p><span style=\"color: #ff6600;\"><strong>Vahvat koolivaheaega!<\/strong><\/span><\/p>\n<\/div>\n<div class=\"_1mf _1mj\" data-offset-key=\"cki46-0-0\"><span style=\"color: #ff6600;\"><strong><a href=\"https:\/\/muraste.ee\/vana\/wp-content\/uploads\/2016\/03\/stend.jpg\" rel=\"attachment wp-att-3740\"><img decoding=\"async\" loading=\"lazy\" class=\"size-medium wp-image-3740 alignright\" src=\"https:\/\/muraste.ee\/vana\/wp-content\/uploads\/2016\/03\/stend-300x224.jpg\" alt=\"stend\" width=\"300\" height=\"224\" srcset=\"https:\/\/muraste.ee\/vana\/wp-content\/uploads\/2016\/03\/stend-300x224.jpg 300w, https:\/\/muraste.ee\/vana\/wp-content\/uploads\/2016\/03\/stend-768x572.jpg 768w, https:\/\/muraste.ee\/vana\/wp-content\/uploads\/2016\/03\/stend-1024x763.jpg 1024w, https:\/\/muraste.ee\/vana\/wp-content\/uploads\/2016\/03\/stend-624x465.jpg 624w, https:\/\/muraste.ee\/vana\/wp-content\/uploads\/2016\/03\/stend.jpg 1300w\" sizes=\"(max-width: 300px) 100vw, 300px\" \/><\/a>TEADETETAHVEL<\/strong><\/span><\/div>\n<div class=\"_1mf _1mj\" data-offset-key=\"cki46-0-0\"><\/div>\n<div class=\"_1mf _1mj\" data-offset-key=\"cki46-0-0\">\n<p><span style=\"color: #ff0000;\"><strong>Soovid avaldada oma reklaami<\/strong><\/span> meie infokanalites? Juhised on <span style=\"color: #000080;\"><strong><a style=\"color: #000080;\" href=\"https:\/\/muraste.ee\/vana\/?page_id=129\" target=\"_blank\">siin<\/a><\/strong><\/span>!<\/p>\n<\/div>\n<div class=\"_1mf _1mj\" data-offset-key=\"cki46-0-0\"><span style=\"color: #ff0000;\"><strong>Soovid kasutada<\/strong><\/span> m\u00f5nd Muraste k\u00fclaselsti poolt pakutavat<strong><span style=\"color: #ff0000;\"> teenust<\/span><\/strong>? V\u00f5imalused on<span style=\"color: #000080;\"><strong> <a style=\"color: #000080;\" href=\"https:\/\/muraste.ee\/vana\/?page_id=126\" target=\"_blank\">siin<\/a>!<\/strong><\/span><\/div>\n<div class=\"_1mf _1mj\" data-offset-key=\"cki46-0-0\"><\/div>\n<div class=\"_1mf _1mj\" data-offset-key=\"cki46-0-0\"><\/div>\n<p><strong>Teadmiseks: <\/strong>Muraste igan\u00e4dalase e-infokirjaga liitumiseks saada sellekohane teade muraste@muraste.ee<br \/>\n<strong>Muraste kogukonnakeskus\u00a0<\/strong><span style=\"color: #ff9900;\"><span style=\"color: #000000;\">(<\/span><\/span>Lee tee 9, Muraste) avatud E-N 10-18, R 10-16.<br \/>\n<strong>T\u00e4psustused ja info:<\/strong> kogukonnakeskus@muraste.ee;\u00a05253128 (Aule Kikas).<\/p>\n","protected":false},"excerpt":{"rendered":"<p>N\u00c4DAL \u00a016 MURASTES* 17. aprill\u00a0&#8211; 23. aprill\u00a02017 *AT- koolimaja aatrium, SP- spordihoone; KO-kogukonnakeskuse ruum; \u00a0 KL- klassiruum; PL-Pangapealse lasteaed, PLF- Pangapealse lasteaia filiaali ruum Muraste koolimajas\u00a0 Esmasp\u00e4ev, \u00a017. aprill kl 18.30 AT, \u00a0UUS! Muraste tee kortermajade \u00fcldkoosolek, korraldajaks Strantum O\u00dc. kl 17.30 KO, Kandleansambel LiULi kl 19 KL, Suurupi Naiskoor Meretule kl 20 PL, Zumba<a class=\"moretag\" href=\"https:\/\/muraste.ee\/vana\/?page_id=3763\"><br \/>&#8230;Loe edasi<\/a><\/p>\n","protected":false},"author":2,"featured_media":0,"parent":0,"menu_order":0,"comment_status":"closed","ping_status":"closed","template":"","meta":{"_bbp_topic_count":0,"_bbp_reply_count":0,"_bbp_total_topic_count":0,"_bbp_total_reply_count":0,"_bbp_voice_count":0,"_bbp_anonymous_reply_count":0,"_bbp_topic_count_hidden":0,"_bbp_reply_count_hidden":0,"_bbp_forum_subforum_count":0,"_mc_calendar":[]},"_links":{"self":[{"href":"https:\/\/muraste.ee\/vana\/index.php?rest_route=\/wp\/v2\/pages\/3763"}],"collection":[{"href":"https:\/\/muraste.ee\/vana\/index.php?rest_route=\/wp\/v2\/pages"}],"about":[{"href":"https:\/\/muraste.ee\/vana\/index.php?rest_route=\/wp\/v2\/types\/page"}],"author":[{"embeddable":true,"href":"https:\/\/muraste.ee\/vana\/index.php?rest_route=\/wp\/v2\/users\/2"}],"replies":[{"embeddable":true,"href":"https:\/\/muraste.ee\/vana\/index.php?rest_route=%2Fwp%2Fv2%2Fcomments&post=3763"}],"version-history":[{"count":1,"href":"https:\/\/muraste.ee\/vana\/index.php?rest_route=\/wp\/v2\/pages\/3763\/revisions"}],"predecessor-version":[{"id":3765,"href":"https:\/\/muraste.ee\/vana\/index.php?rest_route=\/wp\/v2\/pages\/3763\/revisions\/3765"}],"wp:attachment":[{"href":"https:\/\/muraste.ee\/vana\/index.php?rest_route=%2Fwp%2Fv2%2Fmedia&parent=3763"}],"curies":[{"name":"wp","href":"https:\/\/api.w.org\/{rel}","templated":true}]}}