{"id":3860,"date":"2017-04-30T21:29:12","date_gmt":"2017-04-30T18:29:12","guid":{"rendered":"https:\/\/muraste.ee\/vana\/?page_id=3860"},"modified":"2017-04-30T21:29:12","modified_gmt":"2017-04-30T18:29:12","slug":"nadal-17-2","status":"publish","type":"page","link":"https:\/\/muraste.ee\/vana\/?page_id=3860","title":{"rendered":"N\u00e4dal 17"},"content":{"rendered":"<header class=\"entry-header\">\n<h1 class=\"entry-title\"><strong>N\u00c4DAL \u00a017 MURASTES*<\/strong><\/h1>\n<\/header>\n<div class=\"entry-content\">\n<p><strong>24. aprill\u00a0\u2013 30. aprill\u00a02017<br \/>\n<\/strong><a href=\"https:\/\/muraste.ee\/vana\/wp-content\/uploads\/2016\/03\/italy2.jpg\" rel=\"attachment wp-att-3774\"><img decoding=\"async\" loading=\"lazy\" class=\"alignnone wp-image-3774\" src=\"https:\/\/muraste.ee\/vana\/wp-content\/uploads\/2016\/03\/italy2-300x168.jpg\" sizes=\"(max-width: 398px) 100vw, 398px\" srcset=\"https:\/\/muraste.ee\/vana\/wp-content\/uploads\/2016\/03\/italy2-300x168.jpg 300w, https:\/\/muraste.ee\/vana\/wp-content\/uploads\/2016\/03\/italy2-768x431.jpg 768w, https:\/\/muraste.ee\/vana\/wp-content\/uploads\/2016\/03\/italy2-624x350.jpg 624w, https:\/\/muraste.ee\/vana\/wp-content\/uploads\/2016\/03\/italy2.jpg 960w\" alt=\"italy2\" width=\"398\" height=\"223\" \/><br \/>\n<\/a><em>Fotol: Tervitused Itaaliast.\u00a0MT\u00dc Nelja Valla Kogu liikmed (sh 3 Muraste k\u00fclaseltsi juhatuse liiget) olid 18.-22. aprillil Itaalias Umbria piirkonnas kogemusreisil. Eesti delegatsiooni vastu v\u00f5tnud kohaliku Leader-tegevusgrupi toel saime osa h\u00e4sti korraldatud maaturismist, n\u00e4gime piirkondlikku v\u00e4ikeettev\u00f5tlust ja saime \u00fclevaate erinevate sektorite koost\u00f6\u00f6st. Pikem reisikiri valmib n\u00e4dala l\u00f5puks ning see avaldatakse <a href=\"http:\/\/4kogu.ee\/\" target=\"_blank\">NVK kodulehel<\/a>. Jagatav kogemus v\u00e4\u00e4rib lugemist!<\/em><\/p>\n<h5><strong><em>*AT- koolimaja aatrium, SP- spordihoone; KO-kogukonnakeskuse ruum; \u00a0 KL- klassiruum; PL-Pangapealse lasteaed, PLF- Pangapealse lasteaia filiaali ruum Muraste koolimajas\u00a0<a href=\"https:\/\/muraste.ee\/vana\/wp-content\/uploads\/2016\/03\/naissaarkivi.jpg\" rel=\"attachment wp-att-2540\"><br \/>\n<\/a><\/em><\/strong><\/h5>\n<p><strong>Esmasp\u00e4ev, \u00a024. aprill<br \/>\n<\/strong>kl 14-15 AT, Tallinna Tantsuklubi \u201cMy Dance\u201d <strong>showtants<\/strong>. \u00a0Igale liitujale klubi s\u00e4rk tasuta. Rohkem infot www.mydance.ee<br \/>\nkl 15-16.30 SP, Judoklubi \u201cAitado\u201d\u00a0<strong>Judo<\/strong> (7-9 a), Rohkem infot sensei Edward Murel, murel.edward@gmail.com<br \/>\nkl 15.30-18.30 KL, <strong>Eelkool<\/strong> (1.grupp). Juhendab Kristi Bauman. Info www.huviringid.ee<br \/>\nkl 16.30-18.30 SP, <strong>K\u00e4sipall<\/strong> (1-5 kl); Info HC Tallinn, www.hctallinn.ee<br \/>\nkl 17.30 KO, <strong>Kandleansambel<\/strong><strong>LiULi<br \/>\n<\/strong>kl 18.30 KO,<strong> Kaitseliidu Harku Rannikukaitse \u00dcksikkompanii <\/strong>koosolek<strong><br \/>\n<\/strong>kl 19, Suurupi Naiskoor <strong>Meretule <\/strong><em>(v\u00e4ljas\u00f5it)<\/em><br \/>\nkl 20 PL, <strong>Zumba fitness \u2013 tantsuline treening<br \/>\n<\/strong>kl 19.00 PLF,\u00a0<strong>Hatha Krija jooga<\/strong>, juhendab Gristel Pagi<strong><br \/>\n<\/strong><\/p>\n<p><strong>Teisip\u00e4ev, 25. aprill<br \/>\n<\/strong>kl 14.40 <strong>Fa Stuudio muusikaring<\/strong>. \u00a0Rohkem infot fastuudio@gmail.com v\u00f5i tel 5160031.<br \/>\nkl 15-16.30 <strong>Korvpall<\/strong> (1-5 klass); juhendab Chris Moore (Tabasalu Palliklubi). Info tabasalupk@rim.ee<br \/>\nkl 15 AT, <strong>V\u00f5istlustantsu teeningud algajatele lastele<\/strong> (info www.tantsumeka.ee, Matis Toome, tel 59190800)<br \/>\nkl 16.30-18.30 SP, <strong>K\u00e4sipall<\/strong> (1-5 kl); Info HC Tallinn, www.hctallinn.ee<br \/>\nkl 18 KO, Kogukonnakeskus broneeritud.<br \/>\nkl 18 KL\u00a0<strong>Inglise keele kursus <\/strong><em>(algteadmisi omajatel on v\u00f5imalus liituda ka juba t\u00f6\u00f6tava grupiga).<\/em><strong>\u00a0<\/strong>K\u00fcsi lisa juhendajalt tel 56575575.<br \/>\nkl 18 KL,\u00a0<strong>Inglise keele vestlusring<\/strong> James Gill\u00b4i juhendamisel. K\u00f5ik inglise keelt praktiseerida soovijad on oodatud!<a href=\"https:\/\/muraste.ee\/vana\/wp-content\/uploads\/2016\/03\/tats.jpg\" rel=\"attachment wp-att-3562\"><img decoding=\"async\" loading=\"lazy\" class=\"size-full wp-image-3562 alignleft\" src=\"https:\/\/muraste.ee\/vana\/wp-content\/uploads\/2016\/03\/tats.jpg\" sizes=\"(max-width: 240px) 100vw, 240px\" srcset=\"https:\/\/muraste.ee\/vana\/wp-content\/uploads\/2016\/03\/tats-150x150.jpg 150w, https:\/\/muraste.ee\/vana\/wp-content\/uploads\/2016\/03\/tats.jpg 240w\" alt=\"tats\" width=\"240\" height=\"240\" \/><\/a><br \/>\nkl 19-20.30 SP, <strong>V\u00f5rkpall <\/strong><em>(naised\/mehed)- oodatud on k\u00f5ik v\u00f5rkpallihuvilised!;<\/em><br \/>\nkl 18.30-19.45 AT<strong>, Seltskonnatantsu j\u00e4tkukursus (7. m\u00e4rts \u2013 25. aprill)<\/strong>.<em><strong>\u00a0UUS algajate kursus alustab juba 2. mail ning kohti veel on! <\/strong><\/em><br \/>\nkl 19.45-21.15 AT <strong>Seltskonnatantsude harjutustund<\/strong> \u2013 v\u00f5imalus \u00f5pitut kinnistada ja toredas seltskonnas jalga keerutada. Osalus 6\u20ac\/in<br \/>\nkl 19 \u00a0<strong>Talisuplus Tilgu sadamas<\/strong>. Rohkem infot FB\u00a0grupp Taliujumine Tilgus<br \/>\n<strong><br \/>\nKolmap\u00e4ev, \u00a026. aprill<\/strong><br \/>\nkl 14-15 AT, Tallinna Tantsuklubi \u201cMy Dance\u201d<strong>showtants<\/strong>. 2x n\u00e4dalas\/30\u20ac kuu. Igale liitujale klubi s\u00e4rk tasuta. Rohkem infot www.mydance.ee<br \/>\nkl 15-16.00 SP, <strong>Jalgpall<\/strong>, (1-5 kl). Info: Harju Jalgpallikool<br \/>\nkl 15.30-18.30 KL, <strong>Eelkool<\/strong> (2.grupp). Juhendab Kristi Bauman. Info www.huviringid.ee<br \/>\nkl 16.00-17,30 \u00a0SP, Judoklubi \u201cAitado\u201d\u00a0<strong>Judo<\/strong> (7-9 a), Rohkem infot sensei Edward Murel, murel.edward@gmail.com<br \/>\nkl 17 KL, <strong>Mudelismiring<\/strong> algajatele, juhendaja Andres Madissoo, info 5259021<br \/>\nkl 18 KL, <strong>Mudelismiring<\/strong> edasij\u00f5udnutele,\u00a0juhendaja Andres Madissoo, info 5259021<br \/>\nkl 18.00 AT, <strong>Line-tants\u00a0<\/strong>INFO: <a href=\"mailto:kristin@huviline.ee\">kristin@huviline.ee<\/a> v\u00f5i tel 51923590. Osalustasu 5\u20ac\/kord.<br \/>\nkl 19-20.30 SP, <strong>V\u00f5rkpall <\/strong><em>(mehed); <strong>NB! MEHED, TULGE K\u00d5IK PALLI M\u00c4NGIMA \u2013 v\u00f5rguplats ootab!<br \/>\n<\/strong><\/em>kl\u00a019.30 AT,\u00a0<strong>\u00a0K<\/strong><strong>undalin-jooga.\u00a0<\/strong><em>\u00a0Kundalini jooga on iidne, inimkogemusel p\u00f5hinev terviklik ja praktiline joogateaduste s\u00fcsteem, mis sobib igale inimesele kaasaegses \u00fchiskonnas. <\/em><strong>\u00d5petaja s\u00f5num selleks kuuks:<\/strong><em>\u00a0<\/em>Kevadp\u00e4ike t\u00e4idab taevalaotuse j\u00e4rjest k\u00f5rgema kaare ja s\u00e4ravama energiaga. Looduses on k\u00f5ik muutuses ja iga j\u00e4rgmine hetk\u00a0ei ole enam sama, mis oli eelmine.\u00a0Olemaks koosk\u00f5las looduses toimuvaga, tugevdad selle kuu krija abil oma f\u00fc\u00fcsilist keha ning t\u00f5stad meele ps\u00fchholoogilist v\u00f5imekust\u00a0tulla toime muutustega Sinu \u00fcmber. Praktiseerime Surya krijat, mis on saanud oma nime p\u00e4ikeseenergia Surya j\u00e4rgi. Rohkem teavet algi.samm@mail.ee\u00a0, tel 5019402.<\/p>\n<p><strong>Neljap\u00e4ev, 27.\u00a0aprill<a href=\"https:\/\/muraste.ee\/vana\/wp-content\/uploads\/2016\/03\/zumba17.jpg\" rel=\"attachment wp-att-3653\"><img decoding=\"async\" loading=\"lazy\" class=\"size-medium wp-image-3653 alignright\" src=\"https:\/\/muraste.ee\/vana\/wp-content\/uploads\/2016\/03\/zumba17-210x300.jpg\" alt=\"zumba17\" width=\"210\" height=\"300\" srcset=\"https:\/\/muraste.ee\/vana\/wp-content\/uploads\/2016\/03\/zumba17-210x300.jpg 210w, https:\/\/muraste.ee\/vana\/wp-content\/uploads\/2016\/03\/zumba17.jpg 591w\" sizes=\"(max-width: 210px) 100vw, 210px\" \/><\/a><br \/>\n<\/strong>kl 15-16.00 SP, <strong>Jalgpall<\/strong>, (1-5 kl). Info: Harju Jalgpallikool<br \/>\nkl 15 AT, <strong>v\u00f5istlustantsu treeningud algajatele lastele<\/strong> (info www.tantsumeka.ee, Matis Toome, tel 59190800)<br \/>\nkl 16.30-18.30 SP, <strong>K\u00e4sipall<\/strong> (1-5 kl); Info HC Tallinn, www.hctallinn.ee<br \/>\nkl 16 \u00a0<strong>Skautide kogunemine. \u00a0<\/strong>Rohkem infot www.skaut.ee; sten.luik@gmail.com<br \/>\nkl 17 <strong>UUS!<\/strong> <strong>Muraste kooli talgu\u00f5htu. \u00a0K\u00f5ik abilised oodatud! <\/strong><em>On pakkuda v\u00f5sa \/okste l\u00f5ikamist, \u00f5ues\u00f5ppeklassi v\u00e4rvimist, peenrakastide tegemist ning kui rahvast rohkem, siis ka teeradade umbrohust puhastamist jne. T\u00f6\u00f6riistad kaasa\u00a0ning teeme kooli \u00fcmbruse veel kenamaks!<\/em><br \/>\nkl 18.30 \u00a0AT, \u00a0<strong>UUS! Muraste tee kortermajade \u00fcldkoosolek. <\/strong>Korraldab: Strantum O\u00dc<br \/>\nkl 18.30 \u00a0KL,\u00a0<strong>UUS\u00a0<\/strong><strong>\u00a0inglise keele kursus<\/strong> algajatele ja uuesti alustajatele. T\u00e4psem info marethein@gmail.com, tel 56575575 v\u00f5i kogukonnakeskusest.<br \/>\nkl 20 PL, <strong>Zumba fitness<\/strong> \u2013 tantsuline treening<strong><br \/>\n<\/strong><\/p>\n<p><strong>Reede, 28.\u00a0aprill \u2013 Muraste k\u00fclaseltsi 8. s\u00fcnnip\u00e4ev<a href=\"https:\/\/muraste.ee\/vana\/wp-content\/uploads\/2016\/03\/Muraste-K%C3%BClaseltsi-logo.jpg\" rel=\"attachment wp-att-3814\"><img decoding=\"async\" loading=\"lazy\" class=\"size-thumbnail wp-image-3814 alignright\" src=\"https:\/\/muraste.ee\/vana\/wp-content\/uploads\/2016\/03\/Muraste-K%C3%BClaseltsi-logo-150x150.jpg\" sizes=\"(max-width: 150px) 100vw, 150px\" srcset=\"https:\/\/muraste.ee\/vana\/wp-content\/uploads\/2016\/03\/Muraste-K\u00fclaseltsi-logo-150x150.jpg 150w, https:\/\/muraste.ee\/vana\/wp-content\/uploads\/2016\/03\/Muraste-K\u00fclaseltsi-logo-300x300.jpg 300w, https:\/\/muraste.ee\/vana\/wp-content\/uploads\/2016\/03\/Muraste-K\u00fclaseltsi-logo.jpg 768w, https:\/\/muraste.ee\/vana\/wp-content\/uploads\/2016\/03\/Muraste-K\u00fclaseltsi-logo-624x624.jpg 624w\" alt=\"Muraste K\u00fclaseltsi logo\" width=\"150\" height=\"150\" \/><\/a><br \/>\n<\/strong>kl 15-16.30 SP,\u00a0<strong>Korvpall<\/strong> (1-5 klass); juhendab Chris Moore (Tabasalu Palliklubi). Info tabasalupk@rim.ee<br \/>\n<a href=\"https:\/\/muraste.ee\/vana\/wp-content\/uploads\/2016\/03\/Aikido_Pictogram.svg_.png\" rel=\"attachment wp-att-3204\"><img decoding=\"async\" loading=\"lazy\" class=\"wp-image-3204 size-thumbnail alignleft\" src=\"https:\/\/muraste.ee\/vana\/wp-content\/uploads\/2016\/03\/Aikido_Pictogram.svg_-150x150.png\" alt=\"Aikido_Pictogram.svg\" width=\"150\" height=\"150\" \/><\/a>kl 18.30 SP, Muraste turvagrupp kutsub osalema kursusel<strong>\u00a0<a href=\"https:\/\/www.youtube.com\/watch?v=E32WMhokIIM&amp;feature=youtu.be\">Enesekaitse alused l\u00e4bi aikido<\/a>.\u00a0\u00a0<\/strong>Jalga pika s\u00e4\u00e4rega dressid, selga t-s\u00e4rk v\u00f5i kimono. Rohkem infot kogukonnakeskusest v\u00f5i Evar Ojasaarelt (eojasaar@gmail.com). Kursus on osalejatele <strong>tasuta<\/strong>.<\/p>\n<div class=\"_1mf _1mj\" data-offset-key=\"cki46-0-0\">\n<p>&nbsp;<\/p>\n<p><strong>Laup\u00e4ev, 29. aprill<a href=\"https:\/\/muraste.ee\/vana\/wp-content\/uploads\/2016\/03\/kala.jpg\" rel=\"attachment wp-att-3770\"><img decoding=\"async\" loading=\"lazy\" class=\"size-medium wp-image-3770 alignright\" src=\"https:\/\/muraste.ee\/vana\/wp-content\/uploads\/2016\/03\/kala-300x203.jpg\" sizes=\"(max-width: 300px) 100vw, 300px\" srcset=\"https:\/\/muraste.ee\/vana\/wp-content\/uploads\/2016\/03\/kala-300x203.jpg 300w, https:\/\/muraste.ee\/vana\/wp-content\/uploads\/2016\/03\/kala-1024x691.jpg 1024w, https:\/\/muraste.ee\/vana\/wp-content\/uploads\/2016\/03\/kala-624x421.jpg 624w, https:\/\/muraste.ee\/vana\/wp-content\/uploads\/2016\/03\/kala.jpg 1200w\" alt=\"kala\" width=\"300\" height=\"203\" \/><\/a><\/strong><br \/>\n<strong>L\u00e4hme k\u00fclla!<\/strong> Laup\u00e4eval, 29. aprillil kl 8-14 avatud <strong>kalasadamate p\u00e4ev<\/strong>. K\u00fclalisi ootab ka Tilgu sadam. Rohkem infot loe <strong><a href=\"https:\/\/www.agri.ee\/et\/avatud-kalasadamate-paev\" target=\"_blank\">siit<\/a><\/strong><\/p>\n<p>&nbsp;<\/p>\n<p><strong>P\u00fchap\u00e4ev, 30. aprill<br \/>\nL\u00e4hme k\u00fclla!<\/strong>\u00a0Kell 12 toimub <strong>Suurupi \u00fclemise tuletorni avamine<\/strong>. NB! \u00dcritus on kutsetega.<\/p>\n<p><strong>Meeleolukat volbri\u00f6\u00f6d!<a href=\"https:\/\/muraste.ee\/vana\/wp-content\/uploads\/2016\/03\/volbu.jpg\" rel=\"attachment wp-att-3785\"><img decoding=\"async\" loading=\"lazy\" class=\"size-medium wp-image-3785 alignright\" src=\"https:\/\/muraste.ee\/vana\/wp-content\/uploads\/2016\/03\/volbu-300x198.jpg\" sizes=\"(max-width: 300px) 100vw, 300px\" srcset=\"https:\/\/muraste.ee\/vana\/wp-content\/uploads\/2016\/03\/volbu-300x198.jpg 300w, https:\/\/muraste.ee\/vana\/wp-content\/uploads\/2016\/03\/volbu-768x508.jpg 768w, https:\/\/muraste.ee\/vana\/wp-content\/uploads\/2016\/03\/volbu-624x413.jpg 624w, https:\/\/muraste.ee\/vana\/wp-content\/uploads\/2016\/03\/volbu.jpg 960w\" alt=\"volbu\" width=\"300\" height=\"198\" \/><\/a><\/strong><br \/>\nEttevaatust \u2013 lendavad n\u00f5iad!<br \/>\n<strong>L\u00e4hme k\u00fclla! <\/strong>Naabrid kutsuvad V\u00e4\u00e4na-J\u00f5esuu\u00a0<strong>volbri\u00f5htule:<\/strong>\u00a0kell 18 s\u00fc\u00fcdatakse volbril\u00f5ke ning kell 20 algab sokitantsu\u00f5htu!<strong> Luuad t\u00f6\u00f6korda ja minek!<\/strong><\/p>\n<p>&nbsp;<\/p>\n<\/div>\n<div class=\"_1mf _1mj\" data-offset-key=\"cki46-0-0\">\n<div class=\"_1mf _1mj\" data-offset-key=\"cki46-0-0\">\n<p><strong><a href=\"https:\/\/muraste.ee\/vana\/wp-content\/uploads\/2017\/04\/gar2.jpg\" rel=\"attachment wp-att-3710\"><img decoding=\"async\" loading=\"lazy\" class=\"size-medium wp-image-3710 alignleft\" src=\"https:\/\/muraste.ee\/vana\/wp-content\/uploads\/2017\/04\/gar2-293x300.jpg\" sizes=\"(max-width: 293px) 100vw, 293px\" srcset=\"https:\/\/muraste.ee\/vana\/wp-content\/uploads\/2017\/04\/gar2-293x300.jpg 293w, https:\/\/muraste.ee\/vana\/wp-content\/uploads\/2017\/04\/gar2-768x787.jpg 768w, https:\/\/muraste.ee\/vana\/wp-content\/uploads\/2017\/04\/gar2-624x639.jpg 624w, https:\/\/muraste.ee\/vana\/wp-content\/uploads\/2017\/04\/gar2.jpg 937w\" alt=\"gar2\" width=\"293\" height=\"300\" \/><\/a><\/strong><\/p>\n<\/div>\n<\/div>\n<\/div>\n<p><strong>UUS! \u00a0<\/strong>Esmasp\u00e4eval, 1. mail kell 19 kutsub\u00a0<strong>Muraste liikumisklubi k\u00f5iki lihtsalt liikuma!<\/strong> Kogunemine kogukonnakeskuse juures ning valikus tuntud headuses ikka kaks ala: (kepi)k\u00f5nd Anneliga v\u00f5i s\u00f6rkjooks Kairega. L\u00e4heme uurime, kuidas kodukandi looduses kevad on tulnud ning kus veel hanged sulamata on.<br \/>\n<strong><br \/>\nUUS! <\/strong>Esmasp\u00e4eval, 1. mail kell 10-14 <strong>Muraste garaa\u017eim\u00fc\u00fcgip\u00e4ev<\/strong>. Rohkem loe <a href=\"https:\/\/muraste.ee\/vana\/?p=3702\" target=\"_blank\">siit<\/a><\/p>\n<div class=\"entry-content\">\n<div class=\"_1mf _1mj\" data-offset-key=\"cki46-0-0\">\n<div class=\"_1mf _1mj\" data-offset-key=\"cki46-0-0\">\n<p><strong>UUS! <\/strong>Muraste k\u00fclaseltsi <strong>\u00fcldkoosolek<\/strong> toimub neljap\u00e4eval, 4. mail algusega kell 18.30.<br \/>\n<strong>UUS!<\/strong> 6. mail on suur <strong>Muraste talgup\u00e4ev!<\/strong> Keegi ei j\u00e4\u00e4 k\u00f5rvaltvaatajaks!<\/p>\n<p><strong>UUS!<\/strong>\u00a010. juunil algusega kell 12 <strong>Muraste lennukas perep\u00e4ev<\/strong>! Info peatselt tulekul!<\/p>\n<p><a href=\"https:\/\/muraste.ee\/vana\/wp-content\/uploads\/2016\/03\/talg17.jpg\" rel=\"attachment wp-att-3690\"><img decoding=\"async\" loading=\"lazy\" class=\"alignnone wp-image-3690\" src=\"https:\/\/muraste.ee\/vana\/wp-content\/uploads\/2016\/03\/talg17.jpg\" sizes=\"(max-width: 679px) 100vw, 679px\" srcset=\"https:\/\/muraste.ee\/vana\/wp-content\/uploads\/2016\/03\/talg17-212x300.jpg 212w, https:\/\/muraste.ee\/vana\/wp-content\/uploads\/2016\/03\/talg17-624x882.jpg 624w, https:\/\/muraste.ee\/vana\/wp-content\/uploads\/2016\/03\/talg17.jpg 679w\" alt=\"talg17\" width=\"295\" height=\"417\" \/><\/a><\/p>\n<p><strong>MAGUS ja KIIRE T\u00d6\u00d6PAKKUMINE! \u00a0<a href=\"https:\/\/muraste.ee\/vana\/wp-content\/uploads\/2016\/03\/maiasmokk.jpg\" rel=\"attachment wp-att-3697\"><img decoding=\"async\" loading=\"lazy\" class=\"wp-image-3697 alignleft\" src=\"https:\/\/muraste.ee\/vana\/wp-content\/uploads\/2016\/03\/maiasmokk-150x150.jpg\" sizes=\"(max-width: 152px) 100vw, 152px\" srcset=\"https:\/\/muraste.ee\/vana\/wp-content\/uploads\/2016\/03\/maiasmokk-150x150.jpg 150w, https:\/\/muraste.ee\/vana\/wp-content\/uploads\/2016\/03\/maiasmokk-300x300.jpg 300w, https:\/\/muraste.ee\/vana\/wp-content\/uploads\/2016\/03\/maiasmokk-624x624.jpg 624w, https:\/\/muraste.ee\/vana\/wp-content\/uploads\/2016\/03\/maiasmokk.jpg 660w\" alt=\"maiasmokk\" width=\"119\" height=\"119\" \/><\/a><\/strong><\/p>\n<\/div>\n<div class=\"_1mf _1mj\" data-offset-key=\"cki46-0-0\">\n<p>Rannam\u00f5isa k\u00fclas asuv <strong>Maiasmoka Kommivabrik<\/strong> otsib <strong>ajutist abij\u00f5udu<\/strong> kommide pakkimisele. Kui oled huvitatud, siis v\u00f5ta palun \u00fchendust Maritiga telefonil 5110538 v\u00f5i <a href=\"mailto:marit@kommivabrik.ee\" target=\"_blank\">marit@kommivabrik.ee<\/a><\/p>\n<p><strong>OMA K\u00dcLA ETTEV\u00d5TJATE PAKKUMISED!<\/strong><a href=\"https:\/\/muraste.ee\/vana\/wp-content\/uploads\/2016\/03\/kattel.jpg\" rel=\"attachment wp-att-3728\"><br \/>\n<img decoding=\"async\" loading=\"lazy\" class=\"alignnone size-full wp-image-3728\" src=\"https:\/\/muraste.ee\/vana\/wp-content\/uploads\/2016\/03\/kattel.jpg\" sizes=\"(max-width: 552px) 100vw, 552px\" srcset=\"https:\/\/muraste.ee\/vana\/wp-content\/uploads\/2016\/03\/kattel-271x300.jpg 271w, https:\/\/muraste.ee\/vana\/wp-content\/uploads\/2016\/03\/kattel.jpg 552w\" alt=\"kattel\" width=\"552\" height=\"611\" \/><\/a><\/p>\n<p><strong>Lahe Huvikool<\/strong> ootab lapsi eelkooli! Uuri kuulutust ja \u00e4sja valminud \u00a0<strong><a href=\"http:\/\/www.lahehuvikool.ee\/\" target=\"_blank\">kodulehte<\/a><\/strong>!<\/p>\n<p><a href=\"https:\/\/muraste.ee\/vana\/wp-content\/uploads\/2016\/03\/LAHEUUS.jpg\" rel=\"attachment wp-att-3744\"><img decoding=\"async\" loading=\"lazy\" class=\"alignnone wp-image-3744\" src=\"https:\/\/muraste.ee\/vana\/wp-content\/uploads\/2016\/03\/LAHEUUS.jpg\" sizes=\"(max-width: 960px) 100vw, 960px\" srcset=\"https:\/\/muraste.ee\/vana\/wp-content\/uploads\/2016\/03\/LAHEUUS-300x203.jpg 300w, https:\/\/muraste.ee\/vana\/wp-content\/uploads\/2016\/03\/LAHEUUS-768x519.jpg 768w, https:\/\/muraste.ee\/vana\/wp-content\/uploads\/2016\/03\/LAHEUUS-624x422.jpg 624w, https:\/\/muraste.ee\/vana\/wp-content\/uploads\/2016\/03\/LAHEUUS.jpg 960w\" alt=\"LAHEUUS\" width=\"550\" height=\"372\" \/><\/a><\/p>\n<p><strong>TULEKUL<\/strong><\/p>\n<p><strong><a href=\"https:\/\/muraste.ee\/vana\/wp-content\/uploads\/2016\/03\/onne.jpg\" rel=\"attachment wp-att-3738\"><img decoding=\"async\" loading=\"lazy\" class=\" wp-image-3738 alignright\" src=\"https:\/\/muraste.ee\/vana\/wp-content\/uploads\/2016\/03\/onne-300x198.jpg\" alt=\"onne\" width=\"258\" height=\"170\" srcset=\"https:\/\/muraste.ee\/vana\/wp-content\/uploads\/2016\/03\/onne-300x198.jpg 300w, https:\/\/muraste.ee\/vana\/wp-content\/uploads\/2016\/03\/onne.jpg 514w\" sizes=\"(max-width: 258px) 100vw, 258px\" \/><\/a>Algamas on PREP on paarisuhtekoolitus,<\/strong> mis sobib paaridele, kes sooviksid panustada oma suhtesse: et see hea, mis neil on, ka p\u00fcsiks. Koolitus sobib ka paaridele, kellel on muresid ja soovivad t\u00f5sta rahulolu oma suhtega. Koolitus toimub:<br \/>\nTabasalus, Pererestoran Seller (Klooga mnt. 6a) ruumides: L 29.04. ja 6.05. kl. 10-18. Rohkem infot <strong><a href=\"http:\/\/www.facebook.com\/events\/1890383884507300\/\" target=\"_blank\">siin<\/a>:\u00a0<\/strong><\/p>\n<p>&nbsp;<\/p>\n<p><strong>R\u00f5\u00f5msaid hetki igasse p\u00e4eva!\u00a0<\/strong><\/p>\n<p><strong><a href=\"https:\/\/muraste.ee\/vana\/wp-content\/uploads\/2016\/03\/smile.gif\" rel=\"attachment wp-att-3530\"><img decoding=\"async\" loading=\"lazy\" class=\"wp-image-3530 alignright\" src=\"https:\/\/muraste.ee\/vana\/wp-content\/uploads\/2016\/03\/smile.gif\" alt=\"smile\" width=\"142\" height=\"129\" \/><\/a><\/strong><em>Putukad arutavad, kes neist on inimeste meelest k\u00f5ige ilusam.<\/em><br \/>\n<em>\u201cMinu t\u00e4ppe on inimesed alati imetlenud!\u201d \u00fctleb lepatriinu.<\/em><br \/>\n<em>\u201cM\u00f5ni asi,\u201d muigab prussakas.<\/em><br \/>\n<em>\u201cMinu jaoks k\u00e4ivad nad ekstra keemiapoes igasuguseid pritsimisvedelikke ostmas!\u201d<\/em><br \/>\n<em>\u201cR\u00e4\u00e4kige mis te r\u00e4\u00e4gite,\u201d teatab koiliblikas, \u201caga tarvitseb mul ainult korraks v\u00e4lja ilmuda \u2013 kohe hakkavad k\u00f5ik inimesed k\u00e4si plaksutama!\u201d<\/em><strong><br \/>\n<\/strong><\/p>\n<p>&nbsp;<\/p>\n<p>&nbsp;<\/p>\n<\/div>\n<div class=\"_1mf _1mj\" data-offset-key=\"cki46-0-0\"><strong><a href=\"https:\/\/muraste.ee\/vana\/wp-content\/uploads\/2016\/03\/stend.jpg\" rel=\"attachment wp-att-3740\"><img decoding=\"async\" loading=\"lazy\" class=\"size-medium wp-image-3740 alignright\" src=\"https:\/\/muraste.ee\/vana\/wp-content\/uploads\/2016\/03\/stend-300x224.jpg\" sizes=\"(max-width: 300px) 100vw, 300px\" srcset=\"https:\/\/muraste.ee\/vana\/wp-content\/uploads\/2016\/03\/stend-300x224.jpg 300w, https:\/\/muraste.ee\/vana\/wp-content\/uploads\/2016\/03\/stend-768x572.jpg 768w, https:\/\/muraste.ee\/vana\/wp-content\/uploads\/2016\/03\/stend-1024x763.jpg 1024w, https:\/\/muraste.ee\/vana\/wp-content\/uploads\/2016\/03\/stend-624x465.jpg 624w, https:\/\/muraste.ee\/vana\/wp-content\/uploads\/2016\/03\/stend.jpg 1300w\" alt=\"stend\" width=\"300\" height=\"224\" \/><\/a><\/strong><\/div>\n<div class=\"_1mf _1mj\" data-offset-key=\"cki46-0-0\"><\/div>\n<div class=\"_1mf _1mj\" data-offset-key=\"cki46-0-0\"><\/div>\n<div class=\"_1mf _1mj\" data-offset-key=\"cki46-0-0\"><strong>TEADETETAHVEL<\/strong><\/div>\n<div class=\"_1mf _1mj\" data-offset-key=\"cki46-0-0\"><\/div>\n<div class=\"_1mf _1mj\" data-offset-key=\"cki46-0-0\">\n<p><strong>Soovid avaldada oma reklaami<\/strong> meie infokanalites? Juhised on <strong><a href=\"https:\/\/muraste.ee\/vana\/?page_id=129\" target=\"_blank\">siin<\/a><\/strong>!<\/p>\n<\/div>\n<div class=\"_1mf _1mj\" data-offset-key=\"cki46-0-0\"><strong>Soovid kasutada<\/strong> m\u00f5nd Muraste k\u00fclaselsti poolt pakutavat<strong> teenust<\/strong>? V\u00f5imalused on<strong> <a href=\"https:\/\/muraste.ee\/vana\/?page_id=126\" target=\"_blank\">siin<\/a>!<\/strong><\/div>\n<div class=\"_1mf _1mj\" data-offset-key=\"cki46-0-0\"><\/div>\n<div class=\"_1mf _1mj\" data-offset-key=\"cki46-0-0\"><\/div>\n<p><strong>Teadmiseks: <\/strong>Muraste igan\u00e4dalase e-infokirjaga liitumiseks saada sellekohane teade muraste@muraste.ee<br \/>\n<strong>Muraste kogukonnakeskus\u00a0<\/strong>(Lee tee 9, Muraste) avatud E-N 10-18, R 10-16.<br \/>\n<strong>T\u00e4psustused ja info:<\/strong> kogukonnakeskus@muraste.ee;\u00a05253128 (Aule Kikas).<\/p>\n<p><strong>\u00a0<\/strong><\/p>\n<\/div>\n<\/div>\n","protected":false},"excerpt":{"rendered":"<p>N\u00c4DAL \u00a017 MURASTES* 24. aprill\u00a0\u2013 30. aprill\u00a02017 Fotol: Tervitused Itaaliast.\u00a0MT\u00dc Nelja Valla Kogu liikmed (sh 3 Muraste k\u00fclaseltsi juhatuse liiget) olid 18.-22. aprillil Itaalias Umbria piirkonnas kogemusreisil. Eesti delegatsiooni vastu v\u00f5tnud kohaliku Leader-tegevusgrupi toel saime osa h\u00e4sti korraldatud maaturismist, n\u00e4gime piirkondlikku v\u00e4ikeettev\u00f5tlust ja saime \u00fclevaate erinevate sektorite koost\u00f6\u00f6st. Pikem reisikiri valmib n\u00e4dala l\u00f5puks ning see<a class=\"moretag\" href=\"https:\/\/muraste.ee\/vana\/?page_id=3860\"><br \/>&#8230;Loe edasi<\/a><\/p>\n","protected":false},"author":2,"featured_media":0,"parent":0,"menu_order":0,"comment_status":"closed","ping_status":"closed","template":"nadalakava.php","meta":{"_bbp_topic_count":0,"_bbp_reply_count":0,"_bbp_total_topic_count":0,"_bbp_total_reply_count":0,"_bbp_voice_count":0,"_bbp_anonymous_reply_count":0,"_bbp_topic_count_hidden":0,"_bbp_reply_count_hidden":0,"_bbp_forum_subforum_count":0,"_mc_calendar":[]},"_links":{"self":[{"href":"https:\/\/muraste.ee\/vana\/index.php?rest_route=\/wp\/v2\/pages\/3860"}],"collection":[{"href":"https:\/\/muraste.ee\/vana\/index.php?rest_route=\/wp\/v2\/pages"}],"about":[{"href":"https:\/\/muraste.ee\/vana\/index.php?rest_route=\/wp\/v2\/types\/page"}],"author":[{"embeddable":true,"href":"https:\/\/muraste.ee\/vana\/index.php?rest_route=\/wp\/v2\/users\/2"}],"replies":[{"embeddable":true,"href":"https:\/\/muraste.ee\/vana\/index.php?rest_route=%2Fwp%2Fv2%2Fcomments&post=3860"}],"version-history":[{"count":1,"href":"https:\/\/muraste.ee\/vana\/index.php?rest_route=\/wp\/v2\/pages\/3860\/revisions"}],"predecessor-version":[{"id":3862,"href":"https:\/\/muraste.ee\/vana\/index.php?rest_route=\/wp\/v2\/pages\/3860\/revisions\/3862"}],"wp:attachment":[{"href":"https:\/\/muraste.ee\/vana\/index.php?rest_route=%2Fwp%2Fv2%2Fmedia&parent=3860"}],"curies":[{"name":"wp","href":"https:\/\/api.w.org\/{rel}","templated":true}]}}