{"id":3934,"date":"2017-05-14T19:25:38","date_gmt":"2017-05-14T16:25:38","guid":{"rendered":"https:\/\/muraste.ee\/vana\/?page_id=3934"},"modified":"2017-05-14T19:25:38","modified_gmt":"2017-05-14T16:25:38","slug":"nadal-19-2","status":"publish","type":"page","link":"https:\/\/muraste.ee\/vana\/?page_id=3934","title":{"rendered":"N\u00e4dal 19"},"content":{"rendered":"<header class=\"entry-header\">\n<h1 class=\"entry-title\"><strong>N\u00c4DAL \u00a019 MURASTES*<br \/>\n<\/strong><strong>8. mai\u2013 14. mai 2017<\/strong><\/h1>\n<\/header>\n<div class=\"entry-content\">\n<p><a href=\"https:\/\/muraste.ee\/vana\/wp-content\/uploads\/2016\/03\/talgus.jpg\" rel=\"attachment wp-att-3909\"><img decoding=\"async\" loading=\"lazy\" class=\"size-medium wp-image-3909 aligncenter\" src=\"https:\/\/muraste.ee\/vana\/wp-content\/uploads\/2016\/03\/talgus-300x225.jpg\" sizes=\"(max-width: 300px) 100vw, 300px\" srcset=\"https:\/\/muraste.ee\/vana\/wp-content\/uploads\/2016\/03\/talgus-300x225.jpg 300w, https:\/\/muraste.ee\/vana\/wp-content\/uploads\/2016\/03\/talgus-768x576.jpg 768w, https:\/\/muraste.ee\/vana\/wp-content\/uploads\/2016\/03\/talgus-624x468.jpg 624w, https:\/\/muraste.ee\/vana\/wp-content\/uploads\/2016\/03\/talgus.jpg 960w\" alt=\"talgus\" width=\"300\" height=\"225\" \/><\/a>Pildil on hetk <em>Teeme \u00e4ra!<\/em> Muraste talgup\u00e4evast. Suur-suur t\u00e4nu k\u00f5igile koduk\u00fclast hoolivatele inimestele! T\u00e4nu teile on maailm parem ja Muraste puhtam koht:)<\/p>\n<h5><strong><em>*AT- koolimaja aatrium, SP- spordihoone; KO-kogukonnakeskuse ruum; \u00a0 KL- klassiruum; PL-Pangapealse lasteaed, PLF- Pangapealse lasteaia filiaali ruum Muraste koolimajas\u00a0<a href=\"https:\/\/muraste.ee\/vana\/wp-content\/uploads\/2016\/03\/naissaarkivi.jpg\" rel=\"attachment wp-att-2540\"><br \/>\n<\/a><\/em><\/strong><\/h5>\n<p><strong>Esmasp\u00e4ev, 8. mai<br \/>\n<\/strong>kl 14-15 AT, Tallinna Tantsuklubi \u201cMy Dance\u201d <strong>showtants<\/strong>. \u00a0Igale liitujale klubi s\u00e4rk tasuta. Rohkem infot www.mydance.ee<br \/>\nkl 15-16.30 SP, Judoklubi \u201cAitado\u201d\u00a0<strong>Judo<\/strong> (7-9 a), Rohkem infot sensei Edward Murel, murel.edward@gmail.com<br \/>\nkl 15.30-18.30 KL, <strong>Eelkool<\/strong> (1.grupp). Juhendab Kristi Bauman. Info www.huviringid.ee<br \/>\nkl 16.30-18.30 SP, <strong>K\u00e4sipall<\/strong> (1-5 kl); Info HC Tallinn, www.hctallinn.ee<br \/>\nkl 17.30 KO, <strong>Kandleansambel<\/strong> <strong>LiULi <\/strong><em>(\u00fcle n\u00e4dala)<br \/>\n<\/em>kl 18.00\u00a0KL, <strong>V\u00e4ikelaevajuhi kursus<\/strong>\u00a0\u00a0Rohkem loe <a href=\"https:\/\/muraste.ee\/vana\/?p=3506\" target=\"_blank\"><strong>SIIT<\/strong>.<\/a><a href=\"https:\/\/muraste.ee\/vana\/wp-content\/uploads\/2017\/03\/meremees.png\" rel=\"attachment wp-att-3507\"><img decoding=\"async\" loading=\"lazy\" class=\"size-thumbnail wp-image-3507 alignright\" src=\"https:\/\/muraste.ee\/vana\/wp-content\/uploads\/2017\/03\/meremees-150x150.png\" sizes=\"(max-width: 150px) 100vw, 150px\" srcset=\"https:\/\/muraste.ee\/vana\/wp-content\/uploads\/2017\/03\/meremees-150x150.png 150w, https:\/\/muraste.ee\/vana\/wp-content\/uploads\/2017\/03\/meremees.png 225w\" alt=\"meremees\" width=\"150\" height=\"150\" \/><\/a><em><br \/>\n<\/em>kl 19 AT, Suurupi Naiskoor <strong>Meretule <\/strong><br \/>\n<strong><br \/>\n<\/strong><\/p>\n<p><strong>Teisip\u00e4ev, 9. mai<br \/>\n<\/strong>kl 14.40 <strong>Fa Stuudio muusikaring<\/strong>. \u00a0Rohkem infot fastuudio@gmail.com v\u00f5i tel 5160031.<br \/>\nkl 15-16.30 <strong>Korvpall<\/strong> (1-5 klass); juhendab Chris Moore (Tabasalu Palliklubi). Info tabasalupk@rim.ee<br \/>\nkl 15 AT, <strong>V\u00f5istlustantsu teeningud algajatele lastele<\/strong> (info www.tantsumeka.ee, Matis Toome, tel 59190800)<br \/>\nkl 16.30-18.30 SP, <strong>K\u00e4sipall<\/strong> (1-5 kl); Info HC Tallinn, www.hctallinn.ee<br \/>\nkl 18 KL\u00a0<strong>Inglise keele kursus <\/strong><em>(algteadmisi omajatel on v\u00f5imalus liituda ka juba t\u00f6\u00f6tava grupiga).<\/em><strong>\u00a0<\/strong>K\u00fcsi lisa juhendajalt tel 56575575.<br \/>\nkl 18 KL,\u00a0<strong>Inglise keele vestlusring<\/strong> James Gill\u00b4i juhendamisel. K\u00f5ik inglise keelt praktiseerida soovijad on oodatud!<a href=\"https:\/\/muraste.ee\/vana\/wp-content\/uploads\/2016\/03\/tats.jpg\" rel=\"attachment wp-att-3562\"><img decoding=\"async\" loading=\"lazy\" class=\"size-full wp-image-3562 alignleft\" src=\"https:\/\/muraste.ee\/vana\/wp-content\/uploads\/2016\/03\/tats.jpg\" sizes=\"(max-width: 240px) 100vw, 240px\" srcset=\"https:\/\/muraste.ee\/vana\/wp-content\/uploads\/2016\/03\/tats-150x150.jpg 150w, https:\/\/muraste.ee\/vana\/wp-content\/uploads\/2016\/03\/tats.jpg 240w\" alt=\"tats\" width=\"240\" height=\"240\" \/><\/a><br \/>\nkl 19-20.30 SP, <strong>V\u00f5rkpall <\/strong><em>(naised\/mehed)- oodatud on k\u00f5ik v\u00f5rkpallihuvilised!;<br \/>\n<\/em>kl 18.30-19.45 AT<strong>, Seltskonnatantsu harjutustund algajatele.<\/strong> Osalus 5\u20ac \/in<br \/>\nkl 19.45-21.15 AT <strong>Seltskonnatantsude harjutustund<\/strong>\u00a0<strong> edasij\u00f5udnutele<\/strong>\u2013 v\u00f5imalus \u00f5pitut kinnistada ja toredas seltskonnas jalga keerutada. Osalus 6\u20ac\/in<\/p>\n<p><strong>Kolmap\u00e4ev, \u00a010. mai<\/strong><br \/>\nkl 14-15 AT, Tallinna Tantsuklubi \u201cMy Dance\u201d<strong>showtants<\/strong>. 2x n\u00e4dalas\/30\u20ac kuu. Igale liitujale klubi s\u00e4rk tasuta. Rohkem infot www.mydance.ee<br \/>\nkl 15-16.00 SP, <strong>Jalgpall<\/strong>, (1-5 kl). Info: Harju Jalgpallikool<br \/>\nkl 15.30-18.30 KL, <strong>Eelkool<\/strong> (2.grupp). Juhendab Kristi Bauman. Info www.huviringid.ee<br \/>\nkl 16.00-17,30 \u00a0SP, Judoklubi \u201cAitado\u201d\u00a0<strong>Judo<\/strong> (7-9 a), Rohkem infot sensei Edward Murel, murel.edward@gmail.com<br \/>\nkl 17 KL, <strong>Mudelismiring<\/strong> algajatele, juhendaja Andres Madissoo, info 5259021<br \/>\nkl 18 KL, <strong>Mudelismiring<\/strong> edasij\u00f5udnutele,\u00a0juhendaja Andres Madissoo, info 5259021<br \/>\nkl 18.00 AT, <strong>Line-tants\u00a0<\/strong>INFO: <a href=\"mailto:kristin@huviline.ee\">kristin@huviline.ee<\/a> v\u00f5i tel 51923590. Osalustasu 5\u20ac\/kord.<\/p>\n<p><strong>Neljap\u00e4ev, 11. mai<br \/>\n<\/strong>kl 15-16.00 SP, <strong>Jalgpall<\/strong>, (1-5 kl). Info: Harju Jalgpallikool<br \/>\nkl 15 AT, <strong>v\u00f5istlustantsu treeningud algajatele lastele<\/strong> (info www.tantsumeka.ee, Matis Toome, tel 59190800)<br \/>\nkl 16.30-18.30 SP, <strong>K\u00e4sipall<\/strong> (1-5 kl); Info HC Tallinn, www.hctallinn.ee<br \/>\nkl 16 \u00a0<strong>Skautide kogunemine. \u00a0<\/strong>Rohkem infot www.skaut.ee; sten.luik@gmail.com<br \/>\nkl 18.30 \u00a0KL, \u00a0<strong>Inglise keele kursus<\/strong> algajatele ja uuesti alustajatele. T\u00e4psem info marethein@gmail.com, tel 56575575 v\u00f5i kogukonnakeskusest.<br \/>\nkl 18 AT, <strong>UUS!<\/strong> Muraste kooli \u00f5pilaste <strong>KEVADKONTSERT!<\/strong><br \/>\nkl 18-20 KO, <strong>UUS!<\/strong>\u00a0<strong>spordiriiete m\u00fc\u00fcgi\u00f5htu<\/strong> Muraste kogukonnakeskuses.\u00a0Pakkumisele tulevad spordi- ja vabaaja riided firmadelt Craft, Umbro, Catmandoo. Valikus on s\u00e4rgid, p\u00fcksid, dressid, jakid, sokid, kindad jm meestele, naistele, lastele.\u00a0Sissep\u00e4\u00e4s spordihoone poolsest uksest.<\/p>\n<p><strong>Reede, 12. mai<br \/>\n<\/strong>kl 15-16.30 SP,\u00a0<strong>Korvpall<\/strong> (1-5 klass); juhendab Chris Moore (Tabasalu Palliklubi). Info tabasalupk@rim.ee<\/p>\n<p><strong>P\u00fchap\u00e4ev, 14. mai \u2013 EMADEP\u00c4EV<a href=\"https:\/\/muraste.ee\/vana\/wp-content\/uploads\/2016\/03\/alice.jpg\" rel=\"attachment wp-att-3917\"><img decoding=\"async\" loading=\"lazy\" class=\"size-medium wp-image-3917 alignright\" src=\"https:\/\/muraste.ee\/vana\/wp-content\/uploads\/2016\/03\/alice-298x300.jpg\" sizes=\"(max-width: 298px) 100vw, 298px\" srcset=\"https:\/\/muraste.ee\/vana\/wp-content\/uploads\/2016\/03\/alice-298x300.jpg 298w, https:\/\/muraste.ee\/vana\/wp-content\/uploads\/2016\/03\/alice-768x774.jpg 768w, https:\/\/muraste.ee\/vana\/wp-content\/uploads\/2016\/03\/alice-624x629.jpg 624w, https:\/\/muraste.ee\/vana\/wp-content\/uploads\/2016\/03\/alice.jpg 794w\" alt=\"alice\" width=\"298\" height=\"300\" \/><\/a><br \/>\nUUS!<\/strong> Alates kl 10 kutsuvad <strong>Muraste<\/strong>\u00a0<strong>Sushi Stopp \u00a0ja Alice`i imeline tordimaa <\/strong><em>(Active Partners O\u00dc)<\/em><strong>\u00a0 k\u00f5iki huvilisi emadep\u00e4eval kohvikusse<\/strong>, et suurep\u00e4rase tordimeistri juhendamisel kaunistada \u00fcks hea ja ilus pidup\u00e4eva muffin. Meeleolukas p\u00e4ev m\u00f6\u00f6dub muffineid kaunistades ning j\u00e4\u00e4tiseokteili ja j\u00e4\u00e4tisega vahvleid nautides!<br \/>\n<strong>KOHTUMISENI!<\/strong><\/p>\n<div class=\"_1mf _1mj\" data-offset-key=\"cki46-0-0\">\n<div class=\"_4tdt _ua1\">kl 16 KL, V\u00e4ikelaevajuhi kursus\u00a0\u00a0Rohkem loe <a href=\"https:\/\/muraste.ee\/vana\/?p=3506\" target=\"_blank\"><strong>SIIT<\/strong>.<\/a><strong><br \/>\n<\/strong><\/div>\n<\/div>\n<\/div>\n<p><a href=\"https:\/\/muraste.ee\/vana\/wp-content\/uploads\/2017\/03\/meremees.png\" rel=\"attachment wp-att-3507\"><img decoding=\"async\" loading=\"lazy\" class=\"size-thumbnail wp-image-3507 alignleft\" src=\"https:\/\/muraste.ee\/vana\/wp-content\/uploads\/2017\/03\/meremees-150x150.png\" sizes=\"(max-width: 150px) 100vw, 150px\" srcset=\"https:\/\/muraste.ee\/vana\/wp-content\/uploads\/2017\/03\/meremees-150x150.png 150w, https:\/\/muraste.ee\/vana\/wp-content\/uploads\/2017\/03\/meremees.png 225w\" alt=\"meremees\" width=\"150\" height=\"150\" \/><\/a><\/p>\n<div class=\"entry-content\">\n<div class=\"_1mf _1mj\" data-offset-key=\"cki46-0-0\">\n<div class=\"_1mf _1mj\" data-offset-key=\"cki46-0-0\">\n<p>&nbsp;<\/p>\n<p>&nbsp;<\/p>\n<p>&nbsp;<\/p>\n<\/div>\n<p>&nbsp;<\/p>\n<p><strong>TULEKUL<\/strong><strong><br \/>\nUUS!\u00a0<\/strong>18. mail algusega kell 18<strong> Fa Stuudio kevadkontsert<\/strong><strong><br \/>\nUUS! <\/strong>22. mail kell 19 Muraste Liikumisklubi 4. s\u00fcnnip\u00e4eva \u00fchisliikumine: rulluisutamine Mihkel Kihva eestvedamisel + vana hea kepik\u00f5nd.<strong><br \/>\nUUS!\u00a0<\/strong>10. juunil algusega kell 12 <strong>Muraste lennukas perep\u00e4ev<\/strong>! Info peatselt tulekul!<br \/>\n<strong>UUS! <\/strong>24. juunil <strong>Harku valla k\u00fclade p\u00e4ev<\/strong> V\u00e4\u00e4nas.<\/p>\n<div class=\"_1mf _1mj\" data-offset-key=\"cki46-0-0\">\n<p><strong><a href=\"https:\/\/muraste.ee\/vana\/wp-content\/uploads\/2016\/03\/fastuudio.jpg\" rel=\"attachment wp-att-3890\"><img decoding=\"async\" loading=\"lazy\" class=\"alignnone size-medium wp-image-3890\" src=\"https:\/\/muraste.ee\/vana\/wp-content\/uploads\/2016\/03\/fastuudio-300x212.jpg\" sizes=\"(max-width: 300px) 100vw, 300px\" srcset=\"https:\/\/muraste.ee\/vana\/wp-content\/uploads\/2016\/03\/fastuudio-300x212.jpg 300w, https:\/\/muraste.ee\/vana\/wp-content\/uploads\/2016\/03\/fastuudio.jpg 453w\" alt=\"fastuudio\" width=\"300\" height=\"212\" \/><\/a>\u00a0 \u00a0 \u00a0 \u00a0 \u00a0 \u00a0 \u00a0 \u00a0 \u00a0 \u00a0 \u00a0<a href=\"https:\/\/muraste.ee\/vana\/wp-content\/uploads\/2016\/03\/kyla.png\" rel=\"attachment wp-att-3877\"><img decoding=\"async\" loading=\"lazy\" class=\"alignnone size-medium wp-image-3877\" src=\"https:\/\/muraste.ee\/vana\/wp-content\/uploads\/2016\/03\/kyla-212x300.png\" sizes=\"(max-width: 212px) 100vw, 212px\" srcset=\"https:\/\/muraste.ee\/vana\/wp-content\/uploads\/2016\/03\/kyla-212x300.png 212w, https:\/\/muraste.ee\/vana\/wp-content\/uploads\/2016\/03\/kyla.png 505w\" alt=\"kyla\" width=\"212\" height=\"300\" \/><\/a><br \/>\n<\/strong><\/p>\n<p><strong>T\u00c4HELEPANU \u2013 OLULINE INFO!<a href=\"https:\/\/muraste.ee\/vana\/wp-content\/uploads\/2016\/03\/HOL-kaart1.jpg\" rel=\"attachment wp-att-3885\"><img decoding=\"async\" loading=\"lazy\" class=\"size-medium wp-image-3885 alignright\" src=\"https:\/\/muraste.ee\/vana\/wp-content\/uploads\/2016\/03\/HOL-kaart1-300x180.jpg\" sizes=\"(max-width: 300px) 100vw, 300px\" srcset=\"https:\/\/muraste.ee\/vana\/wp-content\/uploads\/2016\/03\/HOL-kaart1-300x180.jpg 300w, https:\/\/muraste.ee\/vana\/wp-content\/uploads\/2016\/03\/HOL-kaart1.jpg 467w\" alt=\"HOL-kaart1\" width=\"300\" height=\"180\" \/><\/a><\/strong><br \/>\nHiljuti kaevati Murastes maasse fiiberoptilise sidekaabli torustik. N\u00fc\u00fcd on asi edasi liikunud ning Harjumaal k\u00e4ivitunud projekt \u00fclikiire optilise interneti\u00fchenduse loomiseks. Et teema puudutab\/k\u00f5netab ka suur osa Muraste elanikest, on v\u00e4ga oluline k\u00f5igil anda tagasisidet, t\u00e4ites \u00e4ra juuresoleval lehel sellekohane sooviavaldus. Sooviavaldust saab t\u00e4ita <strong><a href=\"https:\/\/digimaa.ee\/kysitlus\/\" target=\"_blank\">SIIN<\/a><\/strong>!<\/p>\n<p>\u00dcks ilmatuma vahva \u00a0\u00fcleskutse! Eesti Naabrivalve \u00fching ja Tallink kuulutavad v\u00e4lja konkursi hea naabri leidmiseks. Konkursi abiga tahetakse tunnustada hoolivaid ja abivalmis naabreid ning tuua esile h\u00e4id n\u00e4iteid headest kogukondlikest suhetest.<br \/>\nLeiame oma parimad naabrid \u00fcles ja esitame nad tunnustamiseks! Edasi loe<strong><a href=\"http:\/\/naabrivalve.ee\/heanaaber\/\" target=\"_blank\"> SIIT!<\/a><\/strong><\/p>\n<p><strong>OMA K\u00dcLA ETTEV\u00d5TJATE TEATED!<br \/>\n<\/strong><\/p>\n<\/div>\n<div class=\"_1mf _1mj\" data-offset-key=\"cki46-0-0\">\n<p><a href=\"https:\/\/muraste.ee\/vana\/wp-content\/uploads\/2016\/03\/bat.jpg\" rel=\"attachment wp-att-3876\"><img decoding=\"async\" loading=\"lazy\" class=\"size-thumbnail wp-image-3876 alignleft\" src=\"https:\/\/muraste.ee\/vana\/wp-content\/uploads\/2016\/03\/bat-150x150.jpg\" alt=\"bat\" width=\"150\" height=\"150\" \/><\/a>Muraste ettev\u00f5te <strong>Batuudijuss O\u00dc<\/strong> otsib oma kollektiivi suviseks perioodiks (mai-august) toredat B-kat juhilube omavat autojuhti. T\u00f6\u00f6 on f\u00fc\u00fcsiliselt v\u00e4ga raske, seega sportlik ellusuhtumine loob kindla eelise. Kui Sa oled kohusetundlik ja t\u00f6\u00f6kas, suhtled vabalt ka v\u00f5\u00f5raste inimestega, oled valmis t\u00f6\u00f6tama hilistel \u00f5htutundidel ning varahommikul. Siis v\u00f5ta meiega kindlasti \u00fchendust 51 08 490 v\u00f5i <a href=\"mailto:Laane.Jaanus@gmail.com\">Laane.Jaanus@gmail.com<\/a>. T\u00f6\u00f6 sobib ka \u00fcli\u00f5pilastele v\u00f5i v\u00e4rskelt keskkooli l\u00f5petanud noortele. Palk konkurentsiv\u00f5imeline. Batuudijussist rohkem <a href=\"http:\/\/www.batuudijuss.com\/\">www.batuudijuss.com<\/a> lehel.<\/p>\n<div id=\"js_au\" class=\"_5pbx userContent\" data-ft=\"{&quot;tn&quot;:&quot;K&quot;}\">\n<p><strong><a href=\"https:\/\/muraste.ee\/vana\/wp-content\/uploads\/2016\/03\/mumm.jpg\" rel=\"attachment wp-att-3920\"><img decoding=\"async\" loading=\"lazy\" class=\"size-thumbnail wp-image-3920 alignright\" src=\"https:\/\/muraste.ee\/vana\/wp-content\/uploads\/2016\/03\/mumm-150x150.jpg\" alt=\"mumm\" width=\"150\" height=\"150\" \/><\/a>Mummi Trahter pakub t\u00f6\u00f6d kokale!<\/strong><br \/>\nEi ole oluline, kas oled s\u00fcndinud v\u00f5i \u00f5ppinud kokk, t\u00e4htis on, et armastad seda, mida teed \u2013 kokkamist siis!<br \/>\nKui tunned, et just Sina v\u00f5iksid Mummi Trahteri meeskonda kuuluda \u2013 anna endast m\u00e4rku tel. 5041758<\/p>\n<\/div>\n<div class=\"_3x-2\"><\/div>\n<p><a href=\"https:\/\/muraste.ee\/vana\/wp-content\/uploads\/2016\/03\/kattel.jpg\" rel=\"attachment wp-att-3728\"><img decoding=\"async\" loading=\"lazy\" class=\"wp-image-3728 size-medium alignleft\" src=\"https:\/\/muraste.ee\/vana\/wp-content\/uploads\/2016\/03\/kattel-271x300.jpg\" sizes=\"(max-width: 552px) 100vw, 552px\" srcset=\"https:\/\/muraste.ee\/vana\/wp-content\/uploads\/2016\/03\/kattel-271x300.jpg 271w, https:\/\/muraste.ee\/vana\/wp-content\/uploads\/2016\/03\/kattel.jpg 552w\" alt=\"kattel\" width=\"271\" height=\"300\" \/><\/a><\/p>\n<p><strong>Lahe Huvikool<\/strong> ootab lapsi eelkooli! Uuri kuulutust ja \u00e4sja valminud \u00a0<strong><a href=\"http:\/\/www.lahehuvikool.ee\/\" target=\"_blank\">kodulehte<\/a><\/strong>!<\/p>\n<p><a href=\"https:\/\/muraste.ee\/vana\/wp-content\/uploads\/2016\/03\/LAHEUUS.jpg\" rel=\"attachment wp-att-3744\"><img decoding=\"async\" loading=\"lazy\" class=\"alignnone wp-image-3744 size-medium\" src=\"https:\/\/muraste.ee\/vana\/wp-content\/uploads\/2016\/03\/LAHEUUS-300x203.jpg\" sizes=\"(max-width: 960px) 100vw, 960px\" srcset=\"https:\/\/muraste.ee\/vana\/wp-content\/uploads\/2016\/03\/LAHEUUS-300x203.jpg 300w, https:\/\/muraste.ee\/vana\/wp-content\/uploads\/2016\/03\/LAHEUUS-768x519.jpg 768w, https:\/\/muraste.ee\/vana\/wp-content\/uploads\/2016\/03\/LAHEUUS-624x422.jpg 624w, https:\/\/muraste.ee\/vana\/wp-content\/uploads\/2016\/03\/LAHEUUS.jpg 960w\" alt=\"LAHEUUS\" width=\"300\" height=\"203\" \/><\/a><\/p>\n<p><strong><br \/>\n<a href=\"https:\/\/muraste.ee\/vana\/wp-content\/uploads\/2016\/03\/droon.jpg\" rel=\"attachment wp-att-3923\"><img decoding=\"async\" loading=\"lazy\" class=\"size-thumbnail wp-image-3923 alignleft\" src=\"https:\/\/muraste.ee\/vana\/wp-content\/uploads\/2016\/03\/droon-150x150.jpg\" sizes=\"(max-width: 150px) 100vw, 150px\" srcset=\"https:\/\/muraste.ee\/vana\/wp-content\/uploads\/2016\/03\/droon-150x150.jpg 150w, https:\/\/muraste.ee\/vana\/wp-content\/uploads\/2016\/03\/droon-300x300.jpg 300w, https:\/\/muraste.ee\/vana\/wp-content\/uploads\/2016\/03\/droon.jpg 600w\" alt=\"droon\" width=\"150\" height=\"150\" \/><\/a>Palume t\u00e4helepanelike silmapaaride abi! Muraste k\u00fclas Pangapealse piirkonna suunas kukkus alla ja j\u00e4i kaduma punane Parroti droon! Laps v\u00e4ga \u00f5nnetu! Ausale leidale vaevatasu! Leiu korral palun helista: Katrin 5270732<br \/>\n<\/strong><\/p>\n<p>&nbsp;<\/p>\n<p>&nbsp;<\/p>\n<p><strong>Nakatavat energiat\u00a0ja r\u00f5\u00f5msat meelt!<\/strong><\/p>\n<p><strong><a href=\"https:\/\/muraste.ee\/vana\/wp-content\/uploads\/2016\/03\/smile.gif\" rel=\"attachment wp-att-3530\"><img decoding=\"async\" loading=\"lazy\" class=\"wp-image-3530 alignright\" src=\"https:\/\/muraste.ee\/vana\/wp-content\/uploads\/2016\/03\/smile.gif\" alt=\"smile\" width=\"142\" height=\"129\" \/><\/a><\/strong><em>Eesti talumees s\u00f5idab reega kodu poole. Mehel ka kaks poega kaasas. Mingil hetkel jookseb j\u00e4nes \u00fcle tee.<\/em><br \/>\n<em>M\u00f6\u00f6dub pool tundi ja esimene poeg h\u00fc\u00fcatab: \u00abN\u00e4e, j\u00e4nes!\u00bb<\/em><br \/>\n<em>M\u00f6\u00f6dub veel pool tundi ja teine poeg n\u00e4hvab: \u00abEi olnud j\u00e4nes, sa lollpea!\u00bb<\/em><br \/>\n<em>M\u00f6\u00f6dub j\u00e4rgmine pooltund ning talumees s\u00f5nab lepitavalt: \u00abMis te tulised eesti poisid n\u00fc\u00fcd selle t\u00fchja-t\u00e4hja p\u00e4rast t\u00fcli kisute.\u00bb<\/em><\/p>\n<\/div>\n<div class=\"_1mf _1mj\" data-offset-key=\"cki46-0-0\"><strong><a href=\"https:\/\/muraste.ee\/vana\/wp-content\/uploads\/2016\/03\/stend.jpg\" rel=\"attachment wp-att-3740\"><img decoding=\"async\" loading=\"lazy\" class=\"size-medium wp-image-3740 alignright\" src=\"https:\/\/muraste.ee\/vana\/wp-content\/uploads\/2016\/03\/stend-300x224.jpg\" sizes=\"(max-width: 300px) 100vw, 300px\" srcset=\"https:\/\/muraste.ee\/vana\/wp-content\/uploads\/2016\/03\/stend-300x224.jpg 300w, https:\/\/muraste.ee\/vana\/wp-content\/uploads\/2016\/03\/stend-768x572.jpg 768w, https:\/\/muraste.ee\/vana\/wp-content\/uploads\/2016\/03\/stend-1024x763.jpg 1024w, https:\/\/muraste.ee\/vana\/wp-content\/uploads\/2016\/03\/stend-624x465.jpg 624w, https:\/\/muraste.ee\/vana\/wp-content\/uploads\/2016\/03\/stend.jpg 1300w\" alt=\"stend\" width=\"300\" height=\"224\" \/><\/a><\/strong><\/div>\n<div class=\"_1mf _1mj\" data-offset-key=\"cki46-0-0\"><\/div>\n<div class=\"_1mf _1mj\" data-offset-key=\"cki46-0-0\"><\/div>\n<div class=\"_1mf _1mj\" data-offset-key=\"cki46-0-0\"><strong>TEADETETAHVEL<\/strong><\/div>\n<div class=\"_1mf _1mj\" data-offset-key=\"cki46-0-0\"><\/div>\n<div class=\"_1mf _1mj\" data-offset-key=\"cki46-0-0\">\n<p><strong>Soovid avaldada oma reklaami<\/strong> meie infokanalites? Juhised on <strong><a href=\"https:\/\/muraste.ee\/vana\/?page_id=129\" target=\"_blank\">siin<\/a><\/strong>!<\/p>\n<\/div>\n<div class=\"_1mf _1mj\" data-offset-key=\"cki46-0-0\"><strong>Soovid kasutada<\/strong> m\u00f5nd Muraste k\u00fclaselsti poolt pakutavat<strong> teenust<\/strong>? V\u00f5imalused on<strong> <a href=\"https:\/\/muraste.ee\/vana\/?page_id=126\" target=\"_blank\">siin<\/a>!<\/strong><\/div>\n<div class=\"_1mf _1mj\" data-offset-key=\"cki46-0-0\"><\/div>\n<div class=\"_1mf _1mj\" data-offset-key=\"cki46-0-0\"><\/div>\n<p><strong>Teadmiseks: <\/strong>Muraste igan\u00e4dalase e-infokirjaga liitumiseks saada sellekohane teade muraste@muraste.ee<br \/>\n<strong>Muraste kogukonnakeskus\u00a0<\/strong>(Lee tee 9, Muraste) avatud E-N 10-18, R 10-16.<br \/>\n<strong>T\u00e4psustused ja info:<\/strong> kogukonnakeskus@muraste.ee;\u00a05253128 (Aule Kikas).<\/p>\n<\/div>\n<\/div>\n","protected":false},"excerpt":{"rendered":"<p>N\u00c4DAL \u00a019 MURASTES* 8. mai\u2013 14. mai 2017 Pildil on hetk Teeme \u00e4ra! Muraste talgup\u00e4evast. Suur-suur t\u00e4nu k\u00f5igile koduk\u00fclast hoolivatele inimestele! T\u00e4nu teile on maailm parem ja Muraste puhtam koht:) *AT- koolimaja aatrium, SP- spordihoone; KO-kogukonnakeskuse ruum; \u00a0 KL- klassiruum; PL-Pangapealse lasteaed, PLF- Pangapealse lasteaia filiaali ruum Muraste koolimajas\u00a0 Esmasp\u00e4ev, 8. mai kl 14-15 AT,<a class=\"moretag\" href=\"https:\/\/muraste.ee\/vana\/?page_id=3934\"><br \/>&#8230;Loe edasi<\/a><\/p>\n","protected":false},"author":2,"featured_media":0,"parent":0,"menu_order":0,"comment_status":"closed","ping_status":"closed","template":"nadalakava.php","meta":{"_bbp_topic_count":0,"_bbp_reply_count":0,"_bbp_total_topic_count":0,"_bbp_total_reply_count":0,"_bbp_voice_count":0,"_bbp_anonymous_reply_count":0,"_bbp_topic_count_hidden":0,"_bbp_reply_count_hidden":0,"_bbp_forum_subforum_count":0,"_mc_calendar":[]},"_links":{"self":[{"href":"https:\/\/muraste.ee\/vana\/index.php?rest_route=\/wp\/v2\/pages\/3934"}],"collection":[{"href":"https:\/\/muraste.ee\/vana\/index.php?rest_route=\/wp\/v2\/pages"}],"about":[{"href":"https:\/\/muraste.ee\/vana\/index.php?rest_route=\/wp\/v2\/types\/page"}],"author":[{"embeddable":true,"href":"https:\/\/muraste.ee\/vana\/index.php?rest_route=\/wp\/v2\/users\/2"}],"replies":[{"embeddable":true,"href":"https:\/\/muraste.ee\/vana\/index.php?rest_route=%2Fwp%2Fv2%2Fcomments&post=3934"}],"version-history":[{"count":1,"href":"https:\/\/muraste.ee\/vana\/index.php?rest_route=\/wp\/v2\/pages\/3934\/revisions"}],"predecessor-version":[{"id":3936,"href":"https:\/\/muraste.ee\/vana\/index.php?rest_route=\/wp\/v2\/pages\/3934\/revisions\/3936"}],"wp:attachment":[{"href":"https:\/\/muraste.ee\/vana\/index.php?rest_route=%2Fwp%2Fv2%2Fmedia&parent=3934"}],"curies":[{"name":"wp","href":"https:\/\/api.w.org\/{rel}","templated":true}]}}