{"id":3959,"date":"2017-05-22T09:37:41","date_gmt":"2017-05-22T06:37:41","guid":{"rendered":"https:\/\/muraste.ee\/vana\/?page_id=3959"},"modified":"2017-05-22T09:37:41","modified_gmt":"2017-05-22T06:37:41","slug":"nadal-20-2","status":"publish","type":"page","link":"https:\/\/muraste.ee\/vana\/?page_id=3959","title":{"rendered":"N\u00e4dal 20"},"content":{"rendered":"<header class=\"entry-header\">\n<h1 class=\"entry-title\" style=\"text-align: center;\"><a href=\"https:\/\/www.youtube.com\/watch?v=A43pMpm68BY\"><span style=\"color: #ff6600;\"><strong>N\u00c4DAL \u00a020 MURASTES*<br \/>\n<\/strong><strong>15. mai\u2013 21. mai 2017<\/strong><\/span><\/a><\/h1>\n<p style=\"text-align: center;\"><a href=\"https:\/\/www.youtube.com\/watch?v=A43pMpm68BY\"><img decoding=\"async\" loading=\"lazy\" class=\"alignnone size-medium wp-image-3940\" src=\"https:\/\/muraste.ee\/vana\/wp-content\/uploads\/2016\/03\/tulp-300x169.jpg\" alt=\"tulp\" width=\"300\" height=\"169\" srcset=\"https:\/\/muraste.ee\/vana\/wp-content\/uploads\/2016\/03\/tulp-300x169.jpg 300w, https:\/\/muraste.ee\/vana\/wp-content\/uploads\/2016\/03\/tulp-624x351.jpg 624w, https:\/\/muraste.ee\/vana\/wp-content\/uploads\/2016\/03\/tulp-128x72.jpg 128w, https:\/\/muraste.ee\/vana\/wp-content\/uploads\/2016\/03\/tulp.jpg 720w\" sizes=\"(max-width: 300px) 100vw, 300px\" \/><\/a><br \/>\n<a href=\"https:\/\/www.youtube.com\/watch?v=A43pMpm68BY\">On tulbiaeg!<\/a><\/p>\n<\/header>\n<div class=\"entry-content\">\n<h5><a href=\"https:\/\/www.youtube.com\/watch?v=A43pMpm68BY\"><strong><em>*AT- koolimaja aatrium, SP- spordihoone; KO-kogukonnakeskuse ruum; \u00a0 KL- klassiruum; PL-Pangapealse lasteaed, PLF- Pangapealse lasteaia filiaali ruum Muraste koolimajas<br \/>\n<\/em><\/strong><\/a><\/h5>\n<p><a href=\"https:\/\/www.youtube.com\/watch?v=A43pMpm68BY\"><strong><span style=\"color: #ff6600;\">Esmasp\u00e4ev, 15. mai<\/span><br \/>\n<\/strong><span style=\"color: #ff0000;\"><span style=\"color: #000000;\">kl 14-15 AT, Tallinna Tantsuklubi \u201cMy Dance\u201d <strong>showtants<\/strong>. \u00a0Igale liitujale klubi s\u00e4rk tasuta. Rohkem infot www.mydance.ee<br \/>\nkl 15-16.30 SP, Judoklubi \u201cAitado\u201d\u00a0<strong>Judo<\/strong> (7-9 a), Rohkem infot sensei Edward Murel, murel.edward@gmail.com<br \/>\nkl 15.30-18.30 KL, <strong>Eelkool<\/strong> (1.grupp). Juhendab Kristi Bauman. Info www.huviringid.ee<br \/>\nkl 16.30-18.30 SP, <strong>K\u00e4sipall<\/strong> (1-5 kl); Info HC Tallinn, www.hctallinn.ee<br \/>\nkl 17.30 KO, <strong>Kandleansambel<\/strong> <strong>LiULi <\/strong><em>(\u00fcle n\u00e4dala)<br \/>\n<\/em>kl 19 AT, Suurupi Naiskoor <strong>Meretule <\/strong><br \/>\n<\/span><\/span><strong><br \/>\n<\/strong><\/a><\/p>\n<p><a href=\"https:\/\/www.youtube.com\/watch?v=A43pMpm68BY\"><strong><span style=\"color: #ff6600;\">Teisip\u00e4ev, 16. mai<\/span><br \/>\n<\/strong>kl 14.40 <strong>Fa Stuudio muusikaring<\/strong>. \u00a0Rohkem infot fastuudio@gmail.com v\u00f5i tel 5160031.<\/a><br \/>\n<a href=\"https:\/\/www.youtube.com\/watch?v=A43pMpm68BY\">kl 15-16.30 <strong>Korvpall<\/strong> (1-5 klass); juhendab Chris Moore (Tabasalu Palliklubi). Info tabasalupk@rim.ee<\/a><br \/>\n<a href=\"https:\/\/www.youtube.com\/watch?v=A43pMpm68BY\">kl 15 AT, <strong>V\u00f5istlustantsu teeningud algajatele lastele<\/strong> (info www.tantsumeka.ee, Matis Toome, tel 59190800)<\/a><br \/>\n<a href=\"https:\/\/www.youtube.com\/watch?v=A43pMpm68BY\">kl 16.30-18.30 SP, <strong>K\u00e4sipall<\/strong> (1-5 kl); Info HC Tallinn, www.hctallinn.ee<\/a><br \/>\n<a href=\"https:\/\/www.youtube.com\/watch?v=A43pMpm68BY\">kl 18 KL\u00a0<strong>Inglise keele kursus <\/strong><em>(algteadmisi omajatel on v\u00f5imalus liituda ka juba t\u00f6\u00f6tava grupiga).<\/em><strong>\u00a0<\/strong>K\u00fcsi lisa juhendajalt tel 56575575.<\/a><br \/>\n<a href=\"https:\/\/www.youtube.com\/watch?v=A43pMpm68BY\">kl 18 KL,\u00a0<strong>Inglise keele vestlusring<\/strong> James Gill\u00b4i juhendamisel. K\u00f5ik inglise keelt praktiseerida soovijad on oodatud!<img decoding=\"async\" loading=\"lazy\" class=\"size-full wp-image-3562 alignleft\" src=\"https:\/\/muraste.ee\/vana\/wp-content\/uploads\/2016\/03\/tats.jpg\" sizes=\"(max-width: 240px) 100vw, 240px\" srcset=\"https:\/\/muraste.ee\/vana\/wp-content\/uploads\/2016\/03\/tats-150x150.jpg 150w, https:\/\/muraste.ee\/vana\/wp-content\/uploads\/2016\/03\/tats.jpg 240w\" alt=\"tats\" width=\"240\" height=\"240\" \/><\/a><br \/>\n<a href=\"https:\/\/www.youtube.com\/watch?v=A43pMpm68BY\">kl 19-20.30 SP, <strong>V\u00f5rkpall <\/strong><em>(naised\/mehed)- oodatud on k\u00f5ik v\u00f5rkpallihuvilised!;<br \/>\n<\/em>kl 18.30-19.45 AT<strong>, Seltskonnatantsu harjutustund algajatele.<\/strong> Osalus 5\u20ac \/in<\/a><br \/>\n<a href=\"https:\/\/www.youtube.com\/watch?v=A43pMpm68BY\">kl 19.45-21.15 AT <strong>Seltskonnatantsude harjutustund<\/strong>\u00a0<strong> edasij\u00f5udnutele<\/strong>\u2013 v\u00f5imalus \u00f5pitut kinnistada ja toredas seltskonnas jalga keerutada. Osalus 6\u20ac\/in<\/a><\/p>\n<p><a href=\"https:\/\/www.youtube.com\/watch?v=A43pMpm68BY\"><span style=\"color: #ff6600;\"><strong>Kolmap\u00e4ev, \u00a017. mai<\/strong><\/span><\/a><br \/>\n<a href=\"https:\/\/www.youtube.com\/watch?v=A43pMpm68BY\">kl 14-15 AT, Tallinna Tantsuklubi \u201cMy Dance\u201d<strong>showtants<\/strong>. 2x n\u00e4dalas\/30\u20ac kuu. Igale liitujale klubi s\u00e4rk tasuta. Rohkem infot www.mydance.ee<\/a><br \/>\n<a href=\"https:\/\/www.youtube.com\/watch?v=A43pMpm68BY\">kl 15-16.00 SP, <strong>Jalgpall<\/strong>, (1-5 kl). Info: Harju Jalgpallikool<\/a><br \/>\n<a href=\"https:\/\/www.youtube.com\/watch?v=A43pMpm68BY\">kl 15.30-18.30 KL, <strong>Eelkool<\/strong> (2.grupp). Juhendab Kristi Bauman. Info www.huviringid.ee<\/a><br \/>\n<a href=\"https:\/\/www.youtube.com\/watch?v=A43pMpm68BY\">kl 16.00-17,30 \u00a0SP, Judoklubi \u201cAitado\u201d\u00a0<strong>Judo<\/strong> (7-9 a), Rohkem infot sensei Edward Murel, murel.edward@gmail.com<\/a><br \/>\n<a href=\"https:\/\/www.youtube.com\/watch?v=A43pMpm68BY\">kl 17 KL, <strong>Mudelismiring<\/strong> algajatele, juhendaja Andres Madissoo, info 5259021<\/a><br \/>\n<a href=\"https:\/\/www.youtube.com\/watch?v=A43pMpm68BY\">kl 18 KL, <strong>Mudelismiring<\/strong> edasij\u00f5udnutele,\u00a0juhendaja Andres Madissoo, info 5259021<\/a><br \/>\n<a href=\"https:\/\/www.youtube.com\/watch?v=A43pMpm68BY\">kl 18.00 AT, <strong>Line-tants\u00a0<\/strong>INFO: kristin@huviline.ee v\u00f5i tel 51923590. Osalustasu 5\u20ac\/kord.<\/a><\/p>\n<p style=\"text-align: left;\"><a href=\"https:\/\/www.youtube.com\/watch?v=A43pMpm68BY\"><strong><span style=\"color: #339966;\"><span style=\"color: #ff6600;\">Neljap\u00e4ev, 18. mai<\/span><br \/>\n<\/span><\/strong>kl 15-16.00 SP, <strong>Jalgpall<\/strong>, (1-5 kl). Info: Harju Jalgpallikool<\/a><br \/>\n<a href=\"https:\/\/www.youtube.com\/watch?v=A43pMpm68BY\">kl 16.30-18.30 SP, <strong>K\u00e4sipall<\/strong> (1-5 kl); Info HC Tallinn, www.hctallinn.ee<\/a><br \/>\n<a href=\"https:\/\/www.youtube.com\/watch?v=A43pMpm68BY\">kl 16 \u00a0<strong>Skautide kogunemine. \u00a0<\/strong>Rohkem infot www.skaut.ee; sten.luik@gmail.com<\/a><br \/>\n<a href=\"https:\/\/www.youtube.com\/watch?v=A43pMpm68BY\">kl 18.30 \u00a0KL, \u00a0<strong>Inglise keele kursus<\/strong> algajatele ja uuesti alustajatele. T\u00e4psem info marethein@gmail.com, tel 56575575 v\u00f5i kogukonnakeskusest.<\/a><br \/>\n<a href=\"https:\/\/www.youtube.com\/watch?v=A43pMpm68BY\">kl 18 KO, <span style=\"color: #ff0000;\"><strong>UUS!<\/strong><\/span>\u00a0<strong>Harku valla ATH laste vanemate tugir\u00fchm.<\/strong> Oodatud on k\u00f5ik endised ja uued lapsevanemad \u2013 koos on kergem<\/a><br \/>\n<a href=\"https:\/\/www.youtube.com\/watch?v=A43pMpm68BY\">kl 18 AT, <span style=\"color: #ff0000;\"><strong>UUS!<\/strong> <\/span><span style=\"color: #000000;\"><strong>FA STUUDIO KEVADKONTSERT! \u00a0<\/strong>Olete k\u00f5ik oodatud osa saama imeilusat \u00f5htupoolikust!<img decoding=\"async\" loading=\"lazy\" class=\"size-medium wp-image-3890 aligncenter\" src=\"https:\/\/muraste.ee\/vana\/wp-content\/uploads\/2016\/03\/fastuudio-300x212.jpg\" alt=\"fastuudio\" width=\"300\" height=\"212\" srcset=\"https:\/\/muraste.ee\/vana\/wp-content\/uploads\/2016\/03\/fastuudio-300x212.jpg 300w, https:\/\/muraste.ee\/vana\/wp-content\/uploads\/2016\/03\/fastuudio.jpg 453w\" sizes=\"(max-width: 300px) 100vw, 300px\" \/><\/span><strong><span style=\"color: #ff6600;\">Reede, 19. mai<\/span><span style=\"color: #339966;\"><br \/>\n<\/span><\/strong>kl 15-16.30 SP,\u00a0<strong>Korvpall<\/strong> (1-5 klass); juhendab Chris Moore (Tabasalu Palliklubi). Info tabasalupk@rim.ee<\/a><\/p>\n<p><a href=\"https:\/\/www.youtube.com\/watch?v=A43pMpm68BY\"><strong><span style=\"color: #339966;\"><span style=\"color: #ff6600;\">P\u00fchap\u00e4ev, 21. mai<br \/>\n<\/span><\/span><\/strong>kl 16 V\u00e4ikelaevajuhi kursus\u00a0\u00a0Rohkem loe <strong>SIIT<\/strong>.\u00a0ja ajakava vaata<strong>\u00a0SIIT<\/strong><img decoding=\"async\" loading=\"lazy\" class=\"size-thumbnail wp-image-3507 alignright\" src=\"https:\/\/muraste.ee\/vana\/wp-content\/uploads\/2017\/03\/meremees-150x150.png\" alt=\"meremees\" width=\"150\" height=\"150\" srcset=\"https:\/\/muraste.ee\/vana\/wp-content\/uploads\/2017\/03\/meremees-150x150.png 150w, https:\/\/muraste.ee\/vana\/wp-content\/uploads\/2017\/03\/meremees.png 225w\" sizes=\"(max-width: 150px) 100vw, 150px\" \/><\/a><\/p>\n<\/div>\n<p><a href=\"https:\/\/www.youtube.com\/watch?v=A43pMpm68BY\"><span style=\"color: #ff6600;\"><strong>TULEKUL<\/strong><\/span><\/a><\/p>\n<div class=\"entry-content\">\n<div class=\"_1mf _1mj\" data-offset-key=\"cki46-0-0\">\n<p><a href=\"https:\/\/www.youtube.com\/watch?v=A43pMpm68BY\"><span style=\"color: #ff0000;\"><strong>UUS! <\/strong><span style=\"color: #000000;\">Esmasp\u00e4eval,<\/span><strong>\u00a0<\/strong><span style=\"color: #000000;\">22. mail kell 19 <strong>Muraste Liikumisklubi 4. s\u00fcnnip\u00e4eva \u00fchisliikumine<\/strong>: rulluisutamine Mihkel Kihva eestvedamisel + vana hea kepik\u00f5nd.<br \/>\n<\/span><strong>UUS!<\/strong>\u00a0<span style=\"color: #000000;\">Kolmap\u00e4eval, 24. mail kell 20 Muraste tee 3, 5 ja 7 <strong>korteri\u00fchistu koosolek <\/strong><em>(koolimaja aatriumis)<strong><br \/>\n<\/strong><\/em><\/span><strong>UUS!<\/strong> <span style=\"color: #000000;\">Laup\u00e4eval, 27. mail kell 11 <strong>Talendijaht<\/strong> V\u00e4\u00e4na-Viti kodus<\/span><br \/>\n<strong>UUS! <\/strong><span style=\"color: #000000;\">Laup\u00e4eval,\u00a0<\/span><\/span>10. juunil algusega kell 12 <strong>Muraste lennukas perep\u00e4ev<\/strong>! Info peatselt tulekul!<\/a><br \/>\n<a href=\"https:\/\/www.youtube.com\/watch?v=A43pMpm68BY\"><span style=\"color: #ff0000;\"><strong>UUS!<\/strong><span style=\"color: #000000;\"> Laup\u00e4eval,\u00a0<\/span><\/span><span style=\"color: #000000;\">2<\/span>4. juunil <strong>Harku valla k\u00fclade p\u00e4ev<\/strong> V\u00e4\u00e4nas.<\/a><\/p>\n<div class=\"_1mf _1mj\" data-offset-key=\"cki46-0-0\">\n<p><a href=\"https:\/\/www.youtube.com\/watch?v=A43pMpm68BY\"><strong><span style=\"color: #008000;\">\u00a0\u00a0<img decoding=\"async\" loading=\"lazy\" class=\"alignnone size-medium wp-image-3943\" src=\"https:\/\/muraste.ee\/vana\/wp-content\/uploads\/2016\/03\/liikuma-mais-208x300.jpg\" alt=\"liikuma mais\" width=\"208\" height=\"300\" srcset=\"https:\/\/muraste.ee\/vana\/wp-content\/uploads\/2016\/03\/liikuma-mais-208x300.jpg 208w, https:\/\/muraste.ee\/vana\/wp-content\/uploads\/2016\/03\/liikuma-mais-624x902.jpg 624w, https:\/\/muraste.ee\/vana\/wp-content\/uploads\/2016\/03\/liikuma-mais.jpg 664w\" sizes=\"(max-width: 208px) 100vw, 208px\" \/>\u00a0 \u00a0 \u00a0<img decoding=\"async\" loading=\"lazy\" class=\"alignnone size-medium wp-image-3877\" src=\"https:\/\/muraste.ee\/vana\/wp-content\/uploads\/2016\/03\/kyla-212x300.png\" alt=\"kyla\" width=\"212\" height=\"300\" srcset=\"https:\/\/muraste.ee\/vana\/wp-content\/uploads\/2016\/03\/kyla-212x300.png 212w, https:\/\/muraste.ee\/vana\/wp-content\/uploads\/2016\/03\/kyla.png 505w\" sizes=\"(max-width: 212px) 100vw, 212px\" \/>\u00a0 \u00a0<img decoding=\"async\" loading=\"lazy\" class=\"alignnone size-medium wp-image-3956\" src=\"https:\/\/muraste.ee\/vana\/wp-content\/uploads\/2016\/03\/talendi2017-page-0-1-212x300.jpg\" alt=\"talendi2017-page-0 (1)\" width=\"212\" height=\"300\" srcset=\"https:\/\/muraste.ee\/vana\/wp-content\/uploads\/2016\/03\/talendi2017-page-0-1-212x300.jpg 212w, https:\/\/muraste.ee\/vana\/wp-content\/uploads\/2016\/03\/talendi2017-page-0-1-768x1086.jpg 768w, https:\/\/muraste.ee\/vana\/wp-content\/uploads\/2016\/03\/talendi2017-page-0-1-724x1024.jpg 724w, https:\/\/muraste.ee\/vana\/wp-content\/uploads\/2016\/03\/talendi2017-page-0-1-624x882.jpg 624w\" sizes=\"(max-width: 212px) 100vw, 212px\" \/><br \/>\n<\/span><\/strong><\/a><\/p>\n<p><a href=\"https:\/\/www.youtube.com\/watch?v=A43pMpm68BY\"><strong><span style=\"color: #008000;\">T\u00c4HELEPANU &#8211; OLULINE INFO!<img decoding=\"async\" loading=\"lazy\" class=\"size-medium wp-image-3885 alignright\" src=\"https:\/\/muraste.ee\/vana\/wp-content\/uploads\/2016\/03\/HOL-kaart1-300x180.jpg\" alt=\"HOL-kaart1\" width=\"300\" height=\"180\" srcset=\"https:\/\/muraste.ee\/vana\/wp-content\/uploads\/2016\/03\/HOL-kaart1-300x180.jpg 300w, https:\/\/muraste.ee\/vana\/wp-content\/uploads\/2016\/03\/HOL-kaart1.jpg 467w\" sizes=\"(max-width: 300px) 100vw, 300px\" \/><\/span><\/strong><\/a><br \/>\n<a href=\"https:\/\/www.youtube.com\/watch?v=A43pMpm68BY\">Hiljuti kaevati Murastes maasse fiiberoptilise sidekaabli torustik. N\u00fc\u00fcd on asi edasi liikunud ning Harjumaal k\u00e4ivitunud projekt \u00fclikiire optilise interneti\u00fchenduse loomiseks. Et teema puudutab\/k\u00f5netab ka suur osa Muraste elanikest, on v\u00e4ga oluline k\u00f5igil anda tagasisidet, t\u00e4ites \u00e4ra juuresoleval lehel sellekohane sooviavaldus. Sooviavaldust saab t\u00e4ita <strong>SIIN<\/strong>!<\/a><\/p>\n<\/div>\n<div class=\"_1mf _1mj\" data-offset-key=\"cki46-0-0\"><a href=\"https:\/\/www.youtube.com\/watch?v=A43pMpm68BY\">\u00a0<\/a><\/div>\n<div class=\"_1mf _1mj\" data-offset-key=\"cki46-0-0\">\n<p><a href=\"https:\/\/www.youtube.com\/watch?v=A43pMpm68BY\"><strong><span style=\"color: #ff6600;\">MURASTE KOOS OOTAB S\u00c4RASILMSEID KOLLEEGE-\u00d5PETAJAID!\u00a0<\/span><\/strong><\/a><\/p>\n<div id=\"js_2a5\" class=\"_5pbx userContent\" data-ft=\"{&quot;tn&quot;:&quot;K&quot;}\">\n<p><a href=\"https:\/\/www.youtube.com\/watch?v=A43pMpm68BY\">Meie armas Muraste kool ootab seoses kooli j\u00e4tkuva kasvuga uusi parimaid kolleege klassi- ja muusika\u00f5petajaks ning \u00f5piabir\u00fchma \u00f5petajaks, samuti on teretulnud \u00fcks hea mudilaskoori juhendaja. Rohkem infot koolipapa Priidult:)\u00a0\u00a0<img decoding=\"async\" loading=\"lazy\" class=\"alignnone size-large wp-image-3951\" src=\"https:\/\/muraste.ee\/vana\/wp-content\/uploads\/2016\/03\/kooli-kuulutus-mai-2017-page0001-724x1024.jpg\" alt=\"kooli kuulutus mai 2017-page0001\" width=\"625\" height=\"884\" srcset=\"https:\/\/muraste.ee\/vana\/wp-content\/uploads\/2016\/03\/kooli-kuulutus-mai-2017-page0001-724x1024.jpg 724w, https:\/\/muraste.ee\/vana\/wp-content\/uploads\/2016\/03\/kooli-kuulutus-mai-2017-page0001-212x300.jpg 212w, https:\/\/muraste.ee\/vana\/wp-content\/uploads\/2016\/03\/kooli-kuulutus-mai-2017-page0001-768x1086.jpg 768w, https:\/\/muraste.ee\/vana\/wp-content\/uploads\/2016\/03\/kooli-kuulutus-mai-2017-page0001-624x883.jpg 624w, https:\/\/muraste.ee\/vana\/wp-content\/uploads\/2016\/03\/kooli-kuulutus-mai-2017-page0001.jpg 1240w\" sizes=\"(max-width: 625px) 100vw, 625px\" \/><\/a><\/p>\n<\/div>\n<\/div>\n<\/div>\n<\/div>\n<div class=\"entry-content\">\n<div class=\"_1mf _1mj\" data-offset-key=\"cki46-0-0\">\n<div class=\"_1mf _1mj\" data-offset-key=\"cki46-0-0\"><a href=\"https:\/\/www.youtube.com\/watch?v=A43pMpm68BY\">\u00a0<\/a><\/div>\n<div class=\"_1mf _1mj\" data-offset-key=\"cki46-0-0\"><a href=\"https:\/\/www.youtube.com\/watch?v=A43pMpm68BY\"><strong><span style=\"color: #339966;\">OMA K\u00dcLA ETTEV\u00d5TJATE TEATED!<br \/>\n<\/span><\/strong><\/a><\/div>\n<div class=\"_1mf _1mj\" data-offset-key=\"cki46-0-0\">\n<p><a href=\"https:\/\/www.youtube.com\/watch?v=A43pMpm68BY\"><img decoding=\"async\" loading=\"lazy\" class=\"size-thumbnail wp-image-3876 alignleft\" src=\"https:\/\/muraste.ee\/vana\/wp-content\/uploads\/2016\/03\/bat-150x150.jpg\" alt=\"bat\" width=\"150\" height=\"150\" \/>Muraste ettev\u00f5te <strong>Batuudijuss O\u00dc<\/strong> otsib oma kollektiivi suviseks perioodiks (mai-august) toredat B-kat juhilube omavat autojuhti. T\u00f6\u00f6 on f\u00fc\u00fcsiliselt v\u00e4ga raske, seega sportlik ellusuhtumine loob kindla eelise. Kui Sa oled kohusetundlik ja t\u00f6\u00f6kas, suhtled vabalt ka v\u00f5\u00f5raste inimestega, oled valmis t\u00f6\u00f6tama hilistel \u00f5htutundidel ning varahommikul. Siis v\u00f5ta meiega kindlasti \u00fchendust 51 08 490 v\u00f5i Laane.Jaanus@gmail.com. T\u00f6\u00f6 sobib ka \u00fcli\u00f5pilastele v\u00f5i v\u00e4rskelt keskkooli l\u00f5petanud noortele. Palk konkurentsiv\u00f5imeline. Batuudijussist rohkem www.batuudijuss.com lehel.<\/a><\/p>\n<div id=\"js_au\" class=\"_5pbx userContent\" data-ft=\"{&quot;tn&quot;:&quot;K&quot;}\">\n<p><a href=\"https:\/\/www.youtube.com\/watch?v=A43pMpm68BY\"><strong><img decoding=\"async\" loading=\"lazy\" class=\"size-thumbnail wp-image-3920 alignright\" src=\"https:\/\/muraste.ee\/vana\/wp-content\/uploads\/2016\/03\/mumm-150x150.jpg\" alt=\"mumm\" width=\"150\" height=\"150\" \/>Mummi Trahter pakub t\u00f6\u00f6d kokale!<\/strong><\/a><br \/>\n<a href=\"https:\/\/www.youtube.com\/watch?v=A43pMpm68BY\">Ei ole oluline, kas oled s\u00fcndinud v\u00f5i \u00f5ppinud kokk, t\u00e4htis on, et armastad seda, mida teed &#8211; kokkamist siis!<\/a><br \/>\n<a href=\"https:\/\/www.youtube.com\/watch?v=A43pMpm68BY\">Kui tunned, et just Sina v\u00f5iksid Mummi Trahteri meeskonda kuuluda &#8211; anna endast m\u00e4rku tel. 5041758<\/a><\/p>\n<\/div>\n<div class=\"_3x-2\"><a href=\"https:\/\/www.youtube.com\/watch?v=A43pMpm68BY\">\u00a0<\/a><\/div>\n<p><a href=\"https:\/\/www.youtube.com\/watch?v=A43pMpm68BY\"><img decoding=\"async\" loading=\"lazy\" class=\"wp-image-3728 size-medium alignleft\" src=\"https:\/\/muraste.ee\/vana\/wp-content\/uploads\/2016\/03\/kattel-271x300.jpg\" sizes=\"(max-width: 552px) 100vw, 552px\" srcset=\"https:\/\/muraste.ee\/vana\/wp-content\/uploads\/2016\/03\/kattel-271x300.jpg 271w, https:\/\/muraste.ee\/vana\/wp-content\/uploads\/2016\/03\/kattel.jpg 552w\" alt=\"kattel\" width=\"271\" height=\"300\" \/><\/a><\/p>\n<p><a href=\"https:\/\/www.youtube.com\/watch?v=A43pMpm68BY\"><strong>Lahe Huvikool<\/strong> ootab lapsi eelkooli! Uuri kuulutust ja \u00e4sja valminud \u00a0<strong>kodulehte<\/strong>!<\/a><\/p>\n<p><a href=\"https:\/\/www.youtube.com\/watch?v=A43pMpm68BY\"><img decoding=\"async\" loading=\"lazy\" class=\"alignnone wp-image-3744 size-medium\" src=\"https:\/\/muraste.ee\/vana\/wp-content\/uploads\/2016\/03\/LAHEUUS-300x203.jpg\" sizes=\"(max-width: 960px) 100vw, 960px\" srcset=\"https:\/\/muraste.ee\/vana\/wp-content\/uploads\/2016\/03\/LAHEUUS-300x203.jpg 300w, https:\/\/muraste.ee\/vana\/wp-content\/uploads\/2016\/03\/LAHEUUS-768x519.jpg 768w, https:\/\/muraste.ee\/vana\/wp-content\/uploads\/2016\/03\/LAHEUUS-624x422.jpg 624w, https:\/\/muraste.ee\/vana\/wp-content\/uploads\/2016\/03\/LAHEUUS.jpg 960w\" alt=\"LAHEUUS\" width=\"300\" height=\"203\" \/><\/a><\/p>\n<p><a href=\"https:\/\/www.youtube.com\/watch?v=A43pMpm68BY\"><span style=\"color: #339966;\"><strong><br \/>\n<img decoding=\"async\" loading=\"lazy\" class=\"size-thumbnail wp-image-3923 alignleft\" src=\"https:\/\/muraste.ee\/vana\/wp-content\/uploads\/2016\/03\/droon-150x150.jpg\" alt=\"droon\" width=\"150\" height=\"150\" srcset=\"https:\/\/muraste.ee\/vana\/wp-content\/uploads\/2016\/03\/droon-150x150.jpg 150w, https:\/\/muraste.ee\/vana\/wp-content\/uploads\/2016\/03\/droon-300x300.jpg 300w, https:\/\/muraste.ee\/vana\/wp-content\/uploads\/2016\/03\/droon.jpg 600w\" sizes=\"(max-width: 150px) 100vw, 150px\" \/>Palume t\u00e4helepanelike silmapaaride abi! Muraste k\u00fclas Pangapealse piirkonna suunas kukkus alla ja j\u00e4i kaduma punane Parroti droon! Laps v\u00e4ga \u00f5nnetu! Ausale leidale vaevatasu! Leiu korral palun helista: Katrin 5270732<br \/>\n<\/strong><\/span><\/a><\/p>\n<p><a href=\"https:\/\/www.youtube.com\/watch?v=A43pMpm68BY\"><span style=\"color: #ff6600;\"><strong>Nakatavat energiat\u00a0ja r\u00f5\u00f5msat meelt!<\/strong><\/span><\/a><\/p>\n<\/div>\n<p><a href=\"https:\/\/www.youtube.com\/watch?v=A43pMpm68BY\"><img decoding=\"async\" loading=\"lazy\" class=\"size-thumbnail wp-image-3946 alignright\" src=\"https:\/\/muraste.ee\/vana\/wp-content\/uploads\/2016\/03\/apteeker-150x150.jpg\" alt=\"cartoon pharmacist with medicine pills and bottle\" width=\"150\" height=\"150\" \/><\/a><\/p>\n<p><a href=\"https:\/\/www.youtube.com\/watch?v=A43pMpm68BY\">&#8220;Kogu elu unistasin ma sellest, et saan kord meremeheks.&#8221;<\/a><br \/>\n<a href=\"https:\/\/www.youtube.com\/watch?v=A43pMpm68BY\">&#8220;Ja mis&#8230; te siis ei saanud&#8230;?&#8221;<\/a><br \/>\n<a href=\"https:\/\/www.youtube.com\/watch?v=A43pMpm68BY\">&#8220;Ei saanud&#8230; Teate, ma olen lihtsalt kohutavalt hajameelne. Laeval oleksin ma tont teab, millega hakkama saanud.&#8221;<\/a><br \/>\n<a href=\"https:\/\/www.youtube.com\/watch?v=A43pMpm68BY\">&#8220;Seda k\u00fcll. Teil lihtsalt ei vedanud. Aga kellena te t\u00e4na t\u00f6\u00f6tate?&#8221;<\/a><br \/>\n<a href=\"https:\/\/www.youtube.com\/watch?v=A43pMpm68BY\">&#8220;Ma t\u00f6\u00f6tan apteegis!&#8221;<\/a><\/p>\n<div class=\"_1mf _1mj\" data-offset-key=\"cki46-0-0\"><a href=\"https:\/\/www.youtube.com\/watch?v=A43pMpm68BY\">\u00a0<\/a><\/div>\n<div class=\"_1mf _1mj\" data-offset-key=\"cki46-0-0\"><a href=\"https:\/\/www.youtube.com\/watch?v=A43pMpm68BY\">\u00a0<\/a><\/div>\n<div class=\"_1mf _1mj\" data-offset-key=\"cki46-0-0\"><a href=\"https:\/\/www.youtube.com\/watch?v=A43pMpm68BY\">\u00a0<\/a><\/div>\n<div class=\"_1mf _1mj\" data-offset-key=\"cki46-0-0\"><a href=\"https:\/\/www.youtube.com\/watch?v=A43pMpm68BY\">\u00a0<\/a><\/div>\n<div class=\"_1mf _1mj\" data-offset-key=\"cki46-0-0\"><a href=\"https:\/\/www.youtube.com\/watch?v=A43pMpm68BY\"><strong><span style=\"color: #339966;\">TEADETETA<img decoding=\"async\" loading=\"lazy\" class=\"size-medium wp-image-3740 alignright\" src=\"https:\/\/muraste.ee\/vana\/wp-content\/uploads\/2016\/03\/stend-300x224.jpg\" sizes=\"(max-width: 300px) 100vw, 300px\" srcset=\"https:\/\/muraste.ee\/vana\/wp-content\/uploads\/2016\/03\/stend-300x224.jpg 300w, https:\/\/muraste.ee\/vana\/wp-content\/uploads\/2016\/03\/stend-768x572.jpg 768w, https:\/\/muraste.ee\/vana\/wp-content\/uploads\/2016\/03\/stend-1024x763.jpg 1024w, https:\/\/muraste.ee\/vana\/wp-content\/uploads\/2016\/03\/stend-624x465.jpg 624w, https:\/\/muraste.ee\/vana\/wp-content\/uploads\/2016\/03\/stend.jpg 1300w\" alt=\"stend\" width=\"300\" height=\"224\" \/>HVEL<\/span><\/strong><\/a><\/div>\n<div class=\"_1mf _1mj\" data-offset-key=\"cki46-0-0\"><a href=\"https:\/\/www.youtube.com\/watch?v=A43pMpm68BY\">\u00a0<\/a><\/div>\n<div class=\"_1mf _1mj\" data-offset-key=\"cki46-0-0\">\n<p><a href=\"https:\/\/www.youtube.com\/watch?v=A43pMpm68BY\"><strong>Soovid avaldada oma reklaami<\/strong> meie infokanalites? Juhised on <strong>siin<\/strong>!<\/a><\/p>\n<\/div>\n<div class=\"_1mf _1mj\" data-offset-key=\"cki46-0-0\"><a href=\"https:\/\/www.youtube.com\/watch?v=A43pMpm68BY\"><strong>Soovid kasutada<\/strong> m\u00f5nd Muraste k\u00fclaselsti poolt pakutavat<strong> teenust<\/strong>? V\u00f5imalused on<strong> siin!<\/strong><\/a><\/div>\n<div class=\"_1mf _1mj\" data-offset-key=\"cki46-0-0\"><a href=\"https:\/\/www.youtube.com\/watch?v=A43pMpm68BY\">\u00a0<\/a><\/div>\n<div class=\"_1mf _1mj\" data-offset-key=\"cki46-0-0\"><a href=\"https:\/\/www.youtube.com\/watch?v=A43pMpm68BY\">\u00a0<\/a><\/div>\n<p><a href=\"https:\/\/www.youtube.com\/watch?v=A43pMpm68BY\"><strong>Teadmiseks: <\/strong>Muraste igan\u00e4dalase e-infokirjaga liitumiseks saada sellekohane teade muraste@muraste.ee<\/a><br \/>\n<a href=\"https:\/\/www.youtube.com\/watch?v=A43pMpm68BY\"><strong>Muraste kogukonnakeskus\u00a0<\/strong>(Lee tee 9, Muraste) avatud E-N 10-18, R 10-16.<\/a><br \/>\n<a href=\"https:\/\/www.youtube.com\/watch?v=A43pMpm68BY\"><strong>T\u00e4psustused ja info:<\/strong> kogukonnakeskus@muraste.ee;\u00a05253128 (A<\/a><\/p>\n<\/div>\n<\/div>\n","protected":false},"excerpt":{"rendered":"<p>N\u00c4DAL \u00a020 MURASTES* 15. mai\u2013 21. mai 2017 On tulbiaeg! *AT- koolimaja aatrium, SP- spordihoone; KO-kogukonnakeskuse ruum; \u00a0 KL- klassiruum; PL-Pangapealse lasteaed, PLF- Pangapealse lasteaia filiaali ruum Muraste koolimajas Esmasp\u00e4ev, 15. mai kl 14-15 AT, Tallinna Tantsuklubi \u201cMy Dance\u201d showtants. \u00a0Igale liitujale klubi s\u00e4rk tasuta. Rohkem infot www.mydance.ee kl 15-16.30 SP, Judoklubi \u201cAitado\u201d\u00a0Judo (7-9 a),<a class=\"moretag\" href=\"https:\/\/muraste.ee\/vana\/?page_id=3959\"><br \/>&#8230;Loe edasi<\/a><\/p>\n","protected":false},"author":2,"featured_media":0,"parent":0,"menu_order":0,"comment_status":"closed","ping_status":"closed","template":"nadalakava.php","meta":{"_bbp_topic_count":0,"_bbp_reply_count":0,"_bbp_total_topic_count":0,"_bbp_total_reply_count":0,"_bbp_voice_count":0,"_bbp_anonymous_reply_count":0,"_bbp_topic_count_hidden":0,"_bbp_reply_count_hidden":0,"_bbp_forum_subforum_count":0,"_mc_calendar":[]},"_links":{"self":[{"href":"https:\/\/muraste.ee\/vana\/index.php?rest_route=\/wp\/v2\/pages\/3959"}],"collection":[{"href":"https:\/\/muraste.ee\/vana\/index.php?rest_route=\/wp\/v2\/pages"}],"about":[{"href":"https:\/\/muraste.ee\/vana\/index.php?rest_route=\/wp\/v2\/types\/page"}],"author":[{"embeddable":true,"href":"https:\/\/muraste.ee\/vana\/index.php?rest_route=\/wp\/v2\/users\/2"}],"replies":[{"embeddable":true,"href":"https:\/\/muraste.ee\/vana\/index.php?rest_route=%2Fwp%2Fv2%2Fcomments&post=3959"}],"version-history":[{"count":1,"href":"https:\/\/muraste.ee\/vana\/index.php?rest_route=\/wp\/v2\/pages\/3959\/revisions"}],"predecessor-version":[{"id":3961,"href":"https:\/\/muraste.ee\/vana\/index.php?rest_route=\/wp\/v2\/pages\/3959\/revisions\/3961"}],"wp:attachment":[{"href":"https:\/\/muraste.ee\/vana\/index.php?rest_route=%2Fwp%2Fv2%2Fmedia&parent=3959"}],"curies":[{"name":"wp","href":"https:\/\/api.w.org\/{rel}","templated":true}]}}