{"id":3987,"date":"2017-05-29T09:19:19","date_gmt":"2017-05-29T06:19:19","guid":{"rendered":"https:\/\/muraste.ee\/vana\/?page_id=3987"},"modified":"2017-05-29T09:19:19","modified_gmt":"2017-05-29T06:19:19","slug":"nadal-21-2","status":"publish","type":"page","link":"https:\/\/muraste.ee\/vana\/?page_id=3987","title":{"rendered":"N\u00e4dal 21"},"content":{"rendered":"<header class=\"entry-header\">\n<h1 class=\"entry-title\" style=\"text-align: center;\"><span style=\"color: #99cc00;\"><strong>N\u00c4DAL \u00a021 MURASTES*<br \/>\n<\/strong><strong>22. mai\u2013 28. mai 2017<\/strong><\/span><\/h1>\n<p class=\"entry-title\" style=\"text-align: center;\"><a href=\"https:\/\/muraste.ee\/vana\/wp-content\/uploads\/2016\/03\/v\u00f5rk.jpg\" rel=\"attachment wp-att-3963\"><img decoding=\"async\" loading=\"lazy\" class=\"alignnone size-medium wp-image-3963\" src=\"https:\/\/muraste.ee\/vana\/wp-content\/uploads\/2016\/03\/v\u00f5rk-300x169.jpg\" alt=\"v\u00f5rk\" width=\"300\" height=\"169\" srcset=\"https:\/\/muraste.ee\/vana\/wp-content\/uploads\/2016\/03\/v\u00f5rk-300x169.jpg 300w, https:\/\/muraste.ee\/vana\/wp-content\/uploads\/2016\/03\/v\u00f5rk-624x351.jpg 624w, https:\/\/muraste.ee\/vana\/wp-content\/uploads\/2016\/03\/v\u00f5rk-128x72.jpg 128w, https:\/\/muraste.ee\/vana\/wp-content\/uploads\/2016\/03\/v\u00f5rk.jpg 720w\" sizes=\"(max-width: 300px) 100vw, 300px\" \/><\/a><br \/>\nMurastes algas rannav\u00f5rkpallihooaeg!<\/p>\n<\/header>\n<div class=\"entry-content\">\n<h5><strong><em>*AT- koolimaja aatrium, SP- spordihoone; KO-kogukonnakeskuse ruum; \u00a0 KL- klassiruum; PL-Pangapealse lasteaed, PLF- Pangapealse lasteaia filiaali ruum Muraste koolimajas<\/em><\/strong><a href=\"https:\/\/www.youtube.com\/watch?v=A43pMpm68BY\"><strong><em><br \/>\n<\/em><\/strong><\/a><\/h5>\n<p><strong><span style=\"color: #99cc00;\">Esmasp\u00e4ev, 22. mai<\/span><\/strong><a href=\"https:\/\/www.youtube.com\/watch?v=A43pMpm68BY\"><strong><span style=\"color: #99cc00;\"><img decoding=\"async\" loading=\"lazy\" class=\"size-medium wp-image-3943 alignright\" src=\"https:\/\/muraste.ee\/vana\/wp-content\/uploads\/2016\/03\/liikuma-mais-208x300.jpg\" alt=\"liikuma mais\" width=\"208\" height=\"300\" srcset=\"https:\/\/muraste.ee\/vana\/wp-content\/uploads\/2016\/03\/liikuma-mais-208x300.jpg 208w, https:\/\/muraste.ee\/vana\/wp-content\/uploads\/2016\/03\/liikuma-mais-624x902.jpg 624w, https:\/\/muraste.ee\/vana\/wp-content\/uploads\/2016\/03\/liikuma-mais.jpg 664w\" sizes=\"(max-width: 208px) 100vw, 208px\" \/><\/span><br \/>\n<\/strong><\/a><span style=\"color: #ff0000;\"><span style=\"color: #000000;\"><span style=\"color: #ff0000;\"><strong>UUS!<\/strong><\/span> <strong>T\u00e4na algas Kolmiku t\u00e4nava kergliiklustee ehitus!\u00a0<\/strong>Oleme siis m\u00f5istvad ja hoolivad ning ootame t\u00e4nutundega juuli keskpaigaks valmivat ning koduteed turvalisemaks muutvat kergliiklusteed<br \/>\nkl 14-15 AT, Tallinna Tantsuklubi \u201cMy Dance\u201d <strong>showtants<\/strong>. \u00a0Igale liitujale klubi s\u00e4rk tasuta. Rohkem infot www.mydance.ee<br \/>\nkl 15-16.30 SP, Judoklubi \u201cAitado\u201d\u00a0<strong>Judo<\/strong> (7-9 a), Rohkem infot sensei Edward Murel, murel.edward@gmail.com<br \/>\nkl 15.30-18.30 KL, <strong>Eelkool<\/strong> (1.grupp). Juhendab Kristi Bauman. Info www.huviringid.ee<br \/>\nkl 16.30-18.30 SP, <strong>K\u00e4sipall<\/strong> (1-5 kl); Info HC Tallinn, www.hctallinn.ee<br \/>\nkl 17.30 KO, <strong>Kandleansambel<\/strong> <strong>LiULi <\/strong><em><br \/>\n<\/em>kl 19 AT, Suurupi Naiskoor <strong>Meretule<br \/>\n<\/strong>kl 19 KO,\u00a0<strong><strong>Muraste Liikumisklubi 4. s\u00fcnnip\u00e4eva \u00fchisliikumine<\/strong><\/strong>: rulluisutamine Mihkel Kihva eestvedamisel + vana hea kepik\u00f5nd<br \/>\n<\/span><\/span><a href=\"https:\/\/www.youtube.com\/watch?v=A43pMpm68BY\"><strong><br \/>\n<\/strong><\/a><\/p>\n<p><strong><span style=\"color: #99cc00;\">Teisip\u00e4ev, 23. mai<a href=\"https:\/\/muraste.ee\/vana\/wp-content\/uploads\/2016\/03\/irena-1.jpg\" rel=\"attachment wp-att-3973\"><img decoding=\"async\" loading=\"lazy\" class=\"alignnone size-medium wp-image-3973 alignright\" src=\"https:\/\/muraste.ee\/vana\/wp-content\/uploads\/2016\/03\/irena-1-300x169.jpg\" alt=\"irena\" width=\"300\" height=\"169\" srcset=\"https:\/\/muraste.ee\/vana\/wp-content\/uploads\/2016\/03\/irena-1-300x169.jpg 300w, https:\/\/muraste.ee\/vana\/wp-content\/uploads\/2016\/03\/irena-1-768x432.jpg 768w, https:\/\/muraste.ee\/vana\/wp-content\/uploads\/2016\/03\/irena-1-624x351.jpg 624w, https:\/\/muraste.ee\/vana\/wp-content\/uploads\/2016\/03\/irena-1-128x72.jpg 128w, https:\/\/muraste.ee\/vana\/wp-content\/uploads\/2016\/03\/irena-1.jpg 960w\" sizes=\"(max-width: 300px) 100vw, 300px\" \/><\/a><\/span><br \/>\n<\/strong>kl 14.40 <strong>Fa Stuudio muusikaring<\/strong>. \u00a0Rohkem infot fastuudio@gmail.com v\u00f5i tel 5160031.<br \/>\nkl 15-16.30 <strong>Korvpall<\/strong> (1-5 klass); juhendab Chris Moore (Tabasalu Palliklubi). Info tabasalupk@rim.ee<br \/>\nkl 15 AT, <strong>V\u00f5istlustantsu teeningud algajatele lastele<\/strong> (info www.tantsumeka.ee, Matis Toome, tel 59190800)<br \/>\nkl 16.30-18.30 SP, <strong>K\u00e4sipall<\/strong> (1-5 kl); Info HC Tallinn, www.hctallinn.ee<br \/>\nkl 18 KL\u00a0<strong>Inglise keele kursus <\/strong><em>(algteadmisi omajatel on v\u00f5imalus liituda ka juba t\u00f6\u00f6tava grupiga).<\/em><strong>\u00a0<\/strong>K\u00fcsi lisa juhendajalt tel 56575575.<br \/>\nkl 18 KL,\u00a0<strong>Inglise keele vestlusring<\/strong> James Gill\u00b4i juhendamisel. K\u00f5ik inglise keelt praktiseerida soovijad on oodatud!<img decoding=\"async\" loading=\"lazy\" class=\"size-full wp-image-3562 alignright\" src=\"https:\/\/muraste.ee\/vana\/wp-content\/uploads\/2016\/03\/tats.jpg\" sizes=\"(max-width: 240px) 100vw, 240px\" srcset=\"https:\/\/muraste.ee\/vana\/wp-content\/uploads\/2016\/03\/tats-150x150.jpg 150w, https:\/\/muraste.ee\/vana\/wp-content\/uploads\/2016\/03\/tats.jpg 240w\" alt=\"tats\" width=\"240\" height=\"240\" \/><br \/>\nkl 19-20.30 SP, <strong>V\u00f5rkpall <\/strong><em>(naised\/mehed)- oodatud on k\u00f5ik v\u00f5rkpallihuvilised!;<br \/>\n<\/em>kl 18.30-19.45 AT<strong>, Seltskonnatantsu harjutustund algajatele.<\/strong> Osalus 5\u20ac \/in<br \/>\nkl 19.45-21.15 AT <strong>Seltskonnatantsude harjutustund<\/strong>\u00a0<strong> edasij\u00f5udnutele<\/strong>\u2013 v\u00f5imalus \u00f5pitut kinnistada ja toredas seltskonnas jalga keerutada. Osalus 6\u20ac\/in<\/p>\n<p><span style=\"color: #99cc00;\"><strong>Kolmap\u00e4ev, \u00a024. mai<\/strong><\/span><br \/>\nkl 14-15 AT, Tallinna Tantsuklubi \u201cMy Dance\u201d<strong>showtants<\/strong>. 2x n\u00e4dalas\/30\u20ac kuu. Igale liitujale klubi s\u00e4rk tasuta. Rohkem infot www.mydance.ee<br \/>\nkl 15-16.00 SP, <strong>Jalgpall<\/strong>, (1-5 kl). Info: Harju Jalgpallikool<br \/>\nkl 15.30-18.30 KL, <strong>Eelkool<\/strong> (2.grupp). Juhendab Kristi Bauman. Info www.huviringid.ee<br \/>\nkl 16.00-17,30 \u00a0SP, Judoklubi \u201cAitado\u201d\u00a0<strong>Judo<\/strong> (7-9 a), Rohkem infot sensei Edward Murel, murel.edward@gmail.com<br \/>\nkl 17 KL, <strong>Mudelismiring<\/strong> algajatele, juhendaja Andres Madissoo, info 5259021<br \/>\nkl 18 KL, <strong>Mudelismiring<\/strong> edasij\u00f5udnutele,\u00a0juhendaja Andres Madissoo, info 5259021<br \/>\nkl 18.00 AT, <strong>Line-tants\u00a0<\/strong>INFO: kristin@huviline.ee v\u00f5i tel 51923590. Osalustasu 5\u20ac\/kord.<br \/>\nkl 18.30 KO, Muraste k\u00fclaseltsi juhatuse koosolek<br \/>\nkl 20 AT, \u00a0Muraste tee 3, 5 ja 7 <strong>korteri\u00fchistu koosolek<\/strong><\/p>\n<p style=\"text-align: left;\"><strong><span style=\"color: #339966;\"><span style=\"color: #99cc00;\">Neljap\u00e4ev, 25. mai<\/span><br \/>\n<\/span><\/strong>kl 15-16.00 SP, <strong>Jalgpall<\/strong>, (1-5 kl). Info: Harju Jalgpallikool<br \/>\nkl 16.30-18.30 SP, <strong>K\u00e4sipall<\/strong> (1-5 kl); Info HC Tallinn, www.hctallinn.ee<br \/>\nkl 17 AT,<span style=\"color: #ff0000;\"><strong> UUS!<\/strong> <\/span>Muraste kooli n\u00e4iteringi etendus <strong>&#8220;Tuhkatriinu&#8221;<\/strong><br \/>\nkl 18.30 \u00a0KO, \u00a0<strong>Inglise keele kursus<\/strong> algajatele ja uuesti alustajatele. T\u00e4psem info marethein@gmail.com, tel 56575575 v\u00f5i kogukonnakeskusest.<br \/>\n<a href=\"https:\/\/www.youtube.com\/watch?v=A43pMpm68BY\"><span style=\"color: #000000;\"><br \/>\n<\/span><\/a><strong><span style=\"color: #99cc00;\">Reede, 26\u00a0mai<\/span><span style=\"color: #339966;\"><br \/>\n<\/span><\/strong>kl 15-16.30 SP,\u00a0<strong>Korvpall<\/strong> (1-5 klass); juhendab Chris Moore (Tabasalu Palliklubi). Info tabasalupk@rim.ee<\/p>\n<p style=\"text-align: left;\"><strong><span style=\"color: #339966;\"><span style=\"color: #ff6600;\"><span style=\"color: #99cc00;\">Laup\u00e4ev, 27. mai <img decoding=\"async\" loading=\"lazy\" class=\"size-medium wp-image-3956 alignright\" src=\"https:\/\/muraste.ee\/vana\/wp-content\/uploads\/2016\/03\/talendi2017-page-0-1-212x300.jpg\" alt=\"talendi2017-page-0 (1)\" width=\"212\" height=\"300\" srcset=\"https:\/\/muraste.ee\/vana\/wp-content\/uploads\/2016\/03\/talendi2017-page-0-1-212x300.jpg 212w, https:\/\/muraste.ee\/vana\/wp-content\/uploads\/2016\/03\/talendi2017-page-0-1-768x1086.jpg 768w, https:\/\/muraste.ee\/vana\/wp-content\/uploads\/2016\/03\/talendi2017-page-0-1-724x1024.jpg 724w, https:\/\/muraste.ee\/vana\/wp-content\/uploads\/2016\/03\/talendi2017-page-0-1-624x882.jpg 624w\" sizes=\"(max-width: 212px) 100vw, 212px\" \/><br \/>\n<\/span><\/span><\/span><\/strong>kl 11 <strong><span style=\"color: #ff0000;\">L\u00e4hme k\u00fclla!\u00a0<\/span>Talendijaht<\/strong> V\u00e4\u00e4na-Viti kodus. K\u00f5ik on oodatud vaatama ja saama osa nakatavast energiast! K\u00fclalisena esineb ansambel <strong>Metsat\u00f6ll!<\/strong><\/p>\n<p><strong><span style=\"color: #339966;\"><span style=\"color: #ff6600;\"><span style=\"color: #99cc00;\">P\u00fchap\u00e4ev, 28. mai<\/span><br \/>\n<\/span><\/span><\/strong>kl 16 V\u00e4ikelaevajuhi kursus<\/p>\n<\/div>\n<p><span style=\"color: #99cc00;\"><strong>TULEKUL<\/strong><\/span><\/p>\n<div class=\"entry-content\">\n<div class=\"_1mf _1mj\" data-offset-key=\"cki46-0-0\">\n<p><span style=\"color: #ff0000;\"><strong>UUS!<\/strong><span style=\"color: #000000;\"> Laup\u00e4eval,\u00a0<\/span><\/span><span style=\"color: #000000;\">2<\/span>4. juunil <strong>Harku valla k\u00fclade p\u00e4ev<\/strong> V\u00e4\u00e4nas.<\/p>\n<div class=\"_1mf _1mj\" data-offset-key=\"cki46-0-0\">\n<p><a href=\"https:\/\/www.youtube.com\/watch?v=A43pMpm68BY\"><strong><span style=\"color: #008000;\">\u00a0\u00a0\u00a0 \u00a0 \u00a0<img decoding=\"async\" loading=\"lazy\" class=\"alignnone size-medium wp-image-3877\" src=\"https:\/\/muraste.ee\/vana\/wp-content\/uploads\/2016\/03\/kyla-212x300.png\" alt=\"kyla\" width=\"212\" height=\"300\" srcset=\"https:\/\/muraste.ee\/vana\/wp-content\/uploads\/2016\/03\/kyla-212x300.png 212w, https:\/\/muraste.ee\/vana\/wp-content\/uploads\/2016\/03\/kyla.png 505w\" sizes=\"(max-width: 212px) 100vw, 212px\" \/><br \/>\n<\/span><\/strong><\/a><\/p>\n<p><strong><span style=\"color: #008000;\">T\u00c4HELEPANU &#8211; OLULINE INFO!<img decoding=\"async\" loading=\"lazy\" class=\"size-medium wp-image-3885 alignright\" src=\"https:\/\/muraste.ee\/vana\/wp-content\/uploads\/2016\/03\/HOL-kaart1-300x180.jpg\" alt=\"HOL-kaart1\" width=\"300\" height=\"180\" srcset=\"https:\/\/muraste.ee\/vana\/wp-content\/uploads\/2016\/03\/HOL-kaart1-300x180.jpg 300w, https:\/\/muraste.ee\/vana\/wp-content\/uploads\/2016\/03\/HOL-kaart1.jpg 467w\" sizes=\"(max-width: 300px) 100vw, 300px\" \/><\/span><\/strong><br \/>\nHiljuti kaevati Murastes maasse fiiberoptilise sidekaabli torustik. N\u00fc\u00fcd on asi edasi liikunud ning Harjumaal k\u00e4ivitunud projekt \u00fclikiire optilise interneti\u00fchenduse loomiseks. Et teema puudutab\/k\u00f5netab ka suur osa Muraste elanikest, on v\u00e4ga oluline k\u00f5igil anda tagasisidet, t\u00e4ites \u00e4ra juuresoleval lehel sellekohane sooviavaldus. Sooviavaldust saab t\u00e4ita <strong><a href=\"https:\/\/digimaa.ee\/kysitlus\/\" target=\"_blank\">SIIN<\/a><\/strong>!<\/p>\n<\/div>\n<div class=\"_1mf _1mj\" data-offset-key=\"cki46-0-0\"><\/div>\n<\/div>\n<\/div>\n<div class=\"entry-content\">\n<div class=\"_1mf _1mj\" data-offset-key=\"cki46-0-0\">\n<div class=\"_1mf _1mj\" data-offset-key=\"cki46-0-0\"><strong><span style=\"color: #339966;\">MUHEDAT N\u00c4DALAT!<br \/>\n<\/span><\/strong><\/div>\n<p><a href=\"https:\/\/muraste.ee\/vana\/wp-content\/uploads\/2016\/03\/police.jpg\" rel=\"attachment wp-att-3970\"><img decoding=\"async\" loading=\"lazy\" class=\"size-thumbnail wp-image-3970 alignright\" src=\"https:\/\/muraste.ee\/vana\/wp-content\/uploads\/2016\/03\/police-150x150.jpg\" alt=\"police\" width=\"150\" height=\"150\" \/><\/a>Vaevalt j\u00f5uab eestlane \u00fcletada L\u00e4ti piiri, kui l\u00e4tlasest politseinik eestlase kini peab ja teatab:<br \/>\n&#8220;Te\u00a0rikkusite liikluseeskirju. Palun kirjutage seletuskiri, loomulikult riigikeeles!&#8221;<br \/>\n&#8220;Aga ma ei oska ju!&#8221;<br \/>\n&#8220;Kirjutage niipalju, kui oskate!&#8221;<br \/>\nEestlane v\u00f5tab paberilehe, seej\u00e4rel rahakotist 10-latise, paneb selle paberi vahele ning ulatab politseinikule. Too lausub:<br \/>\n&#8220;Mida Te r\u00e4\u00e4kisite, et ei oska: pool on juba kirjutatud!&#8221;<\/p>\n<div class=\"_1mf _1mj\" data-offset-key=\"cki46-0-0\"><\/div>\n<div class=\"_1mf _1mj\" data-offset-key=\"cki46-0-0\"><\/div>\n<div class=\"_1mf _1mj\" data-offset-key=\"cki46-0-0\"><\/div>\n<div class=\"_1mf _1mj\" data-offset-key=\"cki46-0-0\"><\/div>\n<div class=\"_1mf _1mj\" data-offset-key=\"cki46-0-0\"><strong><span style=\"color: #339966;\">TEADETETA<img decoding=\"async\" loading=\"lazy\" class=\"size-medium wp-image-3740 alignright\" src=\"https:\/\/muraste.ee\/vana\/wp-content\/uploads\/2016\/03\/stend-300x224.jpg\" sizes=\"(max-width: 300px) 100vw, 300px\" srcset=\"https:\/\/muraste.ee\/vana\/wp-content\/uploads\/2016\/03\/stend-300x224.jpg 300w, https:\/\/muraste.ee\/vana\/wp-content\/uploads\/2016\/03\/stend-768x572.jpg 768w, https:\/\/muraste.ee\/vana\/wp-content\/uploads\/2016\/03\/stend-1024x763.jpg 1024w, https:\/\/muraste.ee\/vana\/wp-content\/uploads\/2016\/03\/stend-624x465.jpg 624w, https:\/\/muraste.ee\/vana\/wp-content\/uploads\/2016\/03\/stend.jpg 1300w\" alt=\"stend\" width=\"300\" height=\"224\" \/>HVEL<\/span><\/strong><\/div>\n<div class=\"_1mf _1mj\" data-offset-key=\"cki46-0-0\"><\/div>\n<div class=\"_1mf _1mj\" data-offset-key=\"cki46-0-0\">\n<p><strong>Soovid avaldada oma reklaami<\/strong> meie infokanalites? Juhised on <strong>siin<\/strong>!<\/p>\n<\/div>\n<div class=\"_1mf _1mj\" data-offset-key=\"cki46-0-0\"><strong>Soovid kasutada<\/strong> m\u00f5nd Muraste k\u00fclaselsti poolt pakutavat<strong> teenust<\/strong>? V\u00f5imalused on<strong> siin!<\/strong><\/div>\n<div class=\"_1mf _1mj\" data-offset-key=\"cki46-0-0\"><\/div>\n<div class=\"_1mf _1mj\" data-offset-key=\"cki46-0-0\"><\/div>\n<p><strong>Teadmiseks: <\/strong>Muraste igan\u00e4dalase e-infokirjaga liitumiseks saada sellekohane teade muraste@muraste.ee<br \/>\n<strong>Muraste kogukonnakeskus\u00a0<\/strong>(Lee tee 9, Muraste) avatud E-N 10-18, R 10-16.<br \/>\n<strong>T\u00e4psustused ja info:<\/strong> kogukonnakeskus@muraste.ee;\u00a05253128 (Aule Kikas).<\/p>\n<p><strong>\u00a0<\/strong><\/p>\n<\/div>\n<\/div>\n","protected":false},"excerpt":{"rendered":"<p>N\u00c4DAL \u00a021 MURASTES* 22. mai\u2013 28. mai 2017 Murastes algas rannav\u00f5rkpallihooaeg! *AT- koolimaja aatrium, SP- spordihoone; KO-kogukonnakeskuse ruum; \u00a0 KL- klassiruum; PL-Pangapealse lasteaed, PLF- Pangapealse lasteaia filiaali ruum Muraste koolimajas Esmasp\u00e4ev, 22. mai UUS! T\u00e4na algas Kolmiku t\u00e4nava kergliiklustee ehitus!\u00a0Oleme siis m\u00f5istvad ja hoolivad ning ootame t\u00e4nutundega juuli keskpaigaks valmivat ning koduteed turvalisemaks muutvat kergliiklusteed<a class=\"moretag\" href=\"https:\/\/muraste.ee\/vana\/?page_id=3987\"><br \/>&#8230;Loe edasi<\/a><\/p>\n","protected":false},"author":2,"featured_media":0,"parent":0,"menu_order":0,"comment_status":"closed","ping_status":"closed","template":"uudised.php","meta":{"_bbp_topic_count":0,"_bbp_reply_count":0,"_bbp_total_topic_count":0,"_bbp_total_reply_count":0,"_bbp_voice_count":0,"_bbp_anonymous_reply_count":0,"_bbp_topic_count_hidden":0,"_bbp_reply_count_hidden":0,"_bbp_forum_subforum_count":0,"_mc_calendar":[]},"_links":{"self":[{"href":"https:\/\/muraste.ee\/vana\/index.php?rest_route=\/wp\/v2\/pages\/3987"}],"collection":[{"href":"https:\/\/muraste.ee\/vana\/index.php?rest_route=\/wp\/v2\/pages"}],"about":[{"href":"https:\/\/muraste.ee\/vana\/index.php?rest_route=\/wp\/v2\/types\/page"}],"author":[{"embeddable":true,"href":"https:\/\/muraste.ee\/vana\/index.php?rest_route=\/wp\/v2\/users\/2"}],"replies":[{"embeddable":true,"href":"https:\/\/muraste.ee\/vana\/index.php?rest_route=%2Fwp%2Fv2%2Fcomments&post=3987"}],"version-history":[{"count":1,"href":"https:\/\/muraste.ee\/vana\/index.php?rest_route=\/wp\/v2\/pages\/3987\/revisions"}],"predecessor-version":[{"id":3989,"href":"https:\/\/muraste.ee\/vana\/index.php?rest_route=\/wp\/v2\/pages\/3987\/revisions\/3989"}],"wp:attachment":[{"href":"https:\/\/muraste.ee\/vana\/index.php?rest_route=%2Fwp%2Fv2%2Fmedia&parent=3987"}],"curies":[{"name":"wp","href":"https:\/\/api.w.org\/{rel}","templated":true}]}}