{"id":4007,"date":"2017-06-05T08:59:42","date_gmt":"2017-06-05T05:59:42","guid":{"rendered":"https:\/\/muraste.ee\/vana\/?page_id=4007"},"modified":"2017-06-05T08:59:42","modified_gmt":"2017-06-05T05:59:42","slug":"nadal-22-2","status":"publish","type":"page","link":"https:\/\/muraste.ee\/vana\/?page_id=4007","title":{"rendered":"N\u00e4dal 22"},"content":{"rendered":"<header class=\"entry-header\">\n<h1 class=\"entry-title\" style=\"text-align: center;\"><span style=\"color: #993366;\"><strong>N\u00c4DAL \u00a022 MURASTES*<br \/>\n<\/strong><strong>29. mai\u2013 4. juuni\u00a02017<\/strong><\/span><\/h1>\n<p class=\"entry-title\" style=\"text-align: center;\"><a href=\"https:\/\/muraste.ee\/vana\/wp-content\/uploads\/2016\/03\/jumalak\u00e4pp.jpg\" rel=\"attachment wp-att-3992\"><img decoding=\"async\" loading=\"lazy\" class=\"alignnone size-medium wp-image-3992\" src=\"https:\/\/muraste.ee\/vana\/wp-content\/uploads\/2016\/03\/jumalak\u00e4pp-300x169.jpg\" alt=\"jumalak\u00e4pp\" width=\"300\" height=\"169\" srcset=\"https:\/\/muraste.ee\/vana\/wp-content\/uploads\/2016\/03\/jumalak\u00e4pp-300x169.jpg 300w, https:\/\/muraste.ee\/vana\/wp-content\/uploads\/2016\/03\/jumalak\u00e4pp-768x432.jpg 768w, https:\/\/muraste.ee\/vana\/wp-content\/uploads\/2016\/03\/jumalak\u00e4pp-624x351.jpg 624w, https:\/\/muraste.ee\/vana\/wp-content\/uploads\/2016\/03\/jumalak\u00e4pp-128x72.jpg 128w, https:\/\/muraste.ee\/vana\/wp-content\/uploads\/2016\/03\/jumalak\u00e4pp.jpg 960w\" sizes=\"(max-width: 300px) 100vw, 300px\" \/><\/a><br \/>\nMurastes on loodus kodus.<\/p>\n<\/header>\n<div class=\"entry-content\">\n<h5><strong><em>*AT- koolimaja aatrium, SP- spordihoone; KO-kogukonnakeskuse ruum; \u00a0 KL- klassiruum; PL-Pangapealse lasteaed, PLF- Pangapealse lasteaia filiaali ruum Muraste koolimajas<\/em><\/strong><a href=\"https:\/\/www.youtube.com\/watch?v=A43pMpm68BY\"><strong><em><br \/>\n<\/em><\/strong><\/a><\/h5>\n<p><span style=\"color: #993366;\"><strong>Esmasp\u00e4ev, 29. mai<\/strong><\/span><span style=\"color: #ff0000;\"><span style=\"color: #000000;\"><br \/>\nkl 14-15 AT, Tallinna Tantsuklubi \u201cMy Dance\u201d <strong>showtants<\/strong>. \u00a0Igale liitujale klubi s\u00e4rk tasuta. Rohkem infot www.mydance.ee<br \/>\nkl 15-16.30 SP, Judoklubi \u201cAitado\u201d\u00a0<strong>Judo<\/strong> (7-9 a), Rohkem infot sensei Edward Murel, murel.edward@gmail.com<br \/>\nkl 15.30-18.30 KL, <strong>Eelkool<\/strong> (1.grupp). Juhendab Kristi Bauman. Info www.huviringid.ee<br \/>\nkl 15 KL, <strong><span style=\"color: #ff0000;\">UUS!\u00a0<\/span>V\u00e4ikelaevajuhtide kursuse l\u00f5pueksam!<\/strong><br \/>\nkl 16.30-18.30 SP, <strong>K\u00e4sipall<\/strong> (1-5 kl); Info HC Tallinn, www.hctallinn.ee<br \/>\nkl 17.30 KO, <strong>Kandleansambel<\/strong> <strong>LiULi<br \/>\n<\/strong>kl 18.30,\u00a0<strong><span style=\"color: #ff0000;\">UUS! \u00a0<\/span>Harku valla vaba\u00fchenduste<a href=\"https:\/\/muraste.ee\/vana\/?page_id=113\" target=\"_blank\"> \u00fcmarlaud<\/a><\/strong> V\u00e4\u00e4na seltsimajas.\u00a0<em><br \/>\n<\/em>kl 19 AT, Suurupi Naiskoor <strong>Meretule<br \/>\n<\/strong><br \/>\n<strong><span style=\"color: #99cc00;\"><span style=\"color: #993366;\">Teisip\u00e4ev, 30. mai<\/span><br \/>\n<\/span><\/strong><\/span><\/span><strong><span style=\"color: #99cc00;\"><a href=\"https:\/\/muraste.ee\/vana\/wp-content\/uploads\/2016\/03\/irena-1.jpg\" rel=\"attachment wp-att-3973\"><img decoding=\"async\" loading=\"lazy\" class=\"alignnone size-medium wp-image-3973 alignright\" src=\"https:\/\/muraste.ee\/vana\/wp-content\/uploads\/2016\/03\/irena-1-300x169.jpg\" alt=\"irena\" width=\"300\" height=\"169\" srcset=\"https:\/\/muraste.ee\/vana\/wp-content\/uploads\/2016\/03\/irena-1-300x169.jpg 300w, https:\/\/muraste.ee\/vana\/wp-content\/uploads\/2016\/03\/irena-1-768x432.jpg 768w, https:\/\/muraste.ee\/vana\/wp-content\/uploads\/2016\/03\/irena-1-624x351.jpg 624w, https:\/\/muraste.ee\/vana\/wp-content\/uploads\/2016\/03\/irena-1-128x72.jpg 128w, https:\/\/muraste.ee\/vana\/wp-content\/uploads\/2016\/03\/irena-1.jpg 960w\" sizes=\"(max-width: 300px) 100vw, 300px\" \/><\/a><\/span><\/strong>kl 14.40 <strong>Fa Stuudio muusikaring<\/strong>. \u00a0Rohkem infot fastuudio@gmail.com v\u00f5i tel 5160031.<br \/>\nkl 15-16.30 <strong>Korvpall<\/strong> (1-5 klass); juhendab Chris Moore (Tabasalu Palliklubi). Info tabasalupk@rim.ee<br \/>\nkl 15 AT, <strong>V\u00f5istlustantsu teeningud algajatele lastele<\/strong> (info www.tantsumeka.ee, Matis Toome, tel 59190800)<br \/>\nkl 16.30-18.30 SP, <strong>K\u00e4sipall<\/strong> (1-5 kl); Info HC Tallinn, www.hctallinn.ee<br \/>\nkl 18 KL\u00a0<strong>Inglise keele kursus <\/strong><em>(algteadmisi omajatel on v\u00f5imalus liituda ka juba t\u00f6\u00f6tava grupiga).<\/em><strong>\u00a0<\/strong>K\u00fcsi lisa juhendajalt tel 56575575.<br \/>\nkl 18 KL,\u00a0<strong>Inglise keele vestlusring<\/strong> James Gill\u00b4i juhendamisel. K\u00f5ik inglise keelt praktiseerida soovijad on oodatud!<br \/>\n<img decoding=\"async\" loading=\"lazy\" class=\"size-full wp-image-3562 alignright\" src=\"https:\/\/muraste.ee\/vana\/wp-content\/uploads\/2016\/03\/tats.jpg\" sizes=\"(max-width: 240px) 100vw, 240px\" srcset=\"https:\/\/muraste.ee\/vana\/wp-content\/uploads\/2016\/03\/tats-150x150.jpg 150w, https:\/\/muraste.ee\/vana\/wp-content\/uploads\/2016\/03\/tats.jpg 240w\" alt=\"tats\" width=\"240\" height=\"240\" \/>kl 18 KO, <span style=\"color: #ff0000;\"><strong>UUS!<\/strong> <\/span><strong>Naiskodukaitse<\/strong> Harku jaoskonna koosolek<br \/>\nkl 19-20.30 SP, <strong>V\u00f5rkpall <\/strong><em>(naised\/mehed)- oodatud on k\u00f5ik v\u00f5rkpallihuvilised!;<br \/>\n<\/em>kl 18.30-19.45 AT<strong>, Seltskonnatantsu harjutustund algajatele.<\/strong> Osalus 5\u20ac \/in<br \/>\nkl 19.45-21.15 AT <strong>Seltskonnatantsude harjutustund<\/strong>\u00a0<strong> edasij\u00f5udnutele<\/strong>\u2013 v\u00f5imalus \u00f5pitut kinnistada ja toredas seltskonnas jalga keerutada. Osalus 6\u20ac\/in<\/p>\n<p><span style=\"color: #993366;\"><strong>Kolmap\u00e4ev, \u00a031. mai<\/strong><\/span><br \/>\nkl 14-15 AT, Tallinna Tantsuklubi \u201cMy Dance\u201d<strong>showtants<\/strong>. 2x n\u00e4dalas\/30\u20ac kuu. Igale liitujale klubi s\u00e4rk tasuta. Rohkem infot www.mydance.ee<br \/>\nkl 15-16.00 SP, <strong>Jalgpall<\/strong>, (1-5 kl). Info: Harju Jalgpallikool<br \/>\nkl 15.30-18.30 KL, <strong>Eelkool<\/strong> (2.grupp). Juhendab Kristi Bauman. Info www.huviringid.ee<br \/>\nkl 16.00-17,30 \u00a0SP, Judoklubi \u201cAitado\u201d\u00a0<strong>Judo<\/strong> (7-9 a), Rohkem infot sensei Edward Murel, murel.edward@gmail.com<br \/>\nkl 17 KL, <strong>Mudelismiring<\/strong> algajatele, juhendaja Andres Madissoo, info 5259021<br \/>\nkl 18 KL, <strong>Mudelismiring<\/strong> edasij\u00f5udnutele,\u00a0juhendaja Andres Madissoo, info 5259021<\/p>\n<p style=\"text-align: left;\"><strong><span style=\"color: #339966;\"><span style=\"color: #993366;\">Neljap\u00e4ev, 1. juuni<\/span><br \/>\n<\/span><\/strong>kl 15-16.00 SP, <strong>Jalgpall<\/strong>, (1-5 kl). Info: Harju Jalgpallikool<br \/>\nkl 16.30-18.30 SP, <strong>K\u00e4sipall<\/strong> (1-5 kl); Info HC Tallinn, www.hctallinn.ee<br \/>\nkl 18.30 \u00a0KO, \u00a0<strong>Inglise keele kursus<\/strong> algajatele ja uuesti alustajatele. T\u00e4psem info marethein@gmail.com, tel 56575575 v\u00f5i kogukonnakeskusest.<br \/>\n<a href=\"https:\/\/www.youtube.com\/watch?v=A43pMpm68BY\"><span style=\"color: #000000;\"><br \/>\n<\/span><\/a><strong><span style=\"color: #993366;\">Reede, 2. juuni<br \/>\n<\/span><\/strong>kl 15-16.30 SP,\u00a0<strong>Korvpall<\/strong> (1-5 klass); juhendab Chris Moore (Tabasalu Palliklubi). Info tabasalupk@rim.ee<\/p>\n<p><span style=\"color: #993366;\"><strong>TULEKUL<a href=\"https:\/\/muraste.ee\/vana\/wp-content\/uploads\/2016\/03\/kylp\u00e4ev.jpg\" rel=\"attachment wp-att-4002\"><img decoding=\"async\" loading=\"lazy\" class=\"alignnone size-medium wp-image-4002 alignright\" src=\"https:\/\/muraste.ee\/vana\/wp-content\/uploads\/2016\/03\/kylp\u00e4ev-217x300.jpg\" alt=\"kylp\u00e4ev\" width=\"217\" height=\"300\" srcset=\"https:\/\/muraste.ee\/vana\/wp-content\/uploads\/2016\/03\/kylp\u00e4ev-217x300.jpg 217w, https:\/\/muraste.ee\/vana\/wp-content\/uploads\/2016\/03\/kylp\u00e4ev-624x863.jpg 624w, https:\/\/muraste.ee\/vana\/wp-content\/uploads\/2016\/03\/kylp\u00e4ev.jpg 694w\" sizes=\"(max-width: 217px) 100vw, 217px\" \/><\/a><\/strong><\/span><\/p>\n<\/div>\n<div class=\"entry-content\">\n<div class=\"_1mf _1mj\" data-offset-key=\"cki46-0-0\">\n<p><span style=\"color: #ff0000;\"><strong>UUS!\u00a0<\/strong><\/span><strong>Teisip\u00e4eval, 6. juunil l<\/strong><strong>\u00e4hme teatrisse!<\/strong>\u00a0Kes soovib Ugalasse uut etendust ja teatrimaja uut ilmet vaatama minna? Broneerisime piletid meie kandi rahvale piletid teisip\u00e4evaks, 6. juuniks kell 19 algavale Ugala teatri uuele etendusele <strong>&#8220;Gogoli disko&#8221;<\/strong>. Pileti hind 16 \u20ac. \u00dchist transporti nimekuks ei ole, m\u00f5istik on moodustada autoseltskonnad. \u00a0<strong>Piletisoovijad, andke endast teada \u00a0ja k\u00fcsige lisa 5253128 v\u00f5i kogukonnakeskus@muraste.ee hiljemalt 30. mai keskp\u00e4evaks!\u00a0<\/strong><\/p>\n<p><strong><span style=\"color: #ff0000;\">UUS!<\/span> <\/strong><span style=\"color: #000000;\">Esmasp\u00e4eval,\u00a019. juunil kell 18.00 lairiba\u00fchenduse projekti DigiMaa infop\u00e4ev\u00a0V\u00e4\u00e4na-J\u00f5esuu koolimajas. Rohkem infot <span style=\"color: #ff0000;\"><strong><a style=\"color: #ff0000;\" href=\"http:\/\/www.harku.ee\/et\/uudised-ja-teated\/-\/asset_publisher\/7WOcbaKfFguz\/content\/lairibauhenduse-infopaev-vaana-joesuu-koolis?redirect=http%3A%2F%2Fwww.harku.ee%2Fet%2Fuudised-ja-teated%3Fp_p_id%3D101_INSTANCE_7WOcbaKfFguz%26p_p_lifecycle%3D0%26p_p_state%3Dnormal%26p_p_mode%3Dview%26p_p_col_id%3Dcolumn-2%26p_p_col_count%3D1\" target=\"_blank\">siin<\/a><\/strong><\/span><\/span><\/p>\n<h2><strong><span style=\"color: #ff0000;\">UUS!<\/span><\/strong><span style=\"color: #000000;\"> Laup\u00e4eval,\u00a0<\/span><span style=\"color: #000000;\">2<\/span>4. juunil <strong>Harku valla k\u00fclade p\u00e4ev<\/strong> V\u00e4\u00e4nas.<br \/>\nK\u00fclad, \u00a0l\u00e4hme k\u00fclla!<\/h2>\n<div class=\"_1mf _1mj\" data-offset-key=\"cki46-0-0\">\n<p style=\"text-align: left;\"><span style=\"color: #ff0000;\"><strong>UUS!<\/strong><\/span> <span style=\"color: #008000;\">Alustame kogukonnakeskuse uue hooaja ettevalmistamist. Mis tegevusi ootate, millest tahate osa saada v\u00f5i millega olete valmis ise panustama? Andke teada &#8211; p\u00fc\u00fcame \u00fchiselt teha uue hooaja veelgi parema!<\/span><\/p>\n<p>T\u00c4HELEPANU &#8211; OLULINE INFO!<img decoding=\"async\" loading=\"lazy\" class=\"size-medium wp-image-3885 alignright\" src=\"https:\/\/muraste.ee\/vana\/wp-content\/uploads\/2016\/03\/HOL-kaart1-300x180.jpg\" alt=\"HOL-kaart1\" width=\"300\" height=\"180\" srcset=\"https:\/\/muraste.ee\/vana\/wp-content\/uploads\/2016\/03\/HOL-kaart1-300x180.jpg 300w, https:\/\/muraste.ee\/vana\/wp-content\/uploads\/2016\/03\/HOL-kaart1.jpg 467w\" sizes=\"(max-width: 300px) 100vw, 300px\" \/><br \/>\nHiljuti kaevati Murastes maasse fiiberoptilise sidekaabli torustik. N\u00fc\u00fcd on asi edasi liikunud ning Harjumaal k\u00e4ivitunud projekt \u00fclikiire optilise interneti\u00fchenduse loomiseks. Et teema puudutab\/k\u00f5netab ka suur osa Muraste elanikest, on v\u00e4ga oluline k\u00f5igil anda tagasisidet, t\u00e4ites \u00e4ra juuresoleval lehel sellekohane sooviavaldus. Sooviavaldust saab t\u00e4ita <strong><a href=\"https:\/\/digimaa.ee\/kysitlus\/\" target=\"_blank\">SIIN<\/a>\u00a0<\/strong>ning lisalugemist<strong> <a href=\"http:\/\/www.harku.ee\/et\/uudised-ja-teated\/-\/asset_publisher\/7WOcbaKfFguz\/content\/lairibauhenduse-infopaev-vaana-joesuu-koolis?redirect=http%3A%2F%2Fwww.harku.ee%2Fet%2Fuudised-ja-teated%3Fp_p_id%3D101_INSTANCE_7WOcbaKfFguz%26p_p_lifecycle%3D0%26p_p_state%3Dnormal%26p_p_mode%3Dview%26p_p_col_id%3Dcolumn-2%26p_p_col_count%3D1\" target=\"_blank\">SIIN<\/a><\/strong><\/p>\n<\/div>\n<div class=\"_1mf _1mj\" data-offset-key=\"cki46-0-0\"><\/div>\n<\/div>\n<\/div>\n<div class=\"entry-content\">\n<div class=\"_1mf _1mj\" data-offset-key=\"cki46-0-0\">\n<div class=\"_1mf _1mj\" data-offset-key=\"cki46-0-0\"><strong><span style=\"color: #339966;\">MUHEDAT N\u00c4DALAT!<br \/>\n<\/span><\/strong><\/div>\n<p><a href=\"https:\/\/muraste.ee\/vana\/wp-content\/uploads\/2016\/03\/juku.png\" rel=\"attachment wp-att-3996\"><img decoding=\"async\" loading=\"lazy\" class=\"size-thumbnail wp-image-3996 alignright\" src=\"https:\/\/muraste.ee\/vana\/wp-content\/uploads\/2016\/03\/juku-150x150.png\" alt=\"juku\" width=\"150\" height=\"150\" \/><\/a>Juku isa tuleb t\u00f6\u00f6lt, viskab riided seljast ja potsatab teleka ette jalgpalli vaatama.<br \/>\n\u201eMa tean, mis seisuga mat\u0161 l\u00f5ppes,\u201c \u00fctleb Juku. \u201eTahad, \u00fctlen?\u201c<br \/>\n\u201eEi taha! Mitte mingil juhul!\u201c<br \/>\n\u201eNo eks vaata siis, kui tahad. Niikuinii ei l\u00f6\u00f6da ainsatki v\u00e4ravat.\u201c<\/p>\n<div class=\"_1mf _1mj\" data-offset-key=\"cki46-0-0\"><\/div>\n<div class=\"_1mf _1mj\" data-offset-key=\"cki46-0-0\"><\/div>\n<div class=\"_1mf _1mj\" data-offset-key=\"cki46-0-0\"><\/div>\n<div class=\"_1mf _1mj\" data-offset-key=\"cki46-0-0\"><\/div>\n<div class=\"_1mf _1mj\" data-offset-key=\"cki46-0-0\"><strong><span style=\"color: #339966;\">TEADETETA<img decoding=\"async\" loading=\"lazy\" class=\"size-medium wp-image-3740 alignright\" src=\"https:\/\/muraste.ee\/vana\/wp-content\/uploads\/2016\/03\/stend-300x224.jpg\" sizes=\"(max-width: 300px) 100vw, 300px\" srcset=\"https:\/\/muraste.ee\/vana\/wp-content\/uploads\/2016\/03\/stend-300x224.jpg 300w, https:\/\/muraste.ee\/vana\/wp-content\/uploads\/2016\/03\/stend-768x572.jpg 768w, https:\/\/muraste.ee\/vana\/wp-content\/uploads\/2016\/03\/stend-1024x763.jpg 1024w, https:\/\/muraste.ee\/vana\/wp-content\/uploads\/2016\/03\/stend-624x465.jpg 624w, https:\/\/muraste.ee\/vana\/wp-content\/uploads\/2016\/03\/stend.jpg 1300w\" alt=\"stend\" width=\"300\" height=\"224\" \/>HVEL<\/span><\/strong><\/div>\n<div class=\"_1mf _1mj\" data-offset-key=\"cki46-0-0\"><\/div>\n<div class=\"_1mf _1mj\" data-offset-key=\"cki46-0-0\">\n<p><strong>Soovid avaldada oma reklaami<\/strong> meie infokanalites? Juhised on <strong>siin<\/strong>!<\/p>\n<\/div>\n<div class=\"_1mf _1mj\" data-offset-key=\"cki46-0-0\"><strong>Soovid kasutada<\/strong> m\u00f5nd Muraste k\u00fclaselsti poolt pakutavat<strong> teenust<\/strong>? V\u00f5imalused on<strong> siin!<\/strong><\/div>\n<div class=\"_1mf _1mj\" data-offset-key=\"cki46-0-0\"><\/div>\n<div class=\"_1mf _1mj\" data-offset-key=\"cki46-0-0\"><\/div>\n<p><strong>Teadmiseks: <\/strong>Muraste igan\u00e4dalase e-infokirjaga liitumiseks saada sellekohane teade muraste@muraste.ee<br \/>\n<strong>Muraste kogukonnakeskus\u00a0<\/strong>(Lee tee 9, Muraste) avatud E-N 10-18, R 10-16.<br \/>\n<strong>T\u00e4psustused ja info:<\/strong> kogukonnakeskus@muraste.ee;\u00a05253128 (Aule Kikas).<\/p>\n<p><strong>\u00a0<\/strong><\/p>\n<\/div>\n<\/div>\n","protected":false},"excerpt":{"rendered":"<p>N\u00c4DAL \u00a022 MURASTES* 29. mai\u2013 4. juuni\u00a02017 Murastes on loodus kodus. *AT- koolimaja aatrium, SP- spordihoone; KO-kogukonnakeskuse ruum; \u00a0 KL- klassiruum; PL-Pangapealse lasteaed, PLF- Pangapealse lasteaia filiaali ruum Muraste koolimajas Esmasp\u00e4ev, 29. mai kl 14-15 AT, Tallinna Tantsuklubi \u201cMy Dance\u201d showtants. \u00a0Igale liitujale klubi s\u00e4rk tasuta. Rohkem infot www.mydance.ee kl 15-16.30 SP, Judoklubi \u201cAitado\u201d\u00a0Judo (7-9<a class=\"moretag\" href=\"https:\/\/muraste.ee\/vana\/?page_id=4007\"><br \/>&#8230;Loe edasi<\/a><\/p>\n","protected":false},"author":2,"featured_media":0,"parent":0,"menu_order":0,"comment_status":"closed","ping_status":"closed","template":"","meta":{"_bbp_topic_count":0,"_bbp_reply_count":0,"_bbp_total_topic_count":0,"_bbp_total_reply_count":0,"_bbp_voice_count":0,"_bbp_anonymous_reply_count":0,"_bbp_topic_count_hidden":0,"_bbp_reply_count_hidden":0,"_bbp_forum_subforum_count":0,"_mc_calendar":[]},"_links":{"self":[{"href":"https:\/\/muraste.ee\/vana\/index.php?rest_route=\/wp\/v2\/pages\/4007"}],"collection":[{"href":"https:\/\/muraste.ee\/vana\/index.php?rest_route=\/wp\/v2\/pages"}],"about":[{"href":"https:\/\/muraste.ee\/vana\/index.php?rest_route=\/wp\/v2\/types\/page"}],"author":[{"embeddable":true,"href":"https:\/\/muraste.ee\/vana\/index.php?rest_route=\/wp\/v2\/users\/2"}],"replies":[{"embeddable":true,"href":"https:\/\/muraste.ee\/vana\/index.php?rest_route=%2Fwp%2Fv2%2Fcomments&post=4007"}],"version-history":[{"count":1,"href":"https:\/\/muraste.ee\/vana\/index.php?rest_route=\/wp\/v2\/pages\/4007\/revisions"}],"predecessor-version":[{"id":4009,"href":"https:\/\/muraste.ee\/vana\/index.php?rest_route=\/wp\/v2\/pages\/4007\/revisions\/4009"}],"wp:attachment":[{"href":"https:\/\/muraste.ee\/vana\/index.php?rest_route=%2Fwp%2Fv2%2Fmedia&parent=4007"}],"curies":[{"name":"wp","href":"https:\/\/api.w.org\/{rel}","templated":true}]}}