{"id":4021,"date":"2017-06-11T21:41:35","date_gmt":"2017-06-11T18:41:35","guid":{"rendered":"https:\/\/muraste.ee\/vana\/?page_id=4021"},"modified":"2017-06-11T21:41:36","modified_gmt":"2017-06-11T18:41:36","slug":"nadal-23-2","status":"publish","type":"page","link":"https:\/\/muraste.ee\/vana\/?page_id=4021","title":{"rendered":"N\u00e4dal 23"},"content":{"rendered":"<header class=\"entry-header\">\n<h1 class=\"entry-title\" style=\"text-align: center;\"><span style=\"color: #ff99cc;\"><strong>N\u00c4DAL \u00a023 MURASTES*<br \/>\n<\/strong><strong>5. juuni \u2013 11. juuni\u00a02017<\/strong><\/span><\/h1>\n<p class=\"entry-title\" style=\"text-align: center;\">\u00a0<a href=\"https:\/\/muraste.ee\/vana\/wp-content\/uploads\/2016\/03\/kuusk.jpg\" rel=\"attachment wp-att-4011\"><img decoding=\"async\" loading=\"lazy\" class=\"alignnone size-medium wp-image-4011\" src=\"https:\/\/muraste.ee\/vana\/wp-content\/uploads\/2016\/03\/kuusk-300x169.jpg\" alt=\"kuusk\" width=\"300\" height=\"169\" srcset=\"https:\/\/muraste.ee\/vana\/wp-content\/uploads\/2016\/03\/kuusk-300x169.jpg 300w, https:\/\/muraste.ee\/vana\/wp-content\/uploads\/2016\/03\/kuusk-768x432.jpg 768w, https:\/\/muraste.ee\/vana\/wp-content\/uploads\/2016\/03\/kuusk-1024x576.jpg 1024w, https:\/\/muraste.ee\/vana\/wp-content\/uploads\/2016\/03\/kuusk-624x351.jpg 624w, https:\/\/muraste.ee\/vana\/wp-content\/uploads\/2016\/03\/kuusk-128x72.jpg 128w, https:\/\/muraste.ee\/vana\/wp-content\/uploads\/2016\/03\/kuusk.jpg 1280w\" sizes=\"(max-width: 300px) 100vw, 300px\" \/><\/a><br \/>\nMurastes on loodus kodus.<\/p>\n<\/header>\n<div class=\"entry-content\">\n<h5><strong><em>*AT- koolimaja aatrium, SP- spordihoone; KO-kogukonnakeskuse ruum; \u00a0 KL- klassiruum; PL-Pangapealse lasteaed, PLF- Pangapealse lasteaia filiaali ruum Muraste koolimajas<\/em><\/strong><a href=\"https:\/\/www.youtube.com\/watch?v=A43pMpm68BY\"><strong><em><br \/>\n<\/em><\/strong><\/a><\/h5>\n<p><span style=\"color: #ff99cc;\"><strong>Esmasp\u00e4ev, 5.\u00a0juuni<\/strong><\/span><br \/>\nkl 17.30 KO, <strong>Kandleansambel<\/strong> <strong>LiULi<br \/>\n<\/strong><br \/>\n<strong><span style=\"color: #ff99cc;\">Teisip\u00e4ev, 6. juuni<\/span><\/strong><br \/>\nkl 18 KL\u00a0<strong>Inglise keele kursus <\/strong><em>(algteadmisi omajatel on v\u00f5imalus liituda ka juba t\u00f6\u00f6tava grupiga).<\/em><strong>\u00a0<\/strong>K\u00fcsi lisa juhendajalt tel 56575575.<br \/>\nkl 18 KO,\u00a0<strong>Inglise keele vestlusring<\/strong> James Gill\u00b4i juhendamisel. K\u00f5ik inglise keelt praktiseerida soovijad on oodatud!<br \/>\n<img decoding=\"async\" loading=\"lazy\" class=\"size-full wp-image-3562 alignright\" src=\"https:\/\/muraste.ee\/vana\/wp-content\/uploads\/2016\/03\/tats.jpg\" sizes=\"(max-width: 240px) 100vw, 240px\" srcset=\"https:\/\/muraste.ee\/vana\/wp-content\/uploads\/2016\/03\/tats-150x150.jpg 150w, https:\/\/muraste.ee\/vana\/wp-content\/uploads\/2016\/03\/tats.jpg 240w\" alt=\"tats\" width=\"240\" height=\"240\" \/>kl 19-20.30 SP, <strong>V\u00f5rkpall <\/strong><em>(naised\/mehed)- oodatud on k\u00f5ik v\u00f5rkpallihuvilised!;<br \/>\n<\/em>kl 18.30-19.45 AT<strong>, Seltskonnatantsu harjutustund algajatele.<\/strong> Osalus 5\u20ac \/in<br \/>\nkl 19.45-21.15 AT <strong>Seltskonnatantsude harjutustund<\/strong>\u00a0<strong> edasij\u00f5udnutele<\/strong>\u2013 v\u00f5imalus \u00f5pitut kinnistada ja toredas seltskonnas jalga keerutada. Osalus 6\u20ac\/in<br \/>\nkl 19 <strong><span style=\"color: #ff0000;\">UUS!<\/span> OMADEGA TEATRISSE!<\/strong> <strong>\u00a0<\/strong>S\u00f5idame omakandi rahvaga teatrisse Ugala vaatama uut etendust\u00a0<strong>&#8220;Gogoli disko&#8221;<\/strong>. \u00a0(piletid v\u00e4lja m\u00fc\u00fcdud)<\/p>\n<p><span style=\"color: #ff99cc;\"><strong>Kolmap\u00e4ev, \u00a07. juuni<\/strong><\/span><br \/>\nkl 18 KL, <span style=\"color: #ff0000;\"><strong>UUS!<\/strong> <\/span><strong>Naiskodukaitse<\/strong> Harku jaoskonna koosolek<br \/>\nkl 18 KO, <span style=\"color: #ff0000;\"><strong>UUS!<\/strong> <\/span><strong>Kodut\u00fctarde<\/strong> koondus<\/p>\n<p style=\"text-align: left;\"><strong><span style=\"color: #ff99cc;\">Neljap\u00e4ev, 8. juuni<\/span><span style=\"color: #339966;\"><br \/>\n<\/span><\/strong>kl 18.30 \u00a0KO, \u00a0<strong>Inglise keele kursus<\/strong> algajatele ja uuesti alustajatele. T\u00e4psem info marethein@gmail.com, tel 56575575 v\u00f5i kogukonnakeskusest.<br \/>\n<a href=\"https:\/\/www.youtube.com\/watch?v=A43pMpm68BY\"><span style=\"color: #000000;\"><br \/>\n<\/span><\/a><strong><span style=\"color: #993366;\"><span style=\"color: #ff99cc;\">Reede, 9. juuni<br \/>\n<\/span><\/span><\/strong><span style=\"color: #993366;\">kl 18 KO, Kogukonnakeskus broneeritud. <em>Kassid l\u00e4inud, hiirtel pidu!<\/em><\/span><\/p>\n<h1 style=\"text-align: left;\"><strong><span style=\"color: #ff00ff;\">T<\/span><span style=\"color: #ff9900;\">o<\/span><span style=\"color: #00ccff;\">r<\/span><span style=\"color: #99cc00;\">e<\/span><span style=\"color: #00ccff;\">d<\/span><span style=\"color: #ff9900;\">a<span style=\"color: #00ff00;\">t<\/span><\/span>\u00a0k<span style=\"color: #ff00ff;\">oo<\/span><span style=\"color: #00ccff;\">l<\/span><span style=\"color: #00ff00;\">i<\/span><span style=\"color: #99cc00;\">v<\/span>a<span style=\"color: #ff9900;\">h<\/span>e<span style=\"color: #99cc00;\">a<\/span><span style=\"color: #ff9900;\">e<\/span>ga, <span style=\"color: #00ff00;\">v<\/span>a<span style=\"color: #00ff00;\">h<\/span><span style=\"color: #ff00ff;\">v<\/span><span style=\"color: #99cc00;\">a<\/span><span style=\"color: #00ccff;\">d<\/span> <span style=\"color: #99cc00;\">l<\/span>a<span style=\"color: #ff9900;\">p<\/span><span style=\"color: #00ccff;\">s<\/span>e<span style=\"color: #ff00ff;\">d<\/span><span style=\"color: #00ff00;\">!<\/span><br \/>\n<a href=\"https:\/\/muraste.ee\/vana\/wp-content\/uploads\/2016\/03\/vaheaeg.png\" rel=\"attachment wp-att-4014\"><img decoding=\"async\" loading=\"lazy\" class=\"alignnone size-full wp-image-4014\" src=\"https:\/\/muraste.ee\/vana\/wp-content\/uploads\/2016\/03\/vaheaeg.png\" alt=\"vaheaeg\" width=\"980\" height=\"231\" srcset=\"https:\/\/muraste.ee\/vana\/wp-content\/uploads\/2016\/03\/vaheaeg.png 980w, https:\/\/muraste.ee\/vana\/wp-content\/uploads\/2016\/03\/vaheaeg-300x71.png 300w, https:\/\/muraste.ee\/vana\/wp-content\/uploads\/2016\/03\/vaheaeg-768x181.png 768w, https:\/\/muraste.ee\/vana\/wp-content\/uploads\/2016\/03\/vaheaeg-624x147.png 624w\" sizes=\"(max-width: 980px) 100vw, 980px\" \/><\/a><\/strong><\/h1>\n<p style=\"text-align: left;\"><strong><span style=\"color: #993366;\"><span style=\"color: #ff99cc;\">Laup\u00e4ev, 10. juuni<\/span><br \/>\n<\/span><\/strong>Kl 14 <span style=\"color: #ff0000;\"><strong>UUS!<\/strong><\/span> <strong>L\u00c4HME K\u00dcLLA!<\/strong> Keila-Joa Lossi \u00f5uel <strong><em><a href=\"https:\/\/www.facebook.com\/events\/1978277425734306\/?active_tab=about\" target=\"_blank\">rippsildade kontsert\u00a0LA BELLA MUSICA<\/a>,<\/em><\/strong>\u00a0 mis \u00a0on p\u00fchendatud Eesti lipu p\u00e4evale ja Itaaliale.<\/p>\n<p style=\"text-align: left;\"><span style=\"color: #993366;\"><strong><span style=\"color: #ff99cc;\"><br \/>\nTULEKUL<\/span><a href=\"https:\/\/muraste.ee\/vana\/wp-content\/uploads\/2016\/03\/kylp\u00e4ev.jpg\" rel=\"attachment wp-att-4002\"><img decoding=\"async\" loading=\"lazy\" class=\"alignnone size-medium wp-image-4002 alignright\" src=\"https:\/\/muraste.ee\/vana\/wp-content\/uploads\/2016\/03\/kylp\u00e4ev-217x300.jpg\" alt=\"kylp\u00e4ev\" width=\"217\" height=\"300\" srcset=\"https:\/\/muraste.ee\/vana\/wp-content\/uploads\/2016\/03\/kylp\u00e4ev-217x300.jpg 217w, https:\/\/muraste.ee\/vana\/wp-content\/uploads\/2016\/03\/kylp\u00e4ev-624x863.jpg 624w, https:\/\/muraste.ee\/vana\/wp-content\/uploads\/2016\/03\/kylp\u00e4ev.jpg 694w\" sizes=\"(max-width: 217px) 100vw, 217px\" \/><\/a><\/strong><\/span><\/p>\n<\/div>\n<div class=\"entry-content\">\n<div class=\"_1mf _1mj\" data-offset-key=\"cki46-0-0\">\n<p><strong><span style=\"color: #ff0000;\">UUS!<\/span> <\/strong><span style=\"color: #000000;\">Esmasp\u00e4eval,\u00a019. juunil kell 18.00 lairiba\u00fchenduse projekti DigiMaa infop\u00e4ev\u00a0V\u00e4\u00e4na-J\u00f5esuu koolimajas. Rohkem infot <span style=\"color: #ff0000;\"><strong><a style=\"color: #ff0000;\" href=\"http:\/\/www.harku.ee\/et\/uudised-ja-teated\/-\/asset_publisher\/7WOcbaKfFguz\/content\/lairibauhenduse-infopaev-vaana-joesuu-koolis?redirect=http%3A%2F%2Fwww.harku.ee%2Fet%2Fuudised-ja-teated%3Fp_p_id%3D101_INSTANCE_7WOcbaKfFguz%26p_p_lifecycle%3D0%26p_p_state%3Dnormal%26p_p_mode%3Dview%26p_p_col_id%3Dcolumn-2%26p_p_col_count%3D1\" target=\"_blank\">siin<\/a>.\u00a0<\/strong><\/span><\/span>Sooviavaldust saab t\u00e4ita <strong><a href=\"https:\/\/digimaa.ee\/kysitlus\/\" target=\"_blank\">SIIN<\/a>\u00a0<\/strong>ning lisalugemist<strong> <a href=\"http:\/\/www.harku.ee\/et\/uudised-ja-teated\/-\/asset_publisher\/7WOcbaKfFguz\/content\/lairibauhenduse-infopaev-vaana-joesuu-koolis?redirect=http%3A%2F%2Fwww.harku.ee%2Fet%2Fuudised-ja-teated%3Fp_p_id%3D101_INSTANCE_7WOcbaKfFguz%26p_p_lifecycle%3D0%26p_p_state%3Dnormal%26p_p_mode%3Dview%26p_p_col_id%3Dcolumn-2%26p_p_col_count%3D1\" target=\"_blank\">SIIN<\/a><\/strong><\/p>\n<div class=\"_1mf _1mj\" data-offset-key=\"cki46-0-0\"><\/div>\n<p><strong><span style=\"color: #ff0000;\">UUS!<\/span><\/strong><span style=\"color: #000000;\"> Laup\u00e4eval,\u00a0<\/span><span style=\"color: #000000;\">2<\/span>4. juunil <strong>Harku valla k\u00fclade p\u00e4ev<\/strong> V\u00e4\u00e4nas.\u00a0K\u00fclad, \u00a0l\u00e4hme k\u00fclla!<br \/>\n<strong>NB!<\/strong> Muraste k\u00fcla rahvas &#8211; <strong>kes on valmis oma k\u00fcla eest v\u00e4ljas olema<\/strong>? Andke endast teada kogukonnakeskusesse &#8211; jagame pisitillukesi \u00fclesandeid ning teeme \u00fchiseid lahedaid ettevalmistusi!<\/p>\n<p><span style=\"color: #ff0000;\"><strong>UUS!<\/strong> <\/span><strong>Alustame kogukonnakeskuse uue hooaja ettevalmistamist.<\/strong> Mis tegevusi ootate, millest tahate osa saada v\u00f5i millega olete valmis ise panustama? Andke teada \u2013 p\u00fc\u00fcame \u00fchiselt teha uue hooaja veelgi parema!<\/p>\n<\/div>\n<\/div>\n<div class=\"_1mf _1mj\" data-offset-key=\"cki46-0-0\"><\/div>\n<div class=\"entry-content\">\n<div class=\"_1mf _1mj\" data-offset-key=\"cki46-0-0\">\n<div class=\"_1mf _1mj\" data-offset-key=\"cki46-0-0\"><\/div>\n<div class=\"_1mf _1mj\" data-offset-key=\"cki46-0-0\"><span style=\"color: #ff00ff;\"><strong>MUHEDAT N\u00c4DALAT!<br \/>\n<\/strong><\/span><\/div>\n<p><a href=\"https:\/\/muraste.ee\/vana\/wp-content\/uploads\/2016\/03\/juku.png\" rel=\"attachment wp-att-3996\"><img decoding=\"async\" loading=\"lazy\" class=\"size-thumbnail wp-image-3996 alignright\" src=\"https:\/\/muraste.ee\/vana\/wp-content\/uploads\/2016\/03\/juku-150x150.png\" alt=\"juku\" width=\"150\" height=\"150\" \/><\/a>&#8220;Juku,kas sulle meeldib koolivaheajal kodus olla?&#8221;<br \/>\n&#8220;\u00dcldse ei meeldi, \u00f5petaja! Kui ma midagi teen, saan ema k\u00e4est riielda. Ja kui ma midagi ei tee, siis arvab ta, et ma olen haigeks j\u00e4\u00e4nud ja paneb mulle kraadiklaasi kaenla alla!&#8221;<\/p>\n<div class=\"_1mf _1mj\" data-offset-key=\"cki46-0-0\"><\/div>\n<div class=\"_1mf _1mj\" data-offset-key=\"cki46-0-0\"><\/div>\n<div class=\"_1mf _1mj\" data-offset-key=\"cki46-0-0\"><\/div>\n<div class=\"_1mf _1mj\" data-offset-key=\"cki46-0-0\"><\/div>\n<div class=\"_1mf _1mj\" data-offset-key=\"cki46-0-0\"><strong><span style=\"color: #339966;\">TEADETETA<img decoding=\"async\" loading=\"lazy\" class=\"size-medium wp-image-3740 alignright\" src=\"https:\/\/muraste.ee\/vana\/wp-content\/uploads\/2016\/03\/stend-300x224.jpg\" sizes=\"(max-width: 300px) 100vw, 300px\" srcset=\"https:\/\/muraste.ee\/vana\/wp-content\/uploads\/2016\/03\/stend-300x224.jpg 300w, https:\/\/muraste.ee\/vana\/wp-content\/uploads\/2016\/03\/stend-768x572.jpg 768w, https:\/\/muraste.ee\/vana\/wp-content\/uploads\/2016\/03\/stend-1024x763.jpg 1024w, https:\/\/muraste.ee\/vana\/wp-content\/uploads\/2016\/03\/stend-624x465.jpg 624w, https:\/\/muraste.ee\/vana\/wp-content\/uploads\/2016\/03\/stend.jpg 1300w\" alt=\"stend\" width=\"300\" height=\"224\" \/>HVEL<\/span><\/strong><\/div>\n<div class=\"_1mf _1mj\" data-offset-key=\"cki46-0-0\"><\/div>\n<div class=\"_1mf _1mj\" data-offset-key=\"cki46-0-0\">\n<p><strong>Soovid avaldada oma reklaami<\/strong> meie infokanalites? Juhised on <strong>siin<\/strong>!<\/p>\n<\/div>\n<div class=\"_1mf _1mj\" data-offset-key=\"cki46-0-0\"><strong>Soovid kasutada<\/strong> m\u00f5nd Muraste k\u00fclaselsti poolt pakutavat<strong> teenust<\/strong>? V\u00f5imalused on<strong> siin!<\/strong><\/div>\n<div class=\"_1mf _1mj\" data-offset-key=\"cki46-0-0\"><\/div>\n<div class=\"_1mf _1mj\" data-offset-key=\"cki46-0-0\"><\/div>\n<p><strong>Teadmiseks: <\/strong>Muraste igan\u00e4dalase e-infokirjaga liitumiseks saada sellekohane teade muraste@muraste.ee<br \/>\n<strong>Muraste kogukonnakeskus\u00a0<\/strong>(Lee tee 9, Muraste) avatud E-N 10-18, R 10-16. Suveperioodil tasub enne kohaletulemist igaks juhuks helistada 5253128 (Aule Kikas)!<br \/>\n<strong>T\u00e4psustused ja info:<\/strong> kogukonnakeskus@muraste.ee;\u00a05253128 (Aule Kikas).<\/p>\n<\/div>\n<\/div>\n","protected":false},"excerpt":{"rendered":"<p>N\u00c4DAL \u00a023 MURASTES* 5. juuni \u2013 11. juuni\u00a02017 \u00a0 Murastes on loodus kodus. *AT- koolimaja aatrium, SP- spordihoone; KO-kogukonnakeskuse ruum; \u00a0 KL- klassiruum; PL-Pangapealse lasteaed, PLF- Pangapealse lasteaia filiaali ruum Muraste koolimajas Esmasp\u00e4ev, 5.\u00a0juuni kl 17.30 KO, Kandleansambel LiULi Teisip\u00e4ev, 6. juuni kl 18 KL\u00a0Inglise keele kursus (algteadmisi omajatel on v\u00f5imalus liituda ka juba t\u00f6\u00f6tava<a class=\"moretag\" href=\"https:\/\/muraste.ee\/vana\/?page_id=4021\"><br \/>&#8230;Loe edasi<\/a><\/p>\n","protected":false},"author":2,"featured_media":0,"parent":0,"menu_order":0,"comment_status":"closed","ping_status":"closed","template":"","meta":{"_bbp_topic_count":0,"_bbp_reply_count":0,"_bbp_total_topic_count":0,"_bbp_total_reply_count":0,"_bbp_voice_count":0,"_bbp_anonymous_reply_count":0,"_bbp_topic_count_hidden":0,"_bbp_reply_count_hidden":0,"_bbp_forum_subforum_count":0,"_mc_calendar":[]},"_links":{"self":[{"href":"https:\/\/muraste.ee\/vana\/index.php?rest_route=\/wp\/v2\/pages\/4021"}],"collection":[{"href":"https:\/\/muraste.ee\/vana\/index.php?rest_route=\/wp\/v2\/pages"}],"about":[{"href":"https:\/\/muraste.ee\/vana\/index.php?rest_route=\/wp\/v2\/types\/page"}],"author":[{"embeddable":true,"href":"https:\/\/muraste.ee\/vana\/index.php?rest_route=\/wp\/v2\/users\/2"}],"replies":[{"embeddable":true,"href":"https:\/\/muraste.ee\/vana\/index.php?rest_route=%2Fwp%2Fv2%2Fcomments&post=4021"}],"version-history":[{"count":1,"href":"https:\/\/muraste.ee\/vana\/index.php?rest_route=\/wp\/v2\/pages\/4021\/revisions"}],"predecessor-version":[{"id":4023,"href":"https:\/\/muraste.ee\/vana\/index.php?rest_route=\/wp\/v2\/pages\/4021\/revisions\/4023"}],"wp:attachment":[{"href":"https:\/\/muraste.ee\/vana\/index.php?rest_route=%2Fwp%2Fv2%2Fmedia&parent=4021"}],"curies":[{"name":"wp","href":"https:\/\/api.w.org\/{rel}","templated":true}]}}