{"id":4040,"date":"2017-06-19T08:24:58","date_gmt":"2017-06-19T05:24:58","guid":{"rendered":"https:\/\/muraste.ee\/vana\/?page_id=4040"},"modified":"2017-06-19T08:24:58","modified_gmt":"2017-06-19T05:24:58","slug":"nadal-24-2","status":"publish","type":"page","link":"https:\/\/muraste.ee\/vana\/?page_id=4040","title":{"rendered":"N\u00e4dal 24"},"content":{"rendered":"<header class=\"entry-header\">\n<h1 class=\"entry-title\" style=\"text-align: center;\"><span style=\"color: #333399;\"><strong>N\u00c4DAL \u00a024 MURASTES*<br \/>\n<\/strong><strong>12. juuni \u2013 18. juuni\u00a02017<\/strong><\/span><\/h1>\n<p class=\"entry-title\" style=\"text-align: center;\"><a href=\"https:\/\/muraste.ee\/vana\/wp-content\/uploads\/2016\/03\/meelespea.jpg\" rel=\"attachment wp-att-4025\"><img decoding=\"async\" loading=\"lazy\" class=\"alignnone size-medium wp-image-4025\" src=\"https:\/\/muraste.ee\/vana\/wp-content\/uploads\/2016\/03\/meelespea-300x169.jpg\" alt=\"meelespea\" width=\"300\" height=\"169\" srcset=\"https:\/\/muraste.ee\/vana\/wp-content\/uploads\/2016\/03\/meelespea-300x169.jpg 300w, https:\/\/muraste.ee\/vana\/wp-content\/uploads\/2016\/03\/meelespea-768x432.jpg 768w, https:\/\/muraste.ee\/vana\/wp-content\/uploads\/2016\/03\/meelespea-1024x576.jpg 1024w, https:\/\/muraste.ee\/vana\/wp-content\/uploads\/2016\/03\/meelespea-624x351.jpg 624w, https:\/\/muraste.ee\/vana\/wp-content\/uploads\/2016\/03\/meelespea-128x72.jpg 128w, https:\/\/muraste.ee\/vana\/wp-content\/uploads\/2016\/03\/meelespea.jpg 1280w\" sizes=\"(max-width: 300px) 100vw, 300px\" \/><\/a><br \/>\nMurastes on loodus kodus.<\/p>\n<\/header>\n<div class=\"entry-content\">\n<h5><strong><em>*AT- koolimaja aatrium, SP- spordihoone; KO-kogukonnakeskuse ruum; \u00a0 KL- klassiruum; PL-Pangapealse lasteaed, PLF- Pangapealse lasteaia filiaali ruum Muraste koolimajas<\/em><\/strong><a href=\"https:\/\/www.youtube.com\/watch?v=A43pMpm68BY\"><strong><em><br \/>\n<\/em><\/strong><\/a><\/h5>\n<p><span style=\"color: #333399;\"><strong>Esmasp\u00e4ev, 12.\u00a0juuni<\/strong><\/span><br \/>\nkl 18.00 AT, <b>Rahvatantsur\u00fchma proov<br \/>\n<\/b>kl 18.00 KO,<strong> K\u00fclaseltsi juhatuse koosolek<br \/>\n<\/strong><br \/>\n<span style=\"color: #333399;\"><strong>Teisip\u00e4ev, 13. juuni<\/strong><\/span><br \/>\nkl 18 KL\u00a0<strong>Inglise keele kursus <\/strong><em>(algteadmisi omajatel on v\u00f5imalus liituda ka juba t\u00f6\u00f6tava grupiga).<\/em><strong>\u00a0<\/strong>K\u00fcsi lisa juhendajalt tel 56575575.<br \/>\n<img decoding=\"async\" loading=\"lazy\" class=\"size-full wp-image-3562 alignright\" src=\"https:\/\/muraste.ee\/vana\/wp-content\/uploads\/2016\/03\/tats.jpg\" sizes=\"(max-width: 240px) 100vw, 240px\" srcset=\"https:\/\/muraste.ee\/vana\/wp-content\/uploads\/2016\/03\/tats-150x150.jpg 150w, https:\/\/muraste.ee\/vana\/wp-content\/uploads\/2016\/03\/tats.jpg 240w\" alt=\"tats\" width=\"240\" height=\"240\" \/>kl 19-20.30 SP, <strong>V\u00f5rkpall <\/strong><em>(naised\/mehed)- oodatud on k\u00f5ik v\u00f5rkpallihuvilised!;<br \/>\n<\/em>kl 18 KO, kogukonnakeskus broneeritud<em><br \/>\n<\/em>kl 18.30-19.45 AT<strong>, Seltskonnatantsu harjutustund algajatele.<\/strong> Osalus 5\u20ac \/in<br \/>\nkl 19.45-21.15 AT <strong>Seltskonnatantsude harjutustund<\/strong>\u00a0<strong> edasij\u00f5udnutele<\/strong>\u2013 v\u00f5imalus \u00f5pitut kinnistada ja toredas seltskonnas jalga keerutada. Osalus 6\u20ac\/in<\/p>\n<p><span style=\"color: #333399;\"><strong>Kolmap\u00e4ev, 14.\u00a0juuni<\/strong><\/span><br \/>\nkl 18.00 AT, <b>Rahvatantsur\u00fchma proov<\/b><\/p>\n<p><strong><span style=\"color: #333399;\">Neljap\u00e4ev,\u00a015. juuni<\/span><span style=\"color: #339966;\"><br \/>\n<\/span><\/strong>kl 18.30 \u00a0KO, \u00a0<strong>Inglise keele kursus<\/strong> algajatele ja uuesti alustajatele. T\u00e4psem info marethein@gmail.com, tel 56575575 v\u00f5i kogukonnakeskusest.<\/p>\n<p><strong>15.- 17. juuni<\/strong> osaleb Muraste k\u00fclaseltsi juhatuse esindus Nelja Valla Kogu korraldataval\u00a0<strong><a href=\"http:\/\/4kogu.ee\/index.php\/node\/263\" target=\"_blank\">\u00f5ppereisil &#8220;LEADER kogemused P\u00f5lvamaalt&#8221;<\/a><\/strong><\/p>\n<p style=\"text-align: left;\"><span style=\"color: #993366;\"><strong><span style=\"color: #333399;\">TULEKUL<\/span><a href=\"https:\/\/muraste.ee\/vana\/wp-content\/uploads\/2016\/03\/kylp\u00e4ev.jpg\" rel=\"attachment wp-att-4002\"><img decoding=\"async\" loading=\"lazy\" class=\"alignnone size-medium wp-image-4002 alignright\" src=\"https:\/\/muraste.ee\/vana\/wp-content\/uploads\/2016\/03\/kylp\u00e4ev-217x300.jpg\" alt=\"kylp\u00e4ev\" width=\"217\" height=\"300\" srcset=\"https:\/\/muraste.ee\/vana\/wp-content\/uploads\/2016\/03\/kylp\u00e4ev-217x300.jpg 217w, https:\/\/muraste.ee\/vana\/wp-content\/uploads\/2016\/03\/kylp\u00e4ev-624x863.jpg 624w, https:\/\/muraste.ee\/vana\/wp-content\/uploads\/2016\/03\/kylp\u00e4ev.jpg 694w\" sizes=\"(max-width: 217px) 100vw, 217px\" \/><\/a><\/strong><\/span><\/p>\n<\/div>\n<div class=\"entry-content\">\n<div class=\"_1mf _1mj\" data-offset-key=\"cki46-0-0\">\n<p><strong><span style=\"color: #ff0000;\">UUS!<\/span> <\/strong><span style=\"color: #000000;\">Esmasp\u00e4eval,\u00a019. juunil kell 18.00 lairiba\u00fchenduse projekti DigiMaa infop\u00e4ev\u00a0V\u00e4\u00e4na-J\u00f5esuu koolimajas. Rohkem infot <span style=\"color: #ff0000;\"><strong><a style=\"color: #ff0000;\" href=\"http:\/\/www.harku.ee\/et\/uudised-ja-teated\/-\/asset_publisher\/7WOcbaKfFguz\/content\/lairibauhenduse-infopaev-vaana-joesuu-koolis?redirect=http%3A%2F%2Fwww.harku.ee%2Fet%2Fuudised-ja-teated%3Fp_p_id%3D101_INSTANCE_7WOcbaKfFguz%26p_p_lifecycle%3D0%26p_p_state%3Dnormal%26p_p_mode%3Dview%26p_p_col_id%3Dcolumn-2%26p_p_col_count%3D1\" target=\"_blank\">siin<\/a>.\u00a0<\/strong><\/span><\/span>Sooviavaldust saab t\u00e4ita <strong><a href=\"https:\/\/digimaa.ee\/kysitlus\/\" target=\"_blank\">SIIN<\/a>\u00a0<\/strong>ning lisalugemist<strong> <a href=\"http:\/\/www.harku.ee\/et\/uudised-ja-teated\/-\/asset_publisher\/7WOcbaKfFguz\/content\/lairibauhenduse-infopaev-vaana-joesuu-koolis?redirect=http%3A%2F%2Fwww.harku.ee%2Fet%2Fuudised-ja-teated%3Fp_p_id%3D101_INSTANCE_7WOcbaKfFguz%26p_p_lifecycle%3D0%26p_p_state%3Dnormal%26p_p_mode%3Dview%26p_p_col_id%3Dcolumn-2%26p_p_col_count%3D1\" target=\"_blank\">SIIN<\/a><\/strong><\/p>\n<div class=\"_1mf _1mj\" data-offset-key=\"cki46-0-0\"><span style=\"color: #ff0000;\"><strong>UUS!<\/strong><\/span> neljap\u00e4eval, 22. juunil kell 19 Muraste koolimaja aatriumis\u00a0<strong>aiandus\u00fchistu &#8220;Muraka&#8221; \u00fcldkoosolek<\/strong>!<\/div>\n<div class=\"_1mf _1mj\" data-offset-key=\"cki46-0-0\"><\/div>\n<p><strong><span style=\"color: #ff0000;\">UUS!<\/span><\/strong><span style=\"color: #000000;\"> Laup\u00e4eval,\u00a0<\/span><span style=\"color: #000000;\">2<\/span>4. juunil <strong>Harku valla k\u00fclade p\u00e4ev<\/strong> V\u00e4\u00e4nas.\u00a0K\u00fclad, \u00a0l\u00e4hme k\u00fclla!<br \/>\n<span style=\"color: #ff0000;\"><strong>NB!<\/strong><\/span> Muraste k\u00fcla rahvas &#8211; <strong>kes on valmis oma k\u00fcla eest v\u00e4ljas olema<\/strong>? Andke endast teada kogukonnakeskusesse &#8211; jagame pisitillukesi \u00fclesandeid ning teeme \u00fchiseid lahedaid ettevalmistusi!<\/p>\n<p><span style=\"color: #ff0000;\"><strong>UUS!<\/strong> <\/span><strong>Alustame kogukonnakeskuse uue hooaja ettevalmistamist.<\/strong> Mis tegevusi ootate, millest tahate osa saada v\u00f5i millega olete valmis ise panustama? Andke teada \u2013 p\u00fc\u00fcame \u00fchiselt teha uue hooaja veelgi parema!<\/p>\n<\/div>\n<\/div>\n<div class=\"_1mf _1mj\" data-offset-key=\"cki46-0-0\"><\/div>\n<div class=\"entry-content\">\n<div class=\"_1mf _1mj\" data-offset-key=\"cki46-0-0\">\n<div class=\"_1mf _1mj\" data-offset-key=\"cki46-0-0\"><a href=\"https:\/\/muraste.ee\/vana\/wp-content\/uploads\/2016\/03\/kalamees.jpg\" rel=\"attachment wp-att-4027\"><img decoding=\"async\" loading=\"lazy\" class=\"size-thumbnail wp-image-4027 alignright\" src=\"https:\/\/muraste.ee\/vana\/wp-content\/uploads\/2016\/03\/kalamees-150x150.jpg\" alt=\"kalamees\" width=\"150\" height=\"150\" \/><\/a><\/div>\n<div class=\"_1mf _1mj\" data-offset-key=\"cki46-0-0\"><span style=\"color: #ff00ff;\"><strong><span style=\"color: #333399;\">MUHEDAT N\u00c4DALAT!<\/span><br \/>\n<\/strong><\/span><\/div>\n<div class=\"_1mf _1mj\" data-offset-key=\"cki46-0-0\"><\/div>\n<div class=\"_1mf _1mj\" data-offset-key=\"cki46-0-0\">\u00a0\u201cNaabrinna, ma pean teile \u00fctlema, et teie mees on lausa suurep\u00e4raselt k\u00f5hnunud. Kuidas see tal \u00f5nnestus?\u201d<br \/>\n\u201cTa k\u00e4ib iga p\u00e4ev kalal.\u201d<br \/>\n\u201cKas sellest siis inimene v\u00f5ib nii palju kaalust alla v\u00f5tta?\u201d<br \/>\n\u201cAga muidugi, sest ta s\u00f6\u00f6b ainult seda, mida ta p\u00fc\u00fcab.\u201d<\/div>\n<div class=\"_1mf _1mj\" data-offset-key=\"cki46-0-0\"><\/div>\n<div class=\"_1mf _1mj\" data-offset-key=\"cki46-0-0\"><\/div>\n<\/div>\n<div class=\"_1mf _1mj\" data-offset-key=\"cki46-0-0\"><\/div>\n<div class=\"_1mf _1mj\" data-offset-key=\"cki46-0-0\">\n<div class=\"_1mf _1mj\" data-offset-key=\"cki46-0-0\"><strong><span style=\"color: #339966;\">TEADETETA<img decoding=\"async\" loading=\"lazy\" class=\"size-medium wp-image-3740 alignright\" src=\"https:\/\/muraste.ee\/vana\/wp-content\/uploads\/2016\/03\/stend-300x224.jpg\" sizes=\"(max-width: 300px) 100vw, 300px\" srcset=\"https:\/\/muraste.ee\/vana\/wp-content\/uploads\/2016\/03\/stend-300x224.jpg 300w, https:\/\/muraste.ee\/vana\/wp-content\/uploads\/2016\/03\/stend-768x572.jpg 768w, https:\/\/muraste.ee\/vana\/wp-content\/uploads\/2016\/03\/stend-1024x763.jpg 1024w, https:\/\/muraste.ee\/vana\/wp-content\/uploads\/2016\/03\/stend-624x465.jpg 624w, https:\/\/muraste.ee\/vana\/wp-content\/uploads\/2016\/03\/stend.jpg 1300w\" alt=\"stend\" width=\"300\" height=\"224\" \/>HVEL<\/span><\/strong><\/div>\n<div class=\"_1mf _1mj\" data-offset-key=\"cki46-0-0\"><\/div>\n<div class=\"_1mf _1mj\" data-offset-key=\"cki46-0-0\">\n<p><strong>Soovid avaldada oma reklaami<\/strong> meie infokanalites? Juhised on <strong>siin<\/strong>!<\/p>\n<\/div>\n<div class=\"_1mf _1mj\" data-offset-key=\"cki46-0-0\"><strong>Soovid kasutada<\/strong> m\u00f5nd Muraste k\u00fclaselsti poolt pakutavat<strong> teenust<\/strong>? V\u00f5imalused on<strong> siin!<\/strong><\/div>\n<div class=\"_1mf _1mj\" data-offset-key=\"cki46-0-0\"><\/div>\n<div class=\"_1mf _1mj\" data-offset-key=\"cki46-0-0\"><\/div>\n<p><strong>Teadmiseks: <\/strong>Muraste igan\u00e4dalase e-infokirjaga liitumiseks saada sellekohane teade muraste@muraste.ee<br \/>\n<strong>Muraste kogukonnakeskus\u00a0<\/strong>(Lee tee 9, Muraste) avatud E-N 10-18, R 10-16. Suveperioodil tasub enne kohaletulemist igaks juhuks helistada 5253128 (Aule Kikas)!<br \/>\n<strong>T\u00e4psustused ja info:<\/strong> kogukonnakeskus@muraste.ee;\u00a05253128 (Aule Kikas).<\/p>\n<\/div>\n<\/div>\n","protected":false},"excerpt":{"rendered":"<p>N\u00c4DAL \u00a024 MURASTES* 12. juuni \u2013 18. juuni\u00a02017 Murastes on loodus kodus. *AT- koolimaja aatrium, SP- spordihoone; KO-kogukonnakeskuse ruum; \u00a0 KL- klassiruum; PL-Pangapealse lasteaed, PLF- Pangapealse lasteaia filiaali ruum Muraste koolimajas Esmasp\u00e4ev, 12.\u00a0juuni kl 18.00 AT, Rahvatantsur\u00fchma proov kl 18.00 KO, K\u00fclaseltsi juhatuse koosolek Teisip\u00e4ev, 13. juuni kl 18 KL\u00a0Inglise keele kursus (algteadmisi omajatel on<a class=\"moretag\" href=\"https:\/\/muraste.ee\/vana\/?page_id=4040\"><br \/>&#8230;Loe edasi<\/a><\/p>\n","protected":false},"author":2,"featured_media":0,"parent":0,"menu_order":0,"comment_status":"closed","ping_status":"closed","template":"","meta":{"_bbp_topic_count":0,"_bbp_reply_count":0,"_bbp_total_topic_count":0,"_bbp_total_reply_count":0,"_bbp_voice_count":0,"_bbp_anonymous_reply_count":0,"_bbp_topic_count_hidden":0,"_bbp_reply_count_hidden":0,"_bbp_forum_subforum_count":0,"_mc_calendar":[]},"_links":{"self":[{"href":"https:\/\/muraste.ee\/vana\/index.php?rest_route=\/wp\/v2\/pages\/4040"}],"collection":[{"href":"https:\/\/muraste.ee\/vana\/index.php?rest_route=\/wp\/v2\/pages"}],"about":[{"href":"https:\/\/muraste.ee\/vana\/index.php?rest_route=\/wp\/v2\/types\/page"}],"author":[{"embeddable":true,"href":"https:\/\/muraste.ee\/vana\/index.php?rest_route=\/wp\/v2\/users\/2"}],"replies":[{"embeddable":true,"href":"https:\/\/muraste.ee\/vana\/index.php?rest_route=%2Fwp%2Fv2%2Fcomments&post=4040"}],"version-history":[{"count":1,"href":"https:\/\/muraste.ee\/vana\/index.php?rest_route=\/wp\/v2\/pages\/4040\/revisions"}],"predecessor-version":[{"id":4042,"href":"https:\/\/muraste.ee\/vana\/index.php?rest_route=\/wp\/v2\/pages\/4040\/revisions\/4042"}],"wp:attachment":[{"href":"https:\/\/muraste.ee\/vana\/index.php?rest_route=%2Fwp%2Fv2%2Fmedia&parent=4040"}],"curies":[{"name":"wp","href":"https:\/\/api.w.org\/{rel}","templated":true}]}}