{"id":4060,"date":"2017-06-26T08:12:45","date_gmt":"2017-06-26T05:12:45","guid":{"rendered":"https:\/\/muraste.ee\/vana\/?page_id=4060"},"modified":"2017-06-26T08:12:45","modified_gmt":"2017-06-26T05:12:45","slug":"nadal-25-2","status":"publish","type":"page","link":"https:\/\/muraste.ee\/vana\/?page_id=4060","title":{"rendered":"N\u00e4dal 25"},"content":{"rendered":"<header class=\"entry-header\">\n<h1 class=\"entry-title\" style=\"text-align: center;\"><span style=\"color: #99cc00;\"><strong>N\u00c4DAL \u00a025 MURASTES*<br \/>\n<\/strong><strong>19. juuni \u2013 25. juuni\u00a02017<\/strong><\/span><\/h1>\n<p class=\"entry-title\" style=\"text-align: center;\"><a href=\"https:\/\/muraste.ee\/vana\/wp-content\/uploads\/2016\/03\/kook-1.jpg\" rel=\"attachment wp-att-4044\"><img decoding=\"async\" loading=\"lazy\" class=\"alignnone size-medium wp-image-4044\" src=\"https:\/\/muraste.ee\/vana\/wp-content\/uploads\/2016\/03\/kook-1-300x169.jpg\" alt=\"kook\" width=\"300\" height=\"169\" srcset=\"https:\/\/muraste.ee\/vana\/wp-content\/uploads\/2016\/03\/kook-1-300x169.jpg 300w, https:\/\/muraste.ee\/vana\/wp-content\/uploads\/2016\/03\/kook-1-768x432.jpg 768w, https:\/\/muraste.ee\/vana\/wp-content\/uploads\/2016\/03\/kook-1-1024x576.jpg 1024w, https:\/\/muraste.ee\/vana\/wp-content\/uploads\/2016\/03\/kook-1-624x351.jpg 624w, https:\/\/muraste.ee\/vana\/wp-content\/uploads\/2016\/03\/kook-1-128x72.jpg 128w, https:\/\/muraste.ee\/vana\/wp-content\/uploads\/2016\/03\/kook-1.jpg 1334w\" sizes=\"(max-width: 300px) 100vw, 300px\" \/><\/a><br \/>\nEt igas p\u00e4evas oleks midagi v\u00e4ga head&#8230;<\/p>\n<\/header>\n<div class=\"entry-content\" style=\"text-align: left;\">\n<h5><strong><em>*AT- koolimaja aatrium, SP- spordihoone; KO-kogukonnakeskuse ruum; \u00a0 KL- klassiruum; PL-Pangapealse lasteaed, PLF- Pangapealse lasteaia filiaali ruum Muraste koolimajas<\/em><\/strong><a href=\"https:\/\/www.youtube.com\/watch?v=A43pMpm68BY\"><strong><em><br \/>\n<\/em><\/strong><\/a><\/h5>\n<p><span style=\"color: #99cc00;\"><strong>Esmasp\u00e4ev, 19.\u00a0juuni<\/strong><\/span><br \/>\nkl 18.00 <strong><span style=\"color: #ff6600;\">UUS!<\/span> <\/strong>lairiba\u00fchenduse projekti <strong>DigiMaa infop\u00e4ev<\/strong>\u00a0<strong>V\u00e4\u00e4na-J\u00f5esuu koolimaja<\/strong>s. Rohkem infot <a href=\"http:\/\/www.harku.ee\/et\/uudised-ja-teated\/-\/asset_publisher\/7WOcbaKfFguz\/content\/lairibauhenduse-infopaev-vaana-joesuu-koolis?redirect=http%3A%2F%2Fwww.harku.ee%2Fet%2Fuudised-ja-teated%3Fp_p_id%3D101_INSTANCE_7WOcbaKfFguz%26p_p_lifecycle%3D0%26p_p_state%3Dnormal%26p_p_mode%3Dview%26p_p_col_id%3Dcolumn-2%26p_p_col_count%3D1\" target=\"_blank\">siin<\/a>.\u00a0Sooviavaldust saab t\u00e4ita <a href=\"https:\/\/digimaa.ee\/kysitlus\/\" target=\"_blank\">SIIN<\/a>\u00a0ning lisalugemist <a href=\"http:\/\/www.harku.ee\/et\/uudised-ja-teated\/-\/asset_publisher\/7WOcbaKfFguz\/content\/lairibauhenduse-infopaev-vaana-joesuu-koolis?redirect=http%3A%2F%2Fwww.harku.ee%2Fet%2Fuudised-ja-teated%3Fp_p_id%3D101_INSTANCE_7WOcbaKfFguz%26p_p_lifecycle%3D0%26p_p_state%3Dnormal%26p_p_mode%3Dview%26p_p_col_id%3Dcolumn-2%26p_p_col_count%3D1\" target=\"_blank\">SIIN<\/a>. K\u00f5ik huvilised on oodatud!<strong><br \/>\n<\/strong><br \/>\n<em><span style=\"color: #ff99cc;\"><strong>Info Muraste rahvale<\/strong>:<\/span> t\u00e4na kl 19-23 ajal v\u00f5ib kostuda k\u00fclas (Ladva t\u00e4nava piirkonnas) ansambli Regatt esituses v\u00e4heke <strong>valjemat muusikat<\/strong>. Korraldajad vabandavad ette ja loodavad meie armsa koduk\u00fcla elanike m\u00f5istvale suhtumisele. Sellele on m\u00f5istagi armas selgitus: koos \u00a0l\u00e4hedaste ja s\u00f5pradega t\u00e4histavad oma\u00a0laulatust\u00a0Gerda Maria ja T\u00f5nu. Soovime noorpaaride <span style=\"color: #ff99cc;\"><strong>palju armastust<\/strong> <\/span>\u00a0ning \u00a0usume, et kostuv laul ja muusika teeb meele r\u00f5\u00f5msaks nii asjaosalistel kui ka sellest kaudselt osa saajatel! <span style=\"color: #ff99cc;\"><strong>Kibe!\u00a0<\/strong><\/span><br \/>\n<a href=\"https:\/\/muraste.ee\/vana\/wp-content\/uploads\/2016\/03\/maria.jpg\" rel=\"attachment wp-att-4045\"><img decoding=\"async\" loading=\"lazy\" class=\"size-medium wp-image-4045 aligncenter\" src=\"https:\/\/muraste.ee\/vana\/wp-content\/uploads\/2016\/03\/maria-300x167.jpg\" alt=\"maria\" width=\"300\" height=\"167\" srcset=\"https:\/\/muraste.ee\/vana\/wp-content\/uploads\/2016\/03\/maria-300x167.jpg 300w, https:\/\/muraste.ee\/vana\/wp-content\/uploads\/2016\/03\/maria-128x72.jpg 128w, https:\/\/muraste.ee\/vana\/wp-content\/uploads\/2016\/03\/maria.jpg 520w\" sizes=\"(max-width: 300px) 100vw, 300px\" \/><\/a><\/em><\/p>\n<p><span style=\"color: #99cc00;\"><strong>Teisip\u00e4ev, 20. juuni<\/strong><\/span><br \/>\nkl 18 KO,\u00a0<strong>Inglise keele kursus <\/strong><em>(algteadmisi omajatel on v\u00f5imalus liituda ka juba t\u00f6\u00f6tava grupiga).<\/em><strong>\u00a0<\/strong>K\u00fcsi lisa juhendajalt tel 56575575.<br \/>\nkl 19-20.30 SP, <strong>V\u00f5rkpall <\/strong><em>(naised\/mehed)- oodatud on k\u00f5ik v\u00f5rkpallihuvilised!;<\/em><br \/>\n<em><br \/>\n<\/em><span style=\"color: #99cc00;\"><strong>Kolmap\u00e4ev, 21.\u00a0juuni<\/strong><\/span><br \/>\nkl 4.24, <span style=\"color: #ff0000;\"><strong>UUS!<\/strong><\/span>\u00a0Saabub\u00a0\u00a0<strong>SUVI!<\/strong><br \/>\nkl 19.00 AT, <strong><span style=\"color: #ff0000;\">UUS ja V\u00c4GA OLULINE!<\/span><\/strong>\u00a0<b>Harku valla k\u00fcladep\u00e4evaks valmistumise tantsuproov. <\/b><em><strong>Palume<span style=\"color: #ff0000;\"> k \u00f5 i k i<\/span> Muraste inimesi,<\/strong> kes plaanivad osaleda 24. juunil V\u00e4\u00e4nas toimuval Harku k\u00fclade p\u00e4eval ja jaanitulel, <strong>tantsuproovi Kaera-Jaani tantsima.\u00a0<\/strong>K\u00fcladevaheline Kaera-Jaani v\u00f5istutantsimine on k\u00fclade arvestuses \u00fcks v\u00f5istlusala, mida me otseloomulikult v\u00f5itma l\u00e4heme.<br \/>\n<strong>Kohtumiseni tantsuproovis!<\/strong>\u00a0<\/em><\/p>\n<p><strong><span style=\"color: #99cc00;\">Neljap\u00e4ev, 22. juuni<\/span><span style=\"color: #339966;\"><br \/>\n<\/span><\/strong>kl 18.30 \u00a0KO, \u00a0<strong>Inglise keele kursus<\/strong> algajatele ja uuesti alustajatele. T\u00e4psem info marethein@gmail.com, tel 56575575 v\u00f5i kogukonnakeskusest.<br \/>\nKll 19 AT, <strong><span style=\"color: #ff6600;\">UUS!<\/span><\/strong>\u00a0<strong>aiandus\u00fchistu &#8220;Muraka&#8221; \u00fcldkoosolek.<\/strong><\/p>\n<p><strong><span style=\"color: #333399;\"><span style=\"color: #ff6600;\"><span style=\"color: #99cc00;\">Reede, 23. juuni<\/span><a href=\"https:\/\/muraste.ee\/vana\/wp-content\/uploads\/2016\/03\/img_4476.jpg\" rel=\"attachment wp-att-3539\"><img decoding=\"async\" loading=\"lazy\" class=\"wp-image-3539 alignleft\" src=\"https:\/\/muraste.ee\/vana\/wp-content\/uploads\/2016\/03\/img_4476-150x150.jpg\" alt=\"img_4476\" width=\"74\" height=\"74\" srcset=\"https:\/\/muraste.ee\/vana\/wp-content\/uploads\/2016\/03\/img_4476-150x150.jpg 150w, https:\/\/muraste.ee\/vana\/wp-content\/uploads\/2016\/03\/img_4476-300x300.jpg 300w, https:\/\/muraste.ee\/vana\/wp-content\/uploads\/2016\/03\/img_4476-768x768.jpg 768w, https:\/\/muraste.ee\/vana\/wp-content\/uploads\/2016\/03\/img_4476-624x624.jpg 624w, https:\/\/muraste.ee\/vana\/wp-content\/uploads\/2016\/03\/img_4476.jpg 800w\" sizes=\"(max-width: 74px) 100vw, 74px\" \/><\/a><\/span><br \/>\n<\/span>V\u00d5IDUP\u00dcHA!<\/strong><\/p>\n<p><strong><span style=\"color: #99cc00;\">Laup\u00e4ev, 24, juuni<\/span><\/strong><br \/>\n<strong>JAANIP\u00c4EV!<\/strong><br \/>\nkl 16 <strong><span style=\"color: #ff0000;\">UUS!<\/span><\/strong>\u00a0<strong>Harku valla k\u00fclade p\u00e4ev ja jaanituli<\/strong> V\u00e4\u00e4na m\u00f5isa pargis. \u00a0L\u00e4hme k\u00f5ik osalema suurele vahvale peole!<\/p>\n<p><span style=\"color: #993366;\"><strong><a href=\"https:\/\/muraste.ee\/vana\/wp-content\/uploads\/2016\/03\/kylp\u00e4ev.jpg\" rel=\"attachment wp-att-4002\"><img decoding=\"async\" loading=\"lazy\" class=\"size-medium wp-image-4002 alignleft\" src=\"https:\/\/muraste.ee\/vana\/wp-content\/uploads\/2016\/03\/kylp\u00e4ev-217x300.jpg\" alt=\"kylp\u00e4ev\" width=\"217\" height=\"300\" srcset=\"https:\/\/muraste.ee\/vana\/wp-content\/uploads\/2016\/03\/kylp\u00e4ev-217x300.jpg 217w, https:\/\/muraste.ee\/vana\/wp-content\/uploads\/2016\/03\/kylp\u00e4ev-624x863.jpg 624w, https:\/\/muraste.ee\/vana\/wp-content\/uploads\/2016\/03\/kylp\u00e4ev.jpg 694w\" sizes=\"(max-width: 217px) 100vw, 217px\" \/><\/a><\/strong><\/span><\/p>\n<\/div>\n<div class=\"entry-content\">\n<h1 class=\"_1mf _1mj\" data-offset-key=\"cki46-0-0\"><\/h1>\n<div class=\"_1mf _1mj\" style=\"text-align: left;\" data-offset-key=\"cki46-0-0\"><\/div>\n<div class=\"_1mf _1mj\" style=\"text-align: left;\" data-offset-key=\"cki46-0-0\"><span style=\"color: #ff0000;\"><strong>UUS!<\/strong> <\/span><strong>Alustame kogukonnakeskuse uue hooaja ettevalmistamist.<\/strong> Mis tegevusi ootate, millest tahate osa saada v\u00f5i millega olete valmis ise panustama? Andke teada \u2013 p\u00fc\u00fcame \u00fchiselt teha uue hooaja veelgi parema!<\/div>\n<\/div>\n<div class=\"_1mf _1mj\" data-offset-key=\"cki46-0-0\"><\/div>\n<div class=\"entry-content\">\n<div class=\"_1mf _1mj\" data-offset-key=\"cki46-0-0\">\n<div class=\"_1mf _1mj\" data-offset-key=\"cki46-0-0\"><\/div>\n<div class=\"_1mf _1mj\" data-offset-key=\"cki46-0-0\"><strong><span style=\"color: #99cc00;\">KODUL\u00c4HEDASED T\u00d6\u00d6PAKKUMISED!<\/span><\/strong><\/div>\n<div class=\"_1mf _1mj\" data-offset-key=\"cki46-0-0\"><a href=\"https:\/\/muraste.ee\/vana\/wp-content\/uploads\/2016\/03\/H\u00f5iva.png\" rel=\"attachment wp-att-4054\"><img decoding=\"async\" loading=\"lazy\" class=\"alignnone size-full wp-image-4054\" src=\"https:\/\/muraste.ee\/vana\/wp-content\/uploads\/2016\/03\/H\u00f5iva.png\" alt=\"H\u00f5iva\" width=\"1063\" height=\"747\" srcset=\"https:\/\/muraste.ee\/vana\/wp-content\/uploads\/2016\/03\/H\u00f5iva.png 1063w, https:\/\/muraste.ee\/vana\/wp-content\/uploads\/2016\/03\/H\u00f5iva-300x211.png 300w, https:\/\/muraste.ee\/vana\/wp-content\/uploads\/2016\/03\/H\u00f5iva-768x540.png 768w, https:\/\/muraste.ee\/vana\/wp-content\/uploads\/2016\/03\/H\u00f5iva-1024x720.png 1024w, https:\/\/muraste.ee\/vana\/wp-content\/uploads\/2016\/03\/H\u00f5iva-624x439.png 624w\" sizes=\"(max-width: 1063px) 100vw, 1063px\" \/><\/a><\/div>\n<div class=\"_1mf _1mj\" data-offset-key=\"cki46-0-0\">\n<p><a href=\"https:\/\/muraste.ee\/vana\/wp-content\/uploads\/2016\/03\/proj.png\" rel=\"attachment wp-att-4053\"><img decoding=\"async\" loading=\"lazy\" class=\"alignnone size-full wp-image-4053\" src=\"https:\/\/muraste.ee\/vana\/wp-content\/uploads\/2016\/03\/proj.png\" alt=\"proj\" width=\"940\" height=\"788\" srcset=\"https:\/\/muraste.ee\/vana\/wp-content\/uploads\/2016\/03\/proj.png 940w, https:\/\/muraste.ee\/vana\/wp-content\/uploads\/2016\/03\/proj-300x251.png 300w, https:\/\/muraste.ee\/vana\/wp-content\/uploads\/2016\/03\/proj-768x644.png 768w, https:\/\/muraste.ee\/vana\/wp-content\/uploads\/2016\/03\/proj-624x523.png 624w\" sizes=\"(max-width: 940px) 100vw, 940px\" \/><\/a><\/p>\n<\/div>\n<div class=\"_1mf _1mj\" data-offset-key=\"cki46-0-0\"><a href=\"https:\/\/muraste.ee\/vana\/wp-content\/uploads\/2016\/03\/KOSMEETIK-T\u00d6\u00d6PAKKUMINE.png\" rel=\"attachment wp-att-4052\"><img decoding=\"async\" loading=\"lazy\" class=\"alignnone size-large wp-image-4052\" src=\"https:\/\/muraste.ee\/vana\/wp-content\/uploads\/2016\/03\/KOSMEETIK-T\u00d6\u00d6PAKKUMINE-791x1024.png\" alt=\"KOSMEETIK T\u00d6\u00d6PAKKUMINE\" width=\"625\" height=\"809\" srcset=\"https:\/\/muraste.ee\/vana\/wp-content\/uploads\/2016\/03\/KOSMEETIK-T\u00d6\u00d6PAKKUMINE-791x1024.png 791w, https:\/\/muraste.ee\/vana\/wp-content\/uploads\/2016\/03\/KOSMEETIK-T\u00d6\u00d6PAKKUMINE-232x300.png 232w, https:\/\/muraste.ee\/vana\/wp-content\/uploads\/2016\/03\/KOSMEETIK-T\u00d6\u00d6PAKKUMINE-768x994.png 768w, https:\/\/muraste.ee\/vana\/wp-content\/uploads\/2016\/03\/KOSMEETIK-T\u00d6\u00d6PAKKUMINE-624x808.png 624w, https:\/\/muraste.ee\/vana\/wp-content\/uploads\/2016\/03\/KOSMEETIK-T\u00d6\u00d6PAKKUMINE.png 1870w\" sizes=\"(max-width: 625px) 100vw, 625px\" \/><\/a><\/div>\n<div class=\"_1mf _1mj\" data-offset-key=\"cki46-0-0\"><\/div>\n<div class=\"_1mf _1mj\" data-offset-key=\"cki46-0-0\"><\/div>\n<div class=\"_1mf _1mj\" data-offset-key=\"cki46-0-0\"><span style=\"color: #99cc00;\"><strong>OLULINE INFO!<\/strong><\/span><\/div>\n<\/div>\n<\/div>\n<div class=\"_1mf _1mj\" data-offset-key=\"cki46-0-0\"><a href=\"https:\/\/muraste.ee\/vana\/wp-content\/uploads\/2016\/03\/Taotlusvoor-2017-II.png\" rel=\"attachment wp-att-4055\"><img decoding=\"async\" loading=\"lazy\" class=\"alignnone size-full wp-image-4055\" src=\"https:\/\/muraste.ee\/vana\/wp-content\/uploads\/2016\/03\/Taotlusvoor-2017-II.png\" alt=\"Taotlusvoor 2017 II\" width=\"1255\" height=\"734\" srcset=\"https:\/\/muraste.ee\/vana\/wp-content\/uploads\/2016\/03\/Taotlusvoor-2017-II.png 1255w, https:\/\/muraste.ee\/vana\/wp-content\/uploads\/2016\/03\/Taotlusvoor-2017-II-300x175.png 300w, https:\/\/muraste.ee\/vana\/wp-content\/uploads\/2016\/03\/Taotlusvoor-2017-II-768x449.png 768w, https:\/\/muraste.ee\/vana\/wp-content\/uploads\/2016\/03\/Taotlusvoor-2017-II-1024x599.png 1024w, https:\/\/muraste.ee\/vana\/wp-content\/uploads\/2016\/03\/Taotlusvoor-2017-II-624x365.png 624w\" sizes=\"(max-width: 1255px) 100vw, 1255px\" \/><\/a><\/div>\n<div class=\"entry-content\">\n<div class=\"_1mf _1mj\" data-offset-key=\"cki46-0-0\">\n<div class=\"_1mf _1mj\" data-offset-key=\"cki46-0-0\"><span style=\"color: #ff00ff;\"><strong><span style=\"color: #333399;\"><span style=\"color: #99cc00;\"><br \/>\nMUHEDAT JAANIN\u00c4DALAT!<\/span><\/span><br \/>\n<\/strong><\/span><\/div>\n<div class=\"_1mf _1mj\" data-offset-key=\"cki46-0-0\"><\/div>\n<div class=\"_1mf _1mj\" data-offset-key=\"cki46-0-0\">\n<p>&#8220;Kes endale jaani\u00f5htul lillep\u00e4rja p\u00e4he paneb, sellel on lootust unes oma tulevast n\u00e4ha. P\u00e4rjalilled tuleb ise noppida ja neid peab olema v\u00e4hemalt \u00fcheksat liiki. P\u00e4he tuleb see p\u00e4rg tingimata panna ristteel ja kesk\u00f6\u00f6tunnil. P\u00e4rast seda ei tohi kellegagi k\u00f5nelda ega ristteelt lahkudes ka tagasi vaadata. \u00d6\u00f6seks tuleb p\u00e4rg panna padja alla.<\/p>\n<p>Jaanip\u00e4eva hommikul tuleb n\u00e4gu pesta kastega \u2013 v\u00f5i koguni kasteses rohus p\u00fcherdada. Sellest loodeti vanasti ilu ja tugevat tervust terveks aastaks. Kes kasteajaks veel maast lahti pole saanud, sel tuleks \u00fcles otsida l\u00e4him allikas: ilusakssaamist lubab loota ka allikaveega n\u00e4o pesemine.<\/p>\n<p>Jaani\u00f5htul saunast tulles viska viht saunakatusele \u2013 kui see sinna pidama j\u00e4\u00e4b, on hea \u00f5nn v\u00f5i pulmad tulemas. M\u00f5nel pool on kombeks olnud t\u00f5mmata vihast \u00fcks oks ja selle lehed \u00fcle lugeda: paarisarv t\u00e4hendab salasoovide t\u00e4itumist.&#8221;<br \/>\n<em>Allikas:\u00a0http:\/\/www.ohtuleht.ee\/683001\/kolm-jaanipaeva-kuldreeglit-tee-nii-ja-asjad-edenevad<\/em><\/p>\n<\/div>\n<div class=\"_1mf _1mj\" data-offset-key=\"cki46-0-0\"><\/div>\n<\/div>\n<div class=\"_1mf _1mj\" data-offset-key=\"cki46-0-0\"><\/div>\n<div class=\"_1mf _1mj\" data-offset-key=\"cki46-0-0\">\n<div class=\"_1mf _1mj\" data-offset-key=\"cki46-0-0\"><strong><span style=\"color: #339966;\">TEADETETA<img decoding=\"async\" loading=\"lazy\" class=\"size-medium wp-image-3740 alignright\" src=\"https:\/\/muraste.ee\/vana\/wp-content\/uploads\/2016\/03\/stend-300x224.jpg\" sizes=\"(max-width: 300px) 100vw, 300px\" srcset=\"https:\/\/muraste.ee\/vana\/wp-content\/uploads\/2016\/03\/stend-300x224.jpg 300w, https:\/\/muraste.ee\/vana\/wp-content\/uploads\/2016\/03\/stend-768x572.jpg 768w, https:\/\/muraste.ee\/vana\/wp-content\/uploads\/2016\/03\/stend-1024x763.jpg 1024w, https:\/\/muraste.ee\/vana\/wp-content\/uploads\/2016\/03\/stend-624x465.jpg 624w, https:\/\/muraste.ee\/vana\/wp-content\/uploads\/2016\/03\/stend.jpg 1300w\" alt=\"stend\" width=\"300\" height=\"224\" \/>HVEL<\/span><\/strong><\/div>\n<div class=\"_1mf _1mj\" data-offset-key=\"cki46-0-0\"><\/div>\n<div class=\"_1mf _1mj\" data-offset-key=\"cki46-0-0\">\n<p><strong>Soovid avaldada oma reklaami<\/strong> meie infokanalites? Juhised on <strong>siin<\/strong>!<\/p>\n<\/div>\n<div class=\"_1mf _1mj\" data-offset-key=\"cki46-0-0\"><strong>Soovid kasutada<\/strong> m\u00f5nd Muraste k\u00fclaselsti poolt pakutavat<strong> teenust<\/strong>? V\u00f5imalused on<strong> siin!<\/strong><\/div>\n<div class=\"_1mf _1mj\" data-offset-key=\"cki46-0-0\"><\/div>\n<div class=\"_1mf _1mj\" data-offset-key=\"cki46-0-0\"><\/div>\n<p><strong>Teadmiseks: <\/strong>Muraste igan\u00e4dalase e-infokirjaga liitumiseks saada sellekohane teade muraste@muraste.ee<br \/>\n<strong>Muraste kogukonnakeskus\u00a0<\/strong>(Lee tee 9, Muraste) avatud E-N 10-18, R 10-16. Suveperioodil tasub enne kohaletulemist igaks juhuks helistada 5253128 (Aule Kikas)!<br \/>\n<strong>T\u00e4psustused ja info:<\/strong> kogukonnakeskus@muraste.ee;\u00a05253128 (Aule Kikas).<\/p>\n<p><strong>\u00a0<\/strong><\/p>\n<\/div>\n<\/div>\n","protected":false},"excerpt":{"rendered":"<p>N\u00c4DAL \u00a025 MURASTES* 19. juuni \u2013 25. juuni\u00a02017 Et igas p\u00e4evas oleks midagi v\u00e4ga head&#8230; *AT- koolimaja aatrium, SP- spordihoone; KO-kogukonnakeskuse ruum; \u00a0 KL- klassiruum; PL-Pangapealse lasteaed, PLF- Pangapealse lasteaia filiaali ruum Muraste koolimajas Esmasp\u00e4ev, 19.\u00a0juuni kl 18.00 UUS! lairiba\u00fchenduse projekti DigiMaa infop\u00e4ev\u00a0V\u00e4\u00e4na-J\u00f5esuu koolimajas. Rohkem infot siin.\u00a0Sooviavaldust saab t\u00e4ita SIIN\u00a0ning lisalugemist SIIN. K\u00f5ik huvilised on<a class=\"moretag\" href=\"https:\/\/muraste.ee\/vana\/?page_id=4060\"><br \/>&#8230;Loe edasi<\/a><\/p>\n","protected":false},"author":2,"featured_media":0,"parent":0,"menu_order":0,"comment_status":"closed","ping_status":"closed","template":"nadalakava.php","meta":{"_bbp_topic_count":0,"_bbp_reply_count":0,"_bbp_total_topic_count":0,"_bbp_total_reply_count":0,"_bbp_voice_count":0,"_bbp_anonymous_reply_count":0,"_bbp_topic_count_hidden":0,"_bbp_reply_count_hidden":0,"_bbp_forum_subforum_count":0,"_mc_calendar":[]},"_links":{"self":[{"href":"https:\/\/muraste.ee\/vana\/index.php?rest_route=\/wp\/v2\/pages\/4060"}],"collection":[{"href":"https:\/\/muraste.ee\/vana\/index.php?rest_route=\/wp\/v2\/pages"}],"about":[{"href":"https:\/\/muraste.ee\/vana\/index.php?rest_route=\/wp\/v2\/types\/page"}],"author":[{"embeddable":true,"href":"https:\/\/muraste.ee\/vana\/index.php?rest_route=\/wp\/v2\/users\/2"}],"replies":[{"embeddable":true,"href":"https:\/\/muraste.ee\/vana\/index.php?rest_route=%2Fwp%2Fv2%2Fcomments&post=4060"}],"version-history":[{"count":1,"href":"https:\/\/muraste.ee\/vana\/index.php?rest_route=\/wp\/v2\/pages\/4060\/revisions"}],"predecessor-version":[{"id":4062,"href":"https:\/\/muraste.ee\/vana\/index.php?rest_route=\/wp\/v2\/pages\/4060\/revisions\/4062"}],"wp:attachment":[{"href":"https:\/\/muraste.ee\/vana\/index.php?rest_route=%2Fwp%2Fv2%2Fmedia&parent=4060"}],"curies":[{"name":"wp","href":"https:\/\/api.w.org\/{rel}","templated":true}]}}