{"id":4127,"date":"2017-07-24T22:19:10","date_gmt":"2017-07-24T19:19:10","guid":{"rendered":"https:\/\/muraste.ee\/vana\/?page_id=4127"},"modified":"2017-07-24T22:19:10","modified_gmt":"2017-07-24T19:19:10","slug":"nadal-28-2","status":"publish","type":"page","link":"https:\/\/muraste.ee\/vana\/?page_id=4127","title":{"rendered":"N\u00e4dal 28"},"content":{"rendered":"<header class=\"entry-header\">\n<h1 class=\"entry-title\" style=\"text-align: center;\"><span style=\"color: #ff6600;\"><strong>SUVI MURASTES*<br \/>\n<\/strong><br \/>\n<\/span><\/h1>\n<p class=\"entry-title\" style=\"text-align: center;\"><a href=\"https:\/\/muraste.ee\/vana\/wp-content\/uploads\/2016\/03\/roos17.jpg\" rel=\"attachment wp-att-4112\"><img decoding=\"async\" loading=\"lazy\" class=\"alignnone wp-image-4112 size-medium\" src=\"https:\/\/muraste.ee\/vana\/wp-content\/uploads\/2016\/03\/roos17-e1499665307900-300x169.jpg\" alt=\"roos17\" width=\"300\" height=\"169\" srcset=\"https:\/\/muraste.ee\/vana\/wp-content\/uploads\/2016\/03\/roos17-e1499665307900-300x169.jpg 300w, https:\/\/muraste.ee\/vana\/wp-content\/uploads\/2016\/03\/roos17-e1499665307900-128x72.jpg 128w, https:\/\/muraste.ee\/vana\/wp-content\/uploads\/2016\/03\/roos17-e1499665307900-768x432.jpg 768w, https:\/\/muraste.ee\/vana\/wp-content\/uploads\/2016\/03\/roos17-e1499665307900-624x351.jpg 624w, https:\/\/muraste.ee\/vana\/wp-content\/uploads\/2016\/03\/roos17-e1499665307900.jpg 960w\" sizes=\"(max-width: 300px) 100vw, 300px\" \/><\/a><br \/>\nRooside &#8211; lillede kuninganna \u00f5itseaeg on alanud!.<\/p>\n<\/header>\n<div class=\"entry-content\" style=\"text-align: left;\">\n<h5><strong><em>*AT- koolimaja aatrium, SP- spordihoone; KO-kogukonnakeskuse ruum; \u00a0 KL- klassiruum;\u00a0\u00a0<\/em><\/strong><a href=\"https:\/\/www.youtube.com\/watch?v=A43pMpm68BY\"><strong><em><br \/>\n<\/em><\/strong><\/a><\/h5>\n<p><span style=\"color: #ff6600;\"><strong>Teisip\u00e4ev, \u00a011.juuli<\/strong><\/span><br \/>\nkl 18 KL,\u00a0<strong>Inglise keele kursus\u00a0<\/strong><em>(algteadmisi omajatel on v\u00f5imalus liituda ka juba t\u00f6\u00f6tava grupiga).<\/em><strong>\u00a0<\/strong>K\u00fcsi lisa juhendajalt tel 56575575.<br \/>\nkl 18 AT,\u00a0<strong>Rahvatantsur\u00fchma proov<\/strong><br \/>\nkl 19-20.30 SP,\u00a0<strong>V\u00f5rkpall\u00a0<\/strong><em>(naised\/mehed)- oodatud on k\u00f5ik v\u00f5rkpallihuvilised!;<\/em><\/p>\n<p><strong><span style=\"color: #ff6600;\">Neljap\u00e4ev, 12. juuli<br \/>\n<\/span><\/strong><span style=\"color: #000000;\">kl 18.30 KO, Inglise keele\u00a0kursus<em>\u00a0(erandina neljap\u00e4evae grupi kogunemine)\u00a0<\/em>algajatele ja uuesti alustajatele. T\u00e4psem info marethein@gmail.com, tel 56575575 v\u00f5i kogukonnakeskusest.<\/span><\/p>\n<p><strong><span style=\"color: #000000;\"><strong><span style=\"color: #ff6600;\">Laup\u00e4ev, 12. august<\/span>\u00a0<a href=\"https:\/\/muraste.ee\/vana\/wp-content\/uploads\/2016\/03\/kook-2.jpg\" rel=\"attachment wp-att-4094\"><img decoding=\"async\" loading=\"lazy\" class=\"alignnone size-medium wp-image-4094 alignright\" src=\"https:\/\/muraste.ee\/vana\/wp-content\/uploads\/2016\/03\/kook-2-300x169.jpg\" alt=\"kook\" width=\"300\" height=\"169\" srcset=\"https:\/\/muraste.ee\/vana\/wp-content\/uploads\/2016\/03\/kook-2-300x169.jpg 300w, https:\/\/muraste.ee\/vana\/wp-content\/uploads\/2016\/03\/kook-2-768x432.jpg 768w, https:\/\/muraste.ee\/vana\/wp-content\/uploads\/2016\/03\/kook-2-1024x576.jpg 1024w, https:\/\/muraste.ee\/vana\/wp-content\/uploads\/2016\/03\/kook-2-624x351.jpg 624w, https:\/\/muraste.ee\/vana\/wp-content\/uploads\/2016\/03\/kook-2-128x72.jpg 128w, https:\/\/muraste.ee\/vana\/wp-content\/uploads\/2016\/03\/kook-2.jpg 1334w\" sizes=\"(max-width: 300px) 100vw, 300px\" \/><\/a><br \/>\n<\/strong><\/span><\/strong><span style=\"color: #000000;\">kl 12-16\u00a0<strong>Muraste kohvikute p\u00e4ev ja garaazim\u00fc\u00fck<\/strong>; T\u00e4psem info tulekul<br \/>\nkl 20\u00a0<strong>aiakontsert<\/strong>\u00a0&#8211; esineb Anett Tamm. T\u00e4psem info tulekul!<\/span><strong><span style=\"color: #000000;\"><strong><br \/>\n<\/strong><br \/>\n<\/span><span style=\"color: #ff6600;\">Laup\u00e4ev, 2. september\u00a0<\/span><\/strong><br \/>\nkl 12<span style=\"color: #3366ff;\">\u00a0<strong>Muraste lennukas perep\u00e4ev!<\/strong><\/span><\/p>\n<\/div>\n<div class=\"entry-content\">\n<div class=\"_1mf _1mj\" data-offset-key=\"cki46-0-0\">\n<div class=\"_1mf _1mj\" data-offset-key=\"cki46-0-0\"><\/div>\n<div class=\"_1mf _1mj\" data-offset-key=\"cki46-0-0\"><\/div>\n<div class=\"_1mf _1mj\" data-offset-key=\"cki46-0-0\"><\/div>\n<div class=\"_1mf _1mj\" data-offset-key=\"cki46-0-0\"><span style=\"color: #ff6600;\"><strong>OLULINE INFO!<\/strong><\/span><\/div>\n<\/div>\n<\/div>\n<div class=\"_1mf _1mj\" data-offset-key=\"cki46-0-0\"><\/div>\n<p>29. juunil \u00a0algatas Harku vallavolikogu uue asustus\u00fcksuse ehk\u00a0<strong>Merik\u00fcla<\/strong>\u00a0moodustamise Muraste, Suurupi ja Ilmandu k\u00fcla arvelt. Uue, loodava k\u00fcla piirid ulatuvad Ilmandu ja Muraste k\u00fcla l\u00e4biva Tilgu teega k\u00fclgneval alal merest klindini. Tilgu tee l\u00e4hi\u00fcmbrus on looduslikult eraldi Murastest ja Ilmandu k\u00fclast, tegemist on ummikteega, millel puudub loogiline seos Muraste k\u00fclaga (Merik\u00fclla viiva tee ots algab Ilmandust, mitte Murastest). Seega on seniste lahkmejoonte muutmise ja uue k\u00fc<span class=\"text_exposed_show\">la moodustamise peamiseks p\u00f5hjuseks osaliselt ajalooliselt v\u00e4ljakujunenud asustus\u00fcksuse moodustamine, k\u00fclakogukonna huvide arvestamine, asustus\u00fcksuste sotsiaalmajanduslike funktsioonide arvestamine. Seaduse keeles on asustusjaotuse muutmise eesm\u00e4rgiks asustuses toimunud arengu kajastamine asustusjaotuses ja asustusjaotuse kokkuleppeline \u00fchitamine kohaliku kasutustavaga.<\/span><\/p>\n<div class=\"text_exposed_show\">\n<p>Miks just Merik\u00fcla? Kohanimen\u00f5ukogu on seda teemat k\u00e4sitlenud juba 2009. aastal ning keeleteadlane Peeter P\u00e4ll selgitas seda toona nii: \u201e1920. aastate sedelitel on lakooniliselt: Merik\u00fcla &#8211; talu Ilmandu k\u00fclas (samas ka teine sedel: M\u00e4eranna k\u00fclas (ei selgu, kas tegemist see on mingi teise Merik\u00fcla taluga v\u00f5i on kogemata k\u00fclad segi aetud). 1956. a sedelil on kirja pandud Merik\u00fcla kallas &#8211; Ilmandu k\u00fclas. K\u00f5ige pikemalt on Aime Toomsalu 1965. a kogus (keelejuhiks oli Liisa Merik\u00fcll): \u201eMerik\u00fcla talu on Ilmandu k\u00fcla kohal mererannas\u201c. Liisa Merik\u00fcll: \u201eMerek\u00fclas oli kalda all \u00fcks suur talu nagu k\u00fcla, 120 tiinu. Selle j\u00e4rele \u00fchel talul k\u00fcla nimi. Selle talu nime j\u00e4rele pandi perekonnanimed. Ilmandus ja igal pool Merik\u00fcllisi. Merik\u00fclli Hindrekul olnud kaheksa poega. Riku ostis Merik\u00fclasse koha. Merik\u00fclas on piirikad (piirivalve). Seega v\u00f5ib j\u00e4reldada, et Merik\u00fcla on ilmselt vana hajatalu Ilmandu k\u00fclas ja &#8220;k\u00fcla&#8221; nime on saanud oma suuruse j\u00e4rgi. Talupere sai XIX sajandi alguses omale talu j\u00e4rgi nimeks Merik\u00fcll, kellele ilmselt selline saksik nimi istus. Merik\u00fcla tundub seostuvat laiemalt paigaga, mitte lihtsalt taluga.\u201c<\/p>\n<p>Edasi k\u00e4ib protsess nii, et Harku Vallavalitsus korraldab eelnimetatud algatuse avaliku v\u00e4ljapaneku, (ka Muraste kogukonnakeskuses) ning k\u00f5igil asjaomasel territooriumiosal elavatel alalistel elanikel v\u00f5i kinnisasja omanikel on \u00f5igus esitada eeln\u00f5u kohta ettepanekuid, arvamusi ja proteste; t\u00e4htajaks on 1. august. Kellel huvi t\u00e4psemalt asjast teada saada, kaarte ja eeln\u00f5usid uurida, siis astuge l\u00e4bi Muraste kogukonnakeskusest (suisel ajal helistage pisut ette tel 5253128) \u2013 Aule volikogu liikmena ja kohanimevaldkonda p\u00f5hjalikult tundvana oskab sel teemal loodetavasti k\u00f5igile k\u00fcsimustele vastata;)<\/p>\n<p>Varasem Merik\u00fcla nimek\u00e4sitlus kohanimen\u00f5ukogus on loetav-k\u00e4ttesaadav siin:<br \/>\n<a href=\"https:\/\/www.eki.ee\/knn\/knpr29.htm\" target=\"_blank\" rel=\"nofollow noopener\">https:\/\/www.eki.ee\/knn\/knpr29.htm<\/a>\u00a0. Lisaks saab lugeda Merik\u00fcla lugusid meie k\u00fclaseltsi liikme Mairold Vaigu blogist\u00a0<a href=\"https:\/\/l.facebook.com\/l.php?u=http%3A%2F%2Fmerikyla.blogspot.com.ee%2F&amp;h=ATNaFL96b1x0Bidv4usSzEeY_hPPsuxfJIKi5Zirntbu32ofzqejvp1FRjclvN_85eK-GoGTcM8-WXsbwrDpwq322sGQWYOkGMO14J0Ma0CI-O7vE5INHLW-IyCDavoA8Rur6feMY4bmk9KZuY0mQ3rCmQ&amp;enc=AZPFW4KAFJ_A9ZFPR2qPcxlQLrf0hmYiqMpEomg8u0HYRqxmWQZ-VxiynVIYhwR0OPipkXJ0E9oejVQHYc5DqUpLo08leyDYu8bxdl9NJZoaWS88YJRsrt8wAFETbQ8e50_z7XjsHdN10OpKHHfkAdLC5GkQMVxt4I_A9bvOa8_lHvdKrhA5WQ34bt0kRUidkGIk7xe_qq5jbxxJqlIkWUGt&amp;s=1\" target=\"_blank\" rel=\"nofollow noopener\">http:\/\/merikyla.blogspot.com.ee\/<\/a><\/p>\n<\/div>\n<p class=\"_1mf _1mj\" data-offset-key=\"cki46-0-0\"><strong>Seose sellega annab Harku vallavalitsus annab \u00a0teada<\/strong>: &#8220;Juuni alguses esitati Harku Vallavolikogule 50 Ilmandu ja Muraste k\u00fcla elaniku allkirjaga taotlus uue k\u00fcla &#8211;\u00a0<strong>Merik\u00fcla<\/strong>\u00a0loomiseks. 29, juunil toimunud vallavolikogu istungil algatatigi Muraste, Ilmandu ja Suurupi k\u00fclade lahkmejoonte muutmine ning uue asustus\u00fcksuse \u2013 Merik\u00fcla \u2013 moodustamine. K\u00f5nealuse piirkonna alaliste elanike v\u00f5i kinnisasja omanike ettepanekud, arvamused ja protestid eeln\u00f5u kohta on oodatud kuni 1. augustini 2017 (kaasaarvatud) e-posti aadressile harku@harku.ee. Eeln\u00f5u ning lahkmejoonte muutmise ettepaneku ja lahkmejoonte kirjeldusega saab tutvuda Harku valla kodulehel:\u00a0<a href=\"http:\/\/www.harku.ee\/eelnou-avalikustamine\" target=\"_blank\" rel=\"nofollow noopener\">http:\/\/www.harku.ee\/eelnou-avalikustamine<\/a>&#8220;.<br \/>\n<strong>NB!<\/strong>\u00a0<strong>Eeln\u00f5uga saab tutvuda ka\u00a0Muraste kogukonnakeskuses &#8211; t\u00f6\u00f6p\u00e4evadel ettehelistamisega 5253128 (Aule Kikas)<\/strong><br \/>\n<a href=\"https:\/\/muraste.ee\/vana\/wp-content\/uploads\/2016\/03\/merik.jpg\" rel=\"attachment wp-att-4099\"><img decoding=\"async\" loading=\"lazy\" class=\"alignnone size-full wp-image-4099\" src=\"https:\/\/muraste.ee\/vana\/wp-content\/uploads\/2016\/03\/merik.jpg\" alt=\"merik\" width=\"960\" height=\"960\" srcset=\"https:\/\/muraste.ee\/vana\/wp-content\/uploads\/2016\/03\/merik.jpg 960w, https:\/\/muraste.ee\/vana\/wp-content\/uploads\/2016\/03\/merik-150x150.jpg 150w, https:\/\/muraste.ee\/vana\/wp-content\/uploads\/2016\/03\/merik-300x300.jpg 300w, https:\/\/muraste.ee\/vana\/wp-content\/uploads\/2016\/03\/merik-768x768.jpg 768w, https:\/\/muraste.ee\/vana\/wp-content\/uploads\/2016\/03\/merik-624x624.jpg 624w\" sizes=\"(max-width: 960px) 100vw, 960px\" \/><\/a><\/p>\n<div class=\"_1mf _1mj\" data-offset-key=\"cki46-0-0\"><\/div>\n<div class=\"_1mf _1mj\" data-offset-key=\"cki46-0-0\"><\/div>\n<div class=\"_1mf _1mj\" data-offset-key=\"cki46-0-0\"><\/div>\n<div class=\"entry-content\"><\/div>\n<div class=\"_1mf _1mj\" data-offset-key=\"cki46-0-0\">\n<p><strong><a href=\"https:\/\/muraste.ee\/vana\/wp-content\/uploads\/2016\/03\/peenar2.jpg\" rel=\"attachment wp-att-4096\"><img decoding=\"async\" loading=\"lazy\" class=\" wp-image-4096 alignright\" src=\"https:\/\/muraste.ee\/vana\/wp-content\/uploads\/2016\/03\/peenar2-200x300.jpg\" alt=\"peenar2\" width=\"250\" height=\"375\" srcset=\"https:\/\/muraste.ee\/vana\/wp-content\/uploads\/2016\/03\/peenar2-200x300.jpg 200w, https:\/\/muraste.ee\/vana\/wp-content\/uploads\/2016\/03\/peenar2-624x936.jpg 624w, https:\/\/muraste.ee\/vana\/wp-content\/uploads\/2016\/03\/peenar2.jpg 640w\" sizes=\"(max-width: 250px) 100vw, 250px\" \/><\/a>Harku vallavalitsus annab teada:<\/strong>\u00a0&#8220;Harku vallavalitsus palub eramuomanikke ja korteri\u00fchistuid, koole ja lasteaedu ning ettev\u00f5tteid osalema heakorrakonkursile\u00a0<span style=\"color: #339966;\"><span style=\"color: #3366ff;\">\u201e<strong>Harku valla kaunis kodu 2017<\/strong><\/span><strong>\u201c.<\/strong><\/span><\/p>\n<p>Konkursile v\u00f5ivad oma eramu, korteri\u00fchistu, kooli, lasteaia v\u00f5i ettev\u00f5tte aia esitada k\u00f5ik valla kinnistuomanikud. Iga vallakodanik v\u00f5ib konkursile esitada ka naaberaia v\u00f5i teisi vallas asuvaid kauneid aedu. Palume teatada osalemissoovist\/soovitusest Harku vallavalitsusele kirjalikult e-posti teel\u00a0<a href=\"mailto:Marion.Aare@harku.ee\">Marion.Aare@harku.ee<\/a>\u00a0v\u00f5i suuliselt telefonil 600 3866. Kui esitate konkursile naabri v\u00f5i l\u00e4hikonnas oleva aia, palume v\u00f5imalusel osalemist arutada ka konkursile esitatud objekti omanikuga. Kandidaatide konkursile esitamise viimane t\u00e4htaeg on 31.07.2017.<\/p>\n<p>Konkursi objekte hindab vallavalitsuse moodustatud komisjon, kes vaatab heakorrakonkursil osalevad objektid \u00fcle ajavahemikus 1. augustist kuni 30. septembrini. Hinnatakse j\u00e4rgmist: objekti \u00fcldmulje, v\u00e4lishooldus ja sobivus maastikku, haljastus (lilled, hekid, puud jne), dekoratiivelemendid (sepised, skulptuurid, v\u00e4likaminad, kiviaiad jne). Konkursi parimad selgitab v\u00e4lja komisjon, esitades v\u00f5itjad seej\u00e4rel Harku vallavalitsusele kinnitamiseks. V\u00f5itjaid autasustatakse t\u00e4nukirja, meenelise auhinna v\u00f5i aiakaupluse kinkekaardiga. Ootame rohket osav\u00f5ttu!&#8221;<\/p>\n<\/div>\n<div class=\"_1mf _1mj\" data-offset-key=\"cki46-0-0\"><strong><span style=\"color: #ff6600;\">K\u00c4IMAS ON UUS PROJEKTIKONKURSS!<\/span><\/strong><\/div>\n<div class=\"_1mf _1mj\" data-offset-key=\"cki46-0-0\"><\/div>\n<div class=\"_1mf _1mj\" data-offset-key=\"cki46-0-0\"><a href=\"https:\/\/muraste.ee\/vana\/wp-content\/uploads\/2016\/03\/Taotlusvoor-2017-II.png\" rel=\"attachment wp-att-4055\"><img decoding=\"async\" loading=\"lazy\" class=\"alignnone size-full wp-image-4055\" src=\"https:\/\/muraste.ee\/vana\/wp-content\/uploads\/2016\/03\/Taotlusvoor-2017-II.png\" alt=\"Taotlusvoor 2017 II\" width=\"1255\" height=\"734\" srcset=\"https:\/\/muraste.ee\/vana\/wp-content\/uploads\/2016\/03\/Taotlusvoor-2017-II.png 1255w, https:\/\/muraste.ee\/vana\/wp-content\/uploads\/2016\/03\/Taotlusvoor-2017-II-300x175.png 300w, https:\/\/muraste.ee\/vana\/wp-content\/uploads\/2016\/03\/Taotlusvoor-2017-II-768x449.png 768w, https:\/\/muraste.ee\/vana\/wp-content\/uploads\/2016\/03\/Taotlusvoor-2017-II-1024x599.png 1024w, https:\/\/muraste.ee\/vana\/wp-content\/uploads\/2016\/03\/Taotlusvoor-2017-II-624x365.png 624w\" sizes=\"(max-width: 1255px) 100vw, 1255px\" \/><\/a><\/div>\n<div class=\"entry-content\">\n<div class=\"_1mf _1mj\" data-offset-key=\"cki46-0-0\">\n<div class=\"_1mf _1mj\" data-offset-key=\"cki46-0-0\"><span style=\"color: #ff00ff;\"><span style=\"color: #ff00ff;\"><span style=\"color: #ff00ff;\"><span style=\"color: #ff00ff;\"><strong><span style=\"color: #333399;\"><span style=\"color: #99cc00;\"><br \/>\n<\/span><\/span>REKLAAMINURK<\/strong><\/span><\/span><\/span><\/span><\/div>\n<div class=\"_1mf _1mj\" data-offset-key=\"cki46-0-0\"><\/div>\n<div class=\"_1mf _1mj\" data-offset-key=\"cki46-0-0\"><strong>EESTI- MAA- KAUP kutsub ostlema:<a href=\"https:\/\/muraste.ee\/vana\/wp-content\/uploads\/2016\/03\/viht.jpg\" rel=\"attachment wp-att-4074\"><img decoding=\"async\" loading=\"lazy\" class=\"size-thumbnail wp-image-4074 alignright\" src=\"https:\/\/muraste.ee\/vana\/wp-content\/uploads\/2016\/03\/viht-150x150.jpg\" alt=\"viht\" width=\"150\" height=\"150\" \/><\/a><\/strong><br \/>\n<em>Tahaks tulla vahvale\u00a0<\/em><br \/>\n<em>Muraste kandi rahvale<\/em><br \/>\n<em>pakkuma kraami, mis hea\u00a0<\/em><br \/>\n<em><em>ja kasvanud Eestimaa peal.<\/em><\/em>ALANUD ON SAUNAVIHTADE TELLIMINE (kask, valmistamisaeg 25. juuni-2.juuli, k\u00e4ttetoimetamine juuli esimeses pooles, hind 3 euri\/paar).<br \/>\nALATES JUULIST SAADAVAL EESTI V\u00c4IKETOOTJATE V\u00c4RSKED K\u00d6\u00d6GIVILJAD JA MESI. KAUBA KOJUTELLIMINE VASTAVALT SOOVIDELE, K\u00dcSIDA V\u00d5IB K\u00d5IKE.\u00a0<strong>TELLI V\u00c4RSKE KAUP KOJU! \u00a0<\/strong>TELLIMNE\u00a0 teetju@hot.ee,\u00a0TEET, tel. 51 971185<\/div>\n<\/div>\n<div class=\"_1mf _1mj\" data-offset-key=\"cki46-0-0\"><\/div>\n<div class=\"_1mf _1mj\" data-offset-key=\"cki46-0-0\">\n<div class=\"_1mf _1mj\" data-offset-key=\"cki46-0-0\"><strong><span style=\"color: #339966;\"><br \/>\nTEADETETA<img decoding=\"async\" loading=\"lazy\" class=\"size-medium wp-image-3740 alignright\" src=\"https:\/\/muraste.ee\/vana\/wp-content\/uploads\/2016\/03\/stend-300x224.jpg\" sizes=\"(max-width: 300px) 100vw, 300px\" srcset=\"https:\/\/muraste.ee\/vana\/wp-content\/uploads\/2016\/03\/stend-300x224.jpg 300w, https:\/\/muraste.ee\/vana\/wp-content\/uploads\/2016\/03\/stend-768x572.jpg 768w, https:\/\/muraste.ee\/vana\/wp-content\/uploads\/2016\/03\/stend-1024x763.jpg 1024w, https:\/\/muraste.ee\/vana\/wp-content\/uploads\/2016\/03\/stend-624x465.jpg 624w, https:\/\/muraste.ee\/vana\/wp-content\/uploads\/2016\/03\/stend.jpg 1300w\" alt=\"stend\" width=\"300\" height=\"224\" \/>HVEL<\/span><\/strong><\/div>\n<div class=\"_1mf _1mj\" data-offset-key=\"cki46-0-0\"><\/div>\n<div class=\"_1mf _1mj\" data-offset-key=\"cki46-0-0\">\n<p><strong>Soovid avaldada oma reklaami<\/strong>\u00a0meie infokanalites? Juhised on\u00a0<strong>siin<\/strong>!<\/p>\n<\/div>\n<div class=\"_1mf _1mj\" data-offset-key=\"cki46-0-0\"><strong>Soovid kasutada<\/strong>\u00a0m\u00f5nd Muraste k\u00fclaseltsi poolt pakutavat<strong>\u00a0teenust<\/strong>? V\u00f5imalused on<strong>\u00a0siin!<\/strong><\/div>\n<div class=\"_1mf _1mj\" data-offset-key=\"cki46-0-0\"><\/div>\n<div class=\"_1mf _1mj\" data-offset-key=\"cki46-0-0\"><\/div>\n<p><strong>Teadmiseks:\u00a0<\/strong>Muraste igan\u00e4dalase e-infokirjaga liitumiseks saada sellekohane teade muraste@muraste.ee<br \/>\n<strong>Muraste kogukonnakeskus\u00a0<\/strong>(Lee tee 9, Muraste) avatud E-N 10-18, R 10-16.\u00a0<span style=\"color: #ff6600;\"><strong>Suveperioodil tasub enne kohaletulemist igaks juhuks helistada 5253128 (Aule Kikas)!<\/strong><\/span><br \/>\n<strong>T\u00e4psustused ja info:<\/strong>\u00a0kogukonnakeskus@muraste.ee;\u00a05253128 (Aule Kikas).<\/p>\n<p><strong>\u00a0<\/strong><\/p>\n<\/div>\n<\/div>\n","protected":false},"excerpt":{"rendered":"<p>SUVI MURASTES* Rooside &#8211; lillede kuninganna \u00f5itseaeg on alanud!. *AT- koolimaja aatrium, SP- spordihoone; KO-kogukonnakeskuse ruum; \u00a0 KL- klassiruum;\u00a0\u00a0 Teisip\u00e4ev, \u00a011.juuli kl 18 KL,\u00a0Inglise keele kursus\u00a0(algteadmisi omajatel on v\u00f5imalus liituda ka juba t\u00f6\u00f6tava grupiga).\u00a0K\u00fcsi lisa juhendajalt tel 56575575. kl 18 AT,\u00a0Rahvatantsur\u00fchma proov kl 19-20.30 SP,\u00a0V\u00f5rkpall\u00a0(naised\/mehed)- oodatud on k\u00f5ik v\u00f5rkpallihuvilised!; Neljap\u00e4ev, 12. juuli kl 18.30 KO,<a class=\"moretag\" href=\"https:\/\/muraste.ee\/vana\/?page_id=4127\"><br \/>&#8230;Loe edasi<\/a><\/p>\n","protected":false},"author":2,"featured_media":0,"parent":0,"menu_order":0,"comment_status":"closed","ping_status":"closed","template":"nadalakava.php","meta":{"_bbp_topic_count":0,"_bbp_reply_count":0,"_bbp_total_topic_count":0,"_bbp_total_reply_count":0,"_bbp_voice_count":0,"_bbp_anonymous_reply_count":0,"_bbp_topic_count_hidden":0,"_bbp_reply_count_hidden":0,"_bbp_forum_subforum_count":0,"_mc_calendar":[]},"_links":{"self":[{"href":"https:\/\/muraste.ee\/vana\/index.php?rest_route=\/wp\/v2\/pages\/4127"}],"collection":[{"href":"https:\/\/muraste.ee\/vana\/index.php?rest_route=\/wp\/v2\/pages"}],"about":[{"href":"https:\/\/muraste.ee\/vana\/index.php?rest_route=\/wp\/v2\/types\/page"}],"author":[{"embeddable":true,"href":"https:\/\/muraste.ee\/vana\/index.php?rest_route=\/wp\/v2\/users\/2"}],"replies":[{"embeddable":true,"href":"https:\/\/muraste.ee\/vana\/index.php?rest_route=%2Fwp%2Fv2%2Fcomments&post=4127"}],"version-history":[{"count":1,"href":"https:\/\/muraste.ee\/vana\/index.php?rest_route=\/wp\/v2\/pages\/4127\/revisions"}],"predecessor-version":[{"id":4129,"href":"https:\/\/muraste.ee\/vana\/index.php?rest_route=\/wp\/v2\/pages\/4127\/revisions\/4129"}],"wp:attachment":[{"href":"https:\/\/muraste.ee\/vana\/index.php?rest_route=%2Fwp%2Fv2%2Fmedia&parent=4127"}],"curies":[{"name":"wp","href":"https:\/\/api.w.org\/{rel}","templated":true}]}}