{"id":4190,"date":"2017-08-09T16:29:30","date_gmt":"2017-08-09T13:29:30","guid":{"rendered":"https:\/\/muraste.ee\/vana\/?page_id=4190"},"modified":"2017-08-09T16:29:30","modified_gmt":"2017-08-09T13:29:30","slug":"nadal-31-2","status":"publish","type":"page","link":"https:\/\/muraste.ee\/vana\/?page_id=4190","title":{"rendered":"N\u00e4dal 31"},"content":{"rendered":"<header class=\"entry-header\">\n<h1 class=\"entry-title\" style=\"text-align: center;\"><span style=\"color: #ff6600;\"><strong>SUVI MURASTES*<\/strong><\/span><\/h1>\n<h1 class=\"entry-title\" style=\"text-align: center;\"><a href=\"https:\/\/muraste.ee\/vana\/wp-content\/uploads\/2016\/03\/marit.jpg\" rel=\"attachment wp-att-4156\"><img decoding=\"async\" loading=\"lazy\" class=\"alignnone size-medium wp-image-4156\" src=\"https:\/\/muraste.ee\/vana\/wp-content\/uploads\/2016\/03\/marit-300x225.jpg\" alt=\"marit\" width=\"300\" height=\"225\" srcset=\"https:\/\/muraste.ee\/vana\/wp-content\/uploads\/2016\/03\/marit-300x225.jpg 300w, https:\/\/muraste.ee\/vana\/wp-content\/uploads\/2016\/03\/marit-768x575.jpg 768w, https:\/\/muraste.ee\/vana\/wp-content\/uploads\/2016\/03\/marit-624x467.jpg 624w, https:\/\/muraste.ee\/vana\/wp-content\/uploads\/2016\/03\/marit.jpg 960w\" sizes=\"(max-width: 300px) 100vw, 300px\" \/><\/a><br \/>\nKaunis koduaed Murastes.<\/h1>\n<\/header>\n<div class=\"entry-content\" style=\"text-align: left;\">\n<h5>*AT- koolimaja aatrium, SP- spordihoone; KO-kogukonnakeskuse ruum; \u00a0 KL- klassiruum;<\/h5>\n<p><span style=\"color: #ff6600;\"><strong>Teisip\u00e4ev, \u00a01. august<\/strong><\/span><br \/>\nkl 18 KL,\u00a0Inglise keele kursus\u00a0<em>(I grupp, algteadmisi omajatel on v\u00f5imalus liituda ka juba t\u00f6\u00f6tava grupiga).<\/em>\u00a0K\u00fcsi lisa juhendajalt tel 56575575.<br \/>\nkl 19-20.30 SP, V\u00f5rkpall\u00a0<em>(naised\/mehed)- oodatud on k\u00f5ik v\u00f5rkpallihuvilised!;<br \/>\nkl 19<span style=\"color: #ff0000;\">\u00a0<strong>UUS!<\/strong>\u00a0L\u00e4hme k\u00fclla!<\/span>\u00a0<\/em>\u00a0<strong>Kontsert-helir\u00e4nnak<\/strong>\u00a0Suurupis:\u00a0<strong>Minu S\u00fcda, Taevas ja Maa.\u00a0<\/strong><br \/>\nOsalustasu on 10\/15 eurot, kahekesi tulijatele, peredele ja v\u00e4hevaralistele soodustus.<br \/>\n<a href=\"https:\/\/muraste.ee\/vana\/wp-content\/uploads\/2016\/03\/s\u00fcda.jpg\" rel=\"attachment wp-att-4161\"><img decoding=\"async\" loading=\"lazy\" class=\"alignnone size-full wp-image-4161\" src=\"https:\/\/muraste.ee\/vana\/wp-content\/uploads\/2016\/03\/s\u00fcda.jpg\" alt=\"s\u00fcda\" width=\"960\" height=\"540\" srcset=\"https:\/\/muraste.ee\/vana\/wp-content\/uploads\/2016\/03\/s\u00fcda.jpg 960w, https:\/\/muraste.ee\/vana\/wp-content\/uploads\/2016\/03\/s\u00fcda-300x169.jpg 300w, https:\/\/muraste.ee\/vana\/wp-content\/uploads\/2016\/03\/s\u00fcda-768x432.jpg 768w, https:\/\/muraste.ee\/vana\/wp-content\/uploads\/2016\/03\/s\u00fcda-624x351.jpg 624w, https:\/\/muraste.ee\/vana\/wp-content\/uploads\/2016\/03\/s\u00fcda-128x72.jpg 128w\" sizes=\"(max-width: 960px) 100vw, 960px\" \/><\/a>,<br \/>\n<strong><span style=\"color: #ff6600;\">Neljap\u00e4ev, 3. august<br \/>\n<\/span><\/strong><span style=\"color: #000000;\">kl 18.30 KL,\u00a0<strong>Inglise keele\u00a0kursus<\/strong><em>\u00a0(II grupp,\u00a0<\/em>algajatele ja uuesti alustajatele). \u00a0T\u00e4psem info marethein@gmail.com, tel 56575575.<\/span><\/p>\n<p><strong><a href=\"https:\/\/muraste.ee\/vana\/wp-content\/uploads\/2016\/03\/saks.jpg\" rel=\"attachment wp-att-4131\"><img decoding=\"async\" loading=\"lazy\" class=\"size-medium wp-image-4131 alignright\" src=\"https:\/\/muraste.ee\/vana\/wp-content\/uploads\/2016\/03\/saks-300x200.jpg\" alt=\"saks\" width=\"300\" height=\"200\" srcset=\"https:\/\/muraste.ee\/vana\/wp-content\/uploads\/2016\/03\/saks-300x200.jpg 300w, https:\/\/muraste.ee\/vana\/wp-content\/uploads\/2016\/03\/saks-768x511.jpg 768w, https:\/\/muraste.ee\/vana\/wp-content\/uploads\/2016\/03\/saks-624x415.jpg 624w, https:\/\/muraste.ee\/vana\/wp-content\/uploads\/2016\/03\/saks.jpg 960w\" sizes=\"(max-width: 300px) 100vw, 300px\" \/><\/a><br \/>\n<\/strong><\/p>\n<p><strong><a href=\"https:\/\/muraste.ee\/vana\/wp-content\/uploads\/2016\/03\/ounap.jpg\" rel=\"attachment wp-att-4132\"><img decoding=\"async\" loading=\"lazy\" class=\"size-medium wp-image-4132 alignright\" src=\"https:\/\/muraste.ee\/vana\/wp-content\/uploads\/2016\/03\/ounap-300x200.jpg\" alt=\"ounap\" width=\"300\" height=\"200\" srcset=\"https:\/\/muraste.ee\/vana\/wp-content\/uploads\/2016\/03\/ounap-300x200.jpg 300w, https:\/\/muraste.ee\/vana\/wp-content\/uploads\/2016\/03\/ounap-768x511.jpg 768w, https:\/\/muraste.ee\/vana\/wp-content\/uploads\/2016\/03\/ounap-624x415.jpg 624w, https:\/\/muraste.ee\/vana\/wp-content\/uploads\/2016\/03\/ounap.jpg 960w\" sizes=\"(max-width: 300px) 100vw, 300px\" \/><\/a><span style=\"color: #ff6600;\">Ilus meenutus:<\/span><\/strong>\u00a0M\u00f6\u00f6dunud p\u00fchap\u00e4eval (30. juulil) avasid huvilistele oma\u00a0<strong>imelised koduaiad perekond Saks<\/strong>\u00a0Kolmikkaare t\u00e4navalt ja\u00a0<strong>perekond \u00d5unap<\/strong>\u00a0Ringi t\u00e4navalt. Oli kauneid lilli, maitsekaid v\u00e4rvilahendusi, p\u00f5nevaid koosluseid, rahulikke puhkekohti, praktilisi aianurki ning aktiivseid tegelusalasid. Kiitus ja t\u00e4nu ilu loojatele ja inspireerivat eeskuju pakkuvatele peredele. Tuhat t\u00e4nu ka<strong>\u00a0Harku Valla Aiaseltsile<\/strong>\u00a0korralduse eest &#8211; loodame, et j\u00e4rgmisel aastal on kauneid ja avatud aedu veelgi enam!<\/p>\n<p><strong><span style=\"color: #000000;\"><strong><span style=\"color: #ff6600;\">Laup\u00e4ev, 12. august<\/span><br \/>\n<\/strong><\/span><\/strong><span style=\"color: #000000;\">kl 12-16\u00a0<strong><span style=\"color: #ff0000;\">UUS!\u00a0<\/span>Muraste kohvikute p\u00e4ev ja garaazim\u00fc\u00fck<\/strong>; \u00a0Rohkem infot\u00a0<strong><span style=\"color: #ff0000;\"><a style=\"color: #ff0000;\" href=\"https:\/\/muraste.ee\/vana\/?p=4116\" target=\"_blank\">SIIN<\/a><\/span><\/strong>!<br \/>\nkl 20<strong><span style=\"color: #ff0000;\">\u00a0UUS! \u00a0<span style=\"color: #000000;\">Hoovi<\/span><\/span><span style=\"color: #000000;\">kontsert<\/span><\/strong>\u00a0&#8211; esineb Anett Tamm.\u00a0\u00a0<\/span><strong><span style=\"color: #000000;\"><strong><br \/>\n<\/strong><a href=\"https:\/\/muraste.ee\/vana\/wp-content\/uploads\/2017\/07\/gar-aug17-uus.jpg\" rel=\"attachment wp-att-4117\"><img decoding=\"async\" loading=\"lazy\" class=\"alignnone size-full wp-image-4117\" src=\"https:\/\/muraste.ee\/vana\/wp-content\/uploads\/2017\/07\/gar-aug17-uus.jpg\" alt=\"gar aug17 uus\" width=\"960\" height=\"678\" srcset=\"https:\/\/muraste.ee\/vana\/wp-content\/uploads\/2017\/07\/gar-aug17-uus.jpg 960w, https:\/\/muraste.ee\/vana\/wp-content\/uploads\/2017\/07\/gar-aug17-uus-300x212.jpg 300w, https:\/\/muraste.ee\/vana\/wp-content\/uploads\/2017\/07\/gar-aug17-uus-768x542.jpg 768w, https:\/\/muraste.ee\/vana\/wp-content\/uploads\/2017\/07\/gar-aug17-uus-624x441.jpg 624w\" sizes=\"(max-width: 960px) 100vw, 960px\" \/><\/a><br \/>\n<\/span><\/strong><\/p>\n<p><strong><span style=\"color: #ff6600;\">Laup\u00e4ev, 2. september\u00a0<\/span><\/strong><br \/>\nkl 12<span style=\"color: #3366ff;\">\u00a0<strong>Muraste lennukas perep\u00e4ev!<\/strong><\/span><\/p>\n<\/div>\n<div class=\"entry-content\"><\/div>\n<div class=\"_1mf _1mj\" data-offset-key=\"cki46-0-0\"><strong><span style=\"color: #ff6600;\">K\u00c4IMAS ON UUS PROJEKTIKONKURSS!<\/span><\/strong><\/div>\n<div class=\"_1mf _1mj\" data-offset-key=\"cki46-0-0\"><\/div>\n<div class=\"_1mf _1mj\" data-offset-key=\"cki46-0-0\"><a href=\"https:\/\/muraste.ee\/vana\/wp-content\/uploads\/2016\/03\/Taotlusvoor-2017-II.png\" rel=\"attachment wp-att-4055\"><img decoding=\"async\" loading=\"lazy\" class=\"alignnone size-full wp-image-4055\" src=\"https:\/\/muraste.ee\/vana\/wp-content\/uploads\/2016\/03\/Taotlusvoor-2017-II.png\" alt=\"Taotlusvoor 2017 II\" width=\"1255\" height=\"734\" srcset=\"https:\/\/muraste.ee\/vana\/wp-content\/uploads\/2016\/03\/Taotlusvoor-2017-II.png 1255w, https:\/\/muraste.ee\/vana\/wp-content\/uploads\/2016\/03\/Taotlusvoor-2017-II-300x175.png 300w, https:\/\/muraste.ee\/vana\/wp-content\/uploads\/2016\/03\/Taotlusvoor-2017-II-768x449.png 768w, https:\/\/muraste.ee\/vana\/wp-content\/uploads\/2016\/03\/Taotlusvoor-2017-II-1024x599.png 1024w, https:\/\/muraste.ee\/vana\/wp-content\/uploads\/2016\/03\/Taotlusvoor-2017-II-624x365.png 624w\" sizes=\"(max-width: 1255px) 100vw, 1255px\" \/><\/a><\/div>\n<div class=\"_1mf _1mj\" data-offset-key=\"cki46-0-0\"><\/div>\n<div class=\"_1mf _1mj\" data-offset-key=\"cki46-0-0\"><span style=\"color: #ff0000;\"><strong>UUS!<\/strong><\/span>\u00a0Ka uuel hooajal on teisip\u00e4evad Murastes seltskonatantsup\u00e4evad!<\/div>\n<div class=\"entry-content\">\n<div class=\"_1mf _1mj\" data-offset-key=\"cki46-0-0\">\n<div class=\"_1mf _1mj\" data-offset-key=\"cki46-0-0\"><\/div>\n<div class=\"_1mf _1mj\" data-offset-key=\"cki46-0-0\"><a href=\"https:\/\/muraste.ee\/vana\/wp-content\/uploads\/2016\/03\/revalia_muraste1.jpg\" rel=\"attachment wp-att-4137\"><img decoding=\"async\" loading=\"lazy\" class=\"alignnone size-medium wp-image-4137\" src=\"https:\/\/muraste.ee\/vana\/wp-content\/uploads\/2016\/03\/revalia_muraste1-212x300.jpg\" alt=\"revalia_muraste1\" width=\"212\" height=\"300\" srcset=\"https:\/\/muraste.ee\/vana\/wp-content\/uploads\/2016\/03\/revalia_muraste1-212x300.jpg 212w, https:\/\/muraste.ee\/vana\/wp-content\/uploads\/2016\/03\/revalia_muraste1-768x1086.jpg 768w, https:\/\/muraste.ee\/vana\/wp-content\/uploads\/2016\/03\/revalia_muraste1-724x1024.jpg 724w, https:\/\/muraste.ee\/vana\/wp-content\/uploads\/2016\/03\/revalia_muraste1-624x883.jpg 624w, https:\/\/muraste.ee\/vana\/wp-content\/uploads\/2016\/03\/revalia_muraste1.jpg 900w\" sizes=\"(max-width: 212px) 100vw, 212px\" \/><\/a>\u00a0\u00a0\u00a0\u00a0<a href=\"https:\/\/muraste.ee\/vana\/wp-content\/uploads\/2016\/03\/revalia_muraste2.jpg\" rel=\"attachment wp-att-4138\"><img decoding=\"async\" loading=\"lazy\" class=\"alignnone size-medium wp-image-4138\" src=\"https:\/\/muraste.ee\/vana\/wp-content\/uploads\/2016\/03\/revalia_muraste2-212x300.jpg\" alt=\"revalia_muraste2\" width=\"212\" height=\"300\" srcset=\"https:\/\/muraste.ee\/vana\/wp-content\/uploads\/2016\/03\/revalia_muraste2-212x300.jpg 212w, https:\/\/muraste.ee\/vana\/wp-content\/uploads\/2016\/03\/revalia_muraste2-768x1086.jpg 768w, https:\/\/muraste.ee\/vana\/wp-content\/uploads\/2016\/03\/revalia_muraste2-724x1024.jpg 724w, https:\/\/muraste.ee\/vana\/wp-content\/uploads\/2016\/03\/revalia_muraste2-624x883.jpg 624w, https:\/\/muraste.ee\/vana\/wp-content\/uploads\/2016\/03\/revalia_muraste2.jpg 900w\" sizes=\"(max-width: 212px) 100vw, 212px\" \/><\/a><\/div>\n<div class=\"_1mf _1mj\" data-offset-key=\"cki46-0-0\"><\/div>\n<div class=\"_1mf _1mj\" data-offset-key=\"cki46-0-0\"><\/div>\n<div class=\"_1mf _1mj\" data-offset-key=\"cki46-0-0\"><span style=\"color: #ff00ff;\"><span style=\"color: #ff00ff;\"><span style=\"color: #ff00ff;\"><span style=\"color: #ff00ff;\"><strong>REKLAAMINURK<\/strong><\/span><\/span><\/span><\/span><\/div>\n<div class=\"_1mf _1mj\" data-offset-key=\"cki46-0-0\"><\/div>\n<div class=\"_1mf _1mj\" data-offset-key=\"cki46-0-0\"><strong>EESTI- MAA- KAUP kutsub ostlema:<a href=\"https:\/\/muraste.ee\/vana\/wp-content\/uploads\/2016\/03\/viht.jpg\" rel=\"attachment wp-att-4074\"><img decoding=\"async\" loading=\"lazy\" class=\"size-thumbnail wp-image-4074 alignright\" src=\"https:\/\/muraste.ee\/vana\/wp-content\/uploads\/2016\/03\/viht-150x150.jpg\" alt=\"viht\" width=\"150\" height=\"150\" \/><\/a><\/strong><br \/>\n<em>Tahaks tulla vahvale\u00a0<\/em><br \/>\n<em>Muraste kandi rahvale<\/em><br \/>\n<em>pakkuma kraami, mis hea\u00a0<\/em><br \/>\n<em><em>ja kasvanud Eestimaa peal.\u00a0<\/em><\/em><br \/>\nALATES JUULIST SAADAVAL EESTI V\u00c4IKETOOTJATE V\u00c4RSKED K\u00d6\u00d6GIVILJAD JA MESI. KAUBA KOJUTELLIMINE VASTAVALT SOOVIDELE, K\u00dcSIDA V\u00d5IB K\u00d5IKE.\u00a0<strong>TELLI V\u00c4RSKE KAUP KOJU! \u00a0<\/strong>TELLIMNE\u00a0 teetju@hot.ee,\u00a0TEET, tel. 51 971185<\/div>\n<\/div>\n<div class=\"_1mf _1mj\" data-offset-key=\"cki46-0-0\"><\/div>\n<div class=\"_1mf _1mj\" data-offset-key=\"cki46-0-0\">\n<div class=\"_1mf _1mj\" data-offset-key=\"cki46-0-0\"><strong><span style=\"color: #339966;\"><br \/>\nTEADETETA<img decoding=\"async\" loading=\"lazy\" class=\"size-medium wp-image-3740 alignright\" src=\"https:\/\/muraste.ee\/vana\/wp-content\/uploads\/2016\/03\/stend-300x224.jpg\" sizes=\"(max-width: 300px) 100vw, 300px\" srcset=\"https:\/\/muraste.ee\/vana\/wp-content\/uploads\/2016\/03\/stend-300x224.jpg 300w, https:\/\/muraste.ee\/vana\/wp-content\/uploads\/2016\/03\/stend-768x572.jpg 768w, https:\/\/muraste.ee\/vana\/wp-content\/uploads\/2016\/03\/stend-1024x763.jpg 1024w, https:\/\/muraste.ee\/vana\/wp-content\/uploads\/2016\/03\/stend-624x465.jpg 624w, https:\/\/muraste.ee\/vana\/wp-content\/uploads\/2016\/03\/stend.jpg 1300w\" alt=\"stend\" width=\"300\" height=\"224\" \/>HVEL<\/span><\/strong><\/div>\n<div class=\"_1mf _1mj\" data-offset-key=\"cki46-0-0\"><\/div>\n<div class=\"_1mf _1mj\" data-offset-key=\"cki46-0-0\">\n<p><strong>Soovid avaldada oma reklaami<\/strong>\u00a0meie infokanalites? Juhised on\u00a0<strong>siin<\/strong>!<\/p>\n<\/div>\n<div class=\"_1mf _1mj\" data-offset-key=\"cki46-0-0\"><strong>Soovid kasutada<\/strong>\u00a0m\u00f5nd Muraste k\u00fclaseltsi poolt pakutavat<strong>\u00a0teenust<\/strong>? V\u00f5imalused on<strong>\u00a0siin!<\/strong><\/div>\n<div class=\"_1mf _1mj\" data-offset-key=\"cki46-0-0\"><\/div>\n<div class=\"_1mf _1mj\" data-offset-key=\"cki46-0-0\"><\/div>\n<p><strong>Teadmiseks:\u00a0<\/strong>Muraste igan\u00e4dalase e-infokirjaga liitumiseks saada sellekohane teade muraste@muraste.ee<br \/>\n<strong>Muraste kogukonnakeskus\u00a0<\/strong>(Lee tee 9, Muraste) avatud E-N 10-18, R 10-16.\u00a0<span style=\"color: #ff6600;\"><strong>Suveperioodil tasub enne kohaletulemist igaks juhuks helistada 5253128 (Aule Kikas)!<\/strong><\/span><br \/>\n<strong>T\u00e4psustused ja info:<\/strong>\u00a0kogukonnakeskus@muraste.ee;\u00a05253128 (Aule Kikas).<\/p>\n<p><strong>\u00a0<\/strong><\/p>\n<\/div>\n<\/div>\n","protected":false},"excerpt":{"rendered":"<p>SUVI MURASTES* Kaunis koduaed Murastes. *AT- koolimaja aatrium, SP- spordihoone; KO-kogukonnakeskuse ruum; \u00a0 KL- klassiruum; Teisip\u00e4ev, \u00a01. august kl 18 KL,\u00a0Inglise keele kursus\u00a0(I grupp, algteadmisi omajatel on v\u00f5imalus liituda ka juba t\u00f6\u00f6tava grupiga).\u00a0K\u00fcsi lisa juhendajalt tel 56575575. kl 19-20.30 SP, V\u00f5rkpall\u00a0(naised\/mehed)- oodatud on k\u00f5ik v\u00f5rkpallihuvilised!; kl 19\u00a0UUS!\u00a0L\u00e4hme k\u00fclla!\u00a0\u00a0Kontsert-helir\u00e4nnak\u00a0Suurupis:\u00a0Minu S\u00fcda, Taevas ja Maa.\u00a0 Osalustasu on 10\/15<a class=\"moretag\" href=\"https:\/\/muraste.ee\/vana\/?page_id=4190\"><br \/>&#8230;Loe edasi<\/a><\/p>\n","protected":false},"author":2,"featured_media":0,"parent":0,"menu_order":0,"comment_status":"closed","ping_status":"closed","template":"","meta":{"_bbp_topic_count":0,"_bbp_reply_count":0,"_bbp_total_topic_count":0,"_bbp_total_reply_count":0,"_bbp_voice_count":0,"_bbp_anonymous_reply_count":0,"_bbp_topic_count_hidden":0,"_bbp_reply_count_hidden":0,"_bbp_forum_subforum_count":0,"_mc_calendar":[]},"_links":{"self":[{"href":"https:\/\/muraste.ee\/vana\/index.php?rest_route=\/wp\/v2\/pages\/4190"}],"collection":[{"href":"https:\/\/muraste.ee\/vana\/index.php?rest_route=\/wp\/v2\/pages"}],"about":[{"href":"https:\/\/muraste.ee\/vana\/index.php?rest_route=\/wp\/v2\/types\/page"}],"author":[{"embeddable":true,"href":"https:\/\/muraste.ee\/vana\/index.php?rest_route=\/wp\/v2\/users\/2"}],"replies":[{"embeddable":true,"href":"https:\/\/muraste.ee\/vana\/index.php?rest_route=%2Fwp%2Fv2%2Fcomments&post=4190"}],"version-history":[{"count":1,"href":"https:\/\/muraste.ee\/vana\/index.php?rest_route=\/wp\/v2\/pages\/4190\/revisions"}],"predecessor-version":[{"id":4192,"href":"https:\/\/muraste.ee\/vana\/index.php?rest_route=\/wp\/v2\/pages\/4190\/revisions\/4192"}],"wp:attachment":[{"href":"https:\/\/muraste.ee\/vana\/index.php?rest_route=%2Fwp%2Fv2%2Fmedia&parent=4190"}],"curies":[{"name":"wp","href":"https:\/\/api.w.org\/{rel}","templated":true}]}}