{"id":4308,"date":"2017-08-28T07:54:43","date_gmt":"2017-08-28T04:54:43","guid":{"rendered":"https:\/\/muraste.ee\/vana\/?page_id=4308"},"modified":"2017-08-28T07:54:43","modified_gmt":"2017-08-28T04:54:43","slug":"nadal-34-2","status":"publish","type":"page","link":"https:\/\/muraste.ee\/vana\/?page_id=4308","title":{"rendered":"N\u00e4dal 34"},"content":{"rendered":"<header class=\"entry-header\">\n<h1 class=\"entry-title\" style=\"text-align: center;\"><span style=\"color: #3366ff;\"><strong>N\u00c4DAL 34 MURASTES*<\/strong><\/span><\/h1>\n<\/header>\n<div class=\"entry-content\" style=\"text-align: left;\">\n<p style=\"text-align: center;\"><span style=\"color: #999999;\"><em>*AT- koolimaja aatrium, SP- spordihoone; KO-kogukonnakeskuse ruum; \u00a0 KL- klassiruum;<br \/>\n<a href=\"https:\/\/muraste.ee\/vana\/wp-content\/uploads\/2016\/03\/murasre-s\u00f5nad.jpg\" rel=\"attachment wp-att-4252\"><img decoding=\"async\" loading=\"lazy\" class=\"alignnone size-medium wp-image-4252\" src=\"https:\/\/muraste.ee\/vana\/wp-content\/uploads\/2016\/03\/murasre-s\u00f5nad-300x158.jpg\" alt=\"murasre s\u00f5nad\" width=\"300\" height=\"158\" srcset=\"https:\/\/muraste.ee\/vana\/wp-content\/uploads\/2016\/03\/murasre-s\u00f5nad-300x158.jpg 300w, https:\/\/muraste.ee\/vana\/wp-content\/uploads\/2016\/03\/murasre-s\u00f5nad-624x328.jpg 624w, https:\/\/muraste.ee\/vana\/wp-content\/uploads\/2016\/03\/murasre-s\u00f5nad.jpg 720w\" sizes=\"(max-width: 300px) 100vw, 300px\" \/><\/a><br \/>\n<\/em><\/span><\/p>\n<p><span style=\"color: #3366ff;\"><strong>Esmasp\u00e4ev, \u00a021. august<\/strong><\/span><br \/>\nkl 19 KO,<em>\u00a0\u00a0<\/em><span style=\"color: #ff0000;\"><strong>UUS!<\/strong><\/span><em><strong>\u00a0Muraste Liikumisklubi \u00fchisliikumine: Veokruiis \u00a0Villemiga.\u00a0<\/strong><em>Attention! T\u00e4helepanu! Uzman\u012bba! Juunikuus ebasoodsate ilmaolude t\u00f5ttu \u00e4ra j\u00e4\u00e4nud maastikuratta kruiis\u00a0<a class=\"profileLink\" href=\"https:\/\/www.facebook.com\/villem.tonisberg?fref=mentions\" data-hovercard=\"\/ajax\/hovercard\/user.php?id=620834257&amp;extragetparams=%7B%22fref%22%3A%22mentions%22%2C%22directed_target_id%22%3A557718107633442%7D\" data-hovercard-prefer-more-content-show=\"1\">Villem T\u00f5nisberg<\/a>iga saab Muraste Liikumisklubi egiidi all n\u00fc\u00fcd teoks. Rattaringile lisaks on men\u00fc\u00fcs kepik\u00f5nd. Kohtumiseni, head klubiliikmed! Kohtmispaik sama &#8211; Muraste kogukonnakeskuse juures!<br \/>\n<a href=\"https:\/\/muraste.ee\/vana\/wp-content\/uploads\/2016\/03\/aug-liikuma.jpg\" rel=\"attachment wp-att-4195\"><img decoding=\"async\" loading=\"lazy\" class=\"alignnone size-full wp-image-4195\" src=\"https:\/\/muraste.ee\/vana\/wp-content\/uploads\/2016\/03\/aug-liikuma.jpg\" alt=\"aug liikuma\" width=\"720\" height=\"1040\" srcset=\"https:\/\/muraste.ee\/vana\/wp-content\/uploads\/2016\/03\/aug-liikuma.jpg 720w, https:\/\/muraste.ee\/vana\/wp-content\/uploads\/2016\/03\/aug-liikuma-208x300.jpg 208w, https:\/\/muraste.ee\/vana\/wp-content\/uploads\/2016\/03\/aug-liikuma-709x1024.jpg 709w, https:\/\/muraste.ee\/vana\/wp-content\/uploads\/2016\/03\/aug-liikuma-624x901.jpg 624w\" sizes=\"(max-width: 720px) 100vw, 720px\" \/><\/a><\/em><br \/>\n<\/em><\/p>\n<p><span style=\"color: #3366ff;\"><strong>Teisip\u00e4ev, \u00a022. august<\/strong><\/span><br \/>\nkl 18 KL,\u00a0Inglise keele kursus\u00a0<em>(I grupp, algteadmisi omajatel on v\u00f5imalus liituda ka juba t\u00f6\u00f6tava grupiga).<\/em>\u00a0K\u00fcsi lisa juhendajalt tel 56575575.<br \/>\nkl 19-20.30 SP, V\u00f5rkpall\u00a0<em>(naised\/mehed)- oodatud on k\u00f5ik v\u00f5rkpallihuvilised!;<\/em><\/p>\n<p><strong><span style=\"color: #ff6600;\"><span style=\"color: #3366ff;\">Neljap\u00e4ev, 24. august<\/span><br \/>\n<\/span><\/strong><span style=\"color: #000000;\">kl 18.30 KL,\u00a0<strong>Inglise keele\u00a0kursus<\/strong><em>\u00a0(II grupp,\u00a0<\/em>algajatele ja uuesti alustajatele). \u00a0T\u00e4psem info marethein@gmail.com, tel 56575575.<\/span><\/p>\n<p><span style=\"color: #99cc00;\"><strong>T\u00d6\u00d6D MURASTE RULAPARGI EHITUSEL K\u00c4IVAD. 21. AUGUSTIL SAAB PLATS ASFALTKATTE!<br \/>\n<a href=\"https:\/\/muraste.ee\/vana\/wp-content\/uploads\/2016\/03\/asfalt.jpg\" rel=\"attachment wp-att-4269\"><img decoding=\"async\" loading=\"lazy\" class=\"alignnone size-large wp-image-4269\" src=\"https:\/\/muraste.ee\/vana\/wp-content\/uploads\/2016\/03\/asfalt-1024x599.jpg\" alt=\"asfalt\" width=\"625\" height=\"366\" srcset=\"https:\/\/muraste.ee\/vana\/wp-content\/uploads\/2016\/03\/asfalt-1024x599.jpg 1024w, https:\/\/muraste.ee\/vana\/wp-content\/uploads\/2016\/03\/asfalt-300x176.jpg 300w, https:\/\/muraste.ee\/vana\/wp-content\/uploads\/2016\/03\/asfalt-768x450.jpg 768w, https:\/\/muraste.ee\/vana\/wp-content\/uploads\/2016\/03\/asfalt-624x365.jpg 624w, https:\/\/muraste.ee\/vana\/wp-content\/uploads\/2016\/03\/asfalt.jpg 1230w\" sizes=\"(max-width: 625px) 100vw, 625px\" \/><\/a><br \/>\n<\/strong><\/span><\/p>\n<p><span style=\"color: #99cc00;\"><strong>TULEKUL:\u00a0<\/strong><\/span><span style=\"color: #000000;\">Laup\u00e4ev, 3. september \u00a0&#8211;\u00a0kl 12\u00a0Muraste lennukas perep\u00e4ev!<\/span><\/p>\n<\/div>\n<div class=\"entry-content\"><strong><span style=\"color: #99cc00;\">HEAD LUGEMIST:<\/span><\/strong><\/div>\n<div class=\"entry-content\">\n<ul>\n<li>P\u00fchap\u00e4eval, 20. augustil Eesti Vabariigi iseseisvuse taastamise aastap\u00e4eval toimus \u00fcks oluline s\u00fcndmus Harku vallas &#8211; 3 aastat tagasi loodud kaitseliidu \u00fcks\u00a0<strong>Harku Rannikukaitse \u00fckskikkompanii sai \u00a0omale lipu<\/strong>. Rohkem loe piduliku s\u00fcndmuse ohta\u00a0<span style=\"color: #ff0000;\"><strong><a style=\"color: #ff0000;\" href=\"https:\/\/muraste.ee\/vana\/?p=4257\" target=\"_blank\">SIIT<\/a><\/strong><\/span><\/li>\n<li><\/li>\n<li>\u00c4sja ilmunud Harku Valla Teatajas on meie oma k\u00fcla loodusmehe Val Rajasaare sulest ilmunud p\u00f5nev lugu\u00a0<strong>Muraste hiiemetsast ja -m\u00e4est<\/strong>. Et lugu tervikuna lehtepinnale ei mahtunud, on see n\u00fc\u00fcd t\u00e4ies mahus loetav alloleva lingi vahendusel. P\u00f5nevat lugemist ja looduses avastamist! Rohkem loe\u00a0<strong><span style=\"color: #ff0000;\"><a style=\"color: #ff0000;\" href=\"http:\/\/www.harku.ee\/et\/uudised-ja-teated\/-\/asset_publisher\/7WOcbaKfFguz\/content\/muraste-hiiemetsa-ja-mae-asukoht-teaduslikult-kinnitatud?redirect=http%3A%2F%2Fwww.harku.ee%2Fet%2Fuudised-ja-teated%3Fp_p_id%3D101_INSTANCE_7WOcbaKfFguz%26p_p_lifecycle%3D0%26p_p_state%3Dnormal%26p_p_mode%3Dview%26p_p_col_id%3Dcolumn-2%26p_p_col_count%3D1\" target=\"_blank\">SIIT<\/a><\/span><\/strong><\/li>\n<\/ul>\n<p><strong><span style=\"color: #99cc00;\">\u00d5NNITLEME!<\/span><\/strong><br \/>\nMeie k\u00fclaseltsi juhatuse liige\u00a0<strong>Silva Kiili<\/strong>\u00a0on \u00e4ra teeninud<strong>\u00a0suure tunnustuse!\u00a0<\/strong>\u00a0Silva on n\u00fc\u00fcdsest Kaitseliidu Harju Maleva Teenetem\u00e4rgi v\u00e4\u00e4rikas omanik! Palju \u00f5nne, Silva!<br \/>\n(Pilt: Silva FB lehelt)<br \/>\n<a href=\"https:\/\/muraste.ee\/vana\/wp-content\/uploads\/2016\/03\/silva.jpg\" rel=\"attachment wp-att-4266\"><img decoding=\"async\" loading=\"lazy\" class=\"alignnone size-full wp-image-4266\" src=\"https:\/\/muraste.ee\/vana\/wp-content\/uploads\/2016\/03\/silva.jpg\" alt=\"silva\" width=\"960\" height=\"720\" srcset=\"https:\/\/muraste.ee\/vana\/wp-content\/uploads\/2016\/03\/silva.jpg 960w, https:\/\/muraste.ee\/vana\/wp-content\/uploads\/2016\/03\/silva-300x225.jpg 300w, https:\/\/muraste.ee\/vana\/wp-content\/uploads\/2016\/03\/silva-768x576.jpg 768w, https:\/\/muraste.ee\/vana\/wp-content\/uploads\/2016\/03\/silva-624x468.jpg 624w\" sizes=\"(max-width: 960px) 100vw, 960px\" \/><\/a><\/p>\n<p><strong><span style=\"color: #99cc00;\">T\u00d6\u00d6PAKKUMISED:<\/span><\/strong><br \/>\n<span style=\"color: #99cc00;\"><span style=\"color: #000000;\"><br \/>\n<a href=\"https:\/\/muraste.ee\/vana\/wp-content\/uploads\/2016\/03\/T\u00f6\u00f6kuulutus_Laulasmaa-SPAA.jpg\" rel=\"attachment wp-att-4255\"><img decoding=\"async\" loading=\"lazy\" class=\"alignnone size-large wp-image-4255\" src=\"https:\/\/muraste.ee\/vana\/wp-content\/uploads\/2016\/03\/T\u00f6\u00f6kuulutus_Laulasmaa-SPAA-791x1024.jpg\" alt=\"T\u00f6\u00f6kuulutus_Laulasmaa SPAA\" width=\"625\" height=\"809\" srcset=\"https:\/\/muraste.ee\/vana\/wp-content\/uploads\/2016\/03\/T\u00f6\u00f6kuulutus_Laulasmaa-SPAA-791x1024.jpg 791w, https:\/\/muraste.ee\/vana\/wp-content\/uploads\/2016\/03\/T\u00f6\u00f6kuulutus_Laulasmaa-SPAA-232x300.jpg 232w, https:\/\/muraste.ee\/vana\/wp-content\/uploads\/2016\/03\/T\u00f6\u00f6kuulutus_Laulasmaa-SPAA-768x994.jpg 768w, https:\/\/muraste.ee\/vana\/wp-content\/uploads\/2016\/03\/T\u00f6\u00f6kuulutus_Laulasmaa-SPAA-624x808.jpg 624w\" sizes=\"(max-width: 625px) 100vw, 625px\" \/><\/a><\/span><\/span><\/p>\n<\/div>\n<div class=\"entry-content\"><\/div>\n<div class=\"_1mf _1mj\" data-offset-key=\"cki46-0-0\"><span style=\"color: #99cc00;\"><strong>K\u00c4IMAS ON UUS PROJEKTIKONKURSS!<\/strong><\/span><\/div>\n<div class=\"_1mf _1mj\" data-offset-key=\"cki46-0-0\"><\/div>\n<div class=\"_1mf _1mj\" data-offset-key=\"cki46-0-0\"><a href=\"https:\/\/muraste.ee\/vana\/wp-content\/uploads\/2016\/03\/Taotlusvoor-2017-II.png\" rel=\"attachment wp-att-4055\"><img decoding=\"async\" loading=\"lazy\" class=\"alignnone size-full wp-image-4055\" src=\"https:\/\/muraste.ee\/vana\/wp-content\/uploads\/2016\/03\/Taotlusvoor-2017-II.png\" alt=\"Taotlusvoor 2017 II\" width=\"1255\" height=\"734\" srcset=\"https:\/\/muraste.ee\/vana\/wp-content\/uploads\/2016\/03\/Taotlusvoor-2017-II.png 1255w, https:\/\/muraste.ee\/vana\/wp-content\/uploads\/2016\/03\/Taotlusvoor-2017-II-300x175.png 300w, https:\/\/muraste.ee\/vana\/wp-content\/uploads\/2016\/03\/Taotlusvoor-2017-II-768x449.png 768w, https:\/\/muraste.ee\/vana\/wp-content\/uploads\/2016\/03\/Taotlusvoor-2017-II-1024x599.png 1024w, https:\/\/muraste.ee\/vana\/wp-content\/uploads\/2016\/03\/Taotlusvoor-2017-II-624x365.png 624w\" sizes=\"(max-width: 1255px) 100vw, 1255px\" \/><\/a><\/div>\n<div class=\"_1mf _1mj\" data-offset-key=\"cki46-0-0\"><\/div>\n<div class=\"_1mf _1mj\" data-offset-key=\"cki46-0-0\"><span style=\"color: #ff0000;\"><strong>UUS!<\/strong><\/span>\u00a0Ka uuel hooajal on teisip\u00e4evad Murastes seltskonatantsup\u00e4evad!<\/div>\n<div class=\"entry-content\">\n<div class=\"_1mf _1mj\" data-offset-key=\"cki46-0-0\">\n<div class=\"_1mf _1mj\" data-offset-key=\"cki46-0-0\"><\/div>\n<div class=\"_1mf _1mj\" data-offset-key=\"cki46-0-0\"><a href=\"https:\/\/muraste.ee\/vana\/wp-content\/uploads\/2016\/03\/revalia_muraste1.jpg\" rel=\"attachment wp-att-4137\"><img decoding=\"async\" loading=\"lazy\" class=\"alignnone size-medium wp-image-4137\" src=\"https:\/\/muraste.ee\/vana\/wp-content\/uploads\/2016\/03\/revalia_muraste1-212x300.jpg\" alt=\"revalia_muraste1\" width=\"212\" height=\"300\" srcset=\"https:\/\/muraste.ee\/vana\/wp-content\/uploads\/2016\/03\/revalia_muraste1-212x300.jpg 212w, https:\/\/muraste.ee\/vana\/wp-content\/uploads\/2016\/03\/revalia_muraste1-768x1086.jpg 768w, https:\/\/muraste.ee\/vana\/wp-content\/uploads\/2016\/03\/revalia_muraste1-724x1024.jpg 724w, https:\/\/muraste.ee\/vana\/wp-content\/uploads\/2016\/03\/revalia_muraste1-624x883.jpg 624w, https:\/\/muraste.ee\/vana\/wp-content\/uploads\/2016\/03\/revalia_muraste1.jpg 900w\" sizes=\"(max-width: 212px) 100vw, 212px\" \/><\/a>\u00a0\u00a0\u00a0\u00a0<a href=\"https:\/\/muraste.ee\/vana\/wp-content\/uploads\/2016\/03\/revalia_muraste2.jpg\" rel=\"attachment wp-att-4138\"><img decoding=\"async\" loading=\"lazy\" class=\"alignnone size-medium wp-image-4138\" src=\"https:\/\/muraste.ee\/vana\/wp-content\/uploads\/2016\/03\/revalia_muraste2-212x300.jpg\" alt=\"revalia_muraste2\" width=\"212\" height=\"300\" srcset=\"https:\/\/muraste.ee\/vana\/wp-content\/uploads\/2016\/03\/revalia_muraste2-212x300.jpg 212w, https:\/\/muraste.ee\/vana\/wp-content\/uploads\/2016\/03\/revalia_muraste2-768x1086.jpg 768w, https:\/\/muraste.ee\/vana\/wp-content\/uploads\/2016\/03\/revalia_muraste2-724x1024.jpg 724w, https:\/\/muraste.ee\/vana\/wp-content\/uploads\/2016\/03\/revalia_muraste2-624x883.jpg 624w, https:\/\/muraste.ee\/vana\/wp-content\/uploads\/2016\/03\/revalia_muraste2.jpg 900w\" sizes=\"(max-width: 212px) 100vw, 212px\" \/><\/a><\/div>\n<div class=\"_1mf _1mj\" data-offset-key=\"cki46-0-0\"><\/div>\n<div class=\"_1mf _1mj\" data-offset-key=\"cki46-0-0\"><\/div>\n<div class=\"_1mf _1mj\" data-offset-key=\"cki46-0-0\"><\/div>\n<div class=\"_1mf _1mj\" data-offset-key=\"cki46-0-0\"><\/div>\n<div class=\"_1mf _1mj\" data-offset-key=\"cki46-0-0\"><\/div>\n<\/div>\n<div class=\"_1mf _1mj\" data-offset-key=\"cki46-0-0\"><\/div>\n<div class=\"_1mf _1mj\" data-offset-key=\"cki46-0-0\">\n<div class=\"_1mf _1mj\" data-offset-key=\"cki46-0-0\"><strong><span style=\"color: #339966;\"><br \/>\nTEADETETA<img decoding=\"async\" loading=\"lazy\" class=\"size-medium wp-image-3740 alignright\" src=\"https:\/\/muraste.ee\/vana\/wp-content\/uploads\/2016\/03\/stend-300x224.jpg\" sizes=\"(max-width: 300px) 100vw, 300px\" srcset=\"https:\/\/muraste.ee\/vana\/wp-content\/uploads\/2016\/03\/stend-300x224.jpg 300w, https:\/\/muraste.ee\/vana\/wp-content\/uploads\/2016\/03\/stend-768x572.jpg 768w, https:\/\/muraste.ee\/vana\/wp-content\/uploads\/2016\/03\/stend-1024x763.jpg 1024w, https:\/\/muraste.ee\/vana\/wp-content\/uploads\/2016\/03\/stend-624x465.jpg 624w, https:\/\/muraste.ee\/vana\/wp-content\/uploads\/2016\/03\/stend.jpg 1300w\" alt=\"stend\" width=\"300\" height=\"224\" \/>HVEL<\/span><\/strong><\/div>\n<div class=\"_1mf _1mj\" data-offset-key=\"cki46-0-0\"><\/div>\n<div class=\"_1mf _1mj\" data-offset-key=\"cki46-0-0\">\n<p><strong>Soovid avaldada oma reklaami<\/strong>\u00a0meie infokanalites? Juhised on\u00a0<strong>siin<\/strong>!<\/p>\n<\/div>\n<div class=\"_1mf _1mj\" data-offset-key=\"cki46-0-0\"><strong>Soovid kasutada<\/strong>\u00a0m\u00f5nd Muraste k\u00fclaseltsi poolt pakutavat<strong>\u00a0teenust<\/strong>? V\u00f5imalused on<strong>\u00a0siin!<\/strong><\/div>\n<div class=\"_1mf _1mj\" data-offset-key=\"cki46-0-0\"><\/div>\n<div class=\"_1mf _1mj\" data-offset-key=\"cki46-0-0\"><\/div>\n<p><strong>Teadmiseks:\u00a0<\/strong>Muraste igan\u00e4dalase e-infokirjaga liitumiseks saada sellekohane teade muraste@muraste.ee<br \/>\n<strong>Muraste kogukonnakeskus\u00a0<\/strong>(Lee tee 9, Muraste) avatud E-N 10-18, R 10-16.<br \/>\n<strong>T\u00e4psustused ja info:<\/strong>\u00a0kogukonnakeskus@muraste.ee;\u00a05253128 (Aule Kikas).<\/p>\n<\/div>\n<\/div>\n","protected":false},"excerpt":{"rendered":"<p>N\u00c4DAL 34 MURASTES* *AT- koolimaja aatrium, SP- spordihoone; KO-kogukonnakeskuse ruum; \u00a0 KL- klassiruum; Esmasp\u00e4ev, \u00a021. august kl 19 KO,\u00a0\u00a0UUS!\u00a0Muraste Liikumisklubi \u00fchisliikumine: Veokruiis \u00a0Villemiga.\u00a0Attention! T\u00e4helepanu! Uzman\u012bba! Juunikuus ebasoodsate ilmaolude t\u00f5ttu \u00e4ra j\u00e4\u00e4nud maastikuratta kruiis\u00a0Villem T\u00f5nisbergiga saab Muraste Liikumisklubi egiidi all n\u00fc\u00fcd teoks. Rattaringile lisaks on men\u00fc\u00fcs kepik\u00f5nd. Kohtumiseni, head klubiliikmed! Kohtmispaik sama &#8211; Muraste kogukonnakeskuse juures!<a class=\"moretag\" href=\"https:\/\/muraste.ee\/vana\/?page_id=4308\"><br \/>&#8230;Loe edasi<\/a><\/p>\n","protected":false},"author":2,"featured_media":0,"parent":0,"menu_order":0,"comment_status":"closed","ping_status":"closed","template":"nadalakava.php","meta":{"_bbp_topic_count":0,"_bbp_reply_count":0,"_bbp_total_topic_count":0,"_bbp_total_reply_count":0,"_bbp_voice_count":0,"_bbp_anonymous_reply_count":0,"_bbp_topic_count_hidden":0,"_bbp_reply_count_hidden":0,"_bbp_forum_subforum_count":0,"_mc_calendar":[]},"_links":{"self":[{"href":"https:\/\/muraste.ee\/vana\/index.php?rest_route=\/wp\/v2\/pages\/4308"}],"collection":[{"href":"https:\/\/muraste.ee\/vana\/index.php?rest_route=\/wp\/v2\/pages"}],"about":[{"href":"https:\/\/muraste.ee\/vana\/index.php?rest_route=\/wp\/v2\/types\/page"}],"author":[{"embeddable":true,"href":"https:\/\/muraste.ee\/vana\/index.php?rest_route=\/wp\/v2\/users\/2"}],"replies":[{"embeddable":true,"href":"https:\/\/muraste.ee\/vana\/index.php?rest_route=%2Fwp%2Fv2%2Fcomments&post=4308"}],"version-history":[{"count":1,"href":"https:\/\/muraste.ee\/vana\/index.php?rest_route=\/wp\/v2\/pages\/4308\/revisions"}],"predecessor-version":[{"id":4310,"href":"https:\/\/muraste.ee\/vana\/index.php?rest_route=\/wp\/v2\/pages\/4308\/revisions\/4310"}],"wp:attachment":[{"href":"https:\/\/muraste.ee\/vana\/index.php?rest_route=%2Fwp%2Fv2%2Fmedia&parent=4308"}],"curies":[{"name":"wp","href":"https:\/\/api.w.org\/{rel}","templated":true}]}}