{"id":4344,"date":"2017-09-04T09:19:01","date_gmt":"2017-09-04T06:19:01","guid":{"rendered":"https:\/\/muraste.ee\/vana\/?page_id=4344"},"modified":"2017-09-21T07:53:27","modified_gmt":"2017-09-21T04:53:27","slug":"nadal-35-2","status":"publish","type":"page","link":"https:\/\/muraste.ee\/vana\/?page_id=4344","title":{"rendered":"N\u00e4dal 35"},"content":{"rendered":"<header class=\"entry-header\">\n<h1 class=\"entry-title\" style=\"text-align: center;\"><span style=\"color: #008000;\"><strong>N\u00c4DAL 35 MURASTES*<\/strong><\/span><\/h1>\n<\/header>\n<div class=\"entry-content\" style=\"text-align: left;\">\n<p style=\"text-align: center;\"><span style=\"color: #999999;\"><em>*AT- koolimaja aatrium, SP- spordihoone; KO-kogukonnakeskuse ruum; \u00a0 KL- klassiruum;<br \/>\n<a href=\"https:\/\/muraste.ee\/vana\/wp-content\/uploads\/2016\/03\/pohlad-1.jpg\" rel=\"attachment wp-att-4312\"><img decoding=\"async\" loading=\"lazy\" class=\"alignnone size-medium wp-image-4312\" src=\"https:\/\/muraste.ee\/vana\/wp-content\/uploads\/2016\/03\/pohlad-1-300x169.jpg\" alt=\"pohlad\" width=\"300\" height=\"169\" srcset=\"https:\/\/muraste.ee\/vana\/wp-content\/uploads\/2016\/03\/pohlad-1-300x169.jpg 300w, https:\/\/muraste.ee\/vana\/wp-content\/uploads\/2016\/03\/pohlad-1-768x432.jpg 768w, https:\/\/muraste.ee\/vana\/wp-content\/uploads\/2016\/03\/pohlad-1-1024x576.jpg 1024w, https:\/\/muraste.ee\/vana\/wp-content\/uploads\/2016\/03\/pohlad-1-624x351.jpg 624w, https:\/\/muraste.ee\/vana\/wp-content\/uploads\/2016\/03\/pohlad-1-128x72.jpg 128w, https:\/\/muraste.ee\/vana\/wp-content\/uploads\/2016\/03\/pohlad-1.jpg 1280w\" sizes=\"(max-width: 300px) 100vw, 300px\" \/><\/a><br \/>\n<\/em><\/span><\/p>\n<p><span style=\"color: #ff0000;\"><span style=\"color: #000000;\">Uue, 2017\/2018 hooaja tegevused<\/span><strong>\u00a0<\/strong><\/span>\u00a0on peaaegu koos!\u00a0Vaata\u00a0<strong><span style=\"color: #ff0000;\"><a style=\"color: #ff0000;\" href=\"https:\/\/muraste.ee\/vana\/?p=4278\" target=\"_blank\">\u00a0SIIT<\/a><\/span>,<\/strong>\u00a0kas leiad omale huvipakkuva \u00fcles? Kui mitte, siis v\u00f5ta \u00fchendust kogukonnakeskusega &#8211; ehk koos m\u00f5tleme midagi ikka v\u00e4lja:)<\/p>\n<p><span style=\"color: #008000;\"><strong>Esmasp\u00e4ev, \u00a028. august<\/strong><\/span><br \/>\nkl 18 &#8211; 20 KO. Broneeritud<\/p>\n<p><span style=\"color: #008000;\"><strong>Teisip\u00e4ev, \u00a029. august<\/strong><\/span><br \/>\nkl 18 KL,\u00a0<strong>Inglise keele kursus<\/strong>\u00a0<em>(I grupp, algteadmisi omajatel on v\u00f5imalus liituda ka juba t\u00f6\u00f6tava grupiga).<\/em>\u00a0K\u00fcsi lisa juhendajalt tel 56575575.<br \/>\nkl 19-20.30 SP,\u00a0<strong>V\u00f5rkpall<\/strong>\u00a0<em>(naised\/mehed)- oodatud on k\u00f5ik v\u00f5rkpallihuvilised!;<\/em><\/p>\n<p><span style=\"color: #008000;\"><strong>Kolmap\u00e4ev, \u00a030. august<\/strong><\/span><br \/>\nkl 18 AT. Muraste kooli lastevanemate\u00a0<strong>\u00fcldkoosolek<\/strong><\/p>\n<p><strong><span style=\"color: #ff6600;\"><span style=\"color: #008000;\">Neljap\u00e4ev, 31. august<\/span><br \/>\n<\/span><\/strong><span style=\"color: #000000;\">kl 18.30 KL,\u00a0<strong>Inglise keele\u00a0kursus<\/strong><em>\u00a0(II grupp,\u00a0<\/em>algajatele ja uuesti alustajatele). \u00a0T\u00e4psem info marethein@gmail.com, tel 56575575.<\/span><\/p>\n<p><strong><span style=\"color: #ff6600;\"><span style=\"color: #3366ff;\"><span style=\"color: #808000;\">R<\/span><span style=\"color: #008000;\">eede, 1.\u00a0september &#8211; teadmistep\u00e4ev.<br \/>\n<\/span><\/span><span style=\"color: #ff9900;\">K\u00f5ik \u00f5petajad ja \u00f5pilased, KOOLI!<\/span><br \/>\n<\/span><\/strong><a href=\"https:\/\/muraste.ee\/vana\/wp-content\/uploads\/2016\/03\/esimene-sept-2015.png\" rel=\"attachment wp-att-4313\"><img decoding=\"async\" loading=\"lazy\" class=\"alignnone size-medium wp-image-4313\" src=\"https:\/\/muraste.ee\/vana\/wp-content\/uploads\/2016\/03\/esimene-sept-2015-300x171.png\" alt=\"esimene-sept-2015\" width=\"300\" height=\"171\" srcset=\"https:\/\/muraste.ee\/vana\/wp-content\/uploads\/2016\/03\/esimene-sept-2015-300x171.png 300w, https:\/\/muraste.ee\/vana\/wp-content\/uploads\/2016\/03\/esimene-sept-2015-768x439.png 768w, https:\/\/muraste.ee\/vana\/wp-content\/uploads\/2016\/03\/esimene-sept-2015-624x356.png 624w, https:\/\/muraste.ee\/vana\/wp-content\/uploads\/2016\/03\/esimene-sept-2015-128x72.png 128w, https:\/\/muraste.ee\/vana\/wp-content\/uploads\/2016\/03\/esimene-sept-2015.png 872w\" sizes=\"(max-width: 300px) 100vw, 300px\" \/><\/a><\/p>\n<p><span style=\"color: #99cc00;\"><strong><span style=\"color: #3366ff;\"><span style=\"color: #008000;\">P\u00fchap\u00e4ev, \u00a03. september<\/span><br \/>\n<\/span><\/strong><span style=\"color: #000000;\"><br \/>\nkl 16 AT,\u00a0<span style=\"color: #ff0000;\">Koguperefilm\u00a0<a style=\"color: #ff0000;\" href=\"https:\/\/www.youtube.com\/watch?v=3bg7Ijw2A1Q\" target=\"_blank\"><strong>&#8220;Veealune seiklus&#8221;<\/strong><\/a><\/span><\/span><\/span><\/p>\n<p><a href=\"https:\/\/muraste.ee\/vana\/wp-content\/uploads\/2016\/03\/veealune-seiklus-page0001.jpg\" rel=\"attachment wp-att-4322\"><img decoding=\"async\" loading=\"lazy\" class=\"alignnone size-medium wp-image-4322\" src=\"https:\/\/muraste.ee\/vana\/wp-content\/uploads\/2016\/03\/veealune-seiklus-page0001-212x300.jpg\" alt=\"veealune seiklus-page0001\" width=\"212\" height=\"300\" srcset=\"https:\/\/muraste.ee\/vana\/wp-content\/uploads\/2016\/03\/veealune-seiklus-page0001-212x300.jpg 212w, https:\/\/muraste.ee\/vana\/wp-content\/uploads\/2016\/03\/veealune-seiklus-page0001-768x1086.jpg 768w, https:\/\/muraste.ee\/vana\/wp-content\/uploads\/2016\/03\/veealune-seiklus-page0001-724x1024.jpg 724w, https:\/\/muraste.ee\/vana\/wp-content\/uploads\/2016\/03\/veealune-seiklus-page0001-624x883.jpg 624w, https:\/\/muraste.ee\/vana\/wp-content\/uploads\/2016\/03\/veealune-seiklus-page0001.jpg 1240w\" sizes=\"(max-width: 212px) 100vw, 212px\" \/><\/a><\/p>\n<p><strong><span style=\"color: #008000;\">TULEKUL<\/span><\/strong><br \/>\nKohaliku omaalgatuse programmi<span style=\"color: #ff0000;\"><strong><a style=\"color: #ff0000;\" href=\"http:\/\/www.heak.ee\/kohaliku-omaalgatuse-programmi-infopaev-15092017\" target=\"_blank\">\u00a0infop\u00e4ev<\/a><\/strong><\/span>\u00a0\u00a0toimub 15. septembril 2017 kell 11.00-14.30\u00a0Omavalitsusmaja\u00a0saalis, aadressil Sirge 2, Tallinn. Infop\u00e4ev on tasuta. Kui teil \u00a0on idee, mis on kogukonna arendamiseks sobilik, kuid projekti kirjutamise oskust napib, siis v\u00f5tke \u00fchendust Muraste kogukonnakeskusega &#8211; \u00a0Aule aitab!<\/p>\n<p>30. septembril kell 11\u00a0<strong>loodusmatk \u2013 \u00a0l\u00e4hme Val Rajasaarega Muraste hiide!<\/strong><\/p>\n<p><span style=\"color: #008000;\"><strong>HEAD LUGEMIST:<\/strong><\/span><\/p>\n<ul>\n<li>Seitsmendat aastat korraldab Eesti Loomakaitse Selts suve l\u00f5pus kampaaniat, et suvitajatel p\u00fcsiks meeles kaasa v\u00f5etud loomad ka koju tagasi viia. Tavap\u00e4raselt j\u00e4\u00e4vad just suve l\u00f5ppedes paljud loomad koduta.<strong>\u00a0\u201cSuvi l\u00e4bi. Asjad pakitud. K\u00f5ik pereliikmed kaasas?<\/strong>\u201d on kampaania, mis koputab inimeste s\u00fcdametunnistusele, sest ka loom on pereliige ja teda suve l\u00f5ppedes maha j\u00e4tta on julm ning seadusevasta<span class=\"text_exposed_show\">ne. T\u00e4psemalt loe\u00a0<strong><span style=\"color: #ff0000;\"><a style=\"color: #ff0000;\" href=\"http:\/\/www.loomakaitse.ee\/suve-loppedes-huljatakse-suvilapiirkondades-sadu-lemmikloomi\/\" target=\"_blank\">SIIT<\/a><\/span><\/strong><\/span><\/li>\n<\/ul>\n<\/div>\n<div class=\"entry-content\"><\/div>\n<div class=\"entry-content\">\n<ul>\n<li>\u00c4sja ilmunud Harku Valla Teatajas on meie oma k\u00fcla loodusmehe Val Rajasaare sulest ilmunud p\u00f5nev lugu\u00a0<strong>Muraste hiiemetsast ja -m\u00e4est<\/strong>. Et lugu tervikuna lehtepinnale ei mahtunud, on see n\u00fc\u00fcd t\u00e4ies mahus loetav alloleva lingi vahendusel. P\u00f5nevat lugemist ja looduses avastamist! Rohkem loe\u00a0<strong><span style=\"color: #ff0000;\"><a style=\"color: #ff0000;\" href=\"http:\/\/www.harku.ee\/et\/uudised-ja-teated\/-\/asset_publisher\/7WOcbaKfFguz\/content\/muraste-hiiemetsa-ja-mae-asukoht-teaduslikult-kinnitatud?redirect=http%3A%2F%2Fwww.harku.ee%2Fet%2Fuudised-ja-teated%3Fp_p_id%3D101_INSTANCE_7WOcbaKfFguz%26p_p_lifecycle%3D0%26p_p_state%3Dnormal%26p_p_mode%3Dview%26p_p_col_id%3Dcolumn-2%26p_p_col_count%3D1\" target=\"_blank\">SIIT<\/a><\/span><\/strong><\/li>\n<\/ul>\n<p><strong><span style=\"color: #99cc00;\">T\u00d6\u00d6PAKKUMISED:<\/span><\/strong><br \/>\n<span style=\"color: #99cc00;\"><span style=\"color: #000000;\"><br \/>\n<a href=\"https:\/\/muraste.ee\/vana\/wp-content\/uploads\/2016\/03\/T\u00f6\u00f6kuulutus_Laulasmaa-SPAA.jpg\" rel=\"attachment wp-att-4255\"><img decoding=\"async\" loading=\"lazy\" class=\"alignnone size-large wp-image-4255\" src=\"https:\/\/muraste.ee\/vana\/wp-content\/uploads\/2016\/03\/T\u00f6\u00f6kuulutus_Laulasmaa-SPAA-791x1024.jpg\" alt=\"T\u00f6\u00f6kuulutus_Laulasmaa SPAA\" width=\"625\" height=\"809\" srcset=\"https:\/\/muraste.ee\/vana\/wp-content\/uploads\/2016\/03\/T\u00f6\u00f6kuulutus_Laulasmaa-SPAA-791x1024.jpg 791w, https:\/\/muraste.ee\/vana\/wp-content\/uploads\/2016\/03\/T\u00f6\u00f6kuulutus_Laulasmaa-SPAA-232x300.jpg 232w, https:\/\/muraste.ee\/vana\/wp-content\/uploads\/2016\/03\/T\u00f6\u00f6kuulutus_Laulasmaa-SPAA-768x994.jpg 768w, https:\/\/muraste.ee\/vana\/wp-content\/uploads\/2016\/03\/T\u00f6\u00f6kuulutus_Laulasmaa-SPAA-624x808.jpg 624w\" sizes=\"(max-width: 625px) 100vw, 625px\" \/><\/a><\/span><\/span><\/p>\n<\/div>\n<div class=\"entry-content\"><\/div>\n<div class=\"_1mf _1mj\" data-offset-key=\"cki46-0-0\"><span style=\"color: #99cc00;\"><strong>K\u00c4IMAS ON UUS PROJEKTIKONKURSS!<\/strong><\/span><\/div>\n<div class=\"_1mf _1mj\" data-offset-key=\"cki46-0-0\"><\/div>\n<div class=\"_1mf _1mj\" data-offset-key=\"cki46-0-0\"><a href=\"https:\/\/muraste.ee\/vana\/wp-content\/uploads\/2016\/03\/Taotlusvoor-2017-II.png\" rel=\"attachment wp-att-4055\"><img decoding=\"async\" loading=\"lazy\" class=\"alignnone size-full wp-image-4055\" src=\"https:\/\/muraste.ee\/vana\/wp-content\/uploads\/2016\/03\/Taotlusvoor-2017-II.png\" alt=\"Taotlusvoor 2017 II\" width=\"1255\" height=\"734\" srcset=\"https:\/\/muraste.ee\/vana\/wp-content\/uploads\/2016\/03\/Taotlusvoor-2017-II.png 1255w, https:\/\/muraste.ee\/vana\/wp-content\/uploads\/2016\/03\/Taotlusvoor-2017-II-300x175.png 300w, https:\/\/muraste.ee\/vana\/wp-content\/uploads\/2016\/03\/Taotlusvoor-2017-II-768x449.png 768w, https:\/\/muraste.ee\/vana\/wp-content\/uploads\/2016\/03\/Taotlusvoor-2017-II-1024x599.png 1024w, https:\/\/muraste.ee\/vana\/wp-content\/uploads\/2016\/03\/Taotlusvoor-2017-II-624x365.png 624w\" sizes=\"(max-width: 1255px) 100vw, 1255px\" \/><\/a><\/div>\n<div class=\"_1mf _1mj\" data-offset-key=\"cki46-0-0\"><\/div>\n<div class=\"_1mf _1mj\" data-offset-key=\"cki46-0-0\"><span style=\"color: #ff0000;\"><strong>UUS!<\/strong><\/span>\u00a0Ka uuel hooajal on teisip\u00e4evad Murastes seltskonatantsup\u00e4evad!<\/div>\n<div class=\"entry-content\">\n<div class=\"_1mf _1mj\" data-offset-key=\"cki46-0-0\">\n<div class=\"_1mf _1mj\" data-offset-key=\"cki46-0-0\"><\/div>\n<div class=\"_1mf _1mj\" data-offset-key=\"cki46-0-0\"><a href=\"https:\/\/muraste.ee\/vana\/wp-content\/uploads\/2016\/03\/revalia_muraste1.jpg\" rel=\"attachment wp-att-4137\"><img decoding=\"async\" loading=\"lazy\" class=\"alignnone size-medium wp-image-4137\" src=\"https:\/\/muraste.ee\/vana\/wp-content\/uploads\/2016\/03\/revalia_muraste1-212x300.jpg\" alt=\"revalia_muraste1\" width=\"212\" height=\"300\" srcset=\"https:\/\/muraste.ee\/vana\/wp-content\/uploads\/2016\/03\/revalia_muraste1-212x300.jpg 212w, https:\/\/muraste.ee\/vana\/wp-content\/uploads\/2016\/03\/revalia_muraste1-768x1086.jpg 768w, https:\/\/muraste.ee\/vana\/wp-content\/uploads\/2016\/03\/revalia_muraste1-724x1024.jpg 724w, https:\/\/muraste.ee\/vana\/wp-content\/uploads\/2016\/03\/revalia_muraste1-624x883.jpg 624w, https:\/\/muraste.ee\/vana\/wp-content\/uploads\/2016\/03\/revalia_muraste1.jpg 900w\" sizes=\"(max-width: 212px) 100vw, 212px\" \/><\/a>\u00a0\u00a0\u00a0\u00a0<a href=\"https:\/\/muraste.ee\/vana\/wp-content\/uploads\/2016\/03\/revalia_muraste2.jpg\" rel=\"attachment wp-att-4138\"><img decoding=\"async\" loading=\"lazy\" class=\"alignnone size-medium wp-image-4138\" src=\"https:\/\/muraste.ee\/vana\/wp-content\/uploads\/2016\/03\/revalia_muraste2-212x300.jpg\" alt=\"revalia_muraste2\" width=\"212\" height=\"300\" srcset=\"https:\/\/muraste.ee\/vana\/wp-content\/uploads\/2016\/03\/revalia_muraste2-212x300.jpg 212w, https:\/\/muraste.ee\/vana\/wp-content\/uploads\/2016\/03\/revalia_muraste2-768x1086.jpg 768w, https:\/\/muraste.ee\/vana\/wp-content\/uploads\/2016\/03\/revalia_muraste2-724x1024.jpg 724w, https:\/\/muraste.ee\/vana\/wp-content\/uploads\/2016\/03\/revalia_muraste2-624x883.jpg 624w, https:\/\/muraste.ee\/vana\/wp-content\/uploads\/2016\/03\/revalia_muraste2.jpg 900w\" sizes=\"(max-width: 212px) 100vw, 212px\" \/><\/a><\/div>\n<div class=\"_1mf _1mj\" data-offset-key=\"cki46-0-0\"><\/div>\n<div class=\"_1mf _1mj\" data-offset-key=\"cki46-0-0\"><\/div>\n<div class=\"_1mf _1mj\" data-offset-key=\"cki46-0-0\"><\/div>\n<div class=\"_1mf _1mj\" data-offset-key=\"cki46-0-0\"><\/div>\n<div class=\"_1mf _1mj\" data-offset-key=\"cki46-0-0\"><\/div>\n<\/div>\n<div class=\"_1mf _1mj\" data-offset-key=\"cki46-0-0\"><\/div>\n<div class=\"_1mf _1mj\" data-offset-key=\"cki46-0-0\">\n<div class=\"_1mf _1mj\" data-offset-key=\"cki46-0-0\"><strong><span style=\"color: #339966;\"><br \/>\nTEADETETA<img decoding=\"async\" loading=\"lazy\" class=\"size-medium wp-image-3740 alignright\" src=\"https:\/\/muraste.ee\/vana\/wp-content\/uploads\/2016\/03\/stend-300x224.jpg\" sizes=\"(max-width: 300px) 100vw, 300px\" srcset=\"https:\/\/muraste.ee\/vana\/wp-content\/uploads\/2016\/03\/stend-300x224.jpg 300w, https:\/\/muraste.ee\/vana\/wp-content\/uploads\/2016\/03\/stend-768x572.jpg 768w, https:\/\/muraste.ee\/vana\/wp-content\/uploads\/2016\/03\/stend-1024x763.jpg 1024w, https:\/\/muraste.ee\/vana\/wp-content\/uploads\/2016\/03\/stend-624x465.jpg 624w, https:\/\/muraste.ee\/vana\/wp-content\/uploads\/2016\/03\/stend.jpg 1300w\" alt=\"stend\" width=\"300\" height=\"224\" \/>HVEL<\/span><\/strong><\/div>\n<div class=\"_1mf _1mj\" data-offset-key=\"cki46-0-0\"><\/div>\n<div class=\"_1mf _1mj\" data-offset-key=\"cki46-0-0\">\n<p><strong>Soovid avaldada oma reklaami<\/strong>\u00a0meie infokanalites? Juhised on\u00a0<strong>siin<\/strong>!<\/p>\n<\/div>\n<div class=\"_1mf _1mj\" data-offset-key=\"cki46-0-0\"><strong>Soovid kasutada<\/strong>\u00a0m\u00f5nd Muraste k\u00fclaseltsi poolt pakutavat<strong>\u00a0teenust<\/strong>? V\u00f5imalused on<strong>\u00a0siin!<\/strong><\/div>\n<div class=\"_1mf _1mj\" data-offset-key=\"cki46-0-0\"><\/div>\n<div class=\"_1mf _1mj\" data-offset-key=\"cki46-0-0\"><\/div>\n<p><strong>Teadmiseks:\u00a0<\/strong>Muraste igan\u00e4dalase e-infokirjaga liitumiseks saada sellekohane teade muraste@muraste.ee<br \/>\n<strong>Muraste kogukonnakeskus\u00a0<\/strong>(Lee tee 9, Muraste) avatud E-N 10-18, R 10-16.<br \/>\n<strong>T\u00e4psustused ja info:<\/strong>\u00a0kogukonnakeskus@muraste.ee;\u00a05253128 (Aule Kikas).<\/p>\n<p><strong>\u00a0<\/strong><\/p>\n<\/div>\n<\/div>\n","protected":false},"excerpt":{"rendered":"<p>N\u00c4DAL 35 MURASTES* *AT- koolimaja aatrium, SP- spordihoone; KO-kogukonnakeskuse ruum; \u00a0 KL- klassiruum; Uue, 2017\/2018 hooaja tegevused\u00a0\u00a0on peaaegu koos!\u00a0Vaata\u00a0\u00a0SIIT,\u00a0kas leiad omale huvipakkuva \u00fcles? Kui mitte, siis v\u00f5ta \u00fchendust kogukonnakeskusega &#8211; ehk koos m\u00f5tleme midagi ikka v\u00e4lja:) Esmasp\u00e4ev, \u00a028. august kl 18 &#8211; 20 KO. Broneeritud Teisip\u00e4ev, \u00a029. august kl 18 KL,\u00a0Inglise keele kursus\u00a0(I grupp, algteadmisi<a class=\"moretag\" href=\"https:\/\/muraste.ee\/vana\/?page_id=4344\"><br \/>&#8230;Loe edasi<\/a><\/p>\n","protected":false},"author":2,"featured_media":0,"parent":0,"menu_order":0,"comment_status":"closed","ping_status":"closed","template":"nadalakava.php","meta":{"_bbp_topic_count":0,"_bbp_reply_count":0,"_bbp_total_topic_count":0,"_bbp_total_reply_count":0,"_bbp_voice_count":0,"_bbp_anonymous_reply_count":0,"_bbp_topic_count_hidden":0,"_bbp_reply_count_hidden":0,"_bbp_forum_subforum_count":0,"_mc_calendar":[]},"_links":{"self":[{"href":"https:\/\/muraste.ee\/vana\/index.php?rest_route=\/wp\/v2\/pages\/4344"}],"collection":[{"href":"https:\/\/muraste.ee\/vana\/index.php?rest_route=\/wp\/v2\/pages"}],"about":[{"href":"https:\/\/muraste.ee\/vana\/index.php?rest_route=\/wp\/v2\/types\/page"}],"author":[{"embeddable":true,"href":"https:\/\/muraste.ee\/vana\/index.php?rest_route=\/wp\/v2\/users\/2"}],"replies":[{"embeddable":true,"href":"https:\/\/muraste.ee\/vana\/index.php?rest_route=%2Fwp%2Fv2%2Fcomments&post=4344"}],"version-history":[{"count":2,"href":"https:\/\/muraste.ee\/vana\/index.php?rest_route=\/wp\/v2\/pages\/4344\/revisions"}],"predecessor-version":[{"id":4535,"href":"https:\/\/muraste.ee\/vana\/index.php?rest_route=\/wp\/v2\/pages\/4344\/revisions\/4535"}],"wp:attachment":[{"href":"https:\/\/muraste.ee\/vana\/index.php?rest_route=%2Fwp%2Fv2%2Fmedia&parent=4344"}],"curies":[{"name":"wp","href":"https:\/\/api.w.org\/{rel}","templated":true}]}}