{"id":4661,"date":"2017-10-16T05:51:08","date_gmt":"2017-10-16T02:51:08","guid":{"rendered":"https:\/\/muraste.ee\/vana\/?page_id=4661"},"modified":"2017-10-16T05:51:08","modified_gmt":"2017-10-16T02:51:08","slug":"nadal-41-2","status":"publish","type":"page","link":"https:\/\/muraste.ee\/vana\/?page_id=4661","title":{"rendered":"N\u00e4dal 41"},"content":{"rendered":"<header class=\"entry-header\">\n<h1 class=\"entry-title\" style=\"text-align: center;\"><span style=\"color: #1ca61c;\"><strong>N\u00c4DAL\u00a041 MURASTES*<br \/>\n9. \u00a0&#8211; 15. oktoober 2017\u00a0<\/strong><\/span><\/h1>\n<p style=\"text-align: center;\"><a href=\"https:\/\/muraste.ee\/vana\/wp-content\/uploads\/2016\/03\/vali-muraste-page0001.jpg\" rel=\"attachment wp-att-4623\"><img decoding=\"async\" loading=\"lazy\" class=\"alignnone size-medium wp-image-4623\" src=\"https:\/\/muraste.ee\/vana\/wp-content\/uploads\/2016\/03\/vali-muraste-page0001-300x212.jpg\" alt=\"vali muraste-page0001\" width=\"300\" height=\"212\" srcset=\"https:\/\/muraste.ee\/vana\/wp-content\/uploads\/2016\/03\/vali-muraste-page0001-300x212.jpg 300w, https:\/\/muraste.ee\/vana\/wp-content\/uploads\/2016\/03\/vali-muraste-page0001-768x543.jpg 768w, https:\/\/muraste.ee\/vana\/wp-content\/uploads\/2016\/03\/vali-muraste-page0001-1024x724.jpg 1024w, https:\/\/muraste.ee\/vana\/wp-content\/uploads\/2016\/03\/vali-muraste-page0001-624x441.jpg 624w, https:\/\/muraste.ee\/vana\/wp-content\/uploads\/2016\/03\/vali-muraste-page0001.jpg 1754w\" sizes=\"(max-width: 300px) 100vw, 300px\" \/><\/a><br \/>\n<span style=\"color: #1ca61c;\"><em><strong>L\u00e4hme valima!<\/strong><br \/>\n<span style=\"color: #003300;\">Alates esmasp\u00e4evast, 09. oktoobrist on\u00a0<strong>Muraste koolimaja fuajees<\/strong><br \/>\navatud\u00a0<strong>Harku valla<\/strong>\u00a0<strong>valimisjaoskond nr<\/strong>\u00a03 Adra, Humala, Liikva, Muraste, Naage, Suurupi, S\u00f5rve, Vaila, Vahi, Viti, V\u00e4\u00e4na, V\u00e4\u00e4na-J\u00f5esuu ja T\u00fcrisalu k\u00fcla elanikele.<br \/>\nValimisjaoskonna uksed (sissep\u00e4\u00e4s koolimaja peauksest) on avatud ja h\u00e4\u00e4letada saab esmasp\u00e4evast\u00a0<strong>kolmap\u00e4evani kl 12 -20<\/strong>; p\u00fchap\u00e4eval, 15. oktoobril on valimisjaoskond avatud\u00a0<strong>kl 9-20.<\/strong><br \/>\n<strong>Muraste inimestel tasuks esimene valik teha ikka omade seast<\/strong>\u00a0<span class=\"_47e3 _5mfr\" title=\"wink-emotikon\"><img decoding=\"async\" loading=\"lazy\" class=\"img\" src=\"https:\/\/www.facebook.com\/images\/emoji.php\/v9\/fb0\/1.5\/16\/1f609.png\" alt=\"\" width=\"16\" height=\"16\" \/><\/span>\u00a0Meie valik on\u00a0<a href=\"https:\/\/muraste.ee\/vana\/?p=4575\" target=\"_blank\"><strong><span style=\"color: #ff0000;\">SIIN<\/span><\/strong>\u00a0<\/a><\/span><\/em><\/span><\/p>\n<p style=\"text-align: center;\">\n<\/header>\n<div class=\"entry-content\" style=\"text-align: left;\">\n<p><strong><span style=\"color: #1ca61c;\">Esmasp\u00e4ev, 9.\u00a0oktoober<a href=\"https:\/\/muraste.ee\/vana\/wp-content\/uploads\/2016\/03\/gill-page0001-1.jpg\" rel=\"attachment wp-att-4376\"><img decoding=\"async\" loading=\"lazy\" class=\"size-medium wp-image-4376 alignright\" src=\"https:\/\/muraste.ee\/vana\/wp-content\/uploads\/2016\/03\/gill-page0001-1-300x212.jpg\" alt=\"gill-page0001 (1)\" width=\"300\" height=\"212\" srcset=\"https:\/\/muraste.ee\/vana\/wp-content\/uploads\/2016\/03\/gill-page0001-1-300x212.jpg 300w, https:\/\/muraste.ee\/vana\/wp-content\/uploads\/2016\/03\/gill-page0001-1-768x543.jpg 768w, https:\/\/muraste.ee\/vana\/wp-content\/uploads\/2016\/03\/gill-page0001-1-1024x724.jpg 1024w, https:\/\/muraste.ee\/vana\/wp-content\/uploads\/2016\/03\/gill-page0001-1-624x441.jpg 624w, https:\/\/muraste.ee\/vana\/wp-content\/uploads\/2016\/03\/gill-page0001-1.jpg 1754w\" sizes=\"(max-width: 300px) 100vw, 300px\" \/><\/a><\/span><br \/>\n<\/strong>kl 14 AT, Tallinna Tantsuklubi \u201cMy Dance\u201d\u00a0<strong>showtants<\/strong>. \u00a0(www.mydance.ee)<br \/>\nkl 14.40 KO,\u00a0<strong>Kandletund edasij\u00f5udnutele<\/strong>\u00a0(Fa Stuudio\/kool, fastuudio@gmail.com )<br \/>\nkl 15 SP, Judoklubi \u201cAitado\u201d\u00a0<strong>Judo\u00a0(<\/strong>alustajad ja uuesti alustajad). \u00a0(www.aitado.ee)<br \/>\nkl 16.30 SP, Judoklubi \u201cAitado\u201d\u00a0<strong>Judo<\/strong>\u00a0(edasij\u00f5udnud). \u00a0(www.aitado.ee)<br \/>\nKl 17 AT,\u00a0Harku valla ehitustingimusi, milj\u00f6\u00f6v\u00e4\u00e4rtuslikke alasid ja v\u00e4\u00e4rtuslikke maastikke m\u00e4\u00e4rava ning tihehoonestusalasid ja v\u00e4\u00e4rtuslikke alasid ja v\u00e4\u00e4rtuslikke maastikke m\u00e4\u00e4rava ning tihehoonestusalasid t\u00e4psustava teemaplaneeringu\u00a0<strong>avalik arutelu<\/strong><br \/>\nkl 17.30 KO,\u00a0<strong>Kandleansambel LiuLi<\/strong>\u00a0(\u00fcle n\u00e4dala)<br \/>\nkl 18 KL, Kaitseliidu koosolek<br \/>\nkl 19 KL.\u00a0<strong>Suurupi naiskoor Meretule\u00a0<\/strong>(uued lauljad oodatud!)<\/p>\n<p><span style=\"color: #1ca61c;\"><strong><a href=\"https:\/\/muraste.ee\/vana\/wp-content\/uploads\/2016\/03\/helen-t\u00e4isk.jpg\" rel=\"attachment wp-att-4497\"><img decoding=\"async\" loading=\"lazy\" class=\"wp-image-4497 size-medium alignleft\" src=\"https:\/\/muraste.ee\/vana\/wp-content\/uploads\/2016\/03\/helen-t\u00e4isk-212x300.jpg\" alt=\"helen t\u00e4isk\" width=\"212\" height=\"300\" srcset=\"https:\/\/muraste.ee\/vana\/wp-content\/uploads\/2016\/03\/helen-t\u00e4isk-212x300.jpg 212w, https:\/\/muraste.ee\/vana\/wp-content\/uploads\/2016\/03\/helen-t\u00e4isk-768x1086.jpg 768w, https:\/\/muraste.ee\/vana\/wp-content\/uploads\/2016\/03\/helen-t\u00e4isk-724x1024.jpg 724w, https:\/\/muraste.ee\/vana\/wp-content\/uploads\/2016\/03\/helen-t\u00e4isk-624x882.jpg 624w, https:\/\/muraste.ee\/vana\/wp-content\/uploads\/2016\/03\/helen-t\u00e4isk.jpg 800w\" sizes=\"(max-width: 212px) 100vw, 212px\" \/><\/a>Teisip\u00e4ev,\u00a0 10.\u00a0oktoober<\/strong><\/span><br \/>\nkl 14.40-15.25 KO,\u00a0<strong>Fa Stuudio \u00a0fl\u00f6\u00f6diring<\/strong>\u00a0edasij\u00f5udnutele. \u00a0(fastuudio@gmail.com v\u00f5i tel 5160031)<br \/>\nkl 15.30-18.00 KO,\u00a0<strong>Soololaul \/ klaver<\/strong>\u00a0(juhendab Triin Kont-Kontson)<br \/>\nkl 16-18.30 KL, Lahe Huvikooli\u00a0<strong>eelkool<\/strong>\u00a0\u00a0(www.lahehuvikool.ee)<br \/>\nkl 18 KL,\u00a0<strong>Inglise keele kursus\u00a0 (<\/strong><em>I grupp, algteadmisi omajatel on v\u00f5imalus liituda ka juba t\u00f6\u00f6tava grupiga).<\/em>\u00a0K\u00fcsi lisa juhendajalt tel 56575575.<br \/>\n<em><span style=\"color: #ccffff;\">kl 18 KO,\u00a0<strong>Inglise keele vestlusring,\u00a0<\/strong>juhendab James Gill<\/span><\/em><br \/>\nkl 19 SP,\u00a0<strong>V\u00f5rkpall\u00a0<\/strong><em>(naised\/mehed)- oodatud on k\u00f5ik v\u00f5rkpallihuvilised!;<br \/>\n<\/em>kl 18.30 AT,<span style=\"color: #ff0000;\"><strong>UUS!<\/strong>\u00a0<\/span>\u00a0<strong>Seltskonnatantsu kursus\u00a0<\/strong><strong>t\u00e4iskasvanutele\u00a0 alustab\u00a0<\/strong>31.oktoobril!<strong>\u00a0<\/strong>Vabu\u00a0kohti veel on!<br \/>\nkl 19 KL,\u00a0\u00a0<span style=\"color: #ff0000;\"><strong>UUS!<\/strong><\/span>\u00a0<strong><span style=\"color: #0000ff;\"><a style=\"color: #0000ff;\" href=\"https:\/\/muraste.ee\/vana\/?p=4470\" target=\"_blank\">Kundalini jooga\u00a0<\/a><\/span><\/strong><span style=\"color: #0000ff;\"><span style=\"color: #000000;\"><a style=\"color: #000000;\" href=\"mailto:info@lahetervis.ee\">info@lahetervis.ee<\/a><\/span><\/span><strong><span style=\"color: #0000ff;\">,<\/span><\/strong>\u00a0tel.56903049,<a href=\"https:\/\/muraste.ee\/vana\/wp-content\/uploads\/2016\/03\/jooga-page0001.jpg\" rel=\"attachment wp-att-4624\"><img decoding=\"async\" loading=\"lazy\" class=\"size-medium wp-image-4624 alignright\" src=\"https:\/\/muraste.ee\/vana\/wp-content\/uploads\/2016\/03\/jooga-page0001-300x212.jpg\" alt=\"jooga-page0001\" width=\"300\" height=\"212\" srcset=\"https:\/\/muraste.ee\/vana\/wp-content\/uploads\/2016\/03\/jooga-page0001-300x212.jpg 300w, https:\/\/muraste.ee\/vana\/wp-content\/uploads\/2016\/03\/jooga-page0001-768x543.jpg 768w, https:\/\/muraste.ee\/vana\/wp-content\/uploads\/2016\/03\/jooga-page0001-1024x724.jpg 1024w, https:\/\/muraste.ee\/vana\/wp-content\/uploads\/2016\/03\/jooga-page0001-624x441.jpg 624w, https:\/\/muraste.ee\/vana\/wp-content\/uploads\/2016\/03\/jooga-page0001.jpg 1754w\" sizes=\"(max-width: 300px) 100vw, 300px\" \/><\/a><br \/>\nkl 19\u00a0<strong>Tilgu h\u00fclged suplevad<\/strong>\u00a0Tilgu sadamas! Info: FB grupp Taliujumine Tilgus.<br \/>\nkl 19.45 AT,\u00a0<strong>Seltskonnatantsude harjutustund<\/strong>\u2013 v\u00f5imalus \u00f5pitut kinnistada ja toredas seltskonnas jalga keerutada.<\/p>\n<p><span style=\"color: #1ca61c;\"><strong>Kolmap\u00e4ev, 11.\u00a0oktoober<\/strong><\/span><br \/>\nkl 13.45 KL,\u00a0<strong>Kitarriring<\/strong>\u00a0(I grupp) (Ain Varts, www.huviringid.ee)<br \/>\nkl 13.45 KL,\u00a0<strong>Kitarriring<\/strong>\u00a0(II grupp) (Ain Varts, www.huviringid.ee )<br \/>\nkl 15.30 KL,\u00a0<strong>Malering<\/strong>\u00a0(Jaan Urgas,\u00a0www.huviringid.ee) (<em><strong><span style=\"color: #0000ff;\">NB!\u00a0<\/span><\/strong><strong><span style=\"color: #0000ff;\"><em><strong>a<\/strong><\/em>lates oktoobrist<\/span><\/strong><\/em>)<br \/>\nkl 14 AT, Tallinna Tantsuklubi \u201cMy Dance\u201d\u00a0<strong>showtants<\/strong>. \u00a0(www.mydance.ee)<br \/>\nkl 14.45 KL,\u00a0<strong>Noortejooga<\/strong>\u00a0alates 3. kl<br \/>\nkl 14.40 KO,\u00a0<strong>Kandletund algajatele<\/strong>\u00a0I grupp (Fa Stuudio\/kool)<a href=\"https:\/\/muraste.ee\/vana\/wp-content\/uploads\/2016\/03\/beebid-page0001.jpg\" rel=\"attachment wp-att-4494\"><img decoding=\"async\" loading=\"lazy\" class=\"size-medium wp-image-4494 alignright\" src=\"https:\/\/muraste.ee\/vana\/wp-content\/uploads\/2016\/03\/beebid-page0001-300x212.jpg\" alt=\"beebid-page0001\" width=\"300\" height=\"212\" srcset=\"https:\/\/muraste.ee\/vana\/wp-content\/uploads\/2016\/03\/beebid-page0001-300x212.jpg 300w, https:\/\/muraste.ee\/vana\/wp-content\/uploads\/2016\/03\/beebid-page0001-768x543.jpg 768w, https:\/\/muraste.ee\/vana\/wp-content\/uploads\/2016\/03\/beebid-page0001-1024x724.jpg 1024w, https:\/\/muraste.ee\/vana\/wp-content\/uploads\/2016\/03\/beebid-page0001-624x441.jpg 624w, https:\/\/muraste.ee\/vana\/wp-content\/uploads\/2016\/03\/beebid-page0001.jpg 1754w\" sizes=\"(max-width: 300px) 100vw, 300px\" \/><\/a><br \/>\nkl 15.45 KO,\u00a0<strong>Beebide-p\u00f5nnide muusikaring<\/strong>\u00a0(fastuudio@gmail.com v\u00f5i tel 5160031)<br \/>\nkl 16.15 SP, Judoklubi \u201cAitado\u201d\u00a0<strong>Judo\u00a0(<\/strong>alustajad ja uuesti alustajad). \u00a0(www.aitado.ee)<br \/>\nkl 17.45 SP, Judoklubi \u201cAitado\u201d\u00a0<strong>Judo<\/strong>\u00a0(edasij\u00f5udnud). \u00a0(www.aitado.ee)<br \/>\nkl 18.30 AT,\u00a0<strong><span style=\"color: #ff0000;\">UUS!\u00a0<\/span>Line-tants.<\/strong>\u00a0Tulge k\u00f5ik ja saage osa elur\u00f5\u00f5must!<br \/>\nInfo kristin@huviline.ee<br \/>\n<a href=\"https:\/\/muraste.ee\/vana\/wp-content\/uploads\/2016\/03\/line-tants-page0001-1.jpg\" rel=\"attachment wp-att-4526\"><img decoding=\"async\" loading=\"lazy\" class=\"size-medium wp-image-4526 aligncenter\" src=\"https:\/\/muraste.ee\/vana\/wp-content\/uploads\/2016\/03\/line-tants-page0001-1-300x212.jpg\" alt=\"line-tants-page0001 (1)\" width=\"300\" height=\"212\" srcset=\"https:\/\/muraste.ee\/vana\/wp-content\/uploads\/2016\/03\/line-tants-page0001-1-300x212.jpg 300w, https:\/\/muraste.ee\/vana\/wp-content\/uploads\/2016\/03\/line-tants-page0001-1-768x543.jpg 768w, https:\/\/muraste.ee\/vana\/wp-content\/uploads\/2016\/03\/line-tants-page0001-1-1024x724.jpg 1024w, https:\/\/muraste.ee\/vana\/wp-content\/uploads\/2016\/03\/line-tants-page0001-1-624x441.jpg 624w, https:\/\/muraste.ee\/vana\/wp-content\/uploads\/2016\/03\/line-tants-page0001-1.jpg 1754w\" sizes=\"(max-width: 300px) 100vw, 300px\" \/><\/a><strong><span class=\"alignnone\" style=\"color: #ff6600;\"><span style=\"color: #993366;\"><span style=\"color: #1ca61c;\">Neljap\u00e4ev, 12. oktoober<\/span><br \/>\n<\/span><\/span><\/strong><span style=\"color: #000000;\">kl 12.40 KL\u00a0<strong>Meisterdamine<\/strong>\u00a01. kl (Loovuslabor)<br \/>\n<\/span><span style=\"color: #ff6600;\"><span style=\"color: #000000;\">kl 13.45 KL\u00a0<strong>Meisterdamine<\/strong>\u00a03.-4. kl (Loovuslabor)<\/span><br \/>\n<\/span><span style=\"color: #ff6600;\"><span style=\"color: #000000;\">kl 14-16.20 KO,\u00a0<strong>Soololaul\/klaver<\/strong>\u00a0(juhendab Triin Kont-Kontson)<br \/>\nkl 15.30 KL\u00a0<strong>Tekstiili- ja disainiring<\/strong>\u00a05-6\u00a0kl (Loovuslabor)<br \/>\n<\/span><\/span><span style=\"color: #000000;\">kl 18.00 KO,\u00a0<span style=\"color: #ff0000;\"><strong>UUS!<\/strong><\/span>\u00a0<strong>ATH-laste vanemate tugir\u00fchm.<\/strong>Tulge, koos on kergem!\u00a0<strong><br \/>\n<\/strong>kl 18.30 KL,\u00a0<strong>Inglise keele\u00a0kursus<\/strong><em>\u00a0(II grupp,\u00a0<\/em>algajatele ja uuesti alustajatele). \u00a0T\u00e4psem info marethein@gmail.com, tel 56575575.<br \/>\nkl 18.30 AT,\u00a0<strong><span style=\"color: #ff0000;\"><span style=\"color: #003300;\">N\u00e4item\u00e4nguselts<\/span>\u00a0\u00a0<\/span><\/strong>(juhendab \u00a0Anne Veesaar)<br \/>\nkl 19\u00a0<strong>Tilgu h\u00fclged suplevad<\/strong>\u00a0Tilgu sadamas! Info: FB grupp Taliujumine Tilgus.<br \/>\n<span style=\"color: #993366;\"><br \/>\n<\/span><\/span><span style=\"color: #1ca61c;\"><strong>Reede, 13. oktoober<\/strong>\u00a0<\/span><span style=\"color: #ff6600;\"><span style=\"color: #3366ff;\"><span style=\"color: #008000;\"><span style=\"color: #993366;\"><br \/>\n<span style=\"color: #000000;\">kl 16 \u00f5ues, \u00a0<strong>Skaudiring<\/strong>, oodatud k\u00f5ik kooliealised lapsed. Kogunemine v\u00f5rkpalliplatsi juures.<\/span><\/span><\/span><\/span><\/span><\/p>\n<p><strong><span style=\"color: #008000;\">P\u00fchap\u00e4ev, 15. oktoober<\/span><\/strong><br \/>\n<strong>L\u00c4HME K\u00d5IK VALIMA!<\/strong>\u00a0 Valimisjaoskonnad on avatud kl 9-20.<\/p>\n<p><span style=\"color: #ff00ff;\"><strong><span style=\"color: #1ca61c;\">TULEKUL!<\/span><br \/>\n<\/strong><\/span><br \/>\n<strong><span style=\"color: #ff0000;\"><a href=\"https:\/\/muraste.ee\/vana\/wp-content\/uploads\/2016\/03\/neleliis.jpg\" rel=\"attachment wp-att-4603\"><img decoding=\"async\" loading=\"lazy\" class=\"size-medium wp-image-4603 alignright\" src=\"https:\/\/muraste.ee\/vana\/wp-content\/uploads\/2016\/03\/neleliis-300x169.jpg\" alt=\"neleliis\" width=\"300\" height=\"169\" srcset=\"https:\/\/muraste.ee\/vana\/wp-content\/uploads\/2016\/03\/neleliis-300x169.jpg 300w, https:\/\/muraste.ee\/vana\/wp-content\/uploads\/2016\/03\/neleliis-768x432.jpg 768w, https:\/\/muraste.ee\/vana\/wp-content\/uploads\/2016\/03\/neleliis-1024x576.jpg 1024w, https:\/\/muraste.ee\/vana\/wp-content\/uploads\/2016\/03\/neleliis-624x351.jpg 624w, https:\/\/muraste.ee\/vana\/wp-content\/uploads\/2016\/03\/neleliis-128x72.jpg 128w, https:\/\/muraste.ee\/vana\/wp-content\/uploads\/2016\/03\/neleliis.jpg 1280w\" sizes=\"(max-width: 300px) 100vw, 300px\" \/><\/a>UUS!<\/span><\/strong>\u00a0P\u00fchap\u00e4eval, 19. novembril kell 18\u00a0Muraste koolimaja aatriumis\u00a0<span style=\"color: #0000ff;\"><strong>Nele-Liis Vaiksoo ja Olav Ehala\u00a0kontserdiga\u00a0&#8220;Vaid see on armastus&#8221;<\/strong>.<\/span>\u00a0Piletid eelm\u00fc\u00fcgist 12\u20ac, soodushind\u00a0seenioritele ja \u00f5pilastele 10\u20ac: kontserdip\u00e4eval 15\u20ac\/12\u20ac. Piletid saadaval Muraste kogukonnakeskuses (Lee tee 9, Muraste). Piletiinfo ja broneerimine\u00a0<a href=\"mailto:kogukonnakeskus@muraste.ee\">kogukonnakeskus@muraste.ee<\/a>, tel 5253128. Loe lisa<span style=\"color: #ff0000;\">\u00a0<strong><a style=\"color: #ff0000;\" href=\"https:\/\/muraste.ee\/vana\/?p=4634\" target=\"_blank\">SIIT<\/a><\/strong><\/span><\/p>\n<p><span style=\"color: #ff0000;\"><strong>UUS!<\/strong>\u00a0<\/span>Laup\u00e4e<a href=\"https:\/\/muraste.ee\/vana\/wp-content\/uploads\/2016\/03\/hollywood.jpg\" rel=\"attachment wp-att-4628\"><img decoding=\"async\" loading=\"lazy\" class=\"size-medium wp-image-4628 alignright\" src=\"https:\/\/muraste.ee\/vana\/wp-content\/uploads\/2016\/03\/hollywood-208x300.jpg\" alt=\"hollywood\" width=\"208\" height=\"300\" srcset=\"https:\/\/muraste.ee\/vana\/wp-content\/uploads\/2016\/03\/hollywood-208x300.jpg 208w, https:\/\/muraste.ee\/vana\/wp-content\/uploads\/2016\/03\/hollywood.jpg 555w\" sizes=\"(max-width: 208px) 100vw, 208px\" \/><\/a>val. 20. jaanuaril kell 17 Muraste koolimaja aatriumis\u00a0 Kom\u00f6\u00f6diateater etendusega<span style=\"color: #0000ff;\">\u00a0<strong>&#8220;Hollywoody filmit\u00e4hed&#8221;.<\/strong>\u00a0<strong>Osades Helgi Sallo ja Katrin Karisma.<\/strong>\u00a0<\/span>Piletid eelm\u00fc\u00fcgist 15\u20ac, soodushind\u00a0seenioritele ja \u00f5pilastele 13\u20ac: Piletid saadaval Muraste kogukonnakeskuses (Lee tee 9, Muraste). Piletiinfo ja broneerimine\u00a0\u00a0<a href=\"mailto:kogukonnakeskus@muraste.ee\">kogukonnakeskus@muraste.ee<\/a>, tel 5253128. Loe lisa\u00a0<strong><span style=\"color: #ff0000;\"><a style=\"color: #ff0000;\" href=\"https:\/\/muraste.ee\/vana\/?p=4642\" target=\"_blank\">SIIT<\/a><\/span><\/strong><\/p>\n<p><strong><span style=\"color: #ff0000;\">UUS!<\/span>\u00a0Murastes algab 1. novembril kursus &#8220;Praktiline lilleseade&#8221;<\/strong>. T\u00e4psemalt loe\u00a0<span style=\"color: #ff0000;\"><strong><a style=\"color: #ff0000;\" href=\"https:\/\/muraste.ee\/vana\/?p=4561\">SIIT<\/a><\/strong><\/span>!<\/p>\n<p><strong><span style=\"color: #ff0000;\"><a href=\"https:\/\/muraste.ee\/vana\/wp-content\/uploads\/2016\/03\/aave-page0001.jpg\" rel=\"attachment wp-att-4605\"><img decoding=\"async\" loading=\"lazy\" class=\"alignnone size-large wp-image-4605\" src=\"https:\/\/muraste.ee\/vana\/wp-content\/uploads\/2016\/03\/aave-page0001-1024x724.jpg\" alt=\"aave-page0001\" width=\"625\" height=\"442\" srcset=\"https:\/\/muraste.ee\/vana\/wp-content\/uploads\/2016\/03\/aave-page0001-1024x724.jpg 1024w, https:\/\/muraste.ee\/vana\/wp-content\/uploads\/2016\/03\/aave-page0001-300x212.jpg 300w, https:\/\/muraste.ee\/vana\/wp-content\/uploads\/2016\/03\/aave-page0001-768x543.jpg 768w, https:\/\/muraste.ee\/vana\/wp-content\/uploads\/2016\/03\/aave-page0001-624x441.jpg 624w, https:\/\/muraste.ee\/vana\/wp-content\/uploads\/2016\/03\/aave-page0001.jpg 1754w\" sizes=\"(max-width: 625px) 100vw, 625px\" \/><\/a><\/span><\/strong><\/p>\n<p><span style=\"color: #ff00ff;\">\u00a0<span style=\"color: #008000;\"><strong>UUED ALUSTAVAD TEGEVUSED<\/strong><\/span><\/span><\/p>\n<p><strong><span style=\"color: #ff0000;\">UUS!\u00a0<\/span>Naisrahvatantsur\u00fchm<\/strong>. Juhendab Astrid V\u00e4izene. Huvilised, palun andke endast teada kogukonnakeskus@muraste.ee. Treeningud algavad, kui koos on v\u00e4hemal 12 tantsijat.<\/p>\n<p><span style=\"color: #993300;\"><strong><span style=\"color: #ff0000;\">UUS!<\/span><\/strong>\u00a0Koost\u00f6\u00f6s Muraste kogukonnakeskusega\u00a0pakub\u00a0<a style=\"color: #993300;\" href=\"http:\/\/www.lahetervis.ee\/\" target=\"_blank\">www.lahetervis.ee<\/a>\u00a0erinevaid<br \/>\n<strong>v\u00f5imalusi Murastes \u00f5htusteks tegevusteks<\/strong>. Tegevustega alustatakse huviliste olemasolu korral ja\/v\u00f5i gruppide t\u00e4itumisel. Anna oma huvist m\u00e4rku ja uuri lisa\u00a0\u00a0<span style=\"color: #ff0000;\"><strong><a style=\"color: #ff0000;\" href=\"https:\/\/muraste.ee\/vana\/?p=4470\" target=\"_blank\">SIIT<\/a><\/strong><\/span>!<\/span><\/p>\n<\/div>\n<p><strong>NB!<\/strong>\u00a0T\u00e4psustamisel on veel spordihoones toimuvad huviringid-treeningud \u00a0(sh v\u00f5imlemisklubiga Piruett) ja nende toimumise ajad.<\/p>\n<div class=\"entry-content\" style=\"text-align: left;\">\n<p><span style=\"color: #ff00ff;\"><strong><span style=\"color: #008000;\">OSALEME HARKU VALLA KAASAVA EELARVE RAKENDAMISEL!<\/span><a href=\"https:\/\/muraste.ee\/vana\/wp-content\/uploads\/2016\/03\/dream.jpg\" rel=\"attachment wp-att-4370\"><img decoding=\"async\" loading=\"lazy\" class=\"size-thumbnail wp-image-4370 alignright\" src=\"https:\/\/muraste.ee\/vana\/wp-content\/uploads\/2016\/03\/dream-150x150.jpg\" alt=\"A $lodier's Dream HD Desktop Background\" width=\"150\" height=\"150\" \/><\/a><\/strong><\/span><\/p>\n<p>Harku vallavalitsus ootab 1. septembrist kuni 31. oktoobrini vallaelanike\u00a0<strong>ettepanekuid\u00a0kuni 50\u00a0000 eurose maksumusega projekti elluviimiseks<\/strong>, mis pakuks avalikku h\u00fcve ning mis oleks \u00fclevallaliselt k\u00f5igile kasutatav.\u00a0Edasi loe<strong>\u00a0<\/strong>\u00a0<span style=\"color: #ff0000;\"><strong><a style=\"color: #ff0000;\" href=\"http:\/\/www.harku.ee\/et\/uudised-ja-teated\/-\/asset_publisher\/7WOcbaKfFguz\/content\/id\/17017841?redirect=http%3A%2F%2Fwww.harku.ee\" target=\"_blank\">SIIT<\/a><\/strong><\/span><\/p>\n<p><span style=\"color: #ff6600;\"><strong>\u00a0<\/strong><\/span><strong><span style=\"color: #ff6600;\"><span style=\"color: #ff00ff;\"><span style=\"color: #1ca61c;\">ABIPALVE!\u00a0<\/span><a href=\"https:\/\/muraste.ee\/vana\/wp-content\/uploads\/2016\/03\/hause.jpg\" rel=\"attachment wp-att-4559\"><img decoding=\"async\" loading=\"lazy\" class=\"size-thumbnail wp-image-4559 alignright\" src=\"https:\/\/muraste.ee\/vana\/wp-content\/uploads\/2016\/03\/hause-150x150.jpg\" alt=\"hause\" width=\"150\" height=\"150\" srcset=\"https:\/\/muraste.ee\/vana\/wp-content\/uploads\/2016\/03\/hause-150x150.jpg 150w, https:\/\/muraste.ee\/vana\/wp-content\/uploads\/2016\/03\/hause-300x300.jpg 300w, https:\/\/muraste.ee\/vana\/wp-content\/uploads\/2016\/03\/hause-768x768.jpg 768w, https:\/\/muraste.ee\/vana\/wp-content\/uploads\/2016\/03\/hause-624x624.jpg 624w, https:\/\/muraste.ee\/vana\/wp-content\/uploads\/2016\/03\/hause.jpg 800w\" sizes=\"(max-width: 150px) 100vw, 150px\" \/><\/a><\/span><\/span><\/strong><\/p>\n<\/div>\n<div class=\"entry-content\" style=\"text-align: left;\">\n<p><strong><span style=\"color: #ff0000;\">UUS!<\/span>\u00a0<\/strong>Tore pere soovib Murastes \u00fc\u00fcrile v\u00f5tta \u00a03-4 toalist korteri v\u00f5i maja. Pakkumisi oodatakse tel 53736371 (Eve).<\/p>\n<p><span style=\"color: #ff0000;\"><strong>UUS!<\/strong>\u00a0<\/span>Tore pere otsib oma pisikesele 1a<span class=\"_5mfr _47e3\"><img decoding=\"async\" loading=\"lazy\" class=\"img\" src=\"https:\/\/www.facebook.com\/images\/emoji.php\/v9\/f64\/1.5\/16\/1f388.png\" alt=\"\" width=\"16\" height=\"16\" \/>\u00a0<\/span>poisile r\u00f5\u00f5msameelset hoidjat. Tasu ja kellaajad kokkuleppel. Asukoht Viti k\u00fcla. Helista numbrile 5129190 Helen<\/p>\n<\/div>\n<div class=\"entry-content\"><\/div>\n<div class=\"entry-content\"><strong><span style=\"color: #339966;\"><span style=\"color: #008000;\">TEADETETAHVEL<\/span><\/span><\/strong><\/div>\n<div class=\"entry-content\">\n<div class=\"_1mf _1mj\" data-offset-key=\"cki46-0-0\">\n<div class=\"_1mf _1mj\" data-offset-key=\"cki46-0-0\"><strong><span style=\"color: #339966;\"><img decoding=\"async\" loading=\"lazy\" class=\"size-medium wp-image-3740 alignright\" src=\"https:\/\/muraste.ee\/vana\/wp-content\/uploads\/2016\/03\/stend-300x224.jpg\" sizes=\"(max-width: 300px) 100vw, 300px\" srcset=\"https:\/\/muraste.ee\/vana\/wp-content\/uploads\/2016\/03\/stend-300x224.jpg 300w, https:\/\/muraste.ee\/vana\/wp-content\/uploads\/2016\/03\/stend-768x572.jpg 768w, https:\/\/muraste.ee\/vana\/wp-content\/uploads\/2016\/03\/stend-1024x763.jpg 1024w, https:\/\/muraste.ee\/vana\/wp-content\/uploads\/2016\/03\/stend-624x465.jpg 624w, https:\/\/muraste.ee\/vana\/wp-content\/uploads\/2016\/03\/stend.jpg 1300w\" alt=\"stend\" width=\"300\" height=\"224\" \/><\/span><\/strong><\/div>\n<div class=\"_1mf _1mj\" data-offset-key=\"cki46-0-0\"><\/div>\n<div class=\"_1mf _1mj\" data-offset-key=\"cki46-0-0\">\n<p><strong>Soovid avaldada oma reklaami<\/strong>\u00a0meie infokanalites? Juhised on\u00a0<strong>siin<\/strong>!<\/p>\n<\/div>\n<div class=\"_1mf _1mj\" data-offset-key=\"cki46-0-0\"><strong>Soovid kasutada<\/strong>\u00a0m\u00f5nd Muraste k\u00fclaseltsi poolt pakutavat<strong>\u00a0teenust<\/strong>? V\u00f5imalused on<strong>\u00a0siin!<\/strong><\/div>\n<div class=\"_1mf _1mj\" data-offset-key=\"cki46-0-0\"><\/div>\n<div class=\"_1mf _1mj\" data-offset-key=\"cki46-0-0\"><\/div>\n<p><strong>Teadmiseks:\u00a0<\/strong>Muraste igan\u00e4dalase e-infokirjaga liitumiseks saada sellekohane teade muraste@muraste.ee<br \/>\n<strong>Muraste kogukonnakeskus\u00a0<\/strong>(Lee tee 9, Muraste) avatud E-N 10-18, R 10-16.<br \/>\n<strong>T\u00e4psustused ja info:<\/strong>\u00a0kogukonnakeskus@muraste.ee;\u00a05253128 (Aule Kikas).<\/p>\n<p><strong>\u00a0<\/strong><\/p>\n<\/div>\n<\/div>\n","protected":false},"excerpt":{"rendered":"<p>N\u00c4DAL\u00a041 MURASTES* 9. \u00a0&#8211; 15. oktoober 2017\u00a0 L\u00e4hme valima! Alates esmasp\u00e4evast, 09. oktoobrist on\u00a0Muraste koolimaja fuajees avatud\u00a0Harku valla\u00a0valimisjaoskond nr\u00a03 Adra, Humala, Liikva, Muraste, Naage, Suurupi, S\u00f5rve, Vaila, Vahi, Viti, V\u00e4\u00e4na, V\u00e4\u00e4na-J\u00f5esuu ja T\u00fcrisalu k\u00fcla elanikele. Valimisjaoskonna uksed (sissep\u00e4\u00e4s koolimaja peauksest) on avatud ja h\u00e4\u00e4letada saab esmasp\u00e4evast\u00a0kolmap\u00e4evani kl 12 -20; p\u00fchap\u00e4eval, 15. oktoobril on valimisjaoskond avatud\u00a0kl<a class=\"moretag\" href=\"https:\/\/muraste.ee\/vana\/?page_id=4661\"><br \/>&#8230;Loe edasi<\/a><\/p>\n","protected":false},"author":2,"featured_media":0,"parent":0,"menu_order":0,"comment_status":"closed","ping_status":"closed","template":"","meta":{"_bbp_topic_count":0,"_bbp_reply_count":0,"_bbp_total_topic_count":0,"_bbp_total_reply_count":0,"_bbp_voice_count":0,"_bbp_anonymous_reply_count":0,"_bbp_topic_count_hidden":0,"_bbp_reply_count_hidden":0,"_bbp_forum_subforum_count":0,"_mc_calendar":[]},"_links":{"self":[{"href":"https:\/\/muraste.ee\/vana\/index.php?rest_route=\/wp\/v2\/pages\/4661"}],"collection":[{"href":"https:\/\/muraste.ee\/vana\/index.php?rest_route=\/wp\/v2\/pages"}],"about":[{"href":"https:\/\/muraste.ee\/vana\/index.php?rest_route=\/wp\/v2\/types\/page"}],"author":[{"embeddable":true,"href":"https:\/\/muraste.ee\/vana\/index.php?rest_route=\/wp\/v2\/users\/2"}],"replies":[{"embeddable":true,"href":"https:\/\/muraste.ee\/vana\/index.php?rest_route=%2Fwp%2Fv2%2Fcomments&post=4661"}],"version-history":[{"count":1,"href":"https:\/\/muraste.ee\/vana\/index.php?rest_route=\/wp\/v2\/pages\/4661\/revisions"}],"predecessor-version":[{"id":4663,"href":"https:\/\/muraste.ee\/vana\/index.php?rest_route=\/wp\/v2\/pages\/4661\/revisions\/4663"}],"wp:attachment":[{"href":"https:\/\/muraste.ee\/vana\/index.php?rest_route=%2Fwp%2Fv2%2Fmedia&parent=4661"}],"curies":[{"name":"wp","href":"https:\/\/api.w.org\/{rel}","templated":true}]}}