{"id":4770,"date":"2017-11-04T11:55:34","date_gmt":"2017-11-04T09:55:34","guid":{"rendered":"https:\/\/muraste.ee\/vana\/?page_id=4770"},"modified":"2017-11-04T11:55:34","modified_gmt":"2017-11-04T09:55:34","slug":"nadal-44-2","status":"publish","type":"page","link":"https:\/\/muraste.ee\/vana\/?page_id=4770","title":{"rendered":"N\u00e4dal 44"},"content":{"rendered":"<h1 class=\"entry-title\" style=\"text-align: center;\"><span style=\"color: #ff6600;\"><strong>N\u00c4DAL\u00a044 MURASTES*<br \/>\n30. oktoober\u00a0 &#8211; 5. november 2017\u00a0<\/strong><\/span><\/h1>\n<p style=\"text-align: center;\"><a href=\"https:\/\/muraste.ee\/vana\/wp-content\/uploads\/2016\/03\/pohl.jpg\" rel=\"attachment wp-att-4720\"><img decoding=\"async\" loading=\"lazy\" class=\"alignnone size-medium wp-image-4720\" src=\"https:\/\/muraste.ee\/vana\/wp-content\/uploads\/2016\/03\/pohl-300x225.jpg\" alt=\"pohl\" width=\"300\" height=\"225\" srcset=\"https:\/\/muraste.ee\/vana\/wp-content\/uploads\/2016\/03\/pohl-300x225.jpg 300w, https:\/\/muraste.ee\/vana\/wp-content\/uploads\/2016\/03\/pohl-768x576.jpg 768w, https:\/\/muraste.ee\/vana\/wp-content\/uploads\/2016\/03\/pohl-1024x768.jpg 1024w, https:\/\/muraste.ee\/vana\/wp-content\/uploads\/2016\/03\/pohl-624x468.jpg 624w\" sizes=\"(max-width: 300px) 100vw, 300px\" \/><\/a><br \/>\n<span style=\"color: #1ca61c;\"><em><span style=\"color: #ff6600;\"><strong>Tervis Muraste rabast! Foto: Katre Kuusik<\/strong><\/span><span style=\"color: #003300;\"><br \/>\n<\/span><\/em><\/span><\/p>\n<div class=\"entry-content\" style=\"text-align: left;\">\n<p><strong><span style=\"color: #1ca61c;\"><span style=\"color: #ff6600;\">Esmasp\u00e4ev,\u00a030.\u00a0oktoober<\/span><a href=\"https:\/\/muraste.ee\/vana\/wp-content\/uploads\/2016\/03\/gill-page0001-1.jpg\" rel=\"attachment wp-att-4376\"><img decoding=\"async\" loading=\"lazy\" class=\"size-medium wp-image-4376 alignright\" src=\"https:\/\/muraste.ee\/vana\/wp-content\/uploads\/2016\/03\/gill-page0001-1-300x212.jpg\" alt=\"gill-page0001 (1)\" width=\"300\" height=\"212\" srcset=\"https:\/\/muraste.ee\/vana\/wp-content\/uploads\/2016\/03\/gill-page0001-1-300x212.jpg 300w, https:\/\/muraste.ee\/vana\/wp-content\/uploads\/2016\/03\/gill-page0001-1-768x543.jpg 768w, https:\/\/muraste.ee\/vana\/wp-content\/uploads\/2016\/03\/gill-page0001-1-1024x724.jpg 1024w, https:\/\/muraste.ee\/vana\/wp-content\/uploads\/2016\/03\/gill-page0001-1-624x441.jpg 624w, https:\/\/muraste.ee\/vana\/wp-content\/uploads\/2016\/03\/gill-page0001-1.jpg 1754w\" sizes=\"(max-width: 300px) 100vw, 300px\" \/><\/a><\/span><br \/>\n<\/strong>kl 14 AT, Tallinna Tantsuklubi \u201cMy Dance\u201d\u00a0<strong>showtants<\/strong>. \u00a0(www.mydance.ee)<br \/>\nkl 14.40 KO,\u00a0<strong>Kandletund edasij\u00f5udnutele<\/strong>\u00a0(Fa Stuudio\/kool, fastuudio@gmail.com )<br \/>\nkl 15 SP, Judoklubi \u201cAitado\u201d\u00a0<strong>Judo\u00a0(<\/strong>alustajad ja uuesti alustajad). \u00a0(www.aitado.ee)<br \/>\nkl 16.30 SP, Judoklubi \u201cAitado\u201d\u00a0<strong>Judo<\/strong>\u00a0(edasij\u00f5udnud). \u00a0(www.aitado.ee)<br \/>\nkl 17.30 KO,\u00a0<strong>Kandleansambel LiuLi<\/strong>\u00a0(\u00fcle n\u00e4dala)<br \/>\nkl 19 KL.\u00a0<strong>Suurupi naiskoor Meretule\u00a0<\/strong><\/p>\n<p><span style=\"color: #1ca61c;\"><strong><a href=\"https:\/\/muraste.ee\/vana\/wp-content\/uploads\/2016\/03\/helen-t\u00e4isk.jpg\" rel=\"attachment wp-att-4497\"><img decoding=\"async\" loading=\"lazy\" class=\"wp-image-4497 size-medium alignleft\" src=\"https:\/\/muraste.ee\/vana\/wp-content\/uploads\/2016\/03\/helen-t\u00e4isk-212x300.jpg\" alt=\"helen t\u00e4isk\" width=\"212\" height=\"300\" srcset=\"https:\/\/muraste.ee\/vana\/wp-content\/uploads\/2016\/03\/helen-t\u00e4isk-212x300.jpg 212w, https:\/\/muraste.ee\/vana\/wp-content\/uploads\/2016\/03\/helen-t\u00e4isk-768x1086.jpg 768w, https:\/\/muraste.ee\/vana\/wp-content\/uploads\/2016\/03\/helen-t\u00e4isk-724x1024.jpg 724w, https:\/\/muraste.ee\/vana\/wp-content\/uploads\/2016\/03\/helen-t\u00e4isk-624x882.jpg 624w, https:\/\/muraste.ee\/vana\/wp-content\/uploads\/2016\/03\/helen-t\u00e4isk.jpg 800w\" sizes=\"(max-width: 212px) 100vw, 212px\" \/><\/a><span style=\"color: #ff6600;\">Teisip\u00e4ev,\u00a0 31.\u00a0oktoober<\/span><\/strong><\/span><br \/>\nkl 14.40-15.25 KO,\u00a0<strong>Fa Stuudio \u00a0fl\u00f6\u00f6diring<\/strong>\u00a0edasij\u00f5udnutele. \u00a0(fastuudio@gmail.com v\u00f5i tel 5160031)<br \/>\nkl 15.30-18.00 KO,\u00a0<strong>Soololaul \/ klaver<\/strong>\u00a0(juhendab Triin Kont-Kontson)<br \/>\nkl 16-18.30 KL, Lahe Huvikooli\u00a0<strong>eelkool<\/strong>\u00a0\u00a0(www.lahehuvikool.ee)<br \/>\nkl 18.30 KL,\u00a0<strong>Inglise keele kursus\u00a0 (<\/strong><em>I grupp, algteadmisi omajatel on v\u00f5imalus liituda ka juba t\u00f6\u00f6tava grupiga).<\/em>\u00a0K\u00fcsi lisa juhendajalt tel 56575575.<br \/>\n<span style=\"color: #000000;\">kl 18 KO,\u00a0<strong>Inglise keele vestlusring,\u00a0<\/strong>juhendab James Gill<\/span><br \/>\nkl 19 SP,\u00a0<strong>V\u00f5rkpall\u00a0<\/strong><em>(naised\/mehed)- oodatud on k\u00f5ik v\u00f5rkpallihuvilised!;<br \/>\n<\/em>kl 18.30 AT,<span style=\"color: #ff0000;\"><strong>UUS, ALGAB T\u00c4NA!<\/strong>\u00a0<\/span>\u00a0<strong>Seltskonnatantsu kursus\u00a0<\/strong><strong>t\u00e4iskasvanutele.\u00a0<\/strong>Vabu\u00a0kohti veel on!<br \/>\nkl 19 KL,\u00a0\u00a0<span style=\"color: #ff0000;\"><strong>UUS!<\/strong><\/span>\u00a0<strong><span style=\"color: #0000ff;\"><a style=\"color: #0000ff;\" href=\"https:\/\/muraste.ee\/vana\/?p=4470\" target=\"_blank\">Kundalini jooga\u00a0<\/a><\/span><\/strong><span style=\"color: #0000ff;\"><span style=\"color: #000000;\"><a style=\"color: #000000;\" href=\"mailto:info@lahetervis.ee\">info@lahetervis.ee<\/a><\/span><\/span><strong><span style=\"color: #0000ff;\">,<\/span><\/strong>\u00a0tel.56903049,<br \/>\nkl 19\u00a0<strong>Tilgu h\u00fclged suplevad<\/strong>\u00a0Tilgu sadamas! Info: FB grupp Taliujumine Tilgus.<br \/>\nkl 19.45 AT,\u00a0<strong>Seltskonnatantsude harjutustund<\/strong>\u2013 v\u00f5imalus \u00f5pitut kinnistada ja toredas seltskonnas jalga keerutada.<a href=\"https:\/\/muraste.ee\/vana\/wp-content\/uploads\/2016\/03\/jooga-page0001.jpg\" rel=\"attachment wp-att-4624\"><img decoding=\"async\" loading=\"lazy\" class=\"size-medium wp-image-4624 aligncenter\" src=\"https:\/\/muraste.ee\/vana\/wp-content\/uploads\/2016\/03\/jooga-page0001-300x212.jpg\" alt=\"jooga-page0001\" width=\"300\" height=\"212\" srcset=\"https:\/\/muraste.ee\/vana\/wp-content\/uploads\/2016\/03\/jooga-page0001-300x212.jpg 300w, https:\/\/muraste.ee\/vana\/wp-content\/uploads\/2016\/03\/jooga-page0001-768x543.jpg 768w, https:\/\/muraste.ee\/vana\/wp-content\/uploads\/2016\/03\/jooga-page0001-1024x724.jpg 1024w, https:\/\/muraste.ee\/vana\/wp-content\/uploads\/2016\/03\/jooga-page0001-624x441.jpg 624w, https:\/\/muraste.ee\/vana\/wp-content\/uploads\/2016\/03\/jooga-page0001.jpg 1754w\" sizes=\"(max-width: 300px) 100vw, 300px\" \/><\/a><\/p>\n<p><span style=\"color: #ff6600;\"><strong>Kolmap\u00e4ev, 1. november<br \/>\n<\/strong><\/span>kl 13.45 KL,\u00a0<strong>Kitarriring<\/strong>\u00a0(I grupp) (Ain Varts, www.huviringid.ee)<br \/>\nkl 13.45 KL,\u00a0<strong>Kitarriring<\/strong>\u00a0(II grupp) (Ain Varts, www.huviringid.ee )<br \/>\nkl 15.30 KL,\u00a0<strong>Malering<\/strong>\u00a0(Jaan Urgas,\u00a0www.huviringid.ee)<br \/>\nkl 14 AT, Tallinna Tantsuklubi \u201cMy Dance\u201d\u00a0<strong>showtants<\/strong>. \u00a0(www.mydance.ee)<br \/>\nkl 14.45 KL,\u00a0<strong>Noortejooga<\/strong>\u00a0alates 3. kl<br \/>\nkl 14.40 KO,\u00a0<strong>Kandletund algajatele<\/strong>\u00a0I grupp (Fa Stuudio\/kool)<br \/>\nkl 15.45 KO,\u00a0<strong>Beebide-p\u00f5nnide muusikaring<\/strong>\u00a0(fastuudio@gmail.com v\u00f5i tel 5160031)<br \/>\nkl 16.15 SP, Judoklubi \u201cAitado\u201d\u00a0<strong>Judo\u00a0(<\/strong>alustajad ja uuesti alustajad). \u00a0(www.aitado.ee)<br \/>\nkl 17.45 SP, Judoklubi \u201cAitado\u201d\u00a0<strong>Judo<\/strong>\u00a0(edasij\u00f5udnud). \u00a0(www.aitado.ee)<br \/>\nkl 18.30 KL,\u00a0<strong><span style=\"color: #ff0000;\">UUS!<\/span>\u00a0<\/strong>K\u00fclaseltsi juhatuse\u00a0 koosolek. Lisaks juhatuse liikmetele oodatakse\u00a0 osalema k\u00f5iki,\u00a0\u00a0kes valmis kaasa m\u00f5tlema k\u00fclaseltsi kui organisatsiooni arengu teemadel. Lisainfo muraste@muraste.ee v\u00f5i 5253128 (Aule).<br \/>\nkl 18 KO,\u00a0<strong><span style=\"color: #ff0000;\">UUS, algab t\u00e4na!<\/span>\u00a0Kursus &#8220;Praktiline lilleseade&#8221;<\/strong>. T\u00e4psemalt loe\u00a0<strong><a href=\"https:\/\/muraste.ee\/vana\/?p=4561\">SIIT<\/a><\/strong>!<br \/>\nkl 18.30 AT,\u00a0<strong>Line-tants.<\/strong>\u00a0Tulge k\u00f5ik ja saage osa elur\u00f5\u00f5must!<br \/>\nInfo kristin@huviline.ee<br \/>\n<a href=\"https:\/\/muraste.ee\/vana\/wp-content\/uploads\/2016\/03\/beebid-page0001.jpg\" rel=\"attachment wp-att-4494\"><img decoding=\"async\" loading=\"lazy\" class=\"size-medium wp-image-4494 alignright\" src=\"https:\/\/muraste.ee\/vana\/wp-content\/uploads\/2016\/03\/beebid-page0001-300x212.jpg\" alt=\"beebid-page0001\" width=\"300\" height=\"212\" srcset=\"https:\/\/muraste.ee\/vana\/wp-content\/uploads\/2016\/03\/beebid-page0001-300x212.jpg 300w, https:\/\/muraste.ee\/vana\/wp-content\/uploads\/2016\/03\/beebid-page0001-768x543.jpg 768w, https:\/\/muraste.ee\/vana\/wp-content\/uploads\/2016\/03\/beebid-page0001-1024x724.jpg 1024w, https:\/\/muraste.ee\/vana\/wp-content\/uploads\/2016\/03\/beebid-page0001-624x441.jpg 624w, https:\/\/muraste.ee\/vana\/wp-content\/uploads\/2016\/03\/beebid-page0001.jpg 1754w\" sizes=\"(max-width: 300px) 100vw, 300px\" \/><\/a><a href=\"https:\/\/muraste.ee\/vana\/wp-content\/uploads\/2016\/03\/line-tants-page0001-1.jpg\" rel=\"attachment wp-att-4526\"><img decoding=\"async\" loading=\"lazy\" class=\"size-medium wp-image-4526\" src=\"https:\/\/muraste.ee\/vana\/wp-content\/uploads\/2016\/03\/line-tants-page0001-1-300x212.jpg\" alt=\"line-tants-page0001 (1)\" width=\"300\" height=\"212\" srcset=\"https:\/\/muraste.ee\/vana\/wp-content\/uploads\/2016\/03\/line-tants-page0001-1-300x212.jpg 300w, https:\/\/muraste.ee\/vana\/wp-content\/uploads\/2016\/03\/line-tants-page0001-1-768x543.jpg 768w, https:\/\/muraste.ee\/vana\/wp-content\/uploads\/2016\/03\/line-tants-page0001-1-1024x724.jpg 1024w, https:\/\/muraste.ee\/vana\/wp-content\/uploads\/2016\/03\/line-tants-page0001-1-624x441.jpg 624w, https:\/\/muraste.ee\/vana\/wp-content\/uploads\/2016\/03\/line-tants-page0001-1.jpg 1754w\" sizes=\"(max-width: 300px) 100vw, 300px\" \/><\/a><\/p>\n<p><strong><span class=\"alignnone\" style=\"color: #ff6600;\"><span style=\"color: #993366;\"><span style=\"color: #ff6600;\">Neljap\u00e4ev, 2. november &#8211; hingedep\u00e4ev<\/span><br \/>\n<\/span><\/span><\/strong><span style=\"color: #000000;\">kl 12.40 KL\u00a0<strong>Meisterdamine<\/strong>\u00a01. kl (Loovuslabor)<br \/>\n<\/span><span style=\"color: #ff6600;\"><span style=\"color: #000000;\">kl 13.45 KL\u00a0<strong>Meisterdamine<\/strong>\u00a03.-4. kl (Loovuslabor)<\/span><br \/>\n<\/span><span style=\"color: #ff6600;\"><span style=\"color: #000000;\">kl 14-16.20 KO,\u00a0<strong>Soololaul\/klaver<\/strong>\u00a0(juhendab Triin Kont-Kontson)<br \/>\nkl 15.30 KL\u00a0<strong>Tekstiili- ja disainiring<\/strong>\u00a05-6\u00a0kl (Loovuslabor)<br \/>\n<\/span><\/span><span style=\"color: #000000;\">kl\u00a019 KL,\u00a0<strong>Inglise keele\u00a0kursus<\/strong><em>\u00a0(II grupp,\u00a0<\/em>algajatele ja uuesti alustajatele). \u00a0T\u00e4psem info marethein@gmail.com, tel 56575575.<br \/>\nkl 18.30 AT,\u00a0<strong><span style=\"color: #ff0000;\"><span style=\"color: #003300;\">N\u00e4item\u00e4nguselts<\/span>\u00a0\u00a0<\/span><\/strong>(juhendab \u00a0Anne Veesaar)<a href=\"https:\/\/muraste.ee\/vana\/wp-content\/uploads\/2016\/03\/tom.jpeg\" rel=\"attachment wp-att-4722\"><img decoding=\"async\" loading=\"lazy\" class=\"size-medium wp-image-4722 alignright\" src=\"https:\/\/muraste.ee\/vana\/wp-content\/uploads\/2016\/03\/tom-210x300.jpeg\" alt=\"tom\" width=\"210\" height=\"300\" srcset=\"https:\/\/muraste.ee\/vana\/wp-content\/uploads\/2016\/03\/tom-210x300.jpeg 210w, https:\/\/muraste.ee\/vana\/wp-content\/uploads\/2016\/03\/tom-768x1098.jpeg 768w, https:\/\/muraste.ee\/vana\/wp-content\/uploads\/2016\/03\/tom-716x1024.jpeg 716w, https:\/\/muraste.ee\/vana\/wp-content\/uploads\/2016\/03\/tom-624x892.jpeg 624w, https:\/\/muraste.ee\/vana\/wp-content\/uploads\/2016\/03\/tom.jpeg 1432w\" sizes=\"(max-width: 210px) 100vw, 210px\" \/><\/a><br \/>\nkl 19 SP,\u00a0<span style=\"color: #ff0000;\"><strong>UUS!<\/strong>\u00a0<\/span><strong>Mudelistide lennuklubi (<\/strong>Tiit T\u00f5nurist)<br \/>\nkl 19\u00a0<strong>Tilgu h\u00fclged suplevad<\/strong>\u00a0Tilgu sadamas! Info: FB grupp Taliujumine Tilgus.<br \/>\n<span style=\"color: #993366;\"><span style=\"color: #000000;\"><strong>kl 19.45\u00a0 L\u00c4HME K\u00dcLLA!<\/strong>\u00a0Hingedep\u00e4eva kontsert \u2013 Andrus \u201cBonzo\u201d Albrecht Kumna Kultuuriaidas.<\/span><\/span><\/span><\/p>\n<p><span style=\"color: #ff6600;\"><strong>Reede, 3. november<\/strong>\u00a0<span style=\"color: #3366ff;\"><span style=\"color: #008000;\"><span style=\"color: #993366;\"><br \/>\n<span style=\"color: #000000;\">kl 16 \u00f5ues, \u00a0<strong>Skaudiring<\/strong>, oodatud k\u00f5ik kooliealised lapsed. Kogunemine v\u00f5rkpalliplatsi juures.<br \/>\nkl 19 filmi\u00f5htu\u00a0<a href=\"https:\/\/www.youtube.com\/watch?v=SBTEVKYoeL8\" target=\"_blank\">\u201c<\/a><strong><a href=\"https:\/\/www.youtube.com\/watch?v=SBTEVKYoeL8\" target=\"_blank\">Tom of Finland\u201d<\/a><\/strong><\/span><\/span><\/span><\/span><\/span><\/p>\n<p><span style=\"color: #ff6600;\"><strong>Laup\u00e4ev, 4. november<\/strong><\/span><br \/>\nKodukant Harjumaa projekti &#8220;V\u00e4rsket verd v\u00f5rgustikku&#8221; raames\u00a0<strong>k\u00fclastavad Harjumaa k\u00fclade\/seltside esindajaid Muraste kogukonnakeskust<\/strong>. Ringk\u00e4igul k\u00fclastatakse \u00c4\u00e4sm\u00e4e k\u00fclakogu, Lehetu k\u00fclaseltsi\/k\u00fclamaja, Klooga k\u00fclaseltsi ja Muraste kogukonnakeskust.<\/p>\n<p><span style=\"color: #ff00ff;\"><strong><span style=\"color: #ff6600;\">TULEKUL!<\/span><br \/>\n<\/strong><\/span><br \/>\n<strong><span style=\"color: #ff0000;\"><a href=\"https:\/\/muraste.ee\/vana\/wp-content\/uploads\/2016\/03\/neleliis.jpg\" rel=\"attachment wp-att-4603\"><img decoding=\"async\" loading=\"lazy\" class=\"size-medium wp-image-4603 alignright\" src=\"https:\/\/muraste.ee\/vana\/wp-content\/uploads\/2016\/03\/neleliis-300x169.jpg\" alt=\"neleliis\" width=\"300\" height=\"169\" srcset=\"https:\/\/muraste.ee\/vana\/wp-content\/uploads\/2016\/03\/neleliis-300x169.jpg 300w, https:\/\/muraste.ee\/vana\/wp-content\/uploads\/2016\/03\/neleliis-768x432.jpg 768w, https:\/\/muraste.ee\/vana\/wp-content\/uploads\/2016\/03\/neleliis-1024x576.jpg 1024w, https:\/\/muraste.ee\/vana\/wp-content\/uploads\/2016\/03\/neleliis-624x351.jpg 624w, https:\/\/muraste.ee\/vana\/wp-content\/uploads\/2016\/03\/neleliis-128x72.jpg 128w, https:\/\/muraste.ee\/vana\/wp-content\/uploads\/2016\/03\/neleliis.jpg 1280w\" sizes=\"(max-width: 300px) 100vw, 300px\" \/><\/a>UUS!<\/span><\/strong>\u00a0P\u00fchap\u00e4eval, 19. novembril kell 18\u00a0Muraste koolimaja aatriumis\u00a0<span style=\"color: #0000ff;\"><strong>Nele-Liis Vaiksoo ja Olav Ehala\u00a0kontserdiga\u00a0&#8220;Vaid see on armastus&#8221;<\/strong>.<\/span>\u00a0Piletid eelm\u00fc\u00fcgist 12\u20ac, soodushind\u00a0seenioritele ja \u00f5pilastele 10\u20ac: kontserdip\u00e4eval 15\u20ac\/12\u20ac. Piletid saadaval Muraste kogukonnakeskuses (Lee tee 9, Muraste). Piletiinfo ja broneerimine\u00a0<a href=\"mailto:kogukonnakeskus@muraste.ee\">kogukonnakeskus@muraste.ee<\/a>, tel 5253128. Loe lisa<span style=\"color: #ff0000;\">\u00a0<strong><a style=\"color: #ff0000;\" href=\"https:\/\/muraste.ee\/vana\/?p=4634\" target=\"_blank\">SIIT<\/a><\/strong><\/span><\/p>\n<p><strong><br \/>\n<\/strong>R, 10. november kell 19 filmi\u00f5htu\u00a0<strong>\u201c<a href=\"https:\/\/www.youtube.com\/watch?v=xS07TVZOeuQ\" target=\"_blank\">Bj\u00f6rn Borg ja McEnroe<\/a>\u201c<\/strong><br \/>\nR, 17. november kell 18 filmi\u00f5htu lastele: \u201c<a href=\"https:\/\/www.youtube.com\/watch?v=nXFmHVGdoz8\" target=\"_blank\"><strong>Pettoson ja Findus: Maailma parimad j\u00f5ulud<\/strong><\/a><br \/>\nR, 24. november kell 19\u00a0 filmi\u00f5htu<strong>\u00a0\u201c<a href=\"https:\/\/www.youtube.com\/watch?v=ee_UtN_p4Q0\" target=\"_blank\">Pihtimus<\/a>\u201d<br \/>\n<\/strong>R. 1. detsember kell 19 filmi\u00f5htu \u201c<strong><a href=\"https:\/\/www.youtube.com\/watch?v=Pzkykpu3s6Q\" target=\"_blank\">Hea aeg<\/a><\/strong>\u201d<br \/>\nL, 16. detsember kell 18 filmi\u00f5htu lastele \u201c<strong><a href=\"https:\/\/www.youtube.com\/watch?v=qzLkLaTTpNE\" target=\"_blank\">J\u00f5uluvanade vahetus<\/a><\/strong>\u201d<br \/>\nR. 5. jaanuar\u00a0kell 18 filmi\u00f5htu lastele\u00a0 \u201c<strong><a href=\"https:\/\/www.youtube.com\/watch?v=mTW7z38AFs0\" target=\"_blank\">Kasper jaEmma l\u00e4hevad matkale<\/a><\/strong>\u201d<br \/>\n<span style=\"color: #ff0000;\"><strong>UUS!<\/strong>\u00a0<\/span>23. veebruaril Eesti Vabariigi 100. s\u00fcnnip\u00e4evale p\u00fchendatud\u00a0<strong>\u00f6\u00f6matk.<\/strong><br \/>\n<span style=\"color: #ff0000;\"><strong>UUS!<\/strong>\u00a0<\/span>8. m\u00e4rts kell 19 Muraste Nimetu N\u00e4item\u00e4nguselts etendusega<strong>\u00a0\u201cKaheksa armastavat naist\u201d<\/strong>\u00a0(esietendus)<\/p>\n<p><span style=\"color: #ff0000;\"><strong>UUS!<\/strong>\u00a0<\/span>Laup\u00e4e<a href=\"https:\/\/muraste.ee\/vana\/wp-content\/uploads\/2016\/03\/hollywood.jpg\" rel=\"attachment wp-att-4628\"><img decoding=\"async\" loading=\"lazy\" class=\"size-medium wp-image-4628 alignright\" src=\"https:\/\/muraste.ee\/vana\/wp-content\/uploads\/2016\/03\/hollywood-208x300.jpg\" alt=\"hollywood\" width=\"208\" height=\"300\" srcset=\"https:\/\/muraste.ee\/vana\/wp-content\/uploads\/2016\/03\/hollywood-208x300.jpg 208w, https:\/\/muraste.ee\/vana\/wp-content\/uploads\/2016\/03\/hollywood.jpg 555w\" sizes=\"(max-width: 208px) 100vw, 208px\" \/><\/a>val. 20. jaanuaril kell 17 Muraste koolimaja aatriumis\u00a0 Kom\u00f6\u00f6diateater etendusega<span style=\"color: #0000ff;\">\u00a0<strong>&#8220;Hollywoody filmit\u00e4hed&#8221;.<\/strong>\u00a0<strong>Osades Helgi Sallo ja Katrin Karisma.<\/strong>\u00a0<\/span>Piletid eelm\u00fc\u00fcgist 15\u20ac, soodushind\u00a0seenioritele ja \u00f5pilastele 13\u20ac: Piletid saadaval Muraste kogukonnakeskuses (Lee tee 9, Muraste). Piletiinfo ja broneerimine\u00a0\u00a0<a href=\"mailto:kogukonnakeskus@muraste.ee\">kogukonnakeskus@muraste.ee<\/a>, tel 5253128. Loe lisa\u00a0<strong><span style=\"color: #ff0000;\"><a style=\"color: #ff0000;\" href=\"https:\/\/muraste.ee\/vana\/?p=4642\" target=\"_blank\">SIIT<\/a><\/span><\/strong><\/p>\n<p><span style=\"color: #ff6600;\"><strong>ORGANISATSIOONI INFO<\/strong><br \/>\n<\/span><\/p>\n<p><span style=\"color: #ff6600;\"><span style=\"color: #000000;\"><strong><span style=\"color: #ff0000;\">UUS!<\/span><\/strong>\u00a0Kolmap\u00e4eval, 15. novembril kell 18.30 Muraste kogukonnakeskuses\u00a0<strong>Harku valla k\u00fclade \u00fcmarlaua kokkusaamine<\/strong>. T\u00e4psem info on\u00a0<strong><span style=\"color: #ff0000;\"><a style=\"color: #ff0000;\" href=\"https:\/\/muraste.ee\/vana\/?page_id=113\" target=\"_blank\">SIIN<\/a><\/span><\/strong><\/span><\/span><\/p>\n<p><span style=\"color: #ff6600;\"><span style=\"color: #000000;\"><strong><span style=\"color: #ff0000;\">UUS!<\/span><\/strong>\u00a0Neljap\u00e4eval. 16. oktoobril kell 19 Muraste kogukonnakeskuses Muraste k\u00fclaselts\u00a0 MT\u00dc\u00a0<strong>\u00fcldkoosolek<\/strong>. T\u00e4psem info koos lisamaterjaliga on\u00a0<strong><span style=\"color: #ff0000;\"><a style=\"color: #ff0000;\" href=\"https:\/\/muraste.ee\/vana\/?page_id=101\" target=\"_blank\">SIIN<\/a><\/span><\/strong><\/span><\/span><\/p>\n<\/div>\n<div class=\"entry-content\"><\/div>\n<div class=\"entry-content\"><span style=\"color: #ff6600;\"><strong>TEADETETAHVEL<\/strong><\/span><\/div>\n<div class=\"entry-content\">\n<div class=\"_1mf _1mj\" data-offset-key=\"cki46-0-0\">\n<div class=\"_1mf _1mj\" data-offset-key=\"cki46-0-0\"><strong><span style=\"color: #339966;\"><img decoding=\"async\" loading=\"lazy\" class=\"size-medium wp-image-3740 alignright\" src=\"https:\/\/muraste.ee\/vana\/wp-content\/uploads\/2016\/03\/stend-300x224.jpg\" sizes=\"(max-width: 300px) 100vw, 300px\" srcset=\"https:\/\/muraste.ee\/vana\/wp-content\/uploads\/2016\/03\/stend-300x224.jpg 300w, https:\/\/muraste.ee\/vana\/wp-content\/uploads\/2016\/03\/stend-768x572.jpg 768w, https:\/\/muraste.ee\/vana\/wp-content\/uploads\/2016\/03\/stend-1024x763.jpg 1024w, https:\/\/muraste.ee\/vana\/wp-content\/uploads\/2016\/03\/stend-624x465.jpg 624w, https:\/\/muraste.ee\/vana\/wp-content\/uploads\/2016\/03\/stend.jpg 1300w\" alt=\"stend\" width=\"300\" height=\"224\" \/><\/span><\/strong><\/div>\n<div class=\"_1mf _1mj\" data-offset-key=\"cki46-0-0\"><\/div>\n<div class=\"_1mf _1mj\" data-offset-key=\"cki46-0-0\">\n<p><strong>Soovid avaldada oma reklaami<\/strong>\u00a0meie infokanalites? Juhised on\u00a0<strong>siin<\/strong>!<\/p>\n<\/div>\n<div class=\"_1mf _1mj\" data-offset-key=\"cki46-0-0\"><strong>Soovid kasutada<\/strong>\u00a0m\u00f5nd Muraste k\u00fclaseltsi poolt pakutavat<strong>\u00a0teenust<\/strong>? V\u00f5imalused on<strong>\u00a0siin!<\/strong><\/div>\n<div class=\"_1mf _1mj\" data-offset-key=\"cki46-0-0\"><\/div>\n<div class=\"_1mf _1mj\" data-offset-key=\"cki46-0-0\"><\/div>\n<p><strong>Teadmiseks:\u00a0<\/strong>Muraste igan\u00e4dalase e-infokirjaga liitumiseks saada sellekohane teade muraste@muraste.ee<br \/>\n<strong>Muraste kogukonnakeskus\u00a0<\/strong>(Lee tee 9, Muraste) avatud E-N 10-18, R 10-16.<br \/>\n<strong>T\u00e4psustused ja info:<\/strong>\u00a0kogukonnakeskus@muraste.ee;\u00a05253128 (Aule Kikas).<\/p>\n<\/div>\n<\/div>\n","protected":false},"excerpt":{"rendered":"<p>N\u00c4DAL\u00a044 MURASTES* 30. oktoober\u00a0 &#8211; 5. november 2017\u00a0 Tervis Muraste rabast! Foto: Katre Kuusik Esmasp\u00e4ev,\u00a030.\u00a0oktoober kl 14 AT, Tallinna Tantsuklubi \u201cMy Dance\u201d\u00a0showtants. \u00a0(www.mydance.ee) kl 14.40 KO,\u00a0Kandletund edasij\u00f5udnutele\u00a0(Fa Stuudio\/kool, fastuudio@gmail.com ) kl 15 SP, Judoklubi \u201cAitado\u201d\u00a0Judo\u00a0(alustajad ja uuesti alustajad). \u00a0(www.aitado.ee) kl 16.30 SP, Judoklubi \u201cAitado\u201d\u00a0Judo\u00a0(edasij\u00f5udnud). \u00a0(www.aitado.ee) kl 17.30 KO,\u00a0Kandleansambel LiuLi\u00a0(\u00fcle n\u00e4dala) kl 19 KL.\u00a0Suurupi naiskoor Meretule\u00a0<a class=\"moretag\" href=\"https:\/\/muraste.ee\/vana\/?page_id=4770\"><br \/>&#8230;Loe edasi<\/a><\/p>\n","protected":false},"author":2,"featured_media":0,"parent":0,"menu_order":0,"comment_status":"closed","ping_status":"closed","template":"nadalakava.php","meta":{"_bbp_topic_count":0,"_bbp_reply_count":0,"_bbp_total_topic_count":0,"_bbp_total_reply_count":0,"_bbp_voice_count":0,"_bbp_anonymous_reply_count":0,"_bbp_topic_count_hidden":0,"_bbp_reply_count_hidden":0,"_bbp_forum_subforum_count":0,"_mc_calendar":[]},"_links":{"self":[{"href":"https:\/\/muraste.ee\/vana\/index.php?rest_route=\/wp\/v2\/pages\/4770"}],"collection":[{"href":"https:\/\/muraste.ee\/vana\/index.php?rest_route=\/wp\/v2\/pages"}],"about":[{"href":"https:\/\/muraste.ee\/vana\/index.php?rest_route=\/wp\/v2\/types\/page"}],"author":[{"embeddable":true,"href":"https:\/\/muraste.ee\/vana\/index.php?rest_route=\/wp\/v2\/users\/2"}],"replies":[{"embeddable":true,"href":"https:\/\/muraste.ee\/vana\/index.php?rest_route=%2Fwp%2Fv2%2Fcomments&post=4770"}],"version-history":[{"count":1,"href":"https:\/\/muraste.ee\/vana\/index.php?rest_route=\/wp\/v2\/pages\/4770\/revisions"}],"predecessor-version":[{"id":4772,"href":"https:\/\/muraste.ee\/vana\/index.php?rest_route=\/wp\/v2\/pages\/4770\/revisions\/4772"}],"wp:attachment":[{"href":"https:\/\/muraste.ee\/vana\/index.php?rest_route=%2Fwp%2Fv2%2Fmedia&parent=4770"}],"curies":[{"name":"wp","href":"https:\/\/api.w.org\/{rel}","templated":true}]}}