{"id":4862,"date":"2017-11-26T12:32:07","date_gmt":"2017-11-26T10:32:07","guid":{"rendered":"https:\/\/muraste.ee\/vana\/?page_id=4862"},"modified":"2017-11-26T12:32:38","modified_gmt":"2017-11-26T10:32:38","slug":"4862-2","status":"publish","type":"page","link":"https:\/\/muraste.ee\/vana\/?page_id=4862","title":{"rendered":"N\u00e4dal 47"},"content":{"rendered":"<h1 class=\"entry-title\" style=\"text-align: center;\"><span style=\"color: #008000;\"><strong>N\u00c4DAL\u00a047 MURASTES*<br \/>\n20. &#8211; 26. november 2017\u00a0<\/strong><\/span><\/h1>\n<p style=\"text-align: center;\"><em><strong>Pildil\u00a0<\/strong>Tallinna Loomaaia ninasarvikud.<br \/>\n<strong>Foto<\/strong>:\u00a0Signe Kalgan<\/em><br \/>\n<em><br \/>\n<\/em><\/p>\n<div class=\"entry-content\" style=\"text-align: left;\">\n<p><strong><span style=\"color: #1ca61c;\"><span style=\"color: #008000;\">Esmasp\u00e4ev, 20. november<\/span><\/span><br \/>\n<\/strong>kl 14 AT, Tallinna Tantsuklubi \u201cMy Dance\u201d\u00a0<strong>showtants<\/strong>. \u00a0(www.mydance.ee)<br \/>\nkl 14.40 KO,\u00a0<strong>Kandletund edasij\u00f5udnutele<\/strong>\u00a0(Fa Stuudio\/kool, fastuudio@gmail.com )<br \/>\nkl 15 SP, Judoklubi \u201cAitado\u201d\u00a0<strong>Judo\u00a0(<\/strong>alustajad ja uuesti alustajad). \u00a0(www.aitado.ee)<a href=\"https:\/\/muraste.ee\/vana\/wp-content\/uploads\/2016\/03\/Valgustusretk-20.11.17.jpg\" rel=\"attachment wp-att-4806\"><img decoding=\"async\" loading=\"lazy\" class=\"size-medium wp-image-4806 alignright\" src=\"https:\/\/muraste.ee\/vana\/wp-content\/uploads\/2016\/03\/Valgustusretk-20.11.17-208x300.jpg\" alt=\"Valgustusretk 20.11.17\" width=\"208\" height=\"300\" srcset=\"https:\/\/muraste.ee\/vana\/wp-content\/uploads\/2016\/03\/Valgustusretk-20.11.17-208x300.jpg 208w, https:\/\/muraste.ee\/vana\/wp-content\/uploads\/2016\/03\/Valgustusretk-20.11.17-709x1024.jpg 709w, https:\/\/muraste.ee\/vana\/wp-content\/uploads\/2016\/03\/Valgustusretk-20.11.17-624x901.jpg 624w, https:\/\/muraste.ee\/vana\/wp-content\/uploads\/2016\/03\/Valgustusretk-20.11.17.jpg 720w\" sizes=\"(max-width: 208px) 100vw, 208px\" \/><\/a><br \/>\nkl 16.30 SP, Judoklubi \u201cAitado\u201d\u00a0<strong>Judo<\/strong>\u00a0(edasij\u00f5udnud). \u00a0(www.aitado.ee)<br \/>\nkl 17 KO,\u00a0<strong>Maktkaradade t\u00f6\u00f6r\u00fchma<\/strong>\u00a0kokkusaamine<br \/>\nkl 17.30 KL,\u00a0<strong>Kandleansambel LiuLi<\/strong>\u00a0(Austraalias kontsertreisil)<br \/>\nkl 19 AT.\u00a0<strong>Suurupi naiskoor Meretule<br \/>\nkl 19 Muraste Liikumisklubi\u00a0<strong>&#8220;Valgustusretk&#8221;<\/strong><br \/>\n<\/strong><\/p>\n<p><span style=\"color: #1ca61c;\"><strong><span style=\"color: #008000;\">Teisip\u00e4ev, 21. november<\/span><\/strong><\/span><br \/>\nkl 14.40-15.25 KO,\u00a0<strong>Fa Stuudio \u00a0fl\u00f6\u00f6diring<\/strong>\u00a0edasij\u00f5udnutele. \u00a0(fastuudio@gmail.com v\u00f5i tel 5160031)<br \/>\nkl 15.30-18.00 KO,\u00a0<strong>Soololaul \/ klaver<\/strong>\u00a0(juhendab Triin Kont-Kontson)<br \/>\nkl 16-18.30 KL, Lahe Huvikooli\u00a0<strong>eelkool<\/strong>\u00a0\u00a0(www.lahehuvikool.ee)<br \/>\nkl 17 KL,\u00a0<strong>Puut\u00f6\u00f6ring<\/strong>\u00a0I grupp (juhendab Argo Aruvald).<br \/>\nkl 18 KL,\u00a0<strong>Puut\u00f6\u00f6ring<\/strong>\u00a0II grupp juhendab Argo Aruvald).<br \/>\nkl 18\u00a0<strong>Raadioring (<\/strong>alates 5. klassist). Juhendab Vytautas Martinonis. Registreerimine ia info kogukonnakeskus@muraste.ee, 5253128\u00a0<strong>(seekord erandkorras kolmap\u00e4eval kell 18.30)<\/strong><br \/>\nkl 18.30 KL,\u00a0<strong>Naiskodukaitse Harku jaoskonna<\/strong>\u00a0koosolek<br \/>\nkl 18.30 KL,\u00a0<strong>Inglise keele kursus\u00a0 (<\/strong><em>I grupp, algteadmisi omajatel on v\u00f5imalus liituda ka juba t\u00f6\u00f6tava grupiga).<\/em>\u00a0K\u00fcsi lisa juhendajalt tel 56575575.<br \/>\n<span style=\"color: #000000;\">kl 18 KO,\u00a0<strong>Inglise keele vestlusring,\u00a0<\/strong>juhendab James Gill<br \/>\n<\/span>kl 19 SP,\u00a0<strong>V\u00f5rkpall\u00a0<\/strong><em>(naised\/mehed)- oodatud on k\u00f5ik v\u00f5rkpallihuvilised!;<br \/>\n<\/em>kl 18.30 AT,\u00a0<strong>Seltskonnatantsu kursus\u00a0<\/strong><strong>t\u00e4iskasvanutele.\u00a0\u00a0<\/strong><br \/>\nkl 19 KL,\u00a0\u00a0<strong><span style=\"color: #0000ff;\"><a style=\"color: #0000ff;\" href=\"https:\/\/muraste.ee\/vana\/?p=4470\" target=\"_blank\">Kunda<\/a><a style=\"color: #0000ff;\" href=\"https:\/\/muraste.ee\/vana\/?p=4470\" target=\"_blank\">lini jooga\u00a0<\/a><\/span><\/strong><span style=\"color: #0000ff;\"><span style=\"color: #000000;\"><a style=\"color: #000000;\" href=\"mailto:info@lahetervis.ee\">info@lahetervis.ee<\/a><\/span><\/span><strong><span style=\"color: #0000ff;\">,<\/span><\/strong>\u00a0tel.56903049,<br \/>\nkl 19\u00a0<strong>Tilgu h\u00fclged suplevad<\/strong>\u00a0Tilgu sadamas! Info: FB grupp Taliujumine Tilgus.<br \/>\nkl 19.45 AT,\u00a0<strong>Seltskonnatantsude harjutustund<\/strong>\u2013 v\u00f5imalus \u00f5pitut kinnistada ja toredas seltskonnas jalga keerutada.<\/p>\n<p><span style=\"color: #ff6600;\"><strong><span style=\"color: #008000;\">Kolmap\u00e4ev, 22. november<\/span><br \/>\n<\/strong><\/span>kl 13.45 KL,\u00a0<strong>Kitarriring<\/strong>\u00a0(I grupp) (Ain Varts, www.huviringid.ee)<br \/>\nkl 13.45 KL,\u00a0<strong>Kitarriring<\/strong>\u00a0(II grupp) (Ain Varts, www.huviringid.ee )<br \/>\nkl 15.30 KL,\u00a0<strong>Malering<\/strong>\u00a0(Jaan Urgas,\u00a0www.huviringid.ee)<br \/>\nkl 14 AT, Tallinna Tantsuklubi \u201cMy Dance\u201d\u00a0<strong>showtants<\/strong>. \u00a0(www.mydance.ee)<br \/>\nkl 14.45 KL,\u00a0<strong>Noortejooga<\/strong>\u00a0alates 3. kl<br \/>\nkl 14.40 KO,\u00a0<strong>Kandletund algajatele<\/strong>\u00a0I grupp (Fa Stuudio\/kool)<br \/>\nkl 15.45 KO,\u00a0<strong>Beebide-p\u00f5nnide muusikaring<\/strong>\u00a0(fastuudio@gmail.com v\u00f5i tel 5160031)<br \/>\nkl 16.15 SP, Judoklubi \u201cAitado\u201d\u00a0<strong>Judo\u00a0(<\/strong>alustajad ja uuesti alustajad). \u00a0(www.aitado.ee)<br \/>\nkl 17.45 SP, Judoklubi \u201cAitado\u201d\u00a0<strong>Judo<\/strong>\u00a0(edasij\u00f5udnud). \u00a0(www.aitado.ee)<br \/>\nkl 18 KL,\u00a0<strong>Mudelismiring<\/strong>\u00a0(juhendab Andres Madissoo)<br \/>\nkl 18 KO,\u00a0<strong>Kursus \u201cPraktiline lilleseade\u201d<\/strong>. T\u00e4psemalt loe\u00a0<strong><a href=\"https:\/\/muraste.ee\/vana\/?p=4561\">SIIT<\/a><\/strong>!<br \/>\nkl 19\u00a0KL, K\u00fclaseltsi juhatuse koosolek<br \/>\nkl 18.30 AT,\u00a0<strong>Line-tants.<\/strong>\u00a0Tulge k\u00f5ik ja saage osa elur\u00f5\u00f5must! Info kristin@huviline.ee<br \/>\nkl 18\u00a0<strong><span style=\"color: #ff0000;\">NB!<\/span>\u00a0Raadioring (<\/strong>alates 5. klassist). Juhendab Vytautas Martinonis. Registreerimine ia info kogukonnakeskus@muraste.ee, 5253128\u00a0<strong>(<span style=\"color: #ff0000;\">NB!<\/span>\u00a0seekord erandkorras kolmap\u00e4eval kell 18.30, \u00fcldjuhul teisip\u00e4eval kell 18)<\/strong><\/p>\n<p><strong><span class=\"alignnone\" style=\"color: #ff6600;\"><span style=\"color: #993366;\"><span style=\"color: #000080;\"><span style=\"color: #008000;\">Neljap\u00e4ev, 23. november<a href=\"https:\/\/muraste.ee\/vana\/wp-content\/uploads\/2016\/03\/sushi-1.jpg\" rel=\"attachment wp-att-4833\"><img decoding=\"async\" loading=\"lazy\" class=\"size-medium wp-image-4833 alignright\" src=\"https:\/\/muraste.ee\/vana\/wp-content\/uploads\/2016\/03\/sushi-1-225x300.jpg\" alt=\"sushi\" width=\"225\" height=\"300\" srcset=\"https:\/\/muraste.ee\/vana\/wp-content\/uploads\/2016\/03\/sushi-1-225x300.jpg 225w, https:\/\/muraste.ee\/vana\/wp-content\/uploads\/2016\/03\/sushi-1-624x832.jpg 624w, https:\/\/muraste.ee\/vana\/wp-content\/uploads\/2016\/03\/sushi-1.jpg 720w\" sizes=\"(max-width: 225px) 100vw, 225px\" \/><\/a><\/span><br \/>\n<\/span><\/span><\/span><\/strong>kl 12.40 KL\u00a0<strong>Meisterdamine<\/strong>\u00a01. kl (Loovuslabor)<br \/>\n<span style=\"color: #000000;\">kl 13.45 KL\u00a0<strong>Meisterdamine<\/strong>\u00a03.-4. kl (Loovuslabor)<br \/>\nkl 14-16.20 KO,\u00a0<strong>Soololaul\/klaver<\/strong>\u00a0(juhendab Triin Kont-Kontson)<br \/>\nkl 14.45\u00a0KL\u00a0<strong>Tekstiili- ja disainiring<\/strong>\u00a05-6\u00a0kl (Loovuslabor)<strong><br \/>\nkl 16-18\u00a0<span style=\"color: #ff0000;\">L\u00c4HME K\u00dcLLA!<\/span>\u00a0<\/strong>Kiisa rahvamajas toimub<strong>\u00a0Harjumaa aasta tegijate\u00a0<\/strong>tunnustamis\u00fcritus<strong>.<\/strong>\u00a0Lisalugemist\u00a0<strong><a href=\"https:\/\/www.heak.ee\/harjumaa-aasta-tegija\/\" target=\"_blank\">SIIN<\/a><br \/>\n<\/strong>kl 18.30 KL,\u00a0<strong><span style=\"color: #ff0000;\">UUS!<\/span><\/strong>\u00a0Sushi Stopp esitleb:\u00a0<strong>Sushi -koolitus!<\/strong>\u00a0Meie oma k\u00fcla sushi-meister Jaanika-Kristin ootab huvilisi Muraste kogukonnakeskusesse sushit valmistama. R\u00e4\u00e4gitakse riisi keetmisest kodustes tingimustes ja sushi p\u00f5hikomponentidest ning teeme koos nii rulle kui nigirit.\u00a0Tegemist on praktilise koolitusega ning vajalik eelregistreerimine. NB!! Kohtade arv on piiratud. Koolituse hind 16\u20ac.\u00a0\u00a0<span class=\"text_exposed_show\">Info Jaanika-Kristin tel 56835655\u00a0<\/span><strong><br \/>\n<\/strong>kl\u00a019.00\u00a0KL,\u00a0<strong>Inglise keele\u00a0kursus<\/strong><em>\u00a0(II grupp,\u00a0<\/em>algajatele ja uuesti alustajatele). \u00a0T\u00e4psem info marethein@gmail.com, tel 56575575.<br \/>\nkl 18.30 AT,\u00a0<strong>Nimetu\u00a0N\u00e4item\u00e4nguselts\u00a0\u00a0<\/strong>(juhendab \u00a0Anne Veesaar)<br \/>\nkl 19\u00a0<strong>Tilgu h\u00fclged suplevad<\/strong>\u00a0Tilgu sadamas! Info: FB grupp Taliujumine Tilgus.<br \/>\nkl 19 SP,<strong>\u00a0Mudelistide lennutund\u00a0<\/strong>(juhendab Tiit T\u00f5nurist)<\/span><\/p>\n<p><span style=\"color: #ff6600;\"><span style=\"color: #000080;\"><span style=\"color: #008000;\"><strong>Reede, 24. november<\/strong><\/span>\u00a0<\/span><span style=\"color: #3366ff;\"><span style=\"color: #008000;\"><span style=\"color: #993366;\"><br \/>\n<span style=\"color: #000000;\">kl 16 \u00f5ues, \u00a0<strong>Skaudiring<\/strong>, oodatud k\u00f5ik kooliealised lapsed. Kogunemine v\u00f5rkpalliplatsi juures.<br \/>\nkl 19\u00a0AT,\u00a0<span style=\"color: #ff0000;\"><strong>UUS!<\/strong>\u00a0<\/span>Muraste kinopukt esitleb: filmi\u00f5htu\u00a0<strong>\u00a0\u201c<a href=\"https:\/\/www.youtube.com\/watch?v=ee_UtN_p4Q0\" target=\"_blank\">Pihtimus<\/a>\u201d.\u00a0<\/strong><em>&#8220;Mandariinide&#8221; lavastaja\u00a0Zaza Urushadze\u00a0uus film!<strong>\u00a0\u00a0<\/strong><\/em>Isa Giorgi saabub v\u00e4ikesesse m\u00e4gik\u00fclla vaimulikuks. Inimeste kiriku juurde toomiseks hakkab ta k\u00fclarahvale filme n\u00e4itama. Peagi ilmneb, et kohalik muusika\u00f5petaja Lili sarnaneb filmistaar Marilyn Monroega &#8211; l\u00e4hedasem tutvumine naisterahvaga paneb endisest filmimehest vaimuliku vagaduse t\u00f5siselt proovile.<a href=\"https:\/\/www.youtube.com\/watch?v=nXFmHVGdoz8\" target=\"_blank\"><strong><br \/>\n<\/strong><\/a><strong><a href=\"https:\/\/muraste.ee\/vana\/wp-content\/uploads\/2016\/03\/petto.jpg\" rel=\"attachment wp-att-4799\"><br \/>\n<\/a><\/strong><\/span><\/span><\/span><\/span><\/span><\/p>\n<p><span style=\"color: #008000;\"><strong>TULEKUL\u00a0<\/strong><\/span><\/p>\n<p>T, 28. november kelll 18.30<strong>\u00a0k\u00e4sit\u00f6\u00f6tuba\u00a0<\/strong><em>(valmistame j\u00f5ulupuule ehteid)<strong><br \/>\n<\/strong><\/em>R. 1. detsember kell 19 filmi\u00f5htu \u201c<strong><a href=\"https:\/\/www.youtube.com\/watch?v=Pzkykpu3s6Q\" target=\"_blank\">Hea aeg<\/a><\/strong>\u201d<br \/>\nE,\u00a011.detsember kell 16-18\u00a0<strong>J\u00f5ululaat Muraste koolimajas<\/strong><br \/>\nL, 16. detsember kell 18 filmi\u00f5htu lastele \u201c<strong><a href=\"https:\/\/www.youtube.com\/watch?v=qzLkLaTTpNE\" target=\"_blank\">J\u00f5uluvanade vahetus<\/a><\/strong>\u201d<br \/>\nN, 21. dets kell 18 Fa\u00a0<strong>Stuudio j\u00f5ulukontsert &#8220;Viguriga j\u00f5ulud&#8221;<\/strong><br \/>\nR. 5. jaanuar\u00a0kell 18 filmi\u00f5htu lastele\u00a0 \u201c<strong><a href=\"https:\/\/www.youtube.com\/watch?v=mTW7z38AFs0\" target=\"_blank\">Kasper jaEmma l\u00e4hevad matkale<\/a><\/strong>\u201d<br \/>\nR, 12. jaanuar kell 19 filmi\u00f5htu\u00a0<strong><a href=\"https:\/\/www.youtube.com\/watch?v=feAm-hs1I88\" target=\"_blank\">&#8220;Igitee&#8221;\u00a0<\/a><a href=\"https:\/\/muraste.ee\/vana\/wp-content\/uploads\/2016\/03\/hollywood.jpg\" rel=\"attachment wp-att-4628\"><img decoding=\"async\" loading=\"lazy\" class=\"size-medium wp-image-4628 alignright\" src=\"https:\/\/muraste.ee\/vana\/wp-content\/uploads\/2016\/03\/hollywood-208x300.jpg\" alt=\"hollywood\" width=\"208\" height=\"300\" srcset=\"https:\/\/muraste.ee\/vana\/wp-content\/uploads\/2016\/03\/hollywood-208x300.jpg 208w, https:\/\/muraste.ee\/vana\/wp-content\/uploads\/2016\/03\/hollywood.jpg 555w\" sizes=\"(max-width: 208px) 100vw, 208px\" \/><\/a><\/strong><span style=\"color: #ff0000;\"><strong><br \/>\nUUS!<\/strong>\u00a0<\/span>Laup\u00e4eval. 20. jaanuaril kell 17 Muraste koolimaja aatriumis\u00a0 Kom\u00f6\u00f6diateater etendusega\u00a0<strong>&#8220;<a href=\"https:\/\/muraste.ee\/vana\/?p=4642\" target=\"_blank\">Hollywoody filmit\u00e4hed<\/a>&#8220;.<\/strong>\u00a0<strong>Osades Helgi Sallo ja Katrin Karisma.<\/strong>\u00a0Piletid eelm\u00fc\u00fcgist 15\u20ac, soodushind\u00a0seenioritele ja \u00f5pilastele 13\u20ac: Piletid saadaval Muraste kogukonnakeskuses (Lee tee 9, Muraste). Piletiinfo ja broneerimine\u00a0\u00a0<a href=\"mailto:kogukonnakeskus@muraste.ee\">kogukonnakeskus@muraste.ee<\/a>, tel 5253128. Loe lisa\u00a0<strong><a href=\"https:\/\/muraste.ee\/vana\/?p=4642\" target=\"_blank\">SIIT<\/a><\/strong><\/p>\n<p><span style=\"color: #ff0000;\"><strong>UUS!<\/strong>\u00a0<\/span>23. veebruaril Eesti Vabariigi 100. s\u00fcnnip\u00e4evale p\u00fchendatud\u00a0<strong>\u00f6\u00f6matk.<\/strong><br \/>\n<span style=\"color: #ff0000;\"><strong>UUS!<\/strong>\u00a0<\/span>8. m\u00e4rts kell 19 Muraste Nimetu N\u00e4item\u00e4nguselts etendusega<strong>\u00a0\u201cKaheksa armastavat naist\u201d<\/strong>\u00a0(esietendus)<\/p>\n<p><strong><span style=\"color: #ff0000;\">KODUK\u00dcLA KOOLITUS<\/span><\/strong><\/p>\n<p><span style=\"color: #ff0000;\"><strong>UUS!<\/strong><\/span>\u00a0Kolmap\u00e4eval, 29, novembril kell 19 Muraste kogukonnakoolis &#8220;Siililegi selge&#8221;\u00a0<strong>loeng &#8220;Maksuvaba tulumaksu arvutamine (ja muud olulised muudatused) 2018. aaastal&#8221;. Lektor T\u00f5nis Elling,\u00a0<\/strong>Leinonen O\u00dc n\u00f5ustamis\u00fcksuse juht,\u00a0Sisekaitseakadeemia Finantskolled\u017ei maksunduse ja tolli \u00f5ppetooli juhataja.)\u00a0<strong><br \/>\nK\u00e4sitletavad teemad:<br \/>\n<\/strong>&#8211; Tulumaksusoodustuste v\u00e4hendamine;<br \/>\n&#8211; T\u00f6\u00f6andjapoolse haigusp\u00e4evade h\u00fcvitamine al 2017;<br \/>\n&#8211; Erisoodustuse leevendamine majutuse ja transpordi osas al 01.07.2017;<br \/>\n&#8211; S\u00f5iduauto maksustamine al 2018;<br \/>\n&#8211; Maksuvaba tulu 500 eurot 2018;<br \/>\n&#8211; Terviseedendamise kulude maksuvabastus al 2018;<br \/>\n&#8211; Ettev\u00f5tluskonto al 2018.<\/p>\n<p><strong>Oodatud k\u00f5ik huvilised! Koolitus on tasuta!<\/strong><\/p>\n<p><span style=\"color: #339966;\"><strong>TEADETETAHVEL<\/strong><\/span><\/p>\n<\/div>\n<div class=\"entry-content\">\n<div class=\"_1mf _1mj\" data-offset-key=\"cki46-0-0\">\n<div class=\"_1mf _1mj\" data-offset-key=\"cki46-0-0\"><strong><span style=\"color: #339966;\"><img decoding=\"async\" loading=\"lazy\" class=\"size-medium wp-image-3740 alignright\" src=\"https:\/\/muraste.ee\/vana\/wp-content\/uploads\/2016\/03\/stend-300x224.jpg\" sizes=\"(max-width: 300px) 100vw, 300px\" srcset=\"https:\/\/muraste.ee\/vana\/wp-content\/uploads\/2016\/03\/stend-300x224.jpg 300w, https:\/\/muraste.ee\/vana\/wp-content\/uploads\/2016\/03\/stend-768x572.jpg 768w, https:\/\/muraste.ee\/vana\/wp-content\/uploads\/2016\/03\/stend-1024x763.jpg 1024w, https:\/\/muraste.ee\/vana\/wp-content\/uploads\/2016\/03\/stend-624x465.jpg 624w, https:\/\/muraste.ee\/vana\/wp-content\/uploads\/2016\/03\/stend.jpg 1300w\" alt=\"stend\" width=\"300\" height=\"224\" \/><\/span><\/strong><\/div>\n<div class=\"_1mf _1mj\" data-offset-key=\"cki46-0-0\"><\/div>\n<div class=\"_1mf _1mj\" data-offset-key=\"cki46-0-0\">\n<p><strong>Soovid avaldada oma reklaami<\/strong>\u00a0meie infokanalites? Juhised on\u00a0<strong>siin<\/strong>!<\/p>\n<\/div>\n<div class=\"_1mf _1mj\" data-offset-key=\"cki46-0-0\"><strong>Soovid kasutada<\/strong>\u00a0m\u00f5nd Muraste k\u00fclaseltsi poolt pakutavat<strong>\u00a0teenust<\/strong>? V\u00f5imalused on<strong>\u00a0siin!<\/strong><\/div>\n<div class=\"_1mf _1mj\" data-offset-key=\"cki46-0-0\"><\/div>\n<div class=\"_1mf _1mj\" data-offset-key=\"cki46-0-0\"><\/div>\n<p><strong>Teadmiseks:\u00a0<\/strong>Muraste igan\u00e4dalase e-infokirjaga liitumiseks saada sellekohane teade muraste@muraste.ee<br \/>\n<strong>Muraste kogukonnakeskus\u00a0<\/strong>(Lee tee 9, Muraste) avatud E-N 10-18, R 10-16.<br \/>\n<strong>T\u00e4psustused ja info:<\/strong>\u00a0kogukonnakeskus@muraste.ee;\u00a05253128 (Aule Kikas).<\/p>\n<\/div>\n<\/div>\n","protected":false},"excerpt":{"rendered":"<p>N\u00c4DAL\u00a047 MURASTES* 20. &#8211; 26. november 2017\u00a0 Pildil\u00a0Tallinna Loomaaia ninasarvikud. Foto:\u00a0Signe Kalgan Esmasp\u00e4ev, 20. november kl 14 AT, Tallinna Tantsuklubi \u201cMy Dance\u201d\u00a0showtants. \u00a0(www.mydance.ee) kl 14.40 KO,\u00a0Kandletund edasij\u00f5udnutele\u00a0(Fa Stuudio\/kool, fastuudio@gmail.com ) kl 15 SP, Judoklubi \u201cAitado\u201d\u00a0Judo\u00a0(alustajad ja uuesti alustajad). \u00a0(www.aitado.ee) kl 16.30 SP, Judoklubi \u201cAitado\u201d\u00a0Judo\u00a0(edasij\u00f5udnud). \u00a0(www.aitado.ee) kl 17 KO,\u00a0Maktkaradade t\u00f6\u00f6r\u00fchma\u00a0kokkusaamine kl 17.30 KL,\u00a0Kandleansambel LiuLi\u00a0(Austraalias kontsertreisil) kl<a class=\"moretag\" href=\"https:\/\/muraste.ee\/vana\/?page_id=4862\"><br \/>&#8230;Loe edasi<\/a><\/p>\n","protected":false},"author":2,"featured_media":0,"parent":0,"menu_order":0,"comment_status":"closed","ping_status":"closed","template":"nadalakava.php","meta":{"_bbp_topic_count":0,"_bbp_reply_count":0,"_bbp_total_topic_count":0,"_bbp_total_reply_count":0,"_bbp_voice_count":0,"_bbp_anonymous_reply_count":0,"_bbp_topic_count_hidden":0,"_bbp_reply_count_hidden":0,"_bbp_forum_subforum_count":0,"_mc_calendar":[]},"_links":{"self":[{"href":"https:\/\/muraste.ee\/vana\/index.php?rest_route=\/wp\/v2\/pages\/4862"}],"collection":[{"href":"https:\/\/muraste.ee\/vana\/index.php?rest_route=\/wp\/v2\/pages"}],"about":[{"href":"https:\/\/muraste.ee\/vana\/index.php?rest_route=\/wp\/v2\/types\/page"}],"author":[{"embeddable":true,"href":"https:\/\/muraste.ee\/vana\/index.php?rest_route=\/wp\/v2\/users\/2"}],"replies":[{"embeddable":true,"href":"https:\/\/muraste.ee\/vana\/index.php?rest_route=%2Fwp%2Fv2%2Fcomments&post=4862"}],"version-history":[{"count":2,"href":"https:\/\/muraste.ee\/vana\/index.php?rest_route=\/wp\/v2\/pages\/4862\/revisions"}],"predecessor-version":[{"id":4865,"href":"https:\/\/muraste.ee\/vana\/index.php?rest_route=\/wp\/v2\/pages\/4862\/revisions\/4865"}],"wp:attachment":[{"href":"https:\/\/muraste.ee\/vana\/index.php?rest_route=%2Fwp%2Fv2%2Fmedia&parent=4862"}],"curies":[{"name":"wp","href":"https:\/\/api.w.org\/{rel}","templated":true}]}}