{"id":4885,"date":"2017-11-28T20:18:42","date_gmt":"2017-11-28T18:18:42","guid":{"rendered":"https:\/\/muraste.ee\/vana\/?page_id=4885"},"modified":"2017-11-28T20:19:28","modified_gmt":"2017-11-28T18:19:28","slug":"4885-2","status":"publish","type":"page","link":"https:\/\/muraste.ee\/vana\/?page_id=4885","title":{"rendered":"N\u00e4dal 48"},"content":{"rendered":"<h1 class=\"entry-title\" style=\"text-align: center;\"><span style=\"color: #c4213a;\"><strong>N\u00c4DAL\u00a048 MURASTES*<br \/>\n27. november &#8211; 3. detsember 2017\u00a0<\/strong><\/span><\/h1>\n<div class=\"entry-content\" style=\"text-align: left;\">\n<p><strong><span style=\"color: #c4213a;\">Esmasp\u00e4ev, 27. november<\/span><br \/>\n<\/strong>kl 14 AT, Tallinna Tantsuklubi \u201cMy Dance\u201d\u00a0<strong>showtants<\/strong>. \u00a0(www.mydance.ee)<br \/>\nkl 14.40 KO,\u00a0<strong>Kandletund edasij\u00f5udnutele<\/strong>\u00a0(Fa Stuudio\/kool, fastuudio@gmail.com )<br \/>\nkl 15 SP, Judoklubi \u201cAitado\u201d\u00a0<strong>Judo\u00a0(<\/strong>alustajad ja uuesti alustajad). \u00a0(www.aitado.ee)<br \/>\nkl 16.30 SP, Judoklubi \u201cAitado\u201d\u00a0<strong>Judo<\/strong>\u00a0(edasij\u00f5udnud). \u00a0(www.aitado.ee)<br \/>\nkl 17.30 KO,\u00a0<strong>Kandleansambel LiuLi<\/strong>\u00a0(Austraalias kontsertreisil)<br \/>\nkl 19 AT.\u00a0<strong>Suurupi naiskoor Meretule<\/strong><\/p>\n<p><span style=\"color: #c4213a;\"><strong>Teisip\u00e4ev, 28. november<\/strong><\/span><br \/>\nkl 14.40-15.25 KO,\u00a0<strong>Fa Stuudio \u00a0fl\u00f6\u00f6diring<\/strong>\u00a0edasij\u00f5udnutele. \u00a0(fastuudio@gmail.com v\u00f5i tel 5160031)<br \/>\nkl 15.30-18.00 KO,\u00a0<strong>Soololaul \/ klaver<\/strong>\u00a0(juhendab Triin Kont-Kontson)<br \/>\nkl 16-18.30 KL, Lahe Huvikooli\u00a0<strong>eelkool<\/strong>\u00a0\u00a0(www.lahehuvikool.ee)<br \/>\nkl 17 KL,\u00a0<strong>Puut\u00f6\u00f6ring<\/strong>\u00a0I grupp (juhendab Argo Aruvald).<br \/>\nkl 18 KL,\u00a0<strong>Puut\u00f6\u00f6ring<\/strong>\u00a0II grupp (juhendab Argo Aruvald).<br \/>\nkl 18\u00a0<strong>Raadioring\u00a0 (<\/strong>Juhendab Vytautas Martinonis) Info kogukonnakeskus@muraste.ee, 5253128<br \/>\nkl 18.30 KL,\u00a0<strong>Inglise keele kursus\u00a0 (<\/strong><em>I grupp, algteadmisi omajatel on v\u00f5imalus liituda ka juba t\u00f6\u00f6tava grupiga).<\/em>\u00a0K\u00fcsi lisa juhendajalt tel 56575575.<br \/>\n<span style=\"color: #000000;\">kl 18 KO,\u00a0<strong>Inglise keele vestlusring,\u00a0<\/strong>juhendab James Gill<br \/>\n<\/span>kl 19 SP,\u00a0<strong>V\u00f5rkpall\u00a0<\/strong><em>(naised\/mehed)- oodatud on k\u00f5ik v\u00f5rkpallihuvilised!;<br \/>\n<\/em>kl 18.30 AT,\u00a0<strong>Seltskonnatantsu kursus\u00a0<\/strong><strong>t\u00e4iskasvanutele.\u00a0\u00a0<\/strong><br \/>\n<a href=\"https:\/\/muraste.ee\/vana\/wp-content\/uploads\/2017\/11\/paber.jpg\" rel=\"attachment wp-att-4850\"><img decoding=\"async\" loading=\"lazy\" class=\"size-thumbnail wp-image-4850 alignright\" src=\"https:\/\/muraste.ee\/vana\/wp-content\/uploads\/2017\/11\/paber-150x150.jpg\" alt=\"paber\" width=\"150\" height=\"150\" \/><\/a>kl 18.30<strong>\u00a0<span style=\"color: #ff0000;\">UUS!\u00a0<\/span>K\u00e4sit\u00f6\u00f6tuba &#8211;<\/strong><em>valmistame j\u00f5ulupuule ehteid! Juhendab \u00dclle Kriuusoja). T\u00e4psemalt loe\u00a0<span style=\"color: #ff0000;\"><a style=\"color: #ff0000;\" href=\"https:\/\/muraste.ee\/vana\/?p=4849\" target=\"_blank\"><strong>SIIT<\/strong><\/a><\/span><br \/>\n<\/em>kl 19 KL,\u00a0\u00a0<strong><span style=\"color: #0000ff;\"><a style=\"color: #0000ff;\" href=\"https:\/\/muraste.ee\/vana\/?p=4470\" target=\"_blank\">Kunda<\/a><a style=\"color: #0000ff;\" href=\"https:\/\/muraste.ee\/vana\/?p=4470\" target=\"_blank\">lini jooga\u00a0<\/a><\/span><\/strong><span style=\"color: #0000ff;\"><span style=\"color: #000000;\"><a style=\"color: #000000;\" href=\"mailto:info@lahetervis.ee\">info@lahetervis.ee<\/a><\/span><\/span><strong><span style=\"color: #0000ff;\">,<\/span><\/strong>\u00a0tel.56903049,<br \/>\nkl 19\u00a0<strong>Tilgu h\u00fclged suplevad<\/strong>\u00a0Tilgu sadamas! Info: FB grupp Taliujumine Tilgus.<br \/>\nkl 19.45 AT,\u00a0<strong>Seltskonnatantsude harjutustund<\/strong>\u2013 v\u00f5imalus \u00f5pitut kinnistada ja toredas seltskonnas jalga keerutada.<\/p>\n<p><span style=\"color: #ff6600;\"><strong><span style=\"color: #c4213a;\">Kolmap\u00e4ev, 29. november<\/span><br \/>\n<\/strong><\/span>kl 13.45 KL,\u00a0<strong>Kitarriring<\/strong>\u00a0(I grupp) (Ain Varts, www.huviringid.ee)<br \/>\nkl 13.45 KL,\u00a0<strong>Kitarriring<\/strong>\u00a0(II grupp) (Ain Varts, www.huviringid.ee )<br \/>\nkl 15.30 KL,\u00a0<strong>Malering<\/strong>\u00a0(Jaan Urgas,\u00a0www.huviringid.ee)<br \/>\nkl 14 AT, Tallinna Tantsuklubi \u201cMy Dance\u201d\u00a0<strong>showtants<\/strong>. \u00a0(www.mydance.ee)<br \/>\nkl 14.45 KL,\u00a0<strong>Noortejooga<\/strong>\u00a0alates 3. kl<br \/>\nkl 14.40 KO,\u00a0<strong>Kandletund algajatele<\/strong>\u00a0I grupp (Fa Stuudio\/kool)<br \/>\nkl 15.45 KO,\u00a0<strong>Beebide-p\u00f5nnide muusikaring<\/strong>\u00a0(fastuudio@gmail.com v\u00f5i tel 5160031)<br \/>\nkl 16.15 SP, Judoklubi \u201cAitado\u201d\u00a0<strong>Judo\u00a0(<\/strong>alustajad ja uuesti alustajad). \u00a0(www.aitado.ee)<br \/>\nkl 17.45 SP, Judoklubi \u201cAitado\u201d\u00a0<strong>Judo<\/strong>\u00a0(edasij\u00f5udnud). \u00a0(www.aitado.ee)<br \/>\nkl 18 KL,\u00a0<strong>Mudelismiring<\/strong>\u00a0(juhendab Andres Madissoo)<a href=\"https:\/\/muraste.ee\/vana\/wp-content\/uploads\/2017\/11\/t\u00f5nis.jpg\" rel=\"attachment wp-att-4840\"><img decoding=\"async\" loading=\"lazy\" class=\"wp-image-4840 size-medium alignright\" src=\"https:\/\/muraste.ee\/vana\/wp-content\/uploads\/2017\/11\/t\u00f5nis-300x197.jpg\" alt=\"t\u00f5nis\" width=\"300\" height=\"197\" srcset=\"https:\/\/muraste.ee\/vana\/wp-content\/uploads\/2017\/11\/t\u00f5nis-300x197.jpg 300w, https:\/\/muraste.ee\/vana\/wp-content\/uploads\/2017\/11\/t\u00f5nis-768x505.jpg 768w, https:\/\/muraste.ee\/vana\/wp-content\/uploads\/2017\/11\/t\u00f5nis-1024x674.jpg 1024w, https:\/\/muraste.ee\/vana\/wp-content\/uploads\/2017\/11\/t\u00f5nis-624x411.jpg 624w, https:\/\/muraste.ee\/vana\/wp-content\/uploads\/2017\/11\/t\u00f5nis.jpg 1167w\" sizes=\"(max-width: 300px) 100vw, 300px\" \/><\/a><br \/>\nkl 18.30 KL,\u00a0<strong>Line-tants.<\/strong>\u00a0Tulge k\u00f5ik ja saage osa elur\u00f5\u00f5must! Info kristin@huviline.ee (lisatund seekord\u00a0 ka kl 17)<\/p>\n<p>kl 19\u00a0<span style=\"color: #ff0000;\"><strong>UUS!<\/strong>\u00a0\u00a0<\/span>Loeng-\u00f5pituba\u00a0<strong>&#8220;Maksuvaba tulumaksu arvutamine ja muud olulised muudatused 2018. aastal.&#8221;\u00a0<\/strong>T\u00e4psemalt uuri<span style=\"color: #ff0000;\"><strong><a style=\"color: #ff0000;\" href=\"https:\/\/muraste.ee\/vana\/?p=4838\" target=\"_blank\">\u00a0SIIT<\/a>.\u00a0<span style=\"color: #000000;\">K\u00f5ik huvilised on oodatud &#8211; loeng\u00a0 toimub aatriumis ja ruumi jagub!<\/span><\/strong><\/span><\/p>\n<p><strong><span class=\"alignnone\" style=\"color: #ff6600;\"><span style=\"color: #993366;\"><span style=\"color: #000080;\"><span style=\"color: #c4213a;\">Neljap\u00e4ev, 30. november<\/span><br \/>\n<\/span><\/span><\/span><\/strong>kl 12.40 KL\u00a0<strong>Meisterdamine<\/strong>\u00a01. kl (Loovuslabor)<br \/>\n<span style=\"color: #000000;\">kl 13.45 KL\u00a0<strong>Meisterdamine<\/strong>\u00a03.-4. kl (Loovuslabor)<br \/>\nkl 14-16.20 KO,\u00a0<strong>Soololaul\/klaver<\/strong>\u00a0(juhendab Triin Kont-Kontson)<br \/>\nkl 14.45\u00a0KL\u00a0<strong>Tekstiili- ja disainiring<\/strong>\u00a05-6\u00a0kl (Loovuslabor)<strong><br \/>\n<\/strong>kl 18.30 AT,\u00a0<strong>Nimetu\u00a0N\u00e4item\u00e4nguselts\u00a0\u00a0<\/strong>(juhendab \u00a0Anne Veesaar)<br \/>\nkl\u00a019.00\u00a0KL,\u00a0<strong>Inglise keele\u00a0kursus<\/strong><em>\u00a0(II grupp,\u00a0<\/em>algajatele ja uuesti alustajatele). \u00a0T\u00e4psem info marethein@gmail.com, tel 56575575.<br \/>\nkl 19\u00a0<strong>Tilgu h\u00fclged suplevad<\/strong>\u00a0Tilgu sadamas! Info: FB grupp Taliujumine Tilgus.<br \/>\nkl 19 SP,<strong>\u00a0Mudelistide lennutund\u00a0<\/strong>(juhendab Tiit T\u00f5nurist)<\/span><\/p>\n<p><span style=\"color: #ff6600;\"><span style=\"color: #c4213a;\"><strong>Reede, 1.\u00a0detsember<\/strong><\/span><span style=\"color: #3366ff;\"><span style=\"color: #008000;\"><span style=\"color: #993366;\"><br \/>\n<span style=\"color: #000000;\">kl 16 \u00f5ues, \u00a0<strong>Skaudiring<\/strong>, oodatud k\u00f5ik kooliealised lapsed. Kogunemine v\u00f5rkpalliplatsi juures.<br \/>\nkl 19\u00a0AT,\u00a0<span style=\"color: #ff0000;\"><strong>UUS!<\/strong>\u00a0<\/span>Muraste kinopukt esitleb:\u00a0<strong>filmi\u00f5htu \u00a0\u201c<strong><a href=\"https:\/\/www.youtube.com\/watch?v=Pzkykpu3s6Q\" target=\"_blank\">Hea aeg<\/a><\/strong>\u201d. Kokkuv\u00f5te filmist:\u00a0<\/strong><em>P\u00e4rast eba\u00f5nnestunud pangar\u00f6\u00f6vi nabitakse Connie (Robert Pattinson) vaimupuudega vend Nick (\u00fcks re\u017eiss\u00f6\u00f6ridest Benny Safdie) politsei poolt kinni. Algab meeleheitel mehe od\u00fcsseia l\u00e4bi neoontuledest valgustatud \u00f6ise New Yorgi, et p\u00e4\u00e4sta haiglasse maandunud vend kindlast kinniminekust. \u00dche allmaailmas veedetud \u00f6\u00f6 jooksul langeb Connie hullumeelsesse p\u00f5rgusse, kus valitseb j\u00f5hker v\u00e4givald, joostes samal ajal v\u00f5idu kellaga, sest juuksekarva otsas ripuvad nii tema enda kui ka ta venna elud.<\/em><br \/>\n<em>Film esilinastus 2017. aastal Cannes&#8217;i filmifestivali v\u00f5istlusprogrammis, kus ta v\u00f5itis parima heliriba auhinna. Kiita sai ka Robert Pattinson, kelle rollisooritust pidasid kriitikud tema elu parimaks.<\/em><\/span><\/span><\/span><\/span><\/span><\/p>\n<p><a href=\"https:\/\/muraste.ee\/vana\/wp-content\/uploads\/2016\/03\/A-One-Films_Hea-aeg_1280x720.jpg\" rel=\"attachment wp-att-4873\"><img decoding=\"async\" loading=\"lazy\" class=\"alignnone size-full wp-image-4873\" src=\"https:\/\/muraste.ee\/vana\/wp-content\/uploads\/2016\/03\/A-One-Films_Hea-aeg_1280x720.jpg\" alt=\"A-One-Films_Hea-aeg_1280x720\" width=\"670\" height=\"250\" srcset=\"https:\/\/muraste.ee\/vana\/wp-content\/uploads\/2016\/03\/A-One-Films_Hea-aeg_1280x720.jpg 670w, https:\/\/muraste.ee\/vana\/wp-content\/uploads\/2016\/03\/A-One-Films_Hea-aeg_1280x720-300x112.jpg 300w, https:\/\/muraste.ee\/vana\/wp-content\/uploads\/2016\/03\/A-One-Films_Hea-aeg_1280x720-624x233.jpg 624w\" sizes=\"(max-width: 670px) 100vw, 670px\" \/><\/a><\/p>\n<p><strong><span style=\"color: #c4213a;\">P\u00fchap\u00e4ev, 3. detsember &#8211; 1. advent<a href=\"https:\/\/muraste.ee\/vana\/wp-content\/uploads\/2016\/03\/piparkook.jpg\" rel=\"attachment wp-att-4870\"><img decoding=\"async\" loading=\"lazy\" class=\"wp-image-4870 size-medium alignright\" src=\"https:\/\/muraste.ee\/vana\/wp-content\/uploads\/2016\/03\/piparkook-300x200.jpg\" alt=\"piparkook\" width=\"300\" height=\"200\" srcset=\"https:\/\/muraste.ee\/vana\/wp-content\/uploads\/2016\/03\/piparkook-300x200.jpg 300w, https:\/\/muraste.ee\/vana\/wp-content\/uploads\/2016\/03\/piparkook.jpg 615w\" sizes=\"(max-width: 300px) 100vw, 300px\" \/><\/a><br \/>\n<\/span><\/strong><\/p>\n<p><b>T\u00e4nasega algab advendiaeg<\/b>\u00a0(ladina keelest\u00a0<i>Adventus Domini<\/i>, &#8216;Issanda\u00a0tulemine&#8217;) &#8211; see on kirikukalendris neli n\u00e4dalat v\u00e4ltav periood, mis algab neljandal p\u00fchap\u00e4eval enne esimest\u00a0j\u00f5ulup\u00fcha. Advendiaeg algab esimese advendip\u00fchap\u00e4evaga,\u00a0\u00a0Advendiajal s\u00fc\u00fcdatakse igal p\u00fchap\u00e4eval \u00fcks uus k\u00fc\u00fcnal:<\/p>\n<p><span style=\"color: #c4213a;\"><strong>TULEKUL\u00a0<a href=\"https:\/\/muraste.ee\/vana\/wp-content\/uploads\/2016\/03\/hollywood.jpg\" rel=\"attachment wp-att-4628\"><img decoding=\"async\" loading=\"lazy\" class=\"size-medium wp-image-4628 alignright\" src=\"https:\/\/muraste.ee\/vana\/wp-content\/uploads\/2016\/03\/hollywood-208x300.jpg\" alt=\"hollywood\" width=\"208\" height=\"300\" srcset=\"https:\/\/muraste.ee\/vana\/wp-content\/uploads\/2016\/03\/hollywood-208x300.jpg 208w, https:\/\/muraste.ee\/vana\/wp-content\/uploads\/2016\/03\/hollywood.jpg 555w\" sizes=\"(max-width: 208px) 100vw, 208px\" \/><\/a><\/strong><\/span><\/p>\n<p>E,\u00a011.detsember kell 16-18\u00a0<strong>J\u00f5ululaat Muraste koolimajas<\/strong><br \/>\nL, 16. detsember kell 18 filmi\u00f5htu lastele \u201c<strong><a href=\"https:\/\/www.youtube.com\/watch?v=qzLkLaTTpNE\" target=\"_blank\">J\u00f5uluvanade vahetus<\/a><\/strong>\u201d<br \/>\nN, 21. dets kell 18 Fa\u00a0<strong>Stuudio j\u00f5ulukontsert &#8220;Viguriga j\u00f5ulud&#8221;<\/strong><br \/>\nR. 5. jaanuar\u00a0kell 18 filmi\u00f5htu lastele\u00a0 \u201c<strong><a href=\"https:\/\/www.youtube.com\/watch?v=mTW7z38AFs0\" target=\"_blank\">Kasper jaEmma l\u00e4hevad matkale<\/a><\/strong>\u201d<br \/>\nR, 12. jaanuar kell 19 filmi\u00f5htu\u00a0<strong><a href=\"https:\/\/www.youtube.com\/watch?v=feAm-hs1I88\" target=\"_blank\">&#8220;Igitee&#8221;\u00a0<\/a><\/strong><span style=\"color: #ff0000;\"><strong><br \/>\nUUS!<\/strong>\u00a0<\/span>Laup\u00e4eval. 20. jaanuaril kell 17 Muraste koolimaja aatriumis\u00a0 Kom\u00f6\u00f6diateater etendusega\u00a0<strong>&#8220;<a href=\"https:\/\/muraste.ee\/vana\/?p=4642\" target=\"_blank\">Hollywoody filmit\u00e4hed<\/a>&#8220;.<\/strong>\u00a0<strong>Osades Helgi Sallo ja Katrin Karisma.<\/strong>\u00a0Piletid eelm\u00fc\u00fcgist 15\u20ac, soodushind\u00a0seenioritele ja \u00f5pilastele 13\u20ac: Piletid saadaval Muraste kogukonnakeskuses (Lee tee 9, Muraste). Piletiinfo ja broneerimine\u00a0\u00a0<a href=\"mailto:kogukonnakeskus@muraste.ee\">kogukonnakeskus@muraste.ee<\/a>, tel 5253128. Loe lisa\u00a0<strong><a href=\"https:\/\/muraste.ee\/vana\/?p=4642\" target=\"_blank\">SIIT<\/a><\/strong><\/p>\n<p><span style=\"color: #ff0000;\"><strong>UUS!<\/strong>\u00a0<\/span>23. veebruaril Eesti Vabariigi 100. s\u00fcnnip\u00e4evale p\u00fchendatud\u00a0<strong>\u00f6\u00f6matk.<\/strong><br \/>\n<span style=\"color: #ff0000;\"><strong>UUS!<\/strong>\u00a0<\/span>8. m\u00e4rts kell 19 Muraste Nimetu N\u00e4item\u00e4nguselts etendusega<strong>\u00a0\u201cKaheksa armastavat naist\u201d<\/strong>\u00a0(esietendus)<\/p>\n<p><strong><span style=\"color: #993366;\">T\u00d6\u00d6PAKKUMINE!<\/span><\/strong><\/p>\n<p><a href=\"https:\/\/muraste.ee\/vana\/wp-content\/uploads\/2016\/03\/admin-t\u00f6\u00f6taja-kuulutus-2017-1-1-page-0.jpg\" rel=\"attachment wp-att-4876\"><img decoding=\"async\" loading=\"lazy\" class=\"alignnone size-large wp-image-4876\" src=\"https:\/\/muraste.ee\/vana\/wp-content\/uploads\/2016\/03\/admin-t\u00f6\u00f6taja-kuulutus-2017-1-1-page-0-724x1024.jpg\" alt=\"admin t\u00f6\u00f6taja kuulutus 2017 (1) (1)-page-0\" width=\"625\" height=\"884\" srcset=\"https:\/\/muraste.ee\/vana\/wp-content\/uploads\/2016\/03\/admin-t\u00f6\u00f6taja-kuulutus-2017-1-1-page-0-724x1024.jpg 724w, https:\/\/muraste.ee\/vana\/wp-content\/uploads\/2016\/03\/admin-t\u00f6\u00f6taja-kuulutus-2017-1-1-page-0-212x300.jpg 212w, https:\/\/muraste.ee\/vana\/wp-content\/uploads\/2016\/03\/admin-t\u00f6\u00f6taja-kuulutus-2017-1-1-page-0-768x1086.jpg 768w, https:\/\/muraste.ee\/vana\/wp-content\/uploads\/2016\/03\/admin-t\u00f6\u00f6taja-kuulutus-2017-1-1-page-0-624x882.jpg 624w\" sizes=\"(max-width: 625px) 100vw, 625px\" \/><\/a><\/p>\n<p><span style=\"color: #c4213a;\"><strong>TEADETETAHVEL<\/strong><\/span><\/p>\n<\/div>\n<div class=\"entry-content\">\n<div class=\"_1mf _1mj\" data-offset-key=\"cki46-0-0\">\n<div class=\"_1mf _1mj\" data-offset-key=\"cki46-0-0\"><strong><span style=\"color: #339966;\"><img decoding=\"async\" loading=\"lazy\" class=\"size-medium wp-image-3740 alignright\" src=\"https:\/\/muraste.ee\/vana\/wp-content\/uploads\/2016\/03\/stend-300x224.jpg\" sizes=\"(max-width: 300px) 100vw, 300px\" srcset=\"https:\/\/muraste.ee\/vana\/wp-content\/uploads\/2016\/03\/stend-300x224.jpg 300w, https:\/\/muraste.ee\/vana\/wp-content\/uploads\/2016\/03\/stend-768x572.jpg 768w, https:\/\/muraste.ee\/vana\/wp-content\/uploads\/2016\/03\/stend-1024x763.jpg 1024w, https:\/\/muraste.ee\/vana\/wp-content\/uploads\/2016\/03\/stend-624x465.jpg 624w, https:\/\/muraste.ee\/vana\/wp-content\/uploads\/2016\/03\/stend.jpg 1300w\" alt=\"stend\" width=\"300\" height=\"224\" \/><\/span><\/strong><\/div>\n<div class=\"_1mf _1mj\" data-offset-key=\"cki46-0-0\"><\/div>\n<div class=\"_1mf _1mj\" data-offset-key=\"cki46-0-0\">\n<p><strong>Soovid avaldada oma reklaami<\/strong>\u00a0meie infokanalites? Juhised on\u00a0<strong>siin<\/strong>!<\/p>\n<\/div>\n<div class=\"_1mf _1mj\" data-offset-key=\"cki46-0-0\"><strong>Soovid kasutada<\/strong>\u00a0m\u00f5nd Muraste k\u00fclaseltsi poolt pakutavat<strong>\u00a0teenust<\/strong>? V\u00f5imalused on<strong>\u00a0siin!<\/strong><\/div>\n<div class=\"_1mf _1mj\" data-offset-key=\"cki46-0-0\"><\/div>\n<div class=\"_1mf _1mj\" data-offset-key=\"cki46-0-0\"><\/div>\n<p><strong>Teadmiseks:\u00a0<\/strong>Muraste igan\u00e4dalase e-infokirjaga liitumiseks saada sellekohane teade muraste@muraste.ee<br \/>\n<strong>Muraste kogukonnakeskus\u00a0<\/strong>(Lee tee 9, Muraste) avatud E-N 10-18, R 10-16.<br \/>\n<strong>T\u00e4psustused ja info:<\/strong>\u00a0kogukonnakeskus@muraste.ee;\u00a05253128 (Aule Kikas).<\/p>\n<\/div>\n<\/div>\n<p style=\"text-align: center;\">\n","protected":false},"excerpt":{"rendered":"<p>N\u00c4DAL\u00a048 MURASTES* 27. november &#8211; 3. detsember 2017\u00a0 Esmasp\u00e4ev, 27. november kl 14 AT, Tallinna Tantsuklubi \u201cMy Dance\u201d\u00a0showtants. \u00a0(www.mydance.ee) kl 14.40 KO,\u00a0Kandletund edasij\u00f5udnutele\u00a0(Fa Stuudio\/kool, fastuudio@gmail.com ) kl 15 SP, Judoklubi \u201cAitado\u201d\u00a0Judo\u00a0(alustajad ja uuesti alustajad). \u00a0(www.aitado.ee) kl 16.30 SP, Judoklubi \u201cAitado\u201d\u00a0Judo\u00a0(edasij\u00f5udnud). \u00a0(www.aitado.ee) kl 17.30 KO,\u00a0Kandleansambel LiuLi\u00a0(Austraalias kontsertreisil) kl 19 AT.\u00a0Suurupi naiskoor Meretule Teisip\u00e4ev, 28. november kl<a class=\"moretag\" href=\"https:\/\/muraste.ee\/vana\/?page_id=4885\"><br \/>&#8230;Loe edasi<\/a><\/p>\n","protected":false},"author":2,"featured_media":0,"parent":0,"menu_order":0,"comment_status":"closed","ping_status":"closed","template":"nadalakava.php","meta":{"_bbp_topic_count":0,"_bbp_reply_count":0,"_bbp_total_topic_count":0,"_bbp_total_reply_count":0,"_bbp_voice_count":0,"_bbp_anonymous_reply_count":0,"_bbp_topic_count_hidden":0,"_bbp_reply_count_hidden":0,"_bbp_forum_subforum_count":0,"_mc_calendar":[]},"_links":{"self":[{"href":"https:\/\/muraste.ee\/vana\/index.php?rest_route=\/wp\/v2\/pages\/4885"}],"collection":[{"href":"https:\/\/muraste.ee\/vana\/index.php?rest_route=\/wp\/v2\/pages"}],"about":[{"href":"https:\/\/muraste.ee\/vana\/index.php?rest_route=\/wp\/v2\/types\/page"}],"author":[{"embeddable":true,"href":"https:\/\/muraste.ee\/vana\/index.php?rest_route=\/wp\/v2\/users\/2"}],"replies":[{"embeddable":true,"href":"https:\/\/muraste.ee\/vana\/index.php?rest_route=%2Fwp%2Fv2%2Fcomments&post=4885"}],"version-history":[{"count":2,"href":"https:\/\/muraste.ee\/vana\/index.php?rest_route=\/wp\/v2\/pages\/4885\/revisions"}],"predecessor-version":[{"id":4888,"href":"https:\/\/muraste.ee\/vana\/index.php?rest_route=\/wp\/v2\/pages\/4885\/revisions\/4888"}],"wp:attachment":[{"href":"https:\/\/muraste.ee\/vana\/index.php?rest_route=%2Fwp%2Fv2%2Fmedia&parent=4885"}],"curies":[{"name":"wp","href":"https:\/\/api.w.org\/{rel}","templated":true}]}}