{"id":4912,"date":"2017-12-11T09:36:36","date_gmt":"2017-12-11T07:36:36","guid":{"rendered":"https:\/\/muraste.ee\/vana\/?page_id=4912"},"modified":"2017-12-11T09:37:23","modified_gmt":"2017-12-11T07:37:23","slug":"4912-2","status":"publish","type":"page","link":"https:\/\/muraste.ee\/vana\/?page_id=4912","title":{"rendered":"N\u00e4dal 49"},"content":{"rendered":"<h1 class=\"entry-title\" style=\"text-align: center;\"><span style=\"color: #c4213a;\"><strong>N\u00c4DAL\u00a049 MURASTES*<br \/>\n4.\u00a0&#8211;\u00a010. detsember 2017\u00a0<\/strong><\/span><\/h1>\n<div class=\"entry-content\" style=\"text-align: left;\">\n<p><strong><span style=\"color: #c4213a;\">Esmasp\u00e4ev,\u00a04. detsember<\/span><br \/>\n<\/strong>kl 14 AT, Tallinna Tantsuklubi \u201cMy Dance\u201d\u00a0<strong>showtants<\/strong>. \u00a0(www.mydance.ee)<br \/>\nkl 14.40 KO,\u00a0<strong>Kandletund edasij\u00f5udnutele<\/strong>\u00a0(Fa Stuudio\/kool, fastuudio@gmail.com )<br \/>\nkl 15 SP, Judoklubi \u201cAitado\u201d\u00a0<strong>Judo\u00a0(<\/strong>alustajad ja uuesti alustajad). \u00a0(www.aitado.ee)<br \/>\nkl 16.30 SP, Judoklubi \u201cAitado\u201d\u00a0<strong>Judo<\/strong>\u00a0(edasij\u00f5udnud). \u00a0(www.aitado.ee)<br \/>\nkl 17.30 KO,\u00a0<strong>Kandleansambel LiuLi\u00a0<\/strong><br \/>\nkl 19 AT.\u00a0<strong>Suurupi naiskoor Meretule<\/strong><\/p>\n<p><span style=\"color: #c4213a;\"><strong>Teisip\u00e4ev,\u00a05. detsember<\/strong><\/span><br \/>\nkl 14.40-15.25 KO,\u00a0<strong>Fa Stuudio \u00a0fl\u00f6\u00f6diring<\/strong>\u00a0edasij\u00f5udnutele. \u00a0(fastuudio@gmail.com v\u00f5i tel 5160031)<br \/>\nkl 15.30-18.00 KO,\u00a0<strong>Soololaul \/ klaver<\/strong>\u00a0(juhendab Triin Kont-Kontson)<br \/>\nkl 16-18.30 KL, Lahe Huvikooli\u00a0<strong>eelkool<\/strong>\u00a0\u00a0(www.lahehuvikool.ee)<br \/>\n<span style=\"color: #999999;\"><em><span style=\"color: #999999;\">kl 17 KL, Ei toimu: Puut\u00f6\u00f6ring I grupp (juhendab Argo Aruvald).<\/span>\u00a0<strong>J\u00e4tkub jaanuaris<\/strong><\/em><\/span><br \/>\n<span style=\"color: #999999;\"><em><span style=\"color: #999999;\">kl 18 KL, Ei toimu: Puut\u00f6\u00f6ring II grupp (juhendab Argo Aruvald)<\/span>.<strong>\u00a0J\u00e4tub jaanuaris<\/strong><\/em><\/span><br \/>\nkl 18\u00a0<strong>Raadioring\u00a0 (<\/strong>Juhendab Vytautas Martinonis) Info kogukonnakeskus@muraste.ee, 5253128<br \/>\nkl 18.30 KL,\u00a0<strong>Inglise keele kursus\u00a0 (<\/strong><em>I grupp, algteadmisi omajatel on v\u00f5imalus liituda ka juba t\u00f6\u00f6tava grupiga).<\/em>\u00a0K\u00fcsi lisa juhendajalt tel 56575575.<br \/>\n<span style=\"color: #000000;\">kl 18 KO,\u00a0<strong>Inglise keele vestlusring,\u00a0<\/strong>juhendab James Gill<br \/>\n<\/span>kl 19 SP,\u00a0<strong>V\u00f5rkpall\u00a0<\/strong><em>(naised\/mehed)- oodatud on k\u00f5ik v\u00f5rkpallihuvilised!;<br \/>\n<\/em>kl 18.30 AT,\u00a0<strong>Seltskonnatantsu kursus\u00a0<\/strong><strong>t\u00e4iskasvanutele.\u00a0\u00a0<\/strong><br \/>\nkl 19 KL,\u00a0\u00a0<strong><span style=\"color: #0000ff;\"><a style=\"color: #0000ff;\" href=\"https:\/\/muraste.ee\/vana\/?p=4470\" target=\"_blank\">Kunda<\/a><a style=\"color: #0000ff;\" href=\"https:\/\/muraste.ee\/vana\/?p=4470\" target=\"_blank\">lini jooga\u00a0<\/a><\/span><\/strong><span style=\"color: #0000ff;\"><span style=\"color: #000000;\"><a style=\"color: #000000;\" href=\"mailto:info@lahetervis.ee\">info@lahetervis.ee<\/a><\/span><\/span><strong><span style=\"color: #0000ff;\">,<\/span><\/strong>\u00a0tel.56903049,<br \/>\nkl 19\u00a0<strong>Tilgu h\u00fclged suplevad<\/strong>\u00a0Tilgu sadamas! Info: FB grupp Taliujumine Tilgus.<br \/>\nkl 19.45 AT,\u00a0<strong>Seltskonnatantsude harjutustund<\/strong>\u2013 v\u00f5imalus \u00f5pitut kinnistada ja toredas seltskonnas jalga keerutada.<\/p>\n<p><span style=\"color: #ff6600;\"><strong><span style=\"color: #c4213a;\">Kolmap\u00e4ev, 6. detsember<\/span><br \/>\n<\/strong><\/span>kl 13.45 KL,\u00a0<strong>Kitarriring<\/strong>\u00a0(I grupp) (Ain Varts, www.huviringid.ee)<br \/>\nkl 13.45 KL,\u00a0<strong>Kitarriring<\/strong>\u00a0(II grupp) (Ain Varts, www.huviringid.ee )<br \/>\nkl 15.30 KL,\u00a0<strong>Malering<\/strong>\u00a0(Jaan Urgas,\u00a0www.huviringid.ee)<br \/>\nkl 14 AT, Tallinna Tantsuklubi \u201cMy Dance\u201d\u00a0<strong>showtants<\/strong>. \u00a0(www.mydance.ee)<br \/>\nkl 14.45 KL,\u00a0<strong>Noortejooga<\/strong>\u00a0alates 3. kl<br \/>\nkl 14.40 KO,\u00a0<strong>Kandletund algajatele<\/strong>\u00a0I grupp (Fa Stuudio\/kool)<br \/>\nkl 15.45 KO,\u00a0<strong>Beebide-p\u00f5nnide muusikaring<\/strong>\u00a0(fastuudio@gmail.com v\u00f5i tel 5160031)<br \/>\nkl 16.15 SP, Judoklubi \u201cAitado\u201d\u00a0<strong>Judo\u00a0(<\/strong>alustajad ja uuesti alustajad). \u00a0(www.aitado.ee)<br \/>\nkl 17.45 SP, Judoklubi \u201cAitado\u201d\u00a0<strong>Judo<\/strong>\u00a0(edasij\u00f5udnud). \u00a0(www.aitado.ee)<br \/>\nkl 18 KL,\u00a0<strong>Mudelismiring<\/strong>\u00a0(juhendab Andres Madissoo)<br \/>\nkl 18 KO,\u00a0<strong>Kursus \u201cPraktiline lilleseade\u201d<\/strong>. T\u00e4psemalt loe\u00a0<strong><a href=\"https:\/\/muraste.ee\/vana\/?p=4561\">SIIT<\/a><\/strong>!<br \/>\nkl 18.30 KL,\u00a0<strong>Line-tants.<\/strong>\u00a0Tulge k\u00f5ik ja saage osa elur\u00f5\u00f5must! Info kristin@huviline.ee (lisatund seekord\u00a0 ka kl 17)<a href=\"https:\/\/muraste.ee\/vana\/wp-content\/uploads\/2016\/03\/ykt.jpg\" rel=\"attachment wp-att-4902\"><img decoding=\"async\" loading=\"lazy\" class=\"size-medium wp-image-4902 alignright\" src=\"https:\/\/muraste.ee\/vana\/wp-content\/uploads\/2016\/03\/ykt-300x251.jpg\" alt=\"ykt\" width=\"300\" height=\"251\" srcset=\"https:\/\/muraste.ee\/vana\/wp-content\/uploads\/2016\/03\/ykt-300x251.jpg 300w, https:\/\/muraste.ee\/vana\/wp-content\/uploads\/2016\/03\/ykt-768x644.jpg 768w, https:\/\/muraste.ee\/vana\/wp-content\/uploads\/2016\/03\/ykt-624x523.jpg 624w, https:\/\/muraste.ee\/vana\/wp-content\/uploads\/2016\/03\/ykt.jpg 940w\" sizes=\"(max-width: 300px) 100vw, 300px\" \/><\/a><br \/>\nkl 19.15-20.15\u00a0<span style=\"color: #ff0000;\"><strong>UUS!\u00a0<span style=\"color: #000000;\">\u00dcKE TREENING!\u00a0<\/span><\/strong><\/span>T\u00e4nasest alustab Motokrossipisik laste saalitrennidega Muraste spordisaalis. \u00dcKE ehk \u00fcldkehalise ettevalmistuse treeningud on mitmek\u00fclgsed ning kogu keha arendavad. Treeningutes parandavad lapsed oma koordinatsiooni, painduvust ning tasakaalu, mis tuleb kasuks nii motokrossihuvilistele kui ka k\u00f5igile teistele. Vajalikud sise-spordijalatsid.\u00a0Kuutasu 20 \u20ac.\u00a0Lisainfo:\u00a0<a href=\"http:\/\/motokrossipisik.eu\/saalitrennid\/\" target=\"_blank\" rel=\"noopener nofollow\" data-ft=\"{&quot;tn&quot;:&quot;-U&quot;}\" data-lynx-mode=\"async\" data-lynx-uri=\"https:\/\/l.facebook.com\/l.php?u=http%3A%2F%2Fmotokrossipisik.eu%2Fsaalitrennid%2F&amp;h=ATMtTHYPByHFd3Ejb-M_bw3_McwWuVo6SD2thhdIQy0F3YVpA_h8WkckKLGErB5uFSUlktLr926FwJ0TEtQ-jB1FBraRjZFjM3beY2s_WKOJD6YfrxE6Mt1hjwfw9ksYAGjgdHZC18BIeDnAuwSsYczTILfnnMLOzQF24cH3R6VS26raqEtS2BUg7_WQqbEtEpxp1xS_pyotI8RQyh4c32tfhGm_t2n7ldi5cdnf0XZ3A7pBLlADRaD37BfrOmuJ2do5HhcLCgaUhRx9NIHS07XqH95qhCVLIPfFZlqnktc\">http:\/\/motokrossipisik.eu\/saalitrennid\/<\/a>, hannes@motokrossipisik.ee, telefon 5296556<\/p>\n<p><strong><span class=\"alignnone\" style=\"color: #ff6600;\"><span style=\"color: #993366;\"><span style=\"color: #000080;\"><span style=\"color: #c4213a;\">Neljap\u00e4ev,\u00a07. detsember<\/span><br \/>\n<\/span><\/span><\/span><\/strong>kl 12.40 KL\u00a0<strong>Meisterdamine<\/strong>\u00a01. kl (Loovuslabor)<br \/>\n<span style=\"color: #000000;\">kl 13.45 KL\u00a0<strong>Meisterdamine<\/strong>\u00a03.-4. kl (Loovuslabor)<br \/>\nkl 14-16.20 KO,\u00a0<strong>Soololaul\/klaver<\/strong>\u00a0(juhendab Triin Kont-Kontson)<br \/>\nkl 14.45\u00a0KL\u00a0<strong>Tekstiili- ja disainiring<\/strong>\u00a05-6\u00a0kl (Loovuslabor)<strong><br \/>\n<\/strong>kl 18.00 KO,\u00a0<strong><span style=\"color: #ff0000;\"><strong>UUS!<\/strong>\u00a0<\/span><strong>ATH-laste vanemate tugir\u00fchm.\u00a0<\/strong>Tulge, koos on kergem!<br \/>\n<\/strong>kl 18.30 AT,\u00a0<strong>Nimetu\u00a0N\u00e4item\u00e4nguselts\u00a0\u00a0<\/strong>(juhendab \u00a0Anne Veesaar)<br \/>\nkl\u00a019.00\u00a0KL,\u00a0<strong>Inglise keele\u00a0kursus<\/strong><em>\u00a0(II grupp,\u00a0<\/em>algajatele ja uuesti alustajatele). \u00a0T\u00e4psem info marethein@gmail.com, tel 56575575.<br \/>\nkl 19\u00a0<strong>Tilgu h\u00fclged suplevad<\/strong>\u00a0Tilgu sadamas! Info: FB grupp Taliujumine Tilgus.<br \/>\nkl 19 SP,<strong>\u00a0Mudelistide lennutund\u00a0<\/strong>(juhendab Tiit T\u00f5nurist)<\/span><\/p>\n<p><span style=\"color: #ff6600;\"><span style=\"color: #c4213a;\"><strong>Reede, 8.\u00a0detsember<\/strong><\/span><span style=\"color: #3366ff;\"><span style=\"color: #008000;\"><span style=\"color: #993366;\"><br \/>\n<span style=\"color: #000000;\">kl 16 \u00f5ues, \u00a0<strong>Skaudiring<\/strong>, oodatud k\u00f5ik kooliealised lapsed. Kogunemine v\u00f5rkpalliplatsi juures.<br \/>\nkl 18\u00a0AT,\u00a0<strong>Triinu stuudio minikontsert<\/strong>\u00a0(kutsetega)<\/span><\/span><\/span><\/span><\/span><\/p>\n<p><strong><span style=\"color: #c4213a;\">P\u00fchap\u00e4ev, 10. detsember &#8211; 2.<\/span><\/strong><span style=\"color: #c4213a;\">\u00a0advent<\/span><span style=\"color: #c4213a;\"><br \/>\n<span style=\"color: #000000;\"><strong><span style=\"color: #ff0000;\">L\u00c4HME K\u00dcLLA!<\/span><\/strong>\u00a0V\u00e4\u00e4na tall-t\u00f5lllakuuris on kell 12-16\u00a0\u00a0<strong>j\u00f5ululaat<\/strong>\u00a0koos kontserdi, j\u00f5ulupuu ja j\u00f5uluvanaga!<\/span><\/span><span style=\"color: #c4213a;\"><br \/>\n<\/span><\/p>\n<p><a href=\"https:\/\/muraste.ee\/vana\/wp-content\/uploads\/2016\/03\/laata.jpg\" rel=\"attachment wp-att-4905\"><img decoding=\"async\" loading=\"lazy\" class=\"size-full wp-image-4905 aligncenter\" src=\"https:\/\/muraste.ee\/vana\/wp-content\/uploads\/2016\/03\/laata.jpg\" alt=\"laata\" width=\"486\" height=\"699\" srcset=\"https:\/\/muraste.ee\/vana\/wp-content\/uploads\/2016\/03\/laata.jpg 486w, https:\/\/muraste.ee\/vana\/wp-content\/uploads\/2016\/03\/laata-209x300.jpg 209w\" sizes=\"(max-width: 486px) 100vw, 486px\" \/><\/a><\/p>\n<p><span style=\"color: #c4213a;\"><strong>TULEKUL\u00a0<a href=\"https:\/\/muraste.ee\/vana\/wp-content\/uploads\/2016\/03\/hollywood.jpg\" rel=\"attachment wp-att-4628\"><img decoding=\"async\" loading=\"lazy\" class=\"size-medium wp-image-4628 alignright\" src=\"https:\/\/muraste.ee\/vana\/wp-content\/uploads\/2016\/03\/hollywood-208x300.jpg\" alt=\"hollywood\" width=\"208\" height=\"300\" srcset=\"https:\/\/muraste.ee\/vana\/wp-content\/uploads\/2016\/03\/hollywood-208x300.jpg 208w, https:\/\/muraste.ee\/vana\/wp-content\/uploads\/2016\/03\/hollywood.jpg 555w\" sizes=\"(max-width: 208px) 100vw, 208px\" \/><\/a><\/strong><\/span><\/p>\n<p>E,\u00a011.detsember kell 16-18\u00a0<strong>J\u00f5ululaat Muraste koolimajas<\/strong><br \/>\nL, 16. detsember kell 18 filmi\u00f5htu lastele \u201c<strong><a href=\"https:\/\/www.youtube.com\/watch?v=qzLkLaTTpNE\" target=\"_blank\">J\u00f5uluvanade vahetus<\/a><\/strong>\u201d<br \/>\nN, 21. dets kell 18 Fa\u00a0<strong>Stuudio j\u00f5ulukontsert &#8220;Viguriga j\u00f5ulud&#8221;<\/strong><br \/>\nR. 5. jaanuar\u00a0kell 18 filmi\u00f5htu lastele\u00a0 \u201c<strong><a href=\"https:\/\/www.youtube.com\/watch?v=mTW7z38AFs0\" target=\"_blank\">Kasper jaEmma l\u00e4hevad matkale<\/a><\/strong>\u201d<br \/>\nR, 12. jaanuar kell 19 filmi\u00f5htu\u00a0<strong><a href=\"https:\/\/www.youtube.com\/watch?v=feAm-hs1I88\" target=\"_blank\">&#8220;Igitee&#8221;\u00a0<\/a><\/strong><span style=\"color: #ff0000;\"><strong><br \/>\nUUS!<\/strong>\u00a0<\/span>Laup\u00e4eval. 20. jaanuaril kell 16 Muraste koolimaja aatriumis\u00a0 Kom\u00f6\u00f6diateater etendusega\u00a0<strong>&#8220;<a href=\"https:\/\/muraste.ee\/vana\/?p=4642\" target=\"_blank\">Hollywoody filmit\u00e4hed<\/a>&#8220;.<\/strong>\u00a0<strong>Osades Helgi Sallo ja Katrin Karisma.<\/strong>\u00a0Piletid eelm\u00fc\u00fcgist 15\u20ac, soodushind\u00a0seenioritele ja \u00f5pilastele 13\u20ac: Piletid saadaval Muraste kogukonnakeskuses (Lee tee 9, Muraste). Piletiinfo ja broneerimine\u00a0\u00a0<a href=\"mailto:kogukonnakeskus@muraste.ee\">kogukonnakeskus@muraste.ee<\/a>, tel 5253128. Loe lisa\u00a0<strong><a href=\"https:\/\/muraste.ee\/vana\/?p=4642\" target=\"_blank\">SIIT<\/a><\/strong><\/p>\n<p><span style=\"color: #ff0000;\"><strong>UUS!<\/strong>\u00a0<\/span>23. veebruaril Eesti Vabariigi 100. s\u00fcnnip\u00e4evale p\u00fchendatud\u00a0<strong>\u00f6\u00f6matk.<\/strong><br \/>\n<span style=\"color: #ff0000;\"><strong>UUS!<\/strong>\u00a0<\/span>8. m\u00e4rts kell 19 Muraste Nimetu N\u00e4item\u00e4nguselts etendusega<strong>\u00a0\u201cKaheksa armastavat naist\u201d<\/strong>\u00a0(esietendus)<\/p>\n<p><a href=\"https:\/\/muraste.ee\/vana\/wp-content\/uploads\/2016\/03\/revalia_muraste-jaanuar.jpg\" rel=\"attachment wp-att-4910\"><img decoding=\"async\" loading=\"lazy\" class=\"alignnone size-full wp-image-4910\" src=\"https:\/\/muraste.ee\/vana\/wp-content\/uploads\/2016\/03\/revalia_muraste-jaanuar.jpg\" alt=\"revalia_muraste jaanuar\" width=\"2480\" height=\"3507\" srcset=\"https:\/\/muraste.ee\/vana\/wp-content\/uploads\/2016\/03\/revalia_muraste-jaanuar.jpg 2480w, https:\/\/muraste.ee\/vana\/wp-content\/uploads\/2016\/03\/revalia_muraste-jaanuar-212x300.jpg 212w, https:\/\/muraste.ee\/vana\/wp-content\/uploads\/2016\/03\/revalia_muraste-jaanuar-768x1086.jpg 768w, https:\/\/muraste.ee\/vana\/wp-content\/uploads\/2016\/03\/revalia_muraste-jaanuar-724x1024.jpg 724w, https:\/\/muraste.ee\/vana\/wp-content\/uploads\/2016\/03\/revalia_muraste-jaanuar-624x882.jpg 624w\" sizes=\"(max-width: 2480px) 100vw, 2480px\" \/><\/a><\/p>\n<p><span style=\"color: #ff0000;\"><strong>ANNA OMA H\u00c4\u00c4L!<\/strong><\/span><\/p>\n<p>1.\u20138. detsembrini saab iga\u00fcks meist anda oma h\u00e4\u00e4le\u00a0\u00a0<strong>Harku valla kaasava eelarve\u00a0<\/strong>kasutamiseks tehtud ettepanekute kohta, kasutades selleks\u00a0<a href=\"http:\/\/www.volis.ee\/gvolis\/web.options?command=kov_12621&amp;loc=&amp;kid=\" target=\"_blank\">www.volis.ee\u00a0<\/a>keskkonda.\u00a0\u00a0<strong>Milline ettepanek on parim?<\/strong>\u00a0On see V\u00e4\u00e4na-J\u00f5esuu noorte v\u00e4ga oodatud rulaplats v\u00f5i 40 meetrit k\u00f5nniteed Tabasalus?\u00a0 On see Harku alevikku rajatav tennisev\u00e4jak v\u00f5i V\u00e4\u00e4na-J\u00f5esuusse rajatav ronimisala? Tabasalu \u00f5uespordiv\u00e4ljak v\u00f5i hoopis 100 aastast ajalugu kajastavad bussipeatused?<br \/>\n<strong>Tee oma valik!<\/strong><\/p>\n<p><strong><span style=\"color: #993366;\">T\u00d6\u00d6PAKKUMINE!<\/span><\/strong><\/p>\n<p><a href=\"https:\/\/muraste.ee\/vana\/wp-content\/uploads\/2016\/03\/admin-t\u00f6\u00f6taja-kuulutus-2017-1-1-page-0.jpg\" rel=\"attachment wp-att-4876\"><img decoding=\"async\" loading=\"lazy\" class=\"alignnone size-large wp-image-4876\" src=\"https:\/\/muraste.ee\/vana\/wp-content\/uploads\/2016\/03\/admin-t\u00f6\u00f6taja-kuulutus-2017-1-1-page-0-724x1024.jpg\" alt=\"admin t\u00f6\u00f6taja kuulutus 2017 (1) (1)-page-0\" width=\"625\" height=\"884\" srcset=\"https:\/\/muraste.ee\/vana\/wp-content\/uploads\/2016\/03\/admin-t\u00f6\u00f6taja-kuulutus-2017-1-1-page-0-724x1024.jpg 724w, https:\/\/muraste.ee\/vana\/wp-content\/uploads\/2016\/03\/admin-t\u00f6\u00f6taja-kuulutus-2017-1-1-page-0-212x300.jpg 212w, https:\/\/muraste.ee\/vana\/wp-content\/uploads\/2016\/03\/admin-t\u00f6\u00f6taja-kuulutus-2017-1-1-page-0-768x1086.jpg 768w, https:\/\/muraste.ee\/vana\/wp-content\/uploads\/2016\/03\/admin-t\u00f6\u00f6taja-kuulutus-2017-1-1-page-0-624x882.jpg 624w\" sizes=\"(max-width: 625px) 100vw, 625px\" \/><\/a><\/p>\n<p><span style=\"color: #c4213a;\"><strong>TEADETETAHVEL<\/strong><\/span><\/p>\n<\/div>\n<div class=\"entry-content\">\n<div class=\"_1mf _1mj\" data-offset-key=\"cki46-0-0\">\n<div class=\"_1mf _1mj\" data-offset-key=\"cki46-0-0\"><strong><span style=\"color: #339966;\"><img decoding=\"async\" loading=\"lazy\" class=\"size-medium wp-image-3740 alignright\" src=\"https:\/\/muraste.ee\/vana\/wp-content\/uploads\/2016\/03\/stend-300x224.jpg\" sizes=\"(max-width: 300px) 100vw, 300px\" srcset=\"https:\/\/muraste.ee\/vana\/wp-content\/uploads\/2016\/03\/stend-300x224.jpg 300w, https:\/\/muraste.ee\/vana\/wp-content\/uploads\/2016\/03\/stend-768x572.jpg 768w, https:\/\/muraste.ee\/vana\/wp-content\/uploads\/2016\/03\/stend-1024x763.jpg 1024w, https:\/\/muraste.ee\/vana\/wp-content\/uploads\/2016\/03\/stend-624x465.jpg 624w, https:\/\/muraste.ee\/vana\/wp-content\/uploads\/2016\/03\/stend.jpg 1300w\" alt=\"stend\" width=\"300\" height=\"224\" \/><\/span><\/strong><\/div>\n<div class=\"_1mf _1mj\" data-offset-key=\"cki46-0-0\"><\/div>\n<div class=\"_1mf _1mj\" data-offset-key=\"cki46-0-0\">\n<p><strong>Soovid avaldada oma reklaami<\/strong>\u00a0meie infokanalites? Juhised on\u00a0<strong>siin<\/strong>!<\/p>\n<\/div>\n<div class=\"_1mf _1mj\" data-offset-key=\"cki46-0-0\"><strong>Soovid kasutada<\/strong>\u00a0m\u00f5nd Muraste k\u00fclaseltsi poolt pakutavat<strong>\u00a0teenust<\/strong>? V\u00f5imalused on<strong>\u00a0siin!<\/strong><\/div>\n<div class=\"_1mf _1mj\" data-offset-key=\"cki46-0-0\"><\/div>\n<div class=\"_1mf _1mj\" data-offset-key=\"cki46-0-0\"><\/div>\n<p><strong>Teadmiseks:\u00a0<\/strong>Muraste igan\u00e4dalase e-infokirjaga liitumiseks saada sellekohane teade muraste@muraste.ee<br \/>\n<strong>Muraste kogukonnakeskus\u00a0<\/strong>(Lee tee 9, Muraste) avatud E-N 10-18, R 10-16.<br \/>\n<strong>T\u00e4psustused ja info:<\/strong>\u00a0kogukonnakeskus@muraste.ee;\u00a05253128 (Aule Kik<\/p>\n<\/div>\n<\/div>\n","protected":false},"excerpt":{"rendered":"<p>N\u00c4DAL\u00a049 MURASTES* 4.\u00a0&#8211;\u00a010. detsember 2017\u00a0 Esmasp\u00e4ev,\u00a04. detsember kl 14 AT, Tallinna Tantsuklubi \u201cMy Dance\u201d\u00a0showtants. \u00a0(www.mydance.ee) kl 14.40 KO,\u00a0Kandletund edasij\u00f5udnutele\u00a0(Fa Stuudio\/kool, fastuudio@gmail.com ) kl 15 SP, Judoklubi \u201cAitado\u201d\u00a0Judo\u00a0(alustajad ja uuesti alustajad). \u00a0(www.aitado.ee) kl 16.30 SP, Judoklubi \u201cAitado\u201d\u00a0Judo\u00a0(edasij\u00f5udnud). \u00a0(www.aitado.ee) kl 17.30 KO,\u00a0Kandleansambel LiuLi\u00a0 kl 19 AT.\u00a0Suurupi naiskoor Meretule Teisip\u00e4ev,\u00a05. detsember kl 14.40-15.25 KO,\u00a0Fa Stuudio \u00a0fl\u00f6\u00f6diring\u00a0edasij\u00f5udnutele. \u00a0(fastuudio@gmail.com v\u00f5i<a class=\"moretag\" href=\"https:\/\/muraste.ee\/vana\/?page_id=4912\"><br \/>&#8230;Loe edasi<\/a><\/p>\n","protected":false},"author":2,"featured_media":4898,"parent":0,"menu_order":0,"comment_status":"closed","ping_status":"closed","template":"nadalakava.php","meta":{"_bbp_topic_count":0,"_bbp_reply_count":0,"_bbp_total_topic_count":0,"_bbp_total_reply_count":0,"_bbp_voice_count":0,"_bbp_anonymous_reply_count":0,"_bbp_topic_count_hidden":0,"_bbp_reply_count_hidden":0,"_bbp_forum_subforum_count":0,"_mc_calendar":[]},"_links":{"self":[{"href":"https:\/\/muraste.ee\/vana\/index.php?rest_route=\/wp\/v2\/pages\/4912"}],"collection":[{"href":"https:\/\/muraste.ee\/vana\/index.php?rest_route=\/wp\/v2\/pages"}],"about":[{"href":"https:\/\/muraste.ee\/vana\/index.php?rest_route=\/wp\/v2\/types\/page"}],"author":[{"embeddable":true,"href":"https:\/\/muraste.ee\/vana\/index.php?rest_route=\/wp\/v2\/users\/2"}],"replies":[{"embeddable":true,"href":"https:\/\/muraste.ee\/vana\/index.php?rest_route=%2Fwp%2Fv2%2Fcomments&post=4912"}],"version-history":[{"count":2,"href":"https:\/\/muraste.ee\/vana\/index.php?rest_route=\/wp\/v2\/pages\/4912\/revisions"}],"predecessor-version":[{"id":4915,"href":"https:\/\/muraste.ee\/vana\/index.php?rest_route=\/wp\/v2\/pages\/4912\/revisions\/4915"}],"wp:featuredmedia":[{"embeddable":true,"href":"https:\/\/muraste.ee\/vana\/index.php?rest_route=\/wp\/v2\/media\/4898"}],"wp:attachment":[{"href":"https:\/\/muraste.ee\/vana\/index.php?rest_route=%2Fwp%2Fv2%2Fmedia&parent=4912"}],"curies":[{"name":"wp","href":"https:\/\/api.w.org\/{rel}","templated":true}]}}