{"id":4930,"date":"2017-12-18T08:33:46","date_gmt":"2017-12-18T06:33:46","guid":{"rendered":"https:\/\/muraste.ee\/vana\/?page_id=4930"},"modified":"2017-12-18T08:33:46","modified_gmt":"2017-12-18T06:33:46","slug":"nadal-50-2","status":"publish","type":"page","link":"https:\/\/muraste.ee\/vana\/?page_id=4930","title":{"rendered":"N\u00e4dal 50"},"content":{"rendered":"<h1 class=\"entry-title\" style=\"text-align: center;\"><span style=\"color: #0000ff;\"><strong>N\u00c4DAL\u00a050 MURASTES*<br \/>\n11.\u00a0&#8211; 17. detsember 2017\u00a0<\/strong><\/span><\/h1>\n<div class=\"entry-content\" style=\"text-align: left;\">\n<p><strong><span style=\"color: #0000ff;\">Esmasp\u00e4ev, 11. detsember<\/span><br \/>\n<\/strong>kl 14 AT, Tallinna Tantsuklubi \u201cMy Dance\u201d\u00a0<strong>showtants<\/strong>. \u00a0(www.mydance.ee)<br \/>\nkl 14.40 KO,\u00a0<strong>Kandletund edasij\u00f5udnutele<\/strong>\u00a0(Fa Stuudio\/kool, fastuudio@gmail.com )<br \/>\nkl 15 SP, Judoklubi \u201cAitado\u201d\u00a0<strong>Judo\u00a0(<\/strong>alustajad ja uuesti alustajad). \u00a0(www.aitado.ee)<br \/>\nkl 16.30 SP, Judoklubi \u201cAitado\u201d\u00a0<strong>Judo<\/strong>\u00a0(edasij\u00f5udnud). \u00a0(www.aitado.ee)<br \/>\nkl 16-18 AT\u00a0<strong><span style=\"color: #ff0000;\">UUS!\u00a0\u00a0<\/span><span style=\"color: #000000;\">Heategevuslik Muraste j\u00f5ululaat\u00a0\u00a0<\/span><\/strong><br \/>\nkl 17.30 KO,\u00a0<strong>Kandleansambel LiuLi\u00a0<\/strong><br \/>\nkl 19 AT.\u00a0<strong>Suurupi naiskoor Meretule<\/strong><\/p>\n<p><a href=\"https:\/\/muraste.ee\/vana\/wp-content\/uploads\/2016\/03\/taat4.jpg\" rel=\"attachment wp-att-4918\"><img decoding=\"async\" loading=\"lazy\" class=\"alignnone wp-image-4918 size-full\" src=\"https:\/\/muraste.ee\/vana\/wp-content\/uploads\/2016\/03\/taat4.jpg\" alt=\"taat4\" width=\"960\" height=\"540\" srcset=\"https:\/\/muraste.ee\/vana\/wp-content\/uploads\/2016\/03\/taat4.jpg 960w, https:\/\/muraste.ee\/vana\/wp-content\/uploads\/2016\/03\/taat4-300x169.jpg 300w, https:\/\/muraste.ee\/vana\/wp-content\/uploads\/2016\/03\/taat4-768x432.jpg 768w, https:\/\/muraste.ee\/vana\/wp-content\/uploads\/2016\/03\/taat4-624x351.jpg 624w, https:\/\/muraste.ee\/vana\/wp-content\/uploads\/2016\/03\/taat4-128x72.jpg 128w\" sizes=\"(max-width: 960px) 100vw, 960px\" \/><\/a><\/p>\n<p><span style=\"color: #0000ff;\"><strong>Teisip\u00e4ev, 12. detsember<\/strong><\/span><br \/>\nkl 14.40-15.25 KO,\u00a0<strong>Fa Stuudio \u00a0fl\u00f6\u00f6diring<\/strong>\u00a0edasij\u00f5udnutele. \u00a0(fastuudio@gmail.com v\u00f5i tel 5160031)<br \/>\nkl 15.30-18.00 KO,\u00a0<strong>Soololaul \/ klaver<\/strong>\u00a0(juhendab Triin Kont-Kontson)<br \/>\nkl 16-18.30 KL, Lahe Huvikooli\u00a0<strong>eelkool<\/strong>\u00a0\u00a0(www.lahehuvikool.ee)<br \/>\n<span style=\"color: #999999;\"><em><span style=\"color: #999999;\">kl 17 KL, Ei toimu: Puut\u00f6\u00f6ring I grupp (juhendab Argo Aruvald).<\/span>\u00a0<strong>J\u00e4tkub jaanuaris<\/strong><\/em><\/span><br \/>\n<span style=\"color: #999999;\"><em><span style=\"color: #999999;\">kl 18 KL, Ei toimu: Puut\u00f6\u00f6ring II grupp (juhendab Argo Aruvald)<\/span>.<strong>\u00a0J\u00e4tub jaanuaris<\/strong><\/em><\/span><br \/>\nkl 18\u00a0<strong>Raadioring\u00a0 (<\/strong>Juhendab Vytautas Martinonis) Info kogukonnakeskus@muraste.ee, 5253128<br \/>\nkl 18.30 KL,\u00a0<strong>Inglise keele kursus\u00a0 (<\/strong><em>I grupp, algteadmisi omajatel on v\u00f5imalus liituda ka juba t\u00f6\u00f6tava grupiga).<\/em>\u00a0K\u00fcsi lisa juhendajalt tel 56575575.<br \/>\n<span style=\"color: #000000;\">kl 18 KO,\u00a0<strong>Inglise keele vestlusring,\u00a0<\/strong>juhendab James Gill<br \/>\n<\/span>kl 19 SP,\u00a0<strong>V\u00f5rkpall\u00a0<\/strong><em>(naised\/mehed)- oodatud on k\u00f5ik v\u00f5rkpallihuvilised!;<br \/>\n<\/em>kl 18.30 AT,\u00a0<strong>Seltskonnatantsu kursus\u00a0<\/strong><strong>t\u00e4iskasvanutele.\u00a0\u00a0<\/strong><br \/>\nkl 19 KL,\u00a0\u00a0<strong><span style=\"color: #0000ff;\"><a style=\"color: #0000ff;\" href=\"https:\/\/muraste.ee\/vana\/?p=4470\" target=\"_blank\">Kunda<\/a><a style=\"color: #0000ff;\" href=\"https:\/\/muraste.ee\/vana\/?p=4470\" target=\"_blank\">lini jooga\u00a0<\/a><\/span><\/strong><span style=\"color: #0000ff;\"><span style=\"color: #000000;\"><a style=\"color: #000000;\" href=\"mailto:info@lahetervis.ee\">info@lahetervis.ee<\/a><\/span><\/span><strong><span style=\"color: #0000ff;\">,<\/span><\/strong>\u00a0tel.56903049,<br \/>\nkl 19\u00a0<strong>Tilgu h\u00fclged suplevad<\/strong>\u00a0Tilgu sadamas! Info: FB grupp Taliujumine Tilgus.<br \/>\nkl 19.45 AT,\u00a0<strong>Seltskonnatantsude harjutustund<\/strong>\u2013 v\u00f5imalus \u00f5pitut kinnistada ja toredas seltskonnas jalga keerutada.<\/p>\n<p><span style=\"color: #ff6600;\"><strong><span style=\"color: #0000ff;\">Kolmap\u00e4ev, 13. detsember<\/span><br \/>\n<\/strong><\/span>kl 13.45 KL,\u00a0<strong>Kitarriring<\/strong>\u00a0(I grupp) (Ain Varts, www.huviringid.ee)<br \/>\nkl 13.45 KL,\u00a0<strong>Kitarriring<\/strong>\u00a0(II grupp) (Ain Varts, www.huviringid.ee )<br \/>\nkl 15.30 KL,\u00a0<strong>Malering<\/strong>\u00a0(Jaan Urgas,\u00a0www.huviringid.ee)<br \/>\nkl 14 AT, Tallinna Tantsuklubi \u201cMy Dance\u201d\u00a0<strong>showtants<\/strong>. \u00a0(www.mydance.ee)<br \/>\nkl 14.45 KL,\u00a0<strong>Noortejooga<\/strong>\u00a0alates 3. kl<br \/>\nkl 14.40 KO,\u00a0<strong>Kandletund algajatele<\/strong>\u00a0I grupp (Fa Stuudio\/kool)<br \/>\nkl 15.45 KO,\u00a0<strong>Beebide-p\u00f5nnide muusikaring<\/strong>\u00a0(fastuudio@gmail.com v\u00f5i tel 5160031)<br \/>\nkl 16.15 SP, Judoklubi \u201cAitado\u201d\u00a0<strong>Judo\u00a0(<\/strong>alustajad ja uuesti alustajad). \u00a0(www.aitado.ee)<br \/>\nkl 17.45 SP, Judoklubi \u201cAitado\u201d\u00a0<strong>Judo<\/strong>\u00a0(edasij\u00f5udnud). \u00a0(www.aitado.ee)<br \/>\nkl 18 KL,\u00a0<strong>Mudelismiring<\/strong>\u00a0(juhendab Andres Madissoo)<br \/>\nkl 18.30 KL,\u00a0<strong>Line-tants.<\/strong>\u00a0Tulge k\u00f5ik ja saage osa elur\u00f5\u00f5must! Info kristin@huviline.ee (lisatund seekord\u00a0 ka kl 17)<a href=\"https:\/\/muraste.ee\/vana\/wp-content\/uploads\/2016\/03\/ykt.jpg\" rel=\"attachment wp-att-4902\"><img decoding=\"async\" loading=\"lazy\" class=\"size-medium wp-image-4902 alignright\" src=\"https:\/\/muraste.ee\/vana\/wp-content\/uploads\/2016\/03\/ykt-300x251.jpg\" alt=\"ykt\" width=\"300\" height=\"251\" srcset=\"https:\/\/muraste.ee\/vana\/wp-content\/uploads\/2016\/03\/ykt-300x251.jpg 300w, https:\/\/muraste.ee\/vana\/wp-content\/uploads\/2016\/03\/ykt-768x644.jpg 768w, https:\/\/muraste.ee\/vana\/wp-content\/uploads\/2016\/03\/ykt-624x523.jpg 624w, https:\/\/muraste.ee\/vana\/wp-content\/uploads\/2016\/03\/ykt.jpg 940w\" sizes=\"(max-width: 300px) 100vw, 300px\" \/><\/a><br \/>\nkl 19.15-20.15\u00a0<span style=\"color: #ff0000;\"><strong>UUS!\u00a0<span style=\"color: #000000;\">\u00dcKE TREENING! M\u00f6\u00f6dunud n\u00e4dalal\u00a0 alustas<\/span><\/strong><\/span>\u00a0Motokrossipisik laste saalitrennidega Muraste spordisaalis. \u00dcKE ehk \u00fcldkehalise ettevalmistuse treeningud on mitmek\u00fclgsed ning kogu keha arendavad. Treeningutes parandavad lapsed oma koordinatsiooni, painduvust ning tasakaalu, mis tuleb kasuks nii motokrossihuvilistele kui ka k\u00f5igile teistele. Vajalikud sise-spordijalatsid.\u00a0Kuutasu 20 \u20ac.\u00a0<span style=\"color: #ff0000;\"><strong>K\u00d5IK SPORDIS\u00d5BRAD ON OODATUD!<\/strong>\u00a0<\/span>Lisainfo:\u00a0<a href=\"http:\/\/motokrossipisik.eu\/saalitrennid\/\" target=\"_blank\" rel=\"noopener nofollow\" data-ft=\"{&quot;tn&quot;:&quot;-U&quot;}\" data-lynx-mode=\"async\" data-lynx-uri=\"https:\/\/l.facebook.com\/l.php?u=http%3A%2F%2Fmotokrossipisik.eu%2Fsaalitrennid%2F&amp;h=ATMtTHYPByHFd3Ejb-M_bw3_McwWuVo6SD2thhdIQy0F3YVpA_h8WkckKLGErB5uFSUlktLr926FwJ0TEtQ-jB1FBraRjZFjM3beY2s_WKOJD6YfrxE6Mt1hjwfw9ksYAGjgdHZC18BIeDnAuwSsYczTILfnnMLOzQF24cH3R6VS26raqEtS2BUg7_WQqbEtEpxp1xS_pyotI8RQyh4c32tfhGm_t2n7ldi5cdnf0XZ3A7pBLlADRaD37BfrOmuJ2do5HhcLCgaUhRx9NIHS07XqH95qhCVLIPfFZlqnktc\">http:\/\/motokrossipisik.eu\/saalitrennid\/<\/a>, hannes@motokrossipisik.ee, telefon 5296556<\/p>\n<p><strong><span class=\"alignnone\" style=\"color: #ff6600;\"><span style=\"color: #993366;\"><span style=\"color: #000080;\"><span style=\"color: #0000ff;\">Neljap\u00e4ev, 14. detsember<\/span><br \/>\n<\/span><\/span><\/span><\/strong>kl 12.40 KL\u00a0<strong>Meisterdamine<\/strong>\u00a01. kl (Loovuslabor)<br \/>\n<span style=\"color: #000000;\">kl 13.45 KL\u00a0<strong>Meisterdamine<\/strong>\u00a03.-4. kl (Loovuslabor)<br \/>\nkl 14-16.20 KO,\u00a0<strong>Soololaul\/klaver<\/strong>\u00a0(juhendab Triin Kont-Kontson)<br \/>\nkl 14.45\u00a0KL\u00a0<strong>Tekstiili- ja disainiring<\/strong>\u00a05-6\u00a0kl (Loovuslabor)<strong><br \/>\n<\/strong>kl 17.00 AT,\u00a0<strong><span style=\"color: #ff0000;\"><strong>UUS!<\/strong>\u00a0<\/span><strong>Muraste kooli j\u00f5ulupidu\u00a0<\/strong><br \/>\n<\/strong>kl 18 K\u00fclaseltsi esindus osaleb\u00a0<strong>Nelja Valla Kogu \u00fcldkoosolekul<\/strong><br \/>\nkl 18.30 AT,\u00a0<strong>Nimetu\u00a0N\u00e4item\u00e4nguselts\u00a0<\/strong><span style=\"color: #808080;\"><em>(j\u00e4\u00e4b t\u00e4na \u00e4ra!)\u00a0<\/em><\/span><strong>\u00a0<\/strong>(juhendab \u00a0Anne Veesaar)<br \/>\nkl\u00a019.00\u00a0KL,\u00a0<strong>Inglise keele\u00a0kursus<\/strong><em>\u00a0(II grupp,\u00a0<\/em>algajatele ja uuesti alustajatele). \u00a0T\u00e4psem info marethein@gmail.com, tel 56575575.<br \/>\nkl 19\u00a0<strong>Tilgu h\u00fclged suplevad<\/strong>\u00a0Tilgu sadamas! Info: FB grupp Taliujumine Tilgus.<br \/>\nkl 19 SP,<strong>\u00a0Mudelistide lennutund\u00a0<\/strong>(juhendab Tiit T\u00f5nurist)<\/span><\/p>\n<p><span style=\"color: #ff6600;\"><span style=\"color: #0000ff;\"><strong>Reede,\u00a015 detsember<\/strong><\/span><span style=\"color: #3366ff;\"><span style=\"color: #008000;\"><span style=\"color: #993366;\"><br \/>\n<span style=\"color: #000000;\">kl 16 \u00f5ues, \u00a0<strong>Skaudiring<\/strong>, oodatud k\u00f5ik kooliealised lapsed. Kogunemine v\u00f5rkpalliplatsi juures.<br \/>\nkl 17 AT,\u00a0<strong><span style=\"color: #ff0000;\">UUS!<\/span>\u00a0Muraste kooli j\u00f5uupidu<\/strong><\/span><\/span><\/span><\/span><\/span><\/p>\n<p><strong><span style=\"color: #0000ff;\">Laup\u00e4ev, 16. detsember\u00a0<\/span><\/strong><br \/>\nkl 18 AT,<strong>\u00a0 filmi\u00f5htu lastele \u201c<strong><a href=\"https:\/\/www.youtube.com\/watch?v=qzLkLaTTpNE\" target=\"_blank\">J\u00f5uluvanade vahetus<\/a><\/strong>\u201d<br \/>\n<\/strong><em><span style=\"color: #808080;\"><strong>Taas<\/strong>\u00a0on tulemas vahva filmi\u00f5htu lastele. Muraste lastele teeb loo veelgi p\u00f5nevamaks see, et taas on saanud \u00fcks tegelane meie Muraste kooli poisi &#8211;\u00a0<strong>Thor Tobiase h\u00e4\u00e4le<\/strong>! Tulge vaadake ja kuulake, kas tunnete \u00e4ra!<\/span><\/em><br \/>\n<em><span style=\"color: #808080;\"><strong>Filmist:<\/strong>\u00a0Keegi ei armasta j\u00f5ule rohkem kui Andersen. Igal aastal teeb ta k\u00f5ik, et korraldada oma perele t\u00e4iuslikud j\u00f5ulup\u00fchad. Teadagi on selle \u00f5htu t\u00e4htsaim s\u00fcndmus j\u00f5uluvana k\u00fclask\u00e4ik, aga seekord ei l\u00e4he k\u00f5ik plaanip\u00e4raselt. Tuliuues j\u00f5ulumehe kost\u00fc\u00fcmis Anderson libiseb j\u00e4\u00e4l ning veereb k\u00f5igi oma kinkidega k\u00fcnkast alla, otse p\u00e4ris j\u00f5uluvanale s\u00fclle!\u00a0\u00a0<\/span><\/em><em><span style=\"color: #808080;\">Seepeale otsustavad mehed oma rollid \u00e4ra vahetada. J\u00f5uluvana pere pole kunagi varem n\u00e4inud t\u00f5elist puusseppa ja Anderseni perele kulub t\u00e4na v\u00e4ike j\u00f5uluime \u00e4ra, sest k\u00f5ik kingid on rikutud. Andersenil tuleb \u00fcles leida p\u00f5hjus, miks ta nii v\u00e4ga j\u00f5ule armastab, aga tema lapsed \u00fcritavad j\u00e4lle iga hinna eest t\u00f5estada, et j\u00f5uluvana pole p\u00e4riselt olemas.\u00a0<\/span><\/em><br \/>\n<em><span style=\"color: #808080;\">Pilet 4\u20ac t\u00e4iskasvanud \/ 3\u20ac lapsed<\/span><strong><br \/>\n<\/strong><\/em><\/p>\n<p><a href=\"https:\/\/muraste.ee\/vana\/wp-content\/uploads\/2016\/03\/Estinfilm_Jouluvanade-vahetus_670x250_sisuleht-1.jpg\" rel=\"attachment wp-att-4919\"><img decoding=\"async\" loading=\"lazy\" class=\"alignnone size-full wp-image-4919\" src=\"https:\/\/muraste.ee\/vana\/wp-content\/uploads\/2016\/03\/Estinfilm_Jouluvanade-vahetus_670x250_sisuleht-1.jpg\" alt=\"Estinfilm_Jouluvanade-vahetus_670x250_sisuleht (1)\" width=\"670\" height=\"250\" srcset=\"https:\/\/muraste.ee\/vana\/wp-content\/uploads\/2016\/03\/Estinfilm_Jouluvanade-vahetus_670x250_sisuleht-1.jpg 670w, https:\/\/muraste.ee\/vana\/wp-content\/uploads\/2016\/03\/Estinfilm_Jouluvanade-vahetus_670x250_sisuleht-1-300x112.jpg 300w, https:\/\/muraste.ee\/vana\/wp-content\/uploads\/2016\/03\/Estinfilm_Jouluvanade-vahetus_670x250_sisuleht-1-624x233.jpg 624w\" sizes=\"(max-width: 670px) 100vw, 670px\" \/><\/a><\/p>\n<p><strong><span style=\"color: #c4213a;\"><span style=\"color: #0000ff;\">P\u00fchap\u00e4ev, 17. detsember<\/span>\u00a0&#8211; 3.<\/span><\/strong><span style=\"color: #c4213a;\">\u00a0advent<\/span><span style=\"color: #c4213a;\"><br \/>\n<\/span><span style=\"color: #c4213a;\"><br \/>\n<strong><span style=\"color: #ff0000;\"><a href=\"https:\/\/muraste.ee\/vana\/wp-content\/uploads\/2016\/03\/taat5.jpg\" rel=\"attachment wp-att-4921\"><img decoding=\"async\" loading=\"lazy\" class=\"size-medium wp-image-4921 alignleft\" src=\"https:\/\/muraste.ee\/vana\/wp-content\/uploads\/2016\/03\/taat5-175x300.jpg\" alt=\"taat5\" width=\"175\" height=\"300\" srcset=\"https:\/\/muraste.ee\/vana\/wp-content\/uploads\/2016\/03\/taat5-175x300.jpg 175w, https:\/\/muraste.ee\/vana\/wp-content\/uploads\/2016\/03\/taat5.jpg 561w\" sizes=\"(max-width: 175px) 100vw, 175px\" \/><\/a>NAD ON LIIKVEL!\u00a0\u00a0<\/span><\/strong><br \/>\n<span style=\"color: #ff0000;\">Vajad kontakte? (\u00c4ra lastele \u00fctle!!!)<\/span><br \/>\n<span style=\"color: #ff0000;\">Jaanus &#8220;Batuudijuss&#8221; Laane &#8211; tel 5108490\u00a0<\/span><br \/>\n<span style=\"color: #ff0000;\">Erlis &#8220;v\u00e4ga muhe&#8221; Sch\u00f6nberg &#8211; tel 5655456<\/span><br \/>\n<\/span><\/p>\n<p><span style=\"color: #c4213a;\"><strong><span style=\"color: #0000ff;\">TULEKUL\u00a0<\/span><a href=\"https:\/\/muraste.ee\/vana\/wp-content\/uploads\/2016\/03\/hollywood.jpg\" rel=\"attachment wp-att-4628\"><img decoding=\"async\" loading=\"lazy\" class=\"size-medium wp-image-4628 alignright\" src=\"https:\/\/muraste.ee\/vana\/wp-content\/uploads\/2016\/03\/hollywood-208x300.jpg\" alt=\"hollywood\" width=\"208\" height=\"300\" srcset=\"https:\/\/muraste.ee\/vana\/wp-content\/uploads\/2016\/03\/hollywood-208x300.jpg 208w, https:\/\/muraste.ee\/vana\/wp-content\/uploads\/2016\/03\/hollywood.jpg 555w\" sizes=\"(max-width: 208px) 100vw, 208px\" \/><\/a><\/strong><\/span><\/p>\n<p>N, 21. dets kell 18 Fa\u00a0<strong>Stuudio j\u00f5ulukontsert &#8220;Viguriga j\u00f5ulud&#8221;<\/strong><br \/>\nR. 5. jaanuar\u00a0kell 18 filmi\u00f5htu lastele\u00a0 \u201c<strong><a href=\"https:\/\/www.youtube.com\/watch?v=mTW7z38AFs0\" target=\"_blank\">Kasper jaEmma l\u00e4hevad matkale<\/a><\/strong>\u201d<br \/>\nR, 12. jaanuar kell 19 filmi\u00f5htu\u00a0<strong><a href=\"https:\/\/www.youtube.com\/watch?v=feAm-hs1I88\" target=\"_blank\">&#8220;Igitee&#8221;\u00a0<\/a><\/strong><span style=\"color: #ff0000;\"><strong><br \/>\nUUS!<\/strong>\u00a0<\/span>Laup\u00e4eval. 20. jaanuaril kell 16 Muraste koolimaja aatriumis\u00a0 Kom\u00f6\u00f6diateater etendusega\u00a0<strong>&#8220;<a href=\"https:\/\/muraste.ee\/vana\/?p=4642\" target=\"_blank\">Hollywoody filmit\u00e4hed<\/a>&#8220;.<\/strong>\u00a0<strong>Osades Helgi Sallo ja Katrin Karisma.<\/strong>\u00a0Piletid eelm\u00fc\u00fcgist 15\u20ac, soodushind\u00a0seenioritele ja \u00f5pilastele 13\u20ac: Piletid saadaval Muraste kogukonnakeskuses (Lee tee 9, Muraste). Piletiinfo ja broneerimine\u00a0\u00a0<a href=\"mailto:kogukonnakeskus@muraste.ee\">kogukonnakeskus@muraste.ee<\/a>, tel 5253128. Loe lisa\u00a0<strong><a href=\"https:\/\/muraste.ee\/vana\/?p=4642\" target=\"_blank\">SIIT<\/a><\/strong><\/p>\n<p><span style=\"color: #ff0000;\"><strong>UUS!<\/strong>\u00a0<\/span>23. veebruaril Eesti Vabariigi 100. s\u00fcnnip\u00e4evale p\u00fchendatud\u00a0<strong>\u00f6\u00f6matk.<\/strong><br \/>\n<span style=\"color: #ff0000;\"><strong>UUS!<\/strong>\u00a0<\/span>8. m\u00e4rts kell 19 Muraste Nimetu N\u00e4item\u00e4nguselts etendusega<strong>\u00a0\u201cKaheksa armastavat naist\u201d<\/strong>\u00a0(esietendus)<\/p>\n<p><a href=\"https:\/\/muraste.ee\/vana\/wp-content\/uploads\/2016\/03\/revalia_muraste-jaanuar.jpg\" rel=\"attachment wp-att-4910\"><img decoding=\"async\" loading=\"lazy\" class=\"alignnone size-full wp-image-4910\" src=\"https:\/\/muraste.ee\/vana\/wp-content\/uploads\/2016\/03\/revalia_muraste-jaanuar.jpg\" alt=\"revalia_muraste jaanuar\" width=\"2480\" height=\"3507\" srcset=\"https:\/\/muraste.ee\/vana\/wp-content\/uploads\/2016\/03\/revalia_muraste-jaanuar.jpg 2480w, https:\/\/muraste.ee\/vana\/wp-content\/uploads\/2016\/03\/revalia_muraste-jaanuar-212x300.jpg 212w, https:\/\/muraste.ee\/vana\/wp-content\/uploads\/2016\/03\/revalia_muraste-jaanuar-768x1086.jpg 768w, https:\/\/muraste.ee\/vana\/wp-content\/uploads\/2016\/03\/revalia_muraste-jaanuar-724x1024.jpg 724w, https:\/\/muraste.ee\/vana\/wp-content\/uploads\/2016\/03\/revalia_muraste-jaanuar-624x882.jpg 624w\" sizes=\"(max-width: 2480px) 100vw, 2480px\" \/><\/a><\/p>\n<p><strong><span style=\"color: #0000ff;\"><a href=\"https:\/\/muraste.ee\/vana\/wp-content\/uploads\/2016\/03\/b3.jpg\" rel=\"attachment wp-att-4925\"><img decoding=\"async\" loading=\"lazy\" class=\"size-medium wp-image-4925 alignleft\" src=\"https:\/\/muraste.ee\/vana\/wp-content\/uploads\/2016\/03\/b3-300x168.jpg\" alt=\"b3\" width=\"300\" height=\"168\" srcset=\"https:\/\/muraste.ee\/vana\/wp-content\/uploads\/2016\/03\/b3.jpg 300w, https:\/\/muraste.ee\/vana\/wp-content\/uploads\/2016\/03\/b3-128x72.jpg 128w\" sizes=\"(max-width: 300px) 100vw, 300px\" \/><\/a>KODUL\u00c4HEDANE T\u00d6\u00d6PAKKUMINE!<\/span><\/strong><\/p>\n<p>Murastes elavad 3-aastane preili ja ta 4-kuune v\u00e4ikevend vajavad aeg-ajalt omale hoidjat. Kel on pisut vaba aega ja soov lisa teenida, helistavad Helisele tel 5383 2225. \u00c4sja Murastesse kolinud noor pere on juba ette t\u00e4nulik abi eest!<\/p>\n<p><span style=\"color: #c4213a;\"><strong>TEADETETAHVEL<\/strong><\/span><\/p>\n<\/div>\n<div class=\"entry-content\">\n<div class=\"_1mf _1mj\" data-offset-key=\"cki46-0-0\">\n<div class=\"_1mf _1mj\" data-offset-key=\"cki46-0-0\"><strong><span style=\"color: #339966;\"><img decoding=\"async\" loading=\"lazy\" class=\"size-medium wp-image-3740 alignright\" src=\"https:\/\/muraste.ee\/vana\/wp-content\/uploads\/2016\/03\/stend-300x224.jpg\" sizes=\"(max-width: 300px) 100vw, 300px\" srcset=\"https:\/\/muraste.ee\/vana\/wp-content\/uploads\/2016\/03\/stend-300x224.jpg 300w, https:\/\/muraste.ee\/vana\/wp-content\/uploads\/2016\/03\/stend-768x572.jpg 768w, https:\/\/muraste.ee\/vana\/wp-content\/uploads\/2016\/03\/stend-1024x763.jpg 1024w, https:\/\/muraste.ee\/vana\/wp-content\/uploads\/2016\/03\/stend-624x465.jpg 624w, https:\/\/muraste.ee\/vana\/wp-content\/uploads\/2016\/03\/stend.jpg 1300w\" alt=\"stend\" width=\"300\" height=\"224\" \/><\/span><\/strong><\/div>\n<div class=\"_1mf _1mj\" data-offset-key=\"cki46-0-0\"><\/div>\n<div class=\"_1mf _1mj\" data-offset-key=\"cki46-0-0\">\n<p><strong>Soovid avaldada oma reklaami<\/strong>\u00a0meie infokanalites? Juhised on\u00a0<strong>siin<\/strong>!<\/p>\n<\/div>\n<div class=\"_1mf _1mj\" data-offset-key=\"cki46-0-0\"><strong>Soovid kasutada<\/strong>\u00a0m\u00f5nd Muraste k\u00fclaseltsi poolt pakutavat<strong>\u00a0teenust<\/strong>? V\u00f5imalused on<strong>\u00a0siin!<\/strong><\/div>\n<div class=\"_1mf _1mj\" data-offset-key=\"cki46-0-0\"><\/div>\n<div class=\"_1mf _1mj\" data-offset-key=\"cki46-0-0\"><\/div>\n<p><strong>Teadmiseks:\u00a0<\/strong>Muraste igan\u00e4dalase e-infokirjaga liitumiseks saada sellekohane teade muraste@muraste.ee<br \/>\n<strong>Muraste kogukonnakeskus\u00a0<\/strong>(Lee tee 9, Muraste) avatud E-N 10-18, R 10-16.<br \/>\n<strong>T\u00e4psustused ja info:<\/strong>\u00a0kogukonnakeskus@muraste.ee;\u00a05253128 (Aule Kikas).<\/p>\n<\/div>\n<\/div>\n","protected":false},"excerpt":{"rendered":"<p>N\u00c4DAL\u00a050 MURASTES* 11.\u00a0&#8211; 17. detsember 2017\u00a0 Esmasp\u00e4ev, 11. detsember kl 14 AT, Tallinna Tantsuklubi \u201cMy Dance\u201d\u00a0showtants. \u00a0(www.mydance.ee) kl 14.40 KO,\u00a0Kandletund edasij\u00f5udnutele\u00a0(Fa Stuudio\/kool, fastuudio@gmail.com ) kl 15 SP, Judoklubi \u201cAitado\u201d\u00a0Judo\u00a0(alustajad ja uuesti alustajad). \u00a0(www.aitado.ee) kl 16.30 SP, Judoklubi \u201cAitado\u201d\u00a0Judo\u00a0(edasij\u00f5udnud). \u00a0(www.aitado.ee) kl 16-18 AT\u00a0UUS!\u00a0\u00a0Heategevuslik Muraste j\u00f5ululaat\u00a0\u00a0 kl 17.30 KO,\u00a0Kandleansambel LiuLi\u00a0 kl 19 AT.\u00a0Suurupi naiskoor Meretule Teisip\u00e4ev, 12.<a class=\"moretag\" href=\"https:\/\/muraste.ee\/vana\/?page_id=4930\"><br \/>&#8230;Loe edasi<\/a><\/p>\n","protected":false},"author":2,"featured_media":0,"parent":0,"menu_order":0,"comment_status":"closed","ping_status":"closed","template":"nadalakava.php","meta":{"_bbp_topic_count":0,"_bbp_reply_count":0,"_bbp_total_topic_count":0,"_bbp_total_reply_count":0,"_bbp_voice_count":0,"_bbp_anonymous_reply_count":0,"_bbp_topic_count_hidden":0,"_bbp_reply_count_hidden":0,"_bbp_forum_subforum_count":0,"_mc_calendar":[]},"_links":{"self":[{"href":"https:\/\/muraste.ee\/vana\/index.php?rest_route=\/wp\/v2\/pages\/4930"}],"collection":[{"href":"https:\/\/muraste.ee\/vana\/index.php?rest_route=\/wp\/v2\/pages"}],"about":[{"href":"https:\/\/muraste.ee\/vana\/index.php?rest_route=\/wp\/v2\/types\/page"}],"author":[{"embeddable":true,"href":"https:\/\/muraste.ee\/vana\/index.php?rest_route=\/wp\/v2\/users\/2"}],"replies":[{"embeddable":true,"href":"https:\/\/muraste.ee\/vana\/index.php?rest_route=%2Fwp%2Fv2%2Fcomments&post=4930"}],"version-history":[{"count":1,"href":"https:\/\/muraste.ee\/vana\/index.php?rest_route=\/wp\/v2\/pages\/4930\/revisions"}],"predecessor-version":[{"id":4932,"href":"https:\/\/muraste.ee\/vana\/index.php?rest_route=\/wp\/v2\/pages\/4930\/revisions\/4932"}],"wp:attachment":[{"href":"https:\/\/muraste.ee\/vana\/index.php?rest_route=%2Fwp%2Fv2%2Fmedia&parent=4930"}],"curies":[{"name":"wp","href":"https:\/\/api.w.org\/{rel}","templated":true}]}}