{"id":5046,"date":"2018-01-07T13:05:03","date_gmt":"2018-01-07T11:05:03","guid":{"rendered":"https:\/\/muraste.ee\/vana\/?page_id=5046"},"modified":"2018-01-07T13:05:03","modified_gmt":"2018-01-07T11:05:03","slug":"nadal-1-3","status":"publish","type":"page","link":"https:\/\/muraste.ee\/vana\/?page_id=5046","title":{"rendered":"N\u00e4dal 1"},"content":{"rendered":"<h1 class=\"entry-title\" style=\"text-align: center;\"><span style=\"color: #800000;\"><strong><span style=\"color: #99cc00;\">N\u00c4DAL\u00a01 MURASTES*<\/span><br \/>\n<span style=\"color: #99cc00;\">1.-7. jaanuar\u00a02018\u00a0<\/span><\/strong><\/span><\/h1>\n<div class=\"entry-content\" style=\"text-align: left;\">\n<p><strong><span style=\"color: #99cc00;\">Esmasp\u00e4ev,\u00a01. jaanuar<\/span><br \/>\n<\/strong><strong>Armas Muraste rahvas ning meie s\u00f5brad l\u00e4hedal ja kaugel!\u00a0<span style=\"color: #ff0000;\">Head uut aastat k\u00f5igile!<\/span>\u00a0Tulgu Eestimaa alanud juubeliaasta meile k\u00f5igile parem kui kunagi varem! Hoiame oma kodukanti ja oma inimesi, oleme r\u00f5\u00f5msad ja optimistlikud!<\/strong><\/p>\n<p><span style=\"color: #99cc00;\"><strong>Teisip\u00e4ev, 2. jaanuar<\/strong><\/span><br \/>\nkl 18.30 KL,\u00a0<strong>Inglise keele kursus\u00a0 (<\/strong><em>I grupp, algteadmisi omajatel on v\u00f5imalus liituda ka juba t\u00f6\u00f6tava grupiga).<\/em>\u00a0K\u00fcsi lisa juhendajalt tel 56575575.<br \/>\nkl 19 SP,\u00a0<strong>V\u00f5rkpall\u00a0<\/strong><em>(naised\/mehed)- oodatud on k\u00f5ik v\u00f5rkpallihuvilised!;<br \/>\n<\/em>kl 19 KL,\u00a0\u00a0<strong><span style=\"color: #0000ff;\"><a style=\"color: #0000ff;\" href=\"https:\/\/muraste.ee\/vana\/?p=4470\" target=\"_blank\">Kunda<\/a><a style=\"color: #0000ff;\" href=\"https:\/\/muraste.ee\/vana\/?p=4470\" target=\"_blank\">lini jooga\u00a0<\/a><\/span><\/strong><span style=\"color: #0000ff;\"><span style=\"color: #000000;\"><a style=\"color: #000000;\" href=\"mailto:info@lahetervis.ee\">info@lahetervis.ee<\/a><\/span><\/span><strong><span style=\"color: #0000ff;\">,<\/span><\/strong>\u00a0tel.56903049,<br \/>\nkl 19\u00a0<strong>Tilgu h\u00fclged suplevad<\/strong>\u00a0Tilgu sadamas! Info: FB grupp Taliujumine Tilgus.<\/p>\n<p><strong><span style=\"color: #99cc00;\">Kolmap\u00e4ev, 3. jaanuar<\/span><\/strong><br \/>\n<a href=\"https:\/\/muraste.ee\/vana\/wp-content\/uploads\/2016\/03\/ykt.jpg\" rel=\"attachment wp-att-4902\"><img decoding=\"async\" loading=\"lazy\" class=\"size-medium wp-image-4902 alignright\" src=\"https:\/\/muraste.ee\/vana\/wp-content\/uploads\/2016\/03\/ykt-300x251.jpg\" alt=\"ykt\" width=\"300\" height=\"251\" srcset=\"https:\/\/muraste.ee\/vana\/wp-content\/uploads\/2016\/03\/ykt-300x251.jpg 300w, https:\/\/muraste.ee\/vana\/wp-content\/uploads\/2016\/03\/ykt-768x644.jpg 768w, https:\/\/muraste.ee\/vana\/wp-content\/uploads\/2016\/03\/ykt-624x523.jpg 624w, https:\/\/muraste.ee\/vana\/wp-content\/uploads\/2016\/03\/ykt.jpg 940w\" sizes=\"(max-width: 300px) 100vw, 300px\" \/><\/a>kl 18.30 KL,\u00a0<strong>Line-tants.<\/strong>\u00a0Tulge k\u00f5ik ja saage osa elur\u00f5\u00f5must! Info kristin@huviline.ee<\/p>\n<p>kl 19.15-20.15\u00a0<strong>\u00dcLDKEHALISE<br \/>\nETTEVALMISTUSE\u00a0\u00a0TREENING!\u00a0<\/strong>Hiljuti alustas\u00a0Motokrossipisik laste saalitrennidega Muraste spordisaalis. \u00dcKE ehk \u00fcldkehalise ettevalmistuse treeningud on mitmek\u00fclgsed ning kogu keha arendavad. Treeningutes parandavad lapsed oma koordinatsiooni, painduvust ning tasakaalu, mis tuleb kasuks nii motokrossihuvilistele kui ka k\u00f5igile teistele. Vajalikud sise-spordijalatsid.\u00a0Kuutasu 20 \u20ac.\u00a0<strong>K\u00d5IK SPORDIS\u00d5BRAD ON OODATUD!<\/strong>\u00a0Lisainfo:\u00a0<a href=\"http:\/\/motokrossipisik.eu\/saalitrennid\/\" target=\"_blank\" rel=\"noopener nofollow\" data-ft=\"{&quot;tn&quot;:&quot;-U&quot;}\" data-lynx-mode=\"async\" data-lynx-uri=\"https:\/\/l.facebook.com\/l.php?u=http%3A%2F%2Fmotokrossipisik.eu%2Fsaalitrennid%2F&amp;h=ATMtTHYPByHFd3Ejb-M_bw3_McwWuVo6SD2thhdIQy0F3YVpA_h8WkckKLGErB5uFSUlktLr926FwJ0TEtQ-jB1FBraRjZFjM3beY2s_WKOJD6YfrxE6Mt1hjwfw9ksYAGjgdHZC18BIeDnAuwSsYczTILfnnMLOzQF24cH3R6VS26raqEtS2BUg7_WQqbEtEpxp1xS_pyotI8RQyh4c32tfhGm_t2n7ldi5cdnf0XZ3A7pBLlADRaD37BfrOmuJ2do5HhcLCgaUhRx9NIHS07XqH95qhCVLIPfFZlqnktc\">http:\/\/motokrossipisik.eu\/saalitrennid\/<\/a>, hannes@motokrossipisik.ee, telefon 5296556<\/p>\n<p><strong><span style=\"color: #99cc00;\">Neljap\u00e4eva, 4. jaanuar<\/span><\/strong><br \/>\nkl 19\u00a0<strong>Tilgu h\u00fclged suplevad<\/strong>\u00a0Tilgu sadamas! Info: FB grupp Taliujumine Tilgus.<br \/>\nkl\u00a019.00\u00a0KL,\u00a0<strong>Inglise keele\u00a0kursus<\/strong><em>\u00a0(II grupp,\u00a0<\/em>algajatele ja uuesti alustajatele). \u00a0T\u00e4psem info marethein@gmail.com, tel 56575575.<\/p>\n<p><span style=\"color: #ff6600;\"><strong><span style=\"color: #99cc00;\">Reede, 5. jaanuar<\/span><br \/>\n<\/strong><span style=\"color: #000000;\">kl 18 filmi\u00f5htu lastele\u00a0 \u201c<\/span><strong><strong><a href=\"https:\/\/www.youtube.com\/watch?v=mTW7z38AFs0\" target=\"_blank\">Kasper jaEmma l\u00e4hevad matkale<\/a><\/strong>\u201d<\/strong><\/span><\/p>\n<p><strong><span style=\"color: #99cc00;\">P\u00fchap\u00e4ev, 7. jaanuar<\/span><\/strong><br \/>\nkl 16\u00a0<strong><span style=\"color: #ff0000;\">L\u00e4hme k\u00fclla!<\/span><\/strong>\u00a0V\u00e4\u00e4na m\u00f5isas kaunis\u00a0<strong>m\u00f5isakontsert<\/strong>!<br \/>\n<a href=\"https:\/\/muraste.ee\/vana\/wp-content\/uploads\/2016\/03\/v\u00e4\u00e4nakontsert.jpg\" rel=\"attachment wp-att-5040\"><img decoding=\"async\" loading=\"lazy\" class=\"alignnone size-full wp-image-5040\" src=\"https:\/\/muraste.ee\/vana\/wp-content\/uploads\/2016\/03\/v\u00e4\u00e4nakontsert.jpg\" alt=\"v\u00e4\u00e4nakontsert\" width=\"679\" height=\"960\" srcset=\"https:\/\/muraste.ee\/vana\/wp-content\/uploads\/2016\/03\/v\u00e4\u00e4nakontsert.jpg 679w, https:\/\/muraste.ee\/vana\/wp-content\/uploads\/2016\/03\/v\u00e4\u00e4nakontsert-212x300.jpg 212w, https:\/\/muraste.ee\/vana\/wp-content\/uploads\/2016\/03\/v\u00e4\u00e4nakontsert-624x882.jpg 624w\" sizes=\"(max-width: 679px) 100vw, 679px\" \/><\/a><\/p>\n<p><em><a href=\"https:\/\/muraste.ee\/vana\/wp-content\/uploads\/2016\/03\/EV100koned-fondiga-final851x315.jpg\" rel=\"attachment wp-att-5034\"><img decoding=\"async\" loading=\"lazy\" class=\"size-medium wp-image-5034 alignleft\" src=\"https:\/\/muraste.ee\/vana\/wp-content\/uploads\/2016\/03\/EV100koned-fondiga-final851x315-300x111.jpg\" alt=\"EV100koned-fondiga-final851x315\" width=\"300\" height=\"111\" srcset=\"https:\/\/muraste.ee\/vana\/wp-content\/uploads\/2016\/03\/EV100koned-fondiga-final851x315-300x111.jpg 300w, https:\/\/muraste.ee\/vana\/wp-content\/uploads\/2016\/03\/EV100koned-fondiga-final851x315-768x284.jpg 768w, https:\/\/muraste.ee\/vana\/wp-content\/uploads\/2016\/03\/EV100koned-fondiga-final851x315-624x231.jpg 624w, https:\/\/muraste.ee\/vana\/wp-content\/uploads\/2016\/03\/EV100koned-fondiga-final851x315.jpg 851w\" sizes=\"(max-width: 300px) 100vw, 300px\" \/><\/a><strong>Eesti Vabariigi Presidendi v\u00e4ljakutse 10.- 12. klassis \u00f5ppivatele noortele:\u00a0<span style=\"color: #3366ff;\">Kirjuta Eestile!<\/span><\/strong><br \/>\n&#8220;M\u00f5tle ja kirjuta mida t\u00e4hendavad sinu jaoks meie maa ja meie inimesed ja mida peab \u00fcks 100-aastane riik kalliks pidama, et h\u00e4sti ja \u00f5nnelikult edasi kesta? Milline on see riik, kui me t\u00e4histame s\u00fcnnip\u00e4eva 50 v\u00f5i 100 aasta p\u00e4rast? See v\u00f5ib olla #iluk\u00f5ne v\u00f5i #eluk\u00f5ne v\u00f5i hoopiski #murek\u00f5ne, paberil, videos, luule- v\u00f5i r\u00e4pivormis. Tehke seda kambakesi v\u00f5i kirjuta s\u00fcdamelt \u00e4ra \u00fcksinda. Peaasi, et saad videos hakkama kuni viie minutiga v\u00f5i paned k\u00f5ne kirja kuni 5000 t\u00e4hem\u00e4rgiga ja eesti keeles.&#8221;\u00a0\u00a0<\/em>Rohkem loe<span style=\"color: #ff0000;\"><strong>\u00a0<a style=\"color: #ff0000;\" href=\"https:\/\/www.president.ee\/et\/kirjuta-eestile\/\" target=\"_blank\">SIIT<\/a>:<\/strong><\/span><\/p>\n<p><span style=\"color: #c4213a;\"><strong><span style=\"color: #99cc00;\">PEATSELT TULEKUL\u00a0<\/span><a href=\"https:\/\/muraste.ee\/vana\/wp-content\/uploads\/2016\/03\/hollywood.jpg\" rel=\"attachment wp-att-4628\"><img decoding=\"async\" loading=\"lazy\" class=\"size-medium wp-image-4628 alignright\" src=\"https:\/\/muraste.ee\/vana\/wp-content\/uploads\/2016\/03\/hollywood-208x300.jpg\" alt=\"hollywood\" width=\"208\" height=\"300\" srcset=\"https:\/\/muraste.ee\/vana\/wp-content\/uploads\/2016\/03\/hollywood-208x300.jpg 208w, https:\/\/muraste.ee\/vana\/wp-content\/uploads\/2016\/03\/hollywood.jpg 555w\" sizes=\"(max-width: 208px) 100vw, 208px\" \/><\/a><\/strong><\/span><\/p>\n<p>R, 12. jaanuar kell 19 filmi\u00f5htu\u00a0<strong><a href=\"https:\/\/www.youtube.com\/watch?v=feAm-hs1I88\" target=\"_blank\">&#8220;Igitee&#8221;\u00a0<\/a><\/strong><\/p>\n<p><strong><span style=\"color: #ff0000;\">UUS!<\/span>\u00a0<\/strong>Laup\u00e4eval. 20. jaanuaril kell 16 Muraste koolimaja aatriumis\u00a0 Kom\u00f6\u00f6diateater etendusega\u00a0<strong>&#8220;<a href=\"https:\/\/muraste.ee\/vana\/?p=4642\" target=\"_blank\">Hollywoody filmit\u00e4hed<\/a>&#8220;.<\/strong>\u00a0<strong>Osades Helgi Sallo ja Katrin Karisma.<\/strong>\u00a0Piletid eelm\u00fc\u00fcgist 15\u20ac, soodushind\u00a0seenioritele ja \u00f5pilastele 13\u20ac: Piletid saadaval Muraste kogukonnakeskuses (Lee tee 9, Muraste). Piletiinfo ja broneerimine\u00a0\u00a0<a href=\"mailto:kogukonnakeskus@muraste.ee\">kogukonnakeskus@muraste.ee<\/a>, tel 5253128. Loe lisa\u00a0<strong><a href=\"https:\/\/muraste.ee\/vana\/?p=4642\" target=\"_blank\">SIIT<\/a><\/strong><\/p>\n<p><span style=\"color: #ff0000;\"><strong>UUS!<\/strong>\u00a0<\/span>23. veebruaril Eesti Vabariigi 100. s\u00fcnnip\u00e4evale p\u00fchendatud\u00a0<strong>\u00f6\u00f6matk.<\/strong><br \/>\n<span style=\"color: #ff0000;\"><strong>UUS!<\/strong>\u00a0<\/span>8. m\u00e4rts kell 19 Muraste Nimetu N\u00e4item\u00e4nguselts etendusega<strong>\u00a0\u201cKaheksa armastavat naist\u201d<\/strong>\u00a0(esietendus)<\/p>\n<p><a href=\"https:\/\/muraste.ee\/vana\/wp-content\/uploads\/2016\/03\/revalia_muraste-jaanuar.jpg\" rel=\"attachment wp-att-4910\"><img decoding=\"async\" loading=\"lazy\" class=\"alignnone size-full wp-image-4910\" src=\"https:\/\/muraste.ee\/vana\/wp-content\/uploads\/2016\/03\/revalia_muraste-jaanuar.jpg\" alt=\"revalia_muraste jaanuar\" width=\"2480\" height=\"3507\" srcset=\"https:\/\/muraste.ee\/vana\/wp-content\/uploads\/2016\/03\/revalia_muraste-jaanuar.jpg 2480w, https:\/\/muraste.ee\/vana\/wp-content\/uploads\/2016\/03\/revalia_muraste-jaanuar-212x300.jpg 212w, https:\/\/muraste.ee\/vana\/wp-content\/uploads\/2016\/03\/revalia_muraste-jaanuar-768x1086.jpg 768w, https:\/\/muraste.ee\/vana\/wp-content\/uploads\/2016\/03\/revalia_muraste-jaanuar-724x1024.jpg 724w, https:\/\/muraste.ee\/vana\/wp-content\/uploads\/2016\/03\/revalia_muraste-jaanuar-624x882.jpg 624w\" sizes=\"(max-width: 2480px) 100vw, 2480px\" \/><\/a><\/p>\n<p><strong><span style=\"color: #0000ff;\"><a href=\"https:\/\/muraste.ee\/vana\/wp-content\/uploads\/2016\/03\/b3.jpg\" rel=\"attachment wp-att-4925\"><img decoding=\"async\" loading=\"lazy\" class=\"size-medium wp-image-4925 alignleft\" src=\"https:\/\/muraste.ee\/vana\/wp-content\/uploads\/2016\/03\/b3-300x168.jpg\" alt=\"b3\" width=\"300\" height=\"168\" srcset=\"https:\/\/muraste.ee\/vana\/wp-content\/uploads\/2016\/03\/b3.jpg 300w, https:\/\/muraste.ee\/vana\/wp-content\/uploads\/2016\/03\/b3-128x72.jpg 128w\" sizes=\"(max-width: 300px) 100vw, 300px\" \/><\/a>KODUL\u00c4HEDANE T\u00d6\u00d6PAKKUMINE!<\/span><\/strong><\/p>\n<p>Murastes elavad 3-aastane preili ja ta 4-kuune v\u00e4ikevend vajavad aeg-ajalt omale hoidjat. Kel on pisut vaba aega ja soov lisa teenida, helistavad Helisele tel 5383 2225. \u00c4sja Murastesse kolinud noor pere on juba ette t\u00e4nulik abi eest!<\/p>\n<p><span style=\"color: #800000;\"><strong>TEADETETAHVEL<\/strong><\/span><\/p>\n<\/div>\n<div class=\"entry-content\">\n<div class=\"_1mf _1mj\" data-offset-key=\"cki46-0-0\">\n<div class=\"_1mf _1mj\" data-offset-key=\"cki46-0-0\"><strong><span style=\"color: #339966;\"><img decoding=\"async\" loading=\"lazy\" class=\"size-medium wp-image-3740 alignright\" src=\"https:\/\/muraste.ee\/vana\/wp-content\/uploads\/2016\/03\/stend-300x224.jpg\" sizes=\"(max-width: 300px) 100vw, 300px\" srcset=\"https:\/\/muraste.ee\/vana\/wp-content\/uploads\/2016\/03\/stend-300x224.jpg 300w, https:\/\/muraste.ee\/vana\/wp-content\/uploads\/2016\/03\/stend-768x572.jpg 768w, https:\/\/muraste.ee\/vana\/wp-content\/uploads\/2016\/03\/stend-1024x763.jpg 1024w, https:\/\/muraste.ee\/vana\/wp-content\/uploads\/2016\/03\/stend-624x465.jpg 624w, https:\/\/muraste.ee\/vana\/wp-content\/uploads\/2016\/03\/stend.jpg 1300w\" alt=\"stend\" width=\"300\" height=\"224\" \/><\/span><\/strong><\/div>\n<div class=\"_1mf _1mj\" data-offset-key=\"cki46-0-0\"><\/div>\n<div class=\"_1mf _1mj\" data-offset-key=\"cki46-0-0\">\n<p><strong>Soovid avaldada oma reklaami<\/strong>\u00a0meie infokanalites? Juhised on\u00a0<strong>siin<\/strong>!<\/p>\n<\/div>\n<div class=\"_1mf _1mj\" data-offset-key=\"cki46-0-0\"><strong>Soovid kasutada<\/strong>\u00a0m\u00f5nd Muraste k\u00fclaseltsi poolt pakutavat<strong>\u00a0teenust<\/strong>? V\u00f5imalused on<strong>\u00a0siin!<\/strong><\/div>\n<div class=\"_1mf _1mj\" data-offset-key=\"cki46-0-0\"><\/div>\n<div class=\"_1mf _1mj\" data-offset-key=\"cki46-0-0\"><\/div>\n<p><strong>Teadmiseks:\u00a0<\/strong>Muraste igan\u00e4dalase e-infokirjaga liitumiseks saada sellekohane teade muraste@muraste.ee<br \/>\n<strong>Muraste kogukonnakeskus\u00a0<\/strong>(Lee tee 9, Muraste) avatud E-N 10-18, R 10-16.<br \/>\n<strong>T\u00e4psustused ja info:<\/strong>\u00a0kogukonnakeskus@muraste.ee;\u00a05253128 (Aule Kikas).<\/p>\n<\/div>\n<\/div>\n","protected":false},"excerpt":{"rendered":"<p>N\u00c4DAL\u00a01 MURASTES* 1.-7. jaanuar\u00a02018\u00a0 Esmasp\u00e4ev,\u00a01. jaanuar Armas Muraste rahvas ning meie s\u00f5brad l\u00e4hedal ja kaugel!\u00a0Head uut aastat k\u00f5igile!\u00a0Tulgu Eestimaa alanud juubeliaasta meile k\u00f5igile parem kui kunagi varem! Hoiame oma kodukanti ja oma inimesi, oleme r\u00f5\u00f5msad ja optimistlikud! Teisip\u00e4ev, 2. jaanuar kl 18.30 KL,\u00a0Inglise keele kursus\u00a0 (I grupp, algteadmisi omajatel on v\u00f5imalus liituda ka juba t\u00f6\u00f6tava<a class=\"moretag\" href=\"https:\/\/muraste.ee\/vana\/?page_id=5046\"><br \/>&#8230;Loe edasi<\/a><\/p>\n","protected":false},"author":2,"featured_media":0,"parent":0,"menu_order":0,"comment_status":"closed","ping_status":"closed","template":"","meta":{"_bbp_topic_count":0,"_bbp_reply_count":0,"_bbp_total_topic_count":0,"_bbp_total_reply_count":0,"_bbp_voice_count":0,"_bbp_anonymous_reply_count":0,"_bbp_topic_count_hidden":0,"_bbp_reply_count_hidden":0,"_bbp_forum_subforum_count":0,"_mc_calendar":[]},"_links":{"self":[{"href":"https:\/\/muraste.ee\/vana\/index.php?rest_route=\/wp\/v2\/pages\/5046"}],"collection":[{"href":"https:\/\/muraste.ee\/vana\/index.php?rest_route=\/wp\/v2\/pages"}],"about":[{"href":"https:\/\/muraste.ee\/vana\/index.php?rest_route=\/wp\/v2\/types\/page"}],"author":[{"embeddable":true,"href":"https:\/\/muraste.ee\/vana\/index.php?rest_route=\/wp\/v2\/users\/2"}],"replies":[{"embeddable":true,"href":"https:\/\/muraste.ee\/vana\/index.php?rest_route=%2Fwp%2Fv2%2Fcomments&post=5046"}],"version-history":[{"count":1,"href":"https:\/\/muraste.ee\/vana\/index.php?rest_route=\/wp\/v2\/pages\/5046\/revisions"}],"predecessor-version":[{"id":5048,"href":"https:\/\/muraste.ee\/vana\/index.php?rest_route=\/wp\/v2\/pages\/5046\/revisions\/5048"}],"wp:attachment":[{"href":"https:\/\/muraste.ee\/vana\/index.php?rest_route=%2Fwp%2Fv2%2Fmedia&parent=5046"}],"curies":[{"name":"wp","href":"https:\/\/api.w.org\/{rel}","templated":true}]}}