{"id":5089,"date":"2018-01-13T15:18:02","date_gmt":"2018-01-13T13:18:02","guid":{"rendered":"https:\/\/muraste.ee\/vana\/?page_id=5089"},"modified":"2018-01-13T15:18:02","modified_gmt":"2018-01-13T13:18:02","slug":"nadal-2-4","status":"publish","type":"page","link":"https:\/\/muraste.ee\/vana\/?page_id=5089","title":{"rendered":"N\u00e4dal 2"},"content":{"rendered":"<h1 class=\"entry-title\" style=\"text-align: center;\"><span style=\"color: #800000;\"><strong>N\u00c4DAL\u00a02 MURASTES*<br \/>\n8.-14. jaanuar\u00a02018\u00a0<\/strong><\/span><\/h1>\n<div class=\"entry-content\" style=\"text-align: left;\">\n<p><span style=\"color: #808080;\"><em>* AT- koolimaja aatrium, SP- spordihoone; KO-kogukonnakeskus; \u00a0 KL- klassiruum;\u00a0<\/em><\/span><strong><span style=\"color: #800000;\"><em><br \/>\n<\/em><br \/>\nEsmasp\u00e4ev, 8. jaanuar<\/span><br \/>\n<\/strong>kl 14 AT, Tallinna Tantsuklubi \u201cMy Dance\u201d\u00a0<strong>showtants<\/strong>. \u00a0(www.mydance.ee)<br \/>\nkl 14.40 KO,\u00a0K<strong>andletund<\/strong>\u00a0edasij\u00f5udnutele\u00a0(Fa Stuudio\/kool, fastuudio@gmail.com )<br \/>\nkl 15 SP, Judoklubi \u201cAitado\u201d\u00a0<strong>Judo<\/strong>\u00a0(alustajad ja uuesti alustajad). \u00a0(www.aitado.ee)<br \/>\nkl 16.30 SP, Judoklubi \u201cAitado\u201d\u00a0<strong>Judo<\/strong>\u00a0(edasij\u00f5udnud). \u00a0(www.aitado.ee)<br \/>\nkl 17.30 KO,\u00a0Kandleansambel\u00a0<strong>LiuLi\u00a0<\/strong>proov.<strong>\u00a0<\/strong><br \/>\nkl 19 AT.\u00a0Suurupi naiskoor\u00a0<strong>Meretule<\/strong><\/p>\n<p><span style=\"color: #800000;\"><strong>Teisip\u00e4ev, 9. jaanuar<\/strong><\/span><br \/>\nkl 14.40-15.25 KO,\u00a0<strong>Fa Stuudio \u00a0fl\u00f6\u00f6diring<\/strong>\u00a0edasij\u00f5udnutele. \u00a0(fastuudio@gmail.com v\u00f5i tel 5160031)<br \/>\nkl 15.30-18.00 KO,\u00a0<strong>Soololaul \/ klaver<\/strong>\u00a0(juhendab Triin Kont-Kontson)<br \/>\nkl 16-18.30 KL, Lahe Huvikooli\u00a0<strong>eelkool<\/strong>\u00a0\u00a0(www.lahehuvikool.ee)<br \/>\nkl 17 KL,\u00a0<strong>Puut\u00f6\u00f6ring<\/strong>\u00a0I grupp, juhendab Argo Aruvald.\u00a0<strong>NB!<\/strong>\u00a0J\u00e4tkub alates 16. jaanuarist!<br \/>\nkl 18 KL,\u00a0<strong>Puut\u00f6\u00f6ring<\/strong>\u00a0II grupp juhendab Argo Aruvald.\u00a0<strong>NB!<\/strong>\u00a0J\u00e4tkub alates 16. jaanuarist!<br \/>\nkl 18\u00a0<strong>Raadioring<\/strong>. Juhendab Vytautas Martinonis.\u00a0<strong>NB!<\/strong>\u00a0J\u00e4tkub alates 16. jaanuarist!<br \/>\nkl 18.30 KL,\u00a0<strong>Inglise keele kursus\u00a0 (<\/strong><em>I grupp, algteadmisi omajatel on v\u00f5imalus liituda ka juba t\u00f6\u00f6tava grupiga).<\/em>\u00a0K\u00fcsi lisa juhendajalt tel 56575575.<br \/>\nkl 18 KO,\u00a0<strong>Inglise keele vestlusring,\u00a0<\/strong>juhendab James Gill<br \/>\nkl 18 KL,\u00a0<strong>Mudelismiring<\/strong>\u00a0(juhendab Andres Madissoo)<br \/>\nkl 19 SP,\u00a0<strong>V\u00f5rkpall\u00a0<\/strong><em>(naised\/mehed)- oodatud on k\u00f5ik v\u00f5rkpallihuvilised!;<br \/>\n<\/em>kl 19 KL,\u00a0\u00a0<strong><a href=\"https:\/\/muraste.ee\/vana\/?p=4470\" target=\"_blank\">Kunda<\/a><a href=\"https:\/\/muraste.ee\/vana\/?p=4470\" target=\"_blank\">lini jooga\u00a0<\/a><\/strong><a href=\"mailto:info@lahetervis.ee\">info@lahetervis.ee<\/a><strong>,<\/strong>\u00a0tel.56903049,<br \/>\nkl 19\u00a0<strong>Tilgu h\u00fclged suplevad<\/strong>\u00a0Tilgu sadamas! Info: FB grupp Taliujumine Tilgus.<br \/>\nkl 19.45 AT,\u00a0<strong>Seltskonnatantsude harjutustund<\/strong>\u2013 v\u00f5imalus \u00f5pitut kinnistada ja toredas seltskonnas jalga keerutada.<\/p>\n<p><span style=\"color: #800000;\"><strong>Kolmap\u00e4ev,\u00a010. jaanuar<\/strong><\/span><br \/>\nkl 13.45 KL,\u00a0<strong>Kitarriring<\/strong>\u00a0(I grupp) (Ain Varts, www.huviringid.ee)<br \/>\nkl 13.45 KL,\u00a0<strong>Kitarriring<\/strong>\u00a0(II grupp) (Ain Varts, www.huviringid.ee )<br \/>\nkl 15.30 KL,\u00a0<strong>Malering<\/strong>\u00a0(Jaan Urgas,\u00a0www.huviringid.ee)<br \/>\nkl 14 AT, Tallinna Tantsuklubi \u201cMy Dance\u201d\u00a0<strong>showtants<\/strong>. \u00a0(www.mydance.ee)<br \/>\nkl 14.45 KL,\u00a0<strong>Noortejooga<\/strong>\u00a0alates 3. kl<br \/>\nkl 14.40 KO,\u00a0<strong>Kandletund algajatele<\/strong>\u00a0I grupp (Fa Stuudio\/kool)<br \/>\nkl 15.45 KO,\u00a0<strong>Beebide-p\u00f5nnide muusikaring<\/strong>\u00a0(fastuudio@gmail.com v\u00f5i tel 5160031)<br \/>\nkl 16.15 SP, Judoklubi \u201cAitado\u201d\u00a0<strong>Judo\u00a0(<\/strong>alustajad ja uuesti alustajad). \u00a0(www.aitado.ee)<br \/>\nkl 17.45 SP, Judoklubi \u201cAitado\u201d\u00a0<strong>Judo<\/strong>\u00a0(edasij\u00f5udnud). \u00a0(www.aitado.ee)<br \/>\nkl 18\u00a0KO,\u00a0<strong><span style=\"color: #ff0000;\">UUS!\u00a0<\/span>Kursus \u201cPraktiline lilleseade\u201d<\/strong>. T\u00e4psemalt loe\u00a0<strong><a href=\"https:\/\/muraste.ee\/vana\/?p=4561\">SIIT<\/a><\/strong>!<br \/>\nkl 18.30 AT,\u00a0<strong>Line-tants.<\/strong>\u00a0Tulge k\u00f5ik ja saage osa elur\u00f5\u00f5must!<br \/>\nInfo kristin@huviline.ee<a href=\"https:\/\/muraste.ee\/vana\/wp-content\/uploads\/2016\/03\/ykt.jpg\" rel=\"attachment wp-att-4902\"><img decoding=\"async\" loading=\"lazy\" class=\"size-medium wp-image-4902 alignright\" src=\"https:\/\/muraste.ee\/vana\/wp-content\/uploads\/2016\/03\/ykt-300x251.jpg\" alt=\"ykt\" width=\"300\" height=\"251\" srcset=\"https:\/\/muraste.ee\/vana\/wp-content\/uploads\/2016\/03\/ykt-300x251.jpg 300w, https:\/\/muraste.ee\/vana\/wp-content\/uploads\/2016\/03\/ykt-768x644.jpg 768w, https:\/\/muraste.ee\/vana\/wp-content\/uploads\/2016\/03\/ykt-624x523.jpg 624w, https:\/\/muraste.ee\/vana\/wp-content\/uploads\/2016\/03\/ykt.jpg 940w\" sizes=\"(max-width: 300px) 100vw, 300px\" \/><\/a><\/p>\n<p>kl 19.15-20.15\u00a0<strong>\u00dcLDKEHALISE<br \/>\nETTEVALMISTUSE\u00a0\u00a0TREENING!\u00a0<\/strong>Hiljuti alustas\u00a0Motokrossipisik laste saalitrennidega Muraste spordisaalis. \u00dcKE ehk \u00fcldkehalise ettevalmistuse treeningud on mitmek\u00fclgsed ning kogu keha arendavad. Treeningutes parandavad lapsed oma koordinatsiooni, painduvust ning tasakaalu, mis tuleb kasuks nii motokrossihuvilistele kui ka k\u00f5igile teistele. Vajalikud sise-spordijalatsid.\u00a0Kuutasu 20 \u20ac.\u00a0<strong>K\u00d5IK SPORDIS\u00d5BRAD ON OODATUD!<\/strong>\u00a0Lisainfo:\u00a0<a href=\"http:\/\/motokrossipisik.eu\/saalitrennid\/\" target=\"_blank\" rel=\"noopener nofollow\" data-ft=\"{&quot;tn&quot;:&quot;-U&quot;}\" data-lynx-mode=\"async\" data-lynx-uri=\"https:\/\/l.facebook.com\/l.php?u=http%3A%2F%2Fmotokrossipisik.eu%2Fsaalitrennid%2F&amp;h=ATMtTHYPByHFd3Ejb-M_bw3_McwWuVo6SD2thhdIQy0F3YVpA_h8WkckKLGErB5uFSUlktLr926FwJ0TEtQ-jB1FBraRjZFjM3beY2s_WKOJD6YfrxE6Mt1hjwfw9ksYAGjgdHZC18BIeDnAuwSsYczTILfnnMLOzQF24cH3R6VS26raqEtS2BUg7_WQqbEtEpxp1xS_pyotI8RQyh4c32tfhGm_t2n7ldi5cdnf0XZ3A7pBLlADRaD37BfrOmuJ2do5HhcLCgaUhRx9NIHS07XqH95qhCVLIPfFZlqnktc\">http:\/\/motokrossipisik.eu\/saalitrennid\/<\/a>, hannes@motokrossipisik.ee, telefon 5296556<\/p>\n<p><span style=\"color: #800000;\"><strong>Neljap\u00e4eva, 11. jaanuar<\/strong><\/span><br \/>\nkl 12.40 KL\u00a0<strong>Meisterdamine<\/strong>\u00a01. kl (Loovuslabor)<br \/>\nkl 13.45 KL\u00a0<strong>Meisterdamine<\/strong>\u00a03.-4. kl (Loovuslabor)<br \/>\nkl 14-16.30 KO,\u00a0<strong>Soololaul\/klaver<\/strong>\u00a0(juhendab Triin Kont-Kontson)<br \/>\nkl 15.30 KL\u00a0<strong>Tekstiili- ja disainiring<\/strong>\u00a05-6\u00a0kl (Loovuslabor)<br \/>\nkl 18.00 KO,\u00a0<strong><span style=\"color: #ff0000;\"><strong>UUS!<\/strong>\u00a0<\/span><strong>ATH-laste vanemate tugir\u00fchm.\u00a0<\/strong>Tulge, koos on kergem!<\/strong><strong><br \/>\n<\/strong>kl\u00a019.00\u00a0KL,\u00a0<strong>Inglise keele\u00a0kursus<\/strong><em>\u00a0(II grupp,\u00a0<\/em>algajatele ja uuesti alustajatele). \u00a0T\u00e4psem info marethein@gmail.com, tel 56575575.<br \/>\nkl 18.30 AT,\u00a0<strong>Nimetu\u00a0N\u00e4item\u00e4nguselts\u00a0\u00a0<\/strong>(juhendab \u00a0Anne Veesaar)<br \/>\nkl 19\u00a0<strong>Tilgu h\u00fclged suplevad<\/strong>\u00a0Tilgu sadamas! Info: FB grupp Taliujumine Tilgus.<br \/>\nkl 19 SP,<strong>\u00a0Mudelistide lennutund\u00a0<\/strong>(juhendab Tiit T\u00f5nurist)<\/p>\n<p><span style=\"color: #ff6600;\"><strong><span style=\"color: #800000;\">Reede, 12. jaanuar<a href=\"https:\/\/muraste.ee\/vana\/wp-content\/uploads\/2016\/03\/liuli.jpg\" rel=\"attachment wp-att-5062\"><img decoding=\"async\" loading=\"lazy\" class=\"wp-image-5062 alignright\" src=\"https:\/\/muraste.ee\/vana\/wp-content\/uploads\/2016\/03\/liuli.jpg\" alt=\"liuli\" width=\"285\" height=\"403\" srcset=\"https:\/\/muraste.ee\/vana\/wp-content\/uploads\/2016\/03\/liuli.jpg 453w, https:\/\/muraste.ee\/vana\/wp-content\/uploads\/2016\/03\/liuli-212x300.jpg 212w\" sizes=\"(max-width: 285px) 100vw, 285px\" \/><\/a><\/span><br \/>\n<\/strong><span style=\"color: #000000;\">kl 16 \u00f5ues, \u00a0Skaudiring, oodatud k\u00f5ik kooliealised lapsed. Kogunemine v\u00f5rkpalliplatsi juures.<\/span><strong><br \/>\n<\/strong><span style=\"color: #000000;\">kl 19\u00a0<strong>L\u00e4hme k\u00fclla!<\/strong>\u00a0<span style=\"color: #ff0000;\"><strong>UUS!<\/strong>\u00a0<\/span><em>12. jaanuaril\u00a0<strong>LiULi kontsert<\/strong>\u00a0<strong>&#8220;Aastaaruanne III&#8221;\u00a0<\/strong>restoranis Seller! (vt juuresolevat plakatit!)<\/em><\/span><strong><br \/>\n<\/strong><span style=\"color: #000000;\"><br \/>\nkl 19 AT,\u00a0<span style=\"color: #ff0000;\"><strong>UUS!<\/strong>\u00a0<\/span>filmi\u00f5htu<strong>\u00a0<\/strong><a href=\"https:\/\/www.youtube.com\/watch?v=feAm-hs1I88\" target=\"_blank\"><strong>&#8220;Igitee&#8221;<\/strong>\u00a0<\/a>\u00a0(alla 16.a keelatud!)<br \/>\n<em>Eesti-Soome-Rootsi \u00fchist\u00f6\u00f6na valminud\u00a0<strong>reaalsetel s\u00fcndmustel p\u00f5hinev suurfilm<\/strong>\u00a0(filmitud Eestis) IGITEE jutustab \u00fchest ajaloo h\u00e4marusse suikunud peat\u00fckist \u2013 Soome ameeriklaste saatusest n\u00f5ukogude re\u017eiimi all. 1930. aastate Suure Depressiooni aegu kutsub Stalin kogu maailma t\u00f6\u00f6lisi \u00fcles ehitama uut sotsialistlikku \u00fchiskonda, mis baseeruks \u00f5iglusel, v\u00f5rdsusel ja vabadusel. Kutsele vastab \u00fcle 10 000 Skandinaavia p\u00e4ritolu ameeriklase. Nende hulka satub ka pereisa Jussi Ketola (Tommi Korpela).<\/em><br \/>\n<em>Kapitalismis pettununa on Jussi Ameerikast t\u00f6\u00f6lt tagasi kodumaale Soome naasnud ajal, mil riigis t\u00f5stab pead parem\u00e4\u00e4rmuslik liikumine. \u00dchel saatuslikul suve\u00f6\u00f6l tullakse Jussile tema tallu j\u00e4rele, et ta metsas hukata. Haavatuna \u00f5nnestub tal j\u00e4litajate k\u00e4est p\u00f5geneda ja \u00fcletada N\u00f5ukogude Liidu piir. Venemaal tabavad meest aga j\u00e4rgmised katsumused. NKVD suunab ta salakuulajana ameerikaste poolt asutatud sotsialistlike t\u00f6\u00f6liste paradiisi kujutavasse ideaalkolhoosi &#8220;Hopea&#8221;. Olles v\u00f5\u00f5rastele oma ja omadele v\u00f5\u00f5ras peab Jussi vastu seisma kurjuse \u00fclemv\u00f5imule. Lahutatud oma perest ja kodumaast on ainus v\u00f5imalus ellu j\u00e4\u00e4miseks kohaneda sealsete oludega, alluda kommunistlikule ajupesule ning mitte murduda salap\u00e4rase NKVD k\u00f5rge ohvitseri (Lembit Ulfsak) surve all. Ainus m\u00f5te, mis aitab Jussil selles v\u00f5itluses vastu pidada, on lootus koju p\u00e4\u00e4semisest. Kuid peagi poliitilised tuuled p\u00f6\u00f6rduvad ja v\u00e4lismaalased muutuvad Stalini re\u017eiimi silmis kahtlaseks elemendiks, kellest on vaja vabaneda. Ideaalid purunevad, k\u00fclad p\u00f5levad, inimesed kaovad. Ent lootus sureb viimasena.<\/em><br \/>\n<em>Pildikeelelt id\u00fcllilise ja emotsionaalselt halastamatu suurteose re\u017eiss\u00f6\u00f6r on Antti-Jussi Annila ning stsenaristid Antti Tuuri, Aku Louhimies ja Antti-Jussi Annila. Naispeaosat\u00e4itjat kehastab telesarjadest &#8220;Borgen&#8221; ja &#8220;Westworld&#8221; tuntud auhinnatud Taani n\u00e4itlejanna Sidse Babett Knudsen. M\u00f5jukates k\u00f5rvalosades n\u00e4eme lisaks Soome n\u00e4itlejaile Irina Bj\u00f6rklundile (&#8220;The American&#8221;), Sampo Sarkolale (&#8220;Supilinna salaselts&#8221;) veel tervet plejaadi parimaid Eesti n\u00e4itlejaid, teiste seas Hendrik Toompere, Hendrik Toompere Jr, Nero Urke, Raimo Pass, Indrek Taalmaa, Harriet Toompere jt. Vanameister Lembit Ulfsakile j\u00e4i roll IGITEES tema karj\u00e4\u00e4ri viimaseks.<\/em><br \/>\n<em>IGITEE on p\u00fchendatud Soome Vabariigi 100. s\u00fcnnip\u00e4evale.<br \/>\n<\/em><a href=\"https:\/\/muraste.ee\/vana\/wp-content\/uploads\/2016\/03\/Igitee_sisupilt_670x250px.jpg\" rel=\"attachment wp-att-5052\"><img decoding=\"async\" loading=\"lazy\" class=\"alignnone size-full wp-image-5052\" src=\"https:\/\/muraste.ee\/vana\/wp-content\/uploads\/2016\/03\/Igitee_sisupilt_670x250px.jpg\" alt=\"Igitee_sisupilt_670x250px\" width=\"670\" height=\"250\" srcset=\"https:\/\/muraste.ee\/vana\/wp-content\/uploads\/2016\/03\/Igitee_sisupilt_670x250px.jpg 670w, https:\/\/muraste.ee\/vana\/wp-content\/uploads\/2016\/03\/Igitee_sisupilt_670x250px-300x112.jpg 300w, https:\/\/muraste.ee\/vana\/wp-content\/uploads\/2016\/03\/Igitee_sisupilt_670x250px-624x233.jpg 624w\" sizes=\"(max-width: 670px) 100vw, 670px\" \/><\/a><br \/>\n<\/span><\/span><\/p>\n<p><em><a href=\"https:\/\/muraste.ee\/vana\/wp-content\/uploads\/2016\/03\/EV100koned-fondiga-final851x315.jpg\" rel=\"attachment wp-att-5034\"><img decoding=\"async\" loading=\"lazy\" class=\"size-medium wp-image-5034 alignleft\" src=\"https:\/\/muraste.ee\/vana\/wp-content\/uploads\/2016\/03\/EV100koned-fondiga-final851x315-300x111.jpg\" alt=\"EV100koned-fondiga-final851x315\" width=\"300\" height=\"111\" srcset=\"https:\/\/muraste.ee\/vana\/wp-content\/uploads\/2016\/03\/EV100koned-fondiga-final851x315-300x111.jpg 300w, https:\/\/muraste.ee\/vana\/wp-content\/uploads\/2016\/03\/EV100koned-fondiga-final851x315-768x284.jpg 768w, https:\/\/muraste.ee\/vana\/wp-content\/uploads\/2016\/03\/EV100koned-fondiga-final851x315-624x231.jpg 624w, https:\/\/muraste.ee\/vana\/wp-content\/uploads\/2016\/03\/EV100koned-fondiga-final851x315.jpg 851w\" sizes=\"(max-width: 300px) 100vw, 300px\" \/><\/a><strong>Eesti Vabariigi Presidendi v\u00e4ljakutse 10.- 12. klassis \u00f5ppivatele noortele:\u00a0<span style=\"color: #3366ff;\">Kirjuta Eestile!<\/span><\/strong><br \/>\n&#8220;M\u00f5tle ja kirjuta mida t\u00e4hendavad sinu jaoks meie maa ja meie inimesed ja mida peab \u00fcks 100-aastane riik kalliks pidama, et h\u00e4sti ja \u00f5nnelikult edasi kesta? Milline on see riik, kui me t\u00e4histame s\u00fcnnip\u00e4eva 50 v\u00f5i 100 aasta p\u00e4rast? See v\u00f5ib olla #iluk\u00f5ne v\u00f5i #eluk\u00f5ne v\u00f5i hoopiski #murek\u00f5ne, paberil, videos, luule- v\u00f5i r\u00e4pivormis. Tehke seda kambakesi v\u00f5i kirjuta s\u00fcdamelt \u00e4ra \u00fcksinda. Peaasi, et saad videos hakkama kuni viie minutiga v\u00f5i paned k\u00f5ne kirja kuni 5000 t\u00e4hem\u00e4rgiga ja eesti keeles.&#8221;\u00a0\u00a0<\/em>Rohkem loe<span style=\"color: #ff0000;\"><strong>\u00a0<a style=\"color: #ff0000;\" href=\"https:\/\/www.president.ee\/et\/kirjuta-eestile\/\" target=\"_blank\">SIIT<\/a>:<\/strong><\/span><\/p>\n<p><span style=\"color: #c4213a;\"><strong><span style=\"color: #99cc00;\">PEATSELT TULEKUL\u00a0<\/span><a href=\"https:\/\/muraste.ee\/vana\/wp-content\/uploads\/2016\/03\/hollywood.jpg\" rel=\"attachment wp-att-4628\"><img decoding=\"async\" loading=\"lazy\" class=\"size-medium wp-image-4628 alignright\" src=\"https:\/\/muraste.ee\/vana\/wp-content\/uploads\/2016\/03\/hollywood-208x300.jpg\" alt=\"hollywood\" width=\"208\" height=\"300\" srcset=\"https:\/\/muraste.ee\/vana\/wp-content\/uploads\/2016\/03\/hollywood-208x300.jpg 208w, https:\/\/muraste.ee\/vana\/wp-content\/uploads\/2016\/03\/hollywood.jpg 555w\" sizes=\"(max-width: 208px) 100vw, 208px\" \/><\/a><\/strong><\/span><\/p>\n<p><strong><span style=\"color: #ff0000;\">UUS!<\/span>\u00a0<\/strong>Laup\u00e4eval. 20. jaanuaril kell 16 Muraste koolimaja aatriumis\u00a0 Kom\u00f6\u00f6diateater etendusega\u00a0<strong>&#8220;<a href=\"https:\/\/muraste.ee\/vana\/?p=4642\" target=\"_blank\">Hollywoody filmit\u00e4hed<\/a>&#8220;.<\/strong>\u00a0<strong>Osades Helgi Sallo ja Katrin Karisma.<\/strong>\u00a0Piletid eelm\u00fc\u00fcgist 15\u20ac, soodushind\u00a0seenioritele ja \u00f5pilastele 13\u20ac: Piletid saadaval Muraste kogukonnakeskuses (Lee tee 9, Muraste). Piletiinfo ja broneerimine\u00a0\u00a0<a href=\"mailto:kogukonnakeskus@muraste.ee\">kogukonnakeskus@muraste.ee<\/a>, tel 5253128. Loe lisa\u00a0<strong><a href=\"https:\/\/muraste.ee\/vana\/?p=4642\" target=\"_blank\">SIIT<\/a><\/strong><\/p>\n<p><span style=\"color: #ff0000;\"><strong>UUS!<\/strong>\u00a0<\/span>23. veebruaril Eesti Vabariigi 100. s\u00fcnnip\u00e4evale p\u00fchendatud\u00a0<strong>\u00f6\u00f6matk.<\/strong><\/p>\n<p><span style=\"color: #ff0000;\"><strong>UUS!<\/strong>\u00a0<\/span>8. m\u00e4rts kell 19 Muraste Nimetu N\u00e4item\u00e4nguselts etendusega<strong>\u00a0\u201cKaheksa armastavat naist\u201d<\/strong>\u00a0(esietendus)<\/p>\n<p><a href=\"https:\/\/muraste.ee\/vana\/wp-content\/uploads\/2016\/03\/revalia_muraste-jaanuar.jpg\" rel=\"attachment wp-att-4910\"><img decoding=\"async\" loading=\"lazy\" class=\"alignnone size-full wp-image-4910\" src=\"https:\/\/muraste.ee\/vana\/wp-content\/uploads\/2016\/03\/revalia_muraste-jaanuar.jpg\" alt=\"revalia_muraste jaanuar\" width=\"2480\" height=\"3507\" srcset=\"https:\/\/muraste.ee\/vana\/wp-content\/uploads\/2016\/03\/revalia_muraste-jaanuar.jpg 2480w, https:\/\/muraste.ee\/vana\/wp-content\/uploads\/2016\/03\/revalia_muraste-jaanuar-212x300.jpg 212w, https:\/\/muraste.ee\/vana\/wp-content\/uploads\/2016\/03\/revalia_muraste-jaanuar-768x1086.jpg 768w, https:\/\/muraste.ee\/vana\/wp-content\/uploads\/2016\/03\/revalia_muraste-jaanuar-724x1024.jpg 724w, https:\/\/muraste.ee\/vana\/wp-content\/uploads\/2016\/03\/revalia_muraste-jaanuar-624x882.jpg 624w\" sizes=\"(max-width: 2480px) 100vw, 2480px\" \/><\/a><\/p>\n<p><strong>\u00a0<\/strong><\/p>\n<p><span style=\"color: #800000;\"><strong>TEADETETAHVEL<\/strong><\/span><\/p>\n<\/div>\n<div class=\"entry-content\">\n<div class=\"_1mf _1mj\" data-offset-key=\"cki46-0-0\">\n<div class=\"_1mf _1mj\" data-offset-key=\"cki46-0-0\"><strong><span style=\"color: #339966;\"><img decoding=\"async\" loading=\"lazy\" class=\"size-medium wp-image-3740 alignright\" src=\"https:\/\/muraste.ee\/vana\/wp-content\/uploads\/2016\/03\/stend-300x224.jpg\" sizes=\"(max-width: 300px) 100vw, 300px\" srcset=\"https:\/\/muraste.ee\/vana\/wp-content\/uploads\/2016\/03\/stend-300x224.jpg 300w, https:\/\/muraste.ee\/vana\/wp-content\/uploads\/2016\/03\/stend-768x572.jpg 768w, https:\/\/muraste.ee\/vana\/wp-content\/uploads\/2016\/03\/stend-1024x763.jpg 1024w, https:\/\/muraste.ee\/vana\/wp-content\/uploads\/2016\/03\/stend-624x465.jpg 624w, https:\/\/muraste.ee\/vana\/wp-content\/uploads\/2016\/03\/stend.jpg 1300w\" alt=\"stend\" width=\"300\" height=\"224\" \/><\/span><\/strong><\/div>\n<div class=\"_1mf _1mj\" data-offset-key=\"cki46-0-0\"><\/div>\n<div class=\"_1mf _1mj\" data-offset-key=\"cki46-0-0\">\n<p><strong>Soovid avaldada oma reklaami<\/strong>\u00a0meie infokanalites? Juhised on\u00a0<strong>siin<\/strong>!<\/p>\n<\/div>\n<div class=\"_1mf _1mj\" data-offset-key=\"cki46-0-0\"><strong>Soovid kasutada<\/strong>\u00a0m\u00f5nd Muraste k\u00fclaseltsi poolt pakutavat<strong>\u00a0teenust<\/strong>? V\u00f5imalused on<strong>\u00a0siin!<\/strong><\/div>\n<div class=\"_1mf _1mj\" data-offset-key=\"cki46-0-0\"><\/div>\n<div class=\"_1mf _1mj\" data-offset-key=\"cki46-0-0\"><\/div>\n<p><strong>Teadmiseks:\u00a0<\/strong>Muraste igan\u00e4dalase e-infokirjaga liitumiseks saada sellekohane teade muraste@muraste.ee<br \/>\n<strong>Muraste kogukonnakeskus\u00a0<\/strong>(Lee tee 9, Muraste) avatud E-N 10-18, R 10-16.<br \/>\n<strong>T\u00e4psustused ja info:<\/strong>\u00a0kogukonnakeskus@muraste.ee;\u00a05253128 (Aule Kikas).<\/p>\n<\/div>\n<\/div>\n","protected":false},"excerpt":{"rendered":"<p>N\u00c4DAL\u00a02 MURASTES* 8.-14. jaanuar\u00a02018\u00a0 * AT- koolimaja aatrium, SP- spordihoone; KO-kogukonnakeskus; \u00a0 KL- klassiruum;\u00a0 Esmasp\u00e4ev, 8. jaanuar kl 14 AT, Tallinna Tantsuklubi \u201cMy Dance\u201d\u00a0showtants. \u00a0(www.mydance.ee) kl 14.40 KO,\u00a0Kandletund\u00a0edasij\u00f5udnutele\u00a0(Fa Stuudio\/kool, fastuudio@gmail.com ) kl 15 SP, Judoklubi \u201cAitado\u201d\u00a0Judo\u00a0(alustajad ja uuesti alustajad). \u00a0(www.aitado.ee) kl 16.30 SP, Judoklubi \u201cAitado\u201d\u00a0Judo\u00a0(edasij\u00f5udnud). \u00a0(www.aitado.ee) kl 17.30 KO,\u00a0Kandleansambel\u00a0LiuLi\u00a0proov.\u00a0 kl 19 AT.\u00a0Suurupi naiskoor\u00a0Meretule Teisip\u00e4ev, 9.<a class=\"moretag\" href=\"https:\/\/muraste.ee\/vana\/?page_id=5089\"><br \/>&#8230;Loe edasi<\/a><\/p>\n","protected":false},"author":2,"featured_media":0,"parent":0,"menu_order":0,"comment_status":"closed","ping_status":"closed","template":"nadalakava.php","meta":{"_bbp_topic_count":0,"_bbp_reply_count":0,"_bbp_total_topic_count":0,"_bbp_total_reply_count":0,"_bbp_voice_count":0,"_bbp_anonymous_reply_count":0,"_bbp_topic_count_hidden":0,"_bbp_reply_count_hidden":0,"_bbp_forum_subforum_count":0,"_mc_calendar":[]},"_links":{"self":[{"href":"https:\/\/muraste.ee\/vana\/index.php?rest_route=\/wp\/v2\/pages\/5089"}],"collection":[{"href":"https:\/\/muraste.ee\/vana\/index.php?rest_route=\/wp\/v2\/pages"}],"about":[{"href":"https:\/\/muraste.ee\/vana\/index.php?rest_route=\/wp\/v2\/types\/page"}],"author":[{"embeddable":true,"href":"https:\/\/muraste.ee\/vana\/index.php?rest_route=\/wp\/v2\/users\/2"}],"replies":[{"embeddable":true,"href":"https:\/\/muraste.ee\/vana\/index.php?rest_route=%2Fwp%2Fv2%2Fcomments&post=5089"}],"version-history":[{"count":1,"href":"https:\/\/muraste.ee\/vana\/index.php?rest_route=\/wp\/v2\/pages\/5089\/revisions"}],"predecessor-version":[{"id":5091,"href":"https:\/\/muraste.ee\/vana\/index.php?rest_route=\/wp\/v2\/pages\/5089\/revisions\/5091"}],"wp:attachment":[{"href":"https:\/\/muraste.ee\/vana\/index.php?rest_route=%2Fwp%2Fv2%2Fmedia&parent=5089"}],"curies":[{"name":"wp","href":"https:\/\/api.w.org\/{rel}","templated":true}]}}