{"id":5115,"date":"2018-01-22T18:42:22","date_gmt":"2018-01-22T16:42:22","guid":{"rendered":"https:\/\/muraste.ee\/vana\/?page_id=5115"},"modified":"2018-01-22T18:42:22","modified_gmt":"2018-01-22T16:42:22","slug":"nadal-3-3","status":"publish","type":"page","link":"https:\/\/muraste.ee\/vana\/?page_id=5115","title":{"rendered":"N\u00e4dal 3"},"content":{"rendered":"<header class=\"entry-header\">\n<h1 class=\"entry-title\"><strong>N\u00c4DAL\u00a03 MURASTES*<br \/>\n15.-21. jaanuar\u00a02018\u00a0<\/strong><\/h1>\n<div class=\"entry-content\">\n<p><em>* AT- koolimaja aatrium, SP- spordihoone; KO-kogukonnakeskus; \u00a0 KL- klassiruum;\u00a0<\/em><strong><em><br \/>\n<\/em><br \/>\nEsmasp\u00e4ev, 15. jaanuar<br \/>\n<\/strong>kl 14 AT, Tallinna Tantsuklubi \u201cMy Dance\u201d\u00a0<strong>showtants<\/strong>. \u00a0(www.mydance.ee)<br \/>\nkl 14.40 KO,\u00a0K<strong>andletund<\/strong>\u00a0edasij\u00f5udnutele\u00a0(Fa Stuudio\/kool, fastuudio@gmail.com )<br \/>\nkl 15 SP, Judoklubi \u201cAitado\u201d\u00a0<strong>Judo<\/strong>\u00a0(alustajad ja uuesti alustajad). \u00a0(www.aitado.ee)<br \/>\nkl 16.30 SP, Judoklubi \u201cAitado\u201d\u00a0<strong>Judo<\/strong>\u00a0(edasij\u00f5udnud). \u00a0(www.aitado.ee)<br \/>\nkl 17.30 KO,\u00a0Kandleansambel\u00a0<strong>LiuLi\u00a0<\/strong>proov.<strong>\u00a0<\/strong><em>(\u00fcle n\u00e4dala)<\/em><br \/>\nkl 19 AT.\u00a0Suurupi naiskoor\u00a0<strong>Meretule<\/strong><\/p>\n<p><strong>Teisip\u00e4ev, 16. jaanuar<\/strong><br \/>\nkl 14.40-15.25 KO,\u00a0<strong>Fa Stuudio \u00a0fl\u00f6\u00f6diring<\/strong>\u00a0edasij\u00f5udnutele. \u00a0(fastuudio@gmail.com v\u00f5i tel 5160031)<br \/>\nkl 15.30-18.00 KO,\u00a0<strong>Soololaul \/ klaver<\/strong>\u00a0(juhendab Triin Kont-Kontson)<br \/>\nkl 16-18.30 KL, Lahe Huvikooli\u00a0<strong>eelkool<\/strong>\u00a0\u00a0(www.lahehuvikool.ee)<br \/>\nkl 17 KL,\u00a0<strong>Puut\u00f6\u00f6ring<\/strong>\u00a0I grupp, juhendab Argo Aruvald.\u00a0<strong>NB!<\/strong>\u00a0J\u00e4tkub alates 16. jaanuarist!<br \/>\nkl 18 KL,\u00a0<strong>Puut\u00f6\u00f6ring<\/strong>\u00a0II grupp juhendab Argo Aruvald.\u00a0<strong>NB!<\/strong>\u00a0J\u00e4tkub alates 16. jaanuarist!<br \/>\nkl 18\u00a0<strong>Raadioring<\/strong>. Juhendab Vytautas Martinonis.\u00a0<strong>NB!<\/strong>\u00a0J\u00e4tkub alates 16. jaanuarist!<br \/>\nkl 18.30 KL,\u00a0<strong>Inglise keele kursus\u00a0 (<\/strong><em>I grupp, algteadmisi omajatel on v\u00f5imalus liituda ka juba t\u00f6\u00f6tava grupiga).<\/em>\u00a0K\u00fcsi lisa juhendajalt tel 56575575.<br \/>\nkl 18 KO,\u00a0<strong>Inglise keele vestlusring,\u00a0<\/strong>juhendab James Gill<br \/>\nkl 18 KL,\u00a0<strong>Mudelismiring<\/strong>\u00a0(juhendab Andres Madissoo)<br \/>\nkl 19 SP,\u00a0<strong>V\u00f5rkpall\u00a0<\/strong><em>(naised\/mehed)- oodatud on k\u00f5ik v\u00f5rkpallihuvilised!;<br \/>\n<\/em>kl 19 KL,\u00a0\u00a0<strong><a href=\"https:\/\/muraste.ee\/vana\/?p=4470\" target=\"_blank\">Kunda<\/a><a href=\"https:\/\/muraste.ee\/vana\/?p=4470\" target=\"_blank\">lini jooga\u00a0<\/a><\/strong><a href=\"mailto:info@lahetervis.ee\">info@lahetervis.ee<\/a><strong>,<\/strong>\u00a0tel.56903049,<br \/>\nkl 19\u00a0<strong>Tilgu h\u00fclged suplevad<\/strong>\u00a0Tilgu sadamas! Info: FB grupp Taliujumine Tilgus.<br \/>\nkl 19.45 AT,\u00a0<strong>Seltskonnatantsude harjutustund<\/strong>\u2013 v\u00f5imalus \u00f5pitut kinnistada ja toredas seltskonnas jalga keerutada.<\/p>\n<p><strong>Kolmap\u00e4ev, 17. jaanuar<\/strong><br \/>\nkl 13.45 KL,\u00a0<strong>Kitarriring<\/strong>\u00a0(I grupp) (Ain Varts, www.huviringid.ee)<br \/>\nkl 13.45 KL,\u00a0<strong>Kitarriring<\/strong>\u00a0(II grupp) (Ain Varts, www.huviringid.ee )<br \/>\nkl 15.30 KL,\u00a0<strong>Malering<\/strong>\u00a0(Jaan Urgas,\u00a0www.huviringid.ee)<br \/>\nkl 14 AT, Tallinna Tantsuklubi \u201cMy Dance\u201d\u00a0<strong>showtants<\/strong>. \u00a0(www.mydance.ee)<br \/>\nkl 14.45 KL,\u00a0<strong>Noortejooga<\/strong>\u00a0alates 3. kl<br \/>\nkl 14.40 KO,\u00a0<strong>Kandletund algajatele<\/strong>\u00a0I grupp (Fa Stuudio\/kool)<br \/>\nkl 15.45 KO,\u00a0<strong>Beebide-p\u00f5nnide muusikaring<\/strong>\u00a0(fastuudio@gmail.com v\u00f5i tel 5160031)<br \/>\nkl 16.15 SP, Judoklubi \u201cAitado\u201d\u00a0<strong>Judo\u00a0(<\/strong>alustajad ja uuesti alustajad). \u00a0(www.aitado.ee)<br \/>\nkl 17.45 SP, Judoklubi \u201cAitado\u201d\u00a0<strong>Judo<\/strong>\u00a0(edasij\u00f5udnud). \u00a0(www.aitado.ee)<br \/>\nkl 18.30 AT,\u00a0<strong>Line-tants.<\/strong>\u00a0Tulge k\u00f5ik ja saage osa elur\u00f5\u00f5must!<br \/>\nInfo kristin@huviline.ee<a href=\"https:\/\/muraste.ee\/vana\/wp-content\/uploads\/2016\/03\/ykt.jpg\" rel=\"attachment wp-att-4902\"><img decoding=\"async\" loading=\"lazy\" class=\"size-medium wp-image-4902 alignright\" src=\"https:\/\/muraste.ee\/vana\/wp-content\/uploads\/2016\/03\/ykt-300x251.jpg\" sizes=\"(max-width: 300px) 100vw, 300px\" srcset=\"https:\/\/muraste.ee\/vana\/wp-content\/uploads\/2016\/03\/ykt-300x251.jpg 300w, https:\/\/muraste.ee\/vana\/wp-content\/uploads\/2016\/03\/ykt-768x644.jpg 768w, https:\/\/muraste.ee\/vana\/wp-content\/uploads\/2016\/03\/ykt-624x523.jpg 624w, https:\/\/muraste.ee\/vana\/wp-content\/uploads\/2016\/03\/ykt.jpg 940w\" alt=\"ykt\" width=\"300\" height=\"251\" \/><\/a><\/p>\n<p>kl 19.15-20.15\u00a0<strong>\u00dcLDKEHALISE<br \/>\nETTEVALMISTUSE\u00a0\u00a0TREENING!\u00a0<\/strong>Hiljuti alustas\u00a0Motokrossipisik laste saalitrennidega Muraste spordisaalis. \u00dcKE ehk \u00fcldkehalise ettevalmistuse treeningud on mitmek\u00fclgsed ning kogu keha arendavad. Treeningutes parandavad lapsed oma koordinatsiooni, painduvust ning tasakaalu, mis tuleb kasuks nii motokrossihuvilistele kui ka k\u00f5igile teistele. Vajalikud sise-spordijalatsid.\u00a0Kuutasu 20 \u20ac.\u00a0<strong>K\u00d5IK SPORDIS\u00d5BRAD ON OODATUD!<\/strong>\u00a0Lisainfo:\u00a0<a href=\"http:\/\/motokrossipisik.eu\/saalitrennid\/\" target=\"_blank\" rel=\"noopener nofollow\" data-ft=\"{&quot;tn&quot;:&quot;-U&quot;}\" data-lynx-mode=\"async\" data-lynx-uri=\"https:\/\/l.facebook.com\/l.php?u=http%3A%2F%2Fmotokrossipisik.eu%2Fsaalitrennid%2F&amp;h=ATMtTHYPByHFd3Ejb-M_bw3_McwWuVo6SD2thhdIQy0F3YVpA_h8WkckKLGErB5uFSUlktLr926FwJ0TEtQ-jB1FBraRjZFjM3beY2s_WKOJD6YfrxE6Mt1hjwfw9ksYAGjgdHZC18BIeDnAuwSsYczTILfnnMLOzQF24cH3R6VS26raqEtS2BUg7_WQqbEtEpxp1xS_pyotI8RQyh4c32tfhGm_t2n7ldi5cdnf0XZ3A7pBLlADRaD37BfrOmuJ2do5HhcLCgaUhRx9NIHS07XqH95qhCVLIPfFZlqnktc\">http:\/\/motokrossipisik.eu\/saalitrennid\/<\/a>, hannes@motokrossipisik.ee, telefon 5296556<\/p>\n<p><strong>Neljap\u00e4eva, 18. jaanuar<\/strong><br \/>\nkl 12.40 KL\u00a0<strong>Meisterdamine<\/strong>\u00a01. kl (Loovuslabor)<br \/>\nkl 13.45 KL\u00a0<strong>Meisterdamine<\/strong>\u00a03.-4. kl (Loovuslabor)<br \/>\nkl 14-16.30 KO,\u00a0<strong>Soololaul\/klaver<\/strong>\u00a0(juhendab Triin Kont-Kontson)<br \/>\nkl 15.30 KL\u00a0<strong>Tekstiili- ja disainiring<\/strong>\u00a05-6\u00a0kl (Loovuslabor)<br \/>\nkl\u00a019.00\u00a0KL,\u00a0<strong>Inglise keele\u00a0kursus<\/strong><em>\u00a0(II grupp,\u00a0<\/em>algajatele ja uuesti alustajatele). \u00a0T\u00e4psem info marethein@gmail.com, tel 56575575.<br \/>\nkl 18.30 AT,\u00a0<strong>Nimetu\u00a0N\u00e4item\u00e4nguselts\u00a0\u00a0<\/strong>(juhendab \u00a0Anne Veesaar)<br \/>\nkl 19\u00a0<strong>Tilgu h\u00fclged suplevad<\/strong>\u00a0Tilgu sadamas! Info: FB grupp Taliujumine Tilgus.<br \/>\nkl 19 SP,<strong>\u00a0Mudelistide lennutund\u00a0<\/strong>(juhendab Tiit T\u00f5nurist)<\/p>\n<p><strong>Reede, 19. jaanuar<a href=\"https:\/\/muraste.ee\/vana\/wp-content\/uploads\/2016\/03\/hollywood.jpg\" rel=\"attachment wp-att-4628\"><img decoding=\"async\" loading=\"lazy\" class=\"size-medium wp-image-4628 alignright\" src=\"https:\/\/muraste.ee\/vana\/wp-content\/uploads\/2016\/03\/hollywood-208x300.jpg\" sizes=\"(max-width: 208px) 100vw, 208px\" srcset=\"https:\/\/muraste.ee\/vana\/wp-content\/uploads\/2016\/03\/hollywood-208x300.jpg 208w, https:\/\/muraste.ee\/vana\/wp-content\/uploads\/2016\/03\/hollywood.jpg 555w\" alt=\"hollywood\" width=\"208\" height=\"300\" \/><\/a><br \/>\n<\/strong>kl 16 \u00f5ues, \u00a0Skaudiring, oodatud k\u00f5ik kooliealised lapsed. Kogunemine v\u00f5rkpalliplatsi juures.<\/p>\n<p><strong>UUS!\u00a0<\/strong>kell 18.30 alustab kauaoodatud\u00a0<strong>naisrahvatantsur\u00fchm<\/strong>\u00a0Astrid V\u00e4izene juhendamisel. K\u00f5ik varasemad ja uued huvilised on oodatud. Registreerumine ja info\u00a0 astrid.vaizene@murastekool.edu.ee<\/p>\n<p><strong>Laup\u00e4ev, 20. jaanuar<\/strong><br \/>\n<strong>UUS!\u00a0<\/strong>kell 16 Muraste koolimaja aatriumis\u00a0 Kom\u00f6\u00f6diateater etendusega\u00a0<strong>\u201c<a href=\"https:\/\/muraste.ee\/vana\/?p=4642\" target=\"_blank\">Hollywoody filmit\u00e4hed<\/a>\u201c.<\/strong><strong>Osades Helgi Sallo ja Katrin Karisma.<\/strong>\u00a0Piletid eelm\u00fc\u00fcgist 15\u20ac, soodushind\u00a0seenioritele ja \u00f5pilastele 13\u20ac: Piletid saadaval Muraste kogukonnakeskuses (Lee tee 9, Muraste). Piletiinfo ja broneerimine\u00a0\u00a0<a href=\"mailto:kogukonnakeskus@muraste.ee\">kogukonnakeskus@muraste.ee<\/a>, tel 5253128. Loe lisa\u00a0<strong><a href=\"https:\/\/muraste.ee\/vana\/?p=4642\" target=\"_blank\">SIIT<\/a><\/strong><\/p>\n<p><em><a href=\"https:\/\/muraste.ee\/vana\/wp-content\/uploads\/2016\/03\/EV100koned-fondiga-final851x315.jpg\" rel=\"attachment wp-att-5034\"><img decoding=\"async\" loading=\"lazy\" class=\"size-medium wp-image-5034 alignleft\" src=\"https:\/\/muraste.ee\/vana\/wp-content\/uploads\/2016\/03\/EV100koned-fondiga-final851x315-300x111.jpg\" sizes=\"(max-width: 300px) 100vw, 300px\" srcset=\"https:\/\/muraste.ee\/vana\/wp-content\/uploads\/2016\/03\/EV100koned-fondiga-final851x315-300x111.jpg 300w, https:\/\/muraste.ee\/vana\/wp-content\/uploads\/2016\/03\/EV100koned-fondiga-final851x315-768x284.jpg 768w, https:\/\/muraste.ee\/vana\/wp-content\/uploads\/2016\/03\/EV100koned-fondiga-final851x315-624x231.jpg 624w, https:\/\/muraste.ee\/vana\/wp-content\/uploads\/2016\/03\/EV100koned-fondiga-final851x315.jpg 851w\" alt=\"EV100koned-fondiga-final851x315\" width=\"300\" height=\"111\" \/><\/a><\/em><\/p>\n<p>&nbsp;<\/p>\n<p><em><strong>Eesti Vabariigi Presidendi v\u00e4ljakutse 10.- 12. klassis \u00f5ppivatele noortele:\u00a0Kirjuta Eestile!<\/strong><br \/>\n\u201cM\u00f5tle ja kirjuta\u00a0mida t\u00e4hendavad sinu jaoks meie maa ja meie inimesed ja mida peab \u00fcks 100-aastane riik kalliks pidama, et h\u00e4sti ja \u00f5nnelikult edasi kesta? Milline on see riik, kui me t\u00e4histame s\u00fcnnip\u00e4eva 50 v\u00f5i 100 aasta p\u00e4rast? See v\u00f5ib olla #iluk\u00f5ne v\u00f5i #eluk\u00f5ne v\u00f5i hoopiski #murek\u00f5ne, paberil, videos, luule- v\u00f5i r\u00e4pivormis. Tehke seda kambakesi v\u00f5i kirjuta s\u00fcdamelt \u00e4ra \u00fcksinda. Peaasi, et saad videos hakkama kuni viie minutiga v\u00f5i paned k\u00f5ne kirja kuni 5000 t\u00e4hem\u00e4rgiga ja eesti keeles.\u201d\u00a0\u00a0<\/em>Rohkem loe<strong>\u00a0<a href=\"https:\/\/www.president.ee\/et\/kirjuta-eestile\/\" target=\"_blank\">SIIT<\/a>:<\/strong><\/p>\n<p><strong>PEATSELT TULEKUL\u00a0<a href=\"https:\/\/muraste.ee\/vana\/wp-content\/uploads\/2018\/01\/a4_o%CC%88o%CC%88matk.jpg\" rel=\"attachment wp-att-5106\"><img decoding=\"async\" loading=\"lazy\" class=\"wp-image-5106 size-medium alignright\" src=\"https:\/\/muraste.ee\/vana\/wp-content\/uploads\/2018\/01\/a4_o%CC%88o%CC%88matk-212x300.jpg\" sizes=\"(max-width: 212px) 100vw, 212px\" srcset=\"https:\/\/muraste.ee\/vana\/wp-content\/uploads\/2018\/01\/a4_o\u0308o\u0308matk-212x300.jpg 212w, https:\/\/muraste.ee\/vana\/wp-content\/uploads\/2018\/01\/a4_o\u0308o\u0308matk-768x1086.jpg 768w, https:\/\/muraste.ee\/vana\/wp-content\/uploads\/2018\/01\/a4_o\u0308o\u0308matk-724x1024.jpg 724w, https:\/\/muraste.ee\/vana\/wp-content\/uploads\/2018\/01\/a4_o\u0308o\u0308matk-624x883.jpg 624w\" alt=\"a4_o\u0308o\u0308matk\" width=\"212\" height=\"300\" \/><\/a><\/strong><\/p>\n<\/div>\n<div class=\"entry-content\"><strong>UUS!<\/strong>\u00a026. jaanuaril kell 18.30 Muraste kogukonnakool \u201cSiililegi selge\u201d kutsub:\u00a0<strong>loeng\u00a0 \u201cS\u00f6\u00f6mine on terviseks!\u201d<\/strong>Lektor Tiiu-Maie Laht (Phd, loodsteadlane, piimateadlane)<\/div>\n<\/header>\n<div class=\"entry-content\"><\/div>\n<div class=\"entry-content\"><\/div>\n<div class=\"entry-content\"><strong>UUS!<\/strong>\u00a030. jaanuaril alustab uus algajate seltskonnatanstu kursus (vt lisatud reklaami)<\/div>\n<div class=\"entry-content\"><\/div>\n<div class=\"entry-content\"><\/div>\n<div class=\"entry-content\"><\/div>\n<header class=\"entry-header\">\n<div class=\"entry-content\"><strong>UUS!<\/strong>\u00a023. veebruaril Eesti Vabariigi 100. s\u00fcnnip\u00e4evale p\u00fchendatud\u00a0<strong>\u00f6\u00f6matk.<\/strong><\/div>\n<div class=\"entry-content\"><\/div>\n<\/header>\n<div class=\"entry-content\"><\/div>\n<div class=\"entry-content\"><\/div>\n<header class=\"entry-header\">\n<div class=\"entry-content\"><strong>UUS!<\/strong>\u00a028. veebruaril kell 19 algab uus\u00a0<strong>inglise keele kursus<\/strong>uuesti alustajatele ja algajatele . Registreerumine ja lisainfo \u00a0juhendajalt tel 56575575 (Maret Hein).<\/div>\n<div class=\"entry-content\"><strong><br \/>\nUUS!<\/strong>\u00a08. m\u00e4rts kell 19 Muraste Nimetu N\u00e4item\u00e4nguselts etendusega<strong>\u00a0\u201cKaheksa armastavat naist\u201d<\/strong>\u00a0(esietendus)<\/div>\n<div class=\"entry-content\"><\/div>\n<div class=\"entry-content\">\n<p><a href=\"https:\/\/muraste.ee\/vana\/wp-content\/uploads\/2016\/03\/revalia_muraste-jaanuar.jpg\" rel=\"attachment wp-att-4910\"><img decoding=\"async\" loading=\"lazy\" class=\"alignnone size-full wp-image-4910\" src=\"https:\/\/muraste.ee\/vana\/wp-content\/uploads\/2016\/03\/revalia_muraste-jaanuar.jpg\" sizes=\"(max-width: 2480px) 100vw, 2480px\" srcset=\"https:\/\/muraste.ee\/vana\/wp-content\/uploads\/2016\/03\/revalia_muraste-jaanuar-212x300.jpg 212w, https:\/\/muraste.ee\/vana\/wp-content\/uploads\/2016\/03\/revalia_muraste-jaanuar-768x1086.jpg 768w, https:\/\/muraste.ee\/vana\/wp-content\/uploads\/2016\/03\/revalia_muraste-jaanuar-724x1024.jpg 724w, https:\/\/muraste.ee\/vana\/wp-content\/uploads\/2016\/03\/revalia_muraste-jaanuar-624x882.jpg 624w, https:\/\/muraste.ee\/vana\/wp-content\/uploads\/2016\/03\/revalia_muraste-jaanuar.jpg 2480w\" alt=\"revalia_muraste jaanuar\" width=\"2480\" height=\"3507\" \/><\/a><\/p>\n<p><strong>HEAD TEHA ON HEA!<br \/>\n<\/strong><\/p>\n<div class=\"\" data-block=\"true\" data-editor=\"60cdp\" data-offset-key=\"10vg2-0-0\">\n<div class=\"_1mf _1mj\" data-offset-key=\"10vg2-0-0\"><span data-offset-key=\"10vg2-0-0\"><span data-text=\"true\">Muraste kooli \u00f5petaja Anu Kihulane on kaante vahele saanud \u00fche armsa luule- ja v\u00e4rviraamatu. Lisaks sellele, et k\u00f5igil soovijatel on v\u00f5imalus<strong>\u00a0raamat \u201cMaiad aias\u201d<\/strong>\u00a0v\u00e4rvimist ja luuletusi armastavatele lastele osta, on Anul l\u00e4bi isikliku ja valusa kogemuse \u00fcks kena unistus \u2013 ta soovib toredate toetajate abil heade soovidega t\u00e4idetud raamatuid kinkida Eesti Vabariigi s\u00fcnnip\u00e4eval haiglaseinte vahel olevatele lastele.<\/span><\/span><\/div>\n<\/div>\n<div class=\"\" data-block=\"true\" data-editor=\"60cdp\" data-offset-key=\"5v2kc-0-0\">\n<div class=\"_1mf _1mj\" data-offset-key=\"5v2kc-0-0\"><\/div>\n<div class=\"_1mf _1mj\" data-offset-key=\"5v2kc-0-0\"><span data-offset-key=\"5v2kc-0-0\"><span data-text=\"true\"><strong>Mida selleks teha?<\/strong>\u00a0Raamatud on saadaval Muraste kogukonnakeskuses, raamatukese hinnaks on 5\u20ac. Kingitusena m\u00f5eldud raamatutele saab samas ka p\u00fchenduse sisse kirjutada \u2013 Anu ise organiseerib nende j\u00f5udmise Eesti Vabariigi suurel s\u00fcnnip\u00e4eval lasteni, kellel see pisike kingitus loodetavasti meele r\u00f5\u00f5msaks teeb:)<\/span><\/span><\/div>\n<\/div>\n<div class=\"\" data-block=\"true\" data-editor=\"60cdp\" data-offset-key=\"5kb0i-0-0\">\n<div class=\"_1mf _1mj\" data-offset-key=\"5kb0i-0-0\"><\/div>\n<div class=\"_1mf _1mj\" data-offset-key=\"5kb0i-0-0\"><span data-offset-key=\"5kb0i-0-0\"><span data-text=\"true\">Head teha on hea!<\/span><\/span><\/div>\n<div class=\"_1mf _1mj\" data-offset-key=\"5kb0i-0-0\"><\/div>\n<\/div>\n<p><strong><a href=\"https:\/\/muraste.ee\/vana\/wp-content\/uploads\/2016\/03\/aias.jpg\" rel=\"attachment wp-att-5113\"><img decoding=\"async\" loading=\"lazy\" class=\"alignnone wp-image-5113 size-full\" src=\"https:\/\/muraste.ee\/vana\/wp-content\/uploads\/2016\/03\/aias-e1516028296253.jpg\" sizes=\"(max-width: 960px) 100vw, 960px\" srcset=\"https:\/\/muraste.ee\/vana\/wp-content\/uploads\/2016\/03\/aias-e1516028296253-300x169.jpg 300w, https:\/\/muraste.ee\/vana\/wp-content\/uploads\/2016\/03\/aias-e1516028296253-128x72.jpg 128w, https:\/\/muraste.ee\/vana\/wp-content\/uploads\/2016\/03\/aias-e1516028296253-768x432.jpg 768w, https:\/\/muraste.ee\/vana\/wp-content\/uploads\/2016\/03\/aias-e1516028296253-624x351.jpg 624w, https:\/\/muraste.ee\/vana\/wp-content\/uploads\/2016\/03\/aias-e1516028296253.jpg 960w\" alt=\"aias\" width=\"960\" height=\"540\" \/><\/a><\/strong><\/p>\n<p><strong>TEADETETAHVEL<\/strong><\/p>\n<\/div>\n<div class=\"entry-content\">\n<div class=\"_1mf _1mj\" data-offset-key=\"cki46-0-0\">\n<div class=\"_1mf _1mj\" data-offset-key=\"cki46-0-0\"><strong><img decoding=\"async\" loading=\"lazy\" class=\"size-medium wp-image-3740 alignright\" src=\"https:\/\/muraste.ee\/vana\/wp-content\/uploads\/2016\/03\/stend-300x224.jpg\" sizes=\"(max-width: 300px) 100vw, 300px\" srcset=\"https:\/\/muraste.ee\/vana\/wp-content\/uploads\/2016\/03\/stend-300x224.jpg 300w, https:\/\/muraste.ee\/vana\/wp-content\/uploads\/2016\/03\/stend-768x572.jpg 768w, https:\/\/muraste.ee\/vana\/wp-content\/uploads\/2016\/03\/stend-1024x763.jpg 1024w, https:\/\/muraste.ee\/vana\/wp-content\/uploads\/2016\/03\/stend-624x465.jpg 624w, https:\/\/muraste.ee\/vana\/wp-content\/uploads\/2016\/03\/stend.jpg 1300w\" alt=\"stend\" width=\"300\" height=\"224\" \/><\/strong><\/div>\n<div class=\"_1mf _1mj\" data-offset-key=\"cki46-0-0\"><\/div>\n<div class=\"_1mf _1mj\" data-offset-key=\"cki46-0-0\">\n<p><strong>Soovid avaldada oma reklaami<\/strong>\u00a0meie infokanalites? Juhised on\u00a0<strong>siin<\/strong>!<\/p>\n<\/div>\n<div class=\"_1mf _1mj\" data-offset-key=\"cki46-0-0\"><strong>Soovid kasutada<\/strong>\u00a0m\u00f5nd Muraste k\u00fclaseltsi poolt pakutavat<strong>\u00a0teenust<\/strong>? V\u00f5imalused on<strong>\u00a0siin!<\/strong><\/div>\n<div class=\"_1mf _1mj\" data-offset-key=\"cki46-0-0\"><\/div>\n<div class=\"_1mf _1mj\" data-offset-key=\"cki46-0-0\"><\/div>\n<p><strong>Teadmiseks:\u00a0<\/strong>Muraste igan\u00e4dalase e-infokirjaga liitumiseks saada sellekohane teade muraste@muraste.ee<br \/>\n<strong>Muraste kogukonnakeskus\u00a0<\/strong>(Lee tee 9, Muraste) avatud E-N 10-18, R 10-16.<br \/>\n<strong>T\u00e4psustused ja info:<\/strong>\u00a0kogukonnakeskus@muraste.ee;\u00a05253128 (Aule Kikas).<\/p>\n<\/div>\n<\/div>\n<\/header>\n","protected":false},"excerpt":{"rendered":"<p>N\u00c4DAL\u00a03 MURASTES* 15.-21. jaanuar\u00a02018\u00a0 * AT- koolimaja aatrium, SP- spordihoone; KO-kogukonnakeskus; \u00a0 KL- klassiruum;\u00a0 Esmasp\u00e4ev, 15. jaanuar kl 14 AT, Tallinna Tantsuklubi \u201cMy Dance\u201d\u00a0showtants. \u00a0(www.mydance.ee) kl 14.40 KO,\u00a0Kandletund\u00a0edasij\u00f5udnutele\u00a0(Fa Stuudio\/kool, fastuudio@gmail.com ) kl 15 SP, Judoklubi \u201cAitado\u201d\u00a0Judo\u00a0(alustajad ja uuesti alustajad). \u00a0(www.aitado.ee) kl 16.30 SP, Judoklubi \u201cAitado\u201d\u00a0Judo\u00a0(edasij\u00f5udnud). \u00a0(www.aitado.ee) kl 17.30 KO,\u00a0Kandleansambel\u00a0LiuLi\u00a0proov.\u00a0(\u00fcle n\u00e4dala) kl 19 AT.\u00a0Suurupi naiskoor\u00a0Meretule Teisip\u00e4ev,<a class=\"moretag\" href=\"https:\/\/muraste.ee\/vana\/?page_id=5115\"><br \/>&#8230;Loe edasi<\/a><\/p>\n","protected":false},"author":2,"featured_media":0,"parent":0,"menu_order":0,"comment_status":"closed","ping_status":"closed","template":"nadalakava.php","meta":{"_bbp_topic_count":0,"_bbp_reply_count":0,"_bbp_total_topic_count":0,"_bbp_total_reply_count":0,"_bbp_voice_count":0,"_bbp_anonymous_reply_count":0,"_bbp_topic_count_hidden":0,"_bbp_reply_count_hidden":0,"_bbp_forum_subforum_count":0,"_mc_calendar":[]},"_links":{"self":[{"href":"https:\/\/muraste.ee\/vana\/index.php?rest_route=\/wp\/v2\/pages\/5115"}],"collection":[{"href":"https:\/\/muraste.ee\/vana\/index.php?rest_route=\/wp\/v2\/pages"}],"about":[{"href":"https:\/\/muraste.ee\/vana\/index.php?rest_route=\/wp\/v2\/types\/page"}],"author":[{"embeddable":true,"href":"https:\/\/muraste.ee\/vana\/index.php?rest_route=\/wp\/v2\/users\/2"}],"replies":[{"embeddable":true,"href":"https:\/\/muraste.ee\/vana\/index.php?rest_route=%2Fwp%2Fv2%2Fcomments&post=5115"}],"version-history":[{"count":1,"href":"https:\/\/muraste.ee\/vana\/index.php?rest_route=\/wp\/v2\/pages\/5115\/revisions"}],"predecessor-version":[{"id":5117,"href":"https:\/\/muraste.ee\/vana\/index.php?rest_route=\/wp\/v2\/pages\/5115\/revisions\/5117"}],"wp:attachment":[{"href":"https:\/\/muraste.ee\/vana\/index.php?rest_route=%2Fwp%2Fv2%2Fmedia&parent=5115"}],"curies":[{"name":"wp","href":"https:\/\/api.w.org\/{rel}","templated":true}]}}