{"id":5186,"date":"2018-02-12T08:59:16","date_gmt":"2018-02-12T06:59:16","guid":{"rendered":"https:\/\/muraste.ee\/vana\/?page_id=5186"},"modified":"2018-02-12T09:01:26","modified_gmt":"2018-02-12T07:01:26","slug":"5186-2","status":"publish","type":"page","link":"https:\/\/muraste.ee\/vana\/?page_id=5186","title":{"rendered":"N\u00e4dal 6"},"content":{"rendered":"<header class=\"entry-header\">\n<h1 class=\"entry-title\" style=\"text-align: center;\"><span style=\"color: #0000ff;\"><strong>N\u00c4DAL\u00a06 MURASTES*<br \/>\n5. &#8211; 11.\u00a0veebruar 2018\u00a0<\/strong><\/span><\/h1>\n<div class=\"entry-content\" style=\"text-align: left;\">\n<p><span style=\"color: #808080;\"><em>* AT- koolimaja aatrium, SP- spordihoone; KO-kogukonnakeskus; \u00a0 KL- klassiruum;<br \/>\n<\/em><\/span><strong><span style=\"color: #800000;\"><em>Pildil:\u00a0R\u00f5\u00f5m valgest lumest<\/em><\/span><\/strong><strong><span style=\"color: #800000;\"><br \/>\n<\/span><\/strong><\/p>\n<p><strong><span style=\"color: #800000;\"><span style=\"color: #0000ff;\">Esmasp\u00e4ev,\u00a05. veebruar\u00a0<\/span><\/span><br \/>\n<\/strong>kl 14 AT, Tallinna Tantsuklubi \u201cMy Dance\u201d\u00a0<strong>showtants<\/strong>. \u00a0(www.mydance.ee)<br \/>\nkl 14.40 KO,\u00a0K<strong>andletund<\/strong>\u00a0edasij\u00f5udnutele\u00a0(Fa Stuudio\/kool, fastuudio@gmail.com )<br \/>\nkl 15 SP, Judoklubi \u201cAitado\u201d\u00a0<strong>Judo<\/strong>\u00a0(alustajad ja uuesti alustajad). \u00a0(www.aitado.ee)<br \/>\nkl 16.30 SP, Judoklubi \u201cAitado\u201d\u00a0<strong>Judo<\/strong>\u00a0(edasij\u00f5udnud). \u00a0(www.aitado.ee)<br \/>\nkl 17.30 KO,\u00a0Kandleansambel\u00a0<strong>LiuLi\u00a0<\/strong>proov\u00a0<em>(\u00fcle n\u00e4dala).<\/em><strong>\u00a0<a href=\"https:\/\/muraste.ee\/vana\/wp-content\/uploads\/2016\/03\/meretule-koos.jpg\" rel=\"attachment wp-att-5172\"><img decoding=\"async\" loading=\"lazy\" class=\"size-medium wp-image-5172 alignright\" src=\"https:\/\/muraste.ee\/vana\/wp-content\/uploads\/2016\/03\/meretule-koos-300x169.jpg\" alt=\"meretule koos\" width=\"300\" height=\"169\" srcset=\"https:\/\/muraste.ee\/vana\/wp-content\/uploads\/2016\/03\/meretule-koos-300x169.jpg 300w, https:\/\/muraste.ee\/vana\/wp-content\/uploads\/2016\/03\/meretule-koos-768x432.jpg 768w, https:\/\/muraste.ee\/vana\/wp-content\/uploads\/2016\/03\/meretule-koos-624x351.jpg 624w, https:\/\/muraste.ee\/vana\/wp-content\/uploads\/2016\/03\/meretule-koos-128x72.jpg 128w, https:\/\/muraste.ee\/vana\/wp-content\/uploads\/2016\/03\/meretule-koos.jpg 960w\" sizes=\"(max-width: 300px) 100vw, 300px\" \/><\/a><\/strong><br \/>\nkl 19 AT.\u00a0Suurupi naiskoor\u00a0<strong>Meretule\u00a0<\/strong>\u00a0(<strong>Pildil<\/strong>\u00a0hetk 4.veebruaril Muraste koolimajas toimunud kontserdist, kui laval on\u00a0Tallinna Tehnika\u00fclikooli Akadeemiline Naiskoor, Suurupi naiskoor Meretule ja Tabasalu \u00dchisg\u00fcmnaasiumi poistekoort laulmas Eesti Vabariigi\u00a0 suure juubeli auks laulu &#8220;Ta lendab mesipuu poole.&#8221;\u00a0<strong>Suur t\u00e4nu k\u00f5igile osalejatele imeilusa emotsiooni eest!<\/strong><\/p>\n<p><span style=\"color: #0000ff;\"><strong>Teisip\u00e4ev, 6.\u00a0veebruar<\/strong><\/span><br \/>\nkl 14.40-15.25 KO,\u00a0<strong>Fa Stuudio \u00a0fl\u00f6\u00f6diring<\/strong>\u00a0edasij\u00f5udnutele. \u00a0(fastuudio@gmail.com v\u00f5i tel 5160031)<br \/>\nkl 15.30-18.00 KO,\u00a0<strong>Soololaul \/ klaver<\/strong>\u00a0(juhendab Triin Kont-Kontson)<br \/>\nkl 16-18.30 KL, Lahe Huvikooli\u00a0<strong>eelkool<\/strong>\u00a0\u00a0(www.lahehuvikool.ee)<br \/>\nkl 17 KL,\u00a0<strong>Puut\u00f6\u00f6ring<\/strong>\u00a0I grupp, juhendab Argo Aruvald.<br \/>\nkl 18 KL,\u00a0<strong>Puut\u00f6\u00f6ring<\/strong>\u00a0II grupp juhendab Argo Aruvald.<br \/>\nkl 18 KO,\u00a0<strong>Raadioring<\/strong>. Juhendab Vytautas Martinonis.<br \/>\nkl 18.30 KL,\u00a0<strong>Inglise keele kursus\u00a0 (<\/strong><em>I grupp, algteadmisi omajatel on v\u00f5imalus liituda ka juba t\u00f6\u00f6tava grupiga).<\/em>\u00a0K\u00fcsi lisa juhendajalt tel 56575575.<a href=\"https:\/\/muraste.ee\/vana\/wp-content\/uploads\/2016\/03\/revalia_muraste-jaanuar.jpg\" rel=\"attachment wp-att-4910\"><img decoding=\"async\" loading=\"lazy\" class=\"wp-image-4910 size-medium alignright\" src=\"https:\/\/muraste.ee\/vana\/wp-content\/uploads\/2016\/03\/revalia_muraste-jaanuar-212x300.jpg\" alt=\"revalia_muraste jaanuar\" width=\"212\" height=\"300\" srcset=\"https:\/\/muraste.ee\/vana\/wp-content\/uploads\/2016\/03\/revalia_muraste-jaanuar-212x300.jpg 212w, https:\/\/muraste.ee\/vana\/wp-content\/uploads\/2016\/03\/revalia_muraste-jaanuar-768x1086.jpg 768w, https:\/\/muraste.ee\/vana\/wp-content\/uploads\/2016\/03\/revalia_muraste-jaanuar-724x1024.jpg 724w, https:\/\/muraste.ee\/vana\/wp-content\/uploads\/2016\/03\/revalia_muraste-jaanuar-624x882.jpg 624w\" sizes=\"(max-width: 212px) 100vw, 212px\" \/><\/a><br \/>\nkl 18.30 KL,\u00a0<strong>Naiskodukaitse<\/strong>\u00a0Harku osakonna juhatuse koosolek.<br \/>\nkl 18 KO,\u00a0<strong>Inglise keele vestlusring,\u00a0<\/strong>juhendab James Gill<br \/>\nkl 19 SP,\u00a0<strong>V\u00f5rkpall\u00a0<\/strong><em>(naised\/mehed)- oodatud on k\u00f5ik v\u00f5rkpallihuvilised!;<br \/>\n<\/em>kl 19 KL,\u00a0\u00a0<strong><a href=\"https:\/\/muraste.ee\/vana\/?p=4470\" target=\"_blank\">Kunda<\/a><a href=\"https:\/\/muraste.ee\/vana\/?p=4470\" target=\"_blank\">lini jooga\u00a0<\/a><\/strong><a href=\"mailto:info@lahetervis.ee\">info@lahetervis.ee<\/a><strong>,<\/strong>\u00a0tel.56903049,<br \/>\nkl 19\u00a0<strong>Tilgu h\u00fclged suplevad<\/strong>\u00a0Tilgu sadamas! Info: FB grupp Taliujumine Tilgus.<br \/>\nkl 18.30 AT,\u00a0<strong><span style=\"color: #ff0000;\">UUS!\u00a0<span style=\"color: #000000;\">S<\/span><\/span><\/strong><span style=\"color: #000000;\"><strong>eltskonnatantsu kursus algajatele<\/strong><\/span>. Veel pole hilja liituda &#8211; k\u00f5ik tantsuhuvilised on oodatud!<br \/>\nkl 19.45 AT,\u00a0<strong>Seltskonnatantsude harjutustund<\/strong>\u2013 v\u00f5imalus \u00f5pitut kinnistada ja toredas seltskonnas jalga keerutada.<\/p>\n<p><span style=\"color: #0000ff;\"><strong>Kolmap\u00e4ev, 7.\u00a0veebruar<\/strong><\/span><br \/>\nkl 13.45 KL,\u00a0<strong>Kitarriring<\/strong>\u00a0(I grupp) (Ain Varts, www.huviringid.ee)<br \/>\nkl 13.45 KL,\u00a0<strong>Kitarriring<\/strong>\u00a0(II grupp) (Ain Varts, www.huviringid.ee )<br \/>\nkl 15.30 KL,\u00a0<strong>Malering<\/strong>\u00a0(Jaan Urgas,\u00a0www.huviringid.ee)<br \/>\nkl 14 AT, Tallinna Tantsuklubi \u201cMy Dance\u201d\u00a0<strong>showtants<\/strong>. \u00a0(www.mydance.ee)<br \/>\nkl 14.45 KL,\u00a0<strong>Noortejooga<\/strong>\u00a0alates 3. kl<br \/>\nkl 14.40 KO,\u00a0<strong>Kandletund algajatele<\/strong>\u00a0I grupp (Fa Stuudio\/kool)<br \/>\nkl 15.45 KO,\u00a0<strong>Beebide-p\u00f5nnide muusikaring<\/strong>\u00a0(fastuudio@gmail.com v\u00f5i tel 5160031)<br \/>\nkl 16.15 SP, Judoklubi \u201cAitado\u201d\u00a0<strong>Judo\u00a0(<\/strong>alustajad ja uuesti alustajad). \u00a0(www.aitado.ee)<br \/>\nkl 17.45 SP, Judoklubi \u201cAitado\u201d\u00a0<strong>Judo<\/strong>\u00a0(edasij\u00f5udnud). \u00a0(www.aitado.ee)<br \/>\nkl 18 KL,\u00a0<strong>Mudelismiring<\/strong>\u00a0(juhendab Andres Madissoo)<br \/>\nkl 18.30 KO,\u00a0<strong><span style=\"color: #ff0000;\">UUS!<\/span><\/strong>\u00a0Kursus:\u00a0<strong>Praktiline lilleseade<\/strong>. T\u00e4psemalt loe\u00a0<strong><a href=\"https:\/\/muraste.ee\/vana\/?p=4561\">SIIT<\/a><\/strong>!<br \/>\nkl 18.30 AT,\u00a0<strong>Line-tants.<\/strong>\u00a0Tulge k\u00f5ik ja saage osa elur\u00f5\u00f5must!<br \/>\nInfo kristin@huviline.ee\u00a0<a href=\"https:\/\/muraste.ee\/vana\/wp-content\/uploads\/2016\/03\/ykt.jpg\" rel=\"attachment wp-att-4902\"><img decoding=\"async\" loading=\"lazy\" class=\"size-medium wp-image-4902 alignright\" src=\"https:\/\/muraste.ee\/vana\/wp-content\/uploads\/2016\/03\/ykt-300x251.jpg\" alt=\"ykt\" width=\"300\" height=\"251\" srcset=\"https:\/\/muraste.ee\/vana\/wp-content\/uploads\/2016\/03\/ykt-300x251.jpg 300w, https:\/\/muraste.ee\/vana\/wp-content\/uploads\/2016\/03\/ykt-768x644.jpg 768w, https:\/\/muraste.ee\/vana\/wp-content\/uploads\/2016\/03\/ykt-624x523.jpg 624w, https:\/\/muraste.ee\/vana\/wp-content\/uploads\/2016\/03\/ykt.jpg 940w\" sizes=\"(max-width: 300px) 100vw, 300px\" \/><br \/>\n<\/a>kl 19.15-20.15\u00a0<strong>\u00dcLDKEHALISE<br \/>\nETTEVALMISTUSE\u00a0\u00a0TREENING!\u00a0<\/strong><em>\u00dcKE ehk \u00fcldkehalise ettevalmistuse treeningud on mitmek\u00fclgsed ning kogu keha arendavad. Treeningutes parandavad lapsed oma koordinatsiooni, painduvust ning tasakaalu, mis tuleb kasuks nii motokrossihuvilistele kui ka k\u00f5igile teistele. Vajalikud sise-spordijalatsid.\u00a0Kuutasu 20 \u20ac.\u00a0<\/em><strong>K\u00d5IK SPORDIS\u00d5BRAD ON OODATUD!<\/strong>\u00a0Lisainfo:\u00a0<a href=\"http:\/\/motokrossipisik.eu\/saalitrennid\/\" target=\"_blank\" rel=\"noopener nofollow\" data-ft=\"{&quot;tn&quot;:&quot;-U&quot;}\" data-lynx-mode=\"async\" data-lynx-uri=\"https:\/\/l.facebook.com\/l.php?u=http%3A%2F%2Fmotokrossipisik.eu%2Fsaalitrennid%2F&amp;h=ATMtTHYPByHFd3Ejb-M_bw3_McwWuVo6SD2thhdIQy0F3YVpA_h8WkckKLGErB5uFSUlktLr926FwJ0TEtQ-jB1FBraRjZFjM3beY2s_WKOJD6YfrxE6Mt1hjwfw9ksYAGjgdHZC18BIeDnAuwSsYczTILfnnMLOzQF24cH3R6VS26raqEtS2BUg7_WQqbEtEpxp1xS_pyotI8RQyh4c32tfhGm_t2n7ldi5cdnf0XZ3A7pBLlADRaD37BfrOmuJ2do5HhcLCgaUhRx9NIHS07XqH95qhCVLIPfFZlqnktc\">http:\/\/motokrossipisik.eu\/saalitrennid\/<\/a>, hannes@motokrossipisik.ee, telefon 5296556<\/p>\n<p><span style=\"color: #0000ff;\"><strong>Neljap\u00e4ev, 8.\u00a0vebruar<\/strong><\/span><br \/>\nkl 12.40 KL\u00a0<strong>Meisterdamine<\/strong>\u00a01. kl (Loovuslabor)<br \/>\nkl 13.45 KL\u00a0<strong>Meisterdamine<\/strong>\u00a03.-4. kl (Loovuslabor)<br \/>\nkl 14-16.30 KO,\u00a0<strong>Soololaul\/klaver<\/strong>\u00a0(juhendab Triin Kont-Kontson)<br \/>\nkl 15.30 KL\u00a0<strong>Tekstiili- ja disainiring<\/strong>\u00a05-6\u00a0kl (Loovuslabor)<br \/>\nkl\u00a019.00\u00a0KL,\u00a0<strong>Inglise keele\u00a0kursus<\/strong><em>\u00a0(II grupp,\u00a0<\/em>algajatele ja uuesti alustajatele). \u00a0T\u00e4psem info marethein@gmail.com, tel 56575575.<br \/>\nkl 18.30 AT,\u00a0<strong>Nimetu\u00a0N\u00e4item\u00e4nguselts\u00a0\u00a0<\/strong>(juhendab \u00a0Anne Veesaar)<br \/>\nkl 18 KO, \u00a0<strong><span style=\"color: #ff0000;\">UUS!\u00a0<\/span>ATH-laste vanemate tugir\u00fchm.\u00a0Tulge, koos on kergem!<\/strong><br \/>\nkl 19\u00a0<strong>Tilgu h\u00fclged suplevad<\/strong>\u00a0Tilgu sadamas! Info: FB grupp Taliujumine Tilgus.<br \/>\nkl 19 SP,<strong>\u00a0Mudelistide lennutund\u00a0<\/strong>(juhendab Tiit T\u00f5nurist)<\/p>\n<p><span style=\"color: #ff6600;\"><strong><span style=\"color: #0000ff;\">Reede, 9. veebruar<\/span><br \/>\n<\/strong><span style=\"color: #000000;\">kl 16 \u00f5ues, \u00a0Skaudiring, oodatud k\u00f5ik kooliealised lapsed. Kogunemine v\u00f5rkpalliplatsi juures.\u00a0<\/span><span style=\"color: #000000;\"><br \/>\n<\/span><\/span><\/p>\n<p><strong><span style=\"color: #0000ff;\">Laup\u00e4ev, 3. veebruar<a href=\"https:\/\/muraste.ee\/vana\/wp-content\/uploads\/2016\/03\/li.jpg\" rel=\"attachment wp-att-5162\"><img decoding=\"async\" loading=\"lazy\" class=\"size-thumbnail wp-image-5162 alignright\" src=\"https:\/\/muraste.ee\/vana\/wp-content\/uploads\/2016\/03\/li-150x150.jpg\" alt=\"li\" width=\"150\" height=\"150\" \/><\/a><\/span><\/strong><br \/>\nkl 10 KL,<strong><span style=\"color: #ff0000;\">\u00a0UUS!<\/span><\/strong>\u00a0<strong>Kandlemeisterdamine<\/strong>\u00a0(I grupp komplekteeritud). II grupp alustab 17. m\u00e4rtsil,\u00a0k\u00fcsi lisa tel 5058495 (Maria), liuli.info@gmail.com<\/p>\n<header class=\"entry-header\">\n<div class=\"entry-content\"><\/div>\n<\/header>\n<p><span style=\"color: #c4213a;\"><strong><span style=\"color: #99cc00;\"><span style=\"color: #0000ff;\">PEATSELT TULEKUL\u00a0<\/span><\/span><\/strong><\/span><\/p>\n<\/div>\n<div class=\"entry-content\" style=\"text-align: left;\"><span style=\"color: #ff0000;\"><strong>UUS!<\/strong>\u00a0<\/span>23. veebruaril kell 19\u00a0 Eesti Vabariigi 100. s\u00fcnnip\u00e4evale p\u00fchendatud\u00a0<strong>\u00f6\u00f6matk.\u00a0<\/strong>T\u00e4psemalt loe\u00a0<a href=\"https:\/\/muraste.ee\/vana\/?p=5105\" target=\"_blank\"><strong><span style=\"color: #ff0000;\">SIIT<\/span>\u00a0<\/strong><\/a>(tekst t\u00e4ieneb)<\/div>\n<\/header>\n<div class=\"entry-content\" style=\"text-align: left;\"><\/div>\n<div class=\"entry-content\" style=\"text-align: left;\"><\/div>\n<header class=\"entry-header\">\n<div class=\"entry-content\" style=\"text-align: left;\"><span style=\"color: #ff0000;\"><strong>UUS!<\/strong>\u00a0<\/span>28. veebruaril kell 19 algab uus\u00a0<strong>inglise keele kursus<\/strong>\u00a0uuesti alustajatele ja algajatele . Registreerumine hiljemalt 20.veebruariks; lisainfo \u00a0juhendajalt tel 56575575 (Maret Hein).<\/div>\n<div class=\"entry-content\" style=\"text-align: left;\"><span style=\"color: #ff0000;\"><strong><br \/>\nUUS!\u00a0<\/strong><span style=\"color: #000000;\">1. m\u00e4rtsil kell 18.30-21\u00a0<strong>J<\/strong><\/span><strong><span style=\"color: #000000;\">umestuskursus\u00a0<\/span><\/strong><span style=\"color: #000000;\"><em>(hind15\u20ac).\u00a0<\/em><\/span><em><span style=\"color: #000000;\">I<\/span><span style=\"color: #000000;\">nfo ja registreerumine\u00a0<\/span><span style=\"color: #000000;\">\u00a0stuudio.parlisara@gmail.co<\/span><span style=\"color: #000000;\">m.\u00a0<\/span><\/em><span style=\"color: #000000;\">T\u00e4psemalt loe\u00a0<strong><span style=\"color: #ff0000;\"><a href=\"https:\/\/muraste.ee\/vana\/?p=5174\" target=\"_blank\">SIIT<\/a><\/span><\/strong><\/span><strong><span style=\"color: #000000;\"><br \/>\n<\/span><br \/>\nUUS!<\/strong>\u00a0<\/span>8. m\u00e4rts kell 19 Muraste Nimetu N\u00e4item\u00e4nguselts etendusega<strong>\u00a0\u201cKaheksa armastavat naist\u201d<\/strong>\u00a0(esietendus)<\/div>\n<div class=\"entry-content\" style=\"text-align: left;\"><\/div>\n<div class=\"entry-content\" style=\"text-align: left;\"><span style=\"color: #ff0000;\"><strong>UUS!\u00a0<\/strong><span style=\"color: #000000;\">11. m\u00e4rtsil alustab<\/span><strong>\u00a0<\/strong><\/span><strong>V\u00e4ikelaevajuhi kursus<\/strong>. T\u00e4psemalt loe<span style=\"color: #ff0000;\"><strong>\u00a0<a style=\"color: #ff0000;\" href=\"https:\/\/muraste.ee\/vana\/?p=5144\" target=\"_blank\">SIIT<\/a><\/strong><\/span><\/div>\n<div class=\"entry-content\" style=\"text-align: left;\"><\/div>\n<div class=\"entry-content\" style=\"text-align: left;\"><strong><span style=\"color: #ff0000;\">UUS!<\/span>\u00a0<\/strong>17. m\u00e4rtsil kell 16<strong>\u00a0<\/strong>Harku Harakad 10! tantsuetendus\u00a0<strong>&#8220;Naine, Sa keeruta, lennuta!&#8221;<\/strong><\/div>\n<div class=\"entry-content\" style=\"text-align: left;\"><\/div>\n<\/header>\n<div class=\"entry-content\" style=\"text-align: left;\"><a href=\"https:\/\/muraste.ee\/vana\/wp-content\/uploads\/2018\/01\/a4_o\u0308o\u0308matk.jpg\" rel=\"attachment wp-att-5106\"><img decoding=\"async\" loading=\"lazy\" class=\"alignnone size-large wp-image-5106\" src=\"https:\/\/muraste.ee\/vana\/wp-content\/uploads\/2018\/01\/a4_o\u0308o\u0308matk-724x1024.jpg\" alt=\"a4_o\u0308o\u0308matk\" width=\"625\" height=\"884\" srcset=\"https:\/\/muraste.ee\/vana\/wp-content\/uploads\/2018\/01\/a4_o\u0308o\u0308matk-724x1024.jpg 724w, https:\/\/muraste.ee\/vana\/wp-content\/uploads\/2018\/01\/a4_o\u0308o\u0308matk-212x300.jpg 212w, https:\/\/muraste.ee\/vana\/wp-content\/uploads\/2018\/01\/a4_o\u0308o\u0308matk-768x1086.jpg 768w, https:\/\/muraste.ee\/vana\/wp-content\/uploads\/2018\/01\/a4_o\u0308o\u0308matk-624x883.jpg 624w\" sizes=\"(max-width: 625px) 100vw, 625px\" \/><\/a><\/div>\n<header class=\"entry-header\">\n<div class=\"entry-content\" style=\"text-align: left;\"><\/div>\n<div class=\"entry-content\" style=\"text-align: left;\">\n<p><strong><span style=\"color: #ff6600;\">HEAD TEHA ON HEA!<\/span><br \/>\n<\/strong><\/p>\n<div class=\"\" data-block=\"true\" data-editor=\"60cdp\" data-offset-key=\"10vg2-0-0\">\n<div class=\"_1mf _1mj\" data-offset-key=\"10vg2-0-0\"><span data-offset-key=\"10vg2-0-0\"><span data-text=\"true\">Muraste kooli \u00f5petaja Anu Kihulane on kaante vahele saanud \u00fche armsa luule- ja v\u00e4rviraamatu. Lisaks sellele, et k\u00f5igil soovijatel on v\u00f5imalus<strong>\u00a0raamat &#8220;Maiad aias&#8221;<\/strong>\u00a0v\u00e4rvimist ja luuletusi armastavatele lastele osta, on Anul l\u00e4bi isikliku ja valusa kogemuse \u00fcks kena unistus &#8211; ta soovib toredate toetajate abil heade soovidega t\u00e4idetud raamatuid kinkida Eesti Vabariigi s\u00fcnnip\u00e4eval haiglaseinte vahel olevatele lastele.<\/span><\/span><\/div>\n<\/div>\n<div class=\"\" data-block=\"true\" data-editor=\"60cdp\" data-offset-key=\"5v2kc-0-0\">\n<div class=\"_1mf _1mj\" data-offset-key=\"5v2kc-0-0\"><\/div>\n<div class=\"_1mf _1mj\" data-offset-key=\"5v2kc-0-0\"><span data-offset-key=\"5v2kc-0-0\"><span data-text=\"true\"><strong>Mida selleks teha?<\/strong>\u00a0Raamatud on saadaval Muraste kogukonnakeskuses, raamatukese hinnaks on 5\u20ac. Kingitusena m\u00f5eldud raamatutele saab samas ka p\u00fchenduse sisse kirjutada &#8211; Anu ise organiseerib nende j\u00f5udmise Eesti Vabariigi suurel s\u00fcnnip\u00e4eval lasteni, kellel see pisike kingitus loodetavasti meele r\u00f5\u00f5msaks teeb:)<\/span><\/span><\/div>\n<\/div>\n<div class=\"\" data-block=\"true\" data-editor=\"60cdp\" data-offset-key=\"5kb0i-0-0\">\n<div class=\"_1mf _1mj\" data-offset-key=\"5kb0i-0-0\"><\/div>\n<div class=\"_1mf _1mj\" data-offset-key=\"5kb0i-0-0\"><span data-offset-key=\"5kb0i-0-0\"><span data-text=\"true\">Head teha on hea!<\/span><\/span><\/div>\n<div class=\"_1mf _1mj\" data-offset-key=\"5kb0i-0-0\"><\/div>\n<\/div>\n<p><strong><a href=\"https:\/\/muraste.ee\/vana\/wp-content\/uploads\/2016\/03\/aias.jpg\" rel=\"attachment wp-att-5113\"><img decoding=\"async\" loading=\"lazy\" class=\"alignnone wp-image-5113 size-full\" src=\"https:\/\/muraste.ee\/vana\/wp-content\/uploads\/2016\/03\/aias-e1516028296253.jpg\" alt=\"aias\" width=\"960\" height=\"540\" srcset=\"https:\/\/muraste.ee\/vana\/wp-content\/uploads\/2016\/03\/aias-e1516028296253.jpg 960w, https:\/\/muraste.ee\/vana\/wp-content\/uploads\/2016\/03\/aias-e1516028296253-300x169.jpg 300w, https:\/\/muraste.ee\/vana\/wp-content\/uploads\/2016\/03\/aias-e1516028296253-128x72.jpg 128w, https:\/\/muraste.ee\/vana\/wp-content\/uploads\/2016\/03\/aias-e1516028296253-768x432.jpg 768w, https:\/\/muraste.ee\/vana\/wp-content\/uploads\/2016\/03\/aias-e1516028296253-624x351.jpg 624w\" sizes=\"(max-width: 960px) 100vw, 960px\" \/><\/a><\/strong><\/p>\n<p><span style=\"color: #800000;\"><strong>TEADETETAHVEL<\/strong><\/span><\/p>\n<\/div>\n<div class=\"entry-content\">\n<div class=\"_1mf _1mj\" data-offset-key=\"cki46-0-0\">\n<div class=\"_1mf _1mj\" data-offset-key=\"cki46-0-0\"><strong><span style=\"color: #339966;\"><img decoding=\"async\" loading=\"lazy\" class=\"size-medium wp-image-3740 alignright\" src=\"https:\/\/muraste.ee\/vana\/wp-content\/uploads\/2016\/03\/stend-300x224.jpg\" sizes=\"(max-width: 300px) 100vw, 300px\" srcset=\"https:\/\/muraste.ee\/vana\/wp-content\/uploads\/2016\/03\/stend-300x224.jpg 300w, https:\/\/muraste.ee\/vana\/wp-content\/uploads\/2016\/03\/stend-768x572.jpg 768w, https:\/\/muraste.ee\/vana\/wp-content\/uploads\/2016\/03\/stend-1024x763.jpg 1024w, https:\/\/muraste.ee\/vana\/wp-content\/uploads\/2016\/03\/stend-624x465.jpg 624w, https:\/\/muraste.ee\/vana\/wp-content\/uploads\/2016\/03\/stend.jpg 1300w\" alt=\"stend\" width=\"300\" height=\"224\" \/><\/span><\/strong><\/div>\n<div class=\"_1mf _1mj\" data-offset-key=\"cki46-0-0\"><\/div>\n<div class=\"_1mf _1mj\" data-offset-key=\"cki46-0-0\">\n<p><strong>Soovid avaldada oma reklaami<\/strong>\u00a0meie infokanalites? Juhised on\u00a0<strong>siin<\/strong>!<\/p>\n<\/div>\n<div class=\"_1mf _1mj\" data-offset-key=\"cki46-0-0\"><strong>Soovid kasutada<\/strong>\u00a0m\u00f5nd Muraste k\u00fclaseltsi poolt pakutavat<strong>\u00a0teenust<\/strong>? V\u00f5imalused on<strong>\u00a0siin!<\/strong><\/div>\n<div class=\"_1mf _1mj\" data-offset-key=\"cki46-0-0\"><\/div>\n<div class=\"_1mf _1mj\" data-offset-key=\"cki46-0-0\"><\/div>\n<p><strong>Teadmiseks:\u00a0<\/strong>Muraste igan\u00e4dalase e-infokirjaga liitumiseks saada sellekohane teade muraste@muraste.ee<br \/>\n<strong>Muraste kogukonnakeskus\u00a0<\/strong>(Lee tee 9, Muraste) avatud E-N 10-18, R 10-16.<br \/>\n<strong>T\u00e4psustused ja info:<\/strong>\u00a0kogukonnakeskus@muraste.ee;\u00a05253128 (Aule Kikas).<\/p>\n<\/div>\n<\/div>\n<\/header>\n","protected":false},"excerpt":{"rendered":"<p>N\u00c4DAL\u00a06 MURASTES* 5. &#8211; 11.\u00a0veebruar 2018\u00a0 * AT- koolimaja aatrium, SP- spordihoone; KO-kogukonnakeskus; \u00a0 KL- klassiruum; Pildil:\u00a0R\u00f5\u00f5m valgest lumest Esmasp\u00e4ev,\u00a05. veebruar\u00a0 kl 14 AT, Tallinna Tantsuklubi \u201cMy Dance\u201d\u00a0showtants. \u00a0(www.mydance.ee) kl 14.40 KO,\u00a0Kandletund\u00a0edasij\u00f5udnutele\u00a0(Fa Stuudio\/kool, fastuudio@gmail.com ) kl 15 SP, Judoklubi \u201cAitado\u201d\u00a0Judo\u00a0(alustajad ja uuesti alustajad). \u00a0(www.aitado.ee) kl 16.30 SP, Judoklubi \u201cAitado\u201d\u00a0Judo\u00a0(edasij\u00f5udnud). \u00a0(www.aitado.ee) kl 17.30 KO,\u00a0Kandleansambel\u00a0LiuLi\u00a0proov\u00a0(\u00fcle n\u00e4dala).\u00a0 kl<a class=\"moretag\" href=\"https:\/\/muraste.ee\/vana\/?page_id=5186\"><br \/>&#8230;Loe edasi<\/a><\/p>\n","protected":false},"author":2,"featured_media":0,"parent":0,"menu_order":0,"comment_status":"closed","ping_status":"closed","template":"uudised.php","meta":{"_bbp_topic_count":0,"_bbp_reply_count":0,"_bbp_total_topic_count":0,"_bbp_total_reply_count":0,"_bbp_voice_count":0,"_bbp_anonymous_reply_count":0,"_bbp_topic_count_hidden":0,"_bbp_reply_count_hidden":0,"_bbp_forum_subforum_count":0,"_mc_calendar":[]},"_links":{"self":[{"href":"https:\/\/muraste.ee\/vana\/index.php?rest_route=\/wp\/v2\/pages\/5186"}],"collection":[{"href":"https:\/\/muraste.ee\/vana\/index.php?rest_route=\/wp\/v2\/pages"}],"about":[{"href":"https:\/\/muraste.ee\/vana\/index.php?rest_route=\/wp\/v2\/types\/page"}],"author":[{"embeddable":true,"href":"https:\/\/muraste.ee\/vana\/index.php?rest_route=\/wp\/v2\/users\/2"}],"replies":[{"embeddable":true,"href":"https:\/\/muraste.ee\/vana\/index.php?rest_route=%2Fwp%2Fv2%2Fcomments&post=5186"}],"version-history":[{"count":2,"href":"https:\/\/muraste.ee\/vana\/index.php?rest_route=\/wp\/v2\/pages\/5186\/revisions"}],"predecessor-version":[{"id":5189,"href":"https:\/\/muraste.ee\/vana\/index.php?rest_route=\/wp\/v2\/pages\/5186\/revisions\/5189"}],"wp:attachment":[{"href":"https:\/\/muraste.ee\/vana\/index.php?rest_route=%2Fwp%2Fv2%2Fmedia&parent=5186"}],"curies":[{"name":"wp","href":"https:\/\/api.w.org\/{rel}","templated":true}]}}