{"id":5307,"date":"2018-03-05T09:12:45","date_gmt":"2018-03-05T07:12:45","guid":{"rendered":"https:\/\/muraste.ee\/vana\/?page_id=5307"},"modified":"2018-03-05T09:12:45","modified_gmt":"2018-03-05T07:12:45","slug":"nadal-9-3","status":"publish","type":"page","link":"https:\/\/muraste.ee\/vana\/?page_id=5307","title":{"rendered":"N\u00e4dal 9"},"content":{"rendered":"<header class=\"entry-header\">\n<h1 class=\"entry-title\"><strong>N\u00c4DAL\u00a09 MURASTES*<br \/>\n26. veebruar \u2013 4. m\u00e4rts 2018\u00a0<\/strong><\/h1>\n<div class=\"entry-content\">\n<p><em>* AT- koolimaja aatrium, SP- spordihoone; KO-kogukonnakeskus; \u00a0 KL- klassiruum;<br \/>\n<\/em><\/p>\n<div class=\"entry-content\">\n<p><strong>Esma<a href=\"https:\/\/muraste.ee\/vana\/wp-content\/uploads\/2018\/02\/lind-laulab.jpeg\" rel=\"attachment wp-att-5229\"><img decoding=\"async\" loading=\"lazy\" class=\"size-medium wp-image-5229 alignright\" src=\"https:\/\/muraste.ee\/vana\/wp-content\/uploads\/2018\/02\/lind-laulab-106x300.jpeg\" alt=\"lind laulab\" width=\"106\" height=\"300\" srcset=\"https:\/\/muraste.ee\/vana\/wp-content\/uploads\/2018\/02\/lind-laulab-106x300.jpeg 106w, https:\/\/muraste.ee\/vana\/wp-content\/uploads\/2018\/02\/lind-laulab-361x1024.jpeg 361w, https:\/\/muraste.ee\/vana\/wp-content\/uploads\/2018\/02\/lind-laulab.jpeg 451w\" sizes=\"(max-width: 106px) 100vw, 106px\" \/><\/a>sp\u00e4ev, 26. veebruar<br \/>\n<\/strong><strong>UUS!\u00a0<\/strong><strong>Kuni 11. m\u00e4rtsini saab koolimajas vaadata n\u00e4itust \u201cTuulepealne maa \u2013 siin on sinu kodu\u201d.<\/strong>\u00a0Juurdep\u00e4\u00e4s avatud koolimaja ja kogukonnakeskuse lahtioleku aegadel. Muul ajal leppige k\u00fclastus kokku tel 5253128.<br \/>\nkl 15 SP, Judoklubi \u201cAitado\u201d\u00a0<strong>Judo\u00a0(<\/strong>alustajad ja uuesti alustajad). \u00a0(www.aitado.ee)<br \/>\nkl 16.30 SP, Judoklubi \u201cAitado\u201d\u00a0<strong>Judo<\/strong>\u00a0(edasij\u00f5udnud). \u00a0(www.aitado.ee)<br \/>\nkl 16.30 KO, Kandle\u00f5pe (juhendab Maria Vessmann)<br \/>\nkl 17.30 KO,\u00a0Kandleansambel\u00a0<strong>LiuLi\u00a0<\/strong>proov\u00a0<em>(\u00fcle n\u00e4dala).<\/em><strong><br \/>\n<\/strong>kl 18 AT,\u00a0<strong>UUS!\u00a0Triinu laululaste minikontsert<\/strong>\u00a0(kutsetega)<br \/>\nkl 19 AT.\u00a0Suurupi naiskoor\u00a0<strong>Meretule\u00a0<\/strong>(juhendab Elen Ilves)<br \/>\nkl 19 Tilgu h\u00fclgete treeningtund\u00a0<em>(info Aile Kaljola)<\/em><\/p>\n<\/div>\n<\/div>\n<div class=\"entry-content\">\n<p><strong>Teisip\u00e4ev, 27.\u00a0veebruar<a href=\"https:\/\/muraste.ee\/vana\/wp-content\/uploads\/2016\/03\/revalia_muraste_A4-2018-kevad.jpg\" rel=\"attachment wp-att-5286\"><img decoding=\"async\" loading=\"lazy\" class=\"size-medium wp-image-5286 alignright\" src=\"https:\/\/muraste.ee\/vana\/wp-content\/uploads\/2016\/03\/revalia_muraste_A4-2018-kevad-212x300.jpg\" sizes=\"(max-width: 212px) 100vw, 212px\" srcset=\"https:\/\/muraste.ee\/vana\/wp-content\/uploads\/2016\/03\/revalia_muraste_A4-2018-kevad-212x300.jpg 212w, https:\/\/muraste.ee\/vana\/wp-content\/uploads\/2016\/03\/revalia_muraste_A4-2018-kevad.jpg 595w\" alt=\"revalia_muraste_A4 2018 kevad\" width=\"212\" height=\"300\" \/><\/a><\/strong><br \/>\nkl 18.30 KL,\u00a0<strong>Inglise keele kursus edasij\u00f5udnutele\u00a0<\/strong>(tase B 1.2 -B 2.1).\u00a0Juhendab marethein@gmail.com, tel 56575575.\u00a0<strong>NB!\u00a0Uued liitujad oodatud!<\/strong><br \/>\nkl 19 SP,\u00a0<strong>V\u00f5rkpall\u00a0<\/strong><em>(naised\/mehed)- oodatud on k\u00f5ik v\u00f5rkpallihuvilised!;<br \/>\n<\/em>kl 19 KL,\u00a0\u00a0<strong><a href=\"https:\/\/muraste.ee\/vana\/?p=4470\" target=\"_blank\">Kunda<\/a><a href=\"https:\/\/muraste.ee\/vana\/?p=4470\" target=\"_blank\">lini jooga\u00a0<\/a><\/strong><a href=\"mailto:info@lahetervis.ee\">info@lahetervis.ee<\/a><strong>,<\/strong>\u00a0tel.56903049,<br \/>\nkl 19\u00a0<strong>Tilgu h\u00fclged suplevad<\/strong>\u00a0Tilgu sadamas! Info: FB grupp Taliujumine Tilgus.<br \/>\nkl 18.30 AT,\u00a0<strong>S<\/strong><strong>eltskonnatantsu kursus algajatele<\/strong>.<br \/>\nkl 19.45 AT,\u00a0<strong>Seltskonnatantsude harjutustund<\/strong>\u2013 v\u00f5imalus \u00f5pitut kinnistada ja toredas seltskonnas jalga keerutada.<br \/>\n<strong>UUS TANTSUKURSUS TULEKUL!\u00a0<\/strong>27. m\u00e4rts- 22. mai uus seltskonnatantsu j\u00e4tkukursus! (vt posterilt t\u00e4psemat infot)<\/p>\n<p><strong>Kolmap\u00e4ev, 28.\u00a0veebruar<\/strong><br \/>\nkl 16.15 SP, Judoklubi \u201cAitado\u201d\u00a0<strong>Judo\u00a0(<\/strong>alustajad ja uuesti alustajad). \u00a0(www.aitado.ee)<br \/>\nkl 17.45 SP, Judoklubi \u201cAitado\u201d\u00a0<strong>Judo<\/strong>\u00a0(edasij\u00f5udnud). \u00a0(www.aitado.ee)<br \/>\nkl\u00a019 KL,\u00a0<strong>UUS!<\/strong>\u00a0<strong>inglise keele kursus<\/strong>\u00a0uuesti alustajatele ja algajatele . Lisainfo \u00a0juhendajalt tel 56575575 (Maret Hein).<br \/>\nkl 18.30 AT,\u00a0<strong>Line-tants.<\/strong>\u00a0Tulge k\u00f5ik ja saage osa elur\u00f5\u00f5must!<br \/>\nInfo kristin@huviline.ee<br \/>\n<a href=\"https:\/\/muraste.ee\/vana\/wp-content\/uploads\/2016\/03\/ykt.jpg\" rel=\"attachment wp-att-4902\"><img decoding=\"async\" loading=\"lazy\" class=\"size-medium wp-image-4902 alignright\" src=\"https:\/\/muraste.ee\/vana\/wp-content\/uploads\/2016\/03\/ykt-300x251.jpg\" sizes=\"(max-width: 300px) 100vw, 300px\" srcset=\"https:\/\/muraste.ee\/vana\/wp-content\/uploads\/2016\/03\/ykt-300x251.jpg 300w, https:\/\/muraste.ee\/vana\/wp-content\/uploads\/2016\/03\/ykt-768x644.jpg 768w, https:\/\/muraste.ee\/vana\/wp-content\/uploads\/2016\/03\/ykt-624x523.jpg 624w, https:\/\/muraste.ee\/vana\/wp-content\/uploads\/2016\/03\/ykt.jpg 940w\" alt=\"ykt\" width=\"300\" height=\"251\" \/><\/a>kl 19.15-20.15\u00a0<strong>\u00dcLDKEHALISE<br \/>\nETTEVALMISTUSE\u00a0\u00a0TREENING!\u00a0<\/strong><em>\u00dcKE ehk \u00fcldkehalise ettevalmistuse treeningud on mitmek\u00fclgsed ning kogu keha arendavad. Treeningutes parandavad lapsed oma koordinatsiooni, painduvust ning tasakaalu, mis tuleb kasuks nii motokrossihuvilistele kui ka k\u00f5igile teistele. Vajalikud sise-spordijalatsid.\u00a0Kuutasu 20 \u20ac.\u00a0<\/em><strong>K\u00d5IK SPORDIS\u00d5BRAD ON OODATUD!<\/strong>\u00a0Lisainfo:\u00a0<a href=\"http:\/\/motokrossipisik.eu\/saalitrennid\/\" target=\"_blank\" rel=\"noopener nofollow\" data-ft=\"{&quot;tn&quot;:&quot;-U&quot;}\" data-lynx-mode=\"async\" data-lynx-uri=\"https:\/\/l.facebook.com\/l.php?u=http%3A%2F%2Fmotokrossipisik.eu%2Fsaalitrennid%2F&amp;h=ATMtTHYPByHFd3Ejb-M_bw3_McwWuVo6SD2thhdIQy0F3YVpA_h8WkckKLGErB5uFSUlktLr926FwJ0TEtQ-jB1FBraRjZFjM3beY2s_WKOJD6YfrxE6Mt1hjwfw9ksYAGjgdHZC18BIeDnAuwSsYczTILfnnMLOzQF24cH3R6VS26raqEtS2BUg7_WQqbEtEpxp1xS_pyotI8RQyh4c32tfhGm_t2n7ldi5cdnf0XZ3A7pBLlADRaD37BfrOmuJ2do5HhcLCgaUhRx9NIHS07XqH95qhCVLIPfFZlqnktc\">http:\/\/motokrossipisik.eu\/saalitrennid\/<\/a>, hannes@motokrossipisik.ee, telefon 5296556<\/p>\n<p><strong>Neljap\u00e4ev, 1. m\u00e4rts<\/strong><br \/>\nkl 18 KL, Suurupi naiskoor Meretule\u00a0proov.<br \/>\nkl\u00a018.30-21 KO,\u00a0<strong>UUS!<\/strong>\u00a0\u00a0<strong>J<\/strong><strong>umestuskursus\u00a0<\/strong><em>(hind15\u20ac).\u00a0<\/em><em>Info ja registreerumine\u00a0 stuudio.parlisara@gmail.com.\u00a0<\/em>T\u00e4psemalt loe\u00a0<strong><a href=\"https:\/\/muraste.ee\/vana\/?p=5174\" target=\"_blank\">SIIT<\/a><\/strong><strong><br \/>\n<\/strong>kl\u00a019.00\u00a0KL,\u00a0<strong>Inglise keele\u00a0kursus edasij\u00f5udnutele<\/strong>\u00a0(tase A2-B 1.1) \u00a0Juhendab marethein@gmail.com, tel 56575575.\u00a0<strong>NB!\u00a0Uued liitujad oodatud!<\/strong><br \/>\nkl 18.30 AT,\u00a0<strong>Nimetu\u00a0N\u00e4item\u00e4nguselts\u00a0\u00a0<\/strong>(juhendab \u00a0Anne Veesaar)<br \/>\nkl 19\u00a0<strong>Tilgu h\u00fclged suplevad<\/strong>\u00a0Tilgu sadamas! Info: FB grupp Taliujumine Tilgus.<br \/>\nkl 19 SP,<strong>\u00a0Mudelistide lennutund\u00a0<\/strong>(juhendab Tiit T\u00f5nurist)<\/p>\n<p><strong>Laup\u00e4ev, 3. m\u00e4rts<\/strong><br \/>\nkl 10 KL, Kandlealnsambel LiULi kandlemeisterdamine<br \/>\nkl 15 \u2013 17 AT, laste tantsutrenn (erakorraline proov)<\/p>\n<p><strong>P\u00fchap\u00e4ev, 4. m\u00e4rts<\/strong><br \/>\nkl 11 \u2013\u00a0 AT, Suurupi Naiskoor Meretule proov<\/p>\n<p><strong>PEATSELT TULEKUL\u00a0<\/strong><\/p>\n<\/div>\n<\/header>\n<header class=\"entry-header\">\n<div class=\"entry-content\"><strong>UUS!\u00a0<\/strong>7. m\u00e4rts \u2013 25. aprill olete oodatud\u00a0<strong>Gordoni perekooli.<\/strong>\u00a0T\u00e4psemalt loe\u00a0<a href=\"https:\/\/muraste.ee\/vana\/?p=5261\" target=\"_blank\"><strong>SIIT<\/strong><\/a>.<br \/>\n<strong><br \/>\nUUS!<\/strong>\u00a08. m\u00e4rts kell 19 Muraste Nimetu N\u00e4item\u00e4nguselts etendusega<strong>\u00a0\u201cKaheksa armastavat naist\u201d<\/strong>\u00a0(esietendus). Piletid (5\u20ac) m\u00fc\u00fcgil Muraste kogukonnakeskuses! Edasi loe\u00a0<a href=\"https:\/\/muraste.ee\/vana\/?p=5224\" target=\"_blank\"><strong>SIIT<\/strong><\/a>:<\/div>\n<\/header>\n<div class=\"entry-content\"><\/div>\n<div class=\"entry-content\"><strong>UUS!<\/strong>\u00a09.m\u00e4rtsil kell 19 filmi\u00f5htu\u00a0<strong>\u201cKlassikokkutulek 2. Pulmad ja matused\u201d<\/strong><\/div>\n<header class=\"entry-header\">\n<div class=\"entry-content\"><\/div>\n<div class=\"entry-content\"><strong>UUS!\u00a0<\/strong>11. m\u00e4rtsil alustab<strong>\u00a0<\/strong><strong>V\u00e4ikelaevajuhi kursus<\/strong>. T\u00e4psemalt loe<strong>\u00a0<a href=\"https:\/\/muraste.ee\/vana\/?p=5144\" target=\"_blank\">SIIT<\/a><\/strong><\/div>\n<div class=\"entry-content\"><\/div>\n<div class=\"entry-content\"><\/div>\n<div class=\"entry-content\"><strong>UUS!<\/strong>17. m\u00e4rtsil kell 16<strong>\u00a0<\/strong>Harku Harakad 10! tantsuetendus\u00a0<strong>\u201cNaine, Sa keeruta, lennuta!\u201d<\/strong><\/div>\n<\/header>\n<div class=\"entry-content\"><\/div>\n<div class=\"entry-content\"><strong>UUS!<\/strong>\u00a023.m\u00e4rtsil kell 19 filmi\u00f5htu\u00a0<strong>\u201cRodeo\u201d<\/strong>\u00a0(hoogne ja p\u00f5nev dokumentaalfilm, mis r\u00e4\u00e4gib Mart Laari esimesest valitsusajast.)<\/div>\n<div class=\"entry-content\"><\/div>\n<div class=\"entry-content\">\n<p><strong>UUS!\u00a0<\/strong>13. aprillil kl 19\u00a0<strong>Stig R\u00e4sta autorikontsert<\/strong>!\u00a0 Edasi loe\u00a0<strong><a href=\"https:\/\/muraste.ee\/vana\/?p=5240\" target=\"_blank\">SIIT<\/a>:<\/strong><\/p>\n<p><a href=\"https:\/\/muraste.ee\/vana\/wp-content\/uploads\/2018\/02\/plakat-uus.jpg\" rel=\"attachment wp-att-5238\"><img decoding=\"async\" loading=\"lazy\" class=\"alignnone wp-image-5238 \" src=\"https:\/\/muraste.ee\/vana\/wp-content\/uploads\/2018\/02\/plakat-uus.jpg\" sizes=\"(max-width: 284px) 100vw, 284px\" srcset=\"https:\/\/muraste.ee\/vana\/wp-content\/uploads\/2018\/02\/plakat-uus-624x882.jpg 624w, https:\/\/muraste.ee\/vana\/wp-content\/uploads\/2018\/02\/plakat-uus.jpg 679w\" alt=\"plakat uus\" width=\"284\" height=\"401\" \/><\/a>\u00a0\u00a0<a href=\"https:\/\/muraste.ee\/vana\/wp-content\/uploads\/2018\/02\/Stig-R%C3%A4sta.jpg\" rel=\"attachment wp-att-5242\"><img decoding=\"async\" loading=\"lazy\" class=\"alignnone wp-image-5242\" src=\"https:\/\/muraste.ee\/vana\/wp-content\/uploads\/2018\/02\/Stig-R%C3%A4sta-212x300.jpg\" alt=\"Stig R\u00e4sta\" width=\"283\" height=\"399\" \/><\/a><\/p>\n<p><strong>T\u00c4NAME!<a href=\"https:\/\/muraste.ee\/vana\/wp-content\/uploads\/2016\/03\/aide-%C3%B6%C3%B6.jpg\" rel=\"attachment wp-att-5287\"><img decoding=\"async\" loading=\"lazy\" class=\"size-medium wp-image-5287 alignright\" src=\"https:\/\/muraste.ee\/vana\/wp-content\/uploads\/2016\/03\/aide-%C3%B6%C3%B6-220x300.jpg\" sizes=\"(max-width: 220px) 100vw, 220px\" srcset=\"https:\/\/muraste.ee\/vana\/wp-content\/uploads\/2016\/03\/aide-\u00f6\u00f6-220x300.jpg 220w, https:\/\/muraste.ee\/vana\/wp-content\/uploads\/2016\/03\/aide-\u00f6\u00f6-624x851.jpg 624w, https:\/\/muraste.ee\/vana\/wp-content\/uploads\/2016\/03\/aide-\u00f6\u00f6.jpg 704w\" alt=\"aide \u00f6\u00f6\" width=\"220\" height=\"300\" \/><\/a><\/strong><\/p>\n<p>Reedel\u00a0\u00a0Muraste koolis toimunud pidulik aktus, samas avatud\u00a0<strong><a href=\"https:\/\/muraste.ee\/vana\/?p=5228\" target=\"_blank\">n\u00e4itus \u201cTuulepealne maa \u2013 siin on sinu kodu\u201d<\/a>,<\/strong>lumevalges toimunud \u00f6\u00f6matk ning laup\u00e4evahommikune pidulik lipuheiskamine vallamaja juures andsid suurep\u00e4rase hoo Eesti Vabariigi 100. s\u00fcnnip\u00e4eva t\u00e4histamiseks.<br \/>\n<strong>T\u00e4name k\u00f5iki Muraste Paeplatsil lustinud matkalisi kodumaatunde tugevdamise eest:)<\/strong><br \/>\n<strong>Tuhat t\u00e4nu:<\/strong><br \/>\n\u2013 murastelasest Riigikogu liikmele\u00a0<strong>Liisa Oviirile<\/strong>s\u00fcdamlikult piduliku k\u00f5ne eest! See puudutas ja k\u00f5netas igat s\u00fcdant!<br \/>\n\u2013 muhedale\u00a0<strong>Lennu-taadile<\/strong>\u00a0vimkadega pikitud k\u00fcl<span class=\"text_exposed_show\">ask\u00e4igu eest;)<br \/>\n\u2013 imelistele l\u00f5\u00f5tsam\u00e4ngijatele,\u00a0<strong>Mariale ja Margusele<\/strong>\u00a0soojuse ja vahvate lugude eest!<br \/>\n<strong>Tuhat siirast t\u00e4nu k\u00f5igile, kes \u00f6\u00f6matka korraldusega misiganes kombel seotud olid!<br \/>\n<\/strong>Ilusat Eesti Vabariigi juubeli-aastat k\u00f5igile!<br \/>\n<strong>Elagu Eesti!<\/strong><\/span><\/p>\n<div class=\"text_exposed_show\">\n<p><strong>M\u00c4RGATUD\u00a0<a href=\"https:\/\/muraste.ee\/vana\/wp-content\/uploads\/2016\/03\/johanna.jpg\" rel=\"attachment wp-att-5294\"><img decoding=\"async\" loading=\"lazy\" class=\"size-medium wp-image-5294 alignright\" src=\"https:\/\/muraste.ee\/vana\/wp-content\/uploads\/2016\/03\/johanna-300x168.jpg\" alt=\"johanna\" width=\"300\" height=\"168\" srcset=\"https:\/\/muraste.ee\/vana\/wp-content\/uploads\/2016\/03\/johanna.jpg 300w, https:\/\/muraste.ee\/vana\/wp-content\/uploads\/2016\/03\/johanna-128x72.jpg 128w\" sizes=\"(max-width: 300px) 100vw, 300px\" \/><\/a><br \/>\n<\/strong>On ilus aeg. \u00d5nnitlusi Eesti Vabariigile tuleb l\u00e4hedalt ja kaugelt. Sedakorda on\u00a0<a href=\"https:\/\/www.youtube.com\/watch?v=SFTqag5RyLQ&amp;feature=player_embedded\" target=\"_blank\"><strong>imelise videotervituse<\/strong>\u00a0<\/a>saatnud meie oma k\u00fcla piiga Johanna Allik, kel iluuisutajana on Eesti Vabariigist oma n\u00e4gemus. Oma vanat\u00e4di lugudest ta teab, et vabaduse nimel on pidanud meie vanemad ja vana-vanemad palju kannatuste radu l\u00e4bi k\u00e4ima. Meid valitsesid mitmed riigid, meid okupeeriti, aga me ei kaotanud lootust. Meil oli alati meie imeilus loodus, s\u00fcdamlikud inimesed, andekad heliloojad ja teadlased. Johanna on uhke oma riigi ning selle saavutuste \u00fcle ja loodab, et j\u00e4rgnev videoteos toob k\u00f5igile naeratuse n\u00e4ole ning sisendab usku.\u00a0<strong>Ait\u00e4h, Johanna ja ait\u00e4h m\u00e4rkaja!<\/strong><br \/>\n<strong><br \/>\nTEADETETAHVEL<\/strong><\/p>\n<\/div>\n<\/div>\n<header class=\"entry-header\">\n<div class=\"entry-content\">\n<div class=\"_1mf _1mj\" data-offset-key=\"cki46-0-0\">\n<div class=\"_1mf _1mj\" data-offset-key=\"cki46-0-0\"><strong><img decoding=\"async\" loading=\"lazy\" class=\"size-medium wp-image-3740 alignright\" src=\"https:\/\/muraste.ee\/vana\/wp-content\/uploads\/2016\/03\/stend-300x224.jpg\" sizes=\"(max-width: 300px) 100vw, 300px\" srcset=\"https:\/\/muraste.ee\/vana\/wp-content\/uploads\/2016\/03\/stend-300x224.jpg 300w, https:\/\/muraste.ee\/vana\/wp-content\/uploads\/2016\/03\/stend-768x572.jpg 768w, https:\/\/muraste.ee\/vana\/wp-content\/uploads\/2016\/03\/stend-1024x763.jpg 1024w, https:\/\/muraste.ee\/vana\/wp-content\/uploads\/2016\/03\/stend-624x465.jpg 624w, https:\/\/muraste.ee\/vana\/wp-content\/uploads\/2016\/03\/stend.jpg 1300w\" alt=\"stend\" width=\"300\" height=\"224\" \/><\/strong><\/div>\n<div class=\"_1mf _1mj\" data-offset-key=\"cki46-0-0\"><strong>Soovid avaldada oma reklaami<\/strong>\u00a0meie infokanalites? Juhised on\u00a0<strong>siin<\/strong>!<\/div>\n<div class=\"_1mf _1mj\" data-offset-key=\"cki46-0-0\"><strong>Soovid kasutada<\/strong>\u00a0m\u00f5nd Muraste k\u00fclaseltsi poolt pakutavat<strong>\u00a0teenust<\/strong>? V\u00f5imalused on<strong>\u00a0siin!<\/strong><\/div>\n<div class=\"_1mf _1mj\" data-offset-key=\"cki46-0-0\"><\/div>\n<div class=\"_1mf _1mj\" data-offset-key=\"cki46-0-0\"><\/div>\n<p><strong>Teadmiseks:\u00a0<\/strong>Muraste igan\u00e4dalase e-infokirjaga liitumiseks saada sellekohane teade muraste@muraste.ee<br \/>\n<strong>Muraste kogukonnakeskus\u00a0<\/strong>(Lee tee 9, Muraste) avatud E-N 10 -18, R 10-16.<br \/>\n<strong>T\u00e4psustused ja info:<\/strong>\u00a0kogukonnakeskus@muraste.ee;\u00a05253128 (Aule Kikas).<\/p>\n<\/div>\n<\/div>\n<\/header>\n","protected":false},"excerpt":{"rendered":"<p>N\u00c4DAL\u00a09 MURASTES* 26. veebruar \u2013 4. m\u00e4rts 2018\u00a0 * AT- koolimaja aatrium, SP- spordihoone; KO-kogukonnakeskus; \u00a0 KL- klassiruum; Esmasp\u00e4ev, 26. veebruar UUS!\u00a0Kuni 11. m\u00e4rtsini saab koolimajas vaadata n\u00e4itust \u201cTuulepealne maa \u2013 siin on sinu kodu\u201d.\u00a0Juurdep\u00e4\u00e4s avatud koolimaja ja kogukonnakeskuse lahtioleku aegadel. Muul ajal leppige k\u00fclastus kokku tel 5253128. kl 15 SP, Judoklubi \u201cAitado\u201d\u00a0Judo\u00a0(alustajad ja uuesti<a class=\"moretag\" href=\"https:\/\/muraste.ee\/vana\/?page_id=5307\"><br \/>&#8230;Loe edasi<\/a><\/p>\n","protected":false},"author":2,"featured_media":0,"parent":0,"menu_order":0,"comment_status":"closed","ping_status":"closed","template":"uudised.php","meta":{"_bbp_topic_count":0,"_bbp_reply_count":0,"_bbp_total_topic_count":0,"_bbp_total_reply_count":0,"_bbp_voice_count":0,"_bbp_anonymous_reply_count":0,"_bbp_topic_count_hidden":0,"_bbp_reply_count_hidden":0,"_bbp_forum_subforum_count":0,"_mc_calendar":[]},"_links":{"self":[{"href":"https:\/\/muraste.ee\/vana\/index.php?rest_route=\/wp\/v2\/pages\/5307"}],"collection":[{"href":"https:\/\/muraste.ee\/vana\/index.php?rest_route=\/wp\/v2\/pages"}],"about":[{"href":"https:\/\/muraste.ee\/vana\/index.php?rest_route=\/wp\/v2\/types\/page"}],"author":[{"embeddable":true,"href":"https:\/\/muraste.ee\/vana\/index.php?rest_route=\/wp\/v2\/users\/2"}],"replies":[{"embeddable":true,"href":"https:\/\/muraste.ee\/vana\/index.php?rest_route=%2Fwp%2Fv2%2Fcomments&post=5307"}],"version-history":[{"count":1,"href":"https:\/\/muraste.ee\/vana\/index.php?rest_route=\/wp\/v2\/pages\/5307\/revisions"}],"predecessor-version":[{"id":5309,"href":"https:\/\/muraste.ee\/vana\/index.php?rest_route=\/wp\/v2\/pages\/5307\/revisions\/5309"}],"wp:attachment":[{"href":"https:\/\/muraste.ee\/vana\/index.php?rest_route=%2Fwp%2Fv2%2Fmedia&parent=5307"}],"curies":[{"name":"wp","href":"https:\/\/api.w.org\/{rel}","templated":true}]}}