{"id":5325,"date":"2018-03-12T08:42:06","date_gmt":"2018-03-12T06:42:06","guid":{"rendered":"https:\/\/muraste.ee\/vana\/?page_id=5325"},"modified":"2018-03-12T08:42:06","modified_gmt":"2018-03-12T06:42:06","slug":"nadal-10-4","status":"publish","type":"page","link":"https:\/\/muraste.ee\/vana\/?page_id=5325","title":{"rendered":"N\u00e4dal 10"},"content":{"rendered":"<header class=\"entry-header\">\n<h1 class=\"entry-title\" style=\"text-align: center;\"><span style=\"color: #ff00ff;\"><strong>N\u00c4DAL\u00a010 MURASTES*<br \/>\n5. &#8211; 11. m\u00e4rts\u00a02018\u00a0<\/strong><\/span><\/h1>\n<div class=\"entry-content\" style=\"text-align: left;\">\n<p><span style=\"color: #808080;\"><em>* AT- koolimaja aatrium, SP- spordihoone; KO-kogukonnakeskus; \u00a0 KL- klassiruum;<br \/>\n<\/em><\/span><\/p>\n<div class=\"entry-content\">\n<p><span style=\"color: #99cc00;\"><strong><span style=\"color: #ff00ff;\">Esma<a style=\"color: #ff00ff;\" href=\"https:\/\/muraste.ee\/vana\/wp-content\/uploads\/2018\/02\/lind-laulab.jpeg\" rel=\"attachment wp-att-5229\"><img decoding=\"async\" loading=\"lazy\" class=\"size-medium wp-image-5229 alignright\" src=\"https:\/\/muraste.ee\/vana\/wp-content\/uploads\/2018\/02\/lind-laulab-106x300.jpeg\" alt=\"lind laulab\" width=\"106\" height=\"300\" srcset=\"https:\/\/muraste.ee\/vana\/wp-content\/uploads\/2018\/02\/lind-laulab-106x300.jpeg 106w, https:\/\/muraste.ee\/vana\/wp-content\/uploads\/2018\/02\/lind-laulab-361x1024.jpeg 361w, https:\/\/muraste.ee\/vana\/wp-content\/uploads\/2018\/02\/lind-laulab.jpeg 451w\" sizes=\"(max-width: 106px) 100vw, 106px\" \/><\/a>sp\u00e4ev, 5. m\u00e4rts<\/span><br \/>\n<\/strong><span style=\"color: #000000;\"><span style=\"color: #ff0000;\"><strong>UUS!\u00a0<\/strong><\/span><strong>Kuni 11. m\u00e4rtsini saab koolimajas vaadata n\u00e4itust &#8220;Tuulepealne maa &#8211; siin on sinu kodu&#8221;.<\/strong>\u00a0Juurdep\u00e4\u00e4s avatud koolimaja ja kogukonnakeskuse lahtioleku aegadel. Muul ajal leppige k\u00fclastus kokku tel 5253128.<\/span><\/span><\/p>\n<p>kl 14 AT, Tallinna Tantsuklubi \u201cMy Dance\u201d\u00a0<strong>showtants<\/strong>. \u00a0(www.mydance.ee)<br \/>\nkl 14.40 KO,\u00a0K<strong>andletund<\/strong>\u00a0edasij\u00f5udnutele\u00a0(Fa Stuudio\/kool, fastuudio@gmail.com )<br \/>\nkl 15 SP, Judoklubi \u201cAitado\u201d\u00a0<strong>Judo<\/strong>\u00a0(alustajad ja uuesti alustajad). \u00a0(www.aitado.ee)<br \/>\nkl 16.30 SP, Judoklubi \u201cAitado\u201d\u00a0<strong>Judo<\/strong>\u00a0(edasij\u00f5udnud). \u00a0(www.aitado.ee)<br \/>\nkl 17.30 KO,\u00a0Kandleansambel\u00a0<strong>LiuLi\u00a0<\/strong>proov.<strong>\u00a0<\/strong><em>(\u00fcle n\u00e4dala)<\/em><br \/>\nkl 19 AT.\u00a0Suurupi naiskoor\u00a0<strong>Meretule<\/strong><br \/>\nkl 19 Tilgu h\u00fclgete treeningtund\u00a0<em>(info Aile Kaljola)<\/em><\/p>\n<\/div>\n<\/div>\n<div class=\"entry-content\" style=\"text-align: left;\">\n<p><span style=\"color: #0000ff;\"><strong><span style=\"color: #ff00ff;\">Teisip\u00e4ev, 6. m\u00e4rts<\/span><a href=\"https:\/\/muraste.ee\/vana\/wp-content\/uploads\/2016\/03\/revalia_muraste_A4-2018-kevad.jpg\" rel=\"attachment wp-att-5286\"><img decoding=\"async\" loading=\"lazy\" class=\"size-medium wp-image-5286 alignright\" src=\"https:\/\/muraste.ee\/vana\/wp-content\/uploads\/2016\/03\/revalia_muraste_A4-2018-kevad-212x300.jpg\" alt=\"revalia_muraste_A4 2018 kevad\" width=\"212\" height=\"300\" srcset=\"https:\/\/muraste.ee\/vana\/wp-content\/uploads\/2016\/03\/revalia_muraste_A4-2018-kevad-212x300.jpg 212w, https:\/\/muraste.ee\/vana\/wp-content\/uploads\/2016\/03\/revalia_muraste_A4-2018-kevad.jpg 595w\" sizes=\"(max-width: 212px) 100vw, 212px\" \/><\/a><\/strong><\/span><br \/>\nkl 14.40-15.25 KO,\u00a0<strong>Fa Stuudio \u00a0fl\u00f6\u00f6diring<\/strong>\u00a0edasij\u00f5udnutele. \u00a0(fastuudio@gmail.com v\u00f5i tel 5160031)<br \/>\nkl 15.30-18.00 KO,\u00a0<strong>Soololaul \/ klaver<\/strong>\u00a0(juhendab Triin Kont-Kontson)<br \/>\nkl 16-18.30 KL, Lahe Huvikooli\u00a0<strong>eelkool<\/strong>\u00a0\u00a0(www.lahehuvikool.ee)<br \/>\nkl 17 KL,\u00a0<strong>Puut\u00f6\u00f6ring<\/strong>\u00a0I grupp, juhendab Argo Aruvald.<br \/>\nkl 18 KL,\u00a0<strong>Puut\u00f6\u00f6ring<\/strong>\u00a0II grupp juhendab Argo Aruvald.<br \/>\nkl 18\u00a0<strong>Raadioring<\/strong>. Juhendab Vytautas Martinonis.<br \/>\nkl 18.30 KL,\u00a0<strong>Inglise keele kursus edasij\u00f5udnutele\u00a0<\/strong>(tase B 1.2 -B 2.1).\u00a0Juhendab marethein@gmail.com, tel 56575575.\u00a0<strong><span style=\"color: #ff0000;\">NB!<\/span>\u00a0Uued liitujad oodatud!<\/strong><br \/>\nkl 19 SP,\u00a0<strong>V\u00f5rkpall\u00a0<\/strong><em>(naised\/mehed)- oodatud on k\u00f5ik v\u00f5rkpallihuvilised!;<br \/>\n<\/em>kl 19 KL,\u00a0\u00a0<strong><a href=\"https:\/\/muraste.ee\/vana\/?p=4470\" target=\"_blank\">Kunda<\/a><a href=\"https:\/\/muraste.ee\/vana\/?p=4470\" target=\"_blank\">lini jooga\u00a0<\/a><\/strong><a href=\"mailto:info@lahetervis.ee\">info@lahetervis.ee<\/a><strong>,<\/strong>\u00a0tel.56903049,<br \/>\nkl 19\u00a0<strong>Tilgu h\u00fclged suplevad<\/strong>\u00a0Tilgu sadamas! Info: FB grupp Taliujumine Tilgus.<br \/>\nkl 18.30 AT,\u00a0<strong><span style=\"color: #ff0000;\"><span style=\"color: #000000;\">S<\/span><\/span><\/strong><span style=\"color: #000000;\"><strong>eltskonnatantsu kursus algajatele<\/strong><\/span>.<br \/>\nkl 19.45 AT,\u00a0<strong>Seltskonnatantsude harjutustund<\/strong>\u2013 v\u00f5imalus \u00f5pitut kinnistada ja toredas seltskonnas jalga keerutada.<br \/>\n<strong><span style=\"color: #ff0000;\">UUS TANTSUKURSUS TULEKUL!<\/span>\u00a0<\/strong>27. m\u00e4rts- 22. mai uus seltskonnatantsu j\u00e4tkukursus! (vt posterilt t\u00e4psemat infot)<\/p>\n<p><span style=\"color: #ff00ff;\"><strong>Kolmap\u00e4ev,\u00a07. m\u00e4rts<\/strong><\/span><br \/>\nkl 13.45 KL,\u00a0<strong>Kitarriring<\/strong>\u00a0(I grupp) (Ain Varts, www.huviringid.ee)<br \/>\nkl 13.45 KL,\u00a0<strong>Kitarriring<\/strong>\u00a0(II grupp) (Ain Varts, www.huviringid.ee )<br \/>\nkl 15.30 KL,\u00a0<strong>Malering<\/strong>\u00a0(Jaan Urgas,\u00a0www.huviringid.ee)<br \/>\nkl 14 AT, Tallinna Tantsuklubi \u201cMy Dance\u201d\u00a0<strong>showtants<\/strong>. \u00a0(www.mydance.ee)<br \/>\nkl 14.45 KL,\u00a0<strong>Noortejooga<\/strong>\u00a0alates 3. kl<br \/>\nkl 14.40 KO,\u00a0<strong>Kandletund algajatele<\/strong>\u00a0I grupp (Fa Stuudio\/kool)<br \/>\nkl 15.45 KO,\u00a0<strong>Beebide-p\u00f5nnide muusikaring<\/strong>\u00a0(fastuudio@gmail.com v\u00f5i tel 5160031)<br \/>\nkl 16.15 SP, Judoklubi \u201cAitado\u201d\u00a0<strong>Judo\u00a0(<\/strong>alustajad ja uuesti alustajad). \u00a0(www.aitado.ee)<br \/>\nkl 17.45 SP, Judoklubi \u201cAitado\u201d\u00a0<strong>Judo<\/strong>\u00a0(edasij\u00f5udnud). \u00a0(www.aitado.ee)<br \/>\nkl 18 KL,\u00a0<strong>Mudelismiring<\/strong>\u00a0(juhendab Andres Madissoo)<br \/>\n<span style=\"color: #000000;\"><span style=\"color: #ff0000;\">k<\/span>l\u00a0<\/span>19 KL,\u00a0<strong><span style=\"color: #ff0000;\">UUS!<\/span><\/strong>\u00a0<strong>inglise keele kursus<\/strong>\u00a0uuesti alustajatele ja algajatele . Lisainfo \u00a0juhendajalt tel 56575575 (Maret Hein).<br \/>\nkl 18.30 AT,\u00a0<strong>Line-tants.<\/strong>\u00a0Tulge k\u00f5ik ja saage osa elur\u00f5\u00f5must!<br \/>\nInfo kristin@huviline.ee<br \/>\n<a href=\"https:\/\/muraste.ee\/vana\/wp-content\/uploads\/2016\/03\/ykt.jpg\" rel=\"attachment wp-att-4902\"><img decoding=\"async\" loading=\"lazy\" class=\"size-medium wp-image-4902 alignright\" src=\"https:\/\/muraste.ee\/vana\/wp-content\/uploads\/2016\/03\/ykt-300x251.jpg\" alt=\"ykt\" width=\"300\" height=\"251\" srcset=\"https:\/\/muraste.ee\/vana\/wp-content\/uploads\/2016\/03\/ykt-300x251.jpg 300w, https:\/\/muraste.ee\/vana\/wp-content\/uploads\/2016\/03\/ykt-768x644.jpg 768w, https:\/\/muraste.ee\/vana\/wp-content\/uploads\/2016\/03\/ykt-624x523.jpg 624w, https:\/\/muraste.ee\/vana\/wp-content\/uploads\/2016\/03\/ykt.jpg 940w\" sizes=\"(max-width: 300px) 100vw, 300px\" \/><\/a>kl 19.15-20.15\u00a0<strong>\u00dcLDKEHALISE<br \/>\nETTEVALMISTUSE\u00a0\u00a0TREENING!\u00a0<\/strong><em>\u00dcKE ehk \u00fcldkehalise ettevalmistuse treeningud on mitmek\u00fclgsed ning kogu keha arendavad. Treeningutes parandavad lapsed oma koordinatsiooni, painduvust ning tasakaalu, mis tuleb kasuks nii motokrossihuvilistele kui ka k\u00f5igile teistele. Vajalikud sise-spordijalatsid.\u00a0Kuutasu 20 \u20ac.\u00a0<\/em><strong>K\u00d5IK SPORDIS\u00d5BRAD ON OODATUD!<\/strong>\u00a0Lisainfo:\u00a0<a href=\"http:\/\/motokrossipisik.eu\/saalitrennid\/\" target=\"_blank\" rel=\"noopener nofollow\" data-ft=\"{&quot;tn&quot;:&quot;-U&quot;}\" data-lynx-mode=\"async\" data-lynx-uri=\"https:\/\/l.facebook.com\/l.php?u=http%3A%2F%2Fmotokrossipisik.eu%2Fsaalitrennid%2F&amp;h=ATMtTHYPByHFd3Ejb-M_bw3_McwWuVo6SD2thhdIQy0F3YVpA_h8WkckKLGErB5uFSUlktLr926FwJ0TEtQ-jB1FBraRjZFjM3beY2s_WKOJD6YfrxE6Mt1hjwfw9ksYAGjgdHZC18BIeDnAuwSsYczTILfnnMLOzQF24cH3R6VS26raqEtS2BUg7_WQqbEtEpxp1xS_pyotI8RQyh4c32tfhGm_t2n7ldi5cdnf0XZ3A7pBLlADRaD37BfrOmuJ2do5HhcLCgaUhRx9NIHS07XqH95qhCVLIPfFZlqnktc\">http:\/\/motokrossipisik.eu\/saalitrennid\/<\/a>, hannes@motokrossipisik.ee, telefon 5296556<br \/>\n<span style=\"color: #ff0000;\"><strong>UUS!\u00a0<\/strong><\/span><span style=\"color: #000000;\">7. m\u00e4rts &#8211; 25. aprill olete oodatud restoranise Seller algavasse\u00a0<strong>Gordoni perekooli.<\/strong>\u00a0T\u00e4psemalt loe\u00a0<span style=\"color: #ff0000;\"><a style=\"color: #ff0000;\" href=\"https:\/\/muraste.ee\/vana\/?p=5261\" target=\"_blank\"><strong>SIIT<\/strong><\/a><\/span>.<\/span><\/p>\n<p><span style=\"color: #ff00ff;\"><strong>Neljap\u00e4ev, 8. m\u00e4rts<\/strong><\/span><br \/>\nkl 12.40 KL\u00a0<strong>Meisterdamine<\/strong>\u00a01. kl (Loovuslabor)\u00a0<a href=\"https:\/\/muraste.ee\/vana\/wp-content\/uploads\/2018\/02\/plakat-uus.jpg\" rel=\"attachment wp-att-5238\"><img decoding=\"async\" loading=\"lazy\" class=\" wp-image-5238 alignright\" src=\"https:\/\/muraste.ee\/vana\/wp-content\/uploads\/2018\/02\/plakat-uus-212x300.jpg\" alt=\"plakat uus\" width=\"178\" height=\"251\" srcset=\"https:\/\/muraste.ee\/vana\/wp-content\/uploads\/2018\/02\/plakat-uus-212x300.jpg 212w, https:\/\/muraste.ee\/vana\/wp-content\/uploads\/2018\/02\/plakat-uus-624x882.jpg 624w, https:\/\/muraste.ee\/vana\/wp-content\/uploads\/2018\/02\/plakat-uus.jpg 679w\" sizes=\"(max-width: 178px) 100vw, 178px\" \/><\/a><br \/>\nkl 13.45 KL\u00a0<strong>Meisterdamine<\/strong>\u00a03.-4. kl (Loovuslabor)<br \/>\nkl 14-16.30 KO,\u00a0<strong>Soololaul\/klaver<\/strong>\u00a0(juhendab Triin Kont-Kontson)<br \/>\nkl 15.30 KL\u00a0<strong>Tekstiili- ja disainiring<\/strong>\u00a05-6\u00a0kl (Loovuslabor)<br \/>\nkl\u00a019.00\u00a0KL,\u00a0<strong>Inglise keele\u00a0kursus edasij\u00f5udnutele<\/strong>\u00a0(tase A2-B 1.1) \u00a0Juhendab marethein@gmail.com, tel 56575575.\u00a0<strong><span style=\"color: #ff0000;\">NB!<\/span>\u00a0Uued liitujad oodatud!<br \/>\n<\/strong>kl 18.00 KL,\u00a0<strong><span style=\"color: #ff0000;\">UUS!\u00a0<\/span>ATH-laste vanemate tugir\u00fchm.\u00a0Tulge, koos on kergem!\u00a0<\/strong><em>(NB! erandkorras kodunduse klassis, sisenemine koolimaja peauksest),\u00a0<\/em><br \/>\nkl 19, AT,<strong><span style=\"color: #ff0000;\">\u00a0UUS!<\/span><\/strong>\u00a0<span style=\"color: #ff0000;\"><strong>Teati\u00f5htu!<\/strong>\u00a0<\/span><strong>Nimetu\u00a0N\u00e4item\u00e4nguselts\u00a0<a href=\"https:\/\/muraste.ee\/vana\/?p=5224\" target=\"_blank\">&#8220;Kaheksa armastavat naist&#8221;\u00a0\u00a0<\/a>\u00a0(esietendus!)\u00a0\u00a0Piletid (5\u20ac) m\u00fc\u00fcgil Muraste kogukonnakeskuses!\u00a0<\/strong><br \/>\nkl 19\u00a0<strong>Tilgu h\u00fclged suplevad<\/strong>\u00a0Tilgu sadamas! Info: FB grupp Taliujumine Tilgus.<br \/>\nkl 19 SP,<strong>\u00a0Mudelistide lennutund\u00a0<\/strong>(juhendab Tiit T\u00f5nurist)<\/p>\n<p><span style=\"color: #ff00ff;\"><strong>Reede, 9. m\u00e4rts<\/strong><\/span><br \/>\nkl 16 \u00f5ues, \u00a0Skaudiring, oodatud k\u00f5ik kooliealised lapsed. Kogunemine v\u00f5rkpalliplatsi juures.<br \/>\nkl 19 AT,<span style=\"color: #ff0000;\">\u00a0<strong>UUS!<\/strong>\u00a0<\/span><strong>\u00a0<a href=\"https:\/\/www.facebook.com\/events\/590768064609831\/\" target=\"_blank\">filmi\u00f5htu<\/a>\u00a0&#8220;Klassikokkutulek 2. Pulmad ja matused&#8221;<br \/>\n<a href=\"https:\/\/muraste.ee\/vana\/wp-content\/uploads\/2016\/03\/Klassikokkutulek_2_sisupilt_670x250px.jpg\" rel=\"attachment wp-att-5315\"><img decoding=\"async\" loading=\"lazy\" class=\"alignnone size-full wp-image-5315\" src=\"https:\/\/muraste.ee\/vana\/wp-content\/uploads\/2016\/03\/Klassikokkutulek_2_sisupilt_670x250px.jpg\" alt=\"Klassikokkutulek_2_sisupilt_670x250px\" width=\"670\" height=\"250\" srcset=\"https:\/\/muraste.ee\/vana\/wp-content\/uploads\/2016\/03\/Klassikokkutulek_2_sisupilt_670x250px.jpg 670w, https:\/\/muraste.ee\/vana\/wp-content\/uploads\/2016\/03\/Klassikokkutulek_2_sisupilt_670x250px-300x112.jpg 300w, https:\/\/muraste.ee\/vana\/wp-content\/uploads\/2016\/03\/Klassikokkutulek_2_sisupilt_670x250px-624x233.jpg 624w\" sizes=\"(max-width: 670px) 100vw, 670px\" \/><\/a><br \/>\n<\/strong><\/p>\n<p><span style=\"color: #993300;\"><strong><span style=\"color: #ff00ff;\">P\u00fchap\u00e4ev, 11. m\u00e4rts<\/span><a href=\"https:\/\/muraste.ee\/vana\/wp-content\/uploads\/2018\/01\/meremees.png\" rel=\"attachment wp-att-5145\"><img decoding=\"async\" loading=\"lazy\" class=\"size-thumbnail wp-image-5145 alignright\" src=\"https:\/\/muraste.ee\/vana\/wp-content\/uploads\/2018\/01\/meremees-150x150.png\" alt=\"meremees\" width=\"150\" height=\"150\" srcset=\"https:\/\/muraste.ee\/vana\/wp-content\/uploads\/2018\/01\/meremees-150x150.png 150w, https:\/\/muraste.ee\/vana\/wp-content\/uploads\/2018\/01\/meremees.png 225w\" sizes=\"(max-width: 150px) 100vw, 150px\" \/><\/a><\/strong><\/span><br \/>\nkl 11 &#8211;\u00a0 KO,\u00a0<strong><span style=\"color: #ff0000;\">UUS!<\/span><\/strong>\u00a0<strong><a href=\"https:\/\/muraste.ee\/vana\/?p=5144\" target=\"_blank\">V\u00e4ikelaevajuhi kursus<\/a>\u00a0<\/strong><\/p>\n<p><span style=\"color: #ff00ff;\"><strong>PEATSELT TULEKUL\u00a0<\/strong><\/span><\/p>\n<\/div>\n<\/header>\n<header class=\"entry-header\">\n<div class=\"entry-content\" style=\"text-align: left;\"><span style=\"color: #ff0000;\"><strong>UUS!\u00a0<\/strong><\/span>17. m\u00e4rtsil kell 16<strong>\u00a0<\/strong>Harku Harakad 10! tantsuetendus\u00a0<strong>&#8220;Naine, Sa keeruta, lennuta!&#8221;<\/strong><\/div>\n<\/header>\n<div class=\"entry-content\" style=\"text-align: left;\"><\/div>\n<div class=\"entry-content\" style=\"text-align: left;\"><span style=\"color: #ff0000;\"><strong>UUS!<\/strong><\/span>\u00a023.m\u00e4rtsil kell 19 filmi\u00f5htu\u00a0<strong>&#8220;Rodeo&#8221;<\/strong>\u00a0(hoogne ja p\u00f5nev dokumentaalfilm, mis r\u00e4\u00e4gib Mart Laari esimesest valitsusajast.)<\/div>\n<div class=\"entry-content\" style=\"text-align: left;\"><\/div>\n<div class=\"entry-content\" style=\"text-align: left;\"><strong><span style=\"color: #ff0000;\">UUS!\u00a0<\/span><\/strong>29. m\u00e4rtsil kell 19 filmi\u00f5htu &#8220;<strong>Seltsimees lap<\/strong>s&#8221;<\/div>\n<div class=\"entry-content\" style=\"text-align: left;\"><\/div>\n<div class=\"entry-content\" style=\"text-align: left;\"><strong><span style=\"color: #ff0000;\">UUS!<\/span><\/strong>\u00a06. aprill kell 19 filmi\u00f5htu &#8220;<strong>Appi, ma kahandasin oma vanemad<\/strong>&#8220;<\/div>\n<div class=\"entry-content\" style=\"text-align: left;\"><\/div>\n<div class=\"entry-content\" style=\"text-align: left;\">\n<p><strong><span style=\"color: #ff0000;\">UUS!<\/span>\u00a0<\/strong>13. aprillil kl 19\u00a0<span style=\"color: #000000;\"><strong>Stig R\u00e4sta autorikontsert<\/strong>!\u00a0 Edasi loe\u00a0<\/span><strong><span style=\"color: #ff0000;\"><a style=\"color: #ff0000;\" href=\"https:\/\/muraste.ee\/vana\/?p=5240\" target=\"_blank\">SIIT<\/a>:<\/span><\/strong><\/p>\n<p>UUS!\u00a0<span style=\"color: #ff0000;\"><span style=\"color: #000000;\">18. mail kell 18<\/span><\/span><strong><span style=\"color: #ff0000;\"><span style=\"color: #000000;\">\u00a0Kuusalurahva Teater etendusega\u00a0<a href=\"https:\/\/vimeo.com\/258518386\" target=\"_blank\">&#8220;Armastus, pulm, abielu&#8221;<\/a><\/span><\/span><\/strong><\/p>\n<p><a href=\"https:\/\/muraste.ee\/vana\/wp-content\/uploads\/2018\/02\/Stig-R\u00e4sta.jpg\" rel=\"attachment wp-att-5242\"><img decoding=\"async\" loading=\"lazy\" class=\"alignnone wp-image-5242 size-full\" src=\"https:\/\/muraste.ee\/vana\/wp-content\/uploads\/2018\/02\/Stig-R\u00e4sta.jpg\" alt=\"\" width=\"679\" height=\"960\" srcset=\"https:\/\/muraste.ee\/vana\/wp-content\/uploads\/2018\/02\/Stig-R\u00e4sta.jpg 679w, https:\/\/muraste.ee\/vana\/wp-content\/uploads\/2018\/02\/Stig-R\u00e4sta-212x300.jpg 212w, https:\/\/muraste.ee\/vana\/wp-content\/uploads\/2018\/02\/Stig-R\u00e4sta-624x882.jpg 624w\" sizes=\"(max-width: 679px) 100vw, 679px\" \/><\/a><\/p>\n<p><span style=\"color: #99cc00;\"><span style=\"color: #000000;\"><span style=\"color: #ff00ff;\"><b>Teised meist:<\/b><\/span><br \/>\n<\/span><strong style=\"color: #99cc00;\"><span style=\"color: #800000;\">Maahommik k\u00e4is Murastes uurimas, kas elu linnal\u00e4hedases suures k\u00fclas on nagu maal v\u00f5i on nagu linnas. Saadet saab j\u00e4rele vaadata\u00a0<a href=\"https:\/\/etv.err.ee\/v\/elusaated\/maahommik\/saated\/078c3a57-ab6e-4aab-acaa-a6aea7339061\/maahommik\" target=\"_blank\">SIIT<\/a>\u00a0<\/span><br \/>\n<\/strong><\/span><\/p>\n<p><span style=\"color: #ff00ff;\"><strong style=\"color: #99cc00;\">TEADETETAHVEL<\/strong><\/span><\/p>\n<div class=\"text_exposed_show\"><\/div>\n<\/div>\n<header class=\"entry-header\">\n<div class=\"entry-content\">\n<div class=\"_1mf _1mj\" data-offset-key=\"cki46-0-0\">\n<div class=\"_1mf _1mj\" data-offset-key=\"cki46-0-0\"><strong><span style=\"color: #339966;\"><img decoding=\"async\" loading=\"lazy\" class=\"size-medium wp-image-3740 alignright\" src=\"https:\/\/muraste.ee\/vana\/wp-content\/uploads\/2016\/03\/stend-300x224.jpg\" sizes=\"(max-width: 300px) 100vw, 300px\" srcset=\"https:\/\/muraste.ee\/vana\/wp-content\/uploads\/2016\/03\/stend-300x224.jpg 300w, https:\/\/muraste.ee\/vana\/wp-content\/uploads\/2016\/03\/stend-768x572.jpg 768w, https:\/\/muraste.ee\/vana\/wp-content\/uploads\/2016\/03\/stend-1024x763.jpg 1024w, https:\/\/muraste.ee\/vana\/wp-content\/uploads\/2016\/03\/stend-624x465.jpg 624w, https:\/\/muraste.ee\/vana\/wp-content\/uploads\/2016\/03\/stend.jpg 1300w\" alt=\"stend\" width=\"300\" height=\"224\" \/><\/span><\/strong><\/div>\n<div class=\"_1mf _1mj\" data-offset-key=\"cki46-0-0\"><strong>Soovid avaldada oma reklaami<\/strong>\u00a0meie infokanalites? Juhised on\u00a0<strong>siin<\/strong>!<\/div>\n<div class=\"_1mf _1mj\" data-offset-key=\"cki46-0-0\"><strong>Soovid kasutada<\/strong>\u00a0m\u00f5nd Muraste k\u00fclaseltsi poolt pakutavat<strong>\u00a0teenust<\/strong>? V\u00f5imalused on<strong>\u00a0siin!<\/strong><\/div>\n<div class=\"_1mf _1mj\" data-offset-key=\"cki46-0-0\"><\/div>\n<div class=\"_1mf _1mj\" data-offset-key=\"cki46-0-0\"><\/div>\n<p><strong>Teadmiseks:\u00a0<\/strong>Muraste igan\u00e4dalase e-infokirjaga liitumiseks saada sellekohane teade muraste@muraste.ee<br \/>\n<strong>Muraste kogukonnakeskus\u00a0<\/strong>(Lee tee 9, Muraste) avatud E-N 10 -18, R 10-16.<br \/>\n<strong>T\u00e4psustused ja info:<\/strong>\u00a0kogukonnakeskus@muraste.ee;\u00a05253128 (Aule Kikas).<\/p>\n<\/div>\n<\/div>\n<\/header>\n","protected":false},"excerpt":{"rendered":"<p>N\u00c4DAL\u00a010 MURASTES* 5. &#8211; 11. m\u00e4rts\u00a02018\u00a0 * AT- koolimaja aatrium, SP- spordihoone; KO-kogukonnakeskus; \u00a0 KL- klassiruum; Esmasp\u00e4ev, 5. m\u00e4rts UUS!\u00a0Kuni 11. m\u00e4rtsini saab koolimajas vaadata n\u00e4itust &#8220;Tuulepealne maa &#8211; siin on sinu kodu&#8221;.\u00a0Juurdep\u00e4\u00e4s avatud koolimaja ja kogukonnakeskuse lahtioleku aegadel. Muul ajal leppige k\u00fclastus kokku tel 5253128. kl 14 AT, Tallinna Tantsuklubi \u201cMy Dance\u201d\u00a0showtants. \u00a0(www.mydance.ee) kl<a class=\"moretag\" href=\"https:\/\/muraste.ee\/vana\/?page_id=5325\"><br \/>&#8230;Loe edasi<\/a><\/p>\n","protected":false},"author":2,"featured_media":0,"parent":0,"menu_order":0,"comment_status":"closed","ping_status":"closed","template":"nadalakava.php","meta":{"_bbp_topic_count":0,"_bbp_reply_count":0,"_bbp_total_topic_count":0,"_bbp_total_reply_count":0,"_bbp_voice_count":0,"_bbp_anonymous_reply_count":0,"_bbp_topic_count_hidden":0,"_bbp_reply_count_hidden":0,"_bbp_forum_subforum_count":0,"_mc_calendar":[]},"_links":{"self":[{"href":"https:\/\/muraste.ee\/vana\/index.php?rest_route=\/wp\/v2\/pages\/5325"}],"collection":[{"href":"https:\/\/muraste.ee\/vana\/index.php?rest_route=\/wp\/v2\/pages"}],"about":[{"href":"https:\/\/muraste.ee\/vana\/index.php?rest_route=\/wp\/v2\/types\/page"}],"author":[{"embeddable":true,"href":"https:\/\/muraste.ee\/vana\/index.php?rest_route=\/wp\/v2\/users\/2"}],"replies":[{"embeddable":true,"href":"https:\/\/muraste.ee\/vana\/index.php?rest_route=%2Fwp%2Fv2%2Fcomments&post=5325"}],"version-history":[{"count":1,"href":"https:\/\/muraste.ee\/vana\/index.php?rest_route=\/wp\/v2\/pages\/5325\/revisions"}],"predecessor-version":[{"id":5327,"href":"https:\/\/muraste.ee\/vana\/index.php?rest_route=\/wp\/v2\/pages\/5325\/revisions\/5327"}],"wp:attachment":[{"href":"https:\/\/muraste.ee\/vana\/index.php?rest_route=%2Fwp%2Fv2%2Fmedia&parent=5325"}],"curies":[{"name":"wp","href":"https:\/\/api.w.org\/{rel}","templated":true}]}}