{"id":5436,"date":"2018-04-09T08:40:32","date_gmt":"2018-04-09T05:40:32","guid":{"rendered":"https:\/\/muraste.ee\/vana\/?page_id=5436"},"modified":"2018-04-09T08:42:24","modified_gmt":"2018-04-09T05:42:24","slug":"5436-2","status":"publish","type":"page","link":"https:\/\/muraste.ee\/vana\/?page_id=5436","title":{"rendered":"N\u00e4dal 14"},"content":{"rendered":"<header class=\"entry-header\">\n<h1 class=\"entry-title\" style=\"text-align: center;\"><span style=\"color: #ff6600;\"><strong><span style=\"color: #008000;\">N\u00c4DAL\u00a014 MURASTES*<\/span><br \/>\n<span style=\"color: #008000;\">2.-8. aprill 2018<\/span>\u00a0<\/strong><\/span><\/h1>\n<div class=\"entry-content\" style=\"text-align: left;\">\n<p><span style=\"color: #808080;\"><em>* AT- koolimaja aatrium, SP- spordihoone; KO-kogukonnakeskus; \u00a0 KL- klassiruum;<br \/>\n<\/em><\/span><\/p>\n<p><span style=\"color: #ff9900;\"><strong><span style=\"color: #008000;\">Esmasp\u00e4ev, 2. aprill<\/span>\u00a0&#8211; 2 \u00fclest\u00f5usmisp\u00fcha<br \/>\n<\/strong><\/span>kl 14 AT, Tallinna Tantsuklubi \u201cMy Dance\u201d\u00a0<strong>showtants<\/strong>. \u00a0(www.mydance.ee)<br \/>\nkl 14.40 KO,\u00a0K<strong>andletund<\/strong>\u00a0edasij\u00f5udnutele\u00a0(Fa Stuudio\/kool, fastuudio@gmail.com )<br \/>\nkl 15 SP, Judoklubi \u201cAitado\u201d\u00a0<strong>Judo<\/strong>\u00a0(alustajad ja uuesti alustajad). \u00a0(www.aitado.ee)<br \/>\nkl 16.30 SP, Judoklubi \u201cAitado\u201d\u00a0<strong>Judo<\/strong>\u00a0(edasij\u00f5udnud). \u00a0(www.aitado.ee)<br \/>\nkl 16.30 KO, L\u00f5\u00f5tsatund Mariaga<br \/>\nkl 17.30 KO,\u00a0Kandleansambel\u00a0<strong>LiULi\u00a0<\/strong>proov<br \/>\nkl 19 AT, Suurupi naiskoor Meretule proov<\/p>\n<\/div>\n<div class=\"entry-content\" style=\"text-align: left;\">\n<p><span style=\"color: #0000ff;\"><strong><span style=\"color: #008000;\">Teisip\u00e4ev,3. aprill\u00a0\u00a0<\/span><a href=\"https:\/\/muraste.ee\/vana\/wp-content\/uploads\/2016\/03\/revalia_muraste_A4-2018-kevad.jpg\" rel=\"attachment wp-att-5286\"><img decoding=\"async\" loading=\"lazy\" class=\"size-medium wp-image-5286 alignright\" src=\"https:\/\/muraste.ee\/vana\/wp-content\/uploads\/2016\/03\/revalia_muraste_A4-2018-kevad-212x300.jpg\" alt=\"revalia_muraste_A4 2018 kevad\" width=\"212\" height=\"300\" srcset=\"https:\/\/muraste.ee\/vana\/wp-content\/uploads\/2016\/03\/revalia_muraste_A4-2018-kevad-212x300.jpg 212w, https:\/\/muraste.ee\/vana\/wp-content\/uploads\/2016\/03\/revalia_muraste_A4-2018-kevad.jpg 595w\" sizes=\"(max-width: 212px) 100vw, 212px\" \/><\/a><\/strong><\/span><br \/>\nkl 14.40-15.25 KO,\u00a0<strong>Fa Stuudio \u00a0fl\u00f6\u00f6diring<\/strong>\u00a0edasij\u00f5udnutele. \u00a0(fastuudio@gmail.com v\u00f5i tel 5160031)<br \/>\nkl 15.30-18.00 KO,\u00a0<strong>Soololaul \/ klaver<\/strong>\u00a0(juhendab Triin Kont-Kontson)<br \/>\nkl 16-18.30 KL, Lahe Huvikooli\u00a0<strong>eelkool<\/strong>\u00a0\u00a0(www.lahehuvikool.ee)<br \/>\nkl 17 KL,\u00a0<strong>Puut\u00f6\u00f6ring<\/strong>\u00a0I grupp, juhendab Argo Aruvald.<br \/>\nkl 18 KL,\u00a0<strong>Puut\u00f6\u00f6ring<\/strong>\u00a0II grupp juhendab Argo\u00a0Aruvald.<br \/>\nkl 18\u00a0<strong>Raadioring<\/strong>. Juhendab Vytautas Martinonis.<br \/>\nkl 18.30 KL,\u00a0<strong>Inglise keele kursus edasij\u00f5udnutele\u00a0<\/strong>(tase B 1.2 -B 2.1).\u00a0Juhendab marethein@gmail.com, tel 56575575.\u00a0<strong><span style=\"color: #ff0000;\">NB!<\/span>\u00a0Uued liitujad oodatud!<\/strong><br \/>\nkl 19 SP,\u00a0<strong>V\u00f5rkpall\u00a0<\/strong><em>(naised\/mehed)- oodatud on k\u00f5ik v\u00f5rkpallihuvilised!;<br \/>\n<\/em>kl 19 KL,\u00a0\u00a0<strong><a href=\"https:\/\/muraste.ee\/vana\/?p=4470\" target=\"_blank\">Kunda<\/a><a href=\"https:\/\/muraste.ee\/vana\/?p=4470\" target=\"_blank\">lini jooga\u00a0<\/a><\/strong><a href=\"mailto:info@lahetervis.ee\">info@lahetervis.ee<\/a><strong>,<\/strong>\u00a0tel.56903049,<br \/>\nkl 19\u00a0<strong>Tilgu h\u00fclged suplevad<\/strong>\u00a0Tilgu sadamas! Info: FB grupp Taliujumine Tilgus.<br \/>\nkl 18.30 AT,\u00a0<strong><span style=\"color: #ff0000;\"><span style=\"color: #000000;\">S<\/span><\/span><\/strong><span style=\"color: #000000;\"><strong>eltskonnatantsu j\u00e4tkukursus<\/strong><\/span>. (lisainfo plakatil)<br \/>\nkl 19.45 AT,\u00a0<strong>Seltskonnatantsude harjutustund<\/strong>\u2013 v\u00f5imalus \u00f5pitut kinnistada ja toredas seltskonnas jalga keerutada.<\/p>\n<p><span style=\"color: #008000;\"><strong>Kolmap\u00e4ev, 4.\u00a0aprill<\/strong><\/span><br \/>\nkl 13.45 KL,\u00a0<strong>Kitarriring<\/strong>\u00a0(I grupp) (Ain Varts, www.huviringid.ee)<br \/>\nkl 13.45 KL,\u00a0<strong>Kitarriring<\/strong>\u00a0(II grupp) (Ain Varts, www.huviringid.ee )<br \/>\nkl 15.30 KL,\u00a0<strong>Malering<\/strong>\u00a0(Jaan Urgas,\u00a0www.huviringid.ee)<br \/>\nkl 14 AT, Tallinna Tantsuklubi \u201cMy Dance\u201d\u00a0<strong>showtants<\/strong>. \u00a0(www.mydance.ee)<br \/>\nkl 14.45 KL,\u00a0<strong>Noortejooga<\/strong>\u00a0alates 3. kl<br \/>\nkl 14.40 KO,\u00a0<strong>Kandletund algajatele<\/strong>\u00a0I grupp (Fa Stuudio\/kool)<br \/>\nkl 15.45 KO,\u00a0<strong>Beebide-p\u00f5nnide muusikaring<\/strong>\u00a0(fastuudio@gmail.com v\u00f5i tel 5160031)<br \/>\nkl 16.15 SP, Judoklubi \u201cAitado\u201d\u00a0<strong>Judo\u00a0(<\/strong>alustajad ja uuesti alustajad). \u00a0(www.aitado.ee)<br \/>\nkl 17.45 SP, Judoklubi \u201cAitado\u201d\u00a0<strong>Judo<\/strong>\u00a0(edasij\u00f5udnud). \u00a0(www.aitado.ee)<br \/>\nkl 18 KL,\u00a0<strong>Mudelismiring<\/strong>\u00a0(juhendab Andres Madissoo)<br \/>\nkl 18.30 KL,\u00a0<span style=\"color: #ff0000;\"><strong>UUS!\u00a0<\/strong><\/span>\u00a0<strong><a href=\"https:\/\/muraste.ee\/vana\/?p=4561\" target=\"_blank\">Praktiline lilleseade<\/a>:\u00a0<\/strong>teemaks ampullitehnikas karkassseade.<br \/>\nkl 18.30 KL,\u00a0<strong>Naiskodukaitse Harju jaoskonna koosolek<\/strong><br \/>\nkl 18.30\u00a0<span style=\"color: #ff0000;\"><strong>\u00a0<\/strong><\/span>KO,\u00a0\u00a0<b>K\u00fclaseltsi juhatuse koosolek<\/b><br \/>\nk<span style=\"color: #000000;\">l\u00a0<\/span>19 KL, \u00a0<strong>Inglise keele kursus<\/strong>\u00a0uuesti alustajatele ja algajatele . Lisainfo \u00a0juhendajalt tel 56575575 (Maret Hein).<br \/>\nkl 18.30 AT,\u00a0<strong>Line-tants.<\/strong>\u00a0Tulge k\u00f5ik ja saage osa elur\u00f5\u00f5must!<br \/>\nInfo kristin@huviline.ee<br \/>\n<a href=\"https:\/\/muraste.ee\/vana\/wp-content\/uploads\/2016\/03\/ykt.jpg\" rel=\"attachment wp-att-4902\"><img decoding=\"async\" loading=\"lazy\" class=\"size-medium wp-image-4902 alignright\" src=\"https:\/\/muraste.ee\/vana\/wp-content\/uploads\/2016\/03\/ykt-300x251.jpg\" alt=\"ykt\" width=\"300\" height=\"251\" srcset=\"https:\/\/muraste.ee\/vana\/wp-content\/uploads\/2016\/03\/ykt-300x251.jpg 300w, https:\/\/muraste.ee\/vana\/wp-content\/uploads\/2016\/03\/ykt-768x644.jpg 768w, https:\/\/muraste.ee\/vana\/wp-content\/uploads\/2016\/03\/ykt-624x523.jpg 624w, https:\/\/muraste.ee\/vana\/wp-content\/uploads\/2016\/03\/ykt.jpg 940w\" sizes=\"(max-width: 300px) 100vw, 300px\" \/><\/a>kl 19.15-20.15\u00a0<strong>\u00dcLDKEHALISE<br \/>\nETTEVALMISTUSE\u00a0\u00a0TREENING!\u00a0<\/strong><em>\u00dcKE ehk \u00fcldkehalise ettevalmistuse treeningud on mitmek\u00fclgsed ning kogu keha arendavad. Treeningutes parandavad lapsed oma koordinatsiooni, painduvust ning tasakaalu, mis tuleb kasuks nii motokrossihuvilistele kui ka k\u00f5igile teistele. Vajalikud sise-spordijalatsid.\u00a0Kuutasu 20 \u20ac.\u00a0<\/em><strong>K\u00d5IK SPORDIS\u00d5BRAD ON OODATUD!<\/strong>\u00a0Lisainfo:\u00a0<a href=\"http:\/\/motokrossipisik.eu\/saalitrennid\/\" target=\"_blank\" rel=\"noopener nofollow\" data-ft=\"{&quot;tn&quot;:&quot;-U&quot;}\" data-lynx-mode=\"async\" data-lynx-uri=\"https:\/\/l.facebook.com\/l.php?u=http%3A%2F%2Fmotokrossipisik.eu%2Fsaalitrennid%2F&amp;h=ATMtTHYPByHFd3Ejb-M_bw3_McwWuVo6SD2thhdIQy0F3YVpA_h8WkckKLGErB5uFSUlktLr926FwJ0TEtQ-jB1FBraRjZFjM3beY2s_WKOJD6YfrxE6Mt1hjwfw9ksYAGjgdHZC18BIeDnAuwSsYczTILfnnMLOzQF24cH3R6VS26raqEtS2BUg7_WQqbEtEpxp1xS_pyotI8RQyh4c32tfhGm_t2n7ldi5cdnf0XZ3A7pBLlADRaD37BfrOmuJ2do5HhcLCgaUhRx9NIHS07XqH95qhCVLIPfFZlqnktc\">http:\/\/motokrossipisik.eu\/saalitrennid\/<\/a>, hannes@motokrossipisik.ee, telefon 5296556<br \/>\n<span style=\"color: #ff00ff;\"><strong><br \/>\n<span style=\"color: #008000;\">Neljap\u00e4ev,\u00a05. aprill<\/span><\/strong><\/span><br \/>\nkl 12.40 KL\u00a0<strong>Meisterdamine<\/strong>\u00a01. kl (Loovuslabor)<br \/>\nkl 13.45 KL\u00a0<strong>Meisterdamine<\/strong>\u00a03.-4. kl (Loovuslabor)<br \/>\nkl 14-16.30 KO,\u00a0<strong>Soololaul\/klaver<\/strong>\u00a0(juhendab Triin Kont-Kontson)<br \/>\nkl 15.30 KL\u00a0<strong>Tekstiili- ja disainiring<\/strong>\u00a05-6\u00a0kl (Loovuslabor)<br \/>\nkl\u00a019.00\u00a0KL,\u00a0<strong>Inglise keele\u00a0kursus edasij\u00f5udnutele<\/strong>\u00a0(tase A2-B 1.1) \u00a0Juhendab marethein@gmail.com, tel 56575575.\u00a0<strong><span style=\"color: #ff0000;\">NB!<\/span>\u00a0Uued liitujad oodatud!<br \/>\n<\/strong>kl 18.30 AT,\u00a0<strong><span style=\"color: #ff0000;\">\u00a0<\/span><\/strong><span style=\"color: #000000;\">Muraste Nimetu N\u00e4item\u00e4nguseltskond \u00a0&#8211;\u00a0<strong>n\u00e4itering\u00a0\u00a0<\/strong><\/span><br \/>\nkl 19\u00a0<strong>Tilgu h\u00fclged suplevad<\/strong>\u00a0Tilgu sadamas! Info: FB grupp Taliujumine Tilgus.<br \/>\nkl 19 SP,<strong>\u00a0Mudelistide lennutund\u00a0<\/strong>(juhendab Tiit T\u00f5nurist)<\/p>\n<p><span style=\"color: #0000ff;\"><span style=\"color: #000000;\"><strong><a href=\"https:\/\/muraste.ee\/vana\/wp-content\/uploads\/2016\/03\/Appi-ma-kahandasin-vanemad_plakat.jpg\" rel=\"attachment wp-att-5429\"><img decoding=\"async\" loading=\"lazy\" class=\"size-medium wp-image-5429 alignleft\" src=\"https:\/\/muraste.ee\/vana\/wp-content\/uploads\/2016\/03\/Appi-ma-kahandasin-vanemad_plakat-215x300.jpg\" alt=\"Appi-ma-kahandasin-vanemad_plakat\" width=\"215\" height=\"300\" srcset=\"https:\/\/muraste.ee\/vana\/wp-content\/uploads\/2016\/03\/Appi-ma-kahandasin-vanemad_plakat-215x300.jpg 215w, https:\/\/muraste.ee\/vana\/wp-content\/uploads\/2016\/03\/Appi-ma-kahandasin-vanemad_plakat-768x1069.jpg 768w, https:\/\/muraste.ee\/vana\/wp-content\/uploads\/2016\/03\/Appi-ma-kahandasin-vanemad_plakat-736x1024.jpg 736w, https:\/\/muraste.ee\/vana\/wp-content\/uploads\/2016\/03\/Appi-ma-kahandasin-vanemad_plakat-624x869.jpg 624w, https:\/\/muraste.ee\/vana\/wp-content\/uploads\/2016\/03\/Appi-ma-kahandasin-vanemad_plakat.jpg 1400w\" sizes=\"(max-width: 215px) 100vw, 215px\" \/><\/a><span style=\"color: #008000;\">Reede,\u00a06. aprill\u00a0<\/span><br \/>\n<\/strong>kl 16 \u00f5ues, \u00a0<strong>Skaudiring<\/strong>, oodatud k\u00f5ik kooliealised lapsed.<br \/>\nkl 19 AT,\u00a0<strong><span style=\"color: #ff0000;\">UUS!<\/span>\u00a0<\/strong>Filmi\u00f5htu<strong>\u00a0&#8220;Appi, ma kahandasin oma vanemad&#8221;.\u00a0<\/strong><\/span><\/span><span style=\"color: #0000ff;\"><em><span style=\"color: #808080;\"><span style=\"color: #ff6600;\"><strong>Taas on andnud oma h\u00e4\u00e4le<\/strong><\/span>\u00a0uue, kinolinadele j\u00f5udnud filmi &#8220;Appi, ma kahandasin oma vanemad&#8221;\u00a0<span style=\"color: #ff6600;\"><strong>peaosalisele<\/strong>\u00a0<strong>Muraste kooli poiss &#8211; Thor Tobias Lepp!\u00a0<\/strong><\/span><br \/>\nFelixi koolis kummitab j\u00e4lle! Aga seekord pole tegu kooli asutaja Otto Leonhardi kiusliku vaimuga, vaid m\u00e4ngu tuleb hoopis ammusurnud direktriss Hulda Stingbeard. Juhuste kokkulangemise t\u00f5ttu t\u00f5useb endine kahandatud ja skeletistatud koolijuht taas \u00fcles. Ellu tagasip\u00f6\u00f6rdununa l\u00e4heb ta lahingusse Otto Leonhardi vastu, kahandab dr Schmitt-G\u00f6ssweini ja Felixi vanemad ning v\u00f5tab kooli juhtimise \u00fcle. Felix, Ella ja nende kamp peavad viivitamata tegutsema, et p\u00e4\u00e4sta kool ja muuta dr Schmitt-G\u00f6sswein ning poisi vanemad taas inimesesuuruseks.<br \/>\n<span style=\"color: #ff6600;\">Kom\u00f6\u00f6dia, p\u00f5nevusfilm, koguperefilm!\u00a0<\/span>Re\u017eiss\u00f6\u00f6r: Tim Trageser. Osades: Thor Tobias Lepp, Piret Kalda, Anti Kobin, Liina Vahtrik, Anne Reemann, Saara Kadak, Tarvo Krall, M\u00e4rten M\u00e4nniste, Mart M\u00fc\u00fcrisepp, Mikk Kaasik, Karl Kristjan Puusepp<\/span><\/em><\/span><\/p>\n<p><strong><span style=\"color: #008000;\">Laup\u00e4ev, 7. aprill<\/span><\/strong><br \/>\nkl 10 &#8211; LiULI\u00a0<strong>kandlemeisterdamise t\u00f6\u00f6tuba<\/strong>\u00a0(grupp komplekteeritud)<\/p>\n<p><strong><span style=\"color: #008000;\">T\u00c4HELEPANU, TEATRIPISIKUGA NAKATUNUD!<\/span><br \/>\n<\/strong>Meie valla inimestest koosneval, igavesti \u00e4gedal Nimetul N\u00e4item\u00e4nguseltskonnal m\u00f5lguvad peas juba uue etenduse lavale toomise m\u00f5tted ning seet\u00f5ttu ootame truppi tublisti (teatripisikuga nakatunute) lisa! V\u00e4ga vahvad ja julged naised ning \u00fcks mees on juba registreerunud (ja ikka veel ka juurde oodatud)!<br \/>\nN\u00e4item\u00e4nguhuvilised, palun andke endast m\u00e4rku kogukonnakeskus@muraste.ee &#8211; uus t\u00fckk on tulekul!<strong><br \/>\n<\/strong><\/p>\n<p><span style=\"color: #ff9900;\"><strong><span style=\"color: #008000;\">PEATSELT TULEKUL<\/span><a href=\"https:\/\/muraste.ee\/vana\/wp-content\/uploads\/2018\/03\/lembe3.jpg\" rel=\"attachment wp-att-5388\"><img decoding=\"async\" loading=\"lazy\" class=\"size-thumbnail wp-image-5388 alignright\" src=\"https:\/\/muraste.ee\/vana\/wp-content\/uploads\/2018\/03\/lembe3-150x150.jpg\" alt=\"lembe3\" width=\"150\" height=\"150\" \/><\/a><\/strong><\/span><\/p>\n<p><strong><span style=\"color: #ff0000;\">UUS!\u00a0<\/span><\/strong><span style=\"color: #000000;\">Alates 10. aprillist\u00a0<strong>Graafikakursus<\/strong>. Info ja registreerumise info<\/span>\u00a0\u00a0<strong><a href=\"https:\/\/muraste.ee\/vana\/?p=5343\" target=\"_blank\">SIIT<\/a>\u00a0<\/strong><\/p>\n<\/div>\n<\/header>\n<header class=\"entry-header\">\n<div class=\"entry-content\" style=\"text-align: left;\"><a href=\"https:\/\/muraste.ee\/vana\/wp-content\/uploads\/2016\/03\/plakat-27-aprill.jpg\" rel=\"attachment wp-att-5363\"><img decoding=\"async\" loading=\"lazy\" class=\"wp-image-5363 size-medium alignleft\" src=\"https:\/\/muraste.ee\/vana\/wp-content\/uploads\/2016\/03\/plakat-27-aprill-212x300.jpg\" alt=\"plakat 27 aprill\" width=\"212\" height=\"300\" srcset=\"https:\/\/muraste.ee\/vana\/wp-content\/uploads\/2016\/03\/plakat-27-aprill-212x300.jpg 212w, https:\/\/muraste.ee\/vana\/wp-content\/uploads\/2016\/03\/plakat-27-aprill-768x1086.jpg 768w, https:\/\/muraste.ee\/vana\/wp-content\/uploads\/2016\/03\/plakat-27-aprill-724x1024.jpg 724w, https:\/\/muraste.ee\/vana\/wp-content\/uploads\/2016\/03\/plakat-27-aprill-624x882.jpg 624w\" sizes=\"(max-width: 212px) 100vw, 212px\" \/><\/a><\/div>\n<\/header>\n<div class=\"entry-content\" style=\"text-align: left;\">\n<p><strong><span style=\"color: #ff0000;\">UUS!<\/span>\u00a0<\/strong>13. aprillil kl 19\u00a0<span style=\"color: #000000;\"><span style=\"color: #ff0000;\"><strong>Stig R\u00e4sta autorikontsert<\/strong>!\u00a0<\/span>\u00a0Edasi loe\u00a0<\/span><strong><span style=\"color: #ff0000;\"><a style=\"color: #ff0000;\" href=\"https:\/\/muraste.ee\/vana\/?p=5240\" target=\"_blank\">SIIT<\/a>:<\/span><\/strong><\/p>\n<p><strong><span style=\"color: #ff0000;\">UUS!<\/span><\/strong><span style=\"color: #ff0000;\">\u00a0<\/span><span style=\"color: #ff0000;\"><span style=\"color: #000000;\">27. aprill kell 19 Nimetu N\u00e4item\u00e4nguseltskond etendusega\u00a0<strong>&#8220;Kaheksa armastavat naist&#8221;<\/strong><\/span><\/span><\/p>\n<p><strong><span style=\"color: #ff0000;\">UUS!\u00a0<\/span><\/strong><span style=\"color: #ff0000;\"><span style=\"color: #000000;\">3. mail kell 19\u00a0<\/span><\/span><strong><span style=\"color: #000000;\">Helir\u00e4nnak &#8211; meditatiivne kontsert<\/span><\/strong><span style=\"color: #000000;\"><strong><span style=\"color: #ff0000;\"><br \/>\nUUS!<\/span><span style=\"color: #ff0000;\">\u00a0<\/span>\u00a0<\/strong>5. mai kell 10\u00a0<strong>Teeme \u00e4ra! talgup\u00e4ev<br \/>\n<\/strong><\/span><strong><span style=\"color: #ff0000;\">UUS!<\/span><\/strong>\u00a05. mai kell 19<strong>\u00a0filmi\u00f5htu &#8220;Ahto. Unistuste jaht&#8221;<\/strong><\/p>\n<p><span style=\"color: #ff0000;\"><strong>UUS!\u00a0<\/strong><span style=\"color: #000000;\">18. mail kell 18<\/span><\/span><strong><span style=\"color: #ff0000;\"><span style=\"color: #000000;\">\u00a0Kuusalurahva Teater etendusega\u00a0<a href=\"https:\/\/vimeo.com\/258518386\" target=\"_blank\">&#8220;Armastus, pulm, abielu&#8221;<\/a><\/span><\/span><\/strong><\/p>\n<\/div>\n<div class=\"entry-content\" style=\"text-align: left;\">\n<p><a href=\"https:\/\/muraste.ee\/vana\/wp-content\/uploads\/2018\/02\/Stig-R\u00e4sta.jpg\" rel=\"attachment wp-att-5242\"><img decoding=\"async\" loading=\"lazy\" class=\"alignnone wp-image-5242 size-full\" src=\"https:\/\/muraste.ee\/vana\/wp-content\/uploads\/2018\/02\/Stig-R\u00e4sta.jpg\" alt=\"\" width=\"679\" height=\"960\" srcset=\"https:\/\/muraste.ee\/vana\/wp-content\/uploads\/2018\/02\/Stig-R\u00e4sta.jpg 679w, https:\/\/muraste.ee\/vana\/wp-content\/uploads\/2018\/02\/Stig-R\u00e4sta-212x300.jpg 212w, https:\/\/muraste.ee\/vana\/wp-content\/uploads\/2018\/02\/Stig-R\u00e4sta-624x882.jpg 624w\" sizes=\"(max-width: 679px) 100vw, 679px\" \/><\/a><\/p>\n<p><strong><span style=\"color: #ff6600;\">REKLAAMINURK!<\/span><\/strong><br \/>\nMeie k\u00fcla\u00a0<strong>vahvad naised<\/strong>, ema ja t\u00fctar\u00a0<strong>Piret ja Brigita<\/strong>\u00a0kutsuvad k\u00f5iki nende vastavatud Pop Optika optikasalongi, kus nad pakuvad teile\u00a0ilusaid raame, n\u00e4gemiskontrolli ja esmal\u00e4\u00e4tse teenust ning<span class=\"text_exposed_show\">\u00a0seda k\u00f5ike v\u00e4ga hubases ja m\u00f5nusas keskkonnas. Salong asub mugavas kohas Tallinnas, Ehitajate tee 109b.\u00a0<strong>V\u00f5lus\u00f5na &#8220;Harku vald&#8221;<\/strong>\u00a0annab Teile p\u00fcsiva v\u00e4hemalt 25% soodustuse nii raamidelt, kui klaasidelt.<br \/>\nInfo:\u00a0Pop Optika Facebookis, e-post piret@popoptika.ee,\u00a0v\u00f5i tel\u00a088 9103. Salang on avatud E-R 10-18 L,P kokkuleppel-<br \/>\n<strong>Hoiame omasid!<\/strong><br \/>\n<a href=\"https:\/\/muraste.ee\/vana\/wp-content\/uploads\/2016\/03\/piret.jpg\" rel=\"attachment wp-att-5415\"><img decoding=\"async\" loading=\"lazy\" class=\"alignnone size-thumbnail wp-image-5415\" src=\"https:\/\/muraste.ee\/vana\/wp-content\/uploads\/2016\/03\/piret-150x150.jpg\" alt=\"piret\" width=\"150\" height=\"150\" \/><\/a>\u00a0\u00a0\u00a0<a href=\"https:\/\/muraste.ee\/vana\/wp-content\/uploads\/2016\/03\/piret2.jpg\" rel=\"attachment wp-att-5416\"><img decoding=\"async\" loading=\"lazy\" class=\"alignnone size-thumbnail wp-image-5416\" src=\"https:\/\/muraste.ee\/vana\/wp-content\/uploads\/2016\/03\/piret2-150x150.jpg\" alt=\"piret2\" width=\"150\" height=\"150\" \/><\/a>\u00a0 \u00a0<a href=\"https:\/\/muraste.ee\/vana\/wp-content\/uploads\/2016\/03\/piret3.jpg\" rel=\"attachment wp-att-5417\"><img decoding=\"async\" loading=\"lazy\" class=\"alignnone size-thumbnail wp-image-5417\" src=\"https:\/\/muraste.ee\/vana\/wp-content\/uploads\/2016\/03\/piret3-150x150.jpg\" alt=\"piret3\" width=\"150\" height=\"150\" \/><\/a><\/span><\/p>\n<p><strong><span style=\"color: #0000ff;\">Meie head s\u00f5brad Harku Valla Aiaseltsist kutsuvad rohen\u00e4ppe-aiandushuvilisi 4. mail Siguldasse suurejoonelisele Taimeparaadile! Bussis on kohtade arv piiratud &#8211; seega, kes kiire reageerija, see kindlalt kaasas:)<br \/>\n<a href=\"https:\/\/muraste.ee\/vana\/wp-content\/uploads\/2016\/03\/Sigulda2-page0001.jpg\" rel=\"attachment wp-att-5396\"><img decoding=\"async\" loading=\"lazy\" class=\"alignnone size-large wp-image-5396\" src=\"https:\/\/muraste.ee\/vana\/wp-content\/uploads\/2016\/03\/Sigulda2-page0001-724x1024.jpg\" alt=\"Sigulda2-page0001\" width=\"625\" height=\"884\" srcset=\"https:\/\/muraste.ee\/vana\/wp-content\/uploads\/2016\/03\/Sigulda2-page0001-724x1024.jpg 724w, https:\/\/muraste.ee\/vana\/wp-content\/uploads\/2016\/03\/Sigulda2-page0001-212x300.jpg 212w, https:\/\/muraste.ee\/vana\/wp-content\/uploads\/2016\/03\/Sigulda2-page0001-768x1086.jpg 768w, https:\/\/muraste.ee\/vana\/wp-content\/uploads\/2016\/03\/Sigulda2-page0001-624x883.jpg 624w, https:\/\/muraste.ee\/vana\/wp-content\/uploads\/2016\/03\/Sigulda2-page0001.jpg 1240w\" sizes=\"(max-width: 625px) 100vw, 625px\" \/><\/a><br \/>\n<\/span><\/strong><\/p>\n<p><strong><span style=\"color: #0000ff;\"><br \/>\nN\u00c4ITUS SAADAVAL!<\/span><br \/>\n<\/strong>Kui kellelgi on soovi oma ruumides eksponeerida n\u00e4itust\u00a0\u00a0&#8220;<strong><a href=\"https:\/\/muraste.ee\/vana\/?p=5228\" target=\"_blank\">Tuulepealne maa &#8211; siin on sinu kodu<\/a><\/strong>&#8221; siis andke endast teada kogukonnakeskus@muraste.ee. N\u00e4itus koosneb 10st roll-up stendist.<\/p>\n<p><span style=\"color: #ff00ff;\"><strong style=\"color: #99cc00;\">TEADETETAHVEL<\/strong><\/span><\/p>\n<div class=\"text_exposed_show\"><\/div>\n<\/div>\n<header class=\"entry-header\">\n<div class=\"entry-content\">\n<div class=\"_1mf _1mj\" data-offset-key=\"cki46-0-0\">\n<div class=\"_1mf _1mj\" data-offset-key=\"cki46-0-0\"><strong><span style=\"color: #339966;\"><img decoding=\"async\" loading=\"lazy\" class=\"size-medium wp-image-3740 alignright\" src=\"https:\/\/muraste.ee\/vana\/wp-content\/uploads\/2016\/03\/stend-300x224.jpg\" sizes=\"(max-width: 300px) 100vw, 300px\" srcset=\"https:\/\/muraste.ee\/vana\/wp-content\/uploads\/2016\/03\/stend-300x224.jpg 300w, https:\/\/muraste.ee\/vana\/wp-content\/uploads\/2016\/03\/stend-768x572.jpg 768w, https:\/\/muraste.ee\/vana\/wp-content\/uploads\/2016\/03\/stend-1024x763.jpg 1024w, https:\/\/muraste.ee\/vana\/wp-content\/uploads\/2016\/03\/stend-624x465.jpg 624w, https:\/\/muraste.ee\/vana\/wp-content\/uploads\/2016\/03\/stend.jpg 1300w\" alt=\"stend\" width=\"300\" height=\"224\" \/><\/span><\/strong><\/div>\n<div class=\"_1mf _1mj\" data-offset-key=\"cki46-0-0\"><strong>Soovid avaldada oma reklaami<\/strong>\u00a0meie infokanalites? Juhised on\u00a0<strong>siin<\/strong>!<\/div>\n<div class=\"_1mf _1mj\" data-offset-key=\"cki46-0-0\"><strong>Soovid kasutada<\/strong>\u00a0m\u00f5nd Muraste k\u00fclaseltsi poolt pakutavat<strong>\u00a0teenust<\/strong>? V\u00f5imalused on<strong>\u00a0siin!<\/strong><\/div>\n<div class=\"_1mf _1mj\" data-offset-key=\"cki46-0-0\"><\/div>\n<div class=\"_1mf _1mj\" data-offset-key=\"cki46-0-0\"><\/div>\n<p><strong>Teadmiseks:\u00a0<\/strong>Muraste igan\u00e4dalase e-infokirjaga liitumiseks saada sellekohane teade muraste@muraste.ee<br \/>\n<strong>Muraste kogukonnakeskus\u00a0<\/strong>(Lee tee 9, Muraste) avatud E-N 10 -18, R 10-16.<br \/>\n<strong>T\u00e4psustused ja info:<\/strong>\u00a0kogukonnakeskus@muraste.ee;\u00a05253128 (Aule Kikas).<\/p>\n<\/div>\n<\/div>\n<\/header>\n","protected":false},"excerpt":{"rendered":"<p>N\u00c4DAL\u00a014 MURASTES* 2.-8. aprill 2018\u00a0 * AT- koolimaja aatrium, SP- spordihoone; KO-kogukonnakeskus; \u00a0 KL- klassiruum; Esmasp\u00e4ev, 2. aprill\u00a0&#8211; 2 \u00fclest\u00f5usmisp\u00fcha kl 14 AT, Tallinna Tantsuklubi \u201cMy Dance\u201d\u00a0showtants. \u00a0(www.mydance.ee) kl 14.40 KO,\u00a0Kandletund\u00a0edasij\u00f5udnutele\u00a0(Fa Stuudio\/kool, fastuudio@gmail.com ) kl 15 SP, Judoklubi \u201cAitado\u201d\u00a0Judo\u00a0(alustajad ja uuesti alustajad). \u00a0(www.aitado.ee) kl 16.30 SP, Judoklubi \u201cAitado\u201d\u00a0Judo\u00a0(edasij\u00f5udnud). \u00a0(www.aitado.ee) kl 16.30 KO, L\u00f5\u00f5tsatund Mariaga kl<a class=\"moretag\" href=\"https:\/\/muraste.ee\/vana\/?page_id=5436\"><br \/>&#8230;Loe edasi<\/a><\/p>\n","protected":false},"author":2,"featured_media":0,"parent":0,"menu_order":0,"comment_status":"closed","ping_status":"closed","template":"nadalakava.php","meta":{"_bbp_topic_count":0,"_bbp_reply_count":0,"_bbp_total_topic_count":0,"_bbp_total_reply_count":0,"_bbp_voice_count":0,"_bbp_anonymous_reply_count":0,"_bbp_topic_count_hidden":0,"_bbp_reply_count_hidden":0,"_bbp_forum_subforum_count":0,"_mc_calendar":[]},"_links":{"self":[{"href":"https:\/\/muraste.ee\/vana\/index.php?rest_route=\/wp\/v2\/pages\/5436"}],"collection":[{"href":"https:\/\/muraste.ee\/vana\/index.php?rest_route=\/wp\/v2\/pages"}],"about":[{"href":"https:\/\/muraste.ee\/vana\/index.php?rest_route=\/wp\/v2\/types\/page"}],"author":[{"embeddable":true,"href":"https:\/\/muraste.ee\/vana\/index.php?rest_route=\/wp\/v2\/users\/2"}],"replies":[{"embeddable":true,"href":"https:\/\/muraste.ee\/vana\/index.php?rest_route=%2Fwp%2Fv2%2Fcomments&post=5436"}],"version-history":[{"count":2,"href":"https:\/\/muraste.ee\/vana\/index.php?rest_route=\/wp\/v2\/pages\/5436\/revisions"}],"predecessor-version":[{"id":5440,"href":"https:\/\/muraste.ee\/vana\/index.php?rest_route=\/wp\/v2\/pages\/5436\/revisions\/5440"}],"wp:attachment":[{"href":"https:\/\/muraste.ee\/vana\/index.php?rest_route=%2Fwp%2Fv2%2Fmedia&parent=5436"}],"curies":[{"name":"wp","href":"https:\/\/api.w.org\/{rel}","templated":true}]}}