{"id":5473,"date":"2018-04-16T11:07:10","date_gmt":"2018-04-16T08:07:10","guid":{"rendered":"https:\/\/muraste.ee\/vana\/?page_id=5473"},"modified":"2018-04-16T11:07:10","modified_gmt":"2018-04-16T08:07:10","slug":"nadal-15-3","status":"publish","type":"page","link":"https:\/\/muraste.ee\/vana\/?page_id=5473","title":{"rendered":"N\u00e4dal 15"},"content":{"rendered":"<p>N\u00c4DAL 15 MURASTES*<br \/>\n9.-15. aprill 2018<br \/>\n* AT- koolimaja aatrium, SP- spordihoone; KO-kogukonnakeskus; KL- klassiruum;<\/p>\n<p>Esmasp\u00e4ev, 9. aprill<br \/>\nkl 14 AT, Tallinna Tantsuklubi \u201cMy Dance\u201d showtants. (www.mydance.ee)<br \/>\nkl 14.40 KO, Kandletund edasij\u00f5udnutele (Fa Stuudio\/kool, fastuudio@gmail.com )<br \/>\nkl 15 SP, Judoklubi \u201cAitado\u201d Judo (alustajad ja uuesti alustajad). (www.aitado.ee)<br \/>\nkl 16.30 SP, Judoklubi \u201cAitado\u201d Judo (edasij\u00f5udnud). (www.aitado.ee)<br \/>\nkl 16.30 KO, L\u00f5\u00f5tsatund Mariaga<br \/>\nkl 17.30 KO, Kandleansambel LiULi proov<br \/>\nkl 19 AT, Suurupi naiskoor Meretule proov<\/p>\n<p>Teisip\u00e4ev, 10. aprill<br \/>\nkl 10-16 SP, Harjumaa koolijuhtide konverents<br \/>\nkl 14.40-15.25 KO, Fa Stuudio fl\u00f6\u00f6diring edasij\u00f5udnutele. (fastuudio@gmail.com v\u00f5i tel 5160031)<br \/>\nkl 15.30-18.00 KO, Soololaul \/ klaver (juhendab Triin Kont-Kontson)<br \/>\nkl 16-18.30 KL, Lahe Huvikooli eelkool (www.lahehuvikool.ee)<br \/>\nkl 17 KL, Puut\u00f6\u00f6ring I grupp, juhendab Argo Aruvald.<br \/>\nkl 18 KL, Puut\u00f6\u00f6ring II grupp juhendab Argo Aruvald.<br \/>\nkl 18 KO, Raadioring. Juhendab Vytautas Martinonis.<br \/>\nkl 18.30 KO, UUS! Graafikakursuse infotund. Lisainfo SIIT lembe3<br \/>\nkl 18.30 KL, Inglise keele kursus edasij\u00f5udnutele (tase B 1.2 -B 2.1). Juhendab marethein@gmail.com, tel 56575575. NB! Uued liitujad oodatud!<br \/>\nkl 19 SP, V\u00f5rkpall (naised\/mehed)- oodatud on k\u00f5ik v\u00f5rkpallihuvilised!;<br \/>\nkl 19 KL, Kundalini jooga info@lahetervis.ee, tel.56903049,<br \/>\nkl 19 Tilgu h\u00fclged suplevad Tilgu sadamas! Info: FB grupp Taliujumine Tilgus.<br \/>\nkl 18.30 AT, Seltskonnatantsu j\u00e4tkukursus. (lisainfo plakatil)<br \/>\nkl 19.45 AT, Seltskonnatantsude harjutustund\u2013 v\u00f5imalus \u00f5pitut kinnistada ja toredas seltskonnas jalga keerutada.<\/p>\n<p>Kolmap\u00e4ev, 11. aprill<br \/>\nkl 13.45 KL, Kitarriring (I grupp) (Ain Varts, www.huviringid.ee)<br \/>\nkl 13.45 KL, Kitarriring (II grupp) (Ain Varts, www.huviringid.ee )<br \/>\nkl 15.30 KL, Malering (Jaan Urgas, www.huviringid.ee)<br \/>\nkl 14 AT, Tallinna Tantsuklubi \u201cMy Dance\u201d showtants. (www.mydance.ee)<br \/>\nkl 14.45 KL, Noortejooga alates 3. kl<br \/>\nkl 14.40 KO, Kandletund algajatele I grupp (Fa Stuudio\/kool)<br \/>\nkl 15.45 KO, Beebide-p\u00f5nnide muusikaring (fastuudio@gmail.com v\u00f5i tel 5160031)<br \/>\nkl 16.15 SP, Judoklubi \u201cAitado\u201d Judo (alustajad ja uuesti alustajad). (www.aitado.ee)<br \/>\nkl 17.45 SP, Judoklubi \u201cAitado\u201d Judo (edasij\u00f5udnud). (www.aitado.ee)<br \/>\nkl 18 KL, Mudelismiring (juhendab Andres Madissoo)<br \/>\nkl 18.00 KL, UUS! Praktiline lilleseade<br \/>\nkl 18.30 KO, K\u00fclaseltsi juhatuse koosolek<br \/>\nkl 19 KL, Inglise keele kursus uuesti alustajatele ja algajatele . Lisainfo juhendajalt tel 56575575 (Maret Hein).<br \/>\nkl 18.30 AT, Line-tants. Tulge k\u00f5ik ja saage osa elur\u00f5\u00f5must!<br \/>\nInfo kristin@huviline.ee<br \/>\nyktkl 19.15-20.15 \u00dcLDKEHALISE<br \/>\nETTEVALMISTUSE TREENING! \u00dcKE ehk \u00fcldkehalise ettevalmistuse treeningud on mitmek\u00fclgsed ning kogu keha arendavad. Treeningutes parandavad lapsed oma koordinatsiooni, painduvust ning tasakaalu, mis tuleb kasuks nii motokrossihuvilistele kui ka k\u00f5igile teistele. Vajalikud sise-spordijalatsid. Kuutasu 20 \u20ac. K\u00d5IK SPORDIS\u00d5BRAD ON OODATUD! Lisainfo: http:\/\/motokrossipisik.eu\/saalitrennid\/, hannes@motokrossipisik.ee, telefon 5296556<\/p>\n<p>Neljap\u00e4ev, 12. aprill<br \/>\nkl 12.40 KL Meisterdamine 1. kl (Loovuslabor)<br \/>\nkl 13.45 KL Meisterdamine 3.-4. kl (Loovuslabor)<br \/>\nkl 14-16.30 KO, Soololaul\/klaver (juhendab Triin Kont-Kontson)<br \/>\nkl 15.30 KL Tekstiili- ja disainiring 5-6 kl (Loovuslabor)<br \/>\nkl 18.00 KO, UUS! ATH-laste vanemate tugir\u00fchm. Tulge, koos on kergem!<br \/>\nkl 19.00 KL, Inglise keele kursus edasij\u00f5udnutele (tase A2-B 1.1) Juhendab marethein@gmail.com, tel 56575575. NB! Uued liitujad oodatud!<br \/>\nkl 18.30 AT, Nimetu N\u00e4item\u00e4nguseltskond &#8211; n\u00e4itering.<br \/>\nkl 19 Tilgu h\u00fclged suplevad Tilgu sadamas! Info: FB grupp Taliujumine Tilgus.<br \/>\nkl 19 SP, Mudelistide lennutund (juhendab Tiit T\u00f5nurist)<\/p>\n<p>ra\u0308sta_UUSReede, 13. aprill<br \/>\nkl 16 \u00f5ues, Skaudiring, oodatud k\u00f5ik kooliealised lapsed.<br \/>\nkl 19 AT, UUS! STIG R\u00c4STA AUTORIKONTSERT. Edasi loe SIIT:<\/p>\n<p>Laup\u00e4ev, 14. aprill<br \/>\nkl 10KL, Kandlemeisterdamise t\u00f6\u00f6tuba (grupp komplekteeritud)<br \/>\nkl 12 KO, Uute kandleomanike esimene kandetund<\/p>\n<p>T\u00c4HELEPANU, TEATRIPISIKUGA NAKATUNUD!<br \/>\nMeie valla inimestest koosneval, igavesti \u00e4gedal Nimetul N\u00e4item\u00e4nguseltskonnal m\u00f5lguvad peas juba uue etenduse lavale toomise m\u00f5tted ning seet\u00f5ttu ootame truppi tublisti (teatripisikuga nakatunute) lisa! V\u00e4ga vahvad ja julged naised ning \u00fcks mees on juba registreerunud (ja ikka veel ka juurde oodatud)!<br \/>\nN\u00e4item\u00e4nguhuvilised, palun andke endast m\u00e4rku kogukonnakeskus@muraste.ee &#8211; uus t\u00fckk on tulekul!<\/p>\n<p>PEATSELT TULEKUL<\/p>\n<p>plakat 27 aprill<\/p>\n<p>UUS! 20. aprillil kell 19 filmi\u00f5htu &#8220;Portugal&#8221;. Treiler vaatamiseks siin: https:\/\/www.youtube.com\/watch?v=EB8jJYaSlO8<\/p>\n<p>UUS! 27. aprill kell 19 Nimetu N\u00e4item\u00e4nguseltskond etendusega &#8220;Kaheksa armastavat naist&#8221;<\/p>\n<p>UUS! 2. mai kell 17-21 Teeme \u00e4ra! talgup\u00e4ev<\/p>\n<p>UUS! 3. mail kell 19 Helir\u00e4nnak &#8211; meditatiivne kontsert<\/p>\n<p>UUS! 5. mai<br \/>\nkell 14 Rulapargi avamine<br \/>\nkelll 17 Muraste k\u00fclaseltsi \u00fcldkoosolek<br \/>\nkell 19 filmi\u00f5htu &#8220;Ahto. Unistuste jaht&#8221;<\/p>\n<p>UUS! 18. mail kell 18 Kuusalurahva Teater etendusega &#8220;Armastus, pulm, abielu&#8221;<\/p>\n<p>REKLAAMINURK!<\/p>\n<p>Meie k\u00fcla vahvad naised, ema ja t\u00fctar Piret ja Brigita kutsuvad k\u00f5iki nende vastavatud Pop Optika optikasalongi, kus nad pakuvad teile ilusaid raame, n\u00e4gemiskontrolli ja esmal\u00e4\u00e4tse teenust ning seda k\u00f5ike v\u00e4ga hubases ja m\u00f5nusas keskkonnas. Salong asub mugavas kohas Tallinnas, Ehitajate tee 109b. V\u00f5lus\u00f5na &#8220;Harku vald&#8221; annab Teile p\u00fcsiva v\u00e4hemalt 25% soodustuse nii raamidelt, kui klaasidelt.<br \/>\nInfo: Pop Optika Facebookis, e-post piret@popoptika.ee, v\u00f5i tel 88 9103. Salang on avatud E-R 10-18 L,P kokkuleppel-<br \/>\nHoiame omasid!<br \/>\npiret piret2 piret3<\/p>\n<p>L\u00e4hme Taimeparaadile!<\/p>\n<p>Meie head s\u00f5brad Harku Valla Aiaseltsist kutsuvad rohen\u00e4ppe-aiandushuvilisi 4. mail Siguldasse suurejoonelisele Taimeparaadile! Bussis on kohtade arv piiratud &#8211; seega, kes kiire reageerija, see kindlalt kaasas:)<br \/>\nSigulda2-page0001<\/p>\n<p>N\u00c4ITUS SAADAVAL!<br \/>\nKui kellelgi on soovi oma ruumides eksponeerida n\u00e4itust &#8220;Tuulepealne maa &#8211; siin on sinu kodu&#8221; siis andke endast teada kogukonnakeskus@muraste.ee. N\u00e4itus koosneb 10st roll-up stendist.<\/p>\n<p>TEADETETAHVEL<\/p>\n<p>stend<br \/>\nSoovid avaldada oma reklaami meie infokanalites? Juhised on siin!<br \/>\nSoovid kasutada m\u00f5nd Muraste k\u00fclaseltsi poolt pakutavat teenust? V\u00f5imalused on siin!<\/p>\n<p>Teadmiseks: Muraste igan\u00e4dalase e-infokirjaga liitumiseks saada sellekohane teade muraste@muraste.ee<br \/>\nMuraste kogukonnakeskus (Lee tee 9, Muraste) avatud E-N 10 -18, R 10-16.<br \/>\nT\u00e4psustused ja info: kogukonnakeskus@muraste.ee; 5253128 (Aule Kikas).<\/p>\n","protected":false},"excerpt":{"rendered":"<p>N\u00c4DAL 15 MURASTES* 9.-15. aprill 2018 * AT- koolimaja aatrium, SP- spordihoone; KO-kogukonnakeskus; KL- klassiruum; Esmasp\u00e4ev, 9. aprill kl 14 AT, Tallinna Tantsuklubi \u201cMy Dance\u201d showtants. (www.mydance.ee) kl 14.40 KO, Kandletund edasij\u00f5udnutele (Fa Stuudio\/kool, fastuudio@gmail.com ) kl 15 SP, Judoklubi \u201cAitado\u201d Judo (alustajad ja uuesti alustajad). (www.aitado.ee) kl 16.30 SP, Judoklubi \u201cAitado\u201d Judo (edasij\u00f5udnud). (www.aitado.ee)<a class=\"moretag\" href=\"https:\/\/muraste.ee\/vana\/?page_id=5473\"><br \/>&#8230;Loe edasi<\/a><\/p>\n","protected":false},"author":2,"featured_media":0,"parent":0,"menu_order":0,"comment_status":"closed","ping_status":"closed","template":"nadalakava.php","meta":{"_bbp_topic_count":0,"_bbp_reply_count":0,"_bbp_total_topic_count":0,"_bbp_total_reply_count":0,"_bbp_voice_count":0,"_bbp_anonymous_reply_count":0,"_bbp_topic_count_hidden":0,"_bbp_reply_count_hidden":0,"_bbp_forum_subforum_count":0,"_mc_calendar":[]},"_links":{"self":[{"href":"https:\/\/muraste.ee\/vana\/index.php?rest_route=\/wp\/v2\/pages\/5473"}],"collection":[{"href":"https:\/\/muraste.ee\/vana\/index.php?rest_route=\/wp\/v2\/pages"}],"about":[{"href":"https:\/\/muraste.ee\/vana\/index.php?rest_route=\/wp\/v2\/types\/page"}],"author":[{"embeddable":true,"href":"https:\/\/muraste.ee\/vana\/index.php?rest_route=\/wp\/v2\/users\/2"}],"replies":[{"embeddable":true,"href":"https:\/\/muraste.ee\/vana\/index.php?rest_route=%2Fwp%2Fv2%2Fcomments&post=5473"}],"version-history":[{"count":1,"href":"https:\/\/muraste.ee\/vana\/index.php?rest_route=\/wp\/v2\/pages\/5473\/revisions"}],"predecessor-version":[{"id":5475,"href":"https:\/\/muraste.ee\/vana\/index.php?rest_route=\/wp\/v2\/pages\/5473\/revisions\/5475"}],"wp:attachment":[{"href":"https:\/\/muraste.ee\/vana\/index.php?rest_route=%2Fwp%2Fv2%2Fmedia&parent=5473"}],"curies":[{"name":"wp","href":"https:\/\/api.w.org\/{rel}","templated":true}]}}