{"id":5542,"date":"2018-04-30T09:33:59","date_gmt":"2018-04-30T06:33:59","guid":{"rendered":"https:\/\/muraste.ee\/vana\/?page_id=5542"},"modified":"2018-04-30T09:33:59","modified_gmt":"2018-04-30T06:33:59","slug":"nadal-17-3","status":"publish","type":"page","link":"https:\/\/muraste.ee\/vana\/?page_id=5542","title":{"rendered":"N\u00e4dal 17"},"content":{"rendered":"<header class=\"entry-header\">\n<h1 class=\"entry-title\" style=\"text-align: center;\"><span style=\"color: #3366ff;\"><strong>N\u00c4DAL\u00a017 MURASTES*<br \/>\n23.-29. aprill 2018\u00a0<\/strong><\/span><\/h1>\n<div class=\"entry-content\" style=\"text-align: left;\">\n<p><span style=\"color: #808080;\"><em>* AT- koolimaja aatrium, SP- spordihoone; KO-kogukonnakeskus; \u00a0 KL- klassiruum;<br \/>\n<\/em><\/span><\/p>\n<p><strong><span style=\"color: #3366ff;\">SPORTLIK KOOLIVAHEAEG MURASTES<\/span><\/strong>\u00a0&#8211; uuri lisa\u00a0<strong><span style=\"color: #ff0000;\"><a href=\"https:\/\/muraste.ee\/vana\/?p=5505\" target=\"_blank\">SIIT<\/a><\/span><\/strong><\/p>\n<p><span style=\"color: #ff9900;\"><strong><span style=\"color: #339966;\"><span style=\"color: #3366ff;\">Esmasp\u00e4ev, 23. aprill\u00a0<\/span><a href=\"https:\/\/muraste.ee\/vana\/wp-content\/uploads\/2016\/03\/Sinililleretk-23.04.18.jpg\" rel=\"attachment wp-att-5494\"><img decoding=\"async\" loading=\"lazy\" class=\"size-medium wp-image-5494 alignleft\" src=\"https:\/\/muraste.ee\/vana\/wp-content\/uploads\/2016\/03\/Sinililleretk-23.04.18-208x300.jpg\" alt=\"Sinililleretk 23.04.18\" width=\"208\" height=\"300\" srcset=\"https:\/\/muraste.ee\/vana\/wp-content\/uploads\/2016\/03\/Sinililleretk-23.04.18-208x300.jpg 208w, https:\/\/muraste.ee\/vana\/wp-content\/uploads\/2016\/03\/Sinililleretk-23.04.18-709x1024.jpg 709w, https:\/\/muraste.ee\/vana\/wp-content\/uploads\/2016\/03\/Sinililleretk-23.04.18-624x901.jpg 624w, https:\/\/muraste.ee\/vana\/wp-content\/uploads\/2016\/03\/Sinililleretk-23.04.18.jpg 720w\" sizes=\"(max-width: 208px) 100vw, 208px\" \/><\/a><\/span><br \/>\n<\/strong><\/span>kl 15 SP, Judoklubi \u201cAitado\u201d\u00a0(alustajad ja uuesti alustajad). \u00a0(www.aitado.ee)<br \/>\nkl 16.30 SP, Judoklubi \u201cAitado\u201d\u00a0<strong>Judo<\/strong>\u00a0(edasij\u00f5udnud). \u00a0(www.aitado.ee)<br \/>\nkl 17.30 KO,\u00a0Kandleansambel\u00a0<strong>LiULi\u00a0\u00fcldkoosolek<\/strong><br \/>\nkl 19 Muraste Liikumisklubi kustub liikuma:\u00a0<strong><span style=\"color: #0000ff;\">Sinililleretk!\u00a0<\/span><\/strong><em><span style=\"color: #333333;\">P\u00e4ike on ilmad soojaks k\u00fctnud ja p\u00e4evad on meil n\u00fc\u00fcd pikad:)\u00a0Liikumise r\u00f5\u00f5m on suur\u00a0ja ikka sellep\u00e4rast\u00a0kutsume Teid k\u00f5nni-jooksuringile Muraste radadel.\u00a0Traditsioonid on au sees &#8211;\u00a0k\u00f5nnime Anneli ja\/v\u00f5i jookseme Kaire sabas \ud83d\ude42<br \/>\nP\u00e4rast joome teed ja arutleme meie klubikese homsest p\u00e4evast.<br \/>\nPalun anna meile enda m\u00f5tetest\/soovidest teada ja t\u00e4ida v\u00e4ike ankeet:\u00a0<a style=\"color: #333333;\" href=\"https:\/\/goo.gl\/forms\/dbnHu9FLhoAL4Jau1\" target=\"_blank\" data-saferedirecturl=\"https:\/\/www.google.com\/url?hl=et&amp;q=https:\/\/goo.gl\/forms\/dbnHu9FLhoAL4Jau1&amp;source=gmail&amp;ust=1524559477459000&amp;usg=AFQjCNFG7IbuPVhKVQsHH3oUePL93cvTAA\">https:\/\/goo.gl\/forms\/dbnHu9FLh<wbr \/>oAL4Jau1<\/a>\u00a0<\/span><\/em>Tule ja v\u00f5ta s\u00f5ber ka kaasa!<\/p>\n<\/div>\n<div class=\"entry-content\" style=\"text-align: left;\">\n<p><span style=\"color: #0000ff;\"><strong><span style=\"color: #008000;\"><span style=\"color: #3366ff;\">Teisip\u00e4ev, 24. aprill<\/span><br \/>\n<\/span><\/strong><\/span>kl 18.30 KL,\u00a0<strong>Inglise keele kursus edasij\u00f5udnutele\u00a0<\/strong>(tase B 1.2 -B 2.1).\u00a0Juhendab marethein@gmail.com, tel 56575575.\u00a0<strong><span style=\"color: #ff0000;\">NB!<\/span>\u00a0Uued liitujad oodatud!<\/strong><br \/>\nkl 19 SP,\u00a0<strong>V\u00f5rkpall\u00a0<\/strong><em>(naised\/mehed)- oodatud on k\u00f5ik v\u00f5rkpallihuvilised!;<br \/>\n<\/em>kl 19 KL,\u00a0\u00a0<strong><a href=\"https:\/\/muraste.ee\/vana\/?p=4470\" target=\"_blank\">Kunda<\/a><a href=\"https:\/\/muraste.ee\/vana\/?p=4470\" target=\"_blank\">lini jooga\u00a0<\/a><\/strong><a href=\"mailto:info@lahetervis.ee\">info@lahetervis.ee<\/a><strong>,<\/strong>\u00a0tel.56903049,<br \/>\nkl 19\u00a0<strong>Tilgu h\u00fclged suplevad<\/strong>\u00a0Tilgu sadamas! Info: FB grupp Taliujumine Tilgus.<br \/>\nkl 18.30\u00a0<a href=\"https:\/\/muraste.ee\/vana\/?p=5343\" target=\"_blank\"><strong>Graafikakursus<\/strong>\u00a0<\/a>(Juhendab Lembe Ruben)<br \/>\nkl 18.30 AT,\u00a0<span style=\"color: #333333;\"><strong>S<\/strong><strong>eltskonnatantsu j\u00e4tkukursus<\/strong>.<\/span>\u00a0Info helen@tkrevalia.ee, tel 5109493.<br \/>\nkl 19.45 AT,\u00a0<strong>Seltskonnatantsude harjutustund<\/strong>\u2013 v\u00f5imalus \u00f5pitut kinnistada ja toredas seltskonnas jalga keerutada.\u00a0Info helen@tkrevalia.ee, tel 5109493.<\/p>\n<p><span style=\"color: #3366ff;\"><strong>Kolmap\u00e4ev, 25.\u00a0aprill<a href=\"https:\/\/muraste.ee\/vana\/wp-content\/uploads\/2016\/03\/lill.jpg\" rel=\"attachment wp-att-5501\"><img decoding=\"async\" loading=\"lazy\" class=\"size-medium wp-image-5501 alignleft\" src=\"https:\/\/muraste.ee\/vana\/wp-content\/uploads\/2016\/03\/lill-161x300.jpg\" alt=\"lill\" width=\"161\" height=\"300\" srcset=\"https:\/\/muraste.ee\/vana\/wp-content\/uploads\/2016\/03\/lill-161x300.jpg 161w, https:\/\/muraste.ee\/vana\/wp-content\/uploads\/2016\/03\/lill-551x1024.jpg 551w, https:\/\/muraste.ee\/vana\/wp-content\/uploads\/2016\/03\/lill.jpg 570w\" sizes=\"(max-width: 161px) 100vw, 161px\" \/><\/a><\/strong><\/span><br \/>\nkl 16.15 SP, Judoklubi \u201cAitado\u201d\u00a0<strong>Judo\u00a0(<\/strong>alustajad ja uuesti alustajad). \u00a0(www.aitado.ee)<br \/>\nkl 17.45 SP, Judoklubi \u201cAitado\u201d\u00a0<strong>Judo<\/strong>\u00a0(edasij\u00f5udnud). \u00a0(www.aitado.ee)<br \/>\nk<span style=\"color: #000000;\">l\u00a0<\/span>19 KL, \u00a0<strong>Inglise keele kursus<\/strong>\u00a0uuesti alustajatele ja algajatele . Lisainfo \u00a0juhendajalt tel 56575575 (Maret Hein).<br \/>\nkl 18.30 AT,\u00a0<strong>Line-tants.<\/strong>\u00a0Tulge k\u00f5ik ja saage osa elur\u00f5\u00f5must!<br \/>\nInfo kristin@huviline.ee<br \/>\nkl 18 KL\/KO\u00a0<strong><span style=\"color: #ff0000;\">UUS!<\/span><\/strong>\u00a0<strong>Praktiline lilleseadekursus<\/strong>. L\u00f5put\u00f6\u00f6de tegemine ja kursuse l\u00f5petamine.<br \/>\nkl 19.15-20.15\u00a0<strong>\u00a0<\/strong><strong>\u00dcKE TREENING<\/strong><em>\u00a0ehk \u00fcldkehalise ettevalmistuse treeningud on mitmek\u00fclgsed ning kogu keha arendavad. Treeningutes parandavad lapsed oma koordinatsiooni, painduvust ning tasakaalu, mis tuleb kasuks nii motokrossihuvilistele kui ka k\u00f5igile teistele. Vajalikud sise-spordijalatsid.\u00a0Kuutasu 20 \u20ac.\u00a0<\/em><strong>K\u00d5IK SPORDIS\u00d5BRAD ON OODATUD!<\/strong>\u00a0Lisainfo:\u00a0<a href=\"http:\/\/motokrossipisik.eu\/saalitrennid\/\" target=\"_blank\" rel=\"noopener nofollow\" data-ft=\"{&quot;tn&quot;:&quot;-U&quot;}\" data-lynx-mode=\"async\" data-lynx-uri=\"https:\/\/l.facebook.com\/l.php?u=http%3A%2F%2Fmotokrossipisik.eu%2Fsaalitrennid%2F&amp;h=ATMtTHYPByHFd3Ejb-M_bw3_McwWuVo6SD2thhdIQy0F3YVpA_h8WkckKLGErB5uFSUlktLr926FwJ0TEtQ-jB1FBraRjZFjM3beY2s_WKOJD6YfrxE6Mt1hjwfw9ksYAGjgdHZC18BIeDnAuwSsYczTILfnnMLOzQF24cH3R6VS26raqEtS2BUg7_WQqbEtEpxp1xS_pyotI8RQyh4c32tfhGm_t2n7ldi5cdnf0XZ3A7pBLlADRaD37BfrOmuJ2do5HhcLCgaUhRx9NIHS07XqH95qhCVLIPfFZlqnktc\">http:\/\/motokrossipisik.eu\/saalitrennid\/<\/a>, hannes@motokrossipisik.ee, telefon 5296556<br \/>\n<span style=\"color: #ff00ff;\"><strong><br \/>\n<span style=\"color: #3366ff;\">Neljap\u00e4ev, 26. aprill<\/span><\/strong><\/span><br \/>\nkl 14-19 KO,\u00a0<strong>Soololaul\/klaver<\/strong>\u00a0(juhendab Triin Kont-Kontson)<br \/>\nkl\u00a019.00\u00a0KL,\u00a0<strong>Inglise keele\u00a0kursus edasij\u00f5udnutele<\/strong>\u00a0(tase A2-B 1.1) \u00a0Juhendab marethein@gmail.com, tel 56575575.\u00a0<strong><span style=\"color: #ff0000;\">NB!<\/span>\u00a0Uued liitujad oodatud!<br \/>\n<\/strong>kl 18.30 AT,\u00a0<strong><span style=\"color: #ff0000;\">\u00a0<\/span><\/strong><span style=\"color: #000000;\">\u00a0Nimetu N\u00e4item\u00e4nguseltskond \u00a0&#8211;\u00a0<strong>n\u00e4itering. Uued liitujad oodatud!<br \/>\n<\/strong><\/span>kl 19\u00a0<strong>Tilgu h\u00fclged suplevad<\/strong>\u00a0Tilgu sadamas! Info: FB grupp Taliujumine Tilgus.<br \/>\n<span style=\"color: #3366ff;\">kl 19 SP,\u00a0<strong>Mudelistide lennutund<\/strong>\u00a0<span style=\"color: #333333;\">(juhendab Tiit T\u00f5nurist)<\/span><\/span><\/p>\n<p><span style=\"color: #000000;\"><strong><span style=\"color: #3366ff;\">Reede, 27. aprill\u00a0<a href=\"https:\/\/muraste.ee\/vana\/wp-content\/uploads\/2016\/03\/plakat-27-aprill-1.jpg\" rel=\"attachment wp-att-5477\"><img decoding=\"async\" loading=\"lazy\" class=\"size-medium wp-image-5477 alignright\" src=\"https:\/\/muraste.ee\/vana\/wp-content\/uploads\/2016\/03\/plakat-27-aprill-1-212x300.jpg\" alt=\"plakat 27 aprill\" width=\"212\" height=\"300\" srcset=\"https:\/\/muraste.ee\/vana\/wp-content\/uploads\/2016\/03\/plakat-27-aprill-1-212x300.jpg 212w, https:\/\/muraste.ee\/vana\/wp-content\/uploads\/2016\/03\/plakat-27-aprill-1-768x1086.jpg 768w, https:\/\/muraste.ee\/vana\/wp-content\/uploads\/2016\/03\/plakat-27-aprill-1-724x1024.jpg 724w, https:\/\/muraste.ee\/vana\/wp-content\/uploads\/2016\/03\/plakat-27-aprill-1-624x882.jpg 624w\" sizes=\"(max-width: 212px) 100vw, 212px\" \/><\/a><\/span><br \/>\n<\/strong>kl 16 \u00f5ues, \u00a0<strong>Skaudiring<\/strong>, oodatud k\u00f5ik kooliealised lapsed.<br \/>\nkl 16.15\u00a0<strong>Korvapall!!!\u00a0<\/strong>Poisid-piigad, tulge trenni, teie p\u00e4ralt on tippkorvpallur &#8211; treener\u00a0<strong>Chris Moore<\/strong><br \/>\nkl 19 AT,\u00a0<strong><span style=\"color: #ff0000;\">UUS!<\/span><\/strong>\u00a0Nimetu N\u00e4item\u00e4nguseltskond etendusega\u00a0<strong><a href=\"https:\/\/muraste.ee\/vana\/?p=5523\" target=\"_blank\">&#8220;Kaheksa armastavat naist&#8221; (krimikom\u00f6\u00f6dia).<\/a>\u00a0\u00a0<\/strong>Piletid saadaval 1 h enne etenduse algust kohapeal.<\/span><\/p>\n<p><span style=\"color: #3366ff;\"><strong>P\u00fchap\u00e4ev, 29. aprill<\/strong><\/span><br \/>\nkl 11 KL,\u00a0\u00a0<strong>V\u00e4ikelaevajuhtude kursus\u00a0<\/strong>(<span style=\"color: #000000;\">grupp komplekteeritud)<br \/>\n<\/span><\/p>\n<p><strong><span style=\"color: #339966;\">T\u00c4HELEPANU, TEATRIPISIKUGA NAKATUNUD!<\/span><br \/>\n<\/strong>Meie valla inimestest koosneval, igavesti \u00e4gedal Nimetul N\u00e4item\u00e4nguseltskonnal m\u00f5lguvad peas juba uue etenduse lavale toomise m\u00f5tted ning seet\u00f5ttu ootame truppi tublisti (teatripisikuga nakatunute) lisa! V\u00e4ga vahvad ja julged naised ning \u00fcks mees on juba registreerunud (ja ikka veel ka juurde oodatud)!<br \/>\nN\u00e4item\u00e4nguhuvilised, palun andke endast m\u00e4rku kogukonnakeskus@muraste.ee &#8211; uus t\u00fckk on tulekul!<strong><br \/>\n<\/strong><\/p>\n<p><span style=\"color: #339966;\"><strong>PEATSELT TULEKUL<\/strong><\/span><\/p>\n<p><strong><span style=\"color: #ff0000;\">UUS!<\/span>\u00a0<\/strong>\u00a02. mai kell\u00a017-21\u00a0\u00a0<strong><a href=\"https:\/\/muraste.ee\/vana\/?p=5525\" target=\"_blank\">Teeme \u00e4ra! talgup\u00e4ev<\/a><br \/>\n<\/strong><strong><span style=\"color: #ff0000;\">UUS!\u00a0<\/span><\/strong><span style=\"color: #ff0000;\"><span style=\"color: #000000;\">3. mail kell 19\u00a0<\/span><\/span><strong><span style=\"color: #000000;\"><a href=\"https:\/\/muraste.ee\/vana\/?p=5510\" target=\"_blank\">Helir\u00e4nnak &#8211; meditatiivne kontsert<\/a><br \/>\n<\/span><\/strong><strong><span style=\"color: #ff0000;\">UUS!<\/span><\/strong><span style=\"color: #000000;\">\u00a04.mail kell 19 Nimetu N\u00e4item\u00e4nguseltskond etendusega\u00a0<strong>&#8220;Kaheksa armastavat naist&#8221; Kuusalu rahvamajas<br \/>\n<\/strong><\/span><strong><span style=\"color: #ff0000;\">UUS!<\/span>\u00a0<\/strong>5. mai<br \/>\n&#8211; kell 14<strong>\u00a0Rulapargi avamine<br \/>\n<\/strong>&#8211; kell 17\u00a0<strong>Muraste k\u00fclaseltsi \u00fcldkoosolek<br \/>\n<\/strong>&#8211; kell 19<strong>\u00a0filmi\u00f5htu &#8220;Ahto. Unistuste jaht&#8221;<br \/>\n<span style=\"color: #ff0000;\">UUS!<\/span>\u00a017.mail kell 18 Fa Stuudio kevadkontsert\u00a0<\/strong><span style=\"color: #808080;\"><em>Traditsiooniline Fa Stuudio kevadkontsert ei j\u00e4\u00e4 tulemata ka sellel aastal. K\u00f5ik meie pered, s\u00f5brad ja f\u00e4nnid on v\u00e4ga oodatud!<strong><br \/>\n<\/strong><\/em><\/span><span style=\"color: #ff0000;\"><strong>UUS!\u00a0<\/strong><span style=\"color: #000000;\">18. mail kell 18<\/span><\/span><strong><span style=\"color: #ff0000;\"><span style=\"color: #000000;\">\u00a0Kuusalurahva Teater etendusega\u00a0<a href=\"https:\/\/vimeo.com\/258518386\" target=\"_blank\">&#8220;Armastus, pulm, abielu&#8221;<\/a><\/span><\/span><\/strong><\/p>\n<p><a href=\"https:\/\/muraste.ee\/vana\/wp-content\/uploads\/2016\/03\/talgud-page0001.jpg\" rel=\"attachment wp-att-5531\"><img decoding=\"async\" loading=\"lazy\" class=\"alignnone size-medium wp-image-5531\" src=\"https:\/\/muraste.ee\/vana\/wp-content\/uploads\/2016\/03\/talgud-page0001-214x300.jpg\" alt=\"talgud-page0001\" width=\"214\" height=\"300\" srcset=\"https:\/\/muraste.ee\/vana\/wp-content\/uploads\/2016\/03\/talgud-page0001-214x300.jpg 214w, https:\/\/muraste.ee\/vana\/wp-content\/uploads\/2016\/03\/talgud-page0001-768x1077.jpg 768w, https:\/\/muraste.ee\/vana\/wp-content\/uploads\/2016\/03\/talgud-page0001-730x1024.jpg 730w, https:\/\/muraste.ee\/vana\/wp-content\/uploads\/2016\/03\/talgud-page0001-624x875.jpg 624w, https:\/\/muraste.ee\/vana\/wp-content\/uploads\/2016\/03\/talgud-page0001.jpg 1276w\" sizes=\"(max-width: 214px) 100vw, 214px\" \/><\/a>\u00a0\u00a0<a href=\"https:\/\/muraste.ee\/vana\/wp-content\/uploads\/2016\/03\/Rulapark_plakat.png\" rel=\"attachment wp-att-5532\"><img decoding=\"async\" loading=\"lazy\" class=\"alignnone size-medium wp-image-5532\" src=\"https:\/\/muraste.ee\/vana\/wp-content\/uploads\/2016\/03\/Rulapark_plakat-214x300.png\" alt=\"Rulapark_plakat\" width=\"214\" height=\"300\" srcset=\"https:\/\/muraste.ee\/vana\/wp-content\/uploads\/2016\/03\/Rulapark_plakat-214x300.png 214w, https:\/\/muraste.ee\/vana\/wp-content\/uploads\/2016\/03\/Rulapark_plakat-768x1077.png 768w, https:\/\/muraste.ee\/vana\/wp-content\/uploads\/2016\/03\/Rulapark_plakat-730x1024.png 730w, https:\/\/muraste.ee\/vana\/wp-content\/uploads\/2016\/03\/Rulapark_plakat-624x875.png 624w\" sizes=\"(max-width: 214px) 100vw, 214px\" \/><\/a>\u00a0<a href=\"https:\/\/muraste.ee\/vana\/wp-content\/uploads\/2016\/03\/fa-kevad-18.jpg\" rel=\"attachment wp-att-5539\"><img decoding=\"async\" loading=\"lazy\" class=\"alignnone size-medium wp-image-5539\" src=\"https:\/\/muraste.ee\/vana\/wp-content\/uploads\/2016\/03\/fa-kevad-18-300x214.jpg\" alt=\"fa kevad 18\" width=\"300\" height=\"214\" srcset=\"https:\/\/muraste.ee\/vana\/wp-content\/uploads\/2016\/03\/fa-kevad-18-300x214.jpg 300w, https:\/\/muraste.ee\/vana\/wp-content\/uploads\/2016\/03\/fa-kevad-18-768x548.jpg 768w, https:\/\/muraste.ee\/vana\/wp-content\/uploads\/2016\/03\/fa-kevad-18-624x445.jpg 624w, https:\/\/muraste.ee\/vana\/wp-content\/uploads\/2016\/03\/fa-kevad-18.jpg 960w\" sizes=\"(max-width: 300px) 100vw, 300px\" \/><\/a><\/p>\n<\/div>\n<\/header>\n<div class=\"entry-content\" style=\"text-align: left;\">\n<p><strong><span style=\"color: #ff0000;\"><br \/>\nUUT!<a href=\"https:\/\/muraste.ee\/vana\/wp-content\/uploads\/2016\/03\/bachata.jpg\" rel=\"attachment wp-att-5484\"><img decoding=\"async\" loading=\"lazy\" class=\"size-thumbnail wp-image-5484 alignright\" src=\"https:\/\/muraste.ee\/vana\/wp-content\/uploads\/2016\/03\/bachata-150x150.jpg\" alt=\"bachata\" width=\"150\" height=\"150\" \/><\/a><\/span><\/strong><br \/>\nMeie k\u00fclas elav\u00a0 dominikaanlasest tantsu\u00f5petaja on valmis alustama Ladina-Ameerika tantsude (<strong><a href=\"https:\/\/www.youtube.com\/watch?v=4hhCGKnd1oc\" target=\"_blank\">Bachata<\/a>,\u00a0<a href=\"https:\/\/www.youtube.com\/watch?v=on4V1KN_Iuw\" target=\"_blank\">Merengue<\/a>,\u00a0<a href=\"https:\/\/www.youtube.com\/watch?v=aVtWSZOttC0\" target=\"_blank\">Salsa<\/a><\/strong>) \u00f5petamisega (kolmap\u00e4eviti kl 20.15-21.15, 5\u20ac kord). Lisaks on ta valmis andma\u00a0<strong>hispaania keele tunde<\/strong>\u00a0(inglise keele baasil) nii algajatele kui edasij\u00f5udnutele. Kellel huvi, andke palun endast teada kogukonnakeskus@muraste.ee<\/p>\n<p><strong><span style=\"color: #3366ff;\">TULEKUL: SAUNAP\u00c4EV NAABERK\u00dcLAS ILMANDUS<br \/>\n<\/span><\/strong><em>Ilmandu k\u00fcla saunas\u00f5brad on seljad kokku pannud ja korraldavad 12. mail esimest korda Ilmandu avatud saunade p\u00e4eva. P\u00e4eva jooksul liiguvad registreeritud saunaseltskonnad oma uksed avama n\u00f5ustunud saunast sauna, v\u00f5tavad leili ja hindavad saunam\u00f5nusid ning selgitavad v\u00e4lja parima sauna. Saunaomanikud omakorda hindavad saunaseltskondi, nii et \u00f5htul selguvad ka parimad saunalised.\u00a0\u00a0Avatud saunade p\u00e4eval on lubanud saunalisi praeguseks vastu v\u00f5tta 7 kodu- ja mobiilset sauna, ent ruumi on veel m\u00f5nele saunale Ilmandust v\u00f5i selle l\u00e4hi\u00fcmbrusest. Oma saunaga osalemissoovist andke teada\u00a0<a href=\"mailto:kristo@suhtesepp.com\">kristo@suhtesepp.com<\/a>.<\/em><\/p>\n<p><em>End registreerima on oodatud ka\u00a0neljaliikmelised\u00a0saunav\u00f5istkonnad, kelle seas on v\u00e4hemalt \u00fcks vastassoost saunaline. Neljaliikmelise seltskonna seas on teretulnud ka lapsed, koolieelikuid seltskonna suuruse sisse ei arvestata. \u00dche v\u00f5istkonna osalustasu on\u00a020 eurot. Seltskondi saab registreerida aadressil\u00a0w<a href=\"http:\/\/ww.ilmandu.ee\/\">ww.ilmandu.ee<\/a>\u00a0kuni\u00a0maksimaalse osalejate arvu t\u00e4itumiseni.<\/em><\/p>\n<p><strong><span style=\"color: #ff6600;\"><span style=\"color: #993366;\"><a href=\"https:\/\/muraste.ee\/vana\/wp-content\/uploads\/2016\/03\/saun.jpeg\" rel=\"attachment wp-att-5497\"><img decoding=\"async\" loading=\"lazy\" class=\"alignnone size-large wp-image-5497\" src=\"https:\/\/muraste.ee\/vana\/wp-content\/uploads\/2016\/03\/saun-1024x642.jpeg\" alt=\"saun\" width=\"625\" height=\"392\" srcset=\"https:\/\/muraste.ee\/vana\/wp-content\/uploads\/2016\/03\/saun-1024x642.jpeg 1024w, https:\/\/muraste.ee\/vana\/wp-content\/uploads\/2016\/03\/saun-300x188.jpeg 300w, https:\/\/muraste.ee\/vana\/wp-content\/uploads\/2016\/03\/saun-768x481.jpeg 768w, https:\/\/muraste.ee\/vana\/wp-content\/uploads\/2016\/03\/saun-624x391.jpeg 624w\" sizes=\"(max-width: 625px) 100vw, 625px\" \/><\/a><br \/>\n<\/span><\/span><\/strong><\/p>\n<p><strong><span style=\"color: #0000ff;\">N\u00c4ITUS SAADAVAL!<\/span><br \/>\n<\/strong>Kui kellelgi on soovi oma ruumides eksponeerida n\u00e4itust\u00a0\u00a0&#8220;<strong><a href=\"https:\/\/muraste.ee\/vana\/?p=5228\" target=\"_blank\">Tuulepealne maa &#8211; siin on sinu kodu<\/a><\/strong>&#8221; siis andke endast teada kogukonnakeskus@muraste.ee. N\u00e4itus koosneb 10st roll-up stendist.<\/p>\n<p><span style=\"color: #ff00ff;\"><strong style=\"color: #99cc00;\">TEADETETAHVEL<\/strong><\/span><\/p>\n<div class=\"text_exposed_show\"><\/div>\n<\/div>\n<header class=\"entry-header\">\n<div class=\"entry-content\">\n<div class=\"_1mf _1mj\" data-offset-key=\"cki46-0-0\">\n<div class=\"_1mf _1mj\" data-offset-key=\"cki46-0-0\"><strong><span style=\"color: #339966;\"><img decoding=\"async\" loading=\"lazy\" class=\"size-medium wp-image-3740 alignright\" src=\"https:\/\/muraste.ee\/vana\/wp-content\/uploads\/2016\/03\/stend-300x224.jpg\" sizes=\"(max-width: 300px) 100vw, 300px\" srcset=\"https:\/\/muraste.ee\/vana\/wp-content\/uploads\/2016\/03\/stend-300x224.jpg 300w, https:\/\/muraste.ee\/vana\/wp-content\/uploads\/2016\/03\/stend-768x572.jpg 768w, https:\/\/muraste.ee\/vana\/wp-content\/uploads\/2016\/03\/stend-1024x763.jpg 1024w, https:\/\/muraste.ee\/vana\/wp-content\/uploads\/2016\/03\/stend-624x465.jpg 624w, https:\/\/muraste.ee\/vana\/wp-content\/uploads\/2016\/03\/stend.jpg 1300w\" alt=\"stend\" width=\"300\" height=\"224\" \/><\/span><\/strong><\/div>\n<div class=\"_1mf _1mj\" data-offset-key=\"cki46-0-0\"><strong>Soovid avaldada oma reklaami<\/strong>\u00a0meie infokanalites? Juhised on\u00a0<strong>siin<\/strong>!<\/div>\n<div class=\"_1mf _1mj\" data-offset-key=\"cki46-0-0\"><strong>Soovid kasutada<\/strong>\u00a0m\u00f5nd Muraste k\u00fclaseltsi poolt pakutavat<strong>\u00a0teenust<\/strong>? V\u00f5imalused on<strong>\u00a0siin!<\/strong><\/div>\n<div class=\"_1mf _1mj\" data-offset-key=\"cki46-0-0\"><\/div>\n<div class=\"_1mf _1mj\" data-offset-key=\"cki46-0-0\"><\/div>\n<p><strong>Teadmiseks:\u00a0<\/strong>Muraste igan\u00e4dalase e-infokirjaga liitumiseks saada sellekohane teade muraste@muraste.ee<br \/>\n<strong>Muraste kogukonnakeskus\u00a0<\/strong>(Lee tee 9, Muraste) avatud E-N 10 -18, R 10-16.<br \/>\n<strong>T\u00e4psustused ja info:<\/strong>\u00a0kogukonnakeskus@muraste.ee;\u00a05253128 (Aule Kikas).<\/p>\n<\/div>\n<\/div>\n<\/header>\n","protected":false},"excerpt":{"rendered":"<p>N\u00c4DAL\u00a017 MURASTES* 23.-29. aprill 2018\u00a0 * AT- koolimaja aatrium, SP- spordihoone; KO-kogukonnakeskus; \u00a0 KL- klassiruum; SPORTLIK KOOLIVAHEAEG MURASTES\u00a0&#8211; uuri lisa\u00a0SIIT Esmasp\u00e4ev, 23. aprill\u00a0 kl 15 SP, Judoklubi \u201cAitado\u201d\u00a0(alustajad ja uuesti alustajad). \u00a0(www.aitado.ee) kl 16.30 SP, Judoklubi \u201cAitado\u201d\u00a0Judo\u00a0(edasij\u00f5udnud). \u00a0(www.aitado.ee) kl 17.30 KO,\u00a0Kandleansambel\u00a0LiULi\u00a0\u00fcldkoosolek kl 19 Muraste Liikumisklubi kustub liikuma:\u00a0Sinililleretk!\u00a0P\u00e4ike on ilmad soojaks k\u00fctnud ja p\u00e4evad on meil<a class=\"moretag\" href=\"https:\/\/muraste.ee\/vana\/?page_id=5542\"><br \/>&#8230;Loe edasi<\/a><\/p>\n","protected":false},"author":2,"featured_media":0,"parent":0,"menu_order":0,"comment_status":"closed","ping_status":"closed","template":"nadalakava.php","meta":{"_bbp_topic_count":0,"_bbp_reply_count":0,"_bbp_total_topic_count":0,"_bbp_total_reply_count":0,"_bbp_voice_count":0,"_bbp_anonymous_reply_count":0,"_bbp_topic_count_hidden":0,"_bbp_reply_count_hidden":0,"_bbp_forum_subforum_count":0,"_mc_calendar":[]},"_links":{"self":[{"href":"https:\/\/muraste.ee\/vana\/index.php?rest_route=\/wp\/v2\/pages\/5542"}],"collection":[{"href":"https:\/\/muraste.ee\/vana\/index.php?rest_route=\/wp\/v2\/pages"}],"about":[{"href":"https:\/\/muraste.ee\/vana\/index.php?rest_route=\/wp\/v2\/types\/page"}],"author":[{"embeddable":true,"href":"https:\/\/muraste.ee\/vana\/index.php?rest_route=\/wp\/v2\/users\/2"}],"replies":[{"embeddable":true,"href":"https:\/\/muraste.ee\/vana\/index.php?rest_route=%2Fwp%2Fv2%2Fcomments&post=5542"}],"version-history":[{"count":1,"href":"https:\/\/muraste.ee\/vana\/index.php?rest_route=\/wp\/v2\/pages\/5542\/revisions"}],"predecessor-version":[{"id":5544,"href":"https:\/\/muraste.ee\/vana\/index.php?rest_route=\/wp\/v2\/pages\/5542\/revisions\/5544"}],"wp:attachment":[{"href":"https:\/\/muraste.ee\/vana\/index.php?rest_route=%2Fwp%2Fv2%2Fmedia&parent=5542"}],"curies":[{"name":"wp","href":"https:\/\/api.w.org\/{rel}","templated":true}]}}